{"id":78529,"date":"2025-12-15T00:02:11","date_gmt":"2025-12-14T23:02:11","guid":{"rendered":"https:\/\/www.koonings.com\/product\/two-by-rosa-clara-eva\/"},"modified":"2026-02-03T19:35:27","modified_gmt":"2026-02-03T18:35:27","slug":"two-by-rosa-clara-eva","status":"publish","type":"product","link":"https:\/\/www.koonings.com\/de\/product\/two-by-rosa-clara-eva\/","title":{"rendered":"Zwei von Rosa Clara Eva"},"content":{"rendered":"<p>Das Two by Rosa Clar\u00e1 Eva ist ein atemberaubendes Hochzeitskleid, das klassische Eleganz und Romantik perfekt verbindet. Dieses Kleid in Elfenbein hat einen atemberaubenden tr\u00e4gerlosen, herzf\u00f6rmigen Ausschnitt, der die weiblichen Formen auf subtile und raffinierte Weise betont. Die Meerjungfrauen-Silhouette f\u00e4llt perfekt \u00fcber den K\u00f6rper und betont die Taille, woraufhin das Kleid elegant ausl\u00e4uft und einen dramatischen Effekt erzielt. Das Design strahlt zeitlose Sch\u00f6nheit aus, mit einem romantischen Charme, der jede Braut verzaubern wird. Eva ist ideal f\u00fcr die Braut, die einen klassischen und doch modernen Look f\u00fcr ihren gro\u00dfen Tag sucht. Exklusiv bei Koonings The Wedding Palace erh\u00e4ltlich, ist dieses Kleid die perfekte Wahl f\u00fcr die Braut, die Luxus und Raffinesse sucht.     <\/p>\n","protected":false},"featured_media":63346,"template":"","meta":{"_acf_changed":false,"ghostkit_customizer_options":"","ghostkit_custom_css":"","ghostkit_custom_js_head":"","ghostkit_custom_js_foot":"","ghostkit_typography":""},"productdetails":[],"productneck":[354,355],"productcolor":[392],"maat":[],"productsupplier":[397],"productsleeve":[],"productcategory":[18],"productsilhouette":[387],"productstyle":[369,366],"class_list":["post-78529","product","type-product","status-publish","has-post-thumbnail","hentry","productneck-354","productneck-355","productcolor-392","productsupplier-two-by-rosa-clara","productcategory-trouwjurken","productsilhouette-387","productstyle-369","productstyle-366"],"acf":[],"yoast_head":"<!-- This site is optimized with the Yoast SEO plugin v27.3 - https:\/\/yoast.com\/product\/yoast-seo-wordpress\/ -->\n<title>Zwei von Rosa Clara Eva | Koonings<\/title>\n<meta name=\"description\" content=\"Das Two by Rosa Clar\u00e1 Eva ist ein atemberaubendes Hochzeitskleid, das klassische Eleganz und Romantik perfekt verbindet. Dieses Kleid in Elfenbein hat einen atemberaubenden tr\u00e4gerlosen, herzf\u00f6rmigen Ausschnitt, der die weiblichen Formen auf subtile und raffinierte Weise betont. Die Meerjungfrauen-Silhouette f\u00e4llt perfekt \u00fcber den K\u00f6rper und betont die Taille, woraufhin das Kleid elegant ausl\u00e4uft und einen dramatischen Effekt erzielt. Das Design strahlt zeitlose Sch\u00f6nheit aus, mit einem romantischen Charme, der jede Braut verzaubern wird. Eva ist ideal f\u00fcr die Braut, die einen klassischen und doch modernen Look f\u00fcr ihren gro\u00dfen Tag sucht. Exklusiv bei Koonings The Wedding Palace erh\u00e4ltlich, ist dieses Kleid die perfekte Wahl f\u00fcr die Braut, die Luxus und Raffinesse sucht.\" \/>\n<meta name=\"robots\" content=\"index, follow, max-snippet:-1, max-image-preview:large, max-video-preview:-1\" \/>\n<link rel=\"canonical\" href=\"https:\/\/www.koonings.com\/de\/product\/two-by-rosa-clara-eva\/\" \/>\n<meta property=\"og:locale\" content=\"de_DE\" \/>\n<meta property=\"og:type\" content=\"article\" \/>\n<meta property=\"og:title\" content=\"Zwei von Rosa Clara Eva | Koonings\" \/>\n<meta property=\"og:description\" content=\"Das Two by Rosa Clar\u00e1 Eva ist ein atemberaubendes Hochzeitskleid, das klassische Eleganz und Romantik perfekt verbindet. Dieses Kleid in Elfenbein hat einen atemberaubenden tr\u00e4gerlosen, herzf\u00f6rmigen Ausschnitt, der die weiblichen Formen auf subtile und raffinierte Weise betont. Die Meerjungfrauen-Silhouette f\u00e4llt perfekt \u00fcber den K\u00f6rper und betont die Taille, woraufhin das Kleid elegant ausl\u00e4uft und einen dramatischen Effekt erzielt. Das Design strahlt zeitlose Sch\u00f6nheit aus, mit einem romantischen Charme, der jede Braut verzaubern wird. Eva ist ideal f\u00fcr die Braut, die einen klassischen und doch modernen Look f\u00fcr ihren gro\u00dfen Tag sucht. Exklusiv bei Koonings The Wedding Palace erh\u00e4ltlich, ist dieses Kleid die perfekte Wahl f\u00fcr die Braut, die Luxus und Raffinesse sucht.\" \/>\n<meta property=\"og:url\" content=\"https:\/\/www.koonings.com\/de\/product\/two-by-rosa-clara-eva\/\" \/>\n<meta property=\"og:site_name\" content=\"Koonings\" \/>\n<meta property=\"article:publisher\" content=\"https:\/\/www.facebook.com\/kooningstheweddingpalace\" \/>\n<meta property=\"article:modified_time\" content=\"2026-02-03T18:35:27+00:00\" \/>\n<meta property=\"og:image\" content=\"https:\/\/www.koonings.com\/wp-content\/uploads\/2024\/11\/67_4bd69994f44615cf5744117183cc0e5fac123ab15362b036d13c96781821ea26b63ad5b1.jpeg\" \/>\n\t<meta property=\"og:image:width\" content=\"703\" \/>\n\t<meta property=\"og:image:height\" content=\"907\" \/>\n\t<meta property=\"og:image:type\" content=\"image\/jpeg\" \/>\n<meta name=\"twitter:card\" content=\"summary_large_image\" \/>\n<meta name=\"twitter:label1\" content=\"Gesch\u00e4tzte Lesezeit\" \/>\n\t<meta name=\"twitter:data1\" content=\"1\u00a0Minute\" \/>\n<script type=\"application\/ld+json\" class=\"yoast-schema-graph\">{\"@context\":\"https:\\\/\\\/schema.org\",\"@graph\":[{\"@type\":\"WebPage\",\"@id\":\"https:\\\/\\\/www.koonings.com\\\/de\\\/product\\\/two-by-rosa-clara-eva\\\/\",\"url\":\"https:\\\/\\\/www.koonings.com\\\/de\\\/product\\\/two-by-rosa-clara-eva\\\/\",\"name\":\"Zwei von Rosa Clara Eva | Koonings\",\"isPartOf\":{\"@id\":\"https:\\\/\\\/www.koonings.com\\\/de\\\/#website\"},\"primaryImageOfPage\":{\"@id\":\"https:\\\/\\\/www.koonings.com\\\/de\\\/product\\\/two-by-rosa-clara-eva\\\/#primaryimage\"},\"image\":{\"@id\":\"https:\\\/\\\/www.koonings.com\\\/de\\\/product\\\/two-by-rosa-clara-eva\\\/#primaryimage\"},\"thumbnailUrl\":\"https:\\\/\\\/www.koonings.com\\\/wp-content\\\/uploads\\\/2024\\\/11\\\/67_4bd69994f44615cf5744117183cc0e5fac123ab15362b036d13c96781821ea26b63ad5b1.jpeg\",\"datePublished\":\"2025-12-14T23:02:11+00:00\",\"dateModified\":\"2026-02-03T18:35:27+00:00\",\"description\":\"Das Two by Rosa Clar\u00e1 Eva ist ein atemberaubendes Hochzeitskleid, das klassische Eleganz und Romantik perfekt verbindet. Dieses Kleid in Elfenbein hat einen atemberaubenden tr\u00e4gerlosen, herzf\u00f6rmigen Ausschnitt, der die weiblichen Formen auf subtile und raffinierte Weise betont. Die Meerjungfrauen-Silhouette f\u00e4llt perfekt \u00fcber den K\u00f6rper und betont die Taille, woraufhin das Kleid elegant ausl\u00e4uft und einen dramatischen Effekt erzielt. Das Design strahlt zeitlose Sch\u00f6nheit aus, mit einem romantischen Charme, der jede Braut verzaubern wird. Eva ist ideal f\u00fcr die Braut, die einen klassischen und doch modernen Look f\u00fcr ihren gro\u00dfen Tag sucht. Exklusiv bei Koonings The Wedding Palace erh\u00e4ltlich, ist dieses Kleid die perfekte Wahl f\u00fcr die Braut, die Luxus und Raffinesse sucht.\",\"breadcrumb\":{\"@id\":\"https:\\\/\\\/www.koonings.com\\\/de\\\/product\\\/two-by-rosa-clara-eva\\\/#breadcrumb\"},\"inLanguage\":\"de\",\"potentialAction\":[{\"@type\":\"ReadAction\",\"target\":[\"https:\\\/\\\/www.koonings.com\\\/de\\\/product\\\/two-by-rosa-clara-eva\\\/\"]}]},{\"@type\":\"ImageObject\",\"inLanguage\":\"de\",\"@id\":\"https:\\\/\\\/www.koonings.com\\\/de\\\/product\\\/two-by-rosa-clara-eva\\\/#primaryimage\",\"url\":\"https:\\\/\\\/www.koonings.com\\\/wp-content\\\/uploads\\\/2024\\\/11\\\/67_4bd69994f44615cf5744117183cc0e5fac123ab15362b036d13c96781821ea26b63ad5b1.jpeg\",\"contentUrl\":\"https:\\\/\\\/www.koonings.com\\\/wp-content\\\/uploads\\\/2024\\\/11\\\/67_4bd69994f44615cf5744117183cc0e5fac123ab15362b036d13c96781821ea26b63ad5b1.jpeg\",\"width\":703,\"height\":907},{\"@type\":\"BreadcrumbList\",\"@id\":\"https:\\\/\\\/www.koonings.com\\\/de\\\/product\\\/two-by-rosa-clara-eva\\\/#breadcrumb\",\"itemListElement\":[{\"@type\":\"ListItem\",\"position\":1,\"name\":\"Home\",\"item\":\"https:\\\/\\\/www.koonings.com\\\/de\\\/\"},{\"@type\":\"ListItem\",\"position\":2,\"name\":\"Zwei von Rosa Clara Eva\"}]},{\"@type\":\"WebSite\",\"@id\":\"https:\\\/\\\/www.koonings.com\\\/de\\\/#website\",\"url\":\"https:\\\/\\\/www.koonings.com\\\/de\\\/\",\"name\":\"Koonings\",\"description\":\"De grootste bruidsmodewinkel ter wereld\",\"publisher\":{\"@id\":\"https:\\\/\\\/www.koonings.com\\\/de\\\/#organization\"},\"potentialAction\":[{\"@type\":\"SearchAction\",\"target\":{\"@type\":\"EntryPoint\",\"urlTemplate\":\"https:\\\/\\\/www.koonings.com\\\/de\\\/?s={search_term_string}\"},\"query-input\":{\"@type\":\"PropertyValueSpecification\",\"valueRequired\":true,\"valueName\":\"search_term_string\"}}],\"inLanguage\":\"de\"},{\"@type\":\"Organization\",\"@id\":\"https:\\\/\\\/www.koonings.com\\\/de\\\/#organization\",\"name\":\"Koonings\",\"url\":\"https:\\\/\\\/www.koonings.com\\\/de\\\/\",\"logo\":{\"@type\":\"ImageObject\",\"inLanguage\":\"de\",\"@id\":\"https:\\\/\\\/www.koonings.com\\\/de\\\/#\\\/schema\\\/logo\\\/image\\\/\",\"url\":\"https:\\\/\\\/www.koonings.com\\\/wp-content\\\/uploads\\\/2024\\\/07\\\/logo.png\",\"contentUrl\":\"https:\\\/\\\/www.koonings.com\\\/wp-content\\\/uploads\\\/2024\\\/07\\\/logo.png\",\"width\":600,\"height\":428,\"caption\":\"Koonings\"},\"image\":{\"@id\":\"https:\\\/\\\/www.koonings.com\\\/de\\\/#\\\/schema\\\/logo\\\/image\\\/\"},\"sameAs\":[\"https:\\\/\\\/www.facebook.com\\\/kooningstheweddingpalace\",\"https:\\\/\\\/www.instagram.com\\\/kooningstheweddingpalace\",\"https:\\\/\\\/www.pinterest.com\\\/koonings\",\"https:\\\/\\\/www.youtube.com\\\/kooningstheweddingpalace\"]}]}<\/script>\n<!-- \/ Yoast SEO plugin. -->","yoast_head_json":{"title":"Zwei von Rosa Clara Eva | Koonings","description":"Das Two by Rosa Clar\u00e1 Eva ist ein atemberaubendes Hochzeitskleid, das klassische Eleganz und Romantik perfekt verbindet. Dieses Kleid in Elfenbein hat einen atemberaubenden tr\u00e4gerlosen, herzf\u00f6rmigen Ausschnitt, der die weiblichen Formen auf subtile und raffinierte Weise betont. Die Meerjungfrauen-Silhouette f\u00e4llt perfekt \u00fcber den K\u00f6rper und betont die Taille, woraufhin das Kleid elegant ausl\u00e4uft und einen dramatischen Effekt erzielt. Das Design strahlt zeitlose Sch\u00f6nheit aus, mit einem romantischen Charme, der jede Braut verzaubern wird. Eva ist ideal f\u00fcr die Braut, die einen klassischen und doch modernen Look f\u00fcr ihren gro\u00dfen Tag sucht. Exklusiv bei Koonings The Wedding Palace erh\u00e4ltlich, ist dieses Kleid die perfekte Wahl f\u00fcr die Braut, die Luxus und Raffinesse sucht.","robots":{"index":"index","follow":"follow","max-snippet":"max-snippet:-1","max-image-preview":"max-image-preview:large","max-video-preview":"max-video-preview:-1"},"canonical":"https:\/\/www.koonings.com\/de\/product\/two-by-rosa-clara-eva\/","og_locale":"de_DE","og_type":"article","og_title":"Zwei von Rosa Clara Eva | Koonings","og_description":"Das Two by Rosa Clar\u00e1 Eva ist ein atemberaubendes Hochzeitskleid, das klassische Eleganz und Romantik perfekt verbindet. Dieses Kleid in Elfenbein hat einen atemberaubenden tr\u00e4gerlosen, herzf\u00f6rmigen Ausschnitt, der die weiblichen Formen auf subtile und raffinierte Weise betont. Die Meerjungfrauen-Silhouette f\u00e4llt perfekt \u00fcber den K\u00f6rper und betont die Taille, woraufhin das Kleid elegant ausl\u00e4uft und einen dramatischen Effekt erzielt. Das Design strahlt zeitlose Sch\u00f6nheit aus, mit einem romantischen Charme, der jede Braut verzaubern wird. Eva ist ideal f\u00fcr die Braut, die einen klassischen und doch modernen Look f\u00fcr ihren gro\u00dfen Tag sucht. Exklusiv bei Koonings The Wedding Palace erh\u00e4ltlich, ist dieses Kleid die perfekte Wahl f\u00fcr die Braut, die Luxus und Raffinesse sucht.","og_url":"https:\/\/www.koonings.com\/de\/product\/two-by-rosa-clara-eva\/","og_site_name":"Koonings","article_publisher":"https:\/\/www.facebook.com\/kooningstheweddingpalace","article_modified_time":"2026-02-03T18:35:27+00:00","og_image":[{"width":703,"height":907,"url":"https:\/\/www.koonings.com\/wp-content\/uploads\/2024\/11\/67_4bd69994f44615cf5744117183cc0e5fac123ab15362b036d13c96781821ea26b63ad5b1.jpeg","type":"image\/jpeg"}],"twitter_card":"summary_large_image","twitter_misc":{"Gesch\u00e4tzte Lesezeit":"1\u00a0Minute"},"schema":{"@context":"https:\/\/schema.org","@graph":[{"@type":"WebPage","@id":"https:\/\/www.koonings.com\/de\/product\/two-by-rosa-clara-eva\/","url":"https:\/\/www.koonings.com\/de\/product\/two-by-rosa-clara-eva\/","name":"Zwei von Rosa Clara Eva | Koonings","isPartOf":{"@id":"https:\/\/www.koonings.com\/de\/#website"},"primaryImageOfPage":{"@id":"https:\/\/www.koonings.com\/de\/product\/two-by-rosa-clara-eva\/#primaryimage"},"image":{"@id":"https:\/\/www.koonings.com\/de\/product\/two-by-rosa-clara-eva\/#primaryimage"},"thumbnailUrl":"https:\/\/www.koonings.com\/wp-content\/uploads\/2024\/11\/67_4bd69994f44615cf5744117183cc0e5fac123ab15362b036d13c96781821ea26b63ad5b1.jpeg","datePublished":"2025-12-14T23:02:11+00:00","dateModified":"2026-02-03T18:35:27+00:00","description":"Das Two by Rosa Clar\u00e1 Eva ist ein atemberaubendes Hochzeitskleid, das klassische Eleganz und Romantik perfekt verbindet. Dieses Kleid in Elfenbein hat einen atemberaubenden tr\u00e4gerlosen, herzf\u00f6rmigen Ausschnitt, der die weiblichen Formen auf subtile und raffinierte Weise betont. Die Meerjungfrauen-Silhouette f\u00e4llt perfekt \u00fcber den K\u00f6rper und betont die Taille, woraufhin das Kleid elegant ausl\u00e4uft und einen dramatischen Effekt erzielt. Das Design strahlt zeitlose Sch\u00f6nheit aus, mit einem romantischen Charme, der jede Braut verzaubern wird. Eva ist ideal f\u00fcr die Braut, die einen klassischen und doch modernen Look f\u00fcr ihren gro\u00dfen Tag sucht. Exklusiv bei Koonings The Wedding Palace erh\u00e4ltlich, ist dieses Kleid die perfekte Wahl f\u00fcr die Braut, die Luxus und Raffinesse sucht.","breadcrumb":{"@id":"https:\/\/www.koonings.com\/de\/product\/two-by-rosa-clara-eva\/#breadcrumb"},"inLanguage":"de","potentialAction":[{"@type":"ReadAction","target":["https:\/\/www.koonings.com\/de\/product\/two-by-rosa-clara-eva\/"]}]},{"@type":"ImageObject","inLanguage":"de","@id":"https:\/\/www.koonings.com\/de\/product\/two-by-rosa-clara-eva\/#primaryimage","url":"https:\/\/www.koonings.com\/wp-content\/uploads\/2024\/11\/67_4bd69994f44615cf5744117183cc0e5fac123ab15362b036d13c96781821ea26b63ad5b1.jpeg","contentUrl":"https:\/\/www.koonings.com\/wp-content\/uploads\/2024\/11\/67_4bd69994f44615cf5744117183cc0e5fac123ab15362b036d13c96781821ea26b63ad5b1.jpeg","width":703,"height":907},{"@type":"BreadcrumbList","@id":"https:\/\/www.koonings.com\/de\/product\/two-by-rosa-clara-eva\/#breadcrumb","itemListElement":[{"@type":"ListItem","position":1,"name":"Home","item":"https:\/\/www.koonings.com\/de\/"},{"@type":"ListItem","position":2,"name":"Zwei von Rosa Clara Eva"}]},{"@type":"WebSite","@id":"https:\/\/www.koonings.com\/de\/#website","url":"https:\/\/www.koonings.com\/de\/","name":"Koonings","description":"De grootste bruidsmodewinkel ter wereld","publisher":{"@id":"https:\/\/www.koonings.com\/de\/#organization"},"potentialAction":[{"@type":"SearchAction","target":{"@type":"EntryPoint","urlTemplate":"https:\/\/www.koonings.com\/de\/?s={search_term_string}"},"query-input":{"@type":"PropertyValueSpecification","valueRequired":true,"valueName":"search_term_string"}}],"inLanguage":"de"},{"@type":"Organization","@id":"https:\/\/www.koonings.com\/de\/#organization","name":"Koonings","url":"https:\/\/www.koonings.com\/de\/","logo":{"@type":"ImageObject","inLanguage":"de","@id":"https:\/\/www.koonings.com\/de\/#\/schema\/logo\/image\/","url":"https:\/\/www.koonings.com\/wp-content\/uploads\/2024\/07\/logo.png","contentUrl":"https:\/\/www.koonings.com\/wp-content\/uploads\/2024\/07\/logo.png","width":600,"height":428,"caption":"Koonings"},"image":{"@id":"https:\/\/www.koonings.com\/de\/#\/schema\/logo\/image\/"},"sameAs":["https:\/\/www.facebook.com\/kooningstheweddingpalace","https:\/\/www.instagram.com\/kooningstheweddingpalace","https:\/\/www.pinterest.com\/koonings","https:\/\/www.youtube.com\/kooningstheweddingpalace"]}]}},"_links":{"self":[{"href":"https:\/\/www.koonings.com\/de\/wp-json\/wp\/v2\/product\/78529","targetHints":{"allow":["GET"]}}],"collection":[{"href":"https:\/\/www.koonings.com\/de\/wp-json\/wp\/v2\/product"}],"about":[{"href":"https:\/\/www.koonings.com\/de\/wp-json\/wp\/v2\/types\/product"}],"wp:featuredmedia":[{"embeddable":true,"href":"https:\/\/www.koonings.com\/de\/wp-json\/wp\/v2\/media\/63346"}],"wp:attachment":[{"href":"https:\/\/www.koonings.com\/de\/wp-json\/wp\/v2\/media?parent=78529"}],"wp:term":[{"taxonomy":"productdetails","embeddable":true,"href":"https:\/\/www.koonings.com\/de\/wp-json\/wp\/v2\/productdetails?post=78529"},{"taxonomy":"productneck","embeddable":true,"href":"https:\/\/www.koonings.com\/de\/wp-json\/wp\/v2\/productneck?post=78529"},{"taxonomy":"productcolor","embeddable":true,"href":"https:\/\/www.koonings.com\/de\/wp-json\/wp\/v2\/productcolor?post=78529"},{"taxonomy":"maat","embeddable":true,"href":"https:\/\/www.koonings.com\/de\/wp-json\/wp\/v2\/maat?post=78529"},{"taxonomy":"productsupplier","embeddable":true,"href":"https:\/\/www.koonings.com\/de\/wp-json\/wp\/v2\/productsupplier?post=78529"},{"taxonomy":"productsleeve","embeddable":true,"href":"https:\/\/www.koonings.com\/de\/wp-json\/wp\/v2\/productsleeve?post=78529"},{"taxonomy":"productcategory","embeddable":true,"href":"https:\/\/www.koonings.com\/de\/wp-json\/wp\/v2\/productcategory?post=78529"},{"taxonomy":"productsilhouette","embeddable":true,"href":"https:\/\/www.koonings.com\/de\/wp-json\/wp\/v2\/productsilhouette?post=78529"},{"taxonomy":"productstyle","embeddable":true,"href":"https:\/\/www.koonings.com\/de\/wp-json\/wp\/v2\/productstyle?post=78529"}],"curies":[{"name":"wp","href":"https:\/\/api.w.org\/{rel}","templated":true}]}}