{"id":78525,"date":"2025-09-09T15:18:21","date_gmt":"2025-09-09T13:18:21","guid":{"rendered":"https:\/\/www.koonings.com\/product\/disney-by-allure-aurora-dp351\/"},"modified":"2026-02-03T19:35:44","modified_gmt":"2026-02-03T18:35:44","slug":"disney-by-allure-aurora-dp351","status":"publish","type":"product","link":"https:\/\/www.koonings.com\/de\/product\/disney-by-allure-aurora-dp351\/","title":{"rendered":"Disney by Allure Aurora DP351"},"content":{"rendered":"<p>Dieses vertr\u00e4umte Disney Hochzeitskleid hat eine zeitlose Silhouette, die von einem Ballkleid mit T\u00fcllfutter inspiriert ist. Das Hochzeitskleid hat Blumenapplikationen und einen herzf\u00f6rmigen Ausschnitt. Die abnehmbaren kurzen \u00c4rmel aus T\u00fcll sind das perfekte i-T\u00fcpfelchen. Bei Koonings finden Sie die neueste Kollektion von Disney Fairy Tale Weddings.   <\/p>\n","protected":false},"featured_media":63455,"template":"","meta":{"_acf_changed":false,"ghostkit_customizer_options":"","ghostkit_custom_css":"","ghostkit_custom_js_head":"","ghostkit_custom_js_foot":"","ghostkit_typography":""},"productdetails":[379,381],"productneck":[354,355],"productcolor":[393,392],"maat":[],"productsupplier":[477],"productsleeve":[362,363],"productcategory":[18],"productsilhouette":[384,388],"productstyle":[372],"class_list":["post-78525","product","type-product","status-publish","has-post-thumbnail","hentry","productdetails-379","productdetails-381","productneck-354","productneck-355","productcolor-393","productcolor-392","productsupplier-disney-by-allure","productsleeve-362","productsleeve-363","productcategory-trouwjurken","productsilhouette-384","productsilhouette-388","productstyle-372"],"acf":[],"yoast_head":"<!-- This site is optimized with the Yoast SEO plugin v27.3 - https:\/\/yoast.com\/product\/yoast-seo-wordpress\/ -->\n<title>Disney by Allure Aurora DP351 | Koonings<\/title>\n<meta name=\"description\" content=\"Dieses vertr\u00e4umte Disney Hochzeitskleid hat eine zeitlose Silhouette, die von einem Ballkleid mit T\u00fcllfutter inspiriert ist. Das Hochzeitskleid hat Blumenapplikationen und einen herzf\u00f6rmigen Ausschnitt. Die abnehmbaren kurzen \u00c4rmel aus T\u00fcll sind das perfekte i-T\u00fcpfelchen. Bei Koonings finden Sie die neueste Kollektion von Disney Fairy Tale Weddings.\" \/>\n<meta name=\"robots\" content=\"index, follow, max-snippet:-1, max-image-preview:large, max-video-preview:-1\" \/>\n<link rel=\"canonical\" href=\"https:\/\/www.koonings.com\/de\/product\/disney-by-allure-aurora-dp351\/\" \/>\n<meta property=\"og:locale\" content=\"de_DE\" \/>\n<meta property=\"og:type\" content=\"article\" \/>\n<meta property=\"og:title\" content=\"Disney by Allure Aurora DP351 | Koonings\" \/>\n<meta property=\"og:description\" content=\"Dieses vertr\u00e4umte Disney Hochzeitskleid hat eine zeitlose Silhouette, die von einem Ballkleid mit T\u00fcllfutter inspiriert ist. Das Hochzeitskleid hat Blumenapplikationen und einen herzf\u00f6rmigen Ausschnitt. Die abnehmbaren kurzen \u00c4rmel aus T\u00fcll sind das perfekte i-T\u00fcpfelchen. Bei Koonings finden Sie die neueste Kollektion von Disney Fairy Tale Weddings.\" \/>\n<meta property=\"og:url\" content=\"https:\/\/www.koonings.com\/de\/product\/disney-by-allure-aurora-dp351\/\" \/>\n<meta property=\"og:site_name\" content=\"Koonings\" \/>\n<meta property=\"article:publisher\" content=\"https:\/\/www.facebook.com\/kooningstheweddingpalace\" \/>\n<meta property=\"article:modified_time\" content=\"2026-02-03T18:35:44+00:00\" \/>\n<meta property=\"og:image\" content=\"https:\/\/www.koonings.com\/wp-content\/uploads\/2024\/11\/38792_e57d5295dd8615cbc837e72f379779c4c70aa900040aa7f9c86bbd5acb2a5979e9862b7c-scaled.jpeg\" \/>\n\t<meta property=\"og:image:width\" content=\"1811\" \/>\n\t<meta property=\"og:image:height\" content=\"2560\" \/>\n\t<meta property=\"og:image:type\" content=\"image\/jpeg\" \/>\n<meta name=\"twitter:card\" content=\"summary_large_image\" \/>\n<script type=\"application\/ld+json\" class=\"yoast-schema-graph\">{\"@context\":\"https:\\\/\\\/schema.org\",\"@graph\":[{\"@type\":\"WebPage\",\"@id\":\"https:\\\/\\\/www.koonings.com\\\/de\\\/product\\\/disney-by-allure-aurora-dp351\\\/\",\"url\":\"https:\\\/\\\/www.koonings.com\\\/de\\\/product\\\/disney-by-allure-aurora-dp351\\\/\",\"name\":\"Disney by Allure Aurora DP351 | Koonings\",\"isPartOf\":{\"@id\":\"https:\\\/\\\/www.koonings.com\\\/de\\\/#website\"},\"primaryImageOfPage\":{\"@id\":\"https:\\\/\\\/www.koonings.com\\\/de\\\/product\\\/disney-by-allure-aurora-dp351\\\/#primaryimage\"},\"image\":{\"@id\":\"https:\\\/\\\/www.koonings.com\\\/de\\\/product\\\/disney-by-allure-aurora-dp351\\\/#primaryimage\"},\"thumbnailUrl\":\"https:\\\/\\\/www.koonings.com\\\/wp-content\\\/uploads\\\/2024\\\/11\\\/38792_e57d5295dd8615cbc837e72f379779c4c70aa900040aa7f9c86bbd5acb2a5979e9862b7c-scaled.jpeg\",\"datePublished\":\"2025-09-09T13:18:21+00:00\",\"dateModified\":\"2026-02-03T18:35:44+00:00\",\"description\":\"Dieses vertr\u00e4umte Disney Hochzeitskleid hat eine zeitlose Silhouette, die von einem Ballkleid mit T\u00fcllfutter inspiriert ist. Das Hochzeitskleid hat Blumenapplikationen und einen herzf\u00f6rmigen Ausschnitt. Die abnehmbaren kurzen \u00c4rmel aus T\u00fcll sind das perfekte i-T\u00fcpfelchen. Bei Koonings finden Sie die neueste Kollektion von Disney Fairy Tale Weddings.\",\"breadcrumb\":{\"@id\":\"https:\\\/\\\/www.koonings.com\\\/de\\\/product\\\/disney-by-allure-aurora-dp351\\\/#breadcrumb\"},\"inLanguage\":\"de\",\"potentialAction\":[{\"@type\":\"ReadAction\",\"target\":[\"https:\\\/\\\/www.koonings.com\\\/de\\\/product\\\/disney-by-allure-aurora-dp351\\\/\"]}]},{\"@type\":\"ImageObject\",\"inLanguage\":\"de\",\"@id\":\"https:\\\/\\\/www.koonings.com\\\/de\\\/product\\\/disney-by-allure-aurora-dp351\\\/#primaryimage\",\"url\":\"https:\\\/\\\/www.koonings.com\\\/wp-content\\\/uploads\\\/2024\\\/11\\\/38792_e57d5295dd8615cbc837e72f379779c4c70aa900040aa7f9c86bbd5acb2a5979e9862b7c-scaled.jpeg\",\"contentUrl\":\"https:\\\/\\\/www.koonings.com\\\/wp-content\\\/uploads\\\/2024\\\/11\\\/38792_e57d5295dd8615cbc837e72f379779c4c70aa900040aa7f9c86bbd5acb2a5979e9862b7c-scaled.jpeg\",\"width\":1811,\"height\":2560},{\"@type\":\"BreadcrumbList\",\"@id\":\"https:\\\/\\\/www.koonings.com\\\/de\\\/product\\\/disney-by-allure-aurora-dp351\\\/#breadcrumb\",\"itemListElement\":[{\"@type\":\"ListItem\",\"position\":1,\"name\":\"Home\",\"item\":\"https:\\\/\\\/www.koonings.com\\\/de\\\/\"},{\"@type\":\"ListItem\",\"position\":2,\"name\":\"Disney by Allure Aurora DP351\"}]},{\"@type\":\"WebSite\",\"@id\":\"https:\\\/\\\/www.koonings.com\\\/de\\\/#website\",\"url\":\"https:\\\/\\\/www.koonings.com\\\/de\\\/\",\"name\":\"Koonings\",\"description\":\"De grootste bruidsmodewinkel ter wereld\",\"publisher\":{\"@id\":\"https:\\\/\\\/www.koonings.com\\\/de\\\/#organization\"},\"potentialAction\":[{\"@type\":\"SearchAction\",\"target\":{\"@type\":\"EntryPoint\",\"urlTemplate\":\"https:\\\/\\\/www.koonings.com\\\/de\\\/?s={search_term_string}\"},\"query-input\":{\"@type\":\"PropertyValueSpecification\",\"valueRequired\":true,\"valueName\":\"search_term_string\"}}],\"inLanguage\":\"de\"},{\"@type\":\"Organization\",\"@id\":\"https:\\\/\\\/www.koonings.com\\\/de\\\/#organization\",\"name\":\"Koonings\",\"url\":\"https:\\\/\\\/www.koonings.com\\\/de\\\/\",\"logo\":{\"@type\":\"ImageObject\",\"inLanguage\":\"de\",\"@id\":\"https:\\\/\\\/www.koonings.com\\\/de\\\/#\\\/schema\\\/logo\\\/image\\\/\",\"url\":\"https:\\\/\\\/www.koonings.com\\\/wp-content\\\/uploads\\\/2024\\\/07\\\/logo.png\",\"contentUrl\":\"https:\\\/\\\/www.koonings.com\\\/wp-content\\\/uploads\\\/2024\\\/07\\\/logo.png\",\"width\":600,\"height\":428,\"caption\":\"Koonings\"},\"image\":{\"@id\":\"https:\\\/\\\/www.koonings.com\\\/de\\\/#\\\/schema\\\/logo\\\/image\\\/\"},\"sameAs\":[\"https:\\\/\\\/www.facebook.com\\\/kooningstheweddingpalace\",\"https:\\\/\\\/www.instagram.com\\\/kooningstheweddingpalace\",\"https:\\\/\\\/www.pinterest.com\\\/koonings\",\"https:\\\/\\\/www.youtube.com\\\/kooningstheweddingpalace\"]}]}<\/script>\n<!-- \/ Yoast SEO plugin. -->","yoast_head_json":{"title":"Disney by Allure Aurora DP351 | Koonings","description":"Dieses vertr\u00e4umte Disney Hochzeitskleid hat eine zeitlose Silhouette, die von einem Ballkleid mit T\u00fcllfutter inspiriert ist. Das Hochzeitskleid hat Blumenapplikationen und einen herzf\u00f6rmigen Ausschnitt. Die abnehmbaren kurzen \u00c4rmel aus T\u00fcll sind das perfekte i-T\u00fcpfelchen. Bei Koonings finden Sie die neueste Kollektion von Disney Fairy Tale Weddings.","robots":{"index":"index","follow":"follow","max-snippet":"max-snippet:-1","max-image-preview":"max-image-preview:large","max-video-preview":"max-video-preview:-1"},"canonical":"https:\/\/www.koonings.com\/de\/product\/disney-by-allure-aurora-dp351\/","og_locale":"de_DE","og_type":"article","og_title":"Disney by Allure Aurora DP351 | Koonings","og_description":"Dieses vertr\u00e4umte Disney Hochzeitskleid hat eine zeitlose Silhouette, die von einem Ballkleid mit T\u00fcllfutter inspiriert ist. Das Hochzeitskleid hat Blumenapplikationen und einen herzf\u00f6rmigen Ausschnitt. Die abnehmbaren kurzen \u00c4rmel aus T\u00fcll sind das perfekte i-T\u00fcpfelchen. Bei Koonings finden Sie die neueste Kollektion von Disney Fairy Tale Weddings.","og_url":"https:\/\/www.koonings.com\/de\/product\/disney-by-allure-aurora-dp351\/","og_site_name":"Koonings","article_publisher":"https:\/\/www.facebook.com\/kooningstheweddingpalace","article_modified_time":"2026-02-03T18:35:44+00:00","og_image":[{"width":1811,"height":2560,"url":"https:\/\/www.koonings.com\/wp-content\/uploads\/2024\/11\/38792_e57d5295dd8615cbc837e72f379779c4c70aa900040aa7f9c86bbd5acb2a5979e9862b7c-scaled.jpeg","type":"image\/jpeg"}],"twitter_card":"summary_large_image","schema":{"@context":"https:\/\/schema.org","@graph":[{"@type":"WebPage","@id":"https:\/\/www.koonings.com\/de\/product\/disney-by-allure-aurora-dp351\/","url":"https:\/\/www.koonings.com\/de\/product\/disney-by-allure-aurora-dp351\/","name":"Disney by Allure Aurora DP351 | Koonings","isPartOf":{"@id":"https:\/\/www.koonings.com\/de\/#website"},"primaryImageOfPage":{"@id":"https:\/\/www.koonings.com\/de\/product\/disney-by-allure-aurora-dp351\/#primaryimage"},"image":{"@id":"https:\/\/www.koonings.com\/de\/product\/disney-by-allure-aurora-dp351\/#primaryimage"},"thumbnailUrl":"https:\/\/www.koonings.com\/wp-content\/uploads\/2024\/11\/38792_e57d5295dd8615cbc837e72f379779c4c70aa900040aa7f9c86bbd5acb2a5979e9862b7c-scaled.jpeg","datePublished":"2025-09-09T13:18:21+00:00","dateModified":"2026-02-03T18:35:44+00:00","description":"Dieses vertr\u00e4umte Disney Hochzeitskleid hat eine zeitlose Silhouette, die von einem Ballkleid mit T\u00fcllfutter inspiriert ist. Das Hochzeitskleid hat Blumenapplikationen und einen herzf\u00f6rmigen Ausschnitt. Die abnehmbaren kurzen \u00c4rmel aus T\u00fcll sind das perfekte i-T\u00fcpfelchen. Bei Koonings finden Sie die neueste Kollektion von Disney Fairy Tale Weddings.","breadcrumb":{"@id":"https:\/\/www.koonings.com\/de\/product\/disney-by-allure-aurora-dp351\/#breadcrumb"},"inLanguage":"de","potentialAction":[{"@type":"ReadAction","target":["https:\/\/www.koonings.com\/de\/product\/disney-by-allure-aurora-dp351\/"]}]},{"@type":"ImageObject","inLanguage":"de","@id":"https:\/\/www.koonings.com\/de\/product\/disney-by-allure-aurora-dp351\/#primaryimage","url":"https:\/\/www.koonings.com\/wp-content\/uploads\/2024\/11\/38792_e57d5295dd8615cbc837e72f379779c4c70aa900040aa7f9c86bbd5acb2a5979e9862b7c-scaled.jpeg","contentUrl":"https:\/\/www.koonings.com\/wp-content\/uploads\/2024\/11\/38792_e57d5295dd8615cbc837e72f379779c4c70aa900040aa7f9c86bbd5acb2a5979e9862b7c-scaled.jpeg","width":1811,"height":2560},{"@type":"BreadcrumbList","@id":"https:\/\/www.koonings.com\/de\/product\/disney-by-allure-aurora-dp351\/#breadcrumb","itemListElement":[{"@type":"ListItem","position":1,"name":"Home","item":"https:\/\/www.koonings.com\/de\/"},{"@type":"ListItem","position":2,"name":"Disney by Allure Aurora DP351"}]},{"@type":"WebSite","@id":"https:\/\/www.koonings.com\/de\/#website","url":"https:\/\/www.koonings.com\/de\/","name":"Koonings","description":"De grootste bruidsmodewinkel ter wereld","publisher":{"@id":"https:\/\/www.koonings.com\/de\/#organization"},"potentialAction":[{"@type":"SearchAction","target":{"@type":"EntryPoint","urlTemplate":"https:\/\/www.koonings.com\/de\/?s={search_term_string}"},"query-input":{"@type":"PropertyValueSpecification","valueRequired":true,"valueName":"search_term_string"}}],"inLanguage":"de"},{"@type":"Organization","@id":"https:\/\/www.koonings.com\/de\/#organization","name":"Koonings","url":"https:\/\/www.koonings.com\/de\/","logo":{"@type":"ImageObject","inLanguage":"de","@id":"https:\/\/www.koonings.com\/de\/#\/schema\/logo\/image\/","url":"https:\/\/www.koonings.com\/wp-content\/uploads\/2024\/07\/logo.png","contentUrl":"https:\/\/www.koonings.com\/wp-content\/uploads\/2024\/07\/logo.png","width":600,"height":428,"caption":"Koonings"},"image":{"@id":"https:\/\/www.koonings.com\/de\/#\/schema\/logo\/image\/"},"sameAs":["https:\/\/www.facebook.com\/kooningstheweddingpalace","https:\/\/www.instagram.com\/kooningstheweddingpalace","https:\/\/www.pinterest.com\/koonings","https:\/\/www.youtube.com\/kooningstheweddingpalace"]}]}},"_links":{"self":[{"href":"https:\/\/www.koonings.com\/de\/wp-json\/wp\/v2\/product\/78525","targetHints":{"allow":["GET"]}}],"collection":[{"href":"https:\/\/www.koonings.com\/de\/wp-json\/wp\/v2\/product"}],"about":[{"href":"https:\/\/www.koonings.com\/de\/wp-json\/wp\/v2\/types\/product"}],"wp:featuredmedia":[{"embeddable":true,"href":"https:\/\/www.koonings.com\/de\/wp-json\/wp\/v2\/media\/63455"}],"wp:attachment":[{"href":"https:\/\/www.koonings.com\/de\/wp-json\/wp\/v2\/media?parent=78525"}],"wp:term":[{"taxonomy":"productdetails","embeddable":true,"href":"https:\/\/www.koonings.com\/de\/wp-json\/wp\/v2\/productdetails?post=78525"},{"taxonomy":"productneck","embeddable":true,"href":"https:\/\/www.koonings.com\/de\/wp-json\/wp\/v2\/productneck?post=78525"},{"taxonomy":"productcolor","embeddable":true,"href":"https:\/\/www.koonings.com\/de\/wp-json\/wp\/v2\/productcolor?post=78525"},{"taxonomy":"maat","embeddable":true,"href":"https:\/\/www.koonings.com\/de\/wp-json\/wp\/v2\/maat?post=78525"},{"taxonomy":"productsupplier","embeddable":true,"href":"https:\/\/www.koonings.com\/de\/wp-json\/wp\/v2\/productsupplier?post=78525"},{"taxonomy":"productsleeve","embeddable":true,"href":"https:\/\/www.koonings.com\/de\/wp-json\/wp\/v2\/productsleeve?post=78525"},{"taxonomy":"productcategory","embeddable":true,"href":"https:\/\/www.koonings.com\/de\/wp-json\/wp\/v2\/productcategory?post=78525"},{"taxonomy":"productsilhouette","embeddable":true,"href":"https:\/\/www.koonings.com\/de\/wp-json\/wp\/v2\/productsilhouette?post=78525"},{"taxonomy":"productstyle","embeddable":true,"href":"https:\/\/www.koonings.com\/de\/wp-json\/wp\/v2\/productstyle?post=78525"}],"curies":[{"name":"wp","href":"https:\/\/api.w.org\/{rel}","templated":true}]}}