{"id":78516,"date":"2025-07-10T12:16:49","date_gmt":"2025-07-10T10:16:49","guid":{"rendered":"https:\/\/www.koonings.com\/product\/disney-by-allure-cinderella-d363\/"},"modified":"2025-06-05T13:34:09","modified_gmt":"2025-06-05T11:34:09","slug":"disney-by-allure-cinderella-d363","status":"publish","type":"product","link":"https:\/\/www.koonings.com\/de\/product\/disney-by-allure-cinderella-d363\/","title":{"rendered":"Disney by Allure Cinderella D363"},"content":{"rendered":"<p>Mehrere Lagen T\u00fcll und Spitze verleihen diesem Hochzeitskleid eine romantische Note. Das von Aschenputtel inspirierte Kleid ist mit wundersch\u00f6nen Perlen verziert und hat einen vollen Rock, der das Prinzessinnengef\u00fchl noch verst\u00e4rkt. Bei Koonings finden Sie die neueste Kollektion von Disney Fairy Tale Weddings!  <\/p>\n","protected":false},"featured_media":63521,"template":"","meta":{"_acf_changed":false,"ghostkit_customizer_options":"","ghostkit_custom_css":"","ghostkit_custom_js_head":"","ghostkit_custom_js_foot":"","ghostkit_typography":""},"productdetails":[376,381],"productneck":[354,355],"productcolor":[393,392],"maat":[],"productsupplier":[477],"productsleeve":[],"productcategory":[18],"productsilhouette":[384,388],"productstyle":[372],"class_list":["post-78516","product","type-product","status-publish","has-post-thumbnail","hentry","productdetails-376","productdetails-381","productneck-354","productneck-355","productcolor-393","productcolor-392","productsupplier-disney-by-allure","productcategory-trouwjurken","productsilhouette-384","productsilhouette-388","productstyle-372"],"acf":[],"yoast_head":"<!-- This site is optimized with the Yoast SEO plugin v26.8 - https:\/\/yoast.com\/product\/yoast-seo-wordpress\/ -->\n<title>Disney by Allure Cinderella D363 | Koonings<\/title>\n<meta name=\"description\" content=\"Mehrere Lagen T\u00fcll und Spitze verleihen diesem Hochzeitskleid eine romantische Note. Das von Aschenputtel inspirierte Kleid ist mit wundersch\u00f6nen Perlen verziert und hat einen vollen Rock, der das Prinzessinnengef\u00fchl noch verst\u00e4rkt. Bei Koonings finden Sie die neueste Kollektion von Disney Fairy Tale Weddings!\" \/>\n<meta name=\"robots\" content=\"index, follow, max-snippet:-1, max-image-preview:large, max-video-preview:-1\" \/>\n<link rel=\"canonical\" href=\"https:\/\/www.koonings.com\/de\/product\/disney-by-allure-cinderella-d363\/\" \/>\n<meta property=\"og:locale\" content=\"de_DE\" \/>\n<meta property=\"og:type\" content=\"article\" \/>\n<meta property=\"og:title\" content=\"Disney by Allure Cinderella D363 | Koonings\" \/>\n<meta property=\"og:description\" content=\"Mehrere Lagen T\u00fcll und Spitze verleihen diesem Hochzeitskleid eine romantische Note. Das von Aschenputtel inspirierte Kleid ist mit wundersch\u00f6nen Perlen verziert und hat einen vollen Rock, der das Prinzessinnengef\u00fchl noch verst\u00e4rkt. Bei Koonings finden Sie die neueste Kollektion von Disney Fairy Tale Weddings!\" \/>\n<meta property=\"og:url\" content=\"https:\/\/www.koonings.com\/de\/product\/disney-by-allure-cinderella-d363\/\" \/>\n<meta property=\"og:site_name\" content=\"Koonings\" \/>\n<meta property=\"article:publisher\" content=\"https:\/\/www.facebook.com\/kooningstheweddingpalace\" \/>\n<meta property=\"og:image\" content=\"https:\/\/www.koonings.com\/wp-content\/uploads\/2024\/11\/38798_e8d55f026144fab356b3ca36110f0c55d4df8284ecbc9d478187be9527e8e2b03debde71-scaled.jpeg\" \/>\n\t<meta property=\"og:image:width\" content=\"1814\" \/>\n\t<meta property=\"og:image:height\" content=\"2560\" \/>\n\t<meta property=\"og:image:type\" content=\"image\/jpeg\" \/>\n<meta name=\"twitter:card\" content=\"summary_large_image\" \/>\n<script type=\"application\/ld+json\" class=\"yoast-schema-graph\">{\"@context\":\"https:\/\/schema.org\",\"@graph\":[{\"@type\":\"WebPage\",\"@id\":\"https:\/\/www.koonings.com\/de\/product\/disney-by-allure-cinderella-d363\/\",\"url\":\"https:\/\/www.koonings.com\/de\/product\/disney-by-allure-cinderella-d363\/\",\"name\":\"Disney by Allure Cinderella D363 | Koonings\",\"isPartOf\":{\"@id\":\"https:\/\/www.koonings.com\/de\/#website\"},\"primaryImageOfPage\":{\"@id\":\"https:\/\/www.koonings.com\/de\/product\/disney-by-allure-cinderella-d363\/#primaryimage\"},\"image\":{\"@id\":\"https:\/\/www.koonings.com\/de\/product\/disney-by-allure-cinderella-d363\/#primaryimage\"},\"thumbnailUrl\":\"https:\/\/www.koonings.com\/wp-content\/uploads\/2024\/11\/38798_e8d55f026144fab356b3ca36110f0c55d4df8284ecbc9d478187be9527e8e2b03debde71-scaled.jpeg\",\"datePublished\":\"2025-07-10T10:16:49+00:00\",\"description\":\"Mehrere Lagen T\u00fcll und Spitze verleihen diesem Hochzeitskleid eine romantische Note. Das von Aschenputtel inspirierte Kleid ist mit wundersch\u00f6nen Perlen verziert und hat einen vollen Rock, der das Prinzessinnengef\u00fchl noch verst\u00e4rkt. Bei Koonings finden Sie die neueste Kollektion von Disney Fairy Tale Weddings!\",\"breadcrumb\":{\"@id\":\"https:\/\/www.koonings.com\/de\/product\/disney-by-allure-cinderella-d363\/#breadcrumb\"},\"inLanguage\":\"de\",\"potentialAction\":[{\"@type\":\"ReadAction\",\"target\":[\"https:\/\/www.koonings.com\/de\/product\/disney-by-allure-cinderella-d363\/\"]}]},{\"@type\":\"ImageObject\",\"inLanguage\":\"de\",\"@id\":\"https:\/\/www.koonings.com\/de\/product\/disney-by-allure-cinderella-d363\/#primaryimage\",\"url\":\"https:\/\/www.koonings.com\/wp-content\/uploads\/2024\/11\/38798_e8d55f026144fab356b3ca36110f0c55d4df8284ecbc9d478187be9527e8e2b03debde71-scaled.jpeg\",\"contentUrl\":\"https:\/\/www.koonings.com\/wp-content\/uploads\/2024\/11\/38798_e8d55f026144fab356b3ca36110f0c55d4df8284ecbc9d478187be9527e8e2b03debde71-scaled.jpeg\",\"width\":1814,\"height\":2560},{\"@type\":\"BreadcrumbList\",\"@id\":\"https:\/\/www.koonings.com\/de\/product\/disney-by-allure-cinderella-d363\/#breadcrumb\",\"itemListElement\":[{\"@type\":\"ListItem\",\"position\":1,\"name\":\"Home\",\"item\":\"https:\/\/www.koonings.com\/de\/\"},{\"@type\":\"ListItem\",\"position\":2,\"name\":\"Disney by Allure Cinderella D363\"}]},{\"@type\":\"WebSite\",\"@id\":\"https:\/\/www.koonings.com\/de\/#website\",\"url\":\"https:\/\/www.koonings.com\/de\/\",\"name\":\"Koonings\",\"description\":\"De grootste bruidsmodewinkel ter wereld\",\"publisher\":{\"@id\":\"https:\/\/www.koonings.com\/de\/#organization\"},\"potentialAction\":[{\"@type\":\"SearchAction\",\"target\":{\"@type\":\"EntryPoint\",\"urlTemplate\":\"https:\/\/www.koonings.com\/de\/?s={search_term_string}\"},\"query-input\":{\"@type\":\"PropertyValueSpecification\",\"valueRequired\":true,\"valueName\":\"search_term_string\"}}],\"inLanguage\":\"de\"},{\"@type\":\"Organization\",\"@id\":\"https:\/\/www.koonings.com\/de\/#organization\",\"name\":\"Koonings\",\"url\":\"https:\/\/www.koonings.com\/de\/\",\"logo\":{\"@type\":\"ImageObject\",\"inLanguage\":\"de\",\"@id\":\"https:\/\/www.koonings.com\/de\/#\/schema\/logo\/image\/\",\"url\":\"https:\/\/www.koonings.com\/wp-content\/uploads\/2024\/07\/logo.png\",\"contentUrl\":\"https:\/\/www.koonings.com\/wp-content\/uploads\/2024\/07\/logo.png\",\"width\":600,\"height\":428,\"caption\":\"Koonings\"},\"image\":{\"@id\":\"https:\/\/www.koonings.com\/de\/#\/schema\/logo\/image\/\"},\"sameAs\":[\"https:\/\/www.facebook.com\/kooningstheweddingpalace\",\"https:\/\/www.instagram.com\/kooningstheweddingpalace\",\"https:\/\/www.pinterest.com\/koonings\",\"https:\/\/www.youtube.com\/kooningstheweddingpalace\"]}]}<\/script>\n<!-- \/ Yoast SEO plugin. -->","yoast_head_json":{"title":"Disney by Allure Cinderella D363 | Koonings","description":"Mehrere Lagen T\u00fcll und Spitze verleihen diesem Hochzeitskleid eine romantische Note. Das von Aschenputtel inspirierte Kleid ist mit wundersch\u00f6nen Perlen verziert und hat einen vollen Rock, der das Prinzessinnengef\u00fchl noch verst\u00e4rkt. Bei Koonings finden Sie die neueste Kollektion von Disney Fairy Tale Weddings!","robots":{"index":"index","follow":"follow","max-snippet":"max-snippet:-1","max-image-preview":"max-image-preview:large","max-video-preview":"max-video-preview:-1"},"canonical":"https:\/\/www.koonings.com\/de\/product\/disney-by-allure-cinderella-d363\/","og_locale":"de_DE","og_type":"article","og_title":"Disney by Allure Cinderella D363 | Koonings","og_description":"Mehrere Lagen T\u00fcll und Spitze verleihen diesem Hochzeitskleid eine romantische Note. Das von Aschenputtel inspirierte Kleid ist mit wundersch\u00f6nen Perlen verziert und hat einen vollen Rock, der das Prinzessinnengef\u00fchl noch verst\u00e4rkt. Bei Koonings finden Sie die neueste Kollektion von Disney Fairy Tale Weddings!","og_url":"https:\/\/www.koonings.com\/de\/product\/disney-by-allure-cinderella-d363\/","og_site_name":"Koonings","article_publisher":"https:\/\/www.facebook.com\/kooningstheweddingpalace","og_image":[{"width":1814,"height":2560,"url":"https:\/\/www.koonings.com\/wp-content\/uploads\/2024\/11\/38798_e8d55f026144fab356b3ca36110f0c55d4df8284ecbc9d478187be9527e8e2b03debde71-scaled.jpeg","type":"image\/jpeg"}],"twitter_card":"summary_large_image","schema":{"@context":"https:\/\/schema.org","@graph":[{"@type":"WebPage","@id":"https:\/\/www.koonings.com\/de\/product\/disney-by-allure-cinderella-d363\/","url":"https:\/\/www.koonings.com\/de\/product\/disney-by-allure-cinderella-d363\/","name":"Disney by Allure Cinderella D363 | Koonings","isPartOf":{"@id":"https:\/\/www.koonings.com\/de\/#website"},"primaryImageOfPage":{"@id":"https:\/\/www.koonings.com\/de\/product\/disney-by-allure-cinderella-d363\/#primaryimage"},"image":{"@id":"https:\/\/www.koonings.com\/de\/product\/disney-by-allure-cinderella-d363\/#primaryimage"},"thumbnailUrl":"https:\/\/www.koonings.com\/wp-content\/uploads\/2024\/11\/38798_e8d55f026144fab356b3ca36110f0c55d4df8284ecbc9d478187be9527e8e2b03debde71-scaled.jpeg","datePublished":"2025-07-10T10:16:49+00:00","description":"Mehrere Lagen T\u00fcll und Spitze verleihen diesem Hochzeitskleid eine romantische Note. Das von Aschenputtel inspirierte Kleid ist mit wundersch\u00f6nen Perlen verziert und hat einen vollen Rock, der das Prinzessinnengef\u00fchl noch verst\u00e4rkt. Bei Koonings finden Sie die neueste Kollektion von Disney Fairy Tale Weddings!","breadcrumb":{"@id":"https:\/\/www.koonings.com\/de\/product\/disney-by-allure-cinderella-d363\/#breadcrumb"},"inLanguage":"de","potentialAction":[{"@type":"ReadAction","target":["https:\/\/www.koonings.com\/de\/product\/disney-by-allure-cinderella-d363\/"]}]},{"@type":"ImageObject","inLanguage":"de","@id":"https:\/\/www.koonings.com\/de\/product\/disney-by-allure-cinderella-d363\/#primaryimage","url":"https:\/\/www.koonings.com\/wp-content\/uploads\/2024\/11\/38798_e8d55f026144fab356b3ca36110f0c55d4df8284ecbc9d478187be9527e8e2b03debde71-scaled.jpeg","contentUrl":"https:\/\/www.koonings.com\/wp-content\/uploads\/2024\/11\/38798_e8d55f026144fab356b3ca36110f0c55d4df8284ecbc9d478187be9527e8e2b03debde71-scaled.jpeg","width":1814,"height":2560},{"@type":"BreadcrumbList","@id":"https:\/\/www.koonings.com\/de\/product\/disney-by-allure-cinderella-d363\/#breadcrumb","itemListElement":[{"@type":"ListItem","position":1,"name":"Home","item":"https:\/\/www.koonings.com\/de\/"},{"@type":"ListItem","position":2,"name":"Disney by Allure Cinderella D363"}]},{"@type":"WebSite","@id":"https:\/\/www.koonings.com\/de\/#website","url":"https:\/\/www.koonings.com\/de\/","name":"Koonings","description":"De grootste bruidsmodewinkel ter wereld","publisher":{"@id":"https:\/\/www.koonings.com\/de\/#organization"},"potentialAction":[{"@type":"SearchAction","target":{"@type":"EntryPoint","urlTemplate":"https:\/\/www.koonings.com\/de\/?s={search_term_string}"},"query-input":{"@type":"PropertyValueSpecification","valueRequired":true,"valueName":"search_term_string"}}],"inLanguage":"de"},{"@type":"Organization","@id":"https:\/\/www.koonings.com\/de\/#organization","name":"Koonings","url":"https:\/\/www.koonings.com\/de\/","logo":{"@type":"ImageObject","inLanguage":"de","@id":"https:\/\/www.koonings.com\/de\/#\/schema\/logo\/image\/","url":"https:\/\/www.koonings.com\/wp-content\/uploads\/2024\/07\/logo.png","contentUrl":"https:\/\/www.koonings.com\/wp-content\/uploads\/2024\/07\/logo.png","width":600,"height":428,"caption":"Koonings"},"image":{"@id":"https:\/\/www.koonings.com\/de\/#\/schema\/logo\/image\/"},"sameAs":["https:\/\/www.facebook.com\/kooningstheweddingpalace","https:\/\/www.instagram.com\/kooningstheweddingpalace","https:\/\/www.pinterest.com\/koonings","https:\/\/www.youtube.com\/kooningstheweddingpalace"]}]}},"_links":{"self":[{"href":"https:\/\/www.koonings.com\/de\/wp-json\/wp\/v2\/product\/78516","targetHints":{"allow":["GET"]}}],"collection":[{"href":"https:\/\/www.koonings.com\/de\/wp-json\/wp\/v2\/product"}],"about":[{"href":"https:\/\/www.koonings.com\/de\/wp-json\/wp\/v2\/types\/product"}],"wp:featuredmedia":[{"embeddable":true,"href":"https:\/\/www.koonings.com\/de\/wp-json\/wp\/v2\/media\/63521"}],"wp:attachment":[{"href":"https:\/\/www.koonings.com\/de\/wp-json\/wp\/v2\/media?parent=78516"}],"wp:term":[{"taxonomy":"productdetails","embeddable":true,"href":"https:\/\/www.koonings.com\/de\/wp-json\/wp\/v2\/productdetails?post=78516"},{"taxonomy":"productneck","embeddable":true,"href":"https:\/\/www.koonings.com\/de\/wp-json\/wp\/v2\/productneck?post=78516"},{"taxonomy":"productcolor","embeddable":true,"href":"https:\/\/www.koonings.com\/de\/wp-json\/wp\/v2\/productcolor?post=78516"},{"taxonomy":"maat","embeddable":true,"href":"https:\/\/www.koonings.com\/de\/wp-json\/wp\/v2\/maat?post=78516"},{"taxonomy":"productsupplier","embeddable":true,"href":"https:\/\/www.koonings.com\/de\/wp-json\/wp\/v2\/productsupplier?post=78516"},{"taxonomy":"productsleeve","embeddable":true,"href":"https:\/\/www.koonings.com\/de\/wp-json\/wp\/v2\/productsleeve?post=78516"},{"taxonomy":"productcategory","embeddable":true,"href":"https:\/\/www.koonings.com\/de\/wp-json\/wp\/v2\/productcategory?post=78516"},{"taxonomy":"productsilhouette","embeddable":true,"href":"https:\/\/www.koonings.com\/de\/wp-json\/wp\/v2\/productsilhouette?post=78516"},{"taxonomy":"productstyle","embeddable":true,"href":"https:\/\/www.koonings.com\/de\/wp-json\/wp\/v2\/productstyle?post=78516"}],"curies":[{"name":"wp","href":"https:\/\/api.w.org\/{rel}","templated":true}]}}