{"id":78429,"date":"2025-09-09T15:18:23","date_gmt":"2025-09-09T13:18:23","guid":{"rendered":"https:\/\/www.koonings.com\/product\/disney-by-allure-pocahontas-d285\/"},"modified":"2026-02-20T11:21:56","modified_gmt":"2026-02-20T10:21:56","slug":"disney-by-allure-pocahontas-d285","status":"publish","type":"product","link":"https:\/\/www.koonings.com\/de\/product\/disney-by-allure-pocahontas-d285\/","title":{"rendered":"Disney by Allure Pocahontas D285"},"content":{"rendered":"<p>Die Inspiration f\u00fcr dieses Pocahontas-Kleid findet sich im Mieder und in den Konturen des Brautkleides wieder. Das Mieder ist mit einer wundersch\u00f6nen, von Bl\u00e4ttern inspirierten Spitze \u00fcberzogen. Bei Koonings finden Sie die neueste Kollektion von Disney Fairy Tale Weddings!  <\/p>\n","protected":false},"featured_media":64183,"template":"","meta":{"_acf_changed":false,"ghostkit_customizer_options":"","ghostkit_custom_css":"","ghostkit_custom_js_head":"","ghostkit_custom_js_foot":"","ghostkit_typography":""},"productdetails":[379,376],"productneck":[351,355],"productcolor":[393,392],"maat":[],"productsupplier":[477],"productsleeve":[362],"productcategory":[18],"productsilhouette":[384,388],"productstyle":[372],"class_list":["post-78429","product","type-product","status-publish","has-post-thumbnail","hentry","productdetails-379","productdetails-376","productneck-351","productneck-355","productcolor-393","productcolor-392","productsupplier-disney-by-allure","productsleeve-362","productcategory-trouwjurken","productsilhouette-384","productsilhouette-388","productstyle-372"],"acf":[],"yoast_head":"<!-- This site is optimized with the Yoast SEO plugin v27.3 - https:\/\/yoast.com\/product\/yoast-seo-wordpress\/ -->\n<title>Disney by Allure Pocahontas D285 | Koonings<\/title>\n<meta name=\"description\" content=\"Die Inspiration f\u00fcr dieses Pocahontas-Kleid findet sich im Mieder und in den Konturen des Brautkleides wieder. Das Mieder ist mit einer wundersch\u00f6nen, von Bl\u00e4ttern inspirierten Spitze \u00fcberzogen. Bei Koonings finden Sie die neueste Kollektion von Disney Fairy Tale Weddings!\" \/>\n<meta name=\"robots\" content=\"index, follow, max-snippet:-1, max-image-preview:large, max-video-preview:-1\" \/>\n<link rel=\"canonical\" href=\"https:\/\/www.koonings.com\/de\/product\/disney-by-allure-pocahontas-d285\/\" \/>\n<meta property=\"og:locale\" content=\"de_DE\" \/>\n<meta property=\"og:type\" content=\"article\" \/>\n<meta property=\"og:title\" content=\"Disney by Allure Pocahontas D285 | Koonings\" \/>\n<meta property=\"og:description\" content=\"Die Inspiration f\u00fcr dieses Pocahontas-Kleid findet sich im Mieder und in den Konturen des Brautkleides wieder. Das Mieder ist mit einer wundersch\u00f6nen, von Bl\u00e4ttern inspirierten Spitze \u00fcberzogen. Bei Koonings finden Sie die neueste Kollektion von Disney Fairy Tale Weddings!\" \/>\n<meta property=\"og:url\" content=\"https:\/\/www.koonings.com\/de\/product\/disney-by-allure-pocahontas-d285\/\" \/>\n<meta property=\"og:site_name\" content=\"Koonings\" \/>\n<meta property=\"article:publisher\" content=\"https:\/\/www.facebook.com\/kooningstheweddingpalace\" \/>\n<meta property=\"article:modified_time\" content=\"2026-02-20T10:21:56+00:00\" \/>\n<meta property=\"og:image\" content=\"https:\/\/www.koonings.com\/wp-content\/uploads\/2024\/11\/38799_417301d45136d7a0cfaaa86b622c1b1b08d5e5880f7eb7f1e0c9ecffb12aec0d76d818de-scaled.jpeg\" \/>\n\t<meta property=\"og:image:width\" content=\"1809\" \/>\n\t<meta property=\"og:image:height\" content=\"2560\" \/>\n\t<meta property=\"og:image:type\" content=\"image\/jpeg\" \/>\n<meta name=\"twitter:card\" content=\"summary_large_image\" \/>\n<script type=\"application\/ld+json\" class=\"yoast-schema-graph\">{\"@context\":\"https:\\\/\\\/schema.org\",\"@graph\":[{\"@type\":\"WebPage\",\"@id\":\"https:\\\/\\\/www.koonings.com\\\/de\\\/product\\\/disney-by-allure-pocahontas-d285\\\/\",\"url\":\"https:\\\/\\\/www.koonings.com\\\/de\\\/product\\\/disney-by-allure-pocahontas-d285\\\/\",\"name\":\"Disney by Allure Pocahontas D285 | Koonings\",\"isPartOf\":{\"@id\":\"https:\\\/\\\/www.koonings.com\\\/de\\\/#website\"},\"primaryImageOfPage\":{\"@id\":\"https:\\\/\\\/www.koonings.com\\\/de\\\/product\\\/disney-by-allure-pocahontas-d285\\\/#primaryimage\"},\"image\":{\"@id\":\"https:\\\/\\\/www.koonings.com\\\/de\\\/product\\\/disney-by-allure-pocahontas-d285\\\/#primaryimage\"},\"thumbnailUrl\":\"https:\\\/\\\/www.koonings.com\\\/wp-content\\\/uploads\\\/2024\\\/11\\\/38799_417301d45136d7a0cfaaa86b622c1b1b08d5e5880f7eb7f1e0c9ecffb12aec0d76d818de-scaled.jpeg\",\"datePublished\":\"2025-09-09T13:18:23+00:00\",\"dateModified\":\"2026-02-20T10:21:56+00:00\",\"description\":\"Die Inspiration f\u00fcr dieses Pocahontas-Kleid findet sich im Mieder und in den Konturen des Brautkleides wieder. Das Mieder ist mit einer wundersch\u00f6nen, von Bl\u00e4ttern inspirierten Spitze \u00fcberzogen. Bei Koonings finden Sie die neueste Kollektion von Disney Fairy Tale Weddings!\",\"breadcrumb\":{\"@id\":\"https:\\\/\\\/www.koonings.com\\\/de\\\/product\\\/disney-by-allure-pocahontas-d285\\\/#breadcrumb\"},\"inLanguage\":\"de\",\"potentialAction\":[{\"@type\":\"ReadAction\",\"target\":[\"https:\\\/\\\/www.koonings.com\\\/de\\\/product\\\/disney-by-allure-pocahontas-d285\\\/\"]}]},{\"@type\":\"ImageObject\",\"inLanguage\":\"de\",\"@id\":\"https:\\\/\\\/www.koonings.com\\\/de\\\/product\\\/disney-by-allure-pocahontas-d285\\\/#primaryimage\",\"url\":\"https:\\\/\\\/www.koonings.com\\\/wp-content\\\/uploads\\\/2024\\\/11\\\/38799_417301d45136d7a0cfaaa86b622c1b1b08d5e5880f7eb7f1e0c9ecffb12aec0d76d818de-scaled.jpeg\",\"contentUrl\":\"https:\\\/\\\/www.koonings.com\\\/wp-content\\\/uploads\\\/2024\\\/11\\\/38799_417301d45136d7a0cfaaa86b622c1b1b08d5e5880f7eb7f1e0c9ecffb12aec0d76d818de-scaled.jpeg\",\"width\":1809,\"height\":2560},{\"@type\":\"BreadcrumbList\",\"@id\":\"https:\\\/\\\/www.koonings.com\\\/de\\\/product\\\/disney-by-allure-pocahontas-d285\\\/#breadcrumb\",\"itemListElement\":[{\"@type\":\"ListItem\",\"position\":1,\"name\":\"Home\",\"item\":\"https:\\\/\\\/www.koonings.com\\\/de\\\/\"},{\"@type\":\"ListItem\",\"position\":2,\"name\":\"Disney by Allure Pocahontas D285\"}]},{\"@type\":\"WebSite\",\"@id\":\"https:\\\/\\\/www.koonings.com\\\/de\\\/#website\",\"url\":\"https:\\\/\\\/www.koonings.com\\\/de\\\/\",\"name\":\"Koonings\",\"description\":\"De grootste bruidsmodewinkel ter wereld\",\"publisher\":{\"@id\":\"https:\\\/\\\/www.koonings.com\\\/de\\\/#organization\"},\"potentialAction\":[{\"@type\":\"SearchAction\",\"target\":{\"@type\":\"EntryPoint\",\"urlTemplate\":\"https:\\\/\\\/www.koonings.com\\\/de\\\/?s={search_term_string}\"},\"query-input\":{\"@type\":\"PropertyValueSpecification\",\"valueRequired\":true,\"valueName\":\"search_term_string\"}}],\"inLanguage\":\"de\"},{\"@type\":\"Organization\",\"@id\":\"https:\\\/\\\/www.koonings.com\\\/de\\\/#organization\",\"name\":\"Koonings\",\"url\":\"https:\\\/\\\/www.koonings.com\\\/de\\\/\",\"logo\":{\"@type\":\"ImageObject\",\"inLanguage\":\"de\",\"@id\":\"https:\\\/\\\/www.koonings.com\\\/de\\\/#\\\/schema\\\/logo\\\/image\\\/\",\"url\":\"https:\\\/\\\/www.koonings.com\\\/wp-content\\\/uploads\\\/2024\\\/07\\\/logo.png\",\"contentUrl\":\"https:\\\/\\\/www.koonings.com\\\/wp-content\\\/uploads\\\/2024\\\/07\\\/logo.png\",\"width\":600,\"height\":428,\"caption\":\"Koonings\"},\"image\":{\"@id\":\"https:\\\/\\\/www.koonings.com\\\/de\\\/#\\\/schema\\\/logo\\\/image\\\/\"},\"sameAs\":[\"https:\\\/\\\/www.facebook.com\\\/kooningstheweddingpalace\",\"https:\\\/\\\/www.instagram.com\\\/kooningstheweddingpalace\",\"https:\\\/\\\/www.pinterest.com\\\/koonings\",\"https:\\\/\\\/www.youtube.com\\\/kooningstheweddingpalace\"]}]}<\/script>\n<!-- \/ Yoast SEO plugin. -->","yoast_head_json":{"title":"Disney by Allure Pocahontas D285 | Koonings","description":"Die Inspiration f\u00fcr dieses Pocahontas-Kleid findet sich im Mieder und in den Konturen des Brautkleides wieder. Das Mieder ist mit einer wundersch\u00f6nen, von Bl\u00e4ttern inspirierten Spitze \u00fcberzogen. Bei Koonings finden Sie die neueste Kollektion von Disney Fairy Tale Weddings!","robots":{"index":"index","follow":"follow","max-snippet":"max-snippet:-1","max-image-preview":"max-image-preview:large","max-video-preview":"max-video-preview:-1"},"canonical":"https:\/\/www.koonings.com\/de\/product\/disney-by-allure-pocahontas-d285\/","og_locale":"de_DE","og_type":"article","og_title":"Disney by Allure Pocahontas D285 | Koonings","og_description":"Die Inspiration f\u00fcr dieses Pocahontas-Kleid findet sich im Mieder und in den Konturen des Brautkleides wieder. Das Mieder ist mit einer wundersch\u00f6nen, von Bl\u00e4ttern inspirierten Spitze \u00fcberzogen. Bei Koonings finden Sie die neueste Kollektion von Disney Fairy Tale Weddings!","og_url":"https:\/\/www.koonings.com\/de\/product\/disney-by-allure-pocahontas-d285\/","og_site_name":"Koonings","article_publisher":"https:\/\/www.facebook.com\/kooningstheweddingpalace","article_modified_time":"2026-02-20T10:21:56+00:00","og_image":[{"width":1809,"height":2560,"url":"https:\/\/www.koonings.com\/wp-content\/uploads\/2024\/11\/38799_417301d45136d7a0cfaaa86b622c1b1b08d5e5880f7eb7f1e0c9ecffb12aec0d76d818de-scaled.jpeg","type":"image\/jpeg"}],"twitter_card":"summary_large_image","schema":{"@context":"https:\/\/schema.org","@graph":[{"@type":"WebPage","@id":"https:\/\/www.koonings.com\/de\/product\/disney-by-allure-pocahontas-d285\/","url":"https:\/\/www.koonings.com\/de\/product\/disney-by-allure-pocahontas-d285\/","name":"Disney by Allure Pocahontas D285 | Koonings","isPartOf":{"@id":"https:\/\/www.koonings.com\/de\/#website"},"primaryImageOfPage":{"@id":"https:\/\/www.koonings.com\/de\/product\/disney-by-allure-pocahontas-d285\/#primaryimage"},"image":{"@id":"https:\/\/www.koonings.com\/de\/product\/disney-by-allure-pocahontas-d285\/#primaryimage"},"thumbnailUrl":"https:\/\/www.koonings.com\/wp-content\/uploads\/2024\/11\/38799_417301d45136d7a0cfaaa86b622c1b1b08d5e5880f7eb7f1e0c9ecffb12aec0d76d818de-scaled.jpeg","datePublished":"2025-09-09T13:18:23+00:00","dateModified":"2026-02-20T10:21:56+00:00","description":"Die Inspiration f\u00fcr dieses Pocahontas-Kleid findet sich im Mieder und in den Konturen des Brautkleides wieder. Das Mieder ist mit einer wundersch\u00f6nen, von Bl\u00e4ttern inspirierten Spitze \u00fcberzogen. Bei Koonings finden Sie die neueste Kollektion von Disney Fairy Tale Weddings!","breadcrumb":{"@id":"https:\/\/www.koonings.com\/de\/product\/disney-by-allure-pocahontas-d285\/#breadcrumb"},"inLanguage":"de","potentialAction":[{"@type":"ReadAction","target":["https:\/\/www.koonings.com\/de\/product\/disney-by-allure-pocahontas-d285\/"]}]},{"@type":"ImageObject","inLanguage":"de","@id":"https:\/\/www.koonings.com\/de\/product\/disney-by-allure-pocahontas-d285\/#primaryimage","url":"https:\/\/www.koonings.com\/wp-content\/uploads\/2024\/11\/38799_417301d45136d7a0cfaaa86b622c1b1b08d5e5880f7eb7f1e0c9ecffb12aec0d76d818de-scaled.jpeg","contentUrl":"https:\/\/www.koonings.com\/wp-content\/uploads\/2024\/11\/38799_417301d45136d7a0cfaaa86b622c1b1b08d5e5880f7eb7f1e0c9ecffb12aec0d76d818de-scaled.jpeg","width":1809,"height":2560},{"@type":"BreadcrumbList","@id":"https:\/\/www.koonings.com\/de\/product\/disney-by-allure-pocahontas-d285\/#breadcrumb","itemListElement":[{"@type":"ListItem","position":1,"name":"Home","item":"https:\/\/www.koonings.com\/de\/"},{"@type":"ListItem","position":2,"name":"Disney by Allure Pocahontas D285"}]},{"@type":"WebSite","@id":"https:\/\/www.koonings.com\/de\/#website","url":"https:\/\/www.koonings.com\/de\/","name":"Koonings","description":"De grootste bruidsmodewinkel ter wereld","publisher":{"@id":"https:\/\/www.koonings.com\/de\/#organization"},"potentialAction":[{"@type":"SearchAction","target":{"@type":"EntryPoint","urlTemplate":"https:\/\/www.koonings.com\/de\/?s={search_term_string}"},"query-input":{"@type":"PropertyValueSpecification","valueRequired":true,"valueName":"search_term_string"}}],"inLanguage":"de"},{"@type":"Organization","@id":"https:\/\/www.koonings.com\/de\/#organization","name":"Koonings","url":"https:\/\/www.koonings.com\/de\/","logo":{"@type":"ImageObject","inLanguage":"de","@id":"https:\/\/www.koonings.com\/de\/#\/schema\/logo\/image\/","url":"https:\/\/www.koonings.com\/wp-content\/uploads\/2024\/07\/logo.png","contentUrl":"https:\/\/www.koonings.com\/wp-content\/uploads\/2024\/07\/logo.png","width":600,"height":428,"caption":"Koonings"},"image":{"@id":"https:\/\/www.koonings.com\/de\/#\/schema\/logo\/image\/"},"sameAs":["https:\/\/www.facebook.com\/kooningstheweddingpalace","https:\/\/www.instagram.com\/kooningstheweddingpalace","https:\/\/www.pinterest.com\/koonings","https:\/\/www.youtube.com\/kooningstheweddingpalace"]}]}},"_links":{"self":[{"href":"https:\/\/www.koonings.com\/de\/wp-json\/wp\/v2\/product\/78429","targetHints":{"allow":["GET"]}}],"collection":[{"href":"https:\/\/www.koonings.com\/de\/wp-json\/wp\/v2\/product"}],"about":[{"href":"https:\/\/www.koonings.com\/de\/wp-json\/wp\/v2\/types\/product"}],"wp:featuredmedia":[{"embeddable":true,"href":"https:\/\/www.koonings.com\/de\/wp-json\/wp\/v2\/media\/64183"}],"wp:attachment":[{"href":"https:\/\/www.koonings.com\/de\/wp-json\/wp\/v2\/media?parent=78429"}],"wp:term":[{"taxonomy":"productdetails","embeddable":true,"href":"https:\/\/www.koonings.com\/de\/wp-json\/wp\/v2\/productdetails?post=78429"},{"taxonomy":"productneck","embeddable":true,"href":"https:\/\/www.koonings.com\/de\/wp-json\/wp\/v2\/productneck?post=78429"},{"taxonomy":"productcolor","embeddable":true,"href":"https:\/\/www.koonings.com\/de\/wp-json\/wp\/v2\/productcolor?post=78429"},{"taxonomy":"maat","embeddable":true,"href":"https:\/\/www.koonings.com\/de\/wp-json\/wp\/v2\/maat?post=78429"},{"taxonomy":"productsupplier","embeddable":true,"href":"https:\/\/www.koonings.com\/de\/wp-json\/wp\/v2\/productsupplier?post=78429"},{"taxonomy":"productsleeve","embeddable":true,"href":"https:\/\/www.koonings.com\/de\/wp-json\/wp\/v2\/productsleeve?post=78429"},{"taxonomy":"productcategory","embeddable":true,"href":"https:\/\/www.koonings.com\/de\/wp-json\/wp\/v2\/productcategory?post=78429"},{"taxonomy":"productsilhouette","embeddable":true,"href":"https:\/\/www.koonings.com\/de\/wp-json\/wp\/v2\/productsilhouette?post=78429"},{"taxonomy":"productstyle","embeddable":true,"href":"https:\/\/www.koonings.com\/de\/wp-json\/wp\/v2\/productstyle?post=78429"}],"curies":[{"name":"wp","href":"https:\/\/api.w.org\/{rel}","templated":true}]}}