{"id":78334,"date":"2026-05-06T15:06:39","date_gmt":"2026-05-06T13:06:39","guid":{"rendered":"https:\/\/www.koonings.com\/product\/demetrios-by-you-t202-top\/"},"modified":"2026-02-16T14:44:49","modified_gmt":"2026-02-16T13:44:49","slug":"demetrios-by-you-t202-top","status":"publish","type":"product","link":"https:\/\/www.koonings.com\/de\/product\/demetrios-by-you-t202-top\/","title":{"rendered":"Demetrios By You T202 Oberteil"},"content":{"rendered":"<p>Neu in unserem Demetrios Shop-in-Shop; ein einzigartiges Konzept, bei dem Sie die M\u00f6glichkeit haben, das perfekte Brautkleid selbst zusammenzustellen. Sie haben die Wahl zwischen f\u00fcnf verschiedenen Oberteilen und drei Arten von R\u00f6cken. Entscheiden Sie sich f\u00fcr ein Spitzenmieder mit lockerem Rock oder w\u00e4hlen Sie ein komplettes Hochzeitskleid aus. Das tr\u00e4gerlose Oberteil T202 hat abnehmbare Schulterriemen. Sie k\u00f6nnen es tr\u00e4gerlos oder mit den Tr\u00e4gern auf den Schultern und schulterfrei zusammen mit dem Rock SK06 tragen.<\/p>\n","protected":false},"featured_media":61437,"template":"","meta":{"_acf_changed":false,"ghostkit_customizer_options":"","ghostkit_custom_css":"","ghostkit_custom_js_head":"","ghostkit_custom_js_foot":"","ghostkit_typography":""},"productdetails":[],"productneck":[355],"productcolor":[392],"maat":[],"productsupplier":[467],"productsleeve":[363],"productcategory":[18],"productsilhouette":[389],"productstyle":[],"class_list":["post-78334","product","type-product","status-publish","has-post-thumbnail","hentry","productneck-355","productcolor-392","productsupplier-demetrios-by-you","productsleeve-363","productcategory-trouwjurken","productsilhouette-389"],"acf":[],"yoast_head":"<!-- This site is optimized with the Yoast SEO plugin v27.3 - https:\/\/yoast.com\/product\/yoast-seo-wordpress\/ -->\n<title>Demetrios By You T202 Oberteil | Koonings<\/title>\n<meta name=\"description\" content=\"Neu in unserem Demetrios Shop-in-Shop; ein einzigartiges Konzept, bei dem Sie die M\u00f6glichkeit haben, das perfekte Brautkleid selbst zusammenzustellen. Sie haben die Wahl zwischen f\u00fcnf verschiedenen Oberteilen und drei Arten von R\u00f6cken. Entscheiden Sie sich f\u00fcr ein Spitzenmieder mit lockerem Rock oder w\u00e4hlen Sie ein komplettes Hochzeitskleid aus. Das tr\u00e4gerlose Oberteil T202 hat abnehmbare Schulterriemen. Sie k\u00f6nnen es tr\u00e4gerlos oder mit den Tr\u00e4gern auf den Schultern und schulterfrei zusammen mit dem Rock SK06 tragen.\" \/>\n<meta name=\"robots\" content=\"index, follow, max-snippet:-1, max-image-preview:large, max-video-preview:-1\" \/>\n<link rel=\"canonical\" href=\"https:\/\/www.koonings.com\/de\/product\/demetrios-by-you-t202-top\/\" \/>\n<meta property=\"og:locale\" content=\"de_DE\" \/>\n<meta property=\"og:type\" content=\"article\" \/>\n<meta property=\"og:title\" content=\"Demetrios By You T202 Oberteil | Koonings\" \/>\n<meta property=\"og:description\" content=\"Neu in unserem Demetrios Shop-in-Shop; ein einzigartiges Konzept, bei dem Sie die M\u00f6glichkeit haben, das perfekte Brautkleid selbst zusammenzustellen. Sie haben die Wahl zwischen f\u00fcnf verschiedenen Oberteilen und drei Arten von R\u00f6cken. Entscheiden Sie sich f\u00fcr ein Spitzenmieder mit lockerem Rock oder w\u00e4hlen Sie ein komplettes Hochzeitskleid aus. Das tr\u00e4gerlose Oberteil T202 hat abnehmbare Schulterriemen. Sie k\u00f6nnen es tr\u00e4gerlos oder mit den Tr\u00e4gern auf den Schultern und schulterfrei zusammen mit dem Rock SK06 tragen.\" \/>\n<meta property=\"og:url\" content=\"https:\/\/www.koonings.com\/de\/product\/demetrios-by-you-t202-top\/\" \/>\n<meta property=\"og:site_name\" content=\"Koonings\" \/>\n<meta property=\"article:publisher\" content=\"https:\/\/www.facebook.com\/kooningstheweddingpalace\" \/>\n<meta property=\"og:image\" content=\"https:\/\/www.koonings.com\/wp-content\/uploads\/2024\/11\/36710_a57225a26d86a8524e77724255d9550493cde7ce27cee519f8fa5ff15ddcf5478e378b65-scaled.jpeg\" \/>\n\t<meta property=\"og:image:width\" content=\"1813\" \/>\n\t<meta property=\"og:image:height\" content=\"2560\" \/>\n\t<meta property=\"og:image:type\" content=\"image\/jpeg\" \/>\n<meta name=\"twitter:card\" content=\"summary_large_image\" \/>\n<script type=\"application\/ld+json\" class=\"yoast-schema-graph\">{\"@context\":\"https:\\\/\\\/schema.org\",\"@graph\":[{\"@type\":\"WebPage\",\"@id\":\"https:\\\/\\\/www.koonings.com\\\/de\\\/product\\\/demetrios-by-you-t202-top\\\/\",\"url\":\"https:\\\/\\\/www.koonings.com\\\/de\\\/product\\\/demetrios-by-you-t202-top\\\/\",\"name\":\"Demetrios By You T202 Oberteil | Koonings\",\"isPartOf\":{\"@id\":\"https:\\\/\\\/www.koonings.com\\\/de\\\/#website\"},\"primaryImageOfPage\":{\"@id\":\"https:\\\/\\\/www.koonings.com\\\/de\\\/product\\\/demetrios-by-you-t202-top\\\/#primaryimage\"},\"image\":{\"@id\":\"https:\\\/\\\/www.koonings.com\\\/de\\\/product\\\/demetrios-by-you-t202-top\\\/#primaryimage\"},\"thumbnailUrl\":\"https:\\\/\\\/www.koonings.com\\\/wp-content\\\/uploads\\\/2024\\\/11\\\/36710_a57225a26d86a8524e77724255d9550493cde7ce27cee519f8fa5ff15ddcf5478e378b65-scaled.jpeg\",\"datePublished\":\"2026-05-06T13:06:39+00:00\",\"description\":\"Neu in unserem Demetrios Shop-in-Shop; ein einzigartiges Konzept, bei dem Sie die M\u00f6glichkeit haben, das perfekte Brautkleid selbst zusammenzustellen. Sie haben die Wahl zwischen f\u00fcnf verschiedenen Oberteilen und drei Arten von R\u00f6cken. Entscheiden Sie sich f\u00fcr ein Spitzenmieder mit lockerem Rock oder w\u00e4hlen Sie ein komplettes Hochzeitskleid aus. Das tr\u00e4gerlose Oberteil T202 hat abnehmbare Schulterriemen. Sie k\u00f6nnen es tr\u00e4gerlos oder mit den Tr\u00e4gern auf den Schultern und schulterfrei zusammen mit dem Rock SK06 tragen.\",\"breadcrumb\":{\"@id\":\"https:\\\/\\\/www.koonings.com\\\/de\\\/product\\\/demetrios-by-you-t202-top\\\/#breadcrumb\"},\"inLanguage\":\"de\",\"potentialAction\":[{\"@type\":\"ReadAction\",\"target\":[\"https:\\\/\\\/www.koonings.com\\\/de\\\/product\\\/demetrios-by-you-t202-top\\\/\"]}]},{\"@type\":\"ImageObject\",\"inLanguage\":\"de\",\"@id\":\"https:\\\/\\\/www.koonings.com\\\/de\\\/product\\\/demetrios-by-you-t202-top\\\/#primaryimage\",\"url\":\"https:\\\/\\\/www.koonings.com\\\/wp-content\\\/uploads\\\/2024\\\/11\\\/36710_a57225a26d86a8524e77724255d9550493cde7ce27cee519f8fa5ff15ddcf5478e378b65-scaled.jpeg\",\"contentUrl\":\"https:\\\/\\\/www.koonings.com\\\/wp-content\\\/uploads\\\/2024\\\/11\\\/36710_a57225a26d86a8524e77724255d9550493cde7ce27cee519f8fa5ff15ddcf5478e378b65-scaled.jpeg\",\"width\":1813,\"height\":2560},{\"@type\":\"BreadcrumbList\",\"@id\":\"https:\\\/\\\/www.koonings.com\\\/de\\\/product\\\/demetrios-by-you-t202-top\\\/#breadcrumb\",\"itemListElement\":[{\"@type\":\"ListItem\",\"position\":1,\"name\":\"Home\",\"item\":\"https:\\\/\\\/www.koonings.com\\\/de\\\/\"},{\"@type\":\"ListItem\",\"position\":2,\"name\":\"Demetrios By You T202 Oberteil\"}]},{\"@type\":\"WebSite\",\"@id\":\"https:\\\/\\\/www.koonings.com\\\/de\\\/#website\",\"url\":\"https:\\\/\\\/www.koonings.com\\\/de\\\/\",\"name\":\"Koonings\",\"description\":\"De grootste bruidsmodewinkel ter wereld\",\"publisher\":{\"@id\":\"https:\\\/\\\/www.koonings.com\\\/de\\\/#organization\"},\"potentialAction\":[{\"@type\":\"SearchAction\",\"target\":{\"@type\":\"EntryPoint\",\"urlTemplate\":\"https:\\\/\\\/www.koonings.com\\\/de\\\/?s={search_term_string}\"},\"query-input\":{\"@type\":\"PropertyValueSpecification\",\"valueRequired\":true,\"valueName\":\"search_term_string\"}}],\"inLanguage\":\"de\"},{\"@type\":\"Organization\",\"@id\":\"https:\\\/\\\/www.koonings.com\\\/de\\\/#organization\",\"name\":\"Koonings\",\"url\":\"https:\\\/\\\/www.koonings.com\\\/de\\\/\",\"logo\":{\"@type\":\"ImageObject\",\"inLanguage\":\"de\",\"@id\":\"https:\\\/\\\/www.koonings.com\\\/de\\\/#\\\/schema\\\/logo\\\/image\\\/\",\"url\":\"https:\\\/\\\/www.koonings.com\\\/wp-content\\\/uploads\\\/2024\\\/07\\\/logo.png\",\"contentUrl\":\"https:\\\/\\\/www.koonings.com\\\/wp-content\\\/uploads\\\/2024\\\/07\\\/logo.png\",\"width\":600,\"height\":428,\"caption\":\"Koonings\"},\"image\":{\"@id\":\"https:\\\/\\\/www.koonings.com\\\/de\\\/#\\\/schema\\\/logo\\\/image\\\/\"},\"sameAs\":[\"https:\\\/\\\/www.facebook.com\\\/kooningstheweddingpalace\",\"https:\\\/\\\/www.instagram.com\\\/kooningstheweddingpalace\",\"https:\\\/\\\/www.pinterest.com\\\/koonings\",\"https:\\\/\\\/www.youtube.com\\\/kooningstheweddingpalace\"]}]}<\/script>\n<!-- \/ Yoast SEO plugin. -->","yoast_head_json":{"title":"Demetrios By You T202 Oberteil | Koonings","description":"Neu in unserem Demetrios Shop-in-Shop; ein einzigartiges Konzept, bei dem Sie die M\u00f6glichkeit haben, das perfekte Brautkleid selbst zusammenzustellen. Sie haben die Wahl zwischen f\u00fcnf verschiedenen Oberteilen und drei Arten von R\u00f6cken. Entscheiden Sie sich f\u00fcr ein Spitzenmieder mit lockerem Rock oder w\u00e4hlen Sie ein komplettes Hochzeitskleid aus. Das tr\u00e4gerlose Oberteil T202 hat abnehmbare Schulterriemen. Sie k\u00f6nnen es tr\u00e4gerlos oder mit den Tr\u00e4gern auf den Schultern und schulterfrei zusammen mit dem Rock SK06 tragen.","robots":{"index":"index","follow":"follow","max-snippet":"max-snippet:-1","max-image-preview":"max-image-preview:large","max-video-preview":"max-video-preview:-1"},"canonical":"https:\/\/www.koonings.com\/de\/product\/demetrios-by-you-t202-top\/","og_locale":"de_DE","og_type":"article","og_title":"Demetrios By You T202 Oberteil | Koonings","og_description":"Neu in unserem Demetrios Shop-in-Shop; ein einzigartiges Konzept, bei dem Sie die M\u00f6glichkeit haben, das perfekte Brautkleid selbst zusammenzustellen. Sie haben die Wahl zwischen f\u00fcnf verschiedenen Oberteilen und drei Arten von R\u00f6cken. Entscheiden Sie sich f\u00fcr ein Spitzenmieder mit lockerem Rock oder w\u00e4hlen Sie ein komplettes Hochzeitskleid aus. Das tr\u00e4gerlose Oberteil T202 hat abnehmbare Schulterriemen. Sie k\u00f6nnen es tr\u00e4gerlos oder mit den Tr\u00e4gern auf den Schultern und schulterfrei zusammen mit dem Rock SK06 tragen.","og_url":"https:\/\/www.koonings.com\/de\/product\/demetrios-by-you-t202-top\/","og_site_name":"Koonings","article_publisher":"https:\/\/www.facebook.com\/kooningstheweddingpalace","og_image":[{"width":1813,"height":2560,"url":"https:\/\/www.koonings.com\/wp-content\/uploads\/2024\/11\/36710_a57225a26d86a8524e77724255d9550493cde7ce27cee519f8fa5ff15ddcf5478e378b65-scaled.jpeg","type":"image\/jpeg"}],"twitter_card":"summary_large_image","schema":{"@context":"https:\/\/schema.org","@graph":[{"@type":"WebPage","@id":"https:\/\/www.koonings.com\/de\/product\/demetrios-by-you-t202-top\/","url":"https:\/\/www.koonings.com\/de\/product\/demetrios-by-you-t202-top\/","name":"Demetrios By You T202 Oberteil | Koonings","isPartOf":{"@id":"https:\/\/www.koonings.com\/de\/#website"},"primaryImageOfPage":{"@id":"https:\/\/www.koonings.com\/de\/product\/demetrios-by-you-t202-top\/#primaryimage"},"image":{"@id":"https:\/\/www.koonings.com\/de\/product\/demetrios-by-you-t202-top\/#primaryimage"},"thumbnailUrl":"https:\/\/www.koonings.com\/wp-content\/uploads\/2024\/11\/36710_a57225a26d86a8524e77724255d9550493cde7ce27cee519f8fa5ff15ddcf5478e378b65-scaled.jpeg","datePublished":"2026-05-06T13:06:39+00:00","description":"Neu in unserem Demetrios Shop-in-Shop; ein einzigartiges Konzept, bei dem Sie die M\u00f6glichkeit haben, das perfekte Brautkleid selbst zusammenzustellen. Sie haben die Wahl zwischen f\u00fcnf verschiedenen Oberteilen und drei Arten von R\u00f6cken. Entscheiden Sie sich f\u00fcr ein Spitzenmieder mit lockerem Rock oder w\u00e4hlen Sie ein komplettes Hochzeitskleid aus. Das tr\u00e4gerlose Oberteil T202 hat abnehmbare Schulterriemen. Sie k\u00f6nnen es tr\u00e4gerlos oder mit den Tr\u00e4gern auf den Schultern und schulterfrei zusammen mit dem Rock SK06 tragen.","breadcrumb":{"@id":"https:\/\/www.koonings.com\/de\/product\/demetrios-by-you-t202-top\/#breadcrumb"},"inLanguage":"de","potentialAction":[{"@type":"ReadAction","target":["https:\/\/www.koonings.com\/de\/product\/demetrios-by-you-t202-top\/"]}]},{"@type":"ImageObject","inLanguage":"de","@id":"https:\/\/www.koonings.com\/de\/product\/demetrios-by-you-t202-top\/#primaryimage","url":"https:\/\/www.koonings.com\/wp-content\/uploads\/2024\/11\/36710_a57225a26d86a8524e77724255d9550493cde7ce27cee519f8fa5ff15ddcf5478e378b65-scaled.jpeg","contentUrl":"https:\/\/www.koonings.com\/wp-content\/uploads\/2024\/11\/36710_a57225a26d86a8524e77724255d9550493cde7ce27cee519f8fa5ff15ddcf5478e378b65-scaled.jpeg","width":1813,"height":2560},{"@type":"BreadcrumbList","@id":"https:\/\/www.koonings.com\/de\/product\/demetrios-by-you-t202-top\/#breadcrumb","itemListElement":[{"@type":"ListItem","position":1,"name":"Home","item":"https:\/\/www.koonings.com\/de\/"},{"@type":"ListItem","position":2,"name":"Demetrios By You T202 Oberteil"}]},{"@type":"WebSite","@id":"https:\/\/www.koonings.com\/de\/#website","url":"https:\/\/www.koonings.com\/de\/","name":"Koonings","description":"De grootste bruidsmodewinkel ter wereld","publisher":{"@id":"https:\/\/www.koonings.com\/de\/#organization"},"potentialAction":[{"@type":"SearchAction","target":{"@type":"EntryPoint","urlTemplate":"https:\/\/www.koonings.com\/de\/?s={search_term_string}"},"query-input":{"@type":"PropertyValueSpecification","valueRequired":true,"valueName":"search_term_string"}}],"inLanguage":"de"},{"@type":"Organization","@id":"https:\/\/www.koonings.com\/de\/#organization","name":"Koonings","url":"https:\/\/www.koonings.com\/de\/","logo":{"@type":"ImageObject","inLanguage":"de","@id":"https:\/\/www.koonings.com\/de\/#\/schema\/logo\/image\/","url":"https:\/\/www.koonings.com\/wp-content\/uploads\/2024\/07\/logo.png","contentUrl":"https:\/\/www.koonings.com\/wp-content\/uploads\/2024\/07\/logo.png","width":600,"height":428,"caption":"Koonings"},"image":{"@id":"https:\/\/www.koonings.com\/de\/#\/schema\/logo\/image\/"},"sameAs":["https:\/\/www.facebook.com\/kooningstheweddingpalace","https:\/\/www.instagram.com\/kooningstheweddingpalace","https:\/\/www.pinterest.com\/koonings","https:\/\/www.youtube.com\/kooningstheweddingpalace"]}]}},"_links":{"self":[{"href":"https:\/\/www.koonings.com\/de\/wp-json\/wp\/v2\/product\/78334","targetHints":{"allow":["GET"]}}],"collection":[{"href":"https:\/\/www.koonings.com\/de\/wp-json\/wp\/v2\/product"}],"about":[{"href":"https:\/\/www.koonings.com\/de\/wp-json\/wp\/v2\/types\/product"}],"wp:featuredmedia":[{"embeddable":true,"href":"https:\/\/www.koonings.com\/de\/wp-json\/wp\/v2\/media\/61437"}],"wp:attachment":[{"href":"https:\/\/www.koonings.com\/de\/wp-json\/wp\/v2\/media?parent=78334"}],"wp:term":[{"taxonomy":"productdetails","embeddable":true,"href":"https:\/\/www.koonings.com\/de\/wp-json\/wp\/v2\/productdetails?post=78334"},{"taxonomy":"productneck","embeddable":true,"href":"https:\/\/www.koonings.com\/de\/wp-json\/wp\/v2\/productneck?post=78334"},{"taxonomy":"productcolor","embeddable":true,"href":"https:\/\/www.koonings.com\/de\/wp-json\/wp\/v2\/productcolor?post=78334"},{"taxonomy":"maat","embeddable":true,"href":"https:\/\/www.koonings.com\/de\/wp-json\/wp\/v2\/maat?post=78334"},{"taxonomy":"productsupplier","embeddable":true,"href":"https:\/\/www.koonings.com\/de\/wp-json\/wp\/v2\/productsupplier?post=78334"},{"taxonomy":"productsleeve","embeddable":true,"href":"https:\/\/www.koonings.com\/de\/wp-json\/wp\/v2\/productsleeve?post=78334"},{"taxonomy":"productcategory","embeddable":true,"href":"https:\/\/www.koonings.com\/de\/wp-json\/wp\/v2\/productcategory?post=78334"},{"taxonomy":"productsilhouette","embeddable":true,"href":"https:\/\/www.koonings.com\/de\/wp-json\/wp\/v2\/productsilhouette?post=78334"},{"taxonomy":"productstyle","embeddable":true,"href":"https:\/\/www.koonings.com\/de\/wp-json\/wp\/v2\/productstyle?post=78334"}],"curies":[{"name":"wp","href":"https:\/\/api.w.org\/{rel}","templated":true}]}}