{"id":78322,"date":"2026-04-21T18:16:21","date_gmt":"2026-04-21T16:16:21","guid":{"rendered":"https:\/\/www.koonings.com\/product\/alta-moda-by-demetrios-am28\/"},"modified":"2025-06-05T13:29:03","modified_gmt":"2025-06-05T11:29:03","slug":"alta-moda-by-demetrios-am28","status":"publish","type":"product","link":"https:\/\/www.koonings.com\/de\/product\/alta-moda-by-demetrios-am28\/","title":{"rendered":"Alta Moda by Demetrios AM28"},"content":{"rendered":"<p>Atemberaubendes schwarzes Hochzeitskleid f\u00fcr die k\u00fchne Braut. Von schmeichelhaften Meerjungfrauen-Silhouetten bis hin zu pr\u00e4chtigen Ballkleidern verk\u00f6rpert die Alta Moda-Kollektion wahren Brauteluxus und Couture-Handwerk. Die Alta Moda Kollektion konzentriert sich auf die Kreation von Looks f\u00fcr ikonische Br\u00e4ute, die wirklich furchtlos sind und an ihrem Tag einen unvergesslichen Eindruck hinterlassen wollen. Entdecken Sie die elfenbeinfarbene und wei\u00dfe Version dieses Kleides im Stil von 1256 aus der Demetrios Kollektion.   <\/p>\n","protected":false},"featured_media":61455,"template":"","meta":{"_acf_changed":false,"ghostkit_customizer_options":"","ghostkit_custom_css":"","ghostkit_custom_js_head":"","ghostkit_custom_js_foot":"","ghostkit_typography":""},"productdetails":[],"productneck":[356],"productcolor":[394],"maat":[],"productsupplier":[468],"productsleeve":[363],"productcategory":[18],"productsilhouette":[384],"productstyle":[366],"class_list":["post-78322","product","type-product","status-publish","has-post-thumbnail","hentry","productneck-356","productcolor-394","productsupplier-alta-moda-by-demetrios","productsleeve-363","productcategory-trouwjurken","productsilhouette-384","productstyle-366"],"acf":[],"yoast_head":"<!-- This site is optimized with the Yoast SEO plugin v27.3 - https:\/\/yoast.com\/product\/yoast-seo-wordpress\/ -->\n<title>Alta Moda by Demetrios AM28 | Koonings<\/title>\n<meta name=\"description\" content=\"Atemberaubendes schwarzes Hochzeitskleid f\u00fcr die k\u00fchne Braut. Von schmeichelhaften Meerjungfrauen-Silhouetten bis hin zu pr\u00e4chtigen Ballkleidern verk\u00f6rpert die Alta Moda-Kollektion wahren Brauteluxus und Couture-Handwerk. Die Alta Moda Kollektion konzentriert sich auf die Kreation von Looks f\u00fcr ikonische Br\u00e4ute, die wirklich furchtlos sind und an ihrem Tag einen unvergesslichen Eindruck hinterlassen wollen. Entdecken Sie die elfenbeinfarbene und wei\u00dfe Version dieses Kleides im Stil von 1256 aus der Demetrios Kollektion.\" \/>\n<meta name=\"robots\" content=\"index, follow, max-snippet:-1, max-image-preview:large, max-video-preview:-1\" \/>\n<link rel=\"canonical\" href=\"https:\/\/www.koonings.com\/de\/product\/alta-moda-by-demetrios-am28\/\" \/>\n<meta property=\"og:locale\" content=\"de_DE\" \/>\n<meta property=\"og:type\" content=\"article\" \/>\n<meta property=\"og:title\" content=\"Alta Moda by Demetrios AM28 | Koonings\" \/>\n<meta property=\"og:description\" content=\"Atemberaubendes schwarzes Hochzeitskleid f\u00fcr die k\u00fchne Braut. Von schmeichelhaften Meerjungfrauen-Silhouetten bis hin zu pr\u00e4chtigen Ballkleidern verk\u00f6rpert die Alta Moda-Kollektion wahren Brauteluxus und Couture-Handwerk. Die Alta Moda Kollektion konzentriert sich auf die Kreation von Looks f\u00fcr ikonische Br\u00e4ute, die wirklich furchtlos sind und an ihrem Tag einen unvergesslichen Eindruck hinterlassen wollen. Entdecken Sie die elfenbeinfarbene und wei\u00dfe Version dieses Kleides im Stil von 1256 aus der Demetrios Kollektion.\" \/>\n<meta property=\"og:url\" content=\"https:\/\/www.koonings.com\/de\/product\/alta-moda-by-demetrios-am28\/\" \/>\n<meta property=\"og:site_name\" content=\"Koonings\" \/>\n<meta property=\"article:publisher\" content=\"https:\/\/www.facebook.com\/kooningstheweddingpalace\" \/>\n<meta property=\"og:image\" content=\"https:\/\/www.koonings.com\/wp-content\/uploads\/2024\/11\/39805_c4864437af105184d7b83124b5aaab58d248538878f55180b8cb1628f307c59dfd806430-scaled.jpeg\" \/>\n\t<meta property=\"og:image:width\" content=\"1809\" \/>\n\t<meta property=\"og:image:height\" content=\"2560\" \/>\n\t<meta property=\"og:image:type\" content=\"image\/jpeg\" \/>\n<meta name=\"twitter:card\" content=\"summary_large_image\" \/>\n<script type=\"application\/ld+json\" class=\"yoast-schema-graph\">{\"@context\":\"https:\\\/\\\/schema.org\",\"@graph\":[{\"@type\":\"WebPage\",\"@id\":\"https:\\\/\\\/www.koonings.com\\\/de\\\/product\\\/alta-moda-by-demetrios-am28\\\/\",\"url\":\"https:\\\/\\\/www.koonings.com\\\/de\\\/product\\\/alta-moda-by-demetrios-am28\\\/\",\"name\":\"Alta Moda by Demetrios AM28 | Koonings\",\"isPartOf\":{\"@id\":\"https:\\\/\\\/www.koonings.com\\\/de\\\/#website\"},\"primaryImageOfPage\":{\"@id\":\"https:\\\/\\\/www.koonings.com\\\/de\\\/product\\\/alta-moda-by-demetrios-am28\\\/#primaryimage\"},\"image\":{\"@id\":\"https:\\\/\\\/www.koonings.com\\\/de\\\/product\\\/alta-moda-by-demetrios-am28\\\/#primaryimage\"},\"thumbnailUrl\":\"https:\\\/\\\/www.koonings.com\\\/wp-content\\\/uploads\\\/2024\\\/11\\\/39805_c4864437af105184d7b83124b5aaab58d248538878f55180b8cb1628f307c59dfd806430-scaled.jpeg\",\"datePublished\":\"2026-04-21T16:16:21+00:00\",\"description\":\"Atemberaubendes schwarzes Hochzeitskleid f\u00fcr die k\u00fchne Braut. Von schmeichelhaften Meerjungfrauen-Silhouetten bis hin zu pr\u00e4chtigen Ballkleidern verk\u00f6rpert die Alta Moda-Kollektion wahren Brauteluxus und Couture-Handwerk. Die Alta Moda Kollektion konzentriert sich auf die Kreation von Looks f\u00fcr ikonische Br\u00e4ute, die wirklich furchtlos sind und an ihrem Tag einen unvergesslichen Eindruck hinterlassen wollen. Entdecken Sie die elfenbeinfarbene und wei\u00dfe Version dieses Kleides im Stil von 1256 aus der Demetrios Kollektion.\",\"breadcrumb\":{\"@id\":\"https:\\\/\\\/www.koonings.com\\\/de\\\/product\\\/alta-moda-by-demetrios-am28\\\/#breadcrumb\"},\"inLanguage\":\"de\",\"potentialAction\":[{\"@type\":\"ReadAction\",\"target\":[\"https:\\\/\\\/www.koonings.com\\\/de\\\/product\\\/alta-moda-by-demetrios-am28\\\/\"]}]},{\"@type\":\"ImageObject\",\"inLanguage\":\"de\",\"@id\":\"https:\\\/\\\/www.koonings.com\\\/de\\\/product\\\/alta-moda-by-demetrios-am28\\\/#primaryimage\",\"url\":\"https:\\\/\\\/www.koonings.com\\\/wp-content\\\/uploads\\\/2024\\\/11\\\/39805_c4864437af105184d7b83124b5aaab58d248538878f55180b8cb1628f307c59dfd806430-scaled.jpeg\",\"contentUrl\":\"https:\\\/\\\/www.koonings.com\\\/wp-content\\\/uploads\\\/2024\\\/11\\\/39805_c4864437af105184d7b83124b5aaab58d248538878f55180b8cb1628f307c59dfd806430-scaled.jpeg\",\"width\":1809,\"height\":2560},{\"@type\":\"BreadcrumbList\",\"@id\":\"https:\\\/\\\/www.koonings.com\\\/de\\\/product\\\/alta-moda-by-demetrios-am28\\\/#breadcrumb\",\"itemListElement\":[{\"@type\":\"ListItem\",\"position\":1,\"name\":\"Home\",\"item\":\"https:\\\/\\\/www.koonings.com\\\/de\\\/\"},{\"@type\":\"ListItem\",\"position\":2,\"name\":\"Alta Moda by Demetrios AM28\"}]},{\"@type\":\"WebSite\",\"@id\":\"https:\\\/\\\/www.koonings.com\\\/de\\\/#website\",\"url\":\"https:\\\/\\\/www.koonings.com\\\/de\\\/\",\"name\":\"Koonings\",\"description\":\"De grootste bruidsmodewinkel ter wereld\",\"publisher\":{\"@id\":\"https:\\\/\\\/www.koonings.com\\\/de\\\/#organization\"},\"potentialAction\":[{\"@type\":\"SearchAction\",\"target\":{\"@type\":\"EntryPoint\",\"urlTemplate\":\"https:\\\/\\\/www.koonings.com\\\/de\\\/?s={search_term_string}\"},\"query-input\":{\"@type\":\"PropertyValueSpecification\",\"valueRequired\":true,\"valueName\":\"search_term_string\"}}],\"inLanguage\":\"de\"},{\"@type\":\"Organization\",\"@id\":\"https:\\\/\\\/www.koonings.com\\\/de\\\/#organization\",\"name\":\"Koonings\",\"url\":\"https:\\\/\\\/www.koonings.com\\\/de\\\/\",\"logo\":{\"@type\":\"ImageObject\",\"inLanguage\":\"de\",\"@id\":\"https:\\\/\\\/www.koonings.com\\\/de\\\/#\\\/schema\\\/logo\\\/image\\\/\",\"url\":\"https:\\\/\\\/www.koonings.com\\\/wp-content\\\/uploads\\\/2024\\\/07\\\/logo.png\",\"contentUrl\":\"https:\\\/\\\/www.koonings.com\\\/wp-content\\\/uploads\\\/2024\\\/07\\\/logo.png\",\"width\":600,\"height\":428,\"caption\":\"Koonings\"},\"image\":{\"@id\":\"https:\\\/\\\/www.koonings.com\\\/de\\\/#\\\/schema\\\/logo\\\/image\\\/\"},\"sameAs\":[\"https:\\\/\\\/www.facebook.com\\\/kooningstheweddingpalace\",\"https:\\\/\\\/www.instagram.com\\\/kooningstheweddingpalace\",\"https:\\\/\\\/www.pinterest.com\\\/koonings\",\"https:\\\/\\\/www.youtube.com\\\/kooningstheweddingpalace\"]}]}<\/script>\n<!-- \/ Yoast SEO plugin. -->","yoast_head_json":{"title":"Alta Moda by Demetrios AM28 | Koonings","description":"Atemberaubendes schwarzes Hochzeitskleid f\u00fcr die k\u00fchne Braut. Von schmeichelhaften Meerjungfrauen-Silhouetten bis hin zu pr\u00e4chtigen Ballkleidern verk\u00f6rpert die Alta Moda-Kollektion wahren Brauteluxus und Couture-Handwerk. Die Alta Moda Kollektion konzentriert sich auf die Kreation von Looks f\u00fcr ikonische Br\u00e4ute, die wirklich furchtlos sind und an ihrem Tag einen unvergesslichen Eindruck hinterlassen wollen. Entdecken Sie die elfenbeinfarbene und wei\u00dfe Version dieses Kleides im Stil von 1256 aus der Demetrios Kollektion.","robots":{"index":"index","follow":"follow","max-snippet":"max-snippet:-1","max-image-preview":"max-image-preview:large","max-video-preview":"max-video-preview:-1"},"canonical":"https:\/\/www.koonings.com\/de\/product\/alta-moda-by-demetrios-am28\/","og_locale":"de_DE","og_type":"article","og_title":"Alta Moda by Demetrios AM28 | Koonings","og_description":"Atemberaubendes schwarzes Hochzeitskleid f\u00fcr die k\u00fchne Braut. Von schmeichelhaften Meerjungfrauen-Silhouetten bis hin zu pr\u00e4chtigen Ballkleidern verk\u00f6rpert die Alta Moda-Kollektion wahren Brauteluxus und Couture-Handwerk. Die Alta Moda Kollektion konzentriert sich auf die Kreation von Looks f\u00fcr ikonische Br\u00e4ute, die wirklich furchtlos sind und an ihrem Tag einen unvergesslichen Eindruck hinterlassen wollen. Entdecken Sie die elfenbeinfarbene und wei\u00dfe Version dieses Kleides im Stil von 1256 aus der Demetrios Kollektion.","og_url":"https:\/\/www.koonings.com\/de\/product\/alta-moda-by-demetrios-am28\/","og_site_name":"Koonings","article_publisher":"https:\/\/www.facebook.com\/kooningstheweddingpalace","og_image":[{"width":1809,"height":2560,"url":"https:\/\/www.koonings.com\/wp-content\/uploads\/2024\/11\/39805_c4864437af105184d7b83124b5aaab58d248538878f55180b8cb1628f307c59dfd806430-scaled.jpeg","type":"image\/jpeg"}],"twitter_card":"summary_large_image","schema":{"@context":"https:\/\/schema.org","@graph":[{"@type":"WebPage","@id":"https:\/\/www.koonings.com\/de\/product\/alta-moda-by-demetrios-am28\/","url":"https:\/\/www.koonings.com\/de\/product\/alta-moda-by-demetrios-am28\/","name":"Alta Moda by Demetrios AM28 | Koonings","isPartOf":{"@id":"https:\/\/www.koonings.com\/de\/#website"},"primaryImageOfPage":{"@id":"https:\/\/www.koonings.com\/de\/product\/alta-moda-by-demetrios-am28\/#primaryimage"},"image":{"@id":"https:\/\/www.koonings.com\/de\/product\/alta-moda-by-demetrios-am28\/#primaryimage"},"thumbnailUrl":"https:\/\/www.koonings.com\/wp-content\/uploads\/2024\/11\/39805_c4864437af105184d7b83124b5aaab58d248538878f55180b8cb1628f307c59dfd806430-scaled.jpeg","datePublished":"2026-04-21T16:16:21+00:00","description":"Atemberaubendes schwarzes Hochzeitskleid f\u00fcr die k\u00fchne Braut. Von schmeichelhaften Meerjungfrauen-Silhouetten bis hin zu pr\u00e4chtigen Ballkleidern verk\u00f6rpert die Alta Moda-Kollektion wahren Brauteluxus und Couture-Handwerk. Die Alta Moda Kollektion konzentriert sich auf die Kreation von Looks f\u00fcr ikonische Br\u00e4ute, die wirklich furchtlos sind und an ihrem Tag einen unvergesslichen Eindruck hinterlassen wollen. Entdecken Sie die elfenbeinfarbene und wei\u00dfe Version dieses Kleides im Stil von 1256 aus der Demetrios Kollektion.","breadcrumb":{"@id":"https:\/\/www.koonings.com\/de\/product\/alta-moda-by-demetrios-am28\/#breadcrumb"},"inLanguage":"de","potentialAction":[{"@type":"ReadAction","target":["https:\/\/www.koonings.com\/de\/product\/alta-moda-by-demetrios-am28\/"]}]},{"@type":"ImageObject","inLanguage":"de","@id":"https:\/\/www.koonings.com\/de\/product\/alta-moda-by-demetrios-am28\/#primaryimage","url":"https:\/\/www.koonings.com\/wp-content\/uploads\/2024\/11\/39805_c4864437af105184d7b83124b5aaab58d248538878f55180b8cb1628f307c59dfd806430-scaled.jpeg","contentUrl":"https:\/\/www.koonings.com\/wp-content\/uploads\/2024\/11\/39805_c4864437af105184d7b83124b5aaab58d248538878f55180b8cb1628f307c59dfd806430-scaled.jpeg","width":1809,"height":2560},{"@type":"BreadcrumbList","@id":"https:\/\/www.koonings.com\/de\/product\/alta-moda-by-demetrios-am28\/#breadcrumb","itemListElement":[{"@type":"ListItem","position":1,"name":"Home","item":"https:\/\/www.koonings.com\/de\/"},{"@type":"ListItem","position":2,"name":"Alta Moda by Demetrios AM28"}]},{"@type":"WebSite","@id":"https:\/\/www.koonings.com\/de\/#website","url":"https:\/\/www.koonings.com\/de\/","name":"Koonings","description":"De grootste bruidsmodewinkel ter wereld","publisher":{"@id":"https:\/\/www.koonings.com\/de\/#organization"},"potentialAction":[{"@type":"SearchAction","target":{"@type":"EntryPoint","urlTemplate":"https:\/\/www.koonings.com\/de\/?s={search_term_string}"},"query-input":{"@type":"PropertyValueSpecification","valueRequired":true,"valueName":"search_term_string"}}],"inLanguage":"de"},{"@type":"Organization","@id":"https:\/\/www.koonings.com\/de\/#organization","name":"Koonings","url":"https:\/\/www.koonings.com\/de\/","logo":{"@type":"ImageObject","inLanguage":"de","@id":"https:\/\/www.koonings.com\/de\/#\/schema\/logo\/image\/","url":"https:\/\/www.koonings.com\/wp-content\/uploads\/2024\/07\/logo.png","contentUrl":"https:\/\/www.koonings.com\/wp-content\/uploads\/2024\/07\/logo.png","width":600,"height":428,"caption":"Koonings"},"image":{"@id":"https:\/\/www.koonings.com\/de\/#\/schema\/logo\/image\/"},"sameAs":["https:\/\/www.facebook.com\/kooningstheweddingpalace","https:\/\/www.instagram.com\/kooningstheweddingpalace","https:\/\/www.pinterest.com\/koonings","https:\/\/www.youtube.com\/kooningstheweddingpalace"]}]}},"_links":{"self":[{"href":"https:\/\/www.koonings.com\/de\/wp-json\/wp\/v2\/product\/78322","targetHints":{"allow":["GET"]}}],"collection":[{"href":"https:\/\/www.koonings.com\/de\/wp-json\/wp\/v2\/product"}],"about":[{"href":"https:\/\/www.koonings.com\/de\/wp-json\/wp\/v2\/types\/product"}],"wp:featuredmedia":[{"embeddable":true,"href":"https:\/\/www.koonings.com\/de\/wp-json\/wp\/v2\/media\/61455"}],"wp:attachment":[{"href":"https:\/\/www.koonings.com\/de\/wp-json\/wp\/v2\/media?parent=78322"}],"wp:term":[{"taxonomy":"productdetails","embeddable":true,"href":"https:\/\/www.koonings.com\/de\/wp-json\/wp\/v2\/productdetails?post=78322"},{"taxonomy":"productneck","embeddable":true,"href":"https:\/\/www.koonings.com\/de\/wp-json\/wp\/v2\/productneck?post=78322"},{"taxonomy":"productcolor","embeddable":true,"href":"https:\/\/www.koonings.com\/de\/wp-json\/wp\/v2\/productcolor?post=78322"},{"taxonomy":"maat","embeddable":true,"href":"https:\/\/www.koonings.com\/de\/wp-json\/wp\/v2\/maat?post=78322"},{"taxonomy":"productsupplier","embeddable":true,"href":"https:\/\/www.koonings.com\/de\/wp-json\/wp\/v2\/productsupplier?post=78322"},{"taxonomy":"productsleeve","embeddable":true,"href":"https:\/\/www.koonings.com\/de\/wp-json\/wp\/v2\/productsleeve?post=78322"},{"taxonomy":"productcategory","embeddable":true,"href":"https:\/\/www.koonings.com\/de\/wp-json\/wp\/v2\/productcategory?post=78322"},{"taxonomy":"productsilhouette","embeddable":true,"href":"https:\/\/www.koonings.com\/de\/wp-json\/wp\/v2\/productsilhouette?post=78322"},{"taxonomy":"productstyle","embeddable":true,"href":"https:\/\/www.koonings.com\/de\/wp-json\/wp\/v2\/productstyle?post=78322"}],"curies":[{"name":"wp","href":"https:\/\/api.w.org\/{rel}","templated":true}]}}