{"id":78077,"date":"2026-05-06T15:02:22","date_gmt":"2026-05-06T13:02:22","guid":{"rendered":"https:\/\/www.koonings.com\/product\/maison-signore-tessa\/"},"modified":"2026-02-16T14:45:45","modified_gmt":"2026-02-16T13:45:45","slug":"maison-signore-tessa","status":"publish","type":"product","link":"https:\/\/www.koonings.com\/de\/product\/maison-signore-tessa\/","title":{"rendered":"Maison Signore Tessa"},"content":{"rendered":"<p>Wenn Sie extravagant und sexy sein wollen, dann ist dieses Hochzeitskleid im Trompetenstil genau das Richtige f\u00fcr Sie. Was sofort auff\u00e4llt, sind der tiefe Ausschnitt und die breiten Schultertr\u00e4ger aus Spitze. Aber auch der Illusions-R\u00fcckenausschnitt ist sehenswert. Das geschmeidige Material umh\u00fcllt den K\u00f6rper wie eine zweite Haut und l\u00e4sst sich wunderbar mit den transparenten Spitzeneins\u00e4tzen an der Seite des Kleides und der langen Schleppe kombinieren.   <\/p>\n","protected":false},"featured_media":62682,"template":"","meta":{"_acf_changed":false,"ghostkit_customizer_options":"","ghostkit_custom_css":"","ghostkit_custom_js_head":"","ghostkit_custom_js_foot":"","ghostkit_typography":""},"productdetails":[],"productneck":[356],"productcolor":[392],"maat":[],"productsupplier":[481],"productsleeve":[359],"productcategory":[18],"productsilhouette":[384,387],"productstyle":[370],"class_list":["post-78077","product","type-product","status-publish","has-post-thumbnail","hentry","productneck-356","productcolor-392","productsupplier-maison-signore","productsleeve-359","productcategory-trouwjurken","productsilhouette-384","productsilhouette-387","productstyle-370"],"acf":[],"yoast_head":"<!-- This site is optimized with the Yoast SEO plugin v27.3 - https:\/\/yoast.com\/product\/yoast-seo-wordpress\/ -->\n<title>Maison Signore Tessa | Koonings<\/title>\n<meta name=\"description\" content=\"Wenn Sie extravagant und sexy sein wollen, dann ist dieses Hochzeitskleid im Trompetenstil genau das Richtige f\u00fcr Sie. Was sofort auff\u00e4llt, sind der tiefe Ausschnitt und die breiten Schultertr\u00e4ger aus Spitze. Aber auch der Illusions-R\u00fcckenausschnitt ist sehenswert. Das geschmeidige Material umh\u00fcllt den K\u00f6rper wie eine zweite Haut und l\u00e4sst sich wunderbar mit den transparenten Spitzeneins\u00e4tzen an der Seite des Kleides und der langen Schleppe kombinieren.\" \/>\n<meta name=\"robots\" content=\"index, follow, max-snippet:-1, max-image-preview:large, max-video-preview:-1\" \/>\n<link rel=\"canonical\" href=\"https:\/\/www.koonings.com\/de\/product\/maison-signore-tessa\/\" \/>\n<meta property=\"og:locale\" content=\"de_DE\" \/>\n<meta property=\"og:type\" content=\"article\" \/>\n<meta property=\"og:title\" content=\"Maison Signore Tessa | Koonings\" \/>\n<meta property=\"og:description\" content=\"Wenn Sie extravagant und sexy sein wollen, dann ist dieses Hochzeitskleid im Trompetenstil genau das Richtige f\u00fcr Sie. Was sofort auff\u00e4llt, sind der tiefe Ausschnitt und die breiten Schultertr\u00e4ger aus Spitze. Aber auch der Illusions-R\u00fcckenausschnitt ist sehenswert. Das geschmeidige Material umh\u00fcllt den K\u00f6rper wie eine zweite Haut und l\u00e4sst sich wunderbar mit den transparenten Spitzeneins\u00e4tzen an der Seite des Kleides und der langen Schleppe kombinieren.\" \/>\n<meta property=\"og:url\" content=\"https:\/\/www.koonings.com\/de\/product\/maison-signore-tessa\/\" \/>\n<meta property=\"og:site_name\" content=\"Koonings\" \/>\n<meta property=\"article:publisher\" content=\"https:\/\/www.facebook.com\/kooningstheweddingpalace\" \/>\n<meta property=\"og:image\" content=\"https:\/\/www.koonings.com\/wp-content\/uploads\/2024\/11\/6567_38d369548b795ff08c3f09a1f0a8e3b2308a184118319709e722432aee552dd6e198261e-scaled.jpeg\" \/>\n\t<meta property=\"og:image:width\" content=\"1810\" \/>\n\t<meta property=\"og:image:height\" content=\"2560\" \/>\n\t<meta property=\"og:image:type\" content=\"image\/jpeg\" \/>\n<meta name=\"twitter:card\" content=\"summary_large_image\" \/>\n<script type=\"application\/ld+json\" class=\"yoast-schema-graph\">{\"@context\":\"https:\\\/\\\/schema.org\",\"@graph\":[{\"@type\":\"WebPage\",\"@id\":\"https:\\\/\\\/www.koonings.com\\\/de\\\/product\\\/maison-signore-tessa\\\/\",\"url\":\"https:\\\/\\\/www.koonings.com\\\/de\\\/product\\\/maison-signore-tessa\\\/\",\"name\":\"Maison Signore Tessa | Koonings\",\"isPartOf\":{\"@id\":\"https:\\\/\\\/www.koonings.com\\\/de\\\/#website\"},\"primaryImageOfPage\":{\"@id\":\"https:\\\/\\\/www.koonings.com\\\/de\\\/product\\\/maison-signore-tessa\\\/#primaryimage\"},\"image\":{\"@id\":\"https:\\\/\\\/www.koonings.com\\\/de\\\/product\\\/maison-signore-tessa\\\/#primaryimage\"},\"thumbnailUrl\":\"https:\\\/\\\/www.koonings.com\\\/wp-content\\\/uploads\\\/2024\\\/11\\\/6567_38d369548b795ff08c3f09a1f0a8e3b2308a184118319709e722432aee552dd6e198261e-scaled.jpeg\",\"datePublished\":\"2026-05-06T13:02:22+00:00\",\"description\":\"Wenn Sie extravagant und sexy sein wollen, dann ist dieses Hochzeitskleid im Trompetenstil genau das Richtige f\u00fcr Sie. Was sofort auff\u00e4llt, sind der tiefe Ausschnitt und die breiten Schultertr\u00e4ger aus Spitze. Aber auch der Illusions-R\u00fcckenausschnitt ist sehenswert. Das geschmeidige Material umh\u00fcllt den K\u00f6rper wie eine zweite Haut und l\u00e4sst sich wunderbar mit den transparenten Spitzeneins\u00e4tzen an der Seite des Kleides und der langen Schleppe kombinieren.\",\"breadcrumb\":{\"@id\":\"https:\\\/\\\/www.koonings.com\\\/de\\\/product\\\/maison-signore-tessa\\\/#breadcrumb\"},\"inLanguage\":\"de\",\"potentialAction\":[{\"@type\":\"ReadAction\",\"target\":[\"https:\\\/\\\/www.koonings.com\\\/de\\\/product\\\/maison-signore-tessa\\\/\"]}]},{\"@type\":\"ImageObject\",\"inLanguage\":\"de\",\"@id\":\"https:\\\/\\\/www.koonings.com\\\/de\\\/product\\\/maison-signore-tessa\\\/#primaryimage\",\"url\":\"https:\\\/\\\/www.koonings.com\\\/wp-content\\\/uploads\\\/2024\\\/11\\\/6567_38d369548b795ff08c3f09a1f0a8e3b2308a184118319709e722432aee552dd6e198261e-scaled.jpeg\",\"contentUrl\":\"https:\\\/\\\/www.koonings.com\\\/wp-content\\\/uploads\\\/2024\\\/11\\\/6567_38d369548b795ff08c3f09a1f0a8e3b2308a184118319709e722432aee552dd6e198261e-scaled.jpeg\",\"width\":1810,\"height\":2560},{\"@type\":\"BreadcrumbList\",\"@id\":\"https:\\\/\\\/www.koonings.com\\\/de\\\/product\\\/maison-signore-tessa\\\/#breadcrumb\",\"itemListElement\":[{\"@type\":\"ListItem\",\"position\":1,\"name\":\"Home\",\"item\":\"https:\\\/\\\/www.koonings.com\\\/de\\\/\"},{\"@type\":\"ListItem\",\"position\":2,\"name\":\"Maison Signore Tessa\"}]},{\"@type\":\"WebSite\",\"@id\":\"https:\\\/\\\/www.koonings.com\\\/de\\\/#website\",\"url\":\"https:\\\/\\\/www.koonings.com\\\/de\\\/\",\"name\":\"Koonings\",\"description\":\"De grootste bruidsmodewinkel ter wereld\",\"publisher\":{\"@id\":\"https:\\\/\\\/www.koonings.com\\\/de\\\/#organization\"},\"potentialAction\":[{\"@type\":\"SearchAction\",\"target\":{\"@type\":\"EntryPoint\",\"urlTemplate\":\"https:\\\/\\\/www.koonings.com\\\/de\\\/?s={search_term_string}\"},\"query-input\":{\"@type\":\"PropertyValueSpecification\",\"valueRequired\":true,\"valueName\":\"search_term_string\"}}],\"inLanguage\":\"de\"},{\"@type\":\"Organization\",\"@id\":\"https:\\\/\\\/www.koonings.com\\\/de\\\/#organization\",\"name\":\"Koonings\",\"url\":\"https:\\\/\\\/www.koonings.com\\\/de\\\/\",\"logo\":{\"@type\":\"ImageObject\",\"inLanguage\":\"de\",\"@id\":\"https:\\\/\\\/www.koonings.com\\\/de\\\/#\\\/schema\\\/logo\\\/image\\\/\",\"url\":\"https:\\\/\\\/www.koonings.com\\\/wp-content\\\/uploads\\\/2024\\\/07\\\/logo.png\",\"contentUrl\":\"https:\\\/\\\/www.koonings.com\\\/wp-content\\\/uploads\\\/2024\\\/07\\\/logo.png\",\"width\":600,\"height\":428,\"caption\":\"Koonings\"},\"image\":{\"@id\":\"https:\\\/\\\/www.koonings.com\\\/de\\\/#\\\/schema\\\/logo\\\/image\\\/\"},\"sameAs\":[\"https:\\\/\\\/www.facebook.com\\\/kooningstheweddingpalace\",\"https:\\\/\\\/www.instagram.com\\\/kooningstheweddingpalace\",\"https:\\\/\\\/www.pinterest.com\\\/koonings\",\"https:\\\/\\\/www.youtube.com\\\/kooningstheweddingpalace\"]}]}<\/script>\n<!-- \/ Yoast SEO plugin. -->","yoast_head_json":{"title":"Maison Signore Tessa | Koonings","description":"Wenn Sie extravagant und sexy sein wollen, dann ist dieses Hochzeitskleid im Trompetenstil genau das Richtige f\u00fcr Sie. Was sofort auff\u00e4llt, sind der tiefe Ausschnitt und die breiten Schultertr\u00e4ger aus Spitze. Aber auch der Illusions-R\u00fcckenausschnitt ist sehenswert. Das geschmeidige Material umh\u00fcllt den K\u00f6rper wie eine zweite Haut und l\u00e4sst sich wunderbar mit den transparenten Spitzeneins\u00e4tzen an der Seite des Kleides und der langen Schleppe kombinieren.","robots":{"index":"index","follow":"follow","max-snippet":"max-snippet:-1","max-image-preview":"max-image-preview:large","max-video-preview":"max-video-preview:-1"},"canonical":"https:\/\/www.koonings.com\/de\/product\/maison-signore-tessa\/","og_locale":"de_DE","og_type":"article","og_title":"Maison Signore Tessa | Koonings","og_description":"Wenn Sie extravagant und sexy sein wollen, dann ist dieses Hochzeitskleid im Trompetenstil genau das Richtige f\u00fcr Sie. Was sofort auff\u00e4llt, sind der tiefe Ausschnitt und die breiten Schultertr\u00e4ger aus Spitze. Aber auch der Illusions-R\u00fcckenausschnitt ist sehenswert. Das geschmeidige Material umh\u00fcllt den K\u00f6rper wie eine zweite Haut und l\u00e4sst sich wunderbar mit den transparenten Spitzeneins\u00e4tzen an der Seite des Kleides und der langen Schleppe kombinieren.","og_url":"https:\/\/www.koonings.com\/de\/product\/maison-signore-tessa\/","og_site_name":"Koonings","article_publisher":"https:\/\/www.facebook.com\/kooningstheweddingpalace","og_image":[{"width":1810,"height":2560,"url":"https:\/\/www.koonings.com\/wp-content\/uploads\/2024\/11\/6567_38d369548b795ff08c3f09a1f0a8e3b2308a184118319709e722432aee552dd6e198261e-scaled.jpeg","type":"image\/jpeg"}],"twitter_card":"summary_large_image","schema":{"@context":"https:\/\/schema.org","@graph":[{"@type":"WebPage","@id":"https:\/\/www.koonings.com\/de\/product\/maison-signore-tessa\/","url":"https:\/\/www.koonings.com\/de\/product\/maison-signore-tessa\/","name":"Maison Signore Tessa | Koonings","isPartOf":{"@id":"https:\/\/www.koonings.com\/de\/#website"},"primaryImageOfPage":{"@id":"https:\/\/www.koonings.com\/de\/product\/maison-signore-tessa\/#primaryimage"},"image":{"@id":"https:\/\/www.koonings.com\/de\/product\/maison-signore-tessa\/#primaryimage"},"thumbnailUrl":"https:\/\/www.koonings.com\/wp-content\/uploads\/2024\/11\/6567_38d369548b795ff08c3f09a1f0a8e3b2308a184118319709e722432aee552dd6e198261e-scaled.jpeg","datePublished":"2026-05-06T13:02:22+00:00","description":"Wenn Sie extravagant und sexy sein wollen, dann ist dieses Hochzeitskleid im Trompetenstil genau das Richtige f\u00fcr Sie. Was sofort auff\u00e4llt, sind der tiefe Ausschnitt und die breiten Schultertr\u00e4ger aus Spitze. Aber auch der Illusions-R\u00fcckenausschnitt ist sehenswert. Das geschmeidige Material umh\u00fcllt den K\u00f6rper wie eine zweite Haut und l\u00e4sst sich wunderbar mit den transparenten Spitzeneins\u00e4tzen an der Seite des Kleides und der langen Schleppe kombinieren.","breadcrumb":{"@id":"https:\/\/www.koonings.com\/de\/product\/maison-signore-tessa\/#breadcrumb"},"inLanguage":"de","potentialAction":[{"@type":"ReadAction","target":["https:\/\/www.koonings.com\/de\/product\/maison-signore-tessa\/"]}]},{"@type":"ImageObject","inLanguage":"de","@id":"https:\/\/www.koonings.com\/de\/product\/maison-signore-tessa\/#primaryimage","url":"https:\/\/www.koonings.com\/wp-content\/uploads\/2024\/11\/6567_38d369548b795ff08c3f09a1f0a8e3b2308a184118319709e722432aee552dd6e198261e-scaled.jpeg","contentUrl":"https:\/\/www.koonings.com\/wp-content\/uploads\/2024\/11\/6567_38d369548b795ff08c3f09a1f0a8e3b2308a184118319709e722432aee552dd6e198261e-scaled.jpeg","width":1810,"height":2560},{"@type":"BreadcrumbList","@id":"https:\/\/www.koonings.com\/de\/product\/maison-signore-tessa\/#breadcrumb","itemListElement":[{"@type":"ListItem","position":1,"name":"Home","item":"https:\/\/www.koonings.com\/de\/"},{"@type":"ListItem","position":2,"name":"Maison Signore Tessa"}]},{"@type":"WebSite","@id":"https:\/\/www.koonings.com\/de\/#website","url":"https:\/\/www.koonings.com\/de\/","name":"Koonings","description":"De grootste bruidsmodewinkel ter wereld","publisher":{"@id":"https:\/\/www.koonings.com\/de\/#organization"},"potentialAction":[{"@type":"SearchAction","target":{"@type":"EntryPoint","urlTemplate":"https:\/\/www.koonings.com\/de\/?s={search_term_string}"},"query-input":{"@type":"PropertyValueSpecification","valueRequired":true,"valueName":"search_term_string"}}],"inLanguage":"de"},{"@type":"Organization","@id":"https:\/\/www.koonings.com\/de\/#organization","name":"Koonings","url":"https:\/\/www.koonings.com\/de\/","logo":{"@type":"ImageObject","inLanguage":"de","@id":"https:\/\/www.koonings.com\/de\/#\/schema\/logo\/image\/","url":"https:\/\/www.koonings.com\/wp-content\/uploads\/2024\/07\/logo.png","contentUrl":"https:\/\/www.koonings.com\/wp-content\/uploads\/2024\/07\/logo.png","width":600,"height":428,"caption":"Koonings"},"image":{"@id":"https:\/\/www.koonings.com\/de\/#\/schema\/logo\/image\/"},"sameAs":["https:\/\/www.facebook.com\/kooningstheweddingpalace","https:\/\/www.instagram.com\/kooningstheweddingpalace","https:\/\/www.pinterest.com\/koonings","https:\/\/www.youtube.com\/kooningstheweddingpalace"]}]}},"_links":{"self":[{"href":"https:\/\/www.koonings.com\/de\/wp-json\/wp\/v2\/product\/78077","targetHints":{"allow":["GET"]}}],"collection":[{"href":"https:\/\/www.koonings.com\/de\/wp-json\/wp\/v2\/product"}],"about":[{"href":"https:\/\/www.koonings.com\/de\/wp-json\/wp\/v2\/types\/product"}],"wp:featuredmedia":[{"embeddable":true,"href":"https:\/\/www.koonings.com\/de\/wp-json\/wp\/v2\/media\/62682"}],"wp:attachment":[{"href":"https:\/\/www.koonings.com\/de\/wp-json\/wp\/v2\/media?parent=78077"}],"wp:term":[{"taxonomy":"productdetails","embeddable":true,"href":"https:\/\/www.koonings.com\/de\/wp-json\/wp\/v2\/productdetails?post=78077"},{"taxonomy":"productneck","embeddable":true,"href":"https:\/\/www.koonings.com\/de\/wp-json\/wp\/v2\/productneck?post=78077"},{"taxonomy":"productcolor","embeddable":true,"href":"https:\/\/www.koonings.com\/de\/wp-json\/wp\/v2\/productcolor?post=78077"},{"taxonomy":"maat","embeddable":true,"href":"https:\/\/www.koonings.com\/de\/wp-json\/wp\/v2\/maat?post=78077"},{"taxonomy":"productsupplier","embeddable":true,"href":"https:\/\/www.koonings.com\/de\/wp-json\/wp\/v2\/productsupplier?post=78077"},{"taxonomy":"productsleeve","embeddable":true,"href":"https:\/\/www.koonings.com\/de\/wp-json\/wp\/v2\/productsleeve?post=78077"},{"taxonomy":"productcategory","embeddable":true,"href":"https:\/\/www.koonings.com\/de\/wp-json\/wp\/v2\/productcategory?post=78077"},{"taxonomy":"productsilhouette","embeddable":true,"href":"https:\/\/www.koonings.com\/de\/wp-json\/wp\/v2\/productsilhouette?post=78077"},{"taxonomy":"productstyle","embeddable":true,"href":"https:\/\/www.koonings.com\/de\/wp-json\/wp\/v2\/productstyle?post=78077"}],"curies":[{"name":"wp","href":"https:\/\/api.w.org\/{rel}","templated":true}]}}