{"id":78075,"date":"2026-05-16T20:00:41","date_gmt":"2026-05-16T18:00:41","guid":{"rendered":"https:\/\/www.koonings.com\/product\/maison-signore-tilda\/"},"modified":"2026-02-16T14:45:46","modified_gmt":"2026-02-16T13:45:46","slug":"maison-signore-tilda","status":"publish","type":"product","link":"https:\/\/www.koonings.com\/de\/product\/maison-signore-tilda\/","title":{"rendered":"Maison Signore Tilda"},"content":{"rendered":"<p>Dieses Hochzeitskleid im Meerjungfrauen-Stil mit V-Ausschnitt, Spaghettitr\u00e4gern und tiefem R\u00fccken ist ein Unikat. Durch die transparente Spitze im Mieder ist es ein echter Blickfang. Au\u00dferdem hat dieses Design einen eng anliegenden Rock, in den seitlich Spitze eingearbeitet ist. Ein besonderes Element dieses Kleides ist die extralange Schleppe, die an der Taille befestigt wird.   <\/p>\n","protected":false},"featured_media":62700,"template":"","meta":{"_acf_changed":false,"ghostkit_customizer_options":"","ghostkit_custom_css":"","ghostkit_custom_js_head":"","ghostkit_custom_js_foot":"","ghostkit_typography":""},"productdetails":[383],"productneck":[356],"productcolor":[392],"maat":[],"productsupplier":[481],"productsleeve":[359],"productcategory":[18],"productsilhouette":[387],"productstyle":[366,370],"class_list":["post-78075","product","type-product","status-publish","has-post-thumbnail","hentry","productdetails-383","productneck-356","productcolor-392","productsupplier-maison-signore","productsleeve-359","productcategory-trouwjurken","productsilhouette-387","productstyle-366","productstyle-370"],"acf":[],"yoast_head":"<!-- This site is optimized with the Yoast SEO plugin v27.3 - https:\/\/yoast.com\/product\/yoast-seo-wordpress\/ -->\n<title>Maison Signore Tilda | Koonings<\/title>\n<meta name=\"description\" content=\"Dieses Hochzeitskleid im Meerjungfrauen-Stil mit V-Ausschnitt, Spaghettitr\u00e4gern und tiefem R\u00fccken ist ein Unikat. Durch die transparente Spitze im Mieder ist es ein echter Blickfang. Au\u00dferdem hat dieses Design einen eng anliegenden Rock, in den seitlich Spitze eingearbeitet ist. Ein besonderes Element dieses Kleides ist die extralange Schleppe, die an der Taille befestigt wird.\" \/>\n<meta name=\"robots\" content=\"index, follow, max-snippet:-1, max-image-preview:large, max-video-preview:-1\" \/>\n<link rel=\"canonical\" href=\"https:\/\/www.koonings.com\/de\/product\/maison-signore-tilda\/\" \/>\n<meta property=\"og:locale\" content=\"de_DE\" \/>\n<meta property=\"og:type\" content=\"article\" \/>\n<meta property=\"og:title\" content=\"Maison Signore Tilda | Koonings\" \/>\n<meta property=\"og:description\" content=\"Dieses Hochzeitskleid im Meerjungfrauen-Stil mit V-Ausschnitt, Spaghettitr\u00e4gern und tiefem R\u00fccken ist ein Unikat. Durch die transparente Spitze im Mieder ist es ein echter Blickfang. Au\u00dferdem hat dieses Design einen eng anliegenden Rock, in den seitlich Spitze eingearbeitet ist. Ein besonderes Element dieses Kleides ist die extralange Schleppe, die an der Taille befestigt wird.\" \/>\n<meta property=\"og:url\" content=\"https:\/\/www.koonings.com\/de\/product\/maison-signore-tilda\/\" \/>\n<meta property=\"og:site_name\" content=\"Koonings\" \/>\n<meta property=\"article:publisher\" content=\"https:\/\/www.facebook.com\/kooningstheweddingpalace\" \/>\n<meta property=\"og:image\" content=\"https:\/\/www.koonings.com\/wp-content\/uploads\/2024\/11\/6571_637d4217f32b2b59b1bd3f52622189e3516f3b41061cccd68a6a8df91c1893696ba9d914-scaled.jpeg\" \/>\n\t<meta property=\"og:image:width\" content=\"1809\" \/>\n\t<meta property=\"og:image:height\" content=\"2560\" \/>\n\t<meta property=\"og:image:type\" content=\"image\/jpeg\" \/>\n<meta name=\"twitter:card\" content=\"summary_large_image\" \/>\n<script type=\"application\/ld+json\" class=\"yoast-schema-graph\">{\"@context\":\"https:\\\/\\\/schema.org\",\"@graph\":[{\"@type\":\"WebPage\",\"@id\":\"https:\\\/\\\/www.koonings.com\\\/de\\\/product\\\/maison-signore-tilda\\\/\",\"url\":\"https:\\\/\\\/www.koonings.com\\\/de\\\/product\\\/maison-signore-tilda\\\/\",\"name\":\"Maison Signore Tilda | Koonings\",\"isPartOf\":{\"@id\":\"https:\\\/\\\/www.koonings.com\\\/de\\\/#website\"},\"primaryImageOfPage\":{\"@id\":\"https:\\\/\\\/www.koonings.com\\\/de\\\/product\\\/maison-signore-tilda\\\/#primaryimage\"},\"image\":{\"@id\":\"https:\\\/\\\/www.koonings.com\\\/de\\\/product\\\/maison-signore-tilda\\\/#primaryimage\"},\"thumbnailUrl\":\"https:\\\/\\\/www.koonings.com\\\/wp-content\\\/uploads\\\/2024\\\/11\\\/6571_637d4217f32b2b59b1bd3f52622189e3516f3b41061cccd68a6a8df91c1893696ba9d914-scaled.jpeg\",\"datePublished\":\"2026-05-16T18:00:41+00:00\",\"description\":\"Dieses Hochzeitskleid im Meerjungfrauen-Stil mit V-Ausschnitt, Spaghettitr\u00e4gern und tiefem R\u00fccken ist ein Unikat. Durch die transparente Spitze im Mieder ist es ein echter Blickfang. Au\u00dferdem hat dieses Design einen eng anliegenden Rock, in den seitlich Spitze eingearbeitet ist. Ein besonderes Element dieses Kleides ist die extralange Schleppe, die an der Taille befestigt wird.\",\"breadcrumb\":{\"@id\":\"https:\\\/\\\/www.koonings.com\\\/de\\\/product\\\/maison-signore-tilda\\\/#breadcrumb\"},\"inLanguage\":\"de\",\"potentialAction\":[{\"@type\":\"ReadAction\",\"target\":[\"https:\\\/\\\/www.koonings.com\\\/de\\\/product\\\/maison-signore-tilda\\\/\"]}]},{\"@type\":\"ImageObject\",\"inLanguage\":\"de\",\"@id\":\"https:\\\/\\\/www.koonings.com\\\/de\\\/product\\\/maison-signore-tilda\\\/#primaryimage\",\"url\":\"https:\\\/\\\/www.koonings.com\\\/wp-content\\\/uploads\\\/2024\\\/11\\\/6571_637d4217f32b2b59b1bd3f52622189e3516f3b41061cccd68a6a8df91c1893696ba9d914-scaled.jpeg\",\"contentUrl\":\"https:\\\/\\\/www.koonings.com\\\/wp-content\\\/uploads\\\/2024\\\/11\\\/6571_637d4217f32b2b59b1bd3f52622189e3516f3b41061cccd68a6a8df91c1893696ba9d914-scaled.jpeg\",\"width\":1809,\"height\":2560},{\"@type\":\"BreadcrumbList\",\"@id\":\"https:\\\/\\\/www.koonings.com\\\/de\\\/product\\\/maison-signore-tilda\\\/#breadcrumb\",\"itemListElement\":[{\"@type\":\"ListItem\",\"position\":1,\"name\":\"Home\",\"item\":\"https:\\\/\\\/www.koonings.com\\\/de\\\/\"},{\"@type\":\"ListItem\",\"position\":2,\"name\":\"Maison Signore Tilda\"}]},{\"@type\":\"WebSite\",\"@id\":\"https:\\\/\\\/www.koonings.com\\\/de\\\/#website\",\"url\":\"https:\\\/\\\/www.koonings.com\\\/de\\\/\",\"name\":\"Koonings\",\"description\":\"De grootste bruidsmodewinkel ter wereld\",\"publisher\":{\"@id\":\"https:\\\/\\\/www.koonings.com\\\/de\\\/#organization\"},\"potentialAction\":[{\"@type\":\"SearchAction\",\"target\":{\"@type\":\"EntryPoint\",\"urlTemplate\":\"https:\\\/\\\/www.koonings.com\\\/de\\\/?s={search_term_string}\"},\"query-input\":{\"@type\":\"PropertyValueSpecification\",\"valueRequired\":true,\"valueName\":\"search_term_string\"}}],\"inLanguage\":\"de\"},{\"@type\":\"Organization\",\"@id\":\"https:\\\/\\\/www.koonings.com\\\/de\\\/#organization\",\"name\":\"Koonings\",\"url\":\"https:\\\/\\\/www.koonings.com\\\/de\\\/\",\"logo\":{\"@type\":\"ImageObject\",\"inLanguage\":\"de\",\"@id\":\"https:\\\/\\\/www.koonings.com\\\/de\\\/#\\\/schema\\\/logo\\\/image\\\/\",\"url\":\"https:\\\/\\\/www.koonings.com\\\/wp-content\\\/uploads\\\/2024\\\/07\\\/logo.png\",\"contentUrl\":\"https:\\\/\\\/www.koonings.com\\\/wp-content\\\/uploads\\\/2024\\\/07\\\/logo.png\",\"width\":600,\"height\":428,\"caption\":\"Koonings\"},\"image\":{\"@id\":\"https:\\\/\\\/www.koonings.com\\\/de\\\/#\\\/schema\\\/logo\\\/image\\\/\"},\"sameAs\":[\"https:\\\/\\\/www.facebook.com\\\/kooningstheweddingpalace\",\"https:\\\/\\\/www.instagram.com\\\/kooningstheweddingpalace\",\"https:\\\/\\\/www.pinterest.com\\\/koonings\",\"https:\\\/\\\/www.youtube.com\\\/kooningstheweddingpalace\"]}]}<\/script>\n<!-- \/ Yoast SEO plugin. -->","yoast_head_json":{"title":"Maison Signore Tilda | Koonings","description":"Dieses Hochzeitskleid im Meerjungfrauen-Stil mit V-Ausschnitt, Spaghettitr\u00e4gern und tiefem R\u00fccken ist ein Unikat. Durch die transparente Spitze im Mieder ist es ein echter Blickfang. Au\u00dferdem hat dieses Design einen eng anliegenden Rock, in den seitlich Spitze eingearbeitet ist. Ein besonderes Element dieses Kleides ist die extralange Schleppe, die an der Taille befestigt wird.","robots":{"index":"index","follow":"follow","max-snippet":"max-snippet:-1","max-image-preview":"max-image-preview:large","max-video-preview":"max-video-preview:-1"},"canonical":"https:\/\/www.koonings.com\/de\/product\/maison-signore-tilda\/","og_locale":"de_DE","og_type":"article","og_title":"Maison Signore Tilda | Koonings","og_description":"Dieses Hochzeitskleid im Meerjungfrauen-Stil mit V-Ausschnitt, Spaghettitr\u00e4gern und tiefem R\u00fccken ist ein Unikat. Durch die transparente Spitze im Mieder ist es ein echter Blickfang. Au\u00dferdem hat dieses Design einen eng anliegenden Rock, in den seitlich Spitze eingearbeitet ist. Ein besonderes Element dieses Kleides ist die extralange Schleppe, die an der Taille befestigt wird.","og_url":"https:\/\/www.koonings.com\/de\/product\/maison-signore-tilda\/","og_site_name":"Koonings","article_publisher":"https:\/\/www.facebook.com\/kooningstheweddingpalace","og_image":[{"width":1809,"height":2560,"url":"https:\/\/www.koonings.com\/wp-content\/uploads\/2024\/11\/6571_637d4217f32b2b59b1bd3f52622189e3516f3b41061cccd68a6a8df91c1893696ba9d914-scaled.jpeg","type":"image\/jpeg"}],"twitter_card":"summary_large_image","schema":{"@context":"https:\/\/schema.org","@graph":[{"@type":"WebPage","@id":"https:\/\/www.koonings.com\/de\/product\/maison-signore-tilda\/","url":"https:\/\/www.koonings.com\/de\/product\/maison-signore-tilda\/","name":"Maison Signore Tilda | Koonings","isPartOf":{"@id":"https:\/\/www.koonings.com\/de\/#website"},"primaryImageOfPage":{"@id":"https:\/\/www.koonings.com\/de\/product\/maison-signore-tilda\/#primaryimage"},"image":{"@id":"https:\/\/www.koonings.com\/de\/product\/maison-signore-tilda\/#primaryimage"},"thumbnailUrl":"https:\/\/www.koonings.com\/wp-content\/uploads\/2024\/11\/6571_637d4217f32b2b59b1bd3f52622189e3516f3b41061cccd68a6a8df91c1893696ba9d914-scaled.jpeg","datePublished":"2026-05-16T18:00:41+00:00","description":"Dieses Hochzeitskleid im Meerjungfrauen-Stil mit V-Ausschnitt, Spaghettitr\u00e4gern und tiefem R\u00fccken ist ein Unikat. Durch die transparente Spitze im Mieder ist es ein echter Blickfang. Au\u00dferdem hat dieses Design einen eng anliegenden Rock, in den seitlich Spitze eingearbeitet ist. Ein besonderes Element dieses Kleides ist die extralange Schleppe, die an der Taille befestigt wird.","breadcrumb":{"@id":"https:\/\/www.koonings.com\/de\/product\/maison-signore-tilda\/#breadcrumb"},"inLanguage":"de","potentialAction":[{"@type":"ReadAction","target":["https:\/\/www.koonings.com\/de\/product\/maison-signore-tilda\/"]}]},{"@type":"ImageObject","inLanguage":"de","@id":"https:\/\/www.koonings.com\/de\/product\/maison-signore-tilda\/#primaryimage","url":"https:\/\/www.koonings.com\/wp-content\/uploads\/2024\/11\/6571_637d4217f32b2b59b1bd3f52622189e3516f3b41061cccd68a6a8df91c1893696ba9d914-scaled.jpeg","contentUrl":"https:\/\/www.koonings.com\/wp-content\/uploads\/2024\/11\/6571_637d4217f32b2b59b1bd3f52622189e3516f3b41061cccd68a6a8df91c1893696ba9d914-scaled.jpeg","width":1809,"height":2560},{"@type":"BreadcrumbList","@id":"https:\/\/www.koonings.com\/de\/product\/maison-signore-tilda\/#breadcrumb","itemListElement":[{"@type":"ListItem","position":1,"name":"Home","item":"https:\/\/www.koonings.com\/de\/"},{"@type":"ListItem","position":2,"name":"Maison Signore Tilda"}]},{"@type":"WebSite","@id":"https:\/\/www.koonings.com\/de\/#website","url":"https:\/\/www.koonings.com\/de\/","name":"Koonings","description":"De grootste bruidsmodewinkel ter wereld","publisher":{"@id":"https:\/\/www.koonings.com\/de\/#organization"},"potentialAction":[{"@type":"SearchAction","target":{"@type":"EntryPoint","urlTemplate":"https:\/\/www.koonings.com\/de\/?s={search_term_string}"},"query-input":{"@type":"PropertyValueSpecification","valueRequired":true,"valueName":"search_term_string"}}],"inLanguage":"de"},{"@type":"Organization","@id":"https:\/\/www.koonings.com\/de\/#organization","name":"Koonings","url":"https:\/\/www.koonings.com\/de\/","logo":{"@type":"ImageObject","inLanguage":"de","@id":"https:\/\/www.koonings.com\/de\/#\/schema\/logo\/image\/","url":"https:\/\/www.koonings.com\/wp-content\/uploads\/2024\/07\/logo.png","contentUrl":"https:\/\/www.koonings.com\/wp-content\/uploads\/2024\/07\/logo.png","width":600,"height":428,"caption":"Koonings"},"image":{"@id":"https:\/\/www.koonings.com\/de\/#\/schema\/logo\/image\/"},"sameAs":["https:\/\/www.facebook.com\/kooningstheweddingpalace","https:\/\/www.instagram.com\/kooningstheweddingpalace","https:\/\/www.pinterest.com\/koonings","https:\/\/www.youtube.com\/kooningstheweddingpalace"]}]}},"_links":{"self":[{"href":"https:\/\/www.koonings.com\/de\/wp-json\/wp\/v2\/product\/78075","targetHints":{"allow":["GET"]}}],"collection":[{"href":"https:\/\/www.koonings.com\/de\/wp-json\/wp\/v2\/product"}],"about":[{"href":"https:\/\/www.koonings.com\/de\/wp-json\/wp\/v2\/types\/product"}],"wp:featuredmedia":[{"embeddable":true,"href":"https:\/\/www.koonings.com\/de\/wp-json\/wp\/v2\/media\/62700"}],"wp:attachment":[{"href":"https:\/\/www.koonings.com\/de\/wp-json\/wp\/v2\/media?parent=78075"}],"wp:term":[{"taxonomy":"productdetails","embeddable":true,"href":"https:\/\/www.koonings.com\/de\/wp-json\/wp\/v2\/productdetails?post=78075"},{"taxonomy":"productneck","embeddable":true,"href":"https:\/\/www.koonings.com\/de\/wp-json\/wp\/v2\/productneck?post=78075"},{"taxonomy":"productcolor","embeddable":true,"href":"https:\/\/www.koonings.com\/de\/wp-json\/wp\/v2\/productcolor?post=78075"},{"taxonomy":"maat","embeddable":true,"href":"https:\/\/www.koonings.com\/de\/wp-json\/wp\/v2\/maat?post=78075"},{"taxonomy":"productsupplier","embeddable":true,"href":"https:\/\/www.koonings.com\/de\/wp-json\/wp\/v2\/productsupplier?post=78075"},{"taxonomy":"productsleeve","embeddable":true,"href":"https:\/\/www.koonings.com\/de\/wp-json\/wp\/v2\/productsleeve?post=78075"},{"taxonomy":"productcategory","embeddable":true,"href":"https:\/\/www.koonings.com\/de\/wp-json\/wp\/v2\/productcategory?post=78075"},{"taxonomy":"productsilhouette","embeddable":true,"href":"https:\/\/www.koonings.com\/de\/wp-json\/wp\/v2\/productsilhouette?post=78075"},{"taxonomy":"productstyle","embeddable":true,"href":"https:\/\/www.koonings.com\/de\/wp-json\/wp\/v2\/productstyle?post=78075"}],"curies":[{"name":"wp","href":"https:\/\/api.w.org\/{rel}","templated":true}]}}