{"id":78063,"date":"2026-04-21T18:02:25","date_gmt":"2026-04-21T16:02:25","guid":{"rendered":"https:\/\/www.koonings.com\/product\/maison-signore-demy\/"},"modified":"2026-02-16T14:45:55","modified_gmt":"2026-02-16T13:45:55","slug":"maison-signore-demy","status":"publish","type":"product","link":"https:\/\/www.koonings.com\/de\/product\/maison-signore-demy\/","title":{"rendered":"Maison Signore Demy"},"content":{"rendered":"<p>Dieses elfenbeinfarbene Brautkleid von Maison Signore hat eine A-Linien-Silhouette. Das Neckholder-Oberteil besteht aus Spitze, die mit Glitzersteinen besetzt ist. Die Schultertr\u00e4ger gehen in den besonderen R\u00fcckenausschnitt \u00fcber. Die Spitze des Oberteils setzt sich am Rock fort. Er hat Taschen und einen Schlitz.    <\/p>\n","protected":false},"featured_media":62718,"template":"","meta":{"_acf_changed":false,"ghostkit_customizer_options":"","ghostkit_custom_css":"","ghostkit_custom_js_head":"","ghostkit_custom_js_foot":"","ghostkit_typography":""},"productdetails":[376,383,378],"productneck":[350,353],"productcolor":[392],"maat":[],"productsupplier":[481],"productsleeve":[359],"productcategory":[18],"productsilhouette":[384],"productstyle":[369],"class_list":["post-78063","product","type-product","status-publish","has-post-thumbnail","hentry","productdetails-376","productdetails-383","productdetails-378","productneck-350","productneck-353","productcolor-392","productsupplier-maison-signore","productsleeve-359","productcategory-trouwjurken","productsilhouette-384","productstyle-369"],"acf":[],"yoast_head":"<!-- This site is optimized with the Yoast SEO plugin v27.3 - https:\/\/yoast.com\/product\/yoast-seo-wordpress\/ -->\n<title>Maison Signore Demy | Koonings<\/title>\n<meta name=\"description\" content=\"Dieses elfenbeinfarbene Brautkleid von Maison Signore hat eine A-Linien-Silhouette. Das Neckholder-Oberteil besteht aus Spitze, die mit Glitzersteinen besetzt ist. Die Schultertr\u00e4ger gehen in den besonderen R\u00fcckenausschnitt \u00fcber. Die Spitze des Oberteils setzt sich am Rock fort. Er hat Taschen und einen Schlitz.\" \/>\n<meta name=\"robots\" content=\"index, follow, max-snippet:-1, max-image-preview:large, max-video-preview:-1\" \/>\n<link rel=\"canonical\" href=\"https:\/\/www.koonings.com\/de\/product\/maison-signore-demy\/\" \/>\n<meta property=\"og:locale\" content=\"de_DE\" \/>\n<meta property=\"og:type\" content=\"article\" \/>\n<meta property=\"og:title\" content=\"Maison Signore Demy | Koonings\" \/>\n<meta property=\"og:description\" content=\"Dieses elfenbeinfarbene Brautkleid von Maison Signore hat eine A-Linien-Silhouette. Das Neckholder-Oberteil besteht aus Spitze, die mit Glitzersteinen besetzt ist. Die Schultertr\u00e4ger gehen in den besonderen R\u00fcckenausschnitt \u00fcber. Die Spitze des Oberteils setzt sich am Rock fort. Er hat Taschen und einen Schlitz.\" \/>\n<meta property=\"og:url\" content=\"https:\/\/www.koonings.com\/de\/product\/maison-signore-demy\/\" \/>\n<meta property=\"og:site_name\" content=\"Koonings\" \/>\n<meta property=\"article:publisher\" content=\"https:\/\/www.facebook.com\/kooningstheweddingpalace\" \/>\n<meta property=\"og:image\" content=\"https:\/\/www.koonings.com\/wp-content\/uploads\/2024\/11\/6579_8f5e6ba0b841f8af797437db501fe14fbc61000fa23ab348bf734b7e23bf65e58e8a6c84-scaled.jpeg\" \/>\n\t<meta property=\"og:image:width\" content=\"1811\" \/>\n\t<meta property=\"og:image:height\" content=\"2560\" \/>\n\t<meta property=\"og:image:type\" content=\"image\/jpeg\" \/>\n<meta name=\"twitter:card\" content=\"summary_large_image\" \/>\n<script type=\"application\/ld+json\" class=\"yoast-schema-graph\">{\"@context\":\"https:\\\/\\\/schema.org\",\"@graph\":[{\"@type\":\"WebPage\",\"@id\":\"https:\\\/\\\/www.koonings.com\\\/de\\\/product\\\/maison-signore-demy\\\/\",\"url\":\"https:\\\/\\\/www.koonings.com\\\/de\\\/product\\\/maison-signore-demy\\\/\",\"name\":\"Maison Signore Demy | Koonings\",\"isPartOf\":{\"@id\":\"https:\\\/\\\/www.koonings.com\\\/de\\\/#website\"},\"primaryImageOfPage\":{\"@id\":\"https:\\\/\\\/www.koonings.com\\\/de\\\/product\\\/maison-signore-demy\\\/#primaryimage\"},\"image\":{\"@id\":\"https:\\\/\\\/www.koonings.com\\\/de\\\/product\\\/maison-signore-demy\\\/#primaryimage\"},\"thumbnailUrl\":\"https:\\\/\\\/www.koonings.com\\\/wp-content\\\/uploads\\\/2024\\\/11\\\/6579_8f5e6ba0b841f8af797437db501fe14fbc61000fa23ab348bf734b7e23bf65e58e8a6c84-scaled.jpeg\",\"datePublished\":\"2026-04-21T16:02:25+00:00\",\"description\":\"Dieses elfenbeinfarbene Brautkleid von Maison Signore hat eine A-Linien-Silhouette. Das Neckholder-Oberteil besteht aus Spitze, die mit Glitzersteinen besetzt ist. Die Schultertr\u00e4ger gehen in den besonderen R\u00fcckenausschnitt \u00fcber. Die Spitze des Oberteils setzt sich am Rock fort. Er hat Taschen und einen Schlitz.\",\"breadcrumb\":{\"@id\":\"https:\\\/\\\/www.koonings.com\\\/de\\\/product\\\/maison-signore-demy\\\/#breadcrumb\"},\"inLanguage\":\"de\",\"potentialAction\":[{\"@type\":\"ReadAction\",\"target\":[\"https:\\\/\\\/www.koonings.com\\\/de\\\/product\\\/maison-signore-demy\\\/\"]}]},{\"@type\":\"ImageObject\",\"inLanguage\":\"de\",\"@id\":\"https:\\\/\\\/www.koonings.com\\\/de\\\/product\\\/maison-signore-demy\\\/#primaryimage\",\"url\":\"https:\\\/\\\/www.koonings.com\\\/wp-content\\\/uploads\\\/2024\\\/11\\\/6579_8f5e6ba0b841f8af797437db501fe14fbc61000fa23ab348bf734b7e23bf65e58e8a6c84-scaled.jpeg\",\"contentUrl\":\"https:\\\/\\\/www.koonings.com\\\/wp-content\\\/uploads\\\/2024\\\/11\\\/6579_8f5e6ba0b841f8af797437db501fe14fbc61000fa23ab348bf734b7e23bf65e58e8a6c84-scaled.jpeg\",\"width\":1811,\"height\":2560},{\"@type\":\"BreadcrumbList\",\"@id\":\"https:\\\/\\\/www.koonings.com\\\/de\\\/product\\\/maison-signore-demy\\\/#breadcrumb\",\"itemListElement\":[{\"@type\":\"ListItem\",\"position\":1,\"name\":\"Home\",\"item\":\"https:\\\/\\\/www.koonings.com\\\/de\\\/\"},{\"@type\":\"ListItem\",\"position\":2,\"name\":\"Maison Signore Demy\"}]},{\"@type\":\"WebSite\",\"@id\":\"https:\\\/\\\/www.koonings.com\\\/de\\\/#website\",\"url\":\"https:\\\/\\\/www.koonings.com\\\/de\\\/\",\"name\":\"Koonings\",\"description\":\"De grootste bruidsmodewinkel ter wereld\",\"publisher\":{\"@id\":\"https:\\\/\\\/www.koonings.com\\\/de\\\/#organization\"},\"potentialAction\":[{\"@type\":\"SearchAction\",\"target\":{\"@type\":\"EntryPoint\",\"urlTemplate\":\"https:\\\/\\\/www.koonings.com\\\/de\\\/?s={search_term_string}\"},\"query-input\":{\"@type\":\"PropertyValueSpecification\",\"valueRequired\":true,\"valueName\":\"search_term_string\"}}],\"inLanguage\":\"de\"},{\"@type\":\"Organization\",\"@id\":\"https:\\\/\\\/www.koonings.com\\\/de\\\/#organization\",\"name\":\"Koonings\",\"url\":\"https:\\\/\\\/www.koonings.com\\\/de\\\/\",\"logo\":{\"@type\":\"ImageObject\",\"inLanguage\":\"de\",\"@id\":\"https:\\\/\\\/www.koonings.com\\\/de\\\/#\\\/schema\\\/logo\\\/image\\\/\",\"url\":\"https:\\\/\\\/www.koonings.com\\\/wp-content\\\/uploads\\\/2024\\\/07\\\/logo.png\",\"contentUrl\":\"https:\\\/\\\/www.koonings.com\\\/wp-content\\\/uploads\\\/2024\\\/07\\\/logo.png\",\"width\":600,\"height\":428,\"caption\":\"Koonings\"},\"image\":{\"@id\":\"https:\\\/\\\/www.koonings.com\\\/de\\\/#\\\/schema\\\/logo\\\/image\\\/\"},\"sameAs\":[\"https:\\\/\\\/www.facebook.com\\\/kooningstheweddingpalace\",\"https:\\\/\\\/www.instagram.com\\\/kooningstheweddingpalace\",\"https:\\\/\\\/www.pinterest.com\\\/koonings\",\"https:\\\/\\\/www.youtube.com\\\/kooningstheweddingpalace\"]}]}<\/script>\n<!-- \/ Yoast SEO plugin. -->","yoast_head_json":{"title":"Maison Signore Demy | Koonings","description":"Dieses elfenbeinfarbene Brautkleid von Maison Signore hat eine A-Linien-Silhouette. Das Neckholder-Oberteil besteht aus Spitze, die mit Glitzersteinen besetzt ist. Die Schultertr\u00e4ger gehen in den besonderen R\u00fcckenausschnitt \u00fcber. Die Spitze des Oberteils setzt sich am Rock fort. Er hat Taschen und einen Schlitz.","robots":{"index":"index","follow":"follow","max-snippet":"max-snippet:-1","max-image-preview":"max-image-preview:large","max-video-preview":"max-video-preview:-1"},"canonical":"https:\/\/www.koonings.com\/de\/product\/maison-signore-demy\/","og_locale":"de_DE","og_type":"article","og_title":"Maison Signore Demy | Koonings","og_description":"Dieses elfenbeinfarbene Brautkleid von Maison Signore hat eine A-Linien-Silhouette. Das Neckholder-Oberteil besteht aus Spitze, die mit Glitzersteinen besetzt ist. Die Schultertr\u00e4ger gehen in den besonderen R\u00fcckenausschnitt \u00fcber. Die Spitze des Oberteils setzt sich am Rock fort. Er hat Taschen und einen Schlitz.","og_url":"https:\/\/www.koonings.com\/de\/product\/maison-signore-demy\/","og_site_name":"Koonings","article_publisher":"https:\/\/www.facebook.com\/kooningstheweddingpalace","og_image":[{"width":1811,"height":2560,"url":"https:\/\/www.koonings.com\/wp-content\/uploads\/2024\/11\/6579_8f5e6ba0b841f8af797437db501fe14fbc61000fa23ab348bf734b7e23bf65e58e8a6c84-scaled.jpeg","type":"image\/jpeg"}],"twitter_card":"summary_large_image","schema":{"@context":"https:\/\/schema.org","@graph":[{"@type":"WebPage","@id":"https:\/\/www.koonings.com\/de\/product\/maison-signore-demy\/","url":"https:\/\/www.koonings.com\/de\/product\/maison-signore-demy\/","name":"Maison Signore Demy | Koonings","isPartOf":{"@id":"https:\/\/www.koonings.com\/de\/#website"},"primaryImageOfPage":{"@id":"https:\/\/www.koonings.com\/de\/product\/maison-signore-demy\/#primaryimage"},"image":{"@id":"https:\/\/www.koonings.com\/de\/product\/maison-signore-demy\/#primaryimage"},"thumbnailUrl":"https:\/\/www.koonings.com\/wp-content\/uploads\/2024\/11\/6579_8f5e6ba0b841f8af797437db501fe14fbc61000fa23ab348bf734b7e23bf65e58e8a6c84-scaled.jpeg","datePublished":"2026-04-21T16:02:25+00:00","description":"Dieses elfenbeinfarbene Brautkleid von Maison Signore hat eine A-Linien-Silhouette. Das Neckholder-Oberteil besteht aus Spitze, die mit Glitzersteinen besetzt ist. Die Schultertr\u00e4ger gehen in den besonderen R\u00fcckenausschnitt \u00fcber. Die Spitze des Oberteils setzt sich am Rock fort. Er hat Taschen und einen Schlitz.","breadcrumb":{"@id":"https:\/\/www.koonings.com\/de\/product\/maison-signore-demy\/#breadcrumb"},"inLanguage":"de","potentialAction":[{"@type":"ReadAction","target":["https:\/\/www.koonings.com\/de\/product\/maison-signore-demy\/"]}]},{"@type":"ImageObject","inLanguage":"de","@id":"https:\/\/www.koonings.com\/de\/product\/maison-signore-demy\/#primaryimage","url":"https:\/\/www.koonings.com\/wp-content\/uploads\/2024\/11\/6579_8f5e6ba0b841f8af797437db501fe14fbc61000fa23ab348bf734b7e23bf65e58e8a6c84-scaled.jpeg","contentUrl":"https:\/\/www.koonings.com\/wp-content\/uploads\/2024\/11\/6579_8f5e6ba0b841f8af797437db501fe14fbc61000fa23ab348bf734b7e23bf65e58e8a6c84-scaled.jpeg","width":1811,"height":2560},{"@type":"BreadcrumbList","@id":"https:\/\/www.koonings.com\/de\/product\/maison-signore-demy\/#breadcrumb","itemListElement":[{"@type":"ListItem","position":1,"name":"Home","item":"https:\/\/www.koonings.com\/de\/"},{"@type":"ListItem","position":2,"name":"Maison Signore Demy"}]},{"@type":"WebSite","@id":"https:\/\/www.koonings.com\/de\/#website","url":"https:\/\/www.koonings.com\/de\/","name":"Koonings","description":"De grootste bruidsmodewinkel ter wereld","publisher":{"@id":"https:\/\/www.koonings.com\/de\/#organization"},"potentialAction":[{"@type":"SearchAction","target":{"@type":"EntryPoint","urlTemplate":"https:\/\/www.koonings.com\/de\/?s={search_term_string}"},"query-input":{"@type":"PropertyValueSpecification","valueRequired":true,"valueName":"search_term_string"}}],"inLanguage":"de"},{"@type":"Organization","@id":"https:\/\/www.koonings.com\/de\/#organization","name":"Koonings","url":"https:\/\/www.koonings.com\/de\/","logo":{"@type":"ImageObject","inLanguage":"de","@id":"https:\/\/www.koonings.com\/de\/#\/schema\/logo\/image\/","url":"https:\/\/www.koonings.com\/wp-content\/uploads\/2024\/07\/logo.png","contentUrl":"https:\/\/www.koonings.com\/wp-content\/uploads\/2024\/07\/logo.png","width":600,"height":428,"caption":"Koonings"},"image":{"@id":"https:\/\/www.koonings.com\/de\/#\/schema\/logo\/image\/"},"sameAs":["https:\/\/www.facebook.com\/kooningstheweddingpalace","https:\/\/www.instagram.com\/kooningstheweddingpalace","https:\/\/www.pinterest.com\/koonings","https:\/\/www.youtube.com\/kooningstheweddingpalace"]}]}},"_links":{"self":[{"href":"https:\/\/www.koonings.com\/de\/wp-json\/wp\/v2\/product\/78063","targetHints":{"allow":["GET"]}}],"collection":[{"href":"https:\/\/www.koonings.com\/de\/wp-json\/wp\/v2\/product"}],"about":[{"href":"https:\/\/www.koonings.com\/de\/wp-json\/wp\/v2\/types\/product"}],"wp:featuredmedia":[{"embeddable":true,"href":"https:\/\/www.koonings.com\/de\/wp-json\/wp\/v2\/media\/62718"}],"wp:attachment":[{"href":"https:\/\/www.koonings.com\/de\/wp-json\/wp\/v2\/media?parent=78063"}],"wp:term":[{"taxonomy":"productdetails","embeddable":true,"href":"https:\/\/www.koonings.com\/de\/wp-json\/wp\/v2\/productdetails?post=78063"},{"taxonomy":"productneck","embeddable":true,"href":"https:\/\/www.koonings.com\/de\/wp-json\/wp\/v2\/productneck?post=78063"},{"taxonomy":"productcolor","embeddable":true,"href":"https:\/\/www.koonings.com\/de\/wp-json\/wp\/v2\/productcolor?post=78063"},{"taxonomy":"maat","embeddable":true,"href":"https:\/\/www.koonings.com\/de\/wp-json\/wp\/v2\/maat?post=78063"},{"taxonomy":"productsupplier","embeddable":true,"href":"https:\/\/www.koonings.com\/de\/wp-json\/wp\/v2\/productsupplier?post=78063"},{"taxonomy":"productsleeve","embeddable":true,"href":"https:\/\/www.koonings.com\/de\/wp-json\/wp\/v2\/productsleeve?post=78063"},{"taxonomy":"productcategory","embeddable":true,"href":"https:\/\/www.koonings.com\/de\/wp-json\/wp\/v2\/productcategory?post=78063"},{"taxonomy":"productsilhouette","embeddable":true,"href":"https:\/\/www.koonings.com\/de\/wp-json\/wp\/v2\/productsilhouette?post=78063"},{"taxonomy":"productstyle","embeddable":true,"href":"https:\/\/www.koonings.com\/de\/wp-json\/wp\/v2\/productstyle?post=78063"}],"curies":[{"name":"wp","href":"https:\/\/api.w.org\/{rel}","templated":true}]}}