{"id":78056,"date":"2025-12-15T00:46:13","date_gmt":"2025-12-14T23:46:13","guid":{"rendered":"https:\/\/www.koonings.com\/product\/marylise-folgarida-1\/"},"modified":"2026-02-03T19:26:17","modified_gmt":"2026-02-03T18:26:17","slug":"marylise-folgarida-1","status":"publish","type":"product","link":"https:\/\/www.koonings.com\/de\/product\/marylise-folgarida-1\/","title":{"rendered":"Marylise Folgarida\/1"},"content":{"rendered":"<p>Feminin und raffiniert! Folgarida 1 besteht aus einem Spitzenoberteil mit Blumenapplikationen. Es hat einen tiefen Ausschnitt mit beigem T\u00fcll in der Mitte, einen runden, offenen R\u00fccken und Fl\u00fcgel\u00e4rmel. Um die Taille verl\u00e4uft ein mit Spitze gemustertes Band, das der Silhouette schmeichelt. Der Rock ist aus Cr\u00eape mit Spitzenapplikationen am Oberteil und einem Seitenschlitz. Die Schleppe ist in der Mitte mit durchsichtiger Spitze geteilt.     <\/p>\n","protected":false},"featured_media":55714,"template":"","meta":{"_acf_changed":false,"ghostkit_customizer_options":"","ghostkit_custom_css":"","ghostkit_custom_js_head":"","ghostkit_custom_js_foot":"","ghostkit_typography":""},"productdetails":[],"productneck":[],"productcolor":[],"maat":[],"productsupplier":[410],"productsleeve":[],"productcategory":[18],"productsilhouette":[],"productstyle":[364],"class_list":["post-78056","product","type-product","status-publish","has-post-thumbnail","hentry","productsupplier-marylise","productcategory-trouwjurken","productstyle-364"],"acf":[],"yoast_head":"<!-- This site is optimized with the Yoast SEO plugin v27.3 - https:\/\/yoast.com\/product\/yoast-seo-wordpress\/ -->\n<title>Marylise Folgarida\/1 | Koonings<\/title>\n<meta name=\"description\" content=\"Feminin und raffiniert! Folgarida 1 besteht aus einem Spitzenoberteil mit Blumenapplikationen. Es hat einen tiefen Ausschnitt mit beigem T\u00fcll in der Mitte, einen runden, offenen R\u00fccken und Fl\u00fcgel\u00e4rmel. Um die Taille verl\u00e4uft ein mit Spitze gemustertes Band, das der Silhouette schmeichelt. Der Rock ist aus Cr\u00eape mit Spitzenapplikationen am Oberteil und einem Seitenschlitz. Die Schleppe ist in der Mitte mit durchsichtiger Spitze geteilt.\" \/>\n<meta name=\"robots\" content=\"index, follow, max-snippet:-1, max-image-preview:large, max-video-preview:-1\" \/>\n<link rel=\"canonical\" href=\"https:\/\/www.koonings.com\/de\/product\/marylise-folgarida-1\/\" \/>\n<meta property=\"og:locale\" content=\"de_DE\" \/>\n<meta property=\"og:type\" content=\"article\" \/>\n<meta property=\"og:title\" content=\"Marylise Folgarida\/1 | Koonings\" \/>\n<meta property=\"og:description\" content=\"Feminin und raffiniert! Folgarida 1 besteht aus einem Spitzenoberteil mit Blumenapplikationen. Es hat einen tiefen Ausschnitt mit beigem T\u00fcll in der Mitte, einen runden, offenen R\u00fccken und Fl\u00fcgel\u00e4rmel. Um die Taille verl\u00e4uft ein mit Spitze gemustertes Band, das der Silhouette schmeichelt. Der Rock ist aus Cr\u00eape mit Spitzenapplikationen am Oberteil und einem Seitenschlitz. Die Schleppe ist in der Mitte mit durchsichtiger Spitze geteilt.\" \/>\n<meta property=\"og:url\" content=\"https:\/\/www.koonings.com\/de\/product\/marylise-folgarida-1\/\" \/>\n<meta property=\"og:site_name\" content=\"Koonings\" \/>\n<meta property=\"article:publisher\" content=\"https:\/\/www.facebook.com\/kooningstheweddingpalace\" \/>\n<meta property=\"article:modified_time\" content=\"2026-02-03T18:26:17+00:00\" \/>\n<meta property=\"og:image\" content=\"https:\/\/www.koonings.com\/wp-content\/uploads\/2024\/11\/49129_555eddf7168b216ac499f0b94e02d76d8f9abf44d3ae555f424676b17fca504188c0a530-scaled.jpeg\" \/>\n\t<meta property=\"og:image:width\" content=\"1766\" \/>\n\t<meta property=\"og:image:height\" content=\"2560\" \/>\n\t<meta property=\"og:image:type\" content=\"image\/jpeg\" \/>\n<meta name=\"twitter:card\" content=\"summary_large_image\" \/>\n<script type=\"application\/ld+json\" class=\"yoast-schema-graph\">{\"@context\":\"https:\\\/\\\/schema.org\",\"@graph\":[{\"@type\":\"WebPage\",\"@id\":\"https:\\\/\\\/www.koonings.com\\\/de\\\/product\\\/marylise-folgarida-1\\\/\",\"url\":\"https:\\\/\\\/www.koonings.com\\\/de\\\/product\\\/marylise-folgarida-1\\\/\",\"name\":\"Marylise Folgarida\\\/1 | Koonings\",\"isPartOf\":{\"@id\":\"https:\\\/\\\/www.koonings.com\\\/de\\\/#website\"},\"primaryImageOfPage\":{\"@id\":\"https:\\\/\\\/www.koonings.com\\\/de\\\/product\\\/marylise-folgarida-1\\\/#primaryimage\"},\"image\":{\"@id\":\"https:\\\/\\\/www.koonings.com\\\/de\\\/product\\\/marylise-folgarida-1\\\/#primaryimage\"},\"thumbnailUrl\":\"https:\\\/\\\/www.koonings.com\\\/wp-content\\\/uploads\\\/2024\\\/11\\\/49129_555eddf7168b216ac499f0b94e02d76d8f9abf44d3ae555f424676b17fca504188c0a530-scaled.jpeg\",\"datePublished\":\"2025-12-14T23:46:13+00:00\",\"dateModified\":\"2026-02-03T18:26:17+00:00\",\"description\":\"Feminin und raffiniert! Folgarida 1 besteht aus einem Spitzenoberteil mit Blumenapplikationen. Es hat einen tiefen Ausschnitt mit beigem T\u00fcll in der Mitte, einen runden, offenen R\u00fccken und Fl\u00fcgel\u00e4rmel. Um die Taille verl\u00e4uft ein mit Spitze gemustertes Band, das der Silhouette schmeichelt. Der Rock ist aus Cr\u00eape mit Spitzenapplikationen am Oberteil und einem Seitenschlitz. Die Schleppe ist in der Mitte mit durchsichtiger Spitze geteilt.\",\"breadcrumb\":{\"@id\":\"https:\\\/\\\/www.koonings.com\\\/de\\\/product\\\/marylise-folgarida-1\\\/#breadcrumb\"},\"inLanguage\":\"de\",\"potentialAction\":[{\"@type\":\"ReadAction\",\"target\":[\"https:\\\/\\\/www.koonings.com\\\/de\\\/product\\\/marylise-folgarida-1\\\/\"]}]},{\"@type\":\"ImageObject\",\"inLanguage\":\"de\",\"@id\":\"https:\\\/\\\/www.koonings.com\\\/de\\\/product\\\/marylise-folgarida-1\\\/#primaryimage\",\"url\":\"https:\\\/\\\/www.koonings.com\\\/wp-content\\\/uploads\\\/2024\\\/11\\\/49129_555eddf7168b216ac499f0b94e02d76d8f9abf44d3ae555f424676b17fca504188c0a530-scaled.jpeg\",\"contentUrl\":\"https:\\\/\\\/www.koonings.com\\\/wp-content\\\/uploads\\\/2024\\\/11\\\/49129_555eddf7168b216ac499f0b94e02d76d8f9abf44d3ae555f424676b17fca504188c0a530-scaled.jpeg\",\"width\":1766,\"height\":2560},{\"@type\":\"BreadcrumbList\",\"@id\":\"https:\\\/\\\/www.koonings.com\\\/de\\\/product\\\/marylise-folgarida-1\\\/#breadcrumb\",\"itemListElement\":[{\"@type\":\"ListItem\",\"position\":1,\"name\":\"Home\",\"item\":\"https:\\\/\\\/www.koonings.com\\\/de\\\/\"},{\"@type\":\"ListItem\",\"position\":2,\"name\":\"Marylise Folgarida\\\/1\"}]},{\"@type\":\"WebSite\",\"@id\":\"https:\\\/\\\/www.koonings.com\\\/de\\\/#website\",\"url\":\"https:\\\/\\\/www.koonings.com\\\/de\\\/\",\"name\":\"Koonings\",\"description\":\"De grootste bruidsmodewinkel ter wereld\",\"publisher\":{\"@id\":\"https:\\\/\\\/www.koonings.com\\\/de\\\/#organization\"},\"potentialAction\":[{\"@type\":\"SearchAction\",\"target\":{\"@type\":\"EntryPoint\",\"urlTemplate\":\"https:\\\/\\\/www.koonings.com\\\/de\\\/?s={search_term_string}\"},\"query-input\":{\"@type\":\"PropertyValueSpecification\",\"valueRequired\":true,\"valueName\":\"search_term_string\"}}],\"inLanguage\":\"de\"},{\"@type\":\"Organization\",\"@id\":\"https:\\\/\\\/www.koonings.com\\\/de\\\/#organization\",\"name\":\"Koonings\",\"url\":\"https:\\\/\\\/www.koonings.com\\\/de\\\/\",\"logo\":{\"@type\":\"ImageObject\",\"inLanguage\":\"de\",\"@id\":\"https:\\\/\\\/www.koonings.com\\\/de\\\/#\\\/schema\\\/logo\\\/image\\\/\",\"url\":\"https:\\\/\\\/www.koonings.com\\\/wp-content\\\/uploads\\\/2024\\\/07\\\/logo.png\",\"contentUrl\":\"https:\\\/\\\/www.koonings.com\\\/wp-content\\\/uploads\\\/2024\\\/07\\\/logo.png\",\"width\":600,\"height\":428,\"caption\":\"Koonings\"},\"image\":{\"@id\":\"https:\\\/\\\/www.koonings.com\\\/de\\\/#\\\/schema\\\/logo\\\/image\\\/\"},\"sameAs\":[\"https:\\\/\\\/www.facebook.com\\\/kooningstheweddingpalace\",\"https:\\\/\\\/www.instagram.com\\\/kooningstheweddingpalace\",\"https:\\\/\\\/www.pinterest.com\\\/koonings\",\"https:\\\/\\\/www.youtube.com\\\/kooningstheweddingpalace\"]}]}<\/script>\n<!-- \/ Yoast SEO plugin. -->","yoast_head_json":{"title":"Marylise Folgarida\/1 | Koonings","description":"Feminin und raffiniert! Folgarida 1 besteht aus einem Spitzenoberteil mit Blumenapplikationen. Es hat einen tiefen Ausschnitt mit beigem T\u00fcll in der Mitte, einen runden, offenen R\u00fccken und Fl\u00fcgel\u00e4rmel. Um die Taille verl\u00e4uft ein mit Spitze gemustertes Band, das der Silhouette schmeichelt. Der Rock ist aus Cr\u00eape mit Spitzenapplikationen am Oberteil und einem Seitenschlitz. Die Schleppe ist in der Mitte mit durchsichtiger Spitze geteilt.","robots":{"index":"index","follow":"follow","max-snippet":"max-snippet:-1","max-image-preview":"max-image-preview:large","max-video-preview":"max-video-preview:-1"},"canonical":"https:\/\/www.koonings.com\/de\/product\/marylise-folgarida-1\/","og_locale":"de_DE","og_type":"article","og_title":"Marylise Folgarida\/1 | Koonings","og_description":"Feminin und raffiniert! Folgarida 1 besteht aus einem Spitzenoberteil mit Blumenapplikationen. Es hat einen tiefen Ausschnitt mit beigem T\u00fcll in der Mitte, einen runden, offenen R\u00fccken und Fl\u00fcgel\u00e4rmel. Um die Taille verl\u00e4uft ein mit Spitze gemustertes Band, das der Silhouette schmeichelt. Der Rock ist aus Cr\u00eape mit Spitzenapplikationen am Oberteil und einem Seitenschlitz. Die Schleppe ist in der Mitte mit durchsichtiger Spitze geteilt.","og_url":"https:\/\/www.koonings.com\/de\/product\/marylise-folgarida-1\/","og_site_name":"Koonings","article_publisher":"https:\/\/www.facebook.com\/kooningstheweddingpalace","article_modified_time":"2026-02-03T18:26:17+00:00","og_image":[{"width":1766,"height":2560,"url":"https:\/\/www.koonings.com\/wp-content\/uploads\/2024\/11\/49129_555eddf7168b216ac499f0b94e02d76d8f9abf44d3ae555f424676b17fca504188c0a530-scaled.jpeg","type":"image\/jpeg"}],"twitter_card":"summary_large_image","schema":{"@context":"https:\/\/schema.org","@graph":[{"@type":"WebPage","@id":"https:\/\/www.koonings.com\/de\/product\/marylise-folgarida-1\/","url":"https:\/\/www.koonings.com\/de\/product\/marylise-folgarida-1\/","name":"Marylise Folgarida\/1 | Koonings","isPartOf":{"@id":"https:\/\/www.koonings.com\/de\/#website"},"primaryImageOfPage":{"@id":"https:\/\/www.koonings.com\/de\/product\/marylise-folgarida-1\/#primaryimage"},"image":{"@id":"https:\/\/www.koonings.com\/de\/product\/marylise-folgarida-1\/#primaryimage"},"thumbnailUrl":"https:\/\/www.koonings.com\/wp-content\/uploads\/2024\/11\/49129_555eddf7168b216ac499f0b94e02d76d8f9abf44d3ae555f424676b17fca504188c0a530-scaled.jpeg","datePublished":"2025-12-14T23:46:13+00:00","dateModified":"2026-02-03T18:26:17+00:00","description":"Feminin und raffiniert! Folgarida 1 besteht aus einem Spitzenoberteil mit Blumenapplikationen. Es hat einen tiefen Ausschnitt mit beigem T\u00fcll in der Mitte, einen runden, offenen R\u00fccken und Fl\u00fcgel\u00e4rmel. Um die Taille verl\u00e4uft ein mit Spitze gemustertes Band, das der Silhouette schmeichelt. Der Rock ist aus Cr\u00eape mit Spitzenapplikationen am Oberteil und einem Seitenschlitz. Die Schleppe ist in der Mitte mit durchsichtiger Spitze geteilt.","breadcrumb":{"@id":"https:\/\/www.koonings.com\/de\/product\/marylise-folgarida-1\/#breadcrumb"},"inLanguage":"de","potentialAction":[{"@type":"ReadAction","target":["https:\/\/www.koonings.com\/de\/product\/marylise-folgarida-1\/"]}]},{"@type":"ImageObject","inLanguage":"de","@id":"https:\/\/www.koonings.com\/de\/product\/marylise-folgarida-1\/#primaryimage","url":"https:\/\/www.koonings.com\/wp-content\/uploads\/2024\/11\/49129_555eddf7168b216ac499f0b94e02d76d8f9abf44d3ae555f424676b17fca504188c0a530-scaled.jpeg","contentUrl":"https:\/\/www.koonings.com\/wp-content\/uploads\/2024\/11\/49129_555eddf7168b216ac499f0b94e02d76d8f9abf44d3ae555f424676b17fca504188c0a530-scaled.jpeg","width":1766,"height":2560},{"@type":"BreadcrumbList","@id":"https:\/\/www.koonings.com\/de\/product\/marylise-folgarida-1\/#breadcrumb","itemListElement":[{"@type":"ListItem","position":1,"name":"Home","item":"https:\/\/www.koonings.com\/de\/"},{"@type":"ListItem","position":2,"name":"Marylise Folgarida\/1"}]},{"@type":"WebSite","@id":"https:\/\/www.koonings.com\/de\/#website","url":"https:\/\/www.koonings.com\/de\/","name":"Koonings","description":"De grootste bruidsmodewinkel ter wereld","publisher":{"@id":"https:\/\/www.koonings.com\/de\/#organization"},"potentialAction":[{"@type":"SearchAction","target":{"@type":"EntryPoint","urlTemplate":"https:\/\/www.koonings.com\/de\/?s={search_term_string}"},"query-input":{"@type":"PropertyValueSpecification","valueRequired":true,"valueName":"search_term_string"}}],"inLanguage":"de"},{"@type":"Organization","@id":"https:\/\/www.koonings.com\/de\/#organization","name":"Koonings","url":"https:\/\/www.koonings.com\/de\/","logo":{"@type":"ImageObject","inLanguage":"de","@id":"https:\/\/www.koonings.com\/de\/#\/schema\/logo\/image\/","url":"https:\/\/www.koonings.com\/wp-content\/uploads\/2024\/07\/logo.png","contentUrl":"https:\/\/www.koonings.com\/wp-content\/uploads\/2024\/07\/logo.png","width":600,"height":428,"caption":"Koonings"},"image":{"@id":"https:\/\/www.koonings.com\/de\/#\/schema\/logo\/image\/"},"sameAs":["https:\/\/www.facebook.com\/kooningstheweddingpalace","https:\/\/www.instagram.com\/kooningstheweddingpalace","https:\/\/www.pinterest.com\/koonings","https:\/\/www.youtube.com\/kooningstheweddingpalace"]}]}},"_links":{"self":[{"href":"https:\/\/www.koonings.com\/de\/wp-json\/wp\/v2\/product\/78056","targetHints":{"allow":["GET"]}}],"collection":[{"href":"https:\/\/www.koonings.com\/de\/wp-json\/wp\/v2\/product"}],"about":[{"href":"https:\/\/www.koonings.com\/de\/wp-json\/wp\/v2\/types\/product"}],"wp:featuredmedia":[{"embeddable":true,"href":"https:\/\/www.koonings.com\/de\/wp-json\/wp\/v2\/media\/55714"}],"wp:attachment":[{"href":"https:\/\/www.koonings.com\/de\/wp-json\/wp\/v2\/media?parent=78056"}],"wp:term":[{"taxonomy":"productdetails","embeddable":true,"href":"https:\/\/www.koonings.com\/de\/wp-json\/wp\/v2\/productdetails?post=78056"},{"taxonomy":"productneck","embeddable":true,"href":"https:\/\/www.koonings.com\/de\/wp-json\/wp\/v2\/productneck?post=78056"},{"taxonomy":"productcolor","embeddable":true,"href":"https:\/\/www.koonings.com\/de\/wp-json\/wp\/v2\/productcolor?post=78056"},{"taxonomy":"maat","embeddable":true,"href":"https:\/\/www.koonings.com\/de\/wp-json\/wp\/v2\/maat?post=78056"},{"taxonomy":"productsupplier","embeddable":true,"href":"https:\/\/www.koonings.com\/de\/wp-json\/wp\/v2\/productsupplier?post=78056"},{"taxonomy":"productsleeve","embeddable":true,"href":"https:\/\/www.koonings.com\/de\/wp-json\/wp\/v2\/productsleeve?post=78056"},{"taxonomy":"productcategory","embeddable":true,"href":"https:\/\/www.koonings.com\/de\/wp-json\/wp\/v2\/productcategory?post=78056"},{"taxonomy":"productsilhouette","embeddable":true,"href":"https:\/\/www.koonings.com\/de\/wp-json\/wp\/v2\/productsilhouette?post=78056"},{"taxonomy":"productstyle","embeddable":true,"href":"https:\/\/www.koonings.com\/de\/wp-json\/wp\/v2\/productstyle?post=78056"}],"curies":[{"name":"wp","href":"https:\/\/api.w.org\/{rel}","templated":true}]}}