{"id":78042,"date":"2025-12-15T00:25:00","date_gmt":"2025-12-14T23:25:00","guid":{"rendered":"https:\/\/www.koonings.com\/product\/michela-ferriero-ossidiana\/"},"modified":"2026-02-03T19:26:20","modified_gmt":"2026-02-03T18:26:20","slug":"michela-ferriero-ossidiana","status":"publish","type":"product","link":"https:\/\/www.koonings.com\/de\/product\/michela-ferriero-ossidiana\/","title":{"rendered":"Michela Ferriero Ossidiana"},"content":{"rendered":"<p>Die Designerin Michela Ferriero b\u00fcrgt f\u00fcr eine altehrw\u00fcrdige Tradition der Haute Couture made in Italy, die auf jahrhundertealten Fertigkeiten und der strengen Auswahl von Stoffen und Spitzen h\u00f6chster Qualit\u00e4t beruht, kombiniert mit dem Wunsch, immer und st\u00e4ndig innovativ zu sein, um Kleider auf eine andere Art zu kreieren, ausgehend von den W\u00fcnschen der Br\u00e4ute. Die Kollektion &#8220;Enchant\u00e9&#8221;, Michela Ferriero 2024 wurde vom franz\u00f6sischen Stil der 1920er Jahre beeinflusst. Perlen, Federn, Handschuhe und Diamanten dominieren, die unbestrittenen Protagonisten der spektakul\u00e4ren Kleider, mit innovativen Schnitten, die jede K\u00f6rperlichkeit hervorheben. Unsere Kreationen zeichnen sich durch einen unverwechselbaren Meerjungfrauen-Stil aus, der Kleid f\u00fcr Kleid das mediterrane Flair unserer Urspr\u00fcnge mit einer unb\u00e4ndigen Leidenschaft f\u00fcr Innovation verbindet. Exklusiv erh\u00e4ltlich bei Koonings The Wedding Palace.   <\/p>\n","protected":false},"featured_media":60267,"template":"","meta":{"_acf_changed":false,"ghostkit_customizer_options":"","ghostkit_custom_css":"","ghostkit_custom_js_head":"","ghostkit_custom_js_foot":"","ghostkit_typography":""},"productdetails":[379,382,376],"productneck":[356],"productcolor":[392],"maat":[],"productsupplier":[445],"productsleeve":[362],"productcategory":[18],"productsilhouette":[387],"productstyle":[366],"class_list":["post-78042","product","type-product","status-publish","has-post-thumbnail","hentry","productdetails-379","productdetails-382","productdetails-376","productneck-356","productcolor-392","productsupplier-michela-ferriero","productsleeve-362","productcategory-trouwjurken","productsilhouette-387","productstyle-366"],"acf":[],"yoast_head":"<!-- This site is optimized with the Yoast SEO plugin v26.8 - https:\/\/yoast.com\/product\/yoast-seo-wordpress\/ -->\n<title>Michela Ferriero Ossidiana | Koonings<\/title>\n<meta name=\"description\" content=\"Die Designerin Michela Ferriero b\u00fcrgt f\u00fcr eine altehrw\u00fcrdige Tradition der Haute Couture made in Italy, die auf jahrhundertealten Fertigkeiten und der strengen Auswahl von Stoffen und Spitzen h\u00f6chster Qualit\u00e4t beruht, kombiniert mit dem Wunsch, immer und st\u00e4ndig innovativ zu sein, um Kleider auf eine andere Art zu kreieren, ausgehend von den W\u00fcnschen der Br\u00e4ute. Die Kollektion &quot;Enchant\u00e9&quot;, Michela Ferriero 2024 wurde vom franz\u00f6sischen Stil der 1920er Jahre beeinflusst. Perlen, Federn, Handschuhe und Diamanten dominieren, die unbestrittenen Protagonisten der spektakul\u00e4ren Kleider, mit innovativen Schnitten, die jede K\u00f6rperlichkeit hervorheben. Unsere Kreationen zeichnen sich durch einen unverwechselbaren Meerjungfrauen-Stil aus, der Kleid f\u00fcr Kleid das mediterrane Flair unserer Urspr\u00fcnge mit einer unb\u00e4ndigen Leidenschaft f\u00fcr Innovation verbindet. Exklusiv erh\u00e4ltlich bei Koonings The Wedding Palace.\" \/>\n<meta name=\"robots\" content=\"index, follow, max-snippet:-1, max-image-preview:large, max-video-preview:-1\" \/>\n<link rel=\"canonical\" href=\"https:\/\/www.koonings.com\/de\/product\/michela-ferriero-ossidiana\/\" \/>\n<meta property=\"og:locale\" content=\"de_DE\" \/>\n<meta property=\"og:type\" content=\"article\" \/>\n<meta property=\"og:title\" content=\"Michela Ferriero Ossidiana | Koonings\" \/>\n<meta property=\"og:description\" content=\"Die Designerin Michela Ferriero b\u00fcrgt f\u00fcr eine altehrw\u00fcrdige Tradition der Haute Couture made in Italy, die auf jahrhundertealten Fertigkeiten und der strengen Auswahl von Stoffen und Spitzen h\u00f6chster Qualit\u00e4t beruht, kombiniert mit dem Wunsch, immer und st\u00e4ndig innovativ zu sein, um Kleider auf eine andere Art zu kreieren, ausgehend von den W\u00fcnschen der Br\u00e4ute. Die Kollektion &quot;Enchant\u00e9&quot;, Michela Ferriero 2024 wurde vom franz\u00f6sischen Stil der 1920er Jahre beeinflusst. Perlen, Federn, Handschuhe und Diamanten dominieren, die unbestrittenen Protagonisten der spektakul\u00e4ren Kleider, mit innovativen Schnitten, die jede K\u00f6rperlichkeit hervorheben. Unsere Kreationen zeichnen sich durch einen unverwechselbaren Meerjungfrauen-Stil aus, der Kleid f\u00fcr Kleid das mediterrane Flair unserer Urspr\u00fcnge mit einer unb\u00e4ndigen Leidenschaft f\u00fcr Innovation verbindet. Exklusiv erh\u00e4ltlich bei Koonings The Wedding Palace.\" \/>\n<meta property=\"og:url\" content=\"https:\/\/www.koonings.com\/de\/product\/michela-ferriero-ossidiana\/\" \/>\n<meta property=\"og:site_name\" content=\"Koonings\" \/>\n<meta property=\"article:publisher\" content=\"https:\/\/www.facebook.com\/kooningstheweddingpalace\" \/>\n<meta property=\"article:modified_time\" content=\"2026-02-03T18:26:20+00:00\" \/>\n<meta property=\"og:image\" content=\"https:\/\/www.koonings.com\/wp-content\/uploads\/2024\/11\/39656_4200194c853f440bbdd05e9681518f2e21db86d7a0d0664d268a47ef55c5cddd83d87ee0-scaled.jpeg\" \/>\n\t<meta property=\"og:image:width\" content=\"1814\" \/>\n\t<meta property=\"og:image:height\" content=\"2560\" \/>\n\t<meta property=\"og:image:type\" content=\"image\/jpeg\" \/>\n<meta name=\"twitter:card\" content=\"summary_large_image\" \/>\n<meta name=\"twitter:label1\" content=\"Gesch\u00e4tzte Lesezeit\" \/>\n\t<meta name=\"twitter:data1\" content=\"1\u00a0Minute\" \/>\n<script type=\"application\/ld+json\" class=\"yoast-schema-graph\">{\"@context\":\"https:\/\/schema.org\",\"@graph\":[{\"@type\":\"WebPage\",\"@id\":\"https:\/\/www.koonings.com\/de\/product\/michela-ferriero-ossidiana\/\",\"url\":\"https:\/\/www.koonings.com\/de\/product\/michela-ferriero-ossidiana\/\",\"name\":\"Michela Ferriero Ossidiana | Koonings\",\"isPartOf\":{\"@id\":\"https:\/\/www.koonings.com\/de\/#website\"},\"primaryImageOfPage\":{\"@id\":\"https:\/\/www.koonings.com\/de\/product\/michela-ferriero-ossidiana\/#primaryimage\"},\"image\":{\"@id\":\"https:\/\/www.koonings.com\/de\/product\/michela-ferriero-ossidiana\/#primaryimage\"},\"thumbnailUrl\":\"https:\/\/www.koonings.com\/wp-content\/uploads\/2024\/11\/39656_4200194c853f440bbdd05e9681518f2e21db86d7a0d0664d268a47ef55c5cddd83d87ee0-scaled.jpeg\",\"datePublished\":\"2025-12-14T23:25:00+00:00\",\"dateModified\":\"2026-02-03T18:26:20+00:00\",\"description\":\"Die Designerin Michela Ferriero b\u00fcrgt f\u00fcr eine altehrw\u00fcrdige Tradition der Haute Couture made in Italy, die auf jahrhundertealten Fertigkeiten und der strengen Auswahl von Stoffen und Spitzen h\u00f6chster Qualit\u00e4t beruht, kombiniert mit dem Wunsch, immer und st\u00e4ndig innovativ zu sein, um Kleider auf eine andere Art zu kreieren, ausgehend von den W\u00fcnschen der Br\u00e4ute. Die Kollektion \\\"Enchant\u00e9\\\", Michela Ferriero 2024 wurde vom franz\u00f6sischen Stil der 1920er Jahre beeinflusst. Perlen, Federn, Handschuhe und Diamanten dominieren, die unbestrittenen Protagonisten der spektakul\u00e4ren Kleider, mit innovativen Schnitten, die jede K\u00f6rperlichkeit hervorheben. Unsere Kreationen zeichnen sich durch einen unverwechselbaren Meerjungfrauen-Stil aus, der Kleid f\u00fcr Kleid das mediterrane Flair unserer Urspr\u00fcnge mit einer unb\u00e4ndigen Leidenschaft f\u00fcr Innovation verbindet. Exklusiv erh\u00e4ltlich bei Koonings The Wedding Palace.\",\"breadcrumb\":{\"@id\":\"https:\/\/www.koonings.com\/de\/product\/michela-ferriero-ossidiana\/#breadcrumb\"},\"inLanguage\":\"de\",\"potentialAction\":[{\"@type\":\"ReadAction\",\"target\":[\"https:\/\/www.koonings.com\/de\/product\/michela-ferriero-ossidiana\/\"]}]},{\"@type\":\"ImageObject\",\"inLanguage\":\"de\",\"@id\":\"https:\/\/www.koonings.com\/de\/product\/michela-ferriero-ossidiana\/#primaryimage\",\"url\":\"https:\/\/www.koonings.com\/wp-content\/uploads\/2024\/11\/39656_4200194c853f440bbdd05e9681518f2e21db86d7a0d0664d268a47ef55c5cddd83d87ee0-scaled.jpeg\",\"contentUrl\":\"https:\/\/www.koonings.com\/wp-content\/uploads\/2024\/11\/39656_4200194c853f440bbdd05e9681518f2e21db86d7a0d0664d268a47ef55c5cddd83d87ee0-scaled.jpeg\",\"width\":1814,\"height\":2560},{\"@type\":\"BreadcrumbList\",\"@id\":\"https:\/\/www.koonings.com\/de\/product\/michela-ferriero-ossidiana\/#breadcrumb\",\"itemListElement\":[{\"@type\":\"ListItem\",\"position\":1,\"name\":\"Home\",\"item\":\"https:\/\/www.koonings.com\/de\/\"},{\"@type\":\"ListItem\",\"position\":2,\"name\":\"Michela Ferriero Ossidiana\"}]},{\"@type\":\"WebSite\",\"@id\":\"https:\/\/www.koonings.com\/de\/#website\",\"url\":\"https:\/\/www.koonings.com\/de\/\",\"name\":\"Koonings\",\"description\":\"De grootste bruidsmodewinkel ter wereld\",\"publisher\":{\"@id\":\"https:\/\/www.koonings.com\/de\/#organization\"},\"potentialAction\":[{\"@type\":\"SearchAction\",\"target\":{\"@type\":\"EntryPoint\",\"urlTemplate\":\"https:\/\/www.koonings.com\/de\/?s={search_term_string}\"},\"query-input\":{\"@type\":\"PropertyValueSpecification\",\"valueRequired\":true,\"valueName\":\"search_term_string\"}}],\"inLanguage\":\"de\"},{\"@type\":\"Organization\",\"@id\":\"https:\/\/www.koonings.com\/de\/#organization\",\"name\":\"Koonings\",\"url\":\"https:\/\/www.koonings.com\/de\/\",\"logo\":{\"@type\":\"ImageObject\",\"inLanguage\":\"de\",\"@id\":\"https:\/\/www.koonings.com\/de\/#\/schema\/logo\/image\/\",\"url\":\"https:\/\/www.koonings.com\/wp-content\/uploads\/2024\/07\/logo.png\",\"contentUrl\":\"https:\/\/www.koonings.com\/wp-content\/uploads\/2024\/07\/logo.png\",\"width\":600,\"height\":428,\"caption\":\"Koonings\"},\"image\":{\"@id\":\"https:\/\/www.koonings.com\/de\/#\/schema\/logo\/image\/\"},\"sameAs\":[\"https:\/\/www.facebook.com\/kooningstheweddingpalace\",\"https:\/\/www.instagram.com\/kooningstheweddingpalace\",\"https:\/\/www.pinterest.com\/koonings\",\"https:\/\/www.youtube.com\/kooningstheweddingpalace\"]}]}<\/script>\n<!-- \/ Yoast SEO plugin. -->","yoast_head_json":{"title":"Michela Ferriero Ossidiana | Koonings","description":"Die Designerin Michela Ferriero b\u00fcrgt f\u00fcr eine altehrw\u00fcrdige Tradition der Haute Couture made in Italy, die auf jahrhundertealten Fertigkeiten und der strengen Auswahl von Stoffen und Spitzen h\u00f6chster Qualit\u00e4t beruht, kombiniert mit dem Wunsch, immer und st\u00e4ndig innovativ zu sein, um Kleider auf eine andere Art zu kreieren, ausgehend von den W\u00fcnschen der Br\u00e4ute. Die Kollektion \"Enchant\u00e9\", Michela Ferriero 2024 wurde vom franz\u00f6sischen Stil der 1920er Jahre beeinflusst. Perlen, Federn, Handschuhe und Diamanten dominieren, die unbestrittenen Protagonisten der spektakul\u00e4ren Kleider, mit innovativen Schnitten, die jede K\u00f6rperlichkeit hervorheben. Unsere Kreationen zeichnen sich durch einen unverwechselbaren Meerjungfrauen-Stil aus, der Kleid f\u00fcr Kleid das mediterrane Flair unserer Urspr\u00fcnge mit einer unb\u00e4ndigen Leidenschaft f\u00fcr Innovation verbindet. Exklusiv erh\u00e4ltlich bei Koonings The Wedding Palace.","robots":{"index":"index","follow":"follow","max-snippet":"max-snippet:-1","max-image-preview":"max-image-preview:large","max-video-preview":"max-video-preview:-1"},"canonical":"https:\/\/www.koonings.com\/de\/product\/michela-ferriero-ossidiana\/","og_locale":"de_DE","og_type":"article","og_title":"Michela Ferriero Ossidiana | Koonings","og_description":"Die Designerin Michela Ferriero b\u00fcrgt f\u00fcr eine altehrw\u00fcrdige Tradition der Haute Couture made in Italy, die auf jahrhundertealten Fertigkeiten und der strengen Auswahl von Stoffen und Spitzen h\u00f6chster Qualit\u00e4t beruht, kombiniert mit dem Wunsch, immer und st\u00e4ndig innovativ zu sein, um Kleider auf eine andere Art zu kreieren, ausgehend von den W\u00fcnschen der Br\u00e4ute. Die Kollektion \"Enchant\u00e9\", Michela Ferriero 2024 wurde vom franz\u00f6sischen Stil der 1920er Jahre beeinflusst. Perlen, Federn, Handschuhe und Diamanten dominieren, die unbestrittenen Protagonisten der spektakul\u00e4ren Kleider, mit innovativen Schnitten, die jede K\u00f6rperlichkeit hervorheben. Unsere Kreationen zeichnen sich durch einen unverwechselbaren Meerjungfrauen-Stil aus, der Kleid f\u00fcr Kleid das mediterrane Flair unserer Urspr\u00fcnge mit einer unb\u00e4ndigen Leidenschaft f\u00fcr Innovation verbindet. Exklusiv erh\u00e4ltlich bei Koonings The Wedding Palace.","og_url":"https:\/\/www.koonings.com\/de\/product\/michela-ferriero-ossidiana\/","og_site_name":"Koonings","article_publisher":"https:\/\/www.facebook.com\/kooningstheweddingpalace","article_modified_time":"2026-02-03T18:26:20+00:00","og_image":[{"width":1814,"height":2560,"url":"https:\/\/www.koonings.com\/wp-content\/uploads\/2024\/11\/39656_4200194c853f440bbdd05e9681518f2e21db86d7a0d0664d268a47ef55c5cddd83d87ee0-scaled.jpeg","type":"image\/jpeg"}],"twitter_card":"summary_large_image","twitter_misc":{"Gesch\u00e4tzte Lesezeit":"1\u00a0Minute"},"schema":{"@context":"https:\/\/schema.org","@graph":[{"@type":"WebPage","@id":"https:\/\/www.koonings.com\/de\/product\/michela-ferriero-ossidiana\/","url":"https:\/\/www.koonings.com\/de\/product\/michela-ferriero-ossidiana\/","name":"Michela Ferriero Ossidiana | Koonings","isPartOf":{"@id":"https:\/\/www.koonings.com\/de\/#website"},"primaryImageOfPage":{"@id":"https:\/\/www.koonings.com\/de\/product\/michela-ferriero-ossidiana\/#primaryimage"},"image":{"@id":"https:\/\/www.koonings.com\/de\/product\/michela-ferriero-ossidiana\/#primaryimage"},"thumbnailUrl":"https:\/\/www.koonings.com\/wp-content\/uploads\/2024\/11\/39656_4200194c853f440bbdd05e9681518f2e21db86d7a0d0664d268a47ef55c5cddd83d87ee0-scaled.jpeg","datePublished":"2025-12-14T23:25:00+00:00","dateModified":"2026-02-03T18:26:20+00:00","description":"Die Designerin Michela Ferriero b\u00fcrgt f\u00fcr eine altehrw\u00fcrdige Tradition der Haute Couture made in Italy, die auf jahrhundertealten Fertigkeiten und der strengen Auswahl von Stoffen und Spitzen h\u00f6chster Qualit\u00e4t beruht, kombiniert mit dem Wunsch, immer und st\u00e4ndig innovativ zu sein, um Kleider auf eine andere Art zu kreieren, ausgehend von den W\u00fcnschen der Br\u00e4ute. Die Kollektion \"Enchant\u00e9\", Michela Ferriero 2024 wurde vom franz\u00f6sischen Stil der 1920er Jahre beeinflusst. Perlen, Federn, Handschuhe und Diamanten dominieren, die unbestrittenen Protagonisten der spektakul\u00e4ren Kleider, mit innovativen Schnitten, die jede K\u00f6rperlichkeit hervorheben. Unsere Kreationen zeichnen sich durch einen unverwechselbaren Meerjungfrauen-Stil aus, der Kleid f\u00fcr Kleid das mediterrane Flair unserer Urspr\u00fcnge mit einer unb\u00e4ndigen Leidenschaft f\u00fcr Innovation verbindet. Exklusiv erh\u00e4ltlich bei Koonings The Wedding Palace.","breadcrumb":{"@id":"https:\/\/www.koonings.com\/de\/product\/michela-ferriero-ossidiana\/#breadcrumb"},"inLanguage":"de","potentialAction":[{"@type":"ReadAction","target":["https:\/\/www.koonings.com\/de\/product\/michela-ferriero-ossidiana\/"]}]},{"@type":"ImageObject","inLanguage":"de","@id":"https:\/\/www.koonings.com\/de\/product\/michela-ferriero-ossidiana\/#primaryimage","url":"https:\/\/www.koonings.com\/wp-content\/uploads\/2024\/11\/39656_4200194c853f440bbdd05e9681518f2e21db86d7a0d0664d268a47ef55c5cddd83d87ee0-scaled.jpeg","contentUrl":"https:\/\/www.koonings.com\/wp-content\/uploads\/2024\/11\/39656_4200194c853f440bbdd05e9681518f2e21db86d7a0d0664d268a47ef55c5cddd83d87ee0-scaled.jpeg","width":1814,"height":2560},{"@type":"BreadcrumbList","@id":"https:\/\/www.koonings.com\/de\/product\/michela-ferriero-ossidiana\/#breadcrumb","itemListElement":[{"@type":"ListItem","position":1,"name":"Home","item":"https:\/\/www.koonings.com\/de\/"},{"@type":"ListItem","position":2,"name":"Michela Ferriero Ossidiana"}]},{"@type":"WebSite","@id":"https:\/\/www.koonings.com\/de\/#website","url":"https:\/\/www.koonings.com\/de\/","name":"Koonings","description":"De grootste bruidsmodewinkel ter wereld","publisher":{"@id":"https:\/\/www.koonings.com\/de\/#organization"},"potentialAction":[{"@type":"SearchAction","target":{"@type":"EntryPoint","urlTemplate":"https:\/\/www.koonings.com\/de\/?s={search_term_string}"},"query-input":{"@type":"PropertyValueSpecification","valueRequired":true,"valueName":"search_term_string"}}],"inLanguage":"de"},{"@type":"Organization","@id":"https:\/\/www.koonings.com\/de\/#organization","name":"Koonings","url":"https:\/\/www.koonings.com\/de\/","logo":{"@type":"ImageObject","inLanguage":"de","@id":"https:\/\/www.koonings.com\/de\/#\/schema\/logo\/image\/","url":"https:\/\/www.koonings.com\/wp-content\/uploads\/2024\/07\/logo.png","contentUrl":"https:\/\/www.koonings.com\/wp-content\/uploads\/2024\/07\/logo.png","width":600,"height":428,"caption":"Koonings"},"image":{"@id":"https:\/\/www.koonings.com\/de\/#\/schema\/logo\/image\/"},"sameAs":["https:\/\/www.facebook.com\/kooningstheweddingpalace","https:\/\/www.instagram.com\/kooningstheweddingpalace","https:\/\/www.pinterest.com\/koonings","https:\/\/www.youtube.com\/kooningstheweddingpalace"]}]}},"_links":{"self":[{"href":"https:\/\/www.koonings.com\/de\/wp-json\/wp\/v2\/product\/78042","targetHints":{"allow":["GET"]}}],"collection":[{"href":"https:\/\/www.koonings.com\/de\/wp-json\/wp\/v2\/product"}],"about":[{"href":"https:\/\/www.koonings.com\/de\/wp-json\/wp\/v2\/types\/product"}],"wp:featuredmedia":[{"embeddable":true,"href":"https:\/\/www.koonings.com\/de\/wp-json\/wp\/v2\/media\/60267"}],"wp:attachment":[{"href":"https:\/\/www.koonings.com\/de\/wp-json\/wp\/v2\/media?parent=78042"}],"wp:term":[{"taxonomy":"productdetails","embeddable":true,"href":"https:\/\/www.koonings.com\/de\/wp-json\/wp\/v2\/productdetails?post=78042"},{"taxonomy":"productneck","embeddable":true,"href":"https:\/\/www.koonings.com\/de\/wp-json\/wp\/v2\/productneck?post=78042"},{"taxonomy":"productcolor","embeddable":true,"href":"https:\/\/www.koonings.com\/de\/wp-json\/wp\/v2\/productcolor?post=78042"},{"taxonomy":"maat","embeddable":true,"href":"https:\/\/www.koonings.com\/de\/wp-json\/wp\/v2\/maat?post=78042"},{"taxonomy":"productsupplier","embeddable":true,"href":"https:\/\/www.koonings.com\/de\/wp-json\/wp\/v2\/productsupplier?post=78042"},{"taxonomy":"productsleeve","embeddable":true,"href":"https:\/\/www.koonings.com\/de\/wp-json\/wp\/v2\/productsleeve?post=78042"},{"taxonomy":"productcategory","embeddable":true,"href":"https:\/\/www.koonings.com\/de\/wp-json\/wp\/v2\/productcategory?post=78042"},{"taxonomy":"productsilhouette","embeddable":true,"href":"https:\/\/www.koonings.com\/de\/wp-json\/wp\/v2\/productsilhouette?post=78042"},{"taxonomy":"productstyle","embeddable":true,"href":"https:\/\/www.koonings.com\/de\/wp-json\/wp\/v2\/productstyle?post=78042"}],"curies":[{"name":"wp","href":"https:\/\/api.w.org\/{rel}","templated":true}]}}