{"id":78004,"date":"2026-04-28T18:16:36","date_gmt":"2026-04-28T16:16:36","guid":{"rendered":"https:\/\/www.koonings.com\/product\/essense-of-australia-d4110zz11\/"},"modified":"2025-06-05T13:30:55","modified_gmt":"2025-06-05T11:30:55","slug":"essense-of-australia-d4110zz11","status":"publish","type":"product","link":"https:\/\/www.koonings.com\/de\/product\/essense-of-australia-d4110zz11\/","title":{"rendered":"Essense of Australia D4110ZZ11"},"content":{"rendered":"<p>Schlichter Luxus erstrahlt in diesem von der Prinzessin inspirierten Ballkleid-Hochzeitskleid. Das Modell D4110 hat eng anliegende, schulterfreie Tr\u00e4ger und einen schmeichelhaften Rundhalsausschnitt. Das makellos geschneiderte Mieder schmiegt sich mit Konturenn\u00e4hten an die Figur an und wird am R\u00fccken mit einer kleiderlangen Reihe stoffbezogener Kn\u00f6pfe geschlossen. An der Taille geht der \u00fcppige Mikado in einen volumin\u00f6sen Ballkleidrock mit Schleppe \u00fcber, der funktionelle Seitentaschen verbirgt. Dieses luxuri\u00f6se und schicke Mikado-Ballkleid ist wie geschaffen f\u00fcr moderne K\u00f6nige. Dieses Hochzeitskleid ist auch in gro\u00dfen Gr\u00f6\u00dfen erh\u00e4ltlich.    <\/p>\n","protected":false},"featured_media":60607,"template":"","meta":{"_acf_changed":false,"ghostkit_customizer_options":"","ghostkit_custom_css":"","ghostkit_custom_js_head":"","ghostkit_custom_js_foot":"","ghostkit_typography":""},"productdetails":[],"productneck":[352],"productcolor":[392],"maat":[],"productsupplier":[444],"productsleeve":[359],"productcategory":[18],"productsilhouette":[388],"productstyle":[372],"class_list":["post-78004","product","type-product","status-publish","has-post-thumbnail","hentry","productneck-352","productcolor-392","productsupplier-essense-of-australia","productsleeve-359","productcategory-trouwjurken","productsilhouette-388","productstyle-372"],"acf":[],"yoast_head":"<!-- This site is optimized with the Yoast SEO plugin v27.3 - https:\/\/yoast.com\/product\/yoast-seo-wordpress\/ -->\n<title>Essense of Australia D4110ZZ11 | Koonings<\/title>\n<meta name=\"description\" content=\"Schlichter Luxus erstrahlt in diesem von der Prinzessin inspirierten Ballkleid-Hochzeitskleid. Das Modell D4110 hat eng anliegende, schulterfreie Tr\u00e4ger und einen schmeichelhaften Rundhalsausschnitt. Das makellos geschneiderte Mieder schmiegt sich mit Konturenn\u00e4hten an die Figur an und wird am R\u00fccken mit einer kleiderlangen Reihe stoffbezogener Kn\u00f6pfe geschlossen. An der Taille geht der \u00fcppige Mikado in einen volumin\u00f6sen Ballkleidrock mit Schleppe \u00fcber, der funktionelle Seitentaschen verbirgt. Dieses luxuri\u00f6se und schicke Mikado-Ballkleid ist wie geschaffen f\u00fcr moderne K\u00f6nige. Dieses Hochzeitskleid ist auch in gro\u00dfen Gr\u00f6\u00dfen erh\u00e4ltlich.\" \/>\n<meta name=\"robots\" content=\"index, follow, max-snippet:-1, max-image-preview:large, max-video-preview:-1\" \/>\n<link rel=\"canonical\" href=\"https:\/\/www.koonings.com\/de\/product\/essense-of-australia-d4110zz11\/\" \/>\n<meta property=\"og:locale\" content=\"de_DE\" \/>\n<meta property=\"og:type\" content=\"article\" \/>\n<meta property=\"og:title\" content=\"Essense of Australia D4110ZZ11 | Koonings\" \/>\n<meta property=\"og:description\" content=\"Schlichter Luxus erstrahlt in diesem von der Prinzessin inspirierten Ballkleid-Hochzeitskleid. Das Modell D4110 hat eng anliegende, schulterfreie Tr\u00e4ger und einen schmeichelhaften Rundhalsausschnitt. Das makellos geschneiderte Mieder schmiegt sich mit Konturenn\u00e4hten an die Figur an und wird am R\u00fccken mit einer kleiderlangen Reihe stoffbezogener Kn\u00f6pfe geschlossen. An der Taille geht der \u00fcppige Mikado in einen volumin\u00f6sen Ballkleidrock mit Schleppe \u00fcber, der funktionelle Seitentaschen verbirgt. Dieses luxuri\u00f6se und schicke Mikado-Ballkleid ist wie geschaffen f\u00fcr moderne K\u00f6nige. Dieses Hochzeitskleid ist auch in gro\u00dfen Gr\u00f6\u00dfen erh\u00e4ltlich.\" \/>\n<meta property=\"og:url\" content=\"https:\/\/www.koonings.com\/de\/product\/essense-of-australia-d4110zz11\/\" \/>\n<meta property=\"og:site_name\" content=\"Koonings\" \/>\n<meta property=\"article:publisher\" content=\"https:\/\/www.facebook.com\/kooningstheweddingpalace\" \/>\n<meta property=\"og:image\" content=\"https:\/\/www.koonings.com\/wp-content\/uploads\/2024\/11\/40268_26afc835186903df655b492d5fea3a0aa973320876c70882ba956fe891981eb6130584f5.jpeg\" \/>\n\t<meta property=\"og:image:width\" content=\"1566\" \/>\n\t<meta property=\"og:image:height\" content=\"2215\" \/>\n\t<meta property=\"og:image:type\" content=\"image\/jpeg\" \/>\n<meta name=\"twitter:card\" content=\"summary_large_image\" \/>\n<script type=\"application\/ld+json\" class=\"yoast-schema-graph\">{\"@context\":\"https:\\\/\\\/schema.org\",\"@graph\":[{\"@type\":\"WebPage\",\"@id\":\"https:\\\/\\\/www.koonings.com\\\/de\\\/product\\\/essense-of-australia-d4110zz11\\\/\",\"url\":\"https:\\\/\\\/www.koonings.com\\\/de\\\/product\\\/essense-of-australia-d4110zz11\\\/\",\"name\":\"Essense of Australia D4110ZZ11 | Koonings\",\"isPartOf\":{\"@id\":\"https:\\\/\\\/www.koonings.com\\\/de\\\/#website\"},\"primaryImageOfPage\":{\"@id\":\"https:\\\/\\\/www.koonings.com\\\/de\\\/product\\\/essense-of-australia-d4110zz11\\\/#primaryimage\"},\"image\":{\"@id\":\"https:\\\/\\\/www.koonings.com\\\/de\\\/product\\\/essense-of-australia-d4110zz11\\\/#primaryimage\"},\"thumbnailUrl\":\"https:\\\/\\\/www.koonings.com\\\/wp-content\\\/uploads\\\/2024\\\/11\\\/40268_26afc835186903df655b492d5fea3a0aa973320876c70882ba956fe891981eb6130584f5.jpeg\",\"datePublished\":\"2026-04-28T16:16:36+00:00\",\"description\":\"Schlichter Luxus erstrahlt in diesem von der Prinzessin inspirierten Ballkleid-Hochzeitskleid. Das Modell D4110 hat eng anliegende, schulterfreie Tr\u00e4ger und einen schmeichelhaften Rundhalsausschnitt. Das makellos geschneiderte Mieder schmiegt sich mit Konturenn\u00e4hten an die Figur an und wird am R\u00fccken mit einer kleiderlangen Reihe stoffbezogener Kn\u00f6pfe geschlossen. An der Taille geht der \u00fcppige Mikado in einen volumin\u00f6sen Ballkleidrock mit Schleppe \u00fcber, der funktionelle Seitentaschen verbirgt. Dieses luxuri\u00f6se und schicke Mikado-Ballkleid ist wie geschaffen f\u00fcr moderne K\u00f6nige. Dieses Hochzeitskleid ist auch in gro\u00dfen Gr\u00f6\u00dfen erh\u00e4ltlich.\",\"breadcrumb\":{\"@id\":\"https:\\\/\\\/www.koonings.com\\\/de\\\/product\\\/essense-of-australia-d4110zz11\\\/#breadcrumb\"},\"inLanguage\":\"de\",\"potentialAction\":[{\"@type\":\"ReadAction\",\"target\":[\"https:\\\/\\\/www.koonings.com\\\/de\\\/product\\\/essense-of-australia-d4110zz11\\\/\"]}]},{\"@type\":\"ImageObject\",\"inLanguage\":\"de\",\"@id\":\"https:\\\/\\\/www.koonings.com\\\/de\\\/product\\\/essense-of-australia-d4110zz11\\\/#primaryimage\",\"url\":\"https:\\\/\\\/www.koonings.com\\\/wp-content\\\/uploads\\\/2024\\\/11\\\/40268_26afc835186903df655b492d5fea3a0aa973320876c70882ba956fe891981eb6130584f5.jpeg\",\"contentUrl\":\"https:\\\/\\\/www.koonings.com\\\/wp-content\\\/uploads\\\/2024\\\/11\\\/40268_26afc835186903df655b492d5fea3a0aa973320876c70882ba956fe891981eb6130584f5.jpeg\",\"width\":1566,\"height\":2215},{\"@type\":\"BreadcrumbList\",\"@id\":\"https:\\\/\\\/www.koonings.com\\\/de\\\/product\\\/essense-of-australia-d4110zz11\\\/#breadcrumb\",\"itemListElement\":[{\"@type\":\"ListItem\",\"position\":1,\"name\":\"Home\",\"item\":\"https:\\\/\\\/www.koonings.com\\\/de\\\/\"},{\"@type\":\"ListItem\",\"position\":2,\"name\":\"Essense of Australia D4110ZZ11\"}]},{\"@type\":\"WebSite\",\"@id\":\"https:\\\/\\\/www.koonings.com\\\/de\\\/#website\",\"url\":\"https:\\\/\\\/www.koonings.com\\\/de\\\/\",\"name\":\"Koonings\",\"description\":\"De grootste bruidsmodewinkel ter wereld\",\"publisher\":{\"@id\":\"https:\\\/\\\/www.koonings.com\\\/de\\\/#organization\"},\"potentialAction\":[{\"@type\":\"SearchAction\",\"target\":{\"@type\":\"EntryPoint\",\"urlTemplate\":\"https:\\\/\\\/www.koonings.com\\\/de\\\/?s={search_term_string}\"},\"query-input\":{\"@type\":\"PropertyValueSpecification\",\"valueRequired\":true,\"valueName\":\"search_term_string\"}}],\"inLanguage\":\"de\"},{\"@type\":\"Organization\",\"@id\":\"https:\\\/\\\/www.koonings.com\\\/de\\\/#organization\",\"name\":\"Koonings\",\"url\":\"https:\\\/\\\/www.koonings.com\\\/de\\\/\",\"logo\":{\"@type\":\"ImageObject\",\"inLanguage\":\"de\",\"@id\":\"https:\\\/\\\/www.koonings.com\\\/de\\\/#\\\/schema\\\/logo\\\/image\\\/\",\"url\":\"https:\\\/\\\/www.koonings.com\\\/wp-content\\\/uploads\\\/2024\\\/07\\\/logo.png\",\"contentUrl\":\"https:\\\/\\\/www.koonings.com\\\/wp-content\\\/uploads\\\/2024\\\/07\\\/logo.png\",\"width\":600,\"height\":428,\"caption\":\"Koonings\"},\"image\":{\"@id\":\"https:\\\/\\\/www.koonings.com\\\/de\\\/#\\\/schema\\\/logo\\\/image\\\/\"},\"sameAs\":[\"https:\\\/\\\/www.facebook.com\\\/kooningstheweddingpalace\",\"https:\\\/\\\/www.instagram.com\\\/kooningstheweddingpalace\",\"https:\\\/\\\/www.pinterest.com\\\/koonings\",\"https:\\\/\\\/www.youtube.com\\\/kooningstheweddingpalace\"]}]}<\/script>\n<!-- \/ Yoast SEO plugin. -->","yoast_head_json":{"title":"Essense of Australia D4110ZZ11 | Koonings","description":"Schlichter Luxus erstrahlt in diesem von der Prinzessin inspirierten Ballkleid-Hochzeitskleid. Das Modell D4110 hat eng anliegende, schulterfreie Tr\u00e4ger und einen schmeichelhaften Rundhalsausschnitt. Das makellos geschneiderte Mieder schmiegt sich mit Konturenn\u00e4hten an die Figur an und wird am R\u00fccken mit einer kleiderlangen Reihe stoffbezogener Kn\u00f6pfe geschlossen. An der Taille geht der \u00fcppige Mikado in einen volumin\u00f6sen Ballkleidrock mit Schleppe \u00fcber, der funktionelle Seitentaschen verbirgt. Dieses luxuri\u00f6se und schicke Mikado-Ballkleid ist wie geschaffen f\u00fcr moderne K\u00f6nige. Dieses Hochzeitskleid ist auch in gro\u00dfen Gr\u00f6\u00dfen erh\u00e4ltlich.","robots":{"index":"index","follow":"follow","max-snippet":"max-snippet:-1","max-image-preview":"max-image-preview:large","max-video-preview":"max-video-preview:-1"},"canonical":"https:\/\/www.koonings.com\/de\/product\/essense-of-australia-d4110zz11\/","og_locale":"de_DE","og_type":"article","og_title":"Essense of Australia D4110ZZ11 | Koonings","og_description":"Schlichter Luxus erstrahlt in diesem von der Prinzessin inspirierten Ballkleid-Hochzeitskleid. Das Modell D4110 hat eng anliegende, schulterfreie Tr\u00e4ger und einen schmeichelhaften Rundhalsausschnitt. Das makellos geschneiderte Mieder schmiegt sich mit Konturenn\u00e4hten an die Figur an und wird am R\u00fccken mit einer kleiderlangen Reihe stoffbezogener Kn\u00f6pfe geschlossen. An der Taille geht der \u00fcppige Mikado in einen volumin\u00f6sen Ballkleidrock mit Schleppe \u00fcber, der funktionelle Seitentaschen verbirgt. Dieses luxuri\u00f6se und schicke Mikado-Ballkleid ist wie geschaffen f\u00fcr moderne K\u00f6nige. Dieses Hochzeitskleid ist auch in gro\u00dfen Gr\u00f6\u00dfen erh\u00e4ltlich.","og_url":"https:\/\/www.koonings.com\/de\/product\/essense-of-australia-d4110zz11\/","og_site_name":"Koonings","article_publisher":"https:\/\/www.facebook.com\/kooningstheweddingpalace","og_image":[{"width":1566,"height":2215,"url":"https:\/\/www.koonings.com\/wp-content\/uploads\/2024\/11\/40268_26afc835186903df655b492d5fea3a0aa973320876c70882ba956fe891981eb6130584f5.jpeg","type":"image\/jpeg"}],"twitter_card":"summary_large_image","schema":{"@context":"https:\/\/schema.org","@graph":[{"@type":"WebPage","@id":"https:\/\/www.koonings.com\/de\/product\/essense-of-australia-d4110zz11\/","url":"https:\/\/www.koonings.com\/de\/product\/essense-of-australia-d4110zz11\/","name":"Essense of Australia D4110ZZ11 | Koonings","isPartOf":{"@id":"https:\/\/www.koonings.com\/de\/#website"},"primaryImageOfPage":{"@id":"https:\/\/www.koonings.com\/de\/product\/essense-of-australia-d4110zz11\/#primaryimage"},"image":{"@id":"https:\/\/www.koonings.com\/de\/product\/essense-of-australia-d4110zz11\/#primaryimage"},"thumbnailUrl":"https:\/\/www.koonings.com\/wp-content\/uploads\/2024\/11\/40268_26afc835186903df655b492d5fea3a0aa973320876c70882ba956fe891981eb6130584f5.jpeg","datePublished":"2026-04-28T16:16:36+00:00","description":"Schlichter Luxus erstrahlt in diesem von der Prinzessin inspirierten Ballkleid-Hochzeitskleid. Das Modell D4110 hat eng anliegende, schulterfreie Tr\u00e4ger und einen schmeichelhaften Rundhalsausschnitt. Das makellos geschneiderte Mieder schmiegt sich mit Konturenn\u00e4hten an die Figur an und wird am R\u00fccken mit einer kleiderlangen Reihe stoffbezogener Kn\u00f6pfe geschlossen. An der Taille geht der \u00fcppige Mikado in einen volumin\u00f6sen Ballkleidrock mit Schleppe \u00fcber, der funktionelle Seitentaschen verbirgt. Dieses luxuri\u00f6se und schicke Mikado-Ballkleid ist wie geschaffen f\u00fcr moderne K\u00f6nige. Dieses Hochzeitskleid ist auch in gro\u00dfen Gr\u00f6\u00dfen erh\u00e4ltlich.","breadcrumb":{"@id":"https:\/\/www.koonings.com\/de\/product\/essense-of-australia-d4110zz11\/#breadcrumb"},"inLanguage":"de","potentialAction":[{"@type":"ReadAction","target":["https:\/\/www.koonings.com\/de\/product\/essense-of-australia-d4110zz11\/"]}]},{"@type":"ImageObject","inLanguage":"de","@id":"https:\/\/www.koonings.com\/de\/product\/essense-of-australia-d4110zz11\/#primaryimage","url":"https:\/\/www.koonings.com\/wp-content\/uploads\/2024\/11\/40268_26afc835186903df655b492d5fea3a0aa973320876c70882ba956fe891981eb6130584f5.jpeg","contentUrl":"https:\/\/www.koonings.com\/wp-content\/uploads\/2024\/11\/40268_26afc835186903df655b492d5fea3a0aa973320876c70882ba956fe891981eb6130584f5.jpeg","width":1566,"height":2215},{"@type":"BreadcrumbList","@id":"https:\/\/www.koonings.com\/de\/product\/essense-of-australia-d4110zz11\/#breadcrumb","itemListElement":[{"@type":"ListItem","position":1,"name":"Home","item":"https:\/\/www.koonings.com\/de\/"},{"@type":"ListItem","position":2,"name":"Essense of Australia D4110ZZ11"}]},{"@type":"WebSite","@id":"https:\/\/www.koonings.com\/de\/#website","url":"https:\/\/www.koonings.com\/de\/","name":"Koonings","description":"De grootste bruidsmodewinkel ter wereld","publisher":{"@id":"https:\/\/www.koonings.com\/de\/#organization"},"potentialAction":[{"@type":"SearchAction","target":{"@type":"EntryPoint","urlTemplate":"https:\/\/www.koonings.com\/de\/?s={search_term_string}"},"query-input":{"@type":"PropertyValueSpecification","valueRequired":true,"valueName":"search_term_string"}}],"inLanguage":"de"},{"@type":"Organization","@id":"https:\/\/www.koonings.com\/de\/#organization","name":"Koonings","url":"https:\/\/www.koonings.com\/de\/","logo":{"@type":"ImageObject","inLanguage":"de","@id":"https:\/\/www.koonings.com\/de\/#\/schema\/logo\/image\/","url":"https:\/\/www.koonings.com\/wp-content\/uploads\/2024\/07\/logo.png","contentUrl":"https:\/\/www.koonings.com\/wp-content\/uploads\/2024\/07\/logo.png","width":600,"height":428,"caption":"Koonings"},"image":{"@id":"https:\/\/www.koonings.com\/de\/#\/schema\/logo\/image\/"},"sameAs":["https:\/\/www.facebook.com\/kooningstheweddingpalace","https:\/\/www.instagram.com\/kooningstheweddingpalace","https:\/\/www.pinterest.com\/koonings","https:\/\/www.youtube.com\/kooningstheweddingpalace"]}]}},"_links":{"self":[{"href":"https:\/\/www.koonings.com\/de\/wp-json\/wp\/v2\/product\/78004","targetHints":{"allow":["GET"]}}],"collection":[{"href":"https:\/\/www.koonings.com\/de\/wp-json\/wp\/v2\/product"}],"about":[{"href":"https:\/\/www.koonings.com\/de\/wp-json\/wp\/v2\/types\/product"}],"wp:featuredmedia":[{"embeddable":true,"href":"https:\/\/www.koonings.com\/de\/wp-json\/wp\/v2\/media\/60607"}],"wp:attachment":[{"href":"https:\/\/www.koonings.com\/de\/wp-json\/wp\/v2\/media?parent=78004"}],"wp:term":[{"taxonomy":"productdetails","embeddable":true,"href":"https:\/\/www.koonings.com\/de\/wp-json\/wp\/v2\/productdetails?post=78004"},{"taxonomy":"productneck","embeddable":true,"href":"https:\/\/www.koonings.com\/de\/wp-json\/wp\/v2\/productneck?post=78004"},{"taxonomy":"productcolor","embeddable":true,"href":"https:\/\/www.koonings.com\/de\/wp-json\/wp\/v2\/productcolor?post=78004"},{"taxonomy":"maat","embeddable":true,"href":"https:\/\/www.koonings.com\/de\/wp-json\/wp\/v2\/maat?post=78004"},{"taxonomy":"productsupplier","embeddable":true,"href":"https:\/\/www.koonings.com\/de\/wp-json\/wp\/v2\/productsupplier?post=78004"},{"taxonomy":"productsleeve","embeddable":true,"href":"https:\/\/www.koonings.com\/de\/wp-json\/wp\/v2\/productsleeve?post=78004"},{"taxonomy":"productcategory","embeddable":true,"href":"https:\/\/www.koonings.com\/de\/wp-json\/wp\/v2\/productcategory?post=78004"},{"taxonomy":"productsilhouette","embeddable":true,"href":"https:\/\/www.koonings.com\/de\/wp-json\/wp\/v2\/productsilhouette?post=78004"},{"taxonomy":"productstyle","embeddable":true,"href":"https:\/\/www.koonings.com\/de\/wp-json\/wp\/v2\/productstyle?post=78004"}],"curies":[{"name":"wp","href":"https:\/\/api.w.org\/{rel}","templated":true}]}}