{"id":77997,"date":"2026-04-28T18:18:16","date_gmt":"2026-04-28T16:18:16","guid":{"rendered":"https:\/\/www.koonings.com\/product\/essense-of-australia-d4012zz11-2\/"},"modified":"2026-02-16T14:44:28","modified_gmt":"2026-02-16T13:44:28","slug":"essense-of-australia-d4012zz11-2","status":"publish","type":"product","link":"https:\/\/www.koonings.com\/de\/product\/essense-of-australia-d4012zz11-2\/","title":{"rendered":"Essenz von Australien D4012ZZ11"},"content":{"rendered":"<p>Das raffinierte und elegante Modell D4012 ist ein modisches Ballkleid aus T\u00fcll und Organza, wie geschaffen f\u00fcr die moderne Prinzessin. Enge Schultertr\u00e4ger verbinden den tiefen V-Ausschnitt des eng anliegenden Mieders mit dezenten seitlichen Ausschnitten und einem tiefen V-R\u00fcckenausschnitt, der den schmeichelhaften Ausschnitt widerspiegelt. An der Taille tanzt ein traumhafter, voller Ballkleidrock aus schwerelosen, strukturierten T\u00fcllschichten bei jeder Bewegung mit und schafft so ein unvergessliches Hochzeitskleid f\u00fcr diesen besonderen Tag. Dieses atemberaubende Hochzeitskleid ist auch in gro\u00dfen Gr\u00f6\u00dfen erh\u00e4ltlich.   <\/p>\n","protected":false},"featured_media":60690,"template":"","meta":{"_acf_changed":false,"ghostkit_customizer_options":"","ghostkit_custom_css":"","ghostkit_custom_js_head":"","ghostkit_custom_js_foot":"","ghostkit_typography":""},"productdetails":[381],"productneck":[356],"productcolor":[393,392],"maat":[],"productsupplier":[444],"productsleeve":[359],"productcategory":[18],"productsilhouette":[384,388],"productstyle":[372],"class_list":["post-77997","product","type-product","status-publish","has-post-thumbnail","hentry","productdetails-381","productneck-356","productcolor-393","productcolor-392","productsupplier-essense-of-australia","productsleeve-359","productcategory-trouwjurken","productsilhouette-384","productsilhouette-388","productstyle-372"],"acf":[],"yoast_head":"<!-- This site is optimized with the Yoast SEO plugin v27.3 - https:\/\/yoast.com\/product\/yoast-seo-wordpress\/ -->\n<title>Essenz von Australien D4012ZZ11 | Koonings<\/title>\n<meta name=\"description\" content=\"Das raffinierte und elegante Modell D4012 ist ein modisches Ballkleid aus T\u00fcll und Organza, wie geschaffen f\u00fcr die moderne Prinzessin. Enge Schultertr\u00e4ger verbinden den tiefen V-Ausschnitt des eng anliegenden Mieders mit dezenten seitlichen Ausschnitten und einem tiefen V-R\u00fcckenausschnitt, der den schmeichelhaften Ausschnitt widerspiegelt. An der Taille tanzt ein traumhafter, voller Ballkleidrock aus schwerelosen, strukturierten T\u00fcllschichten bei jeder Bewegung mit und schafft so ein unvergessliches Hochzeitskleid f\u00fcr diesen besonderen Tag. Dieses atemberaubende Hochzeitskleid ist auch in gro\u00dfen Gr\u00f6\u00dfen erh\u00e4ltlich.\" \/>\n<meta name=\"robots\" content=\"index, follow, max-snippet:-1, max-image-preview:large, max-video-preview:-1\" \/>\n<link rel=\"canonical\" href=\"https:\/\/www.koonings.com\/de\/product\/essense-of-australia-d4012zz11-2\/\" \/>\n<meta property=\"og:locale\" content=\"de_DE\" \/>\n<meta property=\"og:type\" content=\"article\" \/>\n<meta property=\"og:title\" content=\"Essenz von Australien D4012ZZ11 | Koonings\" \/>\n<meta property=\"og:description\" content=\"Das raffinierte und elegante Modell D4012 ist ein modisches Ballkleid aus T\u00fcll und Organza, wie geschaffen f\u00fcr die moderne Prinzessin. Enge Schultertr\u00e4ger verbinden den tiefen V-Ausschnitt des eng anliegenden Mieders mit dezenten seitlichen Ausschnitten und einem tiefen V-R\u00fcckenausschnitt, der den schmeichelhaften Ausschnitt widerspiegelt. An der Taille tanzt ein traumhafter, voller Ballkleidrock aus schwerelosen, strukturierten T\u00fcllschichten bei jeder Bewegung mit und schafft so ein unvergessliches Hochzeitskleid f\u00fcr diesen besonderen Tag. Dieses atemberaubende Hochzeitskleid ist auch in gro\u00dfen Gr\u00f6\u00dfen erh\u00e4ltlich.\" \/>\n<meta property=\"og:url\" content=\"https:\/\/www.koonings.com\/de\/product\/essense-of-australia-d4012zz11-2\/\" \/>\n<meta property=\"og:site_name\" content=\"Koonings\" \/>\n<meta property=\"article:publisher\" content=\"https:\/\/www.facebook.com\/kooningstheweddingpalace\" \/>\n<meta property=\"og:image\" content=\"https:\/\/www.koonings.com\/wp-content\/uploads\/2024\/11\/40420_71a7ca0bb00d5084127d1a3925dc22f29631c2bffb315663d7c6676f9aabae7d5cb2f728.jpeg\" \/>\n\t<meta property=\"og:image:width\" content=\"1571\" \/>\n\t<meta property=\"og:image:height\" content=\"2226\" \/>\n\t<meta property=\"og:image:type\" content=\"image\/jpeg\" \/>\n<meta name=\"twitter:card\" content=\"summary_large_image\" \/>\n<script type=\"application\/ld+json\" class=\"yoast-schema-graph\">{\"@context\":\"https:\\\/\\\/schema.org\",\"@graph\":[{\"@type\":\"WebPage\",\"@id\":\"https:\\\/\\\/www.koonings.com\\\/de\\\/product\\\/essense-of-australia-d4012zz11-2\\\/\",\"url\":\"https:\\\/\\\/www.koonings.com\\\/de\\\/product\\\/essense-of-australia-d4012zz11-2\\\/\",\"name\":\"Essenz von Australien D4012ZZ11 | Koonings\",\"isPartOf\":{\"@id\":\"https:\\\/\\\/www.koonings.com\\\/de\\\/#website\"},\"primaryImageOfPage\":{\"@id\":\"https:\\\/\\\/www.koonings.com\\\/de\\\/product\\\/essense-of-australia-d4012zz11-2\\\/#primaryimage\"},\"image\":{\"@id\":\"https:\\\/\\\/www.koonings.com\\\/de\\\/product\\\/essense-of-australia-d4012zz11-2\\\/#primaryimage\"},\"thumbnailUrl\":\"https:\\\/\\\/www.koonings.com\\\/wp-content\\\/uploads\\\/2024\\\/11\\\/40420_71a7ca0bb00d5084127d1a3925dc22f29631c2bffb315663d7c6676f9aabae7d5cb2f728.jpeg\",\"datePublished\":\"2026-04-28T16:18:16+00:00\",\"description\":\"Das raffinierte und elegante Modell D4012 ist ein modisches Ballkleid aus T\u00fcll und Organza, wie geschaffen f\u00fcr die moderne Prinzessin. Enge Schultertr\u00e4ger verbinden den tiefen V-Ausschnitt des eng anliegenden Mieders mit dezenten seitlichen Ausschnitten und einem tiefen V-R\u00fcckenausschnitt, der den schmeichelhaften Ausschnitt widerspiegelt. An der Taille tanzt ein traumhafter, voller Ballkleidrock aus schwerelosen, strukturierten T\u00fcllschichten bei jeder Bewegung mit und schafft so ein unvergessliches Hochzeitskleid f\u00fcr diesen besonderen Tag. Dieses atemberaubende Hochzeitskleid ist auch in gro\u00dfen Gr\u00f6\u00dfen erh\u00e4ltlich.\",\"breadcrumb\":{\"@id\":\"https:\\\/\\\/www.koonings.com\\\/de\\\/product\\\/essense-of-australia-d4012zz11-2\\\/#breadcrumb\"},\"inLanguage\":\"de\",\"potentialAction\":[{\"@type\":\"ReadAction\",\"target\":[\"https:\\\/\\\/www.koonings.com\\\/de\\\/product\\\/essense-of-australia-d4012zz11-2\\\/\"]}]},{\"@type\":\"ImageObject\",\"inLanguage\":\"de\",\"@id\":\"https:\\\/\\\/www.koonings.com\\\/de\\\/product\\\/essense-of-australia-d4012zz11-2\\\/#primaryimage\",\"url\":\"https:\\\/\\\/www.koonings.com\\\/wp-content\\\/uploads\\\/2024\\\/11\\\/40420_71a7ca0bb00d5084127d1a3925dc22f29631c2bffb315663d7c6676f9aabae7d5cb2f728.jpeg\",\"contentUrl\":\"https:\\\/\\\/www.koonings.com\\\/wp-content\\\/uploads\\\/2024\\\/11\\\/40420_71a7ca0bb00d5084127d1a3925dc22f29631c2bffb315663d7c6676f9aabae7d5cb2f728.jpeg\",\"width\":1571,\"height\":2226},{\"@type\":\"BreadcrumbList\",\"@id\":\"https:\\\/\\\/www.koonings.com\\\/de\\\/product\\\/essense-of-australia-d4012zz11-2\\\/#breadcrumb\",\"itemListElement\":[{\"@type\":\"ListItem\",\"position\":1,\"name\":\"Home\",\"item\":\"https:\\\/\\\/www.koonings.com\\\/de\\\/\"},{\"@type\":\"ListItem\",\"position\":2,\"name\":\"Essenz von Australien D4012ZZ11\"}]},{\"@type\":\"WebSite\",\"@id\":\"https:\\\/\\\/www.koonings.com\\\/de\\\/#website\",\"url\":\"https:\\\/\\\/www.koonings.com\\\/de\\\/\",\"name\":\"Koonings\",\"description\":\"De grootste bruidsmodewinkel ter wereld\",\"publisher\":{\"@id\":\"https:\\\/\\\/www.koonings.com\\\/de\\\/#organization\"},\"potentialAction\":[{\"@type\":\"SearchAction\",\"target\":{\"@type\":\"EntryPoint\",\"urlTemplate\":\"https:\\\/\\\/www.koonings.com\\\/de\\\/?s={search_term_string}\"},\"query-input\":{\"@type\":\"PropertyValueSpecification\",\"valueRequired\":true,\"valueName\":\"search_term_string\"}}],\"inLanguage\":\"de\"},{\"@type\":\"Organization\",\"@id\":\"https:\\\/\\\/www.koonings.com\\\/de\\\/#organization\",\"name\":\"Koonings\",\"url\":\"https:\\\/\\\/www.koonings.com\\\/de\\\/\",\"logo\":{\"@type\":\"ImageObject\",\"inLanguage\":\"de\",\"@id\":\"https:\\\/\\\/www.koonings.com\\\/de\\\/#\\\/schema\\\/logo\\\/image\\\/\",\"url\":\"https:\\\/\\\/www.koonings.com\\\/wp-content\\\/uploads\\\/2024\\\/07\\\/logo.png\",\"contentUrl\":\"https:\\\/\\\/www.koonings.com\\\/wp-content\\\/uploads\\\/2024\\\/07\\\/logo.png\",\"width\":600,\"height\":428,\"caption\":\"Koonings\"},\"image\":{\"@id\":\"https:\\\/\\\/www.koonings.com\\\/de\\\/#\\\/schema\\\/logo\\\/image\\\/\"},\"sameAs\":[\"https:\\\/\\\/www.facebook.com\\\/kooningstheweddingpalace\",\"https:\\\/\\\/www.instagram.com\\\/kooningstheweddingpalace\",\"https:\\\/\\\/www.pinterest.com\\\/koonings\",\"https:\\\/\\\/www.youtube.com\\\/kooningstheweddingpalace\"]}]}<\/script>\n<!-- \/ Yoast SEO plugin. -->","yoast_head_json":{"title":"Essenz von Australien D4012ZZ11 | Koonings","description":"Das raffinierte und elegante Modell D4012 ist ein modisches Ballkleid aus T\u00fcll und Organza, wie geschaffen f\u00fcr die moderne Prinzessin. Enge Schultertr\u00e4ger verbinden den tiefen V-Ausschnitt des eng anliegenden Mieders mit dezenten seitlichen Ausschnitten und einem tiefen V-R\u00fcckenausschnitt, der den schmeichelhaften Ausschnitt widerspiegelt. An der Taille tanzt ein traumhafter, voller Ballkleidrock aus schwerelosen, strukturierten T\u00fcllschichten bei jeder Bewegung mit und schafft so ein unvergessliches Hochzeitskleid f\u00fcr diesen besonderen Tag. Dieses atemberaubende Hochzeitskleid ist auch in gro\u00dfen Gr\u00f6\u00dfen erh\u00e4ltlich.","robots":{"index":"index","follow":"follow","max-snippet":"max-snippet:-1","max-image-preview":"max-image-preview:large","max-video-preview":"max-video-preview:-1"},"canonical":"https:\/\/www.koonings.com\/de\/product\/essense-of-australia-d4012zz11-2\/","og_locale":"de_DE","og_type":"article","og_title":"Essenz von Australien D4012ZZ11 | Koonings","og_description":"Das raffinierte und elegante Modell D4012 ist ein modisches Ballkleid aus T\u00fcll und Organza, wie geschaffen f\u00fcr die moderne Prinzessin. Enge Schultertr\u00e4ger verbinden den tiefen V-Ausschnitt des eng anliegenden Mieders mit dezenten seitlichen Ausschnitten und einem tiefen V-R\u00fcckenausschnitt, der den schmeichelhaften Ausschnitt widerspiegelt. An der Taille tanzt ein traumhafter, voller Ballkleidrock aus schwerelosen, strukturierten T\u00fcllschichten bei jeder Bewegung mit und schafft so ein unvergessliches Hochzeitskleid f\u00fcr diesen besonderen Tag. Dieses atemberaubende Hochzeitskleid ist auch in gro\u00dfen Gr\u00f6\u00dfen erh\u00e4ltlich.","og_url":"https:\/\/www.koonings.com\/de\/product\/essense-of-australia-d4012zz11-2\/","og_site_name":"Koonings","article_publisher":"https:\/\/www.facebook.com\/kooningstheweddingpalace","og_image":[{"width":1571,"height":2226,"url":"https:\/\/www.koonings.com\/wp-content\/uploads\/2024\/11\/40420_71a7ca0bb00d5084127d1a3925dc22f29631c2bffb315663d7c6676f9aabae7d5cb2f728.jpeg","type":"image\/jpeg"}],"twitter_card":"summary_large_image","schema":{"@context":"https:\/\/schema.org","@graph":[{"@type":"WebPage","@id":"https:\/\/www.koonings.com\/de\/product\/essense-of-australia-d4012zz11-2\/","url":"https:\/\/www.koonings.com\/de\/product\/essense-of-australia-d4012zz11-2\/","name":"Essenz von Australien D4012ZZ11 | Koonings","isPartOf":{"@id":"https:\/\/www.koonings.com\/de\/#website"},"primaryImageOfPage":{"@id":"https:\/\/www.koonings.com\/de\/product\/essense-of-australia-d4012zz11-2\/#primaryimage"},"image":{"@id":"https:\/\/www.koonings.com\/de\/product\/essense-of-australia-d4012zz11-2\/#primaryimage"},"thumbnailUrl":"https:\/\/www.koonings.com\/wp-content\/uploads\/2024\/11\/40420_71a7ca0bb00d5084127d1a3925dc22f29631c2bffb315663d7c6676f9aabae7d5cb2f728.jpeg","datePublished":"2026-04-28T16:18:16+00:00","description":"Das raffinierte und elegante Modell D4012 ist ein modisches Ballkleid aus T\u00fcll und Organza, wie geschaffen f\u00fcr die moderne Prinzessin. Enge Schultertr\u00e4ger verbinden den tiefen V-Ausschnitt des eng anliegenden Mieders mit dezenten seitlichen Ausschnitten und einem tiefen V-R\u00fcckenausschnitt, der den schmeichelhaften Ausschnitt widerspiegelt. An der Taille tanzt ein traumhafter, voller Ballkleidrock aus schwerelosen, strukturierten T\u00fcllschichten bei jeder Bewegung mit und schafft so ein unvergessliches Hochzeitskleid f\u00fcr diesen besonderen Tag. Dieses atemberaubende Hochzeitskleid ist auch in gro\u00dfen Gr\u00f6\u00dfen erh\u00e4ltlich.","breadcrumb":{"@id":"https:\/\/www.koonings.com\/de\/product\/essense-of-australia-d4012zz11-2\/#breadcrumb"},"inLanguage":"de","potentialAction":[{"@type":"ReadAction","target":["https:\/\/www.koonings.com\/de\/product\/essense-of-australia-d4012zz11-2\/"]}]},{"@type":"ImageObject","inLanguage":"de","@id":"https:\/\/www.koonings.com\/de\/product\/essense-of-australia-d4012zz11-2\/#primaryimage","url":"https:\/\/www.koonings.com\/wp-content\/uploads\/2024\/11\/40420_71a7ca0bb00d5084127d1a3925dc22f29631c2bffb315663d7c6676f9aabae7d5cb2f728.jpeg","contentUrl":"https:\/\/www.koonings.com\/wp-content\/uploads\/2024\/11\/40420_71a7ca0bb00d5084127d1a3925dc22f29631c2bffb315663d7c6676f9aabae7d5cb2f728.jpeg","width":1571,"height":2226},{"@type":"BreadcrumbList","@id":"https:\/\/www.koonings.com\/de\/product\/essense-of-australia-d4012zz11-2\/#breadcrumb","itemListElement":[{"@type":"ListItem","position":1,"name":"Home","item":"https:\/\/www.koonings.com\/de\/"},{"@type":"ListItem","position":2,"name":"Essenz von Australien D4012ZZ11"}]},{"@type":"WebSite","@id":"https:\/\/www.koonings.com\/de\/#website","url":"https:\/\/www.koonings.com\/de\/","name":"Koonings","description":"De grootste bruidsmodewinkel ter wereld","publisher":{"@id":"https:\/\/www.koonings.com\/de\/#organization"},"potentialAction":[{"@type":"SearchAction","target":{"@type":"EntryPoint","urlTemplate":"https:\/\/www.koonings.com\/de\/?s={search_term_string}"},"query-input":{"@type":"PropertyValueSpecification","valueRequired":true,"valueName":"search_term_string"}}],"inLanguage":"de"},{"@type":"Organization","@id":"https:\/\/www.koonings.com\/de\/#organization","name":"Koonings","url":"https:\/\/www.koonings.com\/de\/","logo":{"@type":"ImageObject","inLanguage":"de","@id":"https:\/\/www.koonings.com\/de\/#\/schema\/logo\/image\/","url":"https:\/\/www.koonings.com\/wp-content\/uploads\/2024\/07\/logo.png","contentUrl":"https:\/\/www.koonings.com\/wp-content\/uploads\/2024\/07\/logo.png","width":600,"height":428,"caption":"Koonings"},"image":{"@id":"https:\/\/www.koonings.com\/de\/#\/schema\/logo\/image\/"},"sameAs":["https:\/\/www.facebook.com\/kooningstheweddingpalace","https:\/\/www.instagram.com\/kooningstheweddingpalace","https:\/\/www.pinterest.com\/koonings","https:\/\/www.youtube.com\/kooningstheweddingpalace"]}]}},"_links":{"self":[{"href":"https:\/\/www.koonings.com\/de\/wp-json\/wp\/v2\/product\/77997","targetHints":{"allow":["GET"]}}],"collection":[{"href":"https:\/\/www.koonings.com\/de\/wp-json\/wp\/v2\/product"}],"about":[{"href":"https:\/\/www.koonings.com\/de\/wp-json\/wp\/v2\/types\/product"}],"wp:featuredmedia":[{"embeddable":true,"href":"https:\/\/www.koonings.com\/de\/wp-json\/wp\/v2\/media\/60690"}],"wp:attachment":[{"href":"https:\/\/www.koonings.com\/de\/wp-json\/wp\/v2\/media?parent=77997"}],"wp:term":[{"taxonomy":"productdetails","embeddable":true,"href":"https:\/\/www.koonings.com\/de\/wp-json\/wp\/v2\/productdetails?post=77997"},{"taxonomy":"productneck","embeddable":true,"href":"https:\/\/www.koonings.com\/de\/wp-json\/wp\/v2\/productneck?post=77997"},{"taxonomy":"productcolor","embeddable":true,"href":"https:\/\/www.koonings.com\/de\/wp-json\/wp\/v2\/productcolor?post=77997"},{"taxonomy":"maat","embeddable":true,"href":"https:\/\/www.koonings.com\/de\/wp-json\/wp\/v2\/maat?post=77997"},{"taxonomy":"productsupplier","embeddable":true,"href":"https:\/\/www.koonings.com\/de\/wp-json\/wp\/v2\/productsupplier?post=77997"},{"taxonomy":"productsleeve","embeddable":true,"href":"https:\/\/www.koonings.com\/de\/wp-json\/wp\/v2\/productsleeve?post=77997"},{"taxonomy":"productcategory","embeddable":true,"href":"https:\/\/www.koonings.com\/de\/wp-json\/wp\/v2\/productcategory?post=77997"},{"taxonomy":"productsilhouette","embeddable":true,"href":"https:\/\/www.koonings.com\/de\/wp-json\/wp\/v2\/productsilhouette?post=77997"},{"taxonomy":"productstyle","embeddable":true,"href":"https:\/\/www.koonings.com\/de\/wp-json\/wp\/v2\/productstyle?post=77997"}],"curies":[{"name":"wp","href":"https:\/\/api.w.org\/{rel}","templated":true}]}}