{"id":77996,"date":"2026-04-28T18:18:28","date_gmt":"2026-04-28T16:18:28","guid":{"rendered":"https:\/\/www.koonings.com\/product\/essense-of-australia-d4097zz13\/"},"modified":"2025-06-05T13:29:36","modified_gmt":"2025-06-05T11:29:36","slug":"essense-of-australia-d4097zz13","status":"publish","type":"product","link":"https:\/\/www.koonings.com\/de\/product\/essense-of-australia-d4097zz13\/","title":{"rendered":"Essense of Australia D4097ZZ13"},"content":{"rendered":"<p>Schweben Sie den Gang hinunter in diesem romantischen Prinzessinnen-Hochzeitskleid aus Vintage-inspirierter Spitze und schwingendem franz\u00f6sischen T\u00fcll. Stil D4097 hat einen tr\u00e4gerlosen, herzf\u00f6rmigen Ausschnitt auf einem taillierten Korsettmieder, das gef\u00fcttert oder ungef\u00fcttert ist, so dass Sie sich f\u00fcr eine transparente oder schlichte Variante entscheiden k\u00f6nnen. Abnehmbare lange \u00c4rmel bieten eine elegante schulterfreie Silhouette, die mit dem floralen Design des Mieders harmoniert. Wundersch\u00f6ne gr\u00fcne Blumenspitze reicht bis \u00fcber die Taille hinaus und trifft auf ein sch\u00e4umendes Meer aus zartem T\u00fcll, das sich am Oberschenkel f\u00fcr einen hohen Beinausschnitt \u00f6ffnet und jedem Schritt Bewegung und Verf\u00fchrung verleiht. \u00c4therisch und romantisch, dieses sexy Hochzeitskleid mit Korsett ist bereit f\u00fcr eine m\u00e4rchenhafte Hochzeit.    <\/p>\n","protected":false},"featured_media":60744,"template":"","meta":{"_acf_changed":false,"ghostkit_customizer_options":"","ghostkit_custom_css":"","ghostkit_custom_js_head":"","ghostkit_custom_js_foot":"","ghostkit_typography":""},"productdetails":[379,376,378],"productneck":[354],"productcolor":[392],"maat":[],"productsupplier":[444],"productsleeve":[357],"productcategory":[18],"productsilhouette":[388],"productstyle":[372],"class_list":["post-77996","product","type-product","status-publish","has-post-thumbnail","hentry","productdetails-379","productdetails-376","productdetails-378","productneck-354","productcolor-392","productsupplier-essense-of-australia","productsleeve-357","productcategory-trouwjurken","productsilhouette-388","productstyle-372"],"acf":[],"yoast_head":"<!-- This site is optimized with the Yoast SEO plugin v27.3 - https:\/\/yoast.com\/product\/yoast-seo-wordpress\/ -->\n<title>Essense of Australia D4097ZZ13 | Koonings<\/title>\n<meta name=\"description\" content=\"Schweben Sie den Gang hinunter in diesem romantischen Prinzessinnen-Hochzeitskleid aus Vintage-inspirierter Spitze und schwingendem franz\u00f6sischen T\u00fcll. Stil D4097 hat einen tr\u00e4gerlosen, herzf\u00f6rmigen Ausschnitt auf einem taillierten Korsettmieder, das gef\u00fcttert oder ungef\u00fcttert ist, so dass Sie sich f\u00fcr eine transparente oder schlichte Variante entscheiden k\u00f6nnen. Abnehmbare lange \u00c4rmel bieten eine elegante schulterfreie Silhouette, die mit dem floralen Design des Mieders harmoniert. Wundersch\u00f6ne gr\u00fcne Blumenspitze reicht bis \u00fcber die Taille hinaus und trifft auf ein sch\u00e4umendes Meer aus zartem T\u00fcll, das sich am Oberschenkel f\u00fcr einen hohen Beinausschnitt \u00f6ffnet und jedem Schritt Bewegung und Verf\u00fchrung verleiht. \u00c4therisch und romantisch, dieses sexy Hochzeitskleid mit Korsett ist bereit f\u00fcr eine m\u00e4rchenhafte Hochzeit.\" \/>\n<meta name=\"robots\" content=\"index, follow, max-snippet:-1, max-image-preview:large, max-video-preview:-1\" \/>\n<link rel=\"canonical\" href=\"https:\/\/www.koonings.com\/de\/product\/essense-of-australia-d4097zz13\/\" \/>\n<meta property=\"og:locale\" content=\"de_DE\" \/>\n<meta property=\"og:type\" content=\"article\" \/>\n<meta property=\"og:title\" content=\"Essense of Australia D4097ZZ13 | Koonings\" \/>\n<meta property=\"og:description\" content=\"Schweben Sie den Gang hinunter in diesem romantischen Prinzessinnen-Hochzeitskleid aus Vintage-inspirierter Spitze und schwingendem franz\u00f6sischen T\u00fcll. Stil D4097 hat einen tr\u00e4gerlosen, herzf\u00f6rmigen Ausschnitt auf einem taillierten Korsettmieder, das gef\u00fcttert oder ungef\u00fcttert ist, so dass Sie sich f\u00fcr eine transparente oder schlichte Variante entscheiden k\u00f6nnen. Abnehmbare lange \u00c4rmel bieten eine elegante schulterfreie Silhouette, die mit dem floralen Design des Mieders harmoniert. Wundersch\u00f6ne gr\u00fcne Blumenspitze reicht bis \u00fcber die Taille hinaus und trifft auf ein sch\u00e4umendes Meer aus zartem T\u00fcll, das sich am Oberschenkel f\u00fcr einen hohen Beinausschnitt \u00f6ffnet und jedem Schritt Bewegung und Verf\u00fchrung verleiht. \u00c4therisch und romantisch, dieses sexy Hochzeitskleid mit Korsett ist bereit f\u00fcr eine m\u00e4rchenhafte Hochzeit.\" \/>\n<meta property=\"og:url\" content=\"https:\/\/www.koonings.com\/de\/product\/essense-of-australia-d4097zz13\/\" \/>\n<meta property=\"og:site_name\" content=\"Koonings\" \/>\n<meta property=\"article:publisher\" content=\"https:\/\/www.facebook.com\/kooningstheweddingpalace\" \/>\n<meta property=\"og:image\" content=\"https:\/\/www.koonings.com\/wp-content\/uploads\/2024\/11\/40477_935b82df64db4d190074b8e104bbe18951af796e56755612630bc48447ad4abaeed1dfad.jpeg\" \/>\n\t<meta property=\"og:image:width\" content=\"1522\" \/>\n\t<meta property=\"og:image:height\" content=\"2155\" \/>\n\t<meta property=\"og:image:type\" content=\"image\/jpeg\" \/>\n<meta name=\"twitter:card\" content=\"summary_large_image\" \/>\n<meta name=\"twitter:label1\" content=\"Gesch\u00e4tzte Lesezeit\" \/>\n\t<meta name=\"twitter:data1\" content=\"1\u00a0Minute\" \/>\n<script type=\"application\/ld+json\" class=\"yoast-schema-graph\">{\"@context\":\"https:\\\/\\\/schema.org\",\"@graph\":[{\"@type\":\"WebPage\",\"@id\":\"https:\\\/\\\/www.koonings.com\\\/de\\\/product\\\/essense-of-australia-d4097zz13\\\/\",\"url\":\"https:\\\/\\\/www.koonings.com\\\/de\\\/product\\\/essense-of-australia-d4097zz13\\\/\",\"name\":\"Essense of Australia D4097ZZ13 | Koonings\",\"isPartOf\":{\"@id\":\"https:\\\/\\\/www.koonings.com\\\/de\\\/#website\"},\"primaryImageOfPage\":{\"@id\":\"https:\\\/\\\/www.koonings.com\\\/de\\\/product\\\/essense-of-australia-d4097zz13\\\/#primaryimage\"},\"image\":{\"@id\":\"https:\\\/\\\/www.koonings.com\\\/de\\\/product\\\/essense-of-australia-d4097zz13\\\/#primaryimage\"},\"thumbnailUrl\":\"https:\\\/\\\/www.koonings.com\\\/wp-content\\\/uploads\\\/2024\\\/11\\\/40477_935b82df64db4d190074b8e104bbe18951af796e56755612630bc48447ad4abaeed1dfad.jpeg\",\"datePublished\":\"2026-04-28T16:18:28+00:00\",\"description\":\"Schweben Sie den Gang hinunter in diesem romantischen Prinzessinnen-Hochzeitskleid aus Vintage-inspirierter Spitze und schwingendem franz\u00f6sischen T\u00fcll. Stil D4097 hat einen tr\u00e4gerlosen, herzf\u00f6rmigen Ausschnitt auf einem taillierten Korsettmieder, das gef\u00fcttert oder ungef\u00fcttert ist, so dass Sie sich f\u00fcr eine transparente oder schlichte Variante entscheiden k\u00f6nnen. Abnehmbare lange \u00c4rmel bieten eine elegante schulterfreie Silhouette, die mit dem floralen Design des Mieders harmoniert. Wundersch\u00f6ne gr\u00fcne Blumenspitze reicht bis \u00fcber die Taille hinaus und trifft auf ein sch\u00e4umendes Meer aus zartem T\u00fcll, das sich am Oberschenkel f\u00fcr einen hohen Beinausschnitt \u00f6ffnet und jedem Schritt Bewegung und Verf\u00fchrung verleiht. \u00c4therisch und romantisch, dieses sexy Hochzeitskleid mit Korsett ist bereit f\u00fcr eine m\u00e4rchenhafte Hochzeit.\",\"breadcrumb\":{\"@id\":\"https:\\\/\\\/www.koonings.com\\\/de\\\/product\\\/essense-of-australia-d4097zz13\\\/#breadcrumb\"},\"inLanguage\":\"de\",\"potentialAction\":[{\"@type\":\"ReadAction\",\"target\":[\"https:\\\/\\\/www.koonings.com\\\/de\\\/product\\\/essense-of-australia-d4097zz13\\\/\"]}]},{\"@type\":\"ImageObject\",\"inLanguage\":\"de\",\"@id\":\"https:\\\/\\\/www.koonings.com\\\/de\\\/product\\\/essense-of-australia-d4097zz13\\\/#primaryimage\",\"url\":\"https:\\\/\\\/www.koonings.com\\\/wp-content\\\/uploads\\\/2024\\\/11\\\/40477_935b82df64db4d190074b8e104bbe18951af796e56755612630bc48447ad4abaeed1dfad.jpeg\",\"contentUrl\":\"https:\\\/\\\/www.koonings.com\\\/wp-content\\\/uploads\\\/2024\\\/11\\\/40477_935b82df64db4d190074b8e104bbe18951af796e56755612630bc48447ad4abaeed1dfad.jpeg\",\"width\":1522,\"height\":2155},{\"@type\":\"BreadcrumbList\",\"@id\":\"https:\\\/\\\/www.koonings.com\\\/de\\\/product\\\/essense-of-australia-d4097zz13\\\/#breadcrumb\",\"itemListElement\":[{\"@type\":\"ListItem\",\"position\":1,\"name\":\"Home\",\"item\":\"https:\\\/\\\/www.koonings.com\\\/de\\\/\"},{\"@type\":\"ListItem\",\"position\":2,\"name\":\"Essense of Australia D4097ZZ13\"}]},{\"@type\":\"WebSite\",\"@id\":\"https:\\\/\\\/www.koonings.com\\\/de\\\/#website\",\"url\":\"https:\\\/\\\/www.koonings.com\\\/de\\\/\",\"name\":\"Koonings\",\"description\":\"De grootste bruidsmodewinkel ter wereld\",\"publisher\":{\"@id\":\"https:\\\/\\\/www.koonings.com\\\/de\\\/#organization\"},\"potentialAction\":[{\"@type\":\"SearchAction\",\"target\":{\"@type\":\"EntryPoint\",\"urlTemplate\":\"https:\\\/\\\/www.koonings.com\\\/de\\\/?s={search_term_string}\"},\"query-input\":{\"@type\":\"PropertyValueSpecification\",\"valueRequired\":true,\"valueName\":\"search_term_string\"}}],\"inLanguage\":\"de\"},{\"@type\":\"Organization\",\"@id\":\"https:\\\/\\\/www.koonings.com\\\/de\\\/#organization\",\"name\":\"Koonings\",\"url\":\"https:\\\/\\\/www.koonings.com\\\/de\\\/\",\"logo\":{\"@type\":\"ImageObject\",\"inLanguage\":\"de\",\"@id\":\"https:\\\/\\\/www.koonings.com\\\/de\\\/#\\\/schema\\\/logo\\\/image\\\/\",\"url\":\"https:\\\/\\\/www.koonings.com\\\/wp-content\\\/uploads\\\/2024\\\/07\\\/logo.png\",\"contentUrl\":\"https:\\\/\\\/www.koonings.com\\\/wp-content\\\/uploads\\\/2024\\\/07\\\/logo.png\",\"width\":600,\"height\":428,\"caption\":\"Koonings\"},\"image\":{\"@id\":\"https:\\\/\\\/www.koonings.com\\\/de\\\/#\\\/schema\\\/logo\\\/image\\\/\"},\"sameAs\":[\"https:\\\/\\\/www.facebook.com\\\/kooningstheweddingpalace\",\"https:\\\/\\\/www.instagram.com\\\/kooningstheweddingpalace\",\"https:\\\/\\\/www.pinterest.com\\\/koonings\",\"https:\\\/\\\/www.youtube.com\\\/kooningstheweddingpalace\"]}]}<\/script>\n<!-- \/ Yoast SEO plugin. -->","yoast_head_json":{"title":"Essense of Australia D4097ZZ13 | Koonings","description":"Schweben Sie den Gang hinunter in diesem romantischen Prinzessinnen-Hochzeitskleid aus Vintage-inspirierter Spitze und schwingendem franz\u00f6sischen T\u00fcll. Stil D4097 hat einen tr\u00e4gerlosen, herzf\u00f6rmigen Ausschnitt auf einem taillierten Korsettmieder, das gef\u00fcttert oder ungef\u00fcttert ist, so dass Sie sich f\u00fcr eine transparente oder schlichte Variante entscheiden k\u00f6nnen. Abnehmbare lange \u00c4rmel bieten eine elegante schulterfreie Silhouette, die mit dem floralen Design des Mieders harmoniert. Wundersch\u00f6ne gr\u00fcne Blumenspitze reicht bis \u00fcber die Taille hinaus und trifft auf ein sch\u00e4umendes Meer aus zartem T\u00fcll, das sich am Oberschenkel f\u00fcr einen hohen Beinausschnitt \u00f6ffnet und jedem Schritt Bewegung und Verf\u00fchrung verleiht. \u00c4therisch und romantisch, dieses sexy Hochzeitskleid mit Korsett ist bereit f\u00fcr eine m\u00e4rchenhafte Hochzeit.","robots":{"index":"index","follow":"follow","max-snippet":"max-snippet:-1","max-image-preview":"max-image-preview:large","max-video-preview":"max-video-preview:-1"},"canonical":"https:\/\/www.koonings.com\/de\/product\/essense-of-australia-d4097zz13\/","og_locale":"de_DE","og_type":"article","og_title":"Essense of Australia D4097ZZ13 | Koonings","og_description":"Schweben Sie den Gang hinunter in diesem romantischen Prinzessinnen-Hochzeitskleid aus Vintage-inspirierter Spitze und schwingendem franz\u00f6sischen T\u00fcll. Stil D4097 hat einen tr\u00e4gerlosen, herzf\u00f6rmigen Ausschnitt auf einem taillierten Korsettmieder, das gef\u00fcttert oder ungef\u00fcttert ist, so dass Sie sich f\u00fcr eine transparente oder schlichte Variante entscheiden k\u00f6nnen. Abnehmbare lange \u00c4rmel bieten eine elegante schulterfreie Silhouette, die mit dem floralen Design des Mieders harmoniert. Wundersch\u00f6ne gr\u00fcne Blumenspitze reicht bis \u00fcber die Taille hinaus und trifft auf ein sch\u00e4umendes Meer aus zartem T\u00fcll, das sich am Oberschenkel f\u00fcr einen hohen Beinausschnitt \u00f6ffnet und jedem Schritt Bewegung und Verf\u00fchrung verleiht. \u00c4therisch und romantisch, dieses sexy Hochzeitskleid mit Korsett ist bereit f\u00fcr eine m\u00e4rchenhafte Hochzeit.","og_url":"https:\/\/www.koonings.com\/de\/product\/essense-of-australia-d4097zz13\/","og_site_name":"Koonings","article_publisher":"https:\/\/www.facebook.com\/kooningstheweddingpalace","og_image":[{"width":1522,"height":2155,"url":"https:\/\/www.koonings.com\/wp-content\/uploads\/2024\/11\/40477_935b82df64db4d190074b8e104bbe18951af796e56755612630bc48447ad4abaeed1dfad.jpeg","type":"image\/jpeg"}],"twitter_card":"summary_large_image","twitter_misc":{"Gesch\u00e4tzte Lesezeit":"1\u00a0Minute"},"schema":{"@context":"https:\/\/schema.org","@graph":[{"@type":"WebPage","@id":"https:\/\/www.koonings.com\/de\/product\/essense-of-australia-d4097zz13\/","url":"https:\/\/www.koonings.com\/de\/product\/essense-of-australia-d4097zz13\/","name":"Essense of Australia D4097ZZ13 | Koonings","isPartOf":{"@id":"https:\/\/www.koonings.com\/de\/#website"},"primaryImageOfPage":{"@id":"https:\/\/www.koonings.com\/de\/product\/essense-of-australia-d4097zz13\/#primaryimage"},"image":{"@id":"https:\/\/www.koonings.com\/de\/product\/essense-of-australia-d4097zz13\/#primaryimage"},"thumbnailUrl":"https:\/\/www.koonings.com\/wp-content\/uploads\/2024\/11\/40477_935b82df64db4d190074b8e104bbe18951af796e56755612630bc48447ad4abaeed1dfad.jpeg","datePublished":"2026-04-28T16:18:28+00:00","description":"Schweben Sie den Gang hinunter in diesem romantischen Prinzessinnen-Hochzeitskleid aus Vintage-inspirierter Spitze und schwingendem franz\u00f6sischen T\u00fcll. Stil D4097 hat einen tr\u00e4gerlosen, herzf\u00f6rmigen Ausschnitt auf einem taillierten Korsettmieder, das gef\u00fcttert oder ungef\u00fcttert ist, so dass Sie sich f\u00fcr eine transparente oder schlichte Variante entscheiden k\u00f6nnen. Abnehmbare lange \u00c4rmel bieten eine elegante schulterfreie Silhouette, die mit dem floralen Design des Mieders harmoniert. Wundersch\u00f6ne gr\u00fcne Blumenspitze reicht bis \u00fcber die Taille hinaus und trifft auf ein sch\u00e4umendes Meer aus zartem T\u00fcll, das sich am Oberschenkel f\u00fcr einen hohen Beinausschnitt \u00f6ffnet und jedem Schritt Bewegung und Verf\u00fchrung verleiht. \u00c4therisch und romantisch, dieses sexy Hochzeitskleid mit Korsett ist bereit f\u00fcr eine m\u00e4rchenhafte Hochzeit.","breadcrumb":{"@id":"https:\/\/www.koonings.com\/de\/product\/essense-of-australia-d4097zz13\/#breadcrumb"},"inLanguage":"de","potentialAction":[{"@type":"ReadAction","target":["https:\/\/www.koonings.com\/de\/product\/essense-of-australia-d4097zz13\/"]}]},{"@type":"ImageObject","inLanguage":"de","@id":"https:\/\/www.koonings.com\/de\/product\/essense-of-australia-d4097zz13\/#primaryimage","url":"https:\/\/www.koonings.com\/wp-content\/uploads\/2024\/11\/40477_935b82df64db4d190074b8e104bbe18951af796e56755612630bc48447ad4abaeed1dfad.jpeg","contentUrl":"https:\/\/www.koonings.com\/wp-content\/uploads\/2024\/11\/40477_935b82df64db4d190074b8e104bbe18951af796e56755612630bc48447ad4abaeed1dfad.jpeg","width":1522,"height":2155},{"@type":"BreadcrumbList","@id":"https:\/\/www.koonings.com\/de\/product\/essense-of-australia-d4097zz13\/#breadcrumb","itemListElement":[{"@type":"ListItem","position":1,"name":"Home","item":"https:\/\/www.koonings.com\/de\/"},{"@type":"ListItem","position":2,"name":"Essense of Australia D4097ZZ13"}]},{"@type":"WebSite","@id":"https:\/\/www.koonings.com\/de\/#website","url":"https:\/\/www.koonings.com\/de\/","name":"Koonings","description":"De grootste bruidsmodewinkel ter wereld","publisher":{"@id":"https:\/\/www.koonings.com\/de\/#organization"},"potentialAction":[{"@type":"SearchAction","target":{"@type":"EntryPoint","urlTemplate":"https:\/\/www.koonings.com\/de\/?s={search_term_string}"},"query-input":{"@type":"PropertyValueSpecification","valueRequired":true,"valueName":"search_term_string"}}],"inLanguage":"de"},{"@type":"Organization","@id":"https:\/\/www.koonings.com\/de\/#organization","name":"Koonings","url":"https:\/\/www.koonings.com\/de\/","logo":{"@type":"ImageObject","inLanguage":"de","@id":"https:\/\/www.koonings.com\/de\/#\/schema\/logo\/image\/","url":"https:\/\/www.koonings.com\/wp-content\/uploads\/2024\/07\/logo.png","contentUrl":"https:\/\/www.koonings.com\/wp-content\/uploads\/2024\/07\/logo.png","width":600,"height":428,"caption":"Koonings"},"image":{"@id":"https:\/\/www.koonings.com\/de\/#\/schema\/logo\/image\/"},"sameAs":["https:\/\/www.facebook.com\/kooningstheweddingpalace","https:\/\/www.instagram.com\/kooningstheweddingpalace","https:\/\/www.pinterest.com\/koonings","https:\/\/www.youtube.com\/kooningstheweddingpalace"]}]}},"_links":{"self":[{"href":"https:\/\/www.koonings.com\/de\/wp-json\/wp\/v2\/product\/77996","targetHints":{"allow":["GET"]}}],"collection":[{"href":"https:\/\/www.koonings.com\/de\/wp-json\/wp\/v2\/product"}],"about":[{"href":"https:\/\/www.koonings.com\/de\/wp-json\/wp\/v2\/types\/product"}],"wp:featuredmedia":[{"embeddable":true,"href":"https:\/\/www.koonings.com\/de\/wp-json\/wp\/v2\/media\/60744"}],"wp:attachment":[{"href":"https:\/\/www.koonings.com\/de\/wp-json\/wp\/v2\/media?parent=77996"}],"wp:term":[{"taxonomy":"productdetails","embeddable":true,"href":"https:\/\/www.koonings.com\/de\/wp-json\/wp\/v2\/productdetails?post=77996"},{"taxonomy":"productneck","embeddable":true,"href":"https:\/\/www.koonings.com\/de\/wp-json\/wp\/v2\/productneck?post=77996"},{"taxonomy":"productcolor","embeddable":true,"href":"https:\/\/www.koonings.com\/de\/wp-json\/wp\/v2\/productcolor?post=77996"},{"taxonomy":"maat","embeddable":true,"href":"https:\/\/www.koonings.com\/de\/wp-json\/wp\/v2\/maat?post=77996"},{"taxonomy":"productsupplier","embeddable":true,"href":"https:\/\/www.koonings.com\/de\/wp-json\/wp\/v2\/productsupplier?post=77996"},{"taxonomy":"productsleeve","embeddable":true,"href":"https:\/\/www.koonings.com\/de\/wp-json\/wp\/v2\/productsleeve?post=77996"},{"taxonomy":"productcategory","embeddable":true,"href":"https:\/\/www.koonings.com\/de\/wp-json\/wp\/v2\/productcategory?post=77996"},{"taxonomy":"productsilhouette","embeddable":true,"href":"https:\/\/www.koonings.com\/de\/wp-json\/wp\/v2\/productsilhouette?post=77996"},{"taxonomy":"productstyle","embeddable":true,"href":"https:\/\/www.koonings.com\/de\/wp-json\/wp\/v2\/productstyle?post=77996"}],"curies":[{"name":"wp","href":"https:\/\/api.w.org\/{rel}","templated":true}]}}