{"id":77989,"date":"2026-04-28T18:20:10","date_gmt":"2026-04-28T16:20:10","guid":{"rendered":"https:\/\/www.koonings.com\/product\/essense-of-australia-d4030iv11\/"},"modified":"2026-02-16T14:44:31","modified_gmt":"2026-02-16T13:44:31","slug":"essense-of-australia-d4030iv11","status":"publish","type":"product","link":"https:\/\/www.koonings.com\/de\/product\/essense-of-australia-d4030iv11\/","title":{"rendered":"Essenz von Australien D4030IV11"},"content":{"rendered":"<p>Tauchen Sie ein in die m\u00e4rchenhafte Romantik von Stil D4030, einem romantischen A-Linien-Hochzeitskleid aus eleganter Spitze, T\u00fcll, k\u00f6niglichem Organza und 3D-Blumenapplikationen aus Spitze. Ein klassischer quadratischer Ausschnitt f\u00fchrt von verzierten Schultertr\u00e4gern zu einem durchsichtigen Mieder mit Perlenknopfverschluss am R\u00fccken. Ab der Taille umspielt die zeitlose A-Linien-Silhouette sanft die Figur, mit einer \u00d6ffnung am Oberschenkel f\u00fcr einen verf\u00fchrerischen Beinausschnitt, w\u00e4hrend sich zarte Spitzenapplikationen \u00fcber verf\u00fchrerische T\u00fcllschichten ausbreiten. Mit seiner Mischung aus klassischer Eleganz und einem modernen Touch verspricht dieses Hochzeitskleid mit quadratischem Ausschnitt einen ebenso verf\u00fchrerischen wie \u00e4therischen Auftritt f\u00fcr die Braut, die davon tr\u00e4umt, ihrem besonderen Tag ein romantisches Wunder zu verleihen. Dieses Hochzeitskleid ist auch in gro\u00dfen Gr\u00f6\u00dfen erh\u00e4ltlich.    <\/p>\n","protected":false},"featured_media":60791,"template":"","meta":{"_acf_changed":false,"ghostkit_customizer_options":"","ghostkit_custom_css":"","ghostkit_custom_js_head":"","ghostkit_custom_js_foot":"","ghostkit_typography":""},"productdetails":[379,376],"productneck":[352],"productcolor":[392],"maat":[],"productsupplier":[444],"productsleeve":[359],"productcategory":[18],"productsilhouette":[384],"productstyle":[366],"class_list":["post-77989","product","type-product","status-publish","has-post-thumbnail","hentry","productdetails-379","productdetails-376","productneck-352","productcolor-392","productsupplier-essense-of-australia","productsleeve-359","productcategory-trouwjurken","productsilhouette-384","productstyle-366"],"acf":[],"yoast_head":"<!-- This site is optimized with the Yoast SEO plugin v27.3 - https:\/\/yoast.com\/product\/yoast-seo-wordpress\/ -->\n<title>Essenz von Australien D4030IV11 | Koonings<\/title>\n<meta name=\"description\" content=\"Tauchen Sie ein in die m\u00e4rchenhafte Romantik von Stil D4030, einem romantischen A-Linien-Hochzeitskleid aus eleganter Spitze, T\u00fcll, k\u00f6niglichem Organza und 3D-Blumenapplikationen aus Spitze. Ein klassischer quadratischer Ausschnitt f\u00fchrt von verzierten Schultertr\u00e4gern zu einem durchsichtigen Mieder mit Perlenknopfverschluss am R\u00fccken. Ab der Taille umspielt die zeitlose A-Linien-Silhouette sanft die Figur, mit einer \u00d6ffnung am Oberschenkel f\u00fcr einen verf\u00fchrerischen Beinausschnitt, w\u00e4hrend sich zarte Spitzenapplikationen \u00fcber verf\u00fchrerische T\u00fcllschichten ausbreiten. Mit seiner Mischung aus klassischer Eleganz und einem modernen Touch verspricht dieses Hochzeitskleid mit quadratischem Ausschnitt einen ebenso verf\u00fchrerischen wie \u00e4therischen Auftritt f\u00fcr die Braut, die davon tr\u00e4umt, ihrem besonderen Tag ein romantisches Wunder zu verleihen. Dieses Hochzeitskleid ist auch in gro\u00dfen Gr\u00f6\u00dfen erh\u00e4ltlich.\" \/>\n<meta name=\"robots\" content=\"index, follow, max-snippet:-1, max-image-preview:large, max-video-preview:-1\" \/>\n<link rel=\"canonical\" href=\"https:\/\/www.koonings.com\/de\/product\/essense-of-australia-d4030iv11\/\" \/>\n<meta property=\"og:locale\" content=\"de_DE\" \/>\n<meta property=\"og:type\" content=\"article\" \/>\n<meta property=\"og:title\" content=\"Essenz von Australien D4030IV11 | Koonings\" \/>\n<meta property=\"og:description\" content=\"Tauchen Sie ein in die m\u00e4rchenhafte Romantik von Stil D4030, einem romantischen A-Linien-Hochzeitskleid aus eleganter Spitze, T\u00fcll, k\u00f6niglichem Organza und 3D-Blumenapplikationen aus Spitze. Ein klassischer quadratischer Ausschnitt f\u00fchrt von verzierten Schultertr\u00e4gern zu einem durchsichtigen Mieder mit Perlenknopfverschluss am R\u00fccken. Ab der Taille umspielt die zeitlose A-Linien-Silhouette sanft die Figur, mit einer \u00d6ffnung am Oberschenkel f\u00fcr einen verf\u00fchrerischen Beinausschnitt, w\u00e4hrend sich zarte Spitzenapplikationen \u00fcber verf\u00fchrerische T\u00fcllschichten ausbreiten. Mit seiner Mischung aus klassischer Eleganz und einem modernen Touch verspricht dieses Hochzeitskleid mit quadratischem Ausschnitt einen ebenso verf\u00fchrerischen wie \u00e4therischen Auftritt f\u00fcr die Braut, die davon tr\u00e4umt, ihrem besonderen Tag ein romantisches Wunder zu verleihen. Dieses Hochzeitskleid ist auch in gro\u00dfen Gr\u00f6\u00dfen erh\u00e4ltlich.\" \/>\n<meta property=\"og:url\" content=\"https:\/\/www.koonings.com\/de\/product\/essense-of-australia-d4030iv11\/\" \/>\n<meta property=\"og:site_name\" content=\"Koonings\" \/>\n<meta property=\"article:publisher\" content=\"https:\/\/www.facebook.com\/kooningstheweddingpalace\" \/>\n<meta property=\"og:image\" content=\"https:\/\/www.koonings.com\/wp-content\/uploads\/2024\/11\/40608_fc0648380275fc174facba7e03f293e12ece394113897bd021ac4dc0205460d535c87e3c.jpeg\" \/>\n\t<meta property=\"og:image:width\" content=\"1509\" \/>\n\t<meta property=\"og:image:height\" content=\"2135\" \/>\n\t<meta property=\"og:image:type\" content=\"image\/jpeg\" \/>\n<meta name=\"twitter:card\" content=\"summary_large_image\" \/>\n<meta name=\"twitter:label1\" content=\"Gesch\u00e4tzte Lesezeit\" \/>\n\t<meta name=\"twitter:data1\" content=\"1\u00a0Minute\" \/>\n<script type=\"application\/ld+json\" class=\"yoast-schema-graph\">{\"@context\":\"https:\\\/\\\/schema.org\",\"@graph\":[{\"@type\":\"WebPage\",\"@id\":\"https:\\\/\\\/www.koonings.com\\\/de\\\/product\\\/essense-of-australia-d4030iv11\\\/\",\"url\":\"https:\\\/\\\/www.koonings.com\\\/de\\\/product\\\/essense-of-australia-d4030iv11\\\/\",\"name\":\"Essenz von Australien D4030IV11 | Koonings\",\"isPartOf\":{\"@id\":\"https:\\\/\\\/www.koonings.com\\\/de\\\/#website\"},\"primaryImageOfPage\":{\"@id\":\"https:\\\/\\\/www.koonings.com\\\/de\\\/product\\\/essense-of-australia-d4030iv11\\\/#primaryimage\"},\"image\":{\"@id\":\"https:\\\/\\\/www.koonings.com\\\/de\\\/product\\\/essense-of-australia-d4030iv11\\\/#primaryimage\"},\"thumbnailUrl\":\"https:\\\/\\\/www.koonings.com\\\/wp-content\\\/uploads\\\/2024\\\/11\\\/40608_fc0648380275fc174facba7e03f293e12ece394113897bd021ac4dc0205460d535c87e3c.jpeg\",\"datePublished\":\"2026-04-28T16:20:10+00:00\",\"description\":\"Tauchen Sie ein in die m\u00e4rchenhafte Romantik von Stil D4030, einem romantischen A-Linien-Hochzeitskleid aus eleganter Spitze, T\u00fcll, k\u00f6niglichem Organza und 3D-Blumenapplikationen aus Spitze. Ein klassischer quadratischer Ausschnitt f\u00fchrt von verzierten Schultertr\u00e4gern zu einem durchsichtigen Mieder mit Perlenknopfverschluss am R\u00fccken. Ab der Taille umspielt die zeitlose A-Linien-Silhouette sanft die Figur, mit einer \u00d6ffnung am Oberschenkel f\u00fcr einen verf\u00fchrerischen Beinausschnitt, w\u00e4hrend sich zarte Spitzenapplikationen \u00fcber verf\u00fchrerische T\u00fcllschichten ausbreiten. Mit seiner Mischung aus klassischer Eleganz und einem modernen Touch verspricht dieses Hochzeitskleid mit quadratischem Ausschnitt einen ebenso verf\u00fchrerischen wie \u00e4therischen Auftritt f\u00fcr die Braut, die davon tr\u00e4umt, ihrem besonderen Tag ein romantisches Wunder zu verleihen. Dieses Hochzeitskleid ist auch in gro\u00dfen Gr\u00f6\u00dfen erh\u00e4ltlich.\",\"breadcrumb\":{\"@id\":\"https:\\\/\\\/www.koonings.com\\\/de\\\/product\\\/essense-of-australia-d4030iv11\\\/#breadcrumb\"},\"inLanguage\":\"de\",\"potentialAction\":[{\"@type\":\"ReadAction\",\"target\":[\"https:\\\/\\\/www.koonings.com\\\/de\\\/product\\\/essense-of-australia-d4030iv11\\\/\"]}]},{\"@type\":\"ImageObject\",\"inLanguage\":\"de\",\"@id\":\"https:\\\/\\\/www.koonings.com\\\/de\\\/product\\\/essense-of-australia-d4030iv11\\\/#primaryimage\",\"url\":\"https:\\\/\\\/www.koonings.com\\\/wp-content\\\/uploads\\\/2024\\\/11\\\/40608_fc0648380275fc174facba7e03f293e12ece394113897bd021ac4dc0205460d535c87e3c.jpeg\",\"contentUrl\":\"https:\\\/\\\/www.koonings.com\\\/wp-content\\\/uploads\\\/2024\\\/11\\\/40608_fc0648380275fc174facba7e03f293e12ece394113897bd021ac4dc0205460d535c87e3c.jpeg\",\"width\":1509,\"height\":2135},{\"@type\":\"BreadcrumbList\",\"@id\":\"https:\\\/\\\/www.koonings.com\\\/de\\\/product\\\/essense-of-australia-d4030iv11\\\/#breadcrumb\",\"itemListElement\":[{\"@type\":\"ListItem\",\"position\":1,\"name\":\"Home\",\"item\":\"https:\\\/\\\/www.koonings.com\\\/de\\\/\"},{\"@type\":\"ListItem\",\"position\":2,\"name\":\"Essenz von Australien D4030IV11\"}]},{\"@type\":\"WebSite\",\"@id\":\"https:\\\/\\\/www.koonings.com\\\/de\\\/#website\",\"url\":\"https:\\\/\\\/www.koonings.com\\\/de\\\/\",\"name\":\"Koonings\",\"description\":\"De grootste bruidsmodewinkel ter wereld\",\"publisher\":{\"@id\":\"https:\\\/\\\/www.koonings.com\\\/de\\\/#organization\"},\"potentialAction\":[{\"@type\":\"SearchAction\",\"target\":{\"@type\":\"EntryPoint\",\"urlTemplate\":\"https:\\\/\\\/www.koonings.com\\\/de\\\/?s={search_term_string}\"},\"query-input\":{\"@type\":\"PropertyValueSpecification\",\"valueRequired\":true,\"valueName\":\"search_term_string\"}}],\"inLanguage\":\"de\"},{\"@type\":\"Organization\",\"@id\":\"https:\\\/\\\/www.koonings.com\\\/de\\\/#organization\",\"name\":\"Koonings\",\"url\":\"https:\\\/\\\/www.koonings.com\\\/de\\\/\",\"logo\":{\"@type\":\"ImageObject\",\"inLanguage\":\"de\",\"@id\":\"https:\\\/\\\/www.koonings.com\\\/de\\\/#\\\/schema\\\/logo\\\/image\\\/\",\"url\":\"https:\\\/\\\/www.koonings.com\\\/wp-content\\\/uploads\\\/2024\\\/07\\\/logo.png\",\"contentUrl\":\"https:\\\/\\\/www.koonings.com\\\/wp-content\\\/uploads\\\/2024\\\/07\\\/logo.png\",\"width\":600,\"height\":428,\"caption\":\"Koonings\"},\"image\":{\"@id\":\"https:\\\/\\\/www.koonings.com\\\/de\\\/#\\\/schema\\\/logo\\\/image\\\/\"},\"sameAs\":[\"https:\\\/\\\/www.facebook.com\\\/kooningstheweddingpalace\",\"https:\\\/\\\/www.instagram.com\\\/kooningstheweddingpalace\",\"https:\\\/\\\/www.pinterest.com\\\/koonings\",\"https:\\\/\\\/www.youtube.com\\\/kooningstheweddingpalace\"]}]}<\/script>\n<!-- \/ Yoast SEO plugin. -->","yoast_head_json":{"title":"Essenz von Australien D4030IV11 | Koonings","description":"Tauchen Sie ein in die m\u00e4rchenhafte Romantik von Stil D4030, einem romantischen A-Linien-Hochzeitskleid aus eleganter Spitze, T\u00fcll, k\u00f6niglichem Organza und 3D-Blumenapplikationen aus Spitze. Ein klassischer quadratischer Ausschnitt f\u00fchrt von verzierten Schultertr\u00e4gern zu einem durchsichtigen Mieder mit Perlenknopfverschluss am R\u00fccken. Ab der Taille umspielt die zeitlose A-Linien-Silhouette sanft die Figur, mit einer \u00d6ffnung am Oberschenkel f\u00fcr einen verf\u00fchrerischen Beinausschnitt, w\u00e4hrend sich zarte Spitzenapplikationen \u00fcber verf\u00fchrerische T\u00fcllschichten ausbreiten. Mit seiner Mischung aus klassischer Eleganz und einem modernen Touch verspricht dieses Hochzeitskleid mit quadratischem Ausschnitt einen ebenso verf\u00fchrerischen wie \u00e4therischen Auftritt f\u00fcr die Braut, die davon tr\u00e4umt, ihrem besonderen Tag ein romantisches Wunder zu verleihen. Dieses Hochzeitskleid ist auch in gro\u00dfen Gr\u00f6\u00dfen erh\u00e4ltlich.","robots":{"index":"index","follow":"follow","max-snippet":"max-snippet:-1","max-image-preview":"max-image-preview:large","max-video-preview":"max-video-preview:-1"},"canonical":"https:\/\/www.koonings.com\/de\/product\/essense-of-australia-d4030iv11\/","og_locale":"de_DE","og_type":"article","og_title":"Essenz von Australien D4030IV11 | Koonings","og_description":"Tauchen Sie ein in die m\u00e4rchenhafte Romantik von Stil D4030, einem romantischen A-Linien-Hochzeitskleid aus eleganter Spitze, T\u00fcll, k\u00f6niglichem Organza und 3D-Blumenapplikationen aus Spitze. Ein klassischer quadratischer Ausschnitt f\u00fchrt von verzierten Schultertr\u00e4gern zu einem durchsichtigen Mieder mit Perlenknopfverschluss am R\u00fccken. Ab der Taille umspielt die zeitlose A-Linien-Silhouette sanft die Figur, mit einer \u00d6ffnung am Oberschenkel f\u00fcr einen verf\u00fchrerischen Beinausschnitt, w\u00e4hrend sich zarte Spitzenapplikationen \u00fcber verf\u00fchrerische T\u00fcllschichten ausbreiten. Mit seiner Mischung aus klassischer Eleganz und einem modernen Touch verspricht dieses Hochzeitskleid mit quadratischem Ausschnitt einen ebenso verf\u00fchrerischen wie \u00e4therischen Auftritt f\u00fcr die Braut, die davon tr\u00e4umt, ihrem besonderen Tag ein romantisches Wunder zu verleihen. Dieses Hochzeitskleid ist auch in gro\u00dfen Gr\u00f6\u00dfen erh\u00e4ltlich.","og_url":"https:\/\/www.koonings.com\/de\/product\/essense-of-australia-d4030iv11\/","og_site_name":"Koonings","article_publisher":"https:\/\/www.facebook.com\/kooningstheweddingpalace","og_image":[{"width":1509,"height":2135,"url":"https:\/\/www.koonings.com\/wp-content\/uploads\/2024\/11\/40608_fc0648380275fc174facba7e03f293e12ece394113897bd021ac4dc0205460d535c87e3c.jpeg","type":"image\/jpeg"}],"twitter_card":"summary_large_image","twitter_misc":{"Gesch\u00e4tzte Lesezeit":"1\u00a0Minute"},"schema":{"@context":"https:\/\/schema.org","@graph":[{"@type":"WebPage","@id":"https:\/\/www.koonings.com\/de\/product\/essense-of-australia-d4030iv11\/","url":"https:\/\/www.koonings.com\/de\/product\/essense-of-australia-d4030iv11\/","name":"Essenz von Australien D4030IV11 | Koonings","isPartOf":{"@id":"https:\/\/www.koonings.com\/de\/#website"},"primaryImageOfPage":{"@id":"https:\/\/www.koonings.com\/de\/product\/essense-of-australia-d4030iv11\/#primaryimage"},"image":{"@id":"https:\/\/www.koonings.com\/de\/product\/essense-of-australia-d4030iv11\/#primaryimage"},"thumbnailUrl":"https:\/\/www.koonings.com\/wp-content\/uploads\/2024\/11\/40608_fc0648380275fc174facba7e03f293e12ece394113897bd021ac4dc0205460d535c87e3c.jpeg","datePublished":"2026-04-28T16:20:10+00:00","description":"Tauchen Sie ein in die m\u00e4rchenhafte Romantik von Stil D4030, einem romantischen A-Linien-Hochzeitskleid aus eleganter Spitze, T\u00fcll, k\u00f6niglichem Organza und 3D-Blumenapplikationen aus Spitze. Ein klassischer quadratischer Ausschnitt f\u00fchrt von verzierten Schultertr\u00e4gern zu einem durchsichtigen Mieder mit Perlenknopfverschluss am R\u00fccken. Ab der Taille umspielt die zeitlose A-Linien-Silhouette sanft die Figur, mit einer \u00d6ffnung am Oberschenkel f\u00fcr einen verf\u00fchrerischen Beinausschnitt, w\u00e4hrend sich zarte Spitzenapplikationen \u00fcber verf\u00fchrerische T\u00fcllschichten ausbreiten. Mit seiner Mischung aus klassischer Eleganz und einem modernen Touch verspricht dieses Hochzeitskleid mit quadratischem Ausschnitt einen ebenso verf\u00fchrerischen wie \u00e4therischen Auftritt f\u00fcr die Braut, die davon tr\u00e4umt, ihrem besonderen Tag ein romantisches Wunder zu verleihen. Dieses Hochzeitskleid ist auch in gro\u00dfen Gr\u00f6\u00dfen erh\u00e4ltlich.","breadcrumb":{"@id":"https:\/\/www.koonings.com\/de\/product\/essense-of-australia-d4030iv11\/#breadcrumb"},"inLanguage":"de","potentialAction":[{"@type":"ReadAction","target":["https:\/\/www.koonings.com\/de\/product\/essense-of-australia-d4030iv11\/"]}]},{"@type":"ImageObject","inLanguage":"de","@id":"https:\/\/www.koonings.com\/de\/product\/essense-of-australia-d4030iv11\/#primaryimage","url":"https:\/\/www.koonings.com\/wp-content\/uploads\/2024\/11\/40608_fc0648380275fc174facba7e03f293e12ece394113897bd021ac4dc0205460d535c87e3c.jpeg","contentUrl":"https:\/\/www.koonings.com\/wp-content\/uploads\/2024\/11\/40608_fc0648380275fc174facba7e03f293e12ece394113897bd021ac4dc0205460d535c87e3c.jpeg","width":1509,"height":2135},{"@type":"BreadcrumbList","@id":"https:\/\/www.koonings.com\/de\/product\/essense-of-australia-d4030iv11\/#breadcrumb","itemListElement":[{"@type":"ListItem","position":1,"name":"Home","item":"https:\/\/www.koonings.com\/de\/"},{"@type":"ListItem","position":2,"name":"Essenz von Australien D4030IV11"}]},{"@type":"WebSite","@id":"https:\/\/www.koonings.com\/de\/#website","url":"https:\/\/www.koonings.com\/de\/","name":"Koonings","description":"De grootste bruidsmodewinkel ter wereld","publisher":{"@id":"https:\/\/www.koonings.com\/de\/#organization"},"potentialAction":[{"@type":"SearchAction","target":{"@type":"EntryPoint","urlTemplate":"https:\/\/www.koonings.com\/de\/?s={search_term_string}"},"query-input":{"@type":"PropertyValueSpecification","valueRequired":true,"valueName":"search_term_string"}}],"inLanguage":"de"},{"@type":"Organization","@id":"https:\/\/www.koonings.com\/de\/#organization","name":"Koonings","url":"https:\/\/www.koonings.com\/de\/","logo":{"@type":"ImageObject","inLanguage":"de","@id":"https:\/\/www.koonings.com\/de\/#\/schema\/logo\/image\/","url":"https:\/\/www.koonings.com\/wp-content\/uploads\/2024\/07\/logo.png","contentUrl":"https:\/\/www.koonings.com\/wp-content\/uploads\/2024\/07\/logo.png","width":600,"height":428,"caption":"Koonings"},"image":{"@id":"https:\/\/www.koonings.com\/de\/#\/schema\/logo\/image\/"},"sameAs":["https:\/\/www.facebook.com\/kooningstheweddingpalace","https:\/\/www.instagram.com\/kooningstheweddingpalace","https:\/\/www.pinterest.com\/koonings","https:\/\/www.youtube.com\/kooningstheweddingpalace"]}]}},"_links":{"self":[{"href":"https:\/\/www.koonings.com\/de\/wp-json\/wp\/v2\/product\/77989","targetHints":{"allow":["GET"]}}],"collection":[{"href":"https:\/\/www.koonings.com\/de\/wp-json\/wp\/v2\/product"}],"about":[{"href":"https:\/\/www.koonings.com\/de\/wp-json\/wp\/v2\/types\/product"}],"wp:featuredmedia":[{"embeddable":true,"href":"https:\/\/www.koonings.com\/de\/wp-json\/wp\/v2\/media\/60791"}],"wp:attachment":[{"href":"https:\/\/www.koonings.com\/de\/wp-json\/wp\/v2\/media?parent=77989"}],"wp:term":[{"taxonomy":"productdetails","embeddable":true,"href":"https:\/\/www.koonings.com\/de\/wp-json\/wp\/v2\/productdetails?post=77989"},{"taxonomy":"productneck","embeddable":true,"href":"https:\/\/www.koonings.com\/de\/wp-json\/wp\/v2\/productneck?post=77989"},{"taxonomy":"productcolor","embeddable":true,"href":"https:\/\/www.koonings.com\/de\/wp-json\/wp\/v2\/productcolor?post=77989"},{"taxonomy":"maat","embeddable":true,"href":"https:\/\/www.koonings.com\/de\/wp-json\/wp\/v2\/maat?post=77989"},{"taxonomy":"productsupplier","embeddable":true,"href":"https:\/\/www.koonings.com\/de\/wp-json\/wp\/v2\/productsupplier?post=77989"},{"taxonomy":"productsleeve","embeddable":true,"href":"https:\/\/www.koonings.com\/de\/wp-json\/wp\/v2\/productsleeve?post=77989"},{"taxonomy":"productcategory","embeddable":true,"href":"https:\/\/www.koonings.com\/de\/wp-json\/wp\/v2\/productcategory?post=77989"},{"taxonomy":"productsilhouette","embeddable":true,"href":"https:\/\/www.koonings.com\/de\/wp-json\/wp\/v2\/productsilhouette?post=77989"},{"taxonomy":"productstyle","embeddable":true,"href":"https:\/\/www.koonings.com\/de\/wp-json\/wp\/v2\/productstyle?post=77989"}],"curies":[{"name":"wp","href":"https:\/\/api.w.org\/{rel}","templated":true}]}}