{"id":77982,"date":"2026-04-14T16:20:51","date_gmt":"2026-04-14T14:20:51","guid":{"rendered":"https:\/\/www.koonings.com\/product\/essense-of-australia-d4037iv11\/"},"modified":"2025-06-05T13:21:42","modified_gmt":"2025-06-05T11:21:42","slug":"essense-of-australia-d4037iv11","status":"publish","type":"product","link":"https:\/\/www.koonings.com\/de\/product\/essense-of-australia-d4037iv11\/","title":{"rendered":"Essense of Australia D4037IV11"},"content":{"rendered":"<p>Das Modell D4037 ist wie gemalt mit anmutigen Ranken aus Blattspitze und verbindet kunstvoll sexy Brautmode mit klassischer Romantik. Die schmeichelhafte s\u00e4ulenf\u00f6rmige Silhouette beginnt mit blattf\u00f6rmigen Schultertr\u00e4gern, die vom sexy tiefen V-Ausschnitt des durchsichtigen Oberteils ausgehen. Verf\u00fchrerische seitliche Ausschnitte \u00f6ffnen sich bis zur H\u00fcfte und gipfeln in einem dramatischen tiefen R\u00fcckenausschnitt. Der Kreppstoff umspielt die H\u00fcften und geht dann in eine romantisch geformte Schleppe aus Spitze \u00fcber, die mit Akzenten aus botanischer Spitze besetzt ist. Dieses schlichte und doch so schicke Hochzeitskleid verk\u00f6rpert m\u00fchelose Sinnlichkeit und ist wie geschaffen f\u00fcr die moderne Romantikerin.    <\/p>\n","protected":false},"featured_media":60849,"template":"","meta":{"_acf_changed":false,"ghostkit_customizer_options":"","ghostkit_custom_css":"","ghostkit_custom_js_head":"","ghostkit_custom_js_foot":"","ghostkit_typography":""},"productdetails":[379,376],"productneck":[356],"productcolor":[393,392],"maat":[],"productsupplier":[444],"productsleeve":[359],"productcategory":[18],"productsilhouette":[387],"productstyle":[369,366],"class_list":["post-77982","product","type-product","status-publish","has-post-thumbnail","hentry","productdetails-379","productdetails-376","productneck-356","productcolor-393","productcolor-392","productsupplier-essense-of-australia","productsleeve-359","productcategory-trouwjurken","productsilhouette-387","productstyle-369","productstyle-366"],"acf":[],"yoast_head":"<!-- This site is optimized with the Yoast SEO plugin v27.3 - https:\/\/yoast.com\/product\/yoast-seo-wordpress\/ -->\n<title>Essense of Australia D4037IV11 | Koonings<\/title>\n<meta name=\"description\" content=\"Das Modell D4037 ist wie gemalt mit anmutigen Ranken aus Blattspitze und verbindet kunstvoll sexy Brautmode mit klassischer Romantik. Die schmeichelhafte s\u00e4ulenf\u00f6rmige Silhouette beginnt mit blattf\u00f6rmigen Schultertr\u00e4gern, die vom sexy tiefen V-Ausschnitt des durchsichtigen Oberteils ausgehen. Verf\u00fchrerische seitliche Ausschnitte \u00f6ffnen sich bis zur H\u00fcfte und gipfeln in einem dramatischen tiefen R\u00fcckenausschnitt. Der Kreppstoff umspielt die H\u00fcften und geht dann in eine romantisch geformte Schleppe aus Spitze \u00fcber, die mit Akzenten aus botanischer Spitze besetzt ist. Dieses schlichte und doch so schicke Hochzeitskleid verk\u00f6rpert m\u00fchelose Sinnlichkeit und ist wie geschaffen f\u00fcr die moderne Romantikerin.\" \/>\n<meta name=\"robots\" content=\"index, follow, max-snippet:-1, max-image-preview:large, max-video-preview:-1\" \/>\n<link rel=\"canonical\" href=\"https:\/\/www.koonings.com\/de\/product\/essense-of-australia-d4037iv11\/\" \/>\n<meta property=\"og:locale\" content=\"de_DE\" \/>\n<meta property=\"og:type\" content=\"article\" \/>\n<meta property=\"og:title\" content=\"Essense of Australia D4037IV11 | Koonings\" \/>\n<meta property=\"og:description\" content=\"Das Modell D4037 ist wie gemalt mit anmutigen Ranken aus Blattspitze und verbindet kunstvoll sexy Brautmode mit klassischer Romantik. Die schmeichelhafte s\u00e4ulenf\u00f6rmige Silhouette beginnt mit blattf\u00f6rmigen Schultertr\u00e4gern, die vom sexy tiefen V-Ausschnitt des durchsichtigen Oberteils ausgehen. Verf\u00fchrerische seitliche Ausschnitte \u00f6ffnen sich bis zur H\u00fcfte und gipfeln in einem dramatischen tiefen R\u00fcckenausschnitt. Der Kreppstoff umspielt die H\u00fcften und geht dann in eine romantisch geformte Schleppe aus Spitze \u00fcber, die mit Akzenten aus botanischer Spitze besetzt ist. Dieses schlichte und doch so schicke Hochzeitskleid verk\u00f6rpert m\u00fchelose Sinnlichkeit und ist wie geschaffen f\u00fcr die moderne Romantikerin.\" \/>\n<meta property=\"og:url\" content=\"https:\/\/www.koonings.com\/de\/product\/essense-of-australia-d4037iv11\/\" \/>\n<meta property=\"og:site_name\" content=\"Koonings\" \/>\n<meta property=\"article:publisher\" content=\"https:\/\/www.facebook.com\/kooningstheweddingpalace\" \/>\n<meta property=\"og:image\" content=\"https:\/\/www.koonings.com\/wp-content\/uploads\/2024\/11\/40610_d4311e48ca33688f0012d66e2600a9b4ea4820c25c8c2efde4f4df4d042525ccae00fe54.jpeg\" \/>\n\t<meta property=\"og:image:width\" content=\"1522\" \/>\n\t<meta property=\"og:image:height\" content=\"2154\" \/>\n\t<meta property=\"og:image:type\" content=\"image\/jpeg\" \/>\n<meta name=\"twitter:card\" content=\"summary_large_image\" \/>\n<meta name=\"twitter:label1\" content=\"Gesch\u00e4tzte Lesezeit\" \/>\n\t<meta name=\"twitter:data1\" content=\"1\u00a0Minute\" \/>\n<script type=\"application\/ld+json\" class=\"yoast-schema-graph\">{\"@context\":\"https:\\\/\\\/schema.org\",\"@graph\":[{\"@type\":\"WebPage\",\"@id\":\"https:\\\/\\\/www.koonings.com\\\/de\\\/product\\\/essense-of-australia-d4037iv11\\\/\",\"url\":\"https:\\\/\\\/www.koonings.com\\\/de\\\/product\\\/essense-of-australia-d4037iv11\\\/\",\"name\":\"Essense of Australia D4037IV11 | Koonings\",\"isPartOf\":{\"@id\":\"https:\\\/\\\/www.koonings.com\\\/de\\\/#website\"},\"primaryImageOfPage\":{\"@id\":\"https:\\\/\\\/www.koonings.com\\\/de\\\/product\\\/essense-of-australia-d4037iv11\\\/#primaryimage\"},\"image\":{\"@id\":\"https:\\\/\\\/www.koonings.com\\\/de\\\/product\\\/essense-of-australia-d4037iv11\\\/#primaryimage\"},\"thumbnailUrl\":\"https:\\\/\\\/www.koonings.com\\\/wp-content\\\/uploads\\\/2024\\\/11\\\/40610_d4311e48ca33688f0012d66e2600a9b4ea4820c25c8c2efde4f4df4d042525ccae00fe54.jpeg\",\"datePublished\":\"2026-04-14T14:20:51+00:00\",\"description\":\"Das Modell D4037 ist wie gemalt mit anmutigen Ranken aus Blattspitze und verbindet kunstvoll sexy Brautmode mit klassischer Romantik. Die schmeichelhafte s\u00e4ulenf\u00f6rmige Silhouette beginnt mit blattf\u00f6rmigen Schultertr\u00e4gern, die vom sexy tiefen V-Ausschnitt des durchsichtigen Oberteils ausgehen. Verf\u00fchrerische seitliche Ausschnitte \u00f6ffnen sich bis zur H\u00fcfte und gipfeln in einem dramatischen tiefen R\u00fcckenausschnitt. Der Kreppstoff umspielt die H\u00fcften und geht dann in eine romantisch geformte Schleppe aus Spitze \u00fcber, die mit Akzenten aus botanischer Spitze besetzt ist. Dieses schlichte und doch so schicke Hochzeitskleid verk\u00f6rpert m\u00fchelose Sinnlichkeit und ist wie geschaffen f\u00fcr die moderne Romantikerin.\",\"breadcrumb\":{\"@id\":\"https:\\\/\\\/www.koonings.com\\\/de\\\/product\\\/essense-of-australia-d4037iv11\\\/#breadcrumb\"},\"inLanguage\":\"de\",\"potentialAction\":[{\"@type\":\"ReadAction\",\"target\":[\"https:\\\/\\\/www.koonings.com\\\/de\\\/product\\\/essense-of-australia-d4037iv11\\\/\"]}]},{\"@type\":\"ImageObject\",\"inLanguage\":\"de\",\"@id\":\"https:\\\/\\\/www.koonings.com\\\/de\\\/product\\\/essense-of-australia-d4037iv11\\\/#primaryimage\",\"url\":\"https:\\\/\\\/www.koonings.com\\\/wp-content\\\/uploads\\\/2024\\\/11\\\/40610_d4311e48ca33688f0012d66e2600a9b4ea4820c25c8c2efde4f4df4d042525ccae00fe54.jpeg\",\"contentUrl\":\"https:\\\/\\\/www.koonings.com\\\/wp-content\\\/uploads\\\/2024\\\/11\\\/40610_d4311e48ca33688f0012d66e2600a9b4ea4820c25c8c2efde4f4df4d042525ccae00fe54.jpeg\",\"width\":1522,\"height\":2154},{\"@type\":\"BreadcrumbList\",\"@id\":\"https:\\\/\\\/www.koonings.com\\\/de\\\/product\\\/essense-of-australia-d4037iv11\\\/#breadcrumb\",\"itemListElement\":[{\"@type\":\"ListItem\",\"position\":1,\"name\":\"Home\",\"item\":\"https:\\\/\\\/www.koonings.com\\\/de\\\/\"},{\"@type\":\"ListItem\",\"position\":2,\"name\":\"Essense of Australia D4037IV11\"}]},{\"@type\":\"WebSite\",\"@id\":\"https:\\\/\\\/www.koonings.com\\\/de\\\/#website\",\"url\":\"https:\\\/\\\/www.koonings.com\\\/de\\\/\",\"name\":\"Koonings\",\"description\":\"De grootste bruidsmodewinkel ter wereld\",\"publisher\":{\"@id\":\"https:\\\/\\\/www.koonings.com\\\/de\\\/#organization\"},\"potentialAction\":[{\"@type\":\"SearchAction\",\"target\":{\"@type\":\"EntryPoint\",\"urlTemplate\":\"https:\\\/\\\/www.koonings.com\\\/de\\\/?s={search_term_string}\"},\"query-input\":{\"@type\":\"PropertyValueSpecification\",\"valueRequired\":true,\"valueName\":\"search_term_string\"}}],\"inLanguage\":\"de\"},{\"@type\":\"Organization\",\"@id\":\"https:\\\/\\\/www.koonings.com\\\/de\\\/#organization\",\"name\":\"Koonings\",\"url\":\"https:\\\/\\\/www.koonings.com\\\/de\\\/\",\"logo\":{\"@type\":\"ImageObject\",\"inLanguage\":\"de\",\"@id\":\"https:\\\/\\\/www.koonings.com\\\/de\\\/#\\\/schema\\\/logo\\\/image\\\/\",\"url\":\"https:\\\/\\\/www.koonings.com\\\/wp-content\\\/uploads\\\/2024\\\/07\\\/logo.png\",\"contentUrl\":\"https:\\\/\\\/www.koonings.com\\\/wp-content\\\/uploads\\\/2024\\\/07\\\/logo.png\",\"width\":600,\"height\":428,\"caption\":\"Koonings\"},\"image\":{\"@id\":\"https:\\\/\\\/www.koonings.com\\\/de\\\/#\\\/schema\\\/logo\\\/image\\\/\"},\"sameAs\":[\"https:\\\/\\\/www.facebook.com\\\/kooningstheweddingpalace\",\"https:\\\/\\\/www.instagram.com\\\/kooningstheweddingpalace\",\"https:\\\/\\\/www.pinterest.com\\\/koonings\",\"https:\\\/\\\/www.youtube.com\\\/kooningstheweddingpalace\"]}]}<\/script>\n<!-- \/ Yoast SEO plugin. -->","yoast_head_json":{"title":"Essense of Australia D4037IV11 | Koonings","description":"Das Modell D4037 ist wie gemalt mit anmutigen Ranken aus Blattspitze und verbindet kunstvoll sexy Brautmode mit klassischer Romantik. Die schmeichelhafte s\u00e4ulenf\u00f6rmige Silhouette beginnt mit blattf\u00f6rmigen Schultertr\u00e4gern, die vom sexy tiefen V-Ausschnitt des durchsichtigen Oberteils ausgehen. Verf\u00fchrerische seitliche Ausschnitte \u00f6ffnen sich bis zur H\u00fcfte und gipfeln in einem dramatischen tiefen R\u00fcckenausschnitt. Der Kreppstoff umspielt die H\u00fcften und geht dann in eine romantisch geformte Schleppe aus Spitze \u00fcber, die mit Akzenten aus botanischer Spitze besetzt ist. Dieses schlichte und doch so schicke Hochzeitskleid verk\u00f6rpert m\u00fchelose Sinnlichkeit und ist wie geschaffen f\u00fcr die moderne Romantikerin.","robots":{"index":"index","follow":"follow","max-snippet":"max-snippet:-1","max-image-preview":"max-image-preview:large","max-video-preview":"max-video-preview:-1"},"canonical":"https:\/\/www.koonings.com\/de\/product\/essense-of-australia-d4037iv11\/","og_locale":"de_DE","og_type":"article","og_title":"Essense of Australia D4037IV11 | Koonings","og_description":"Das Modell D4037 ist wie gemalt mit anmutigen Ranken aus Blattspitze und verbindet kunstvoll sexy Brautmode mit klassischer Romantik. Die schmeichelhafte s\u00e4ulenf\u00f6rmige Silhouette beginnt mit blattf\u00f6rmigen Schultertr\u00e4gern, die vom sexy tiefen V-Ausschnitt des durchsichtigen Oberteils ausgehen. Verf\u00fchrerische seitliche Ausschnitte \u00f6ffnen sich bis zur H\u00fcfte und gipfeln in einem dramatischen tiefen R\u00fcckenausschnitt. Der Kreppstoff umspielt die H\u00fcften und geht dann in eine romantisch geformte Schleppe aus Spitze \u00fcber, die mit Akzenten aus botanischer Spitze besetzt ist. Dieses schlichte und doch so schicke Hochzeitskleid verk\u00f6rpert m\u00fchelose Sinnlichkeit und ist wie geschaffen f\u00fcr die moderne Romantikerin.","og_url":"https:\/\/www.koonings.com\/de\/product\/essense-of-australia-d4037iv11\/","og_site_name":"Koonings","article_publisher":"https:\/\/www.facebook.com\/kooningstheweddingpalace","og_image":[{"width":1522,"height":2154,"url":"https:\/\/www.koonings.com\/wp-content\/uploads\/2024\/11\/40610_d4311e48ca33688f0012d66e2600a9b4ea4820c25c8c2efde4f4df4d042525ccae00fe54.jpeg","type":"image\/jpeg"}],"twitter_card":"summary_large_image","twitter_misc":{"Gesch\u00e4tzte Lesezeit":"1\u00a0Minute"},"schema":{"@context":"https:\/\/schema.org","@graph":[{"@type":"WebPage","@id":"https:\/\/www.koonings.com\/de\/product\/essense-of-australia-d4037iv11\/","url":"https:\/\/www.koonings.com\/de\/product\/essense-of-australia-d4037iv11\/","name":"Essense of Australia D4037IV11 | Koonings","isPartOf":{"@id":"https:\/\/www.koonings.com\/de\/#website"},"primaryImageOfPage":{"@id":"https:\/\/www.koonings.com\/de\/product\/essense-of-australia-d4037iv11\/#primaryimage"},"image":{"@id":"https:\/\/www.koonings.com\/de\/product\/essense-of-australia-d4037iv11\/#primaryimage"},"thumbnailUrl":"https:\/\/www.koonings.com\/wp-content\/uploads\/2024\/11\/40610_d4311e48ca33688f0012d66e2600a9b4ea4820c25c8c2efde4f4df4d042525ccae00fe54.jpeg","datePublished":"2026-04-14T14:20:51+00:00","description":"Das Modell D4037 ist wie gemalt mit anmutigen Ranken aus Blattspitze und verbindet kunstvoll sexy Brautmode mit klassischer Romantik. Die schmeichelhafte s\u00e4ulenf\u00f6rmige Silhouette beginnt mit blattf\u00f6rmigen Schultertr\u00e4gern, die vom sexy tiefen V-Ausschnitt des durchsichtigen Oberteils ausgehen. Verf\u00fchrerische seitliche Ausschnitte \u00f6ffnen sich bis zur H\u00fcfte und gipfeln in einem dramatischen tiefen R\u00fcckenausschnitt. Der Kreppstoff umspielt die H\u00fcften und geht dann in eine romantisch geformte Schleppe aus Spitze \u00fcber, die mit Akzenten aus botanischer Spitze besetzt ist. Dieses schlichte und doch so schicke Hochzeitskleid verk\u00f6rpert m\u00fchelose Sinnlichkeit und ist wie geschaffen f\u00fcr die moderne Romantikerin.","breadcrumb":{"@id":"https:\/\/www.koonings.com\/de\/product\/essense-of-australia-d4037iv11\/#breadcrumb"},"inLanguage":"de","potentialAction":[{"@type":"ReadAction","target":["https:\/\/www.koonings.com\/de\/product\/essense-of-australia-d4037iv11\/"]}]},{"@type":"ImageObject","inLanguage":"de","@id":"https:\/\/www.koonings.com\/de\/product\/essense-of-australia-d4037iv11\/#primaryimage","url":"https:\/\/www.koonings.com\/wp-content\/uploads\/2024\/11\/40610_d4311e48ca33688f0012d66e2600a9b4ea4820c25c8c2efde4f4df4d042525ccae00fe54.jpeg","contentUrl":"https:\/\/www.koonings.com\/wp-content\/uploads\/2024\/11\/40610_d4311e48ca33688f0012d66e2600a9b4ea4820c25c8c2efde4f4df4d042525ccae00fe54.jpeg","width":1522,"height":2154},{"@type":"BreadcrumbList","@id":"https:\/\/www.koonings.com\/de\/product\/essense-of-australia-d4037iv11\/#breadcrumb","itemListElement":[{"@type":"ListItem","position":1,"name":"Home","item":"https:\/\/www.koonings.com\/de\/"},{"@type":"ListItem","position":2,"name":"Essense of Australia D4037IV11"}]},{"@type":"WebSite","@id":"https:\/\/www.koonings.com\/de\/#website","url":"https:\/\/www.koonings.com\/de\/","name":"Koonings","description":"De grootste bruidsmodewinkel ter wereld","publisher":{"@id":"https:\/\/www.koonings.com\/de\/#organization"},"potentialAction":[{"@type":"SearchAction","target":{"@type":"EntryPoint","urlTemplate":"https:\/\/www.koonings.com\/de\/?s={search_term_string}"},"query-input":{"@type":"PropertyValueSpecification","valueRequired":true,"valueName":"search_term_string"}}],"inLanguage":"de"},{"@type":"Organization","@id":"https:\/\/www.koonings.com\/de\/#organization","name":"Koonings","url":"https:\/\/www.koonings.com\/de\/","logo":{"@type":"ImageObject","inLanguage":"de","@id":"https:\/\/www.koonings.com\/de\/#\/schema\/logo\/image\/","url":"https:\/\/www.koonings.com\/wp-content\/uploads\/2024\/07\/logo.png","contentUrl":"https:\/\/www.koonings.com\/wp-content\/uploads\/2024\/07\/logo.png","width":600,"height":428,"caption":"Koonings"},"image":{"@id":"https:\/\/www.koonings.com\/de\/#\/schema\/logo\/image\/"},"sameAs":["https:\/\/www.facebook.com\/kooningstheweddingpalace","https:\/\/www.instagram.com\/kooningstheweddingpalace","https:\/\/www.pinterest.com\/koonings","https:\/\/www.youtube.com\/kooningstheweddingpalace"]}]}},"_links":{"self":[{"href":"https:\/\/www.koonings.com\/de\/wp-json\/wp\/v2\/product\/77982","targetHints":{"allow":["GET"]}}],"collection":[{"href":"https:\/\/www.koonings.com\/de\/wp-json\/wp\/v2\/product"}],"about":[{"href":"https:\/\/www.koonings.com\/de\/wp-json\/wp\/v2\/types\/product"}],"wp:featuredmedia":[{"embeddable":true,"href":"https:\/\/www.koonings.com\/de\/wp-json\/wp\/v2\/media\/60849"}],"wp:attachment":[{"href":"https:\/\/www.koonings.com\/de\/wp-json\/wp\/v2\/media?parent=77982"}],"wp:term":[{"taxonomy":"productdetails","embeddable":true,"href":"https:\/\/www.koonings.com\/de\/wp-json\/wp\/v2\/productdetails?post=77982"},{"taxonomy":"productneck","embeddable":true,"href":"https:\/\/www.koonings.com\/de\/wp-json\/wp\/v2\/productneck?post=77982"},{"taxonomy":"productcolor","embeddable":true,"href":"https:\/\/www.koonings.com\/de\/wp-json\/wp\/v2\/productcolor?post=77982"},{"taxonomy":"maat","embeddable":true,"href":"https:\/\/www.koonings.com\/de\/wp-json\/wp\/v2\/maat?post=77982"},{"taxonomy":"productsupplier","embeddable":true,"href":"https:\/\/www.koonings.com\/de\/wp-json\/wp\/v2\/productsupplier?post=77982"},{"taxonomy":"productsleeve","embeddable":true,"href":"https:\/\/www.koonings.com\/de\/wp-json\/wp\/v2\/productsleeve?post=77982"},{"taxonomy":"productcategory","embeddable":true,"href":"https:\/\/www.koonings.com\/de\/wp-json\/wp\/v2\/productcategory?post=77982"},{"taxonomy":"productsilhouette","embeddable":true,"href":"https:\/\/www.koonings.com\/de\/wp-json\/wp\/v2\/productsilhouette?post=77982"},{"taxonomy":"productstyle","embeddable":true,"href":"https:\/\/www.koonings.com\/de\/wp-json\/wp\/v2\/productstyle?post=77982"}],"curies":[{"name":"wp","href":"https:\/\/api.w.org\/{rel}","templated":true}]}}