{"id":77942,"date":"2026-05-06T15:10:04","date_gmt":"2026-05-06T13:10:04","guid":{"rendered":"https:\/\/www.koonings.com\/product\/ramona-koonings-couture-kn2341-1-liverpool\/"},"modified":"2026-02-16T14:33:46","modified_gmt":"2026-02-16T13:33:46","slug":"ramona-koonings-couture-kn2341-1-liverpool","status":"publish","type":"product","link":"https:\/\/www.koonings.com\/de\/product\/ramona-koonings-couture-kn2341-1-liverpool\/","title":{"rendered":"Ramona Koonings Couture KN2341-1 Liverpool"},"content":{"rendered":"<p>Sexy und einzigartig dieses Plussize-Brautkleid in A-Linie. Ein figurbetontes Modell, f\u00fcr das eine luxuri\u00f6se Spitze mit Glitzer verwendet wurde. Das Oberteil hat einen herzf\u00f6rmigen Ausschnitt und ist schulterfrei. Hier kombiniert mit einer T\u00fcllschleppe und langen \u00c4rmeln, die am Handgelenk in einer R\u00fcsche enden.   <\/p>\n","protected":false},"featured_media":34705,"template":"","meta":{"_acf_changed":false,"ghostkit_customizer_options":"","ghostkit_custom_css":"","ghostkit_custom_js_head":"","ghostkit_custom_js_foot":"","ghostkit_typography":""},"productdetails":[379,377,376,381],"productneck":[355],"productcolor":[393,392],"maat":[375],"productsupplier":[419],"productsleeve":[359,362],"productcategory":[18],"productsilhouette":[384],"productstyle":[367],"class_list":["post-77942","product","type-product","status-publish","has-post-thumbnail","hentry","productdetails-379","productdetails-377","productdetails-376","productdetails-381","productneck-355","productcolor-393","productcolor-392","maat-375","productsupplier-ramona-koonings-couture","productsleeve-359","productsleeve-362","productcategory-trouwjurken","productsilhouette-384","productstyle-367"],"acf":[],"yoast_head":"<!-- This site is optimized with the Yoast SEO plugin v27.3 - https:\/\/yoast.com\/product\/yoast-seo-wordpress\/ -->\n<title>Ramona Koonings Couture KN2341-1 Liverpool | Koonings<\/title>\n<meta name=\"description\" content=\"Sexy und einzigartig dieses Plussize-Brautkleid in A-Linie. Ein figurbetontes Modell, f\u00fcr das eine luxuri\u00f6se Spitze mit Glitzer verwendet wurde. Das Oberteil hat einen herzf\u00f6rmigen Ausschnitt und ist schulterfrei. Hier kombiniert mit einer T\u00fcllschleppe und langen \u00c4rmeln, die am Handgelenk in einer R\u00fcsche enden.\" \/>\n<meta name=\"robots\" content=\"index, follow, max-snippet:-1, max-image-preview:large, max-video-preview:-1\" \/>\n<link rel=\"canonical\" href=\"https:\/\/www.koonings.com\/de\/product\/ramona-koonings-couture-kn2341-1-liverpool\/\" \/>\n<meta property=\"og:locale\" content=\"de_DE\" \/>\n<meta property=\"og:type\" content=\"article\" \/>\n<meta property=\"og:title\" content=\"Ramona Koonings Couture KN2341-1 Liverpool | Koonings\" \/>\n<meta property=\"og:description\" content=\"Sexy und einzigartig dieses Plussize-Brautkleid in A-Linie. Ein figurbetontes Modell, f\u00fcr das eine luxuri\u00f6se Spitze mit Glitzer verwendet wurde. Das Oberteil hat einen herzf\u00f6rmigen Ausschnitt und ist schulterfrei. Hier kombiniert mit einer T\u00fcllschleppe und langen \u00c4rmeln, die am Handgelenk in einer R\u00fcsche enden.\" \/>\n<meta property=\"og:url\" content=\"https:\/\/www.koonings.com\/de\/product\/ramona-koonings-couture-kn2341-1-liverpool\/\" \/>\n<meta property=\"og:site_name\" content=\"Koonings\" \/>\n<meta property=\"article:publisher\" content=\"https:\/\/www.facebook.com\/kooningstheweddingpalace\" \/>\n<meta property=\"og:image\" content=\"https:\/\/www.koonings.com\/wp-content\/uploads\/2024\/11\/37999_210a925a5fedc38510c6c9688a1cf6d3643d3d58df12d5fb9d6cf2a261059b85482e34c3.jpeg\" \/>\n\t<meta property=\"og:image:width\" content=\"1766\" \/>\n\t<meta property=\"og:image:height\" content=\"2492\" \/>\n\t<meta property=\"og:image:type\" content=\"image\/jpeg\" \/>\n<meta name=\"twitter:card\" content=\"summary_large_image\" \/>\n<script type=\"application\/ld+json\" class=\"yoast-schema-graph\">{\"@context\":\"https:\\\/\\\/schema.org\",\"@graph\":[{\"@type\":\"WebPage\",\"@id\":\"https:\\\/\\\/www.koonings.com\\\/de\\\/product\\\/ramona-koonings-couture-kn2341-1-liverpool\\\/\",\"url\":\"https:\\\/\\\/www.koonings.com\\\/de\\\/product\\\/ramona-koonings-couture-kn2341-1-liverpool\\\/\",\"name\":\"Ramona Koonings Couture KN2341-1 Liverpool | Koonings\",\"isPartOf\":{\"@id\":\"https:\\\/\\\/www.koonings.com\\\/de\\\/#website\"},\"primaryImageOfPage\":{\"@id\":\"https:\\\/\\\/www.koonings.com\\\/de\\\/product\\\/ramona-koonings-couture-kn2341-1-liverpool\\\/#primaryimage\"},\"image\":{\"@id\":\"https:\\\/\\\/www.koonings.com\\\/de\\\/product\\\/ramona-koonings-couture-kn2341-1-liverpool\\\/#primaryimage\"},\"thumbnailUrl\":\"https:\\\/\\\/www.koonings.com\\\/wp-content\\\/uploads\\\/2024\\\/11\\\/37999_210a925a5fedc38510c6c9688a1cf6d3643d3d58df12d5fb9d6cf2a261059b85482e34c3.jpeg\",\"datePublished\":\"2026-05-06T13:10:04+00:00\",\"description\":\"Sexy und einzigartig dieses Plussize-Brautkleid in A-Linie. Ein figurbetontes Modell, f\u00fcr das eine luxuri\u00f6se Spitze mit Glitzer verwendet wurde. Das Oberteil hat einen herzf\u00f6rmigen Ausschnitt und ist schulterfrei. Hier kombiniert mit einer T\u00fcllschleppe und langen \u00c4rmeln, die am Handgelenk in einer R\u00fcsche enden.\",\"breadcrumb\":{\"@id\":\"https:\\\/\\\/www.koonings.com\\\/de\\\/product\\\/ramona-koonings-couture-kn2341-1-liverpool\\\/#breadcrumb\"},\"inLanguage\":\"de\",\"potentialAction\":[{\"@type\":\"ReadAction\",\"target\":[\"https:\\\/\\\/www.koonings.com\\\/de\\\/product\\\/ramona-koonings-couture-kn2341-1-liverpool\\\/\"]}]},{\"@type\":\"ImageObject\",\"inLanguage\":\"de\",\"@id\":\"https:\\\/\\\/www.koonings.com\\\/de\\\/product\\\/ramona-koonings-couture-kn2341-1-liverpool\\\/#primaryimage\",\"url\":\"https:\\\/\\\/www.koonings.com\\\/wp-content\\\/uploads\\\/2024\\\/11\\\/37999_210a925a5fedc38510c6c9688a1cf6d3643d3d58df12d5fb9d6cf2a261059b85482e34c3.jpeg\",\"contentUrl\":\"https:\\\/\\\/www.koonings.com\\\/wp-content\\\/uploads\\\/2024\\\/11\\\/37999_210a925a5fedc38510c6c9688a1cf6d3643d3d58df12d5fb9d6cf2a261059b85482e34c3.jpeg\",\"width\":1766,\"height\":2492},{\"@type\":\"BreadcrumbList\",\"@id\":\"https:\\\/\\\/www.koonings.com\\\/de\\\/product\\\/ramona-koonings-couture-kn2341-1-liverpool\\\/#breadcrumb\",\"itemListElement\":[{\"@type\":\"ListItem\",\"position\":1,\"name\":\"Home\",\"item\":\"https:\\\/\\\/www.koonings.com\\\/de\\\/\"},{\"@type\":\"ListItem\",\"position\":2,\"name\":\"Ramona Koonings Couture KN2341-1 Liverpool\"}]},{\"@type\":\"WebSite\",\"@id\":\"https:\\\/\\\/www.koonings.com\\\/de\\\/#website\",\"url\":\"https:\\\/\\\/www.koonings.com\\\/de\\\/\",\"name\":\"Koonings\",\"description\":\"De grootste bruidsmodewinkel ter wereld\",\"publisher\":{\"@id\":\"https:\\\/\\\/www.koonings.com\\\/de\\\/#organization\"},\"potentialAction\":[{\"@type\":\"SearchAction\",\"target\":{\"@type\":\"EntryPoint\",\"urlTemplate\":\"https:\\\/\\\/www.koonings.com\\\/de\\\/?s={search_term_string}\"},\"query-input\":{\"@type\":\"PropertyValueSpecification\",\"valueRequired\":true,\"valueName\":\"search_term_string\"}}],\"inLanguage\":\"de\"},{\"@type\":\"Organization\",\"@id\":\"https:\\\/\\\/www.koonings.com\\\/de\\\/#organization\",\"name\":\"Koonings\",\"url\":\"https:\\\/\\\/www.koonings.com\\\/de\\\/\",\"logo\":{\"@type\":\"ImageObject\",\"inLanguage\":\"de\",\"@id\":\"https:\\\/\\\/www.koonings.com\\\/de\\\/#\\\/schema\\\/logo\\\/image\\\/\",\"url\":\"https:\\\/\\\/www.koonings.com\\\/wp-content\\\/uploads\\\/2024\\\/07\\\/logo.png\",\"contentUrl\":\"https:\\\/\\\/www.koonings.com\\\/wp-content\\\/uploads\\\/2024\\\/07\\\/logo.png\",\"width\":600,\"height\":428,\"caption\":\"Koonings\"},\"image\":{\"@id\":\"https:\\\/\\\/www.koonings.com\\\/de\\\/#\\\/schema\\\/logo\\\/image\\\/\"},\"sameAs\":[\"https:\\\/\\\/www.facebook.com\\\/kooningstheweddingpalace\",\"https:\\\/\\\/www.instagram.com\\\/kooningstheweddingpalace\",\"https:\\\/\\\/www.pinterest.com\\\/koonings\",\"https:\\\/\\\/www.youtube.com\\\/kooningstheweddingpalace\"]}]}<\/script>\n<!-- \/ Yoast SEO plugin. -->","yoast_head_json":{"title":"Ramona Koonings Couture KN2341-1 Liverpool | Koonings","description":"Sexy und einzigartig dieses Plussize-Brautkleid in A-Linie. Ein figurbetontes Modell, f\u00fcr das eine luxuri\u00f6se Spitze mit Glitzer verwendet wurde. Das Oberteil hat einen herzf\u00f6rmigen Ausschnitt und ist schulterfrei. Hier kombiniert mit einer T\u00fcllschleppe und langen \u00c4rmeln, die am Handgelenk in einer R\u00fcsche enden.","robots":{"index":"index","follow":"follow","max-snippet":"max-snippet:-1","max-image-preview":"max-image-preview:large","max-video-preview":"max-video-preview:-1"},"canonical":"https:\/\/www.koonings.com\/de\/product\/ramona-koonings-couture-kn2341-1-liverpool\/","og_locale":"de_DE","og_type":"article","og_title":"Ramona Koonings Couture KN2341-1 Liverpool | Koonings","og_description":"Sexy und einzigartig dieses Plussize-Brautkleid in A-Linie. Ein figurbetontes Modell, f\u00fcr das eine luxuri\u00f6se Spitze mit Glitzer verwendet wurde. Das Oberteil hat einen herzf\u00f6rmigen Ausschnitt und ist schulterfrei. Hier kombiniert mit einer T\u00fcllschleppe und langen \u00c4rmeln, die am Handgelenk in einer R\u00fcsche enden.","og_url":"https:\/\/www.koonings.com\/de\/product\/ramona-koonings-couture-kn2341-1-liverpool\/","og_site_name":"Koonings","article_publisher":"https:\/\/www.facebook.com\/kooningstheweddingpalace","og_image":[{"width":1766,"height":2492,"url":"https:\/\/www.koonings.com\/wp-content\/uploads\/2024\/11\/37999_210a925a5fedc38510c6c9688a1cf6d3643d3d58df12d5fb9d6cf2a261059b85482e34c3.jpeg","type":"image\/jpeg"}],"twitter_card":"summary_large_image","schema":{"@context":"https:\/\/schema.org","@graph":[{"@type":"WebPage","@id":"https:\/\/www.koonings.com\/de\/product\/ramona-koonings-couture-kn2341-1-liverpool\/","url":"https:\/\/www.koonings.com\/de\/product\/ramona-koonings-couture-kn2341-1-liverpool\/","name":"Ramona Koonings Couture KN2341-1 Liverpool | Koonings","isPartOf":{"@id":"https:\/\/www.koonings.com\/de\/#website"},"primaryImageOfPage":{"@id":"https:\/\/www.koonings.com\/de\/product\/ramona-koonings-couture-kn2341-1-liverpool\/#primaryimage"},"image":{"@id":"https:\/\/www.koonings.com\/de\/product\/ramona-koonings-couture-kn2341-1-liverpool\/#primaryimage"},"thumbnailUrl":"https:\/\/www.koonings.com\/wp-content\/uploads\/2024\/11\/37999_210a925a5fedc38510c6c9688a1cf6d3643d3d58df12d5fb9d6cf2a261059b85482e34c3.jpeg","datePublished":"2026-05-06T13:10:04+00:00","description":"Sexy und einzigartig dieses Plussize-Brautkleid in A-Linie. Ein figurbetontes Modell, f\u00fcr das eine luxuri\u00f6se Spitze mit Glitzer verwendet wurde. Das Oberteil hat einen herzf\u00f6rmigen Ausschnitt und ist schulterfrei. Hier kombiniert mit einer T\u00fcllschleppe und langen \u00c4rmeln, die am Handgelenk in einer R\u00fcsche enden.","breadcrumb":{"@id":"https:\/\/www.koonings.com\/de\/product\/ramona-koonings-couture-kn2341-1-liverpool\/#breadcrumb"},"inLanguage":"de","potentialAction":[{"@type":"ReadAction","target":["https:\/\/www.koonings.com\/de\/product\/ramona-koonings-couture-kn2341-1-liverpool\/"]}]},{"@type":"ImageObject","inLanguage":"de","@id":"https:\/\/www.koonings.com\/de\/product\/ramona-koonings-couture-kn2341-1-liverpool\/#primaryimage","url":"https:\/\/www.koonings.com\/wp-content\/uploads\/2024\/11\/37999_210a925a5fedc38510c6c9688a1cf6d3643d3d58df12d5fb9d6cf2a261059b85482e34c3.jpeg","contentUrl":"https:\/\/www.koonings.com\/wp-content\/uploads\/2024\/11\/37999_210a925a5fedc38510c6c9688a1cf6d3643d3d58df12d5fb9d6cf2a261059b85482e34c3.jpeg","width":1766,"height":2492},{"@type":"BreadcrumbList","@id":"https:\/\/www.koonings.com\/de\/product\/ramona-koonings-couture-kn2341-1-liverpool\/#breadcrumb","itemListElement":[{"@type":"ListItem","position":1,"name":"Home","item":"https:\/\/www.koonings.com\/de\/"},{"@type":"ListItem","position":2,"name":"Ramona Koonings Couture KN2341-1 Liverpool"}]},{"@type":"WebSite","@id":"https:\/\/www.koonings.com\/de\/#website","url":"https:\/\/www.koonings.com\/de\/","name":"Koonings","description":"De grootste bruidsmodewinkel ter wereld","publisher":{"@id":"https:\/\/www.koonings.com\/de\/#organization"},"potentialAction":[{"@type":"SearchAction","target":{"@type":"EntryPoint","urlTemplate":"https:\/\/www.koonings.com\/de\/?s={search_term_string}"},"query-input":{"@type":"PropertyValueSpecification","valueRequired":true,"valueName":"search_term_string"}}],"inLanguage":"de"},{"@type":"Organization","@id":"https:\/\/www.koonings.com\/de\/#organization","name":"Koonings","url":"https:\/\/www.koonings.com\/de\/","logo":{"@type":"ImageObject","inLanguage":"de","@id":"https:\/\/www.koonings.com\/de\/#\/schema\/logo\/image\/","url":"https:\/\/www.koonings.com\/wp-content\/uploads\/2024\/07\/logo.png","contentUrl":"https:\/\/www.koonings.com\/wp-content\/uploads\/2024\/07\/logo.png","width":600,"height":428,"caption":"Koonings"},"image":{"@id":"https:\/\/www.koonings.com\/de\/#\/schema\/logo\/image\/"},"sameAs":["https:\/\/www.facebook.com\/kooningstheweddingpalace","https:\/\/www.instagram.com\/kooningstheweddingpalace","https:\/\/www.pinterest.com\/koonings","https:\/\/www.youtube.com\/kooningstheweddingpalace"]}]}},"_links":{"self":[{"href":"https:\/\/www.koonings.com\/de\/wp-json\/wp\/v2\/product\/77942","targetHints":{"allow":["GET"]}}],"collection":[{"href":"https:\/\/www.koonings.com\/de\/wp-json\/wp\/v2\/product"}],"about":[{"href":"https:\/\/www.koonings.com\/de\/wp-json\/wp\/v2\/types\/product"}],"wp:featuredmedia":[{"embeddable":true,"href":"https:\/\/www.koonings.com\/de\/wp-json\/wp\/v2\/media\/34705"}],"wp:attachment":[{"href":"https:\/\/www.koonings.com\/de\/wp-json\/wp\/v2\/media?parent=77942"}],"wp:term":[{"taxonomy":"productdetails","embeddable":true,"href":"https:\/\/www.koonings.com\/de\/wp-json\/wp\/v2\/productdetails?post=77942"},{"taxonomy":"productneck","embeddable":true,"href":"https:\/\/www.koonings.com\/de\/wp-json\/wp\/v2\/productneck?post=77942"},{"taxonomy":"productcolor","embeddable":true,"href":"https:\/\/www.koonings.com\/de\/wp-json\/wp\/v2\/productcolor?post=77942"},{"taxonomy":"maat","embeddable":true,"href":"https:\/\/www.koonings.com\/de\/wp-json\/wp\/v2\/maat?post=77942"},{"taxonomy":"productsupplier","embeddable":true,"href":"https:\/\/www.koonings.com\/de\/wp-json\/wp\/v2\/productsupplier?post=77942"},{"taxonomy":"productsleeve","embeddable":true,"href":"https:\/\/www.koonings.com\/de\/wp-json\/wp\/v2\/productsleeve?post=77942"},{"taxonomy":"productcategory","embeddable":true,"href":"https:\/\/www.koonings.com\/de\/wp-json\/wp\/v2\/productcategory?post=77942"},{"taxonomy":"productsilhouette","embeddable":true,"href":"https:\/\/www.koonings.com\/de\/wp-json\/wp\/v2\/productsilhouette?post=77942"},{"taxonomy":"productstyle","embeddable":true,"href":"https:\/\/www.koonings.com\/de\/wp-json\/wp\/v2\/productstyle?post=77942"}],"curies":[{"name":"wp","href":"https:\/\/api.w.org\/{rel}","templated":true}]}}