{"id":77922,"date":"2026-04-28T18:12:56","date_gmt":"2026-04-28T16:12:56","guid":{"rendered":"https:\/\/www.koonings.com\/product\/milla-nova-zoraida\/"},"modified":"2026-02-23T14:42:52","modified_gmt":"2026-02-23T13:42:52","slug":"milla-nova-zoraida","status":"publish","type":"product","link":"https:\/\/www.koonings.com\/de\/product\/milla-nova-zoraida\/","title":{"rendered":"Milla Nova Zoraida"},"content":{"rendered":"<p>Avantgardistisches Kleid in A-Linie, \u00fcberzogen mit volumin\u00f6sem T\u00fcll. Mit einem eng anliegenden Mieder, das in schaumige Lagen aus kaskadenf\u00f6rmigem T\u00fcll mit kristallinen und floralen Spitzendetails ausl\u00e4uft. Wird mit &#8216;Unterw\u00e4sche&#8217; und einem integrierten oder losen Unterrock geliefert.  <\/p>\n","protected":false},"featured_media":40470,"template":"","meta":{"_acf_changed":false,"ghostkit_customizer_options":"","ghostkit_custom_css":"","ghostkit_custom_js_head":"","ghostkit_custom_js_foot":"","ghostkit_typography":""},"productdetails":[],"productneck":[354],"productcolor":[392],"maat":[],"productsupplier":[446],"productsleeve":[],"productcategory":[18],"productsilhouette":[384],"productstyle":[],"class_list":["post-77922","product","type-product","status-publish","has-post-thumbnail","hentry","productneck-354","productcolor-392","productsupplier-milla-nova","productcategory-trouwjurken","productsilhouette-384"],"acf":[],"yoast_head":"<!-- This site is optimized with the Yoast SEO plugin v27.3 - https:\/\/yoast.com\/product\/yoast-seo-wordpress\/ -->\n<title>Milla Nova Zoraida | Koonings<\/title>\n<meta name=\"description\" content=\"Avantgardistisches Kleid in A-Linie, \u00fcberzogen mit volumin\u00f6sem T\u00fcll. Mit einem eng anliegenden Mieder, das in schaumige Lagen aus kaskadenf\u00f6rmigem T\u00fcll mit kristallinen und floralen Spitzendetails ausl\u00e4uft. Wird mit &#039;Unterw\u00e4sche&#039; und einem integrierten oder losen Unterrock geliefert.\" \/>\n<meta name=\"robots\" content=\"index, follow, max-snippet:-1, max-image-preview:large, max-video-preview:-1\" \/>\n<link rel=\"canonical\" href=\"https:\/\/www.koonings.com\/de\/product\/milla-nova-zoraida\/\" \/>\n<meta property=\"og:locale\" content=\"de_DE\" \/>\n<meta property=\"og:type\" content=\"article\" \/>\n<meta property=\"og:title\" content=\"Milla Nova Zoraida | Koonings\" \/>\n<meta property=\"og:description\" content=\"Avantgardistisches Kleid in A-Linie, \u00fcberzogen mit volumin\u00f6sem T\u00fcll. Mit einem eng anliegenden Mieder, das in schaumige Lagen aus kaskadenf\u00f6rmigem T\u00fcll mit kristallinen und floralen Spitzendetails ausl\u00e4uft. Wird mit &#039;Unterw\u00e4sche&#039; und einem integrierten oder losen Unterrock geliefert.\" \/>\n<meta property=\"og:url\" content=\"https:\/\/www.koonings.com\/de\/product\/milla-nova-zoraida\/\" \/>\n<meta property=\"og:site_name\" content=\"Koonings\" \/>\n<meta property=\"article:publisher\" content=\"https:\/\/www.facebook.com\/kooningstheweddingpalace\" \/>\n<meta property=\"og:image\" content=\"https:\/\/www.koonings.com\/wp-content\/uploads\/2024\/11\/39439_08907f2ce0330373bf6c514637d29270b6a2e72f5c110a1c5e3bf1a86d017878211488c7-scaled.jpeg\" \/>\n\t<meta property=\"og:image:width\" content=\"1813\" \/>\n\t<meta property=\"og:image:height\" content=\"2560\" \/>\n\t<meta property=\"og:image:type\" content=\"image\/jpeg\" \/>\n<meta name=\"twitter:card\" content=\"summary_large_image\" \/>\n<script type=\"application\/ld+json\" class=\"yoast-schema-graph\">{\"@context\":\"https:\\\/\\\/schema.org\",\"@graph\":[{\"@type\":\"WebPage\",\"@id\":\"https:\\\/\\\/www.koonings.com\\\/de\\\/product\\\/milla-nova-zoraida\\\/\",\"url\":\"https:\\\/\\\/www.koonings.com\\\/de\\\/product\\\/milla-nova-zoraida\\\/\",\"name\":\"Milla Nova Zoraida | Koonings\",\"isPartOf\":{\"@id\":\"https:\\\/\\\/www.koonings.com\\\/de\\\/#website\"},\"primaryImageOfPage\":{\"@id\":\"https:\\\/\\\/www.koonings.com\\\/de\\\/product\\\/milla-nova-zoraida\\\/#primaryimage\"},\"image\":{\"@id\":\"https:\\\/\\\/www.koonings.com\\\/de\\\/product\\\/milla-nova-zoraida\\\/#primaryimage\"},\"thumbnailUrl\":\"https:\\\/\\\/www.koonings.com\\\/wp-content\\\/uploads\\\/2024\\\/11\\\/39439_08907f2ce0330373bf6c514637d29270b6a2e72f5c110a1c5e3bf1a86d017878211488c7-scaled.jpeg\",\"datePublished\":\"2026-04-28T16:12:56+00:00\",\"description\":\"Avantgardistisches Kleid in A-Linie, \u00fcberzogen mit volumin\u00f6sem T\u00fcll. Mit einem eng anliegenden Mieder, das in schaumige Lagen aus kaskadenf\u00f6rmigem T\u00fcll mit kristallinen und floralen Spitzendetails ausl\u00e4uft. Wird mit 'Unterw\u00e4sche' und einem integrierten oder losen Unterrock geliefert.\",\"breadcrumb\":{\"@id\":\"https:\\\/\\\/www.koonings.com\\\/de\\\/product\\\/milla-nova-zoraida\\\/#breadcrumb\"},\"inLanguage\":\"de\",\"potentialAction\":[{\"@type\":\"ReadAction\",\"target\":[\"https:\\\/\\\/www.koonings.com\\\/de\\\/product\\\/milla-nova-zoraida\\\/\"]}]},{\"@type\":\"ImageObject\",\"inLanguage\":\"de\",\"@id\":\"https:\\\/\\\/www.koonings.com\\\/de\\\/product\\\/milla-nova-zoraida\\\/#primaryimage\",\"url\":\"https:\\\/\\\/www.koonings.com\\\/wp-content\\\/uploads\\\/2024\\\/11\\\/39439_08907f2ce0330373bf6c514637d29270b6a2e72f5c110a1c5e3bf1a86d017878211488c7-scaled.jpeg\",\"contentUrl\":\"https:\\\/\\\/www.koonings.com\\\/wp-content\\\/uploads\\\/2024\\\/11\\\/39439_08907f2ce0330373bf6c514637d29270b6a2e72f5c110a1c5e3bf1a86d017878211488c7-scaled.jpeg\",\"width\":1813,\"height\":2560},{\"@type\":\"BreadcrumbList\",\"@id\":\"https:\\\/\\\/www.koonings.com\\\/de\\\/product\\\/milla-nova-zoraida\\\/#breadcrumb\",\"itemListElement\":[{\"@type\":\"ListItem\",\"position\":1,\"name\":\"Home\",\"item\":\"https:\\\/\\\/www.koonings.com\\\/de\\\/\"},{\"@type\":\"ListItem\",\"position\":2,\"name\":\"Milla Nova Zoraida\"}]},{\"@type\":\"WebSite\",\"@id\":\"https:\\\/\\\/www.koonings.com\\\/de\\\/#website\",\"url\":\"https:\\\/\\\/www.koonings.com\\\/de\\\/\",\"name\":\"Koonings\",\"description\":\"De grootste bruidsmodewinkel ter wereld\",\"publisher\":{\"@id\":\"https:\\\/\\\/www.koonings.com\\\/de\\\/#organization\"},\"potentialAction\":[{\"@type\":\"SearchAction\",\"target\":{\"@type\":\"EntryPoint\",\"urlTemplate\":\"https:\\\/\\\/www.koonings.com\\\/de\\\/?s={search_term_string}\"},\"query-input\":{\"@type\":\"PropertyValueSpecification\",\"valueRequired\":true,\"valueName\":\"search_term_string\"}}],\"inLanguage\":\"de\"},{\"@type\":\"Organization\",\"@id\":\"https:\\\/\\\/www.koonings.com\\\/de\\\/#organization\",\"name\":\"Koonings\",\"url\":\"https:\\\/\\\/www.koonings.com\\\/de\\\/\",\"logo\":{\"@type\":\"ImageObject\",\"inLanguage\":\"de\",\"@id\":\"https:\\\/\\\/www.koonings.com\\\/de\\\/#\\\/schema\\\/logo\\\/image\\\/\",\"url\":\"https:\\\/\\\/www.koonings.com\\\/wp-content\\\/uploads\\\/2024\\\/07\\\/logo.png\",\"contentUrl\":\"https:\\\/\\\/www.koonings.com\\\/wp-content\\\/uploads\\\/2024\\\/07\\\/logo.png\",\"width\":600,\"height\":428,\"caption\":\"Koonings\"},\"image\":{\"@id\":\"https:\\\/\\\/www.koonings.com\\\/de\\\/#\\\/schema\\\/logo\\\/image\\\/\"},\"sameAs\":[\"https:\\\/\\\/www.facebook.com\\\/kooningstheweddingpalace\",\"https:\\\/\\\/www.instagram.com\\\/kooningstheweddingpalace\",\"https:\\\/\\\/www.pinterest.com\\\/koonings\",\"https:\\\/\\\/www.youtube.com\\\/kooningstheweddingpalace\"]}]}<\/script>\n<!-- \/ Yoast SEO plugin. -->","yoast_head_json":{"title":"Milla Nova Zoraida | Koonings","description":"Avantgardistisches Kleid in A-Linie, \u00fcberzogen mit volumin\u00f6sem T\u00fcll. Mit einem eng anliegenden Mieder, das in schaumige Lagen aus kaskadenf\u00f6rmigem T\u00fcll mit kristallinen und floralen Spitzendetails ausl\u00e4uft. Wird mit 'Unterw\u00e4sche' und einem integrierten oder losen Unterrock geliefert.","robots":{"index":"index","follow":"follow","max-snippet":"max-snippet:-1","max-image-preview":"max-image-preview:large","max-video-preview":"max-video-preview:-1"},"canonical":"https:\/\/www.koonings.com\/de\/product\/milla-nova-zoraida\/","og_locale":"de_DE","og_type":"article","og_title":"Milla Nova Zoraida | Koonings","og_description":"Avantgardistisches Kleid in A-Linie, \u00fcberzogen mit volumin\u00f6sem T\u00fcll. Mit einem eng anliegenden Mieder, das in schaumige Lagen aus kaskadenf\u00f6rmigem T\u00fcll mit kristallinen und floralen Spitzendetails ausl\u00e4uft. Wird mit 'Unterw\u00e4sche' und einem integrierten oder losen Unterrock geliefert.","og_url":"https:\/\/www.koonings.com\/de\/product\/milla-nova-zoraida\/","og_site_name":"Koonings","article_publisher":"https:\/\/www.facebook.com\/kooningstheweddingpalace","og_image":[{"width":1813,"height":2560,"url":"https:\/\/www.koonings.com\/wp-content\/uploads\/2024\/11\/39439_08907f2ce0330373bf6c514637d29270b6a2e72f5c110a1c5e3bf1a86d017878211488c7-scaled.jpeg","type":"image\/jpeg"}],"twitter_card":"summary_large_image","schema":{"@context":"https:\/\/schema.org","@graph":[{"@type":"WebPage","@id":"https:\/\/www.koonings.com\/de\/product\/milla-nova-zoraida\/","url":"https:\/\/www.koonings.com\/de\/product\/milla-nova-zoraida\/","name":"Milla Nova Zoraida | Koonings","isPartOf":{"@id":"https:\/\/www.koonings.com\/de\/#website"},"primaryImageOfPage":{"@id":"https:\/\/www.koonings.com\/de\/product\/milla-nova-zoraida\/#primaryimage"},"image":{"@id":"https:\/\/www.koonings.com\/de\/product\/milla-nova-zoraida\/#primaryimage"},"thumbnailUrl":"https:\/\/www.koonings.com\/wp-content\/uploads\/2024\/11\/39439_08907f2ce0330373bf6c514637d29270b6a2e72f5c110a1c5e3bf1a86d017878211488c7-scaled.jpeg","datePublished":"2026-04-28T16:12:56+00:00","description":"Avantgardistisches Kleid in A-Linie, \u00fcberzogen mit volumin\u00f6sem T\u00fcll. Mit einem eng anliegenden Mieder, das in schaumige Lagen aus kaskadenf\u00f6rmigem T\u00fcll mit kristallinen und floralen Spitzendetails ausl\u00e4uft. Wird mit 'Unterw\u00e4sche' und einem integrierten oder losen Unterrock geliefert.","breadcrumb":{"@id":"https:\/\/www.koonings.com\/de\/product\/milla-nova-zoraida\/#breadcrumb"},"inLanguage":"de","potentialAction":[{"@type":"ReadAction","target":["https:\/\/www.koonings.com\/de\/product\/milla-nova-zoraida\/"]}]},{"@type":"ImageObject","inLanguage":"de","@id":"https:\/\/www.koonings.com\/de\/product\/milla-nova-zoraida\/#primaryimage","url":"https:\/\/www.koonings.com\/wp-content\/uploads\/2024\/11\/39439_08907f2ce0330373bf6c514637d29270b6a2e72f5c110a1c5e3bf1a86d017878211488c7-scaled.jpeg","contentUrl":"https:\/\/www.koonings.com\/wp-content\/uploads\/2024\/11\/39439_08907f2ce0330373bf6c514637d29270b6a2e72f5c110a1c5e3bf1a86d017878211488c7-scaled.jpeg","width":1813,"height":2560},{"@type":"BreadcrumbList","@id":"https:\/\/www.koonings.com\/de\/product\/milla-nova-zoraida\/#breadcrumb","itemListElement":[{"@type":"ListItem","position":1,"name":"Home","item":"https:\/\/www.koonings.com\/de\/"},{"@type":"ListItem","position":2,"name":"Milla Nova Zoraida"}]},{"@type":"WebSite","@id":"https:\/\/www.koonings.com\/de\/#website","url":"https:\/\/www.koonings.com\/de\/","name":"Koonings","description":"De grootste bruidsmodewinkel ter wereld","publisher":{"@id":"https:\/\/www.koonings.com\/de\/#organization"},"potentialAction":[{"@type":"SearchAction","target":{"@type":"EntryPoint","urlTemplate":"https:\/\/www.koonings.com\/de\/?s={search_term_string}"},"query-input":{"@type":"PropertyValueSpecification","valueRequired":true,"valueName":"search_term_string"}}],"inLanguage":"de"},{"@type":"Organization","@id":"https:\/\/www.koonings.com\/de\/#organization","name":"Koonings","url":"https:\/\/www.koonings.com\/de\/","logo":{"@type":"ImageObject","inLanguage":"de","@id":"https:\/\/www.koonings.com\/de\/#\/schema\/logo\/image\/","url":"https:\/\/www.koonings.com\/wp-content\/uploads\/2024\/07\/logo.png","contentUrl":"https:\/\/www.koonings.com\/wp-content\/uploads\/2024\/07\/logo.png","width":600,"height":428,"caption":"Koonings"},"image":{"@id":"https:\/\/www.koonings.com\/de\/#\/schema\/logo\/image\/"},"sameAs":["https:\/\/www.facebook.com\/kooningstheweddingpalace","https:\/\/www.instagram.com\/kooningstheweddingpalace","https:\/\/www.pinterest.com\/koonings","https:\/\/www.youtube.com\/kooningstheweddingpalace"]}]}},"_links":{"self":[{"href":"https:\/\/www.koonings.com\/de\/wp-json\/wp\/v2\/product\/77922","targetHints":{"allow":["GET"]}}],"collection":[{"href":"https:\/\/www.koonings.com\/de\/wp-json\/wp\/v2\/product"}],"about":[{"href":"https:\/\/www.koonings.com\/de\/wp-json\/wp\/v2\/types\/product"}],"wp:featuredmedia":[{"embeddable":true,"href":"https:\/\/www.koonings.com\/de\/wp-json\/wp\/v2\/media\/40470"}],"wp:attachment":[{"href":"https:\/\/www.koonings.com\/de\/wp-json\/wp\/v2\/media?parent=77922"}],"wp:term":[{"taxonomy":"productdetails","embeddable":true,"href":"https:\/\/www.koonings.com\/de\/wp-json\/wp\/v2\/productdetails?post=77922"},{"taxonomy":"productneck","embeddable":true,"href":"https:\/\/www.koonings.com\/de\/wp-json\/wp\/v2\/productneck?post=77922"},{"taxonomy":"productcolor","embeddable":true,"href":"https:\/\/www.koonings.com\/de\/wp-json\/wp\/v2\/productcolor?post=77922"},{"taxonomy":"maat","embeddable":true,"href":"https:\/\/www.koonings.com\/de\/wp-json\/wp\/v2\/maat?post=77922"},{"taxonomy":"productsupplier","embeddable":true,"href":"https:\/\/www.koonings.com\/de\/wp-json\/wp\/v2\/productsupplier?post=77922"},{"taxonomy":"productsleeve","embeddable":true,"href":"https:\/\/www.koonings.com\/de\/wp-json\/wp\/v2\/productsleeve?post=77922"},{"taxonomy":"productcategory","embeddable":true,"href":"https:\/\/www.koonings.com\/de\/wp-json\/wp\/v2\/productcategory?post=77922"},{"taxonomy":"productsilhouette","embeddable":true,"href":"https:\/\/www.koonings.com\/de\/wp-json\/wp\/v2\/productsilhouette?post=77922"},{"taxonomy":"productstyle","embeddable":true,"href":"https:\/\/www.koonings.com\/de\/wp-json\/wp\/v2\/productstyle?post=77922"}],"curies":[{"name":"wp","href":"https:\/\/api.w.org\/{rel}","templated":true}]}}