{"id":77900,"date":"2026-04-28T18:14:11","date_gmt":"2026-04-28T16:14:11","guid":{"rendered":"https:\/\/www.koonings.com\/product\/herve-paris-caylee-z\/"},"modified":"2026-02-23T14:43:49","modified_gmt":"2026-02-23T13:43:49","slug":"herve-paris-caylee-z","status":"publish","type":"product","link":"https:\/\/www.koonings.com\/de\/product\/herve-paris-caylee-z\/","title":{"rendered":"Herve Paris Caylee-Z"},"content":{"rendered":"<p>Mit Caylee verstr\u00f6men Sie einen Hauch von Raffinesse, der m\u00fchelos mit einem unbeschwerten Geist verschmilzt. Die tadellose Silhouette und der Stoff werden Ihren Stil auf die n\u00e4chste Stufe heben. Der Rock des Caylee Kleides hat eine sch\u00f6ne A-Linien-Silhouette mit kurzen \u00c4rmeln und einem tiefen V-Ausschnitt und f\u00e4llt in einem glitzernden T\u00fcllstoff. Lassen Sie Caylee Ihr Ein und Alles sein.   <\/p>\n","protected":false},"featured_media":41110,"template":"","meta":{"_acf_changed":false,"ghostkit_customizer_options":"","ghostkit_custom_css":"","ghostkit_custom_js_head":"","ghostkit_custom_js_foot":"","ghostkit_typography":""},"productdetails":[],"productneck":[356],"productcolor":[392],"maat":[],"productsupplier":[424],"productsleeve":[361],"productcategory":[18],"productsilhouette":[384],"productstyle":[],"class_list":["post-77900","product","type-product","status-publish","has-post-thumbnail","hentry","productneck-356","productcolor-392","productsupplier-herve-paris","productsleeve-361","productcategory-trouwjurken","productsilhouette-384"],"acf":[],"yoast_head":"<!-- This site is optimized with the Yoast SEO plugin v27.3 - https:\/\/yoast.com\/product\/yoast-seo-wordpress\/ -->\n<title>Herve Paris Caylee-Z | Koonings<\/title>\n<meta name=\"description\" content=\"Mit Caylee verstr\u00f6men Sie einen Hauch von Raffinesse, der m\u00fchelos mit einem unbeschwerten Geist verschmilzt. Die tadellose Silhouette und der Stoff werden Ihren Stil auf die n\u00e4chste Stufe heben. Der Rock des Caylee Kleides hat eine sch\u00f6ne A-Linien-Silhouette mit kurzen \u00c4rmeln und einem tiefen V-Ausschnitt und f\u00e4llt in einem glitzernden T\u00fcllstoff. Lassen Sie Caylee Ihr Ein und Alles sein.\" \/>\n<meta name=\"robots\" content=\"index, follow, max-snippet:-1, max-image-preview:large, max-video-preview:-1\" \/>\n<link rel=\"canonical\" href=\"https:\/\/www.koonings.com\/de\/product\/herve-paris-caylee-z\/\" \/>\n<meta property=\"og:locale\" content=\"de_DE\" \/>\n<meta property=\"og:type\" content=\"article\" \/>\n<meta property=\"og:title\" content=\"Herve Paris Caylee-Z | Koonings\" \/>\n<meta property=\"og:description\" content=\"Mit Caylee verstr\u00f6men Sie einen Hauch von Raffinesse, der m\u00fchelos mit einem unbeschwerten Geist verschmilzt. Die tadellose Silhouette und der Stoff werden Ihren Stil auf die n\u00e4chste Stufe heben. Der Rock des Caylee Kleides hat eine sch\u00f6ne A-Linien-Silhouette mit kurzen \u00c4rmeln und einem tiefen V-Ausschnitt und f\u00e4llt in einem glitzernden T\u00fcllstoff. Lassen Sie Caylee Ihr Ein und Alles sein.\" \/>\n<meta property=\"og:url\" content=\"https:\/\/www.koonings.com\/de\/product\/herve-paris-caylee-z\/\" \/>\n<meta property=\"og:site_name\" content=\"Koonings\" \/>\n<meta property=\"article:publisher\" content=\"https:\/\/www.facebook.com\/kooningstheweddingpalace\" \/>\n<meta property=\"og:image\" content=\"https:\/\/www.koonings.com\/wp-content\/uploads\/2024\/11\/39529_aae89b477b5cbad4e658fbc13d38a5e46b046e5163b64c571df2acbbd81786042b89ad8d.jpeg\" \/>\n\t<meta property=\"og:image:width\" content=\"1597\" \/>\n\t<meta property=\"og:image:height\" content=\"2264\" \/>\n\t<meta property=\"og:image:type\" content=\"image\/jpeg\" \/>\n<meta name=\"twitter:card\" content=\"summary_large_image\" \/>\n<script type=\"application\/ld+json\" class=\"yoast-schema-graph\">{\"@context\":\"https:\\\/\\\/schema.org\",\"@graph\":[{\"@type\":\"WebPage\",\"@id\":\"https:\\\/\\\/www.koonings.com\\\/de\\\/product\\\/herve-paris-caylee-z\\\/\",\"url\":\"https:\\\/\\\/www.koonings.com\\\/de\\\/product\\\/herve-paris-caylee-z\\\/\",\"name\":\"Herve Paris Caylee-Z | Koonings\",\"isPartOf\":{\"@id\":\"https:\\\/\\\/www.koonings.com\\\/de\\\/#website\"},\"primaryImageOfPage\":{\"@id\":\"https:\\\/\\\/www.koonings.com\\\/de\\\/product\\\/herve-paris-caylee-z\\\/#primaryimage\"},\"image\":{\"@id\":\"https:\\\/\\\/www.koonings.com\\\/de\\\/product\\\/herve-paris-caylee-z\\\/#primaryimage\"},\"thumbnailUrl\":\"https:\\\/\\\/www.koonings.com\\\/wp-content\\\/uploads\\\/2024\\\/11\\\/39529_aae89b477b5cbad4e658fbc13d38a5e46b046e5163b64c571df2acbbd81786042b89ad8d.jpeg\",\"datePublished\":\"2026-04-28T16:14:11+00:00\",\"description\":\"Mit Caylee verstr\u00f6men Sie einen Hauch von Raffinesse, der m\u00fchelos mit einem unbeschwerten Geist verschmilzt. Die tadellose Silhouette und der Stoff werden Ihren Stil auf die n\u00e4chste Stufe heben. Der Rock des Caylee Kleides hat eine sch\u00f6ne A-Linien-Silhouette mit kurzen \u00c4rmeln und einem tiefen V-Ausschnitt und f\u00e4llt in einem glitzernden T\u00fcllstoff. Lassen Sie Caylee Ihr Ein und Alles sein.\",\"breadcrumb\":{\"@id\":\"https:\\\/\\\/www.koonings.com\\\/de\\\/product\\\/herve-paris-caylee-z\\\/#breadcrumb\"},\"inLanguage\":\"de\",\"potentialAction\":[{\"@type\":\"ReadAction\",\"target\":[\"https:\\\/\\\/www.koonings.com\\\/de\\\/product\\\/herve-paris-caylee-z\\\/\"]}]},{\"@type\":\"ImageObject\",\"inLanguage\":\"de\",\"@id\":\"https:\\\/\\\/www.koonings.com\\\/de\\\/product\\\/herve-paris-caylee-z\\\/#primaryimage\",\"url\":\"https:\\\/\\\/www.koonings.com\\\/wp-content\\\/uploads\\\/2024\\\/11\\\/39529_aae89b477b5cbad4e658fbc13d38a5e46b046e5163b64c571df2acbbd81786042b89ad8d.jpeg\",\"contentUrl\":\"https:\\\/\\\/www.koonings.com\\\/wp-content\\\/uploads\\\/2024\\\/11\\\/39529_aae89b477b5cbad4e658fbc13d38a5e46b046e5163b64c571df2acbbd81786042b89ad8d.jpeg\",\"width\":1597,\"height\":2264},{\"@type\":\"BreadcrumbList\",\"@id\":\"https:\\\/\\\/www.koonings.com\\\/de\\\/product\\\/herve-paris-caylee-z\\\/#breadcrumb\",\"itemListElement\":[{\"@type\":\"ListItem\",\"position\":1,\"name\":\"Home\",\"item\":\"https:\\\/\\\/www.koonings.com\\\/de\\\/\"},{\"@type\":\"ListItem\",\"position\":2,\"name\":\"Herve Paris Caylee-Z\"}]},{\"@type\":\"WebSite\",\"@id\":\"https:\\\/\\\/www.koonings.com\\\/de\\\/#website\",\"url\":\"https:\\\/\\\/www.koonings.com\\\/de\\\/\",\"name\":\"Koonings\",\"description\":\"De grootste bruidsmodewinkel ter wereld\",\"publisher\":{\"@id\":\"https:\\\/\\\/www.koonings.com\\\/de\\\/#organization\"},\"potentialAction\":[{\"@type\":\"SearchAction\",\"target\":{\"@type\":\"EntryPoint\",\"urlTemplate\":\"https:\\\/\\\/www.koonings.com\\\/de\\\/?s={search_term_string}\"},\"query-input\":{\"@type\":\"PropertyValueSpecification\",\"valueRequired\":true,\"valueName\":\"search_term_string\"}}],\"inLanguage\":\"de\"},{\"@type\":\"Organization\",\"@id\":\"https:\\\/\\\/www.koonings.com\\\/de\\\/#organization\",\"name\":\"Koonings\",\"url\":\"https:\\\/\\\/www.koonings.com\\\/de\\\/\",\"logo\":{\"@type\":\"ImageObject\",\"inLanguage\":\"de\",\"@id\":\"https:\\\/\\\/www.koonings.com\\\/de\\\/#\\\/schema\\\/logo\\\/image\\\/\",\"url\":\"https:\\\/\\\/www.koonings.com\\\/wp-content\\\/uploads\\\/2024\\\/07\\\/logo.png\",\"contentUrl\":\"https:\\\/\\\/www.koonings.com\\\/wp-content\\\/uploads\\\/2024\\\/07\\\/logo.png\",\"width\":600,\"height\":428,\"caption\":\"Koonings\"},\"image\":{\"@id\":\"https:\\\/\\\/www.koonings.com\\\/de\\\/#\\\/schema\\\/logo\\\/image\\\/\"},\"sameAs\":[\"https:\\\/\\\/www.facebook.com\\\/kooningstheweddingpalace\",\"https:\\\/\\\/www.instagram.com\\\/kooningstheweddingpalace\",\"https:\\\/\\\/www.pinterest.com\\\/koonings\",\"https:\\\/\\\/www.youtube.com\\\/kooningstheweddingpalace\"]}]}<\/script>\n<!-- \/ Yoast SEO plugin. -->","yoast_head_json":{"title":"Herve Paris Caylee-Z | Koonings","description":"Mit Caylee verstr\u00f6men Sie einen Hauch von Raffinesse, der m\u00fchelos mit einem unbeschwerten Geist verschmilzt. Die tadellose Silhouette und der Stoff werden Ihren Stil auf die n\u00e4chste Stufe heben. Der Rock des Caylee Kleides hat eine sch\u00f6ne A-Linien-Silhouette mit kurzen \u00c4rmeln und einem tiefen V-Ausschnitt und f\u00e4llt in einem glitzernden T\u00fcllstoff. Lassen Sie Caylee Ihr Ein und Alles sein.","robots":{"index":"index","follow":"follow","max-snippet":"max-snippet:-1","max-image-preview":"max-image-preview:large","max-video-preview":"max-video-preview:-1"},"canonical":"https:\/\/www.koonings.com\/de\/product\/herve-paris-caylee-z\/","og_locale":"de_DE","og_type":"article","og_title":"Herve Paris Caylee-Z | Koonings","og_description":"Mit Caylee verstr\u00f6men Sie einen Hauch von Raffinesse, der m\u00fchelos mit einem unbeschwerten Geist verschmilzt. Die tadellose Silhouette und der Stoff werden Ihren Stil auf die n\u00e4chste Stufe heben. Der Rock des Caylee Kleides hat eine sch\u00f6ne A-Linien-Silhouette mit kurzen \u00c4rmeln und einem tiefen V-Ausschnitt und f\u00e4llt in einem glitzernden T\u00fcllstoff. Lassen Sie Caylee Ihr Ein und Alles sein.","og_url":"https:\/\/www.koonings.com\/de\/product\/herve-paris-caylee-z\/","og_site_name":"Koonings","article_publisher":"https:\/\/www.facebook.com\/kooningstheweddingpalace","og_image":[{"width":1597,"height":2264,"url":"https:\/\/www.koonings.com\/wp-content\/uploads\/2024\/11\/39529_aae89b477b5cbad4e658fbc13d38a5e46b046e5163b64c571df2acbbd81786042b89ad8d.jpeg","type":"image\/jpeg"}],"twitter_card":"summary_large_image","schema":{"@context":"https:\/\/schema.org","@graph":[{"@type":"WebPage","@id":"https:\/\/www.koonings.com\/de\/product\/herve-paris-caylee-z\/","url":"https:\/\/www.koonings.com\/de\/product\/herve-paris-caylee-z\/","name":"Herve Paris Caylee-Z | Koonings","isPartOf":{"@id":"https:\/\/www.koonings.com\/de\/#website"},"primaryImageOfPage":{"@id":"https:\/\/www.koonings.com\/de\/product\/herve-paris-caylee-z\/#primaryimage"},"image":{"@id":"https:\/\/www.koonings.com\/de\/product\/herve-paris-caylee-z\/#primaryimage"},"thumbnailUrl":"https:\/\/www.koonings.com\/wp-content\/uploads\/2024\/11\/39529_aae89b477b5cbad4e658fbc13d38a5e46b046e5163b64c571df2acbbd81786042b89ad8d.jpeg","datePublished":"2026-04-28T16:14:11+00:00","description":"Mit Caylee verstr\u00f6men Sie einen Hauch von Raffinesse, der m\u00fchelos mit einem unbeschwerten Geist verschmilzt. Die tadellose Silhouette und der Stoff werden Ihren Stil auf die n\u00e4chste Stufe heben. Der Rock des Caylee Kleides hat eine sch\u00f6ne A-Linien-Silhouette mit kurzen \u00c4rmeln und einem tiefen V-Ausschnitt und f\u00e4llt in einem glitzernden T\u00fcllstoff. Lassen Sie Caylee Ihr Ein und Alles sein.","breadcrumb":{"@id":"https:\/\/www.koonings.com\/de\/product\/herve-paris-caylee-z\/#breadcrumb"},"inLanguage":"de","potentialAction":[{"@type":"ReadAction","target":["https:\/\/www.koonings.com\/de\/product\/herve-paris-caylee-z\/"]}]},{"@type":"ImageObject","inLanguage":"de","@id":"https:\/\/www.koonings.com\/de\/product\/herve-paris-caylee-z\/#primaryimage","url":"https:\/\/www.koonings.com\/wp-content\/uploads\/2024\/11\/39529_aae89b477b5cbad4e658fbc13d38a5e46b046e5163b64c571df2acbbd81786042b89ad8d.jpeg","contentUrl":"https:\/\/www.koonings.com\/wp-content\/uploads\/2024\/11\/39529_aae89b477b5cbad4e658fbc13d38a5e46b046e5163b64c571df2acbbd81786042b89ad8d.jpeg","width":1597,"height":2264},{"@type":"BreadcrumbList","@id":"https:\/\/www.koonings.com\/de\/product\/herve-paris-caylee-z\/#breadcrumb","itemListElement":[{"@type":"ListItem","position":1,"name":"Home","item":"https:\/\/www.koonings.com\/de\/"},{"@type":"ListItem","position":2,"name":"Herve Paris Caylee-Z"}]},{"@type":"WebSite","@id":"https:\/\/www.koonings.com\/de\/#website","url":"https:\/\/www.koonings.com\/de\/","name":"Koonings","description":"De grootste bruidsmodewinkel ter wereld","publisher":{"@id":"https:\/\/www.koonings.com\/de\/#organization"},"potentialAction":[{"@type":"SearchAction","target":{"@type":"EntryPoint","urlTemplate":"https:\/\/www.koonings.com\/de\/?s={search_term_string}"},"query-input":{"@type":"PropertyValueSpecification","valueRequired":true,"valueName":"search_term_string"}}],"inLanguage":"de"},{"@type":"Organization","@id":"https:\/\/www.koonings.com\/de\/#organization","name":"Koonings","url":"https:\/\/www.koonings.com\/de\/","logo":{"@type":"ImageObject","inLanguage":"de","@id":"https:\/\/www.koonings.com\/de\/#\/schema\/logo\/image\/","url":"https:\/\/www.koonings.com\/wp-content\/uploads\/2024\/07\/logo.png","contentUrl":"https:\/\/www.koonings.com\/wp-content\/uploads\/2024\/07\/logo.png","width":600,"height":428,"caption":"Koonings"},"image":{"@id":"https:\/\/www.koonings.com\/de\/#\/schema\/logo\/image\/"},"sameAs":["https:\/\/www.facebook.com\/kooningstheweddingpalace","https:\/\/www.instagram.com\/kooningstheweddingpalace","https:\/\/www.pinterest.com\/koonings","https:\/\/www.youtube.com\/kooningstheweddingpalace"]}]}},"_links":{"self":[{"href":"https:\/\/www.koonings.com\/de\/wp-json\/wp\/v2\/product\/77900","targetHints":{"allow":["GET"]}}],"collection":[{"href":"https:\/\/www.koonings.com\/de\/wp-json\/wp\/v2\/product"}],"about":[{"href":"https:\/\/www.koonings.com\/de\/wp-json\/wp\/v2\/types\/product"}],"wp:featuredmedia":[{"embeddable":true,"href":"https:\/\/www.koonings.com\/de\/wp-json\/wp\/v2\/media\/41110"}],"wp:attachment":[{"href":"https:\/\/www.koonings.com\/de\/wp-json\/wp\/v2\/media?parent=77900"}],"wp:term":[{"taxonomy":"productdetails","embeddable":true,"href":"https:\/\/www.koonings.com\/de\/wp-json\/wp\/v2\/productdetails?post=77900"},{"taxonomy":"productneck","embeddable":true,"href":"https:\/\/www.koonings.com\/de\/wp-json\/wp\/v2\/productneck?post=77900"},{"taxonomy":"productcolor","embeddable":true,"href":"https:\/\/www.koonings.com\/de\/wp-json\/wp\/v2\/productcolor?post=77900"},{"taxonomy":"maat","embeddable":true,"href":"https:\/\/www.koonings.com\/de\/wp-json\/wp\/v2\/maat?post=77900"},{"taxonomy":"productsupplier","embeddable":true,"href":"https:\/\/www.koonings.com\/de\/wp-json\/wp\/v2\/productsupplier?post=77900"},{"taxonomy":"productsleeve","embeddable":true,"href":"https:\/\/www.koonings.com\/de\/wp-json\/wp\/v2\/productsleeve?post=77900"},{"taxonomy":"productcategory","embeddable":true,"href":"https:\/\/www.koonings.com\/de\/wp-json\/wp\/v2\/productcategory?post=77900"},{"taxonomy":"productsilhouette","embeddable":true,"href":"https:\/\/www.koonings.com\/de\/wp-json\/wp\/v2\/productsilhouette?post=77900"},{"taxonomy":"productstyle","embeddable":true,"href":"https:\/\/www.koonings.com\/de\/wp-json\/wp\/v2\/productstyle?post=77900"}],"curies":[{"name":"wp","href":"https:\/\/api.w.org\/{rel}","templated":true}]}}