{"id":77890,"date":"2026-04-14T16:15:00","date_gmt":"2026-04-14T14:15:00","guid":{"rendered":"https:\/\/www.koonings.com\/product\/roberto-vicentti-schon-cor43-22-810a\/"},"modified":"2026-02-23T14:43:55","modified_gmt":"2026-02-23T13:43:55","slug":"roberto-vicentti-schon-cor43-22-810a","status":"publish","type":"product","link":"https:\/\/www.koonings.com\/de\/product\/roberto-vicentti-schon-cor43-22-810a\/","title":{"rendered":"Roberto Vicentti Schon Cor43.22.810A"},"content":{"rendered":"<p>Tolle Raffinesse in der zeitgen\u00f6ssischen Hochzeitsanzug-Kollektion von Roberto Vicentti. Hochzeitsanz\u00fcge f\u00fcr den jungen, modernen Br\u00e4utigam, die aus den feinsten Stoffen hergestellt werden, verleihen diesem Hochzeitsanzug den perfekten Look w\u00e4hrend Ihrer Hochzeit. Werfen Sie hier einen Blick auf unsere Kollektion und vereinbaren Sie einen unverbindlichen Termin.  <\/p>\n","protected":false},"featured_media":81146,"template":"","meta":{"_acf_changed":false,"ghostkit_customizer_options":"","ghostkit_custom_css":"","ghostkit_custom_js_head":"","ghostkit_custom_js_foot":"","ghostkit_typography":""},"productdetails":[],"productneck":[],"productcolor":[448],"maat":[],"productsupplier":[449],"productsleeve":[],"productcategory":[227],"productsilhouette":[],"productstyle":[],"class_list":["post-77890","product","type-product","status-publish","has-post-thumbnail","hentry","productcolor-448","productsupplier-roberto-vicentti","productcategory-kostuum"],"acf":[],"yoast_head":"<!-- This site is optimized with the Yoast SEO plugin v27.3 - https:\/\/yoast.com\/product\/yoast-seo-wordpress\/ -->\n<title>Roberto Vicentti Schon Cor43.22.810A | Koonings<\/title>\n<meta name=\"description\" content=\"Tolle Raffinesse in der zeitgen\u00f6ssischen Hochzeitsanzug-Kollektion von Roberto Vicentti. Hochzeitsanz\u00fcge f\u00fcr den jungen, modernen Br\u00e4utigam, die aus den feinsten Stoffen hergestellt werden, verleihen diesem Hochzeitsanzug den perfekten Look w\u00e4hrend Ihrer Hochzeit. Werfen Sie hier einen Blick auf unsere Kollektion und vereinbaren Sie einen unverbindlichen Termin.\" \/>\n<meta name=\"robots\" content=\"index, follow, max-snippet:-1, max-image-preview:large, max-video-preview:-1\" \/>\n<link rel=\"canonical\" href=\"https:\/\/www.koonings.com\/de\/product\/roberto-vicentti-schon-cor43-22-810a\/\" \/>\n<meta property=\"og:locale\" content=\"de_DE\" \/>\n<meta property=\"og:type\" content=\"article\" \/>\n<meta property=\"og:title\" content=\"Roberto Vicentti Schon Cor43.22.810A | Koonings\" \/>\n<meta property=\"og:description\" content=\"Tolle Raffinesse in der zeitgen\u00f6ssischen Hochzeitsanzug-Kollektion von Roberto Vicentti. Hochzeitsanz\u00fcge f\u00fcr den jungen, modernen Br\u00e4utigam, die aus den feinsten Stoffen hergestellt werden, verleihen diesem Hochzeitsanzug den perfekten Look w\u00e4hrend Ihrer Hochzeit. Werfen Sie hier einen Blick auf unsere Kollektion und vereinbaren Sie einen unverbindlichen Termin.\" \/>\n<meta property=\"og:url\" content=\"https:\/\/www.koonings.com\/de\/product\/roberto-vicentti-schon-cor43-22-810a\/\" \/>\n<meta property=\"og:site_name\" content=\"Koonings\" \/>\n<meta property=\"article:publisher\" content=\"https:\/\/www.facebook.com\/kooningstheweddingpalace\" \/>\n<meta property=\"og:image\" content=\"https:\/\/www.koonings.com\/wp-content\/uploads\/2025\/02\/39570_3c8eeaca6556d4b9361b05e1a1d02abeb84f34e79a7b9eca6688e9cbb2d54018238784b0.jpeg\" \/>\n\t<meta property=\"og:image:width\" content=\"1504\" \/>\n\t<meta property=\"og:image:height\" content=\"2125\" \/>\n\t<meta property=\"og:image:type\" content=\"image\/jpeg\" \/>\n<meta name=\"twitter:card\" content=\"summary_large_image\" \/>\n<script type=\"application\/ld+json\" class=\"yoast-schema-graph\">{\"@context\":\"https:\\\/\\\/schema.org\",\"@graph\":[{\"@type\":\"WebPage\",\"@id\":\"https:\\\/\\\/www.koonings.com\\\/de\\\/product\\\/roberto-vicentti-schon-cor43-22-810a\\\/\",\"url\":\"https:\\\/\\\/www.koonings.com\\\/de\\\/product\\\/roberto-vicentti-schon-cor43-22-810a\\\/\",\"name\":\"Roberto Vicentti Schon Cor43.22.810A | Koonings\",\"isPartOf\":{\"@id\":\"https:\\\/\\\/www.koonings.com\\\/de\\\/#website\"},\"primaryImageOfPage\":{\"@id\":\"https:\\\/\\\/www.koonings.com\\\/de\\\/product\\\/roberto-vicentti-schon-cor43-22-810a\\\/#primaryimage\"},\"image\":{\"@id\":\"https:\\\/\\\/www.koonings.com\\\/de\\\/product\\\/roberto-vicentti-schon-cor43-22-810a\\\/#primaryimage\"},\"thumbnailUrl\":\"https:\\\/\\\/www.koonings.com\\\/wp-content\\\/uploads\\\/2025\\\/02\\\/39570_3c8eeaca6556d4b9361b05e1a1d02abeb84f34e79a7b9eca6688e9cbb2d54018238784b0.jpeg\",\"datePublished\":\"2026-04-14T14:15:00+00:00\",\"description\":\"Tolle Raffinesse in der zeitgen\u00f6ssischen Hochzeitsanzug-Kollektion von Roberto Vicentti. Hochzeitsanz\u00fcge f\u00fcr den jungen, modernen Br\u00e4utigam, die aus den feinsten Stoffen hergestellt werden, verleihen diesem Hochzeitsanzug den perfekten Look w\u00e4hrend Ihrer Hochzeit. Werfen Sie hier einen Blick auf unsere Kollektion und vereinbaren Sie einen unverbindlichen Termin.\",\"breadcrumb\":{\"@id\":\"https:\\\/\\\/www.koonings.com\\\/de\\\/product\\\/roberto-vicentti-schon-cor43-22-810a\\\/#breadcrumb\"},\"inLanguage\":\"de\",\"potentialAction\":[{\"@type\":\"ReadAction\",\"target\":[\"https:\\\/\\\/www.koonings.com\\\/de\\\/product\\\/roberto-vicentti-schon-cor43-22-810a\\\/\"]}]},{\"@type\":\"ImageObject\",\"inLanguage\":\"de\",\"@id\":\"https:\\\/\\\/www.koonings.com\\\/de\\\/product\\\/roberto-vicentti-schon-cor43-22-810a\\\/#primaryimage\",\"url\":\"https:\\\/\\\/www.koonings.com\\\/wp-content\\\/uploads\\\/2025\\\/02\\\/39570_3c8eeaca6556d4b9361b05e1a1d02abeb84f34e79a7b9eca6688e9cbb2d54018238784b0.jpeg\",\"contentUrl\":\"https:\\\/\\\/www.koonings.com\\\/wp-content\\\/uploads\\\/2025\\\/02\\\/39570_3c8eeaca6556d4b9361b05e1a1d02abeb84f34e79a7b9eca6688e9cbb2d54018238784b0.jpeg\",\"width\":1504,\"height\":2125},{\"@type\":\"BreadcrumbList\",\"@id\":\"https:\\\/\\\/www.koonings.com\\\/de\\\/product\\\/roberto-vicentti-schon-cor43-22-810a\\\/#breadcrumb\",\"itemListElement\":[{\"@type\":\"ListItem\",\"position\":1,\"name\":\"Home\",\"item\":\"https:\\\/\\\/www.koonings.com\\\/de\\\/\"},{\"@type\":\"ListItem\",\"position\":2,\"name\":\"Roberto Vicentti Schon Cor43.22.810A\"}]},{\"@type\":\"WebSite\",\"@id\":\"https:\\\/\\\/www.koonings.com\\\/de\\\/#website\",\"url\":\"https:\\\/\\\/www.koonings.com\\\/de\\\/\",\"name\":\"Koonings\",\"description\":\"De grootste bruidsmodewinkel ter wereld\",\"publisher\":{\"@id\":\"https:\\\/\\\/www.koonings.com\\\/de\\\/#organization\"},\"potentialAction\":[{\"@type\":\"SearchAction\",\"target\":{\"@type\":\"EntryPoint\",\"urlTemplate\":\"https:\\\/\\\/www.koonings.com\\\/de\\\/?s={search_term_string}\"},\"query-input\":{\"@type\":\"PropertyValueSpecification\",\"valueRequired\":true,\"valueName\":\"search_term_string\"}}],\"inLanguage\":\"de\"},{\"@type\":\"Organization\",\"@id\":\"https:\\\/\\\/www.koonings.com\\\/de\\\/#organization\",\"name\":\"Koonings\",\"url\":\"https:\\\/\\\/www.koonings.com\\\/de\\\/\",\"logo\":{\"@type\":\"ImageObject\",\"inLanguage\":\"de\",\"@id\":\"https:\\\/\\\/www.koonings.com\\\/de\\\/#\\\/schema\\\/logo\\\/image\\\/\",\"url\":\"https:\\\/\\\/www.koonings.com\\\/wp-content\\\/uploads\\\/2024\\\/07\\\/logo.png\",\"contentUrl\":\"https:\\\/\\\/www.koonings.com\\\/wp-content\\\/uploads\\\/2024\\\/07\\\/logo.png\",\"width\":600,\"height\":428,\"caption\":\"Koonings\"},\"image\":{\"@id\":\"https:\\\/\\\/www.koonings.com\\\/de\\\/#\\\/schema\\\/logo\\\/image\\\/\"},\"sameAs\":[\"https:\\\/\\\/www.facebook.com\\\/kooningstheweddingpalace\",\"https:\\\/\\\/www.instagram.com\\\/kooningstheweddingpalace\",\"https:\\\/\\\/www.pinterest.com\\\/koonings\",\"https:\\\/\\\/www.youtube.com\\\/kooningstheweddingpalace\"]}]}<\/script>\n<!-- \/ Yoast SEO plugin. -->","yoast_head_json":{"title":"Roberto Vicentti Schon Cor43.22.810A | Koonings","description":"Tolle Raffinesse in der zeitgen\u00f6ssischen Hochzeitsanzug-Kollektion von Roberto Vicentti. Hochzeitsanz\u00fcge f\u00fcr den jungen, modernen Br\u00e4utigam, die aus den feinsten Stoffen hergestellt werden, verleihen diesem Hochzeitsanzug den perfekten Look w\u00e4hrend Ihrer Hochzeit. Werfen Sie hier einen Blick auf unsere Kollektion und vereinbaren Sie einen unverbindlichen Termin.","robots":{"index":"index","follow":"follow","max-snippet":"max-snippet:-1","max-image-preview":"max-image-preview:large","max-video-preview":"max-video-preview:-1"},"canonical":"https:\/\/www.koonings.com\/de\/product\/roberto-vicentti-schon-cor43-22-810a\/","og_locale":"de_DE","og_type":"article","og_title":"Roberto Vicentti Schon Cor43.22.810A | Koonings","og_description":"Tolle Raffinesse in der zeitgen\u00f6ssischen Hochzeitsanzug-Kollektion von Roberto Vicentti. Hochzeitsanz\u00fcge f\u00fcr den jungen, modernen Br\u00e4utigam, die aus den feinsten Stoffen hergestellt werden, verleihen diesem Hochzeitsanzug den perfekten Look w\u00e4hrend Ihrer Hochzeit. Werfen Sie hier einen Blick auf unsere Kollektion und vereinbaren Sie einen unverbindlichen Termin.","og_url":"https:\/\/www.koonings.com\/de\/product\/roberto-vicentti-schon-cor43-22-810a\/","og_site_name":"Koonings","article_publisher":"https:\/\/www.facebook.com\/kooningstheweddingpalace","og_image":[{"width":1504,"height":2125,"url":"https:\/\/www.koonings.com\/wp-content\/uploads\/2025\/02\/39570_3c8eeaca6556d4b9361b05e1a1d02abeb84f34e79a7b9eca6688e9cbb2d54018238784b0.jpeg","type":"image\/jpeg"}],"twitter_card":"summary_large_image","schema":{"@context":"https:\/\/schema.org","@graph":[{"@type":"WebPage","@id":"https:\/\/www.koonings.com\/de\/product\/roberto-vicentti-schon-cor43-22-810a\/","url":"https:\/\/www.koonings.com\/de\/product\/roberto-vicentti-schon-cor43-22-810a\/","name":"Roberto Vicentti Schon Cor43.22.810A | Koonings","isPartOf":{"@id":"https:\/\/www.koonings.com\/de\/#website"},"primaryImageOfPage":{"@id":"https:\/\/www.koonings.com\/de\/product\/roberto-vicentti-schon-cor43-22-810a\/#primaryimage"},"image":{"@id":"https:\/\/www.koonings.com\/de\/product\/roberto-vicentti-schon-cor43-22-810a\/#primaryimage"},"thumbnailUrl":"https:\/\/www.koonings.com\/wp-content\/uploads\/2025\/02\/39570_3c8eeaca6556d4b9361b05e1a1d02abeb84f34e79a7b9eca6688e9cbb2d54018238784b0.jpeg","datePublished":"2026-04-14T14:15:00+00:00","description":"Tolle Raffinesse in der zeitgen\u00f6ssischen Hochzeitsanzug-Kollektion von Roberto Vicentti. Hochzeitsanz\u00fcge f\u00fcr den jungen, modernen Br\u00e4utigam, die aus den feinsten Stoffen hergestellt werden, verleihen diesem Hochzeitsanzug den perfekten Look w\u00e4hrend Ihrer Hochzeit. Werfen Sie hier einen Blick auf unsere Kollektion und vereinbaren Sie einen unverbindlichen Termin.","breadcrumb":{"@id":"https:\/\/www.koonings.com\/de\/product\/roberto-vicentti-schon-cor43-22-810a\/#breadcrumb"},"inLanguage":"de","potentialAction":[{"@type":"ReadAction","target":["https:\/\/www.koonings.com\/de\/product\/roberto-vicentti-schon-cor43-22-810a\/"]}]},{"@type":"ImageObject","inLanguage":"de","@id":"https:\/\/www.koonings.com\/de\/product\/roberto-vicentti-schon-cor43-22-810a\/#primaryimage","url":"https:\/\/www.koonings.com\/wp-content\/uploads\/2025\/02\/39570_3c8eeaca6556d4b9361b05e1a1d02abeb84f34e79a7b9eca6688e9cbb2d54018238784b0.jpeg","contentUrl":"https:\/\/www.koonings.com\/wp-content\/uploads\/2025\/02\/39570_3c8eeaca6556d4b9361b05e1a1d02abeb84f34e79a7b9eca6688e9cbb2d54018238784b0.jpeg","width":1504,"height":2125},{"@type":"BreadcrumbList","@id":"https:\/\/www.koonings.com\/de\/product\/roberto-vicentti-schon-cor43-22-810a\/#breadcrumb","itemListElement":[{"@type":"ListItem","position":1,"name":"Home","item":"https:\/\/www.koonings.com\/de\/"},{"@type":"ListItem","position":2,"name":"Roberto Vicentti Schon Cor43.22.810A"}]},{"@type":"WebSite","@id":"https:\/\/www.koonings.com\/de\/#website","url":"https:\/\/www.koonings.com\/de\/","name":"Koonings","description":"De grootste bruidsmodewinkel ter wereld","publisher":{"@id":"https:\/\/www.koonings.com\/de\/#organization"},"potentialAction":[{"@type":"SearchAction","target":{"@type":"EntryPoint","urlTemplate":"https:\/\/www.koonings.com\/de\/?s={search_term_string}"},"query-input":{"@type":"PropertyValueSpecification","valueRequired":true,"valueName":"search_term_string"}}],"inLanguage":"de"},{"@type":"Organization","@id":"https:\/\/www.koonings.com\/de\/#organization","name":"Koonings","url":"https:\/\/www.koonings.com\/de\/","logo":{"@type":"ImageObject","inLanguage":"de","@id":"https:\/\/www.koonings.com\/de\/#\/schema\/logo\/image\/","url":"https:\/\/www.koonings.com\/wp-content\/uploads\/2024\/07\/logo.png","contentUrl":"https:\/\/www.koonings.com\/wp-content\/uploads\/2024\/07\/logo.png","width":600,"height":428,"caption":"Koonings"},"image":{"@id":"https:\/\/www.koonings.com\/de\/#\/schema\/logo\/image\/"},"sameAs":["https:\/\/www.facebook.com\/kooningstheweddingpalace","https:\/\/www.instagram.com\/kooningstheweddingpalace","https:\/\/www.pinterest.com\/koonings","https:\/\/www.youtube.com\/kooningstheweddingpalace"]}]}},"_links":{"self":[{"href":"https:\/\/www.koonings.com\/de\/wp-json\/wp\/v2\/product\/77890","targetHints":{"allow":["GET"]}}],"collection":[{"href":"https:\/\/www.koonings.com\/de\/wp-json\/wp\/v2\/product"}],"about":[{"href":"https:\/\/www.koonings.com\/de\/wp-json\/wp\/v2\/types\/product"}],"wp:featuredmedia":[{"embeddable":true,"href":"https:\/\/www.koonings.com\/de\/wp-json\/wp\/v2\/media\/81146"}],"wp:attachment":[{"href":"https:\/\/www.koonings.com\/de\/wp-json\/wp\/v2\/media?parent=77890"}],"wp:term":[{"taxonomy":"productdetails","embeddable":true,"href":"https:\/\/www.koonings.com\/de\/wp-json\/wp\/v2\/productdetails?post=77890"},{"taxonomy":"productneck","embeddable":true,"href":"https:\/\/www.koonings.com\/de\/wp-json\/wp\/v2\/productneck?post=77890"},{"taxonomy":"productcolor","embeddable":true,"href":"https:\/\/www.koonings.com\/de\/wp-json\/wp\/v2\/productcolor?post=77890"},{"taxonomy":"maat","embeddable":true,"href":"https:\/\/www.koonings.com\/de\/wp-json\/wp\/v2\/maat?post=77890"},{"taxonomy":"productsupplier","embeddable":true,"href":"https:\/\/www.koonings.com\/de\/wp-json\/wp\/v2\/productsupplier?post=77890"},{"taxonomy":"productsleeve","embeddable":true,"href":"https:\/\/www.koonings.com\/de\/wp-json\/wp\/v2\/productsleeve?post=77890"},{"taxonomy":"productcategory","embeddable":true,"href":"https:\/\/www.koonings.com\/de\/wp-json\/wp\/v2\/productcategory?post=77890"},{"taxonomy":"productsilhouette","embeddable":true,"href":"https:\/\/www.koonings.com\/de\/wp-json\/wp\/v2\/productsilhouette?post=77890"},{"taxonomy":"productstyle","embeddable":true,"href":"https:\/\/www.koonings.com\/de\/wp-json\/wp\/v2\/productstyle?post=77890"}],"curies":[{"name":"wp","href":"https:\/\/api.w.org\/{rel}","templated":true}]}}