{"id":77876,"date":"2025-12-15T00:24:49","date_gmt":"2025-12-14T23:24:49","guid":{"rendered":"https:\/\/www.koonings.com\/product\/fashion-queen-lohrengel-fevronia-am118\/"},"modified":"2026-02-02T14:25:08","modified_gmt":"2026-02-02T13:25:08","slug":"fashion-queen-lohrengel-fevronia-am118","status":"publish","type":"product","link":"https:\/\/www.koonings.com\/de\/product\/fashion-queen-lohrengel-fevronia-am118\/","title":{"rendered":"Modek\u00f6nigin Lohrengel Fevronia AM118"},"content":{"rendered":"<p>Dieses anschmiegsame Kleid von Fashion Queen ist perfekt f\u00fcr eine Hochzeit am Strand oder im Garten. Mit seinem Rock und den Spitzenbes\u00e4tzen wirkt das Kleid sehr verspielt. Die Kleider von Fashion Queen sind jetzt bei Koonings erh\u00e4ltlich.  <\/p>\n","protected":false},"featured_media":73222,"template":"","meta":{"_acf_changed":false,"ghostkit_customizer_options":"","ghostkit_custom_css":"","ghostkit_custom_js_head":"","ghostkit_custom_js_foot":"","ghostkit_typography":""},"productdetails":[],"productneck":[356],"productcolor":[392],"maat":[],"productsupplier":[480],"productsleeve":[359],"productcategory":[18],"productsilhouette":[389],"productstyle":[366],"class_list":["post-77876","product","type-product","status-publish","has-post-thumbnail","hentry","productneck-356","productcolor-392","productsupplier-fashion-queen","productsleeve-359","productcategory-trouwjurken","productsilhouette-389","productstyle-366"],"acf":[],"yoast_head":"<!-- This site is optimized with the Yoast SEO plugin v27.3 - https:\/\/yoast.com\/product\/yoast-seo-wordpress\/ -->\n<title>Modek\u00f6nigin Lohrengel Fevronia AM118 | Koonings<\/title>\n<meta name=\"description\" content=\"Dieses anschmiegsame Kleid von Fashion Queen ist perfekt f\u00fcr eine Hochzeit am Strand oder im Garten. Mit seinem Rock und den Spitzenbes\u00e4tzen wirkt das Kleid sehr verspielt. Die Kleider von Fashion Queen sind jetzt bei Koonings erh\u00e4ltlich.\" \/>\n<meta name=\"robots\" content=\"index, follow, max-snippet:-1, max-image-preview:large, max-video-preview:-1\" \/>\n<link rel=\"canonical\" href=\"https:\/\/www.koonings.com\/de\/product\/fashion-queen-lohrengel-fevronia-am118\/\" \/>\n<meta property=\"og:locale\" content=\"de_DE\" \/>\n<meta property=\"og:type\" content=\"article\" \/>\n<meta property=\"og:title\" content=\"Modek\u00f6nigin Lohrengel Fevronia AM118 | Koonings\" \/>\n<meta property=\"og:description\" content=\"Dieses anschmiegsame Kleid von Fashion Queen ist perfekt f\u00fcr eine Hochzeit am Strand oder im Garten. Mit seinem Rock und den Spitzenbes\u00e4tzen wirkt das Kleid sehr verspielt. Die Kleider von Fashion Queen sind jetzt bei Koonings erh\u00e4ltlich.\" \/>\n<meta property=\"og:url\" content=\"https:\/\/www.koonings.com\/de\/product\/fashion-queen-lohrengel-fevronia-am118\/\" \/>\n<meta property=\"og:site_name\" content=\"Koonings\" \/>\n<meta property=\"article:publisher\" content=\"https:\/\/www.facebook.com\/kooningstheweddingpalace\" \/>\n<meta property=\"article:modified_time\" content=\"2026-02-02T13:25:08+00:00\" \/>\n<meta property=\"og:image\" content=\"https:\/\/www.koonings.com\/wp-content\/uploads\/2024\/11\/39582_ba8b1bc7088968081fb048594763be9c824267e80d56f5d579308576aae75871ed56cbe2.jpeg\" \/>\n\t<meta property=\"og:image:width\" content=\"1051\" \/>\n\t<meta property=\"og:image:height\" content=\"1485\" \/>\n\t<meta property=\"og:image:type\" content=\"image\/jpeg\" \/>\n<meta name=\"twitter:card\" content=\"summary_large_image\" \/>\n<script type=\"application\/ld+json\" class=\"yoast-schema-graph\">{\"@context\":\"https:\\\/\\\/schema.org\",\"@graph\":[{\"@type\":\"WebPage\",\"@id\":\"https:\\\/\\\/www.koonings.com\\\/de\\\/product\\\/fashion-queen-lohrengel-fevronia-am118\\\/\",\"url\":\"https:\\\/\\\/www.koonings.com\\\/de\\\/product\\\/fashion-queen-lohrengel-fevronia-am118\\\/\",\"name\":\"Modek\u00f6nigin Lohrengel Fevronia AM118 | Koonings\",\"isPartOf\":{\"@id\":\"https:\\\/\\\/www.koonings.com\\\/de\\\/#website\"},\"primaryImageOfPage\":{\"@id\":\"https:\\\/\\\/www.koonings.com\\\/de\\\/product\\\/fashion-queen-lohrengel-fevronia-am118\\\/#primaryimage\"},\"image\":{\"@id\":\"https:\\\/\\\/www.koonings.com\\\/de\\\/product\\\/fashion-queen-lohrengel-fevronia-am118\\\/#primaryimage\"},\"thumbnailUrl\":\"https:\\\/\\\/www.koonings.com\\\/wp-content\\\/uploads\\\/2024\\\/11\\\/39582_ba8b1bc7088968081fb048594763be9c824267e80d56f5d579308576aae75871ed56cbe2.jpeg\",\"datePublished\":\"2025-12-14T23:24:49+00:00\",\"dateModified\":\"2026-02-02T13:25:08+00:00\",\"description\":\"Dieses anschmiegsame Kleid von Fashion Queen ist perfekt f\u00fcr eine Hochzeit am Strand oder im Garten. Mit seinem Rock und den Spitzenbes\u00e4tzen wirkt das Kleid sehr verspielt. Die Kleider von Fashion Queen sind jetzt bei Koonings erh\u00e4ltlich.\",\"breadcrumb\":{\"@id\":\"https:\\\/\\\/www.koonings.com\\\/de\\\/product\\\/fashion-queen-lohrengel-fevronia-am118\\\/#breadcrumb\"},\"inLanguage\":\"de\",\"potentialAction\":[{\"@type\":\"ReadAction\",\"target\":[\"https:\\\/\\\/www.koonings.com\\\/de\\\/product\\\/fashion-queen-lohrengel-fevronia-am118\\\/\"]}]},{\"@type\":\"ImageObject\",\"inLanguage\":\"de\",\"@id\":\"https:\\\/\\\/www.koonings.com\\\/de\\\/product\\\/fashion-queen-lohrengel-fevronia-am118\\\/#primaryimage\",\"url\":\"https:\\\/\\\/www.koonings.com\\\/wp-content\\\/uploads\\\/2024\\\/11\\\/39582_ba8b1bc7088968081fb048594763be9c824267e80d56f5d579308576aae75871ed56cbe2.jpeg\",\"contentUrl\":\"https:\\\/\\\/www.koonings.com\\\/wp-content\\\/uploads\\\/2024\\\/11\\\/39582_ba8b1bc7088968081fb048594763be9c824267e80d56f5d579308576aae75871ed56cbe2.jpeg\",\"width\":1051,\"height\":1485},{\"@type\":\"BreadcrumbList\",\"@id\":\"https:\\\/\\\/www.koonings.com\\\/de\\\/product\\\/fashion-queen-lohrengel-fevronia-am118\\\/#breadcrumb\",\"itemListElement\":[{\"@type\":\"ListItem\",\"position\":1,\"name\":\"Home\",\"item\":\"https:\\\/\\\/www.koonings.com\\\/de\\\/\"},{\"@type\":\"ListItem\",\"position\":2,\"name\":\"Modek\u00f6nigin Lohrengel Fevronia AM118\"}]},{\"@type\":\"WebSite\",\"@id\":\"https:\\\/\\\/www.koonings.com\\\/de\\\/#website\",\"url\":\"https:\\\/\\\/www.koonings.com\\\/de\\\/\",\"name\":\"Koonings\",\"description\":\"De grootste bruidsmodewinkel ter wereld\",\"publisher\":{\"@id\":\"https:\\\/\\\/www.koonings.com\\\/de\\\/#organization\"},\"potentialAction\":[{\"@type\":\"SearchAction\",\"target\":{\"@type\":\"EntryPoint\",\"urlTemplate\":\"https:\\\/\\\/www.koonings.com\\\/de\\\/?s={search_term_string}\"},\"query-input\":{\"@type\":\"PropertyValueSpecification\",\"valueRequired\":true,\"valueName\":\"search_term_string\"}}],\"inLanguage\":\"de\"},{\"@type\":\"Organization\",\"@id\":\"https:\\\/\\\/www.koonings.com\\\/de\\\/#organization\",\"name\":\"Koonings\",\"url\":\"https:\\\/\\\/www.koonings.com\\\/de\\\/\",\"logo\":{\"@type\":\"ImageObject\",\"inLanguage\":\"de\",\"@id\":\"https:\\\/\\\/www.koonings.com\\\/de\\\/#\\\/schema\\\/logo\\\/image\\\/\",\"url\":\"https:\\\/\\\/www.koonings.com\\\/wp-content\\\/uploads\\\/2024\\\/07\\\/logo.png\",\"contentUrl\":\"https:\\\/\\\/www.koonings.com\\\/wp-content\\\/uploads\\\/2024\\\/07\\\/logo.png\",\"width\":600,\"height\":428,\"caption\":\"Koonings\"},\"image\":{\"@id\":\"https:\\\/\\\/www.koonings.com\\\/de\\\/#\\\/schema\\\/logo\\\/image\\\/\"},\"sameAs\":[\"https:\\\/\\\/www.facebook.com\\\/kooningstheweddingpalace\",\"https:\\\/\\\/www.instagram.com\\\/kooningstheweddingpalace\",\"https:\\\/\\\/www.pinterest.com\\\/koonings\",\"https:\\\/\\\/www.youtube.com\\\/kooningstheweddingpalace\"]}]}<\/script>\n<!-- \/ Yoast SEO plugin. -->","yoast_head_json":{"title":"Modek\u00f6nigin Lohrengel Fevronia AM118 | Koonings","description":"Dieses anschmiegsame Kleid von Fashion Queen ist perfekt f\u00fcr eine Hochzeit am Strand oder im Garten. Mit seinem Rock und den Spitzenbes\u00e4tzen wirkt das Kleid sehr verspielt. Die Kleider von Fashion Queen sind jetzt bei Koonings erh\u00e4ltlich.","robots":{"index":"index","follow":"follow","max-snippet":"max-snippet:-1","max-image-preview":"max-image-preview:large","max-video-preview":"max-video-preview:-1"},"canonical":"https:\/\/www.koonings.com\/de\/product\/fashion-queen-lohrengel-fevronia-am118\/","og_locale":"de_DE","og_type":"article","og_title":"Modek\u00f6nigin Lohrengel Fevronia AM118 | Koonings","og_description":"Dieses anschmiegsame Kleid von Fashion Queen ist perfekt f\u00fcr eine Hochzeit am Strand oder im Garten. Mit seinem Rock und den Spitzenbes\u00e4tzen wirkt das Kleid sehr verspielt. Die Kleider von Fashion Queen sind jetzt bei Koonings erh\u00e4ltlich.","og_url":"https:\/\/www.koonings.com\/de\/product\/fashion-queen-lohrengel-fevronia-am118\/","og_site_name":"Koonings","article_publisher":"https:\/\/www.facebook.com\/kooningstheweddingpalace","article_modified_time":"2026-02-02T13:25:08+00:00","og_image":[{"width":1051,"height":1485,"url":"https:\/\/www.koonings.com\/wp-content\/uploads\/2024\/11\/39582_ba8b1bc7088968081fb048594763be9c824267e80d56f5d579308576aae75871ed56cbe2.jpeg","type":"image\/jpeg"}],"twitter_card":"summary_large_image","schema":{"@context":"https:\/\/schema.org","@graph":[{"@type":"WebPage","@id":"https:\/\/www.koonings.com\/de\/product\/fashion-queen-lohrengel-fevronia-am118\/","url":"https:\/\/www.koonings.com\/de\/product\/fashion-queen-lohrengel-fevronia-am118\/","name":"Modek\u00f6nigin Lohrengel Fevronia AM118 | Koonings","isPartOf":{"@id":"https:\/\/www.koonings.com\/de\/#website"},"primaryImageOfPage":{"@id":"https:\/\/www.koonings.com\/de\/product\/fashion-queen-lohrengel-fevronia-am118\/#primaryimage"},"image":{"@id":"https:\/\/www.koonings.com\/de\/product\/fashion-queen-lohrengel-fevronia-am118\/#primaryimage"},"thumbnailUrl":"https:\/\/www.koonings.com\/wp-content\/uploads\/2024\/11\/39582_ba8b1bc7088968081fb048594763be9c824267e80d56f5d579308576aae75871ed56cbe2.jpeg","datePublished":"2025-12-14T23:24:49+00:00","dateModified":"2026-02-02T13:25:08+00:00","description":"Dieses anschmiegsame Kleid von Fashion Queen ist perfekt f\u00fcr eine Hochzeit am Strand oder im Garten. Mit seinem Rock und den Spitzenbes\u00e4tzen wirkt das Kleid sehr verspielt. Die Kleider von Fashion Queen sind jetzt bei Koonings erh\u00e4ltlich.","breadcrumb":{"@id":"https:\/\/www.koonings.com\/de\/product\/fashion-queen-lohrengel-fevronia-am118\/#breadcrumb"},"inLanguage":"de","potentialAction":[{"@type":"ReadAction","target":["https:\/\/www.koonings.com\/de\/product\/fashion-queen-lohrengel-fevronia-am118\/"]}]},{"@type":"ImageObject","inLanguage":"de","@id":"https:\/\/www.koonings.com\/de\/product\/fashion-queen-lohrengel-fevronia-am118\/#primaryimage","url":"https:\/\/www.koonings.com\/wp-content\/uploads\/2024\/11\/39582_ba8b1bc7088968081fb048594763be9c824267e80d56f5d579308576aae75871ed56cbe2.jpeg","contentUrl":"https:\/\/www.koonings.com\/wp-content\/uploads\/2024\/11\/39582_ba8b1bc7088968081fb048594763be9c824267e80d56f5d579308576aae75871ed56cbe2.jpeg","width":1051,"height":1485},{"@type":"BreadcrumbList","@id":"https:\/\/www.koonings.com\/de\/product\/fashion-queen-lohrengel-fevronia-am118\/#breadcrumb","itemListElement":[{"@type":"ListItem","position":1,"name":"Home","item":"https:\/\/www.koonings.com\/de\/"},{"@type":"ListItem","position":2,"name":"Modek\u00f6nigin Lohrengel Fevronia AM118"}]},{"@type":"WebSite","@id":"https:\/\/www.koonings.com\/de\/#website","url":"https:\/\/www.koonings.com\/de\/","name":"Koonings","description":"De grootste bruidsmodewinkel ter wereld","publisher":{"@id":"https:\/\/www.koonings.com\/de\/#organization"},"potentialAction":[{"@type":"SearchAction","target":{"@type":"EntryPoint","urlTemplate":"https:\/\/www.koonings.com\/de\/?s={search_term_string}"},"query-input":{"@type":"PropertyValueSpecification","valueRequired":true,"valueName":"search_term_string"}}],"inLanguage":"de"},{"@type":"Organization","@id":"https:\/\/www.koonings.com\/de\/#organization","name":"Koonings","url":"https:\/\/www.koonings.com\/de\/","logo":{"@type":"ImageObject","inLanguage":"de","@id":"https:\/\/www.koonings.com\/de\/#\/schema\/logo\/image\/","url":"https:\/\/www.koonings.com\/wp-content\/uploads\/2024\/07\/logo.png","contentUrl":"https:\/\/www.koonings.com\/wp-content\/uploads\/2024\/07\/logo.png","width":600,"height":428,"caption":"Koonings"},"image":{"@id":"https:\/\/www.koonings.com\/de\/#\/schema\/logo\/image\/"},"sameAs":["https:\/\/www.facebook.com\/kooningstheweddingpalace","https:\/\/www.instagram.com\/kooningstheweddingpalace","https:\/\/www.pinterest.com\/koonings","https:\/\/www.youtube.com\/kooningstheweddingpalace"]}]}},"_links":{"self":[{"href":"https:\/\/www.koonings.com\/de\/wp-json\/wp\/v2\/product\/77876","targetHints":{"allow":["GET"]}}],"collection":[{"href":"https:\/\/www.koonings.com\/de\/wp-json\/wp\/v2\/product"}],"about":[{"href":"https:\/\/www.koonings.com\/de\/wp-json\/wp\/v2\/types\/product"}],"wp:featuredmedia":[{"embeddable":true,"href":"https:\/\/www.koonings.com\/de\/wp-json\/wp\/v2\/media\/73222"}],"wp:attachment":[{"href":"https:\/\/www.koonings.com\/de\/wp-json\/wp\/v2\/media?parent=77876"}],"wp:term":[{"taxonomy":"productdetails","embeddable":true,"href":"https:\/\/www.koonings.com\/de\/wp-json\/wp\/v2\/productdetails?post=77876"},{"taxonomy":"productneck","embeddable":true,"href":"https:\/\/www.koonings.com\/de\/wp-json\/wp\/v2\/productneck?post=77876"},{"taxonomy":"productcolor","embeddable":true,"href":"https:\/\/www.koonings.com\/de\/wp-json\/wp\/v2\/productcolor?post=77876"},{"taxonomy":"maat","embeddable":true,"href":"https:\/\/www.koonings.com\/de\/wp-json\/wp\/v2\/maat?post=77876"},{"taxonomy":"productsupplier","embeddable":true,"href":"https:\/\/www.koonings.com\/de\/wp-json\/wp\/v2\/productsupplier?post=77876"},{"taxonomy":"productsleeve","embeddable":true,"href":"https:\/\/www.koonings.com\/de\/wp-json\/wp\/v2\/productsleeve?post=77876"},{"taxonomy":"productcategory","embeddable":true,"href":"https:\/\/www.koonings.com\/de\/wp-json\/wp\/v2\/productcategory?post=77876"},{"taxonomy":"productsilhouette","embeddable":true,"href":"https:\/\/www.koonings.com\/de\/wp-json\/wp\/v2\/productsilhouette?post=77876"},{"taxonomy":"productstyle","embeddable":true,"href":"https:\/\/www.koonings.com\/de\/wp-json\/wp\/v2\/productstyle?post=77876"}],"curies":[{"name":"wp","href":"https:\/\/api.w.org\/{rel}","templated":true}]}}