{"id":77871,"date":"2026-04-28T18:14:23","date_gmt":"2026-04-28T16:14:23","guid":{"rendered":"https:\/\/www.koonings.com\/product\/jesus-peiro-2422a\/"},"modified":"2026-02-23T14:43:34","modified_gmt":"2026-02-23T13:43:34","slug":"jesus-peiro-2422a","status":"publish","type":"product","link":"https:\/\/www.koonings.com\/de\/product\/jesus-peiro-2422a\/","title":{"rendered":"Jesus Peiro 2422A"},"content":{"rendered":"<p>Dieses sch\u00f6ne Hochzeitskleid ist zweiteilig: ein Midikleid aus Cr\u00eape mit Neckholder-Ausschnitt und Polokragen. Au\u00dferdem hat dieses Kleid einen volumin\u00f6sen Rock aus Satin mit Falten. Ein Jesus Peiro Hochzeitskleid erkennt man an seiner Schlichtheit und Eleganz und in der neuesten Kollektion scheint dies wieder einmal die perfekte Grundlage f\u00fcr eine Vielzahl einzigartiger Juwelen von Hochzeitskleidern gewesen zu sein! <\/p>\n","protected":false},"featured_media":41619,"template":"","meta":{"_acf_changed":false,"ghostkit_customizer_options":"","ghostkit_custom_css":"","ghostkit_custom_js_head":"","ghostkit_custom_js_foot":"","ghostkit_typography":""},"productdetails":[],"productneck":[350],"productcolor":[392],"maat":[],"productsupplier":[408],"productsleeve":[360],"productcategory":[18],"productsilhouette":[384],"productstyle":[],"class_list":["post-77871","product","type-product","status-publish","has-post-thumbnail","hentry","productneck-350","productcolor-392","productsupplier-jesus-peiro","productsleeve-360","productcategory-trouwjurken","productsilhouette-384"],"acf":[],"yoast_head":"<!-- This site is optimized with the Yoast SEO plugin v27.3 - https:\/\/yoast.com\/product\/yoast-seo-wordpress\/ -->\n<title>Jesus Peiro 2422A | Koonings<\/title>\n<meta name=\"description\" content=\"Dieses sch\u00f6ne Hochzeitskleid ist zweiteilig: ein Midikleid aus Cr\u00eape mit Neckholder-Ausschnitt und Polokragen. Au\u00dferdem hat dieses Kleid einen volumin\u00f6sen Rock aus Satin mit Falten. Ein Jesus Peiro Hochzeitskleid erkennt man an seiner Schlichtheit und Eleganz und in der neuesten Kollektion scheint dies wieder einmal die perfekte Grundlage f\u00fcr eine Vielzahl einzigartiger Juwelen von Hochzeitskleidern gewesen zu sein!\" \/>\n<meta name=\"robots\" content=\"index, follow, max-snippet:-1, max-image-preview:large, max-video-preview:-1\" \/>\n<link rel=\"canonical\" href=\"https:\/\/www.koonings.com\/de\/product\/jesus-peiro-2422a\/\" \/>\n<meta property=\"og:locale\" content=\"de_DE\" \/>\n<meta property=\"og:type\" content=\"article\" \/>\n<meta property=\"og:title\" content=\"Jesus Peiro 2422A | Koonings\" \/>\n<meta property=\"og:description\" content=\"Dieses sch\u00f6ne Hochzeitskleid ist zweiteilig: ein Midikleid aus Cr\u00eape mit Neckholder-Ausschnitt und Polokragen. Au\u00dferdem hat dieses Kleid einen volumin\u00f6sen Rock aus Satin mit Falten. Ein Jesus Peiro Hochzeitskleid erkennt man an seiner Schlichtheit und Eleganz und in der neuesten Kollektion scheint dies wieder einmal die perfekte Grundlage f\u00fcr eine Vielzahl einzigartiger Juwelen von Hochzeitskleidern gewesen zu sein!\" \/>\n<meta property=\"og:url\" content=\"https:\/\/www.koonings.com\/de\/product\/jesus-peiro-2422a\/\" \/>\n<meta property=\"og:site_name\" content=\"Koonings\" \/>\n<meta property=\"article:publisher\" content=\"https:\/\/www.facebook.com\/kooningstheweddingpalace\" \/>\n<meta property=\"og:image\" content=\"https:\/\/www.koonings.com\/wp-content\/uploads\/2024\/11\/39579_3cb18f2e226d8f42f262fa085a170ac2316ae5f8bb9086b79478e09096b31b8d603ae9b3-scaled.jpeg\" \/>\n\t<meta property=\"og:image:width\" content=\"1808\" \/>\n\t<meta property=\"og:image:height\" content=\"2560\" \/>\n\t<meta property=\"og:image:type\" content=\"image\/jpeg\" \/>\n<meta name=\"twitter:card\" content=\"summary_large_image\" \/>\n<script type=\"application\/ld+json\" class=\"yoast-schema-graph\">{\"@context\":\"https:\\\/\\\/schema.org\",\"@graph\":[{\"@type\":\"WebPage\",\"@id\":\"https:\\\/\\\/www.koonings.com\\\/de\\\/product\\\/jesus-peiro-2422a\\\/\",\"url\":\"https:\\\/\\\/www.koonings.com\\\/de\\\/product\\\/jesus-peiro-2422a\\\/\",\"name\":\"Jesus Peiro 2422A | Koonings\",\"isPartOf\":{\"@id\":\"https:\\\/\\\/www.koonings.com\\\/de\\\/#website\"},\"primaryImageOfPage\":{\"@id\":\"https:\\\/\\\/www.koonings.com\\\/de\\\/product\\\/jesus-peiro-2422a\\\/#primaryimage\"},\"image\":{\"@id\":\"https:\\\/\\\/www.koonings.com\\\/de\\\/product\\\/jesus-peiro-2422a\\\/#primaryimage\"},\"thumbnailUrl\":\"https:\\\/\\\/www.koonings.com\\\/wp-content\\\/uploads\\\/2024\\\/11\\\/39579_3cb18f2e226d8f42f262fa085a170ac2316ae5f8bb9086b79478e09096b31b8d603ae9b3-scaled.jpeg\",\"datePublished\":\"2026-04-28T16:14:23+00:00\",\"description\":\"Dieses sch\u00f6ne Hochzeitskleid ist zweiteilig: ein Midikleid aus Cr\u00eape mit Neckholder-Ausschnitt und Polokragen. Au\u00dferdem hat dieses Kleid einen volumin\u00f6sen Rock aus Satin mit Falten. Ein Jesus Peiro Hochzeitskleid erkennt man an seiner Schlichtheit und Eleganz und in der neuesten Kollektion scheint dies wieder einmal die perfekte Grundlage f\u00fcr eine Vielzahl einzigartiger Juwelen von Hochzeitskleidern gewesen zu sein!\",\"breadcrumb\":{\"@id\":\"https:\\\/\\\/www.koonings.com\\\/de\\\/product\\\/jesus-peiro-2422a\\\/#breadcrumb\"},\"inLanguage\":\"de\",\"potentialAction\":[{\"@type\":\"ReadAction\",\"target\":[\"https:\\\/\\\/www.koonings.com\\\/de\\\/product\\\/jesus-peiro-2422a\\\/\"]}]},{\"@type\":\"ImageObject\",\"inLanguage\":\"de\",\"@id\":\"https:\\\/\\\/www.koonings.com\\\/de\\\/product\\\/jesus-peiro-2422a\\\/#primaryimage\",\"url\":\"https:\\\/\\\/www.koonings.com\\\/wp-content\\\/uploads\\\/2024\\\/11\\\/39579_3cb18f2e226d8f42f262fa085a170ac2316ae5f8bb9086b79478e09096b31b8d603ae9b3-scaled.jpeg\",\"contentUrl\":\"https:\\\/\\\/www.koonings.com\\\/wp-content\\\/uploads\\\/2024\\\/11\\\/39579_3cb18f2e226d8f42f262fa085a170ac2316ae5f8bb9086b79478e09096b31b8d603ae9b3-scaled.jpeg\",\"width\":1808,\"height\":2560},{\"@type\":\"BreadcrumbList\",\"@id\":\"https:\\\/\\\/www.koonings.com\\\/de\\\/product\\\/jesus-peiro-2422a\\\/#breadcrumb\",\"itemListElement\":[{\"@type\":\"ListItem\",\"position\":1,\"name\":\"Home\",\"item\":\"https:\\\/\\\/www.koonings.com\\\/de\\\/\"},{\"@type\":\"ListItem\",\"position\":2,\"name\":\"Jesus Peiro 2422A\"}]},{\"@type\":\"WebSite\",\"@id\":\"https:\\\/\\\/www.koonings.com\\\/de\\\/#website\",\"url\":\"https:\\\/\\\/www.koonings.com\\\/de\\\/\",\"name\":\"Koonings\",\"description\":\"De grootste bruidsmodewinkel ter wereld\",\"publisher\":{\"@id\":\"https:\\\/\\\/www.koonings.com\\\/de\\\/#organization\"},\"potentialAction\":[{\"@type\":\"SearchAction\",\"target\":{\"@type\":\"EntryPoint\",\"urlTemplate\":\"https:\\\/\\\/www.koonings.com\\\/de\\\/?s={search_term_string}\"},\"query-input\":{\"@type\":\"PropertyValueSpecification\",\"valueRequired\":true,\"valueName\":\"search_term_string\"}}],\"inLanguage\":\"de\"},{\"@type\":\"Organization\",\"@id\":\"https:\\\/\\\/www.koonings.com\\\/de\\\/#organization\",\"name\":\"Koonings\",\"url\":\"https:\\\/\\\/www.koonings.com\\\/de\\\/\",\"logo\":{\"@type\":\"ImageObject\",\"inLanguage\":\"de\",\"@id\":\"https:\\\/\\\/www.koonings.com\\\/de\\\/#\\\/schema\\\/logo\\\/image\\\/\",\"url\":\"https:\\\/\\\/www.koonings.com\\\/wp-content\\\/uploads\\\/2024\\\/07\\\/logo.png\",\"contentUrl\":\"https:\\\/\\\/www.koonings.com\\\/wp-content\\\/uploads\\\/2024\\\/07\\\/logo.png\",\"width\":600,\"height\":428,\"caption\":\"Koonings\"},\"image\":{\"@id\":\"https:\\\/\\\/www.koonings.com\\\/de\\\/#\\\/schema\\\/logo\\\/image\\\/\"},\"sameAs\":[\"https:\\\/\\\/www.facebook.com\\\/kooningstheweddingpalace\",\"https:\\\/\\\/www.instagram.com\\\/kooningstheweddingpalace\",\"https:\\\/\\\/www.pinterest.com\\\/koonings\",\"https:\\\/\\\/www.youtube.com\\\/kooningstheweddingpalace\"]}]}<\/script>\n<!-- \/ Yoast SEO plugin. -->","yoast_head_json":{"title":"Jesus Peiro 2422A | Koonings","description":"Dieses sch\u00f6ne Hochzeitskleid ist zweiteilig: ein Midikleid aus Cr\u00eape mit Neckholder-Ausschnitt und Polokragen. Au\u00dferdem hat dieses Kleid einen volumin\u00f6sen Rock aus Satin mit Falten. Ein Jesus Peiro Hochzeitskleid erkennt man an seiner Schlichtheit und Eleganz und in der neuesten Kollektion scheint dies wieder einmal die perfekte Grundlage f\u00fcr eine Vielzahl einzigartiger Juwelen von Hochzeitskleidern gewesen zu sein!","robots":{"index":"index","follow":"follow","max-snippet":"max-snippet:-1","max-image-preview":"max-image-preview:large","max-video-preview":"max-video-preview:-1"},"canonical":"https:\/\/www.koonings.com\/de\/product\/jesus-peiro-2422a\/","og_locale":"de_DE","og_type":"article","og_title":"Jesus Peiro 2422A | Koonings","og_description":"Dieses sch\u00f6ne Hochzeitskleid ist zweiteilig: ein Midikleid aus Cr\u00eape mit Neckholder-Ausschnitt und Polokragen. Au\u00dferdem hat dieses Kleid einen volumin\u00f6sen Rock aus Satin mit Falten. Ein Jesus Peiro Hochzeitskleid erkennt man an seiner Schlichtheit und Eleganz und in der neuesten Kollektion scheint dies wieder einmal die perfekte Grundlage f\u00fcr eine Vielzahl einzigartiger Juwelen von Hochzeitskleidern gewesen zu sein!","og_url":"https:\/\/www.koonings.com\/de\/product\/jesus-peiro-2422a\/","og_site_name":"Koonings","article_publisher":"https:\/\/www.facebook.com\/kooningstheweddingpalace","og_image":[{"width":1808,"height":2560,"url":"https:\/\/www.koonings.com\/wp-content\/uploads\/2024\/11\/39579_3cb18f2e226d8f42f262fa085a170ac2316ae5f8bb9086b79478e09096b31b8d603ae9b3-scaled.jpeg","type":"image\/jpeg"}],"twitter_card":"summary_large_image","schema":{"@context":"https:\/\/schema.org","@graph":[{"@type":"WebPage","@id":"https:\/\/www.koonings.com\/de\/product\/jesus-peiro-2422a\/","url":"https:\/\/www.koonings.com\/de\/product\/jesus-peiro-2422a\/","name":"Jesus Peiro 2422A | Koonings","isPartOf":{"@id":"https:\/\/www.koonings.com\/de\/#website"},"primaryImageOfPage":{"@id":"https:\/\/www.koonings.com\/de\/product\/jesus-peiro-2422a\/#primaryimage"},"image":{"@id":"https:\/\/www.koonings.com\/de\/product\/jesus-peiro-2422a\/#primaryimage"},"thumbnailUrl":"https:\/\/www.koonings.com\/wp-content\/uploads\/2024\/11\/39579_3cb18f2e226d8f42f262fa085a170ac2316ae5f8bb9086b79478e09096b31b8d603ae9b3-scaled.jpeg","datePublished":"2026-04-28T16:14:23+00:00","description":"Dieses sch\u00f6ne Hochzeitskleid ist zweiteilig: ein Midikleid aus Cr\u00eape mit Neckholder-Ausschnitt und Polokragen. Au\u00dferdem hat dieses Kleid einen volumin\u00f6sen Rock aus Satin mit Falten. Ein Jesus Peiro Hochzeitskleid erkennt man an seiner Schlichtheit und Eleganz und in der neuesten Kollektion scheint dies wieder einmal die perfekte Grundlage f\u00fcr eine Vielzahl einzigartiger Juwelen von Hochzeitskleidern gewesen zu sein!","breadcrumb":{"@id":"https:\/\/www.koonings.com\/de\/product\/jesus-peiro-2422a\/#breadcrumb"},"inLanguage":"de","potentialAction":[{"@type":"ReadAction","target":["https:\/\/www.koonings.com\/de\/product\/jesus-peiro-2422a\/"]}]},{"@type":"ImageObject","inLanguage":"de","@id":"https:\/\/www.koonings.com\/de\/product\/jesus-peiro-2422a\/#primaryimage","url":"https:\/\/www.koonings.com\/wp-content\/uploads\/2024\/11\/39579_3cb18f2e226d8f42f262fa085a170ac2316ae5f8bb9086b79478e09096b31b8d603ae9b3-scaled.jpeg","contentUrl":"https:\/\/www.koonings.com\/wp-content\/uploads\/2024\/11\/39579_3cb18f2e226d8f42f262fa085a170ac2316ae5f8bb9086b79478e09096b31b8d603ae9b3-scaled.jpeg","width":1808,"height":2560},{"@type":"BreadcrumbList","@id":"https:\/\/www.koonings.com\/de\/product\/jesus-peiro-2422a\/#breadcrumb","itemListElement":[{"@type":"ListItem","position":1,"name":"Home","item":"https:\/\/www.koonings.com\/de\/"},{"@type":"ListItem","position":2,"name":"Jesus Peiro 2422A"}]},{"@type":"WebSite","@id":"https:\/\/www.koonings.com\/de\/#website","url":"https:\/\/www.koonings.com\/de\/","name":"Koonings","description":"De grootste bruidsmodewinkel ter wereld","publisher":{"@id":"https:\/\/www.koonings.com\/de\/#organization"},"potentialAction":[{"@type":"SearchAction","target":{"@type":"EntryPoint","urlTemplate":"https:\/\/www.koonings.com\/de\/?s={search_term_string}"},"query-input":{"@type":"PropertyValueSpecification","valueRequired":true,"valueName":"search_term_string"}}],"inLanguage":"de"},{"@type":"Organization","@id":"https:\/\/www.koonings.com\/de\/#organization","name":"Koonings","url":"https:\/\/www.koonings.com\/de\/","logo":{"@type":"ImageObject","inLanguage":"de","@id":"https:\/\/www.koonings.com\/de\/#\/schema\/logo\/image\/","url":"https:\/\/www.koonings.com\/wp-content\/uploads\/2024\/07\/logo.png","contentUrl":"https:\/\/www.koonings.com\/wp-content\/uploads\/2024\/07\/logo.png","width":600,"height":428,"caption":"Koonings"},"image":{"@id":"https:\/\/www.koonings.com\/de\/#\/schema\/logo\/image\/"},"sameAs":["https:\/\/www.facebook.com\/kooningstheweddingpalace","https:\/\/www.instagram.com\/kooningstheweddingpalace","https:\/\/www.pinterest.com\/koonings","https:\/\/www.youtube.com\/kooningstheweddingpalace"]}]}},"_links":{"self":[{"href":"https:\/\/www.koonings.com\/de\/wp-json\/wp\/v2\/product\/77871","targetHints":{"allow":["GET"]}}],"collection":[{"href":"https:\/\/www.koonings.com\/de\/wp-json\/wp\/v2\/product"}],"about":[{"href":"https:\/\/www.koonings.com\/de\/wp-json\/wp\/v2\/types\/product"}],"wp:featuredmedia":[{"embeddable":true,"href":"https:\/\/www.koonings.com\/de\/wp-json\/wp\/v2\/media\/41619"}],"wp:attachment":[{"href":"https:\/\/www.koonings.com\/de\/wp-json\/wp\/v2\/media?parent=77871"}],"wp:term":[{"taxonomy":"productdetails","embeddable":true,"href":"https:\/\/www.koonings.com\/de\/wp-json\/wp\/v2\/productdetails?post=77871"},{"taxonomy":"productneck","embeddable":true,"href":"https:\/\/www.koonings.com\/de\/wp-json\/wp\/v2\/productneck?post=77871"},{"taxonomy":"productcolor","embeddable":true,"href":"https:\/\/www.koonings.com\/de\/wp-json\/wp\/v2\/productcolor?post=77871"},{"taxonomy":"maat","embeddable":true,"href":"https:\/\/www.koonings.com\/de\/wp-json\/wp\/v2\/maat?post=77871"},{"taxonomy":"productsupplier","embeddable":true,"href":"https:\/\/www.koonings.com\/de\/wp-json\/wp\/v2\/productsupplier?post=77871"},{"taxonomy":"productsleeve","embeddable":true,"href":"https:\/\/www.koonings.com\/de\/wp-json\/wp\/v2\/productsleeve?post=77871"},{"taxonomy":"productcategory","embeddable":true,"href":"https:\/\/www.koonings.com\/de\/wp-json\/wp\/v2\/productcategory?post=77871"},{"taxonomy":"productsilhouette","embeddable":true,"href":"https:\/\/www.koonings.com\/de\/wp-json\/wp\/v2\/productsilhouette?post=77871"},{"taxonomy":"productstyle","embeddable":true,"href":"https:\/\/www.koonings.com\/de\/wp-json\/wp\/v2\/productstyle?post=77871"}],"curies":[{"name":"wp","href":"https:\/\/api.w.org\/{rel}","templated":true}]}}