{"id":77847,"date":"2026-04-14T16:16:07","date_gmt":"2026-04-14T14:16:07","guid":{"rendered":"https:\/\/www.koonings.com\/product\/marylise-white-lotus-1\/"},"modified":"2026-02-23T14:44:09","modified_gmt":"2026-02-23T13:44:09","slug":"marylise-white-lotus-1","status":"publish","type":"product","link":"https:\/\/www.koonings.com\/de\/product\/marylise-white-lotus-1\/","title":{"rendered":"Marylise White Lotus\/1"},"content":{"rendered":"<p>White Lotus hat ein durchsichtiges elfenbeinfarbenes T\u00fclloberteil mit Blumenapplikationen, die den Rock ber\u00fchren. Sowohl die Vorder- als auch die R\u00fcckseite haben einen tief ausgeschnittenen Ausschnitt. Auf der Vorderseite befindet sich in der Mitte ein kleines St\u00fcck transparenter Stoff. Der Rock ist aus Krepp mit einer oberen Schicht aus T\u00fcll, die ihn sch\u00f6n weich fallen l\u00e4sst, und hat eine flie\u00dfende Schleppe. Ein perfektes Kleid zum Tanzen!    <\/p>\n","protected":false},"featured_media":41822,"template":"","meta":{"_acf_changed":false,"ghostkit_customizer_options":"","ghostkit_custom_css":"","ghostkit_custom_js_head":"","ghostkit_custom_js_foot":"","ghostkit_typography":""},"productdetails":[],"productneck":[351],"productcolor":[392],"maat":[],"productsupplier":[410],"productsleeve":[359],"productcategory":[18],"productsilhouette":[384],"productstyle":[],"class_list":["post-77847","product","type-product","status-publish","has-post-thumbnail","hentry","productneck-351","productcolor-392","productsupplier-marylise","productsleeve-359","productcategory-trouwjurken","productsilhouette-384"],"acf":[],"yoast_head":"<!-- This site is optimized with the Yoast SEO plugin v27.3 - https:\/\/yoast.com\/product\/yoast-seo-wordpress\/ -->\n<title>Marylise White Lotus\/1 | Koonings<\/title>\n<meta name=\"description\" content=\"White Lotus hat ein durchsichtiges elfenbeinfarbenes T\u00fclloberteil mit Blumenapplikationen, die den Rock ber\u00fchren. Sowohl die Vorder- als auch die R\u00fcckseite haben einen tief ausgeschnittenen Ausschnitt. Auf der Vorderseite befindet sich in der Mitte ein kleines St\u00fcck transparenter Stoff. Der Rock ist aus Krepp mit einer oberen Schicht aus T\u00fcll, die ihn sch\u00f6n weich fallen l\u00e4sst, und hat eine flie\u00dfende Schleppe. Ein perfektes Kleid zum Tanzen!\" \/>\n<meta name=\"robots\" content=\"index, follow, max-snippet:-1, max-image-preview:large, max-video-preview:-1\" \/>\n<link rel=\"canonical\" href=\"https:\/\/www.koonings.com\/de\/product\/marylise-white-lotus-1\/\" \/>\n<meta property=\"og:locale\" content=\"de_DE\" \/>\n<meta property=\"og:type\" content=\"article\" \/>\n<meta property=\"og:title\" content=\"Marylise White Lotus\/1 | Koonings\" \/>\n<meta property=\"og:description\" content=\"White Lotus hat ein durchsichtiges elfenbeinfarbenes T\u00fclloberteil mit Blumenapplikationen, die den Rock ber\u00fchren. Sowohl die Vorder- als auch die R\u00fcckseite haben einen tief ausgeschnittenen Ausschnitt. Auf der Vorderseite befindet sich in der Mitte ein kleines St\u00fcck transparenter Stoff. Der Rock ist aus Krepp mit einer oberen Schicht aus T\u00fcll, die ihn sch\u00f6n weich fallen l\u00e4sst, und hat eine flie\u00dfende Schleppe. Ein perfektes Kleid zum Tanzen!\" \/>\n<meta property=\"og:url\" content=\"https:\/\/www.koonings.com\/de\/product\/marylise-white-lotus-1\/\" \/>\n<meta property=\"og:site_name\" content=\"Koonings\" \/>\n<meta property=\"article:publisher\" content=\"https:\/\/www.facebook.com\/kooningstheweddingpalace\" \/>\n<meta property=\"og:image\" content=\"https:\/\/www.koonings.com\/wp-content\/uploads\/2024\/11\/39600_d90e94d3aa7705ab601b6841f3e96b08ddccd1537b7f018eb465b08bac17fb2aa9fa109f-scaled.jpeg\" \/>\n\t<meta property=\"og:image:width\" content=\"1808\" \/>\n\t<meta property=\"og:image:height\" content=\"2560\" \/>\n\t<meta property=\"og:image:type\" content=\"image\/jpeg\" \/>\n<meta name=\"twitter:card\" content=\"summary_large_image\" \/>\n<script type=\"application\/ld+json\" class=\"yoast-schema-graph\">{\"@context\":\"https:\\\/\\\/schema.org\",\"@graph\":[{\"@type\":\"WebPage\",\"@id\":\"https:\\\/\\\/www.koonings.com\\\/de\\\/product\\\/marylise-white-lotus-1\\\/\",\"url\":\"https:\\\/\\\/www.koonings.com\\\/de\\\/product\\\/marylise-white-lotus-1\\\/\",\"name\":\"Marylise White Lotus\\\/1 | Koonings\",\"isPartOf\":{\"@id\":\"https:\\\/\\\/www.koonings.com\\\/de\\\/#website\"},\"primaryImageOfPage\":{\"@id\":\"https:\\\/\\\/www.koonings.com\\\/de\\\/product\\\/marylise-white-lotus-1\\\/#primaryimage\"},\"image\":{\"@id\":\"https:\\\/\\\/www.koonings.com\\\/de\\\/product\\\/marylise-white-lotus-1\\\/#primaryimage\"},\"thumbnailUrl\":\"https:\\\/\\\/www.koonings.com\\\/wp-content\\\/uploads\\\/2024\\\/11\\\/39600_d90e94d3aa7705ab601b6841f3e96b08ddccd1537b7f018eb465b08bac17fb2aa9fa109f-scaled.jpeg\",\"datePublished\":\"2026-04-14T14:16:07+00:00\",\"description\":\"White Lotus hat ein durchsichtiges elfenbeinfarbenes T\u00fclloberteil mit Blumenapplikationen, die den Rock ber\u00fchren. Sowohl die Vorder- als auch die R\u00fcckseite haben einen tief ausgeschnittenen Ausschnitt. Auf der Vorderseite befindet sich in der Mitte ein kleines St\u00fcck transparenter Stoff. Der Rock ist aus Krepp mit einer oberen Schicht aus T\u00fcll, die ihn sch\u00f6n weich fallen l\u00e4sst, und hat eine flie\u00dfende Schleppe. Ein perfektes Kleid zum Tanzen!\",\"breadcrumb\":{\"@id\":\"https:\\\/\\\/www.koonings.com\\\/de\\\/product\\\/marylise-white-lotus-1\\\/#breadcrumb\"},\"inLanguage\":\"de\",\"potentialAction\":[{\"@type\":\"ReadAction\",\"target\":[\"https:\\\/\\\/www.koonings.com\\\/de\\\/product\\\/marylise-white-lotus-1\\\/\"]}]},{\"@type\":\"ImageObject\",\"inLanguage\":\"de\",\"@id\":\"https:\\\/\\\/www.koonings.com\\\/de\\\/product\\\/marylise-white-lotus-1\\\/#primaryimage\",\"url\":\"https:\\\/\\\/www.koonings.com\\\/wp-content\\\/uploads\\\/2024\\\/11\\\/39600_d90e94d3aa7705ab601b6841f3e96b08ddccd1537b7f018eb465b08bac17fb2aa9fa109f-scaled.jpeg\",\"contentUrl\":\"https:\\\/\\\/www.koonings.com\\\/wp-content\\\/uploads\\\/2024\\\/11\\\/39600_d90e94d3aa7705ab601b6841f3e96b08ddccd1537b7f018eb465b08bac17fb2aa9fa109f-scaled.jpeg\",\"width\":1808,\"height\":2560},{\"@type\":\"BreadcrumbList\",\"@id\":\"https:\\\/\\\/www.koonings.com\\\/de\\\/product\\\/marylise-white-lotus-1\\\/#breadcrumb\",\"itemListElement\":[{\"@type\":\"ListItem\",\"position\":1,\"name\":\"Home\",\"item\":\"https:\\\/\\\/www.koonings.com\\\/de\\\/\"},{\"@type\":\"ListItem\",\"position\":2,\"name\":\"Marylise White Lotus\\\/1\"}]},{\"@type\":\"WebSite\",\"@id\":\"https:\\\/\\\/www.koonings.com\\\/de\\\/#website\",\"url\":\"https:\\\/\\\/www.koonings.com\\\/de\\\/\",\"name\":\"Koonings\",\"description\":\"De grootste bruidsmodewinkel ter wereld\",\"publisher\":{\"@id\":\"https:\\\/\\\/www.koonings.com\\\/de\\\/#organization\"},\"potentialAction\":[{\"@type\":\"SearchAction\",\"target\":{\"@type\":\"EntryPoint\",\"urlTemplate\":\"https:\\\/\\\/www.koonings.com\\\/de\\\/?s={search_term_string}\"},\"query-input\":{\"@type\":\"PropertyValueSpecification\",\"valueRequired\":true,\"valueName\":\"search_term_string\"}}],\"inLanguage\":\"de\"},{\"@type\":\"Organization\",\"@id\":\"https:\\\/\\\/www.koonings.com\\\/de\\\/#organization\",\"name\":\"Koonings\",\"url\":\"https:\\\/\\\/www.koonings.com\\\/de\\\/\",\"logo\":{\"@type\":\"ImageObject\",\"inLanguage\":\"de\",\"@id\":\"https:\\\/\\\/www.koonings.com\\\/de\\\/#\\\/schema\\\/logo\\\/image\\\/\",\"url\":\"https:\\\/\\\/www.koonings.com\\\/wp-content\\\/uploads\\\/2024\\\/07\\\/logo.png\",\"contentUrl\":\"https:\\\/\\\/www.koonings.com\\\/wp-content\\\/uploads\\\/2024\\\/07\\\/logo.png\",\"width\":600,\"height\":428,\"caption\":\"Koonings\"},\"image\":{\"@id\":\"https:\\\/\\\/www.koonings.com\\\/de\\\/#\\\/schema\\\/logo\\\/image\\\/\"},\"sameAs\":[\"https:\\\/\\\/www.facebook.com\\\/kooningstheweddingpalace\",\"https:\\\/\\\/www.instagram.com\\\/kooningstheweddingpalace\",\"https:\\\/\\\/www.pinterest.com\\\/koonings\",\"https:\\\/\\\/www.youtube.com\\\/kooningstheweddingpalace\"]}]}<\/script>\n<!-- \/ Yoast SEO plugin. -->","yoast_head_json":{"title":"Marylise White Lotus\/1 | Koonings","description":"White Lotus hat ein durchsichtiges elfenbeinfarbenes T\u00fclloberteil mit Blumenapplikationen, die den Rock ber\u00fchren. Sowohl die Vorder- als auch die R\u00fcckseite haben einen tief ausgeschnittenen Ausschnitt. Auf der Vorderseite befindet sich in der Mitte ein kleines St\u00fcck transparenter Stoff. Der Rock ist aus Krepp mit einer oberen Schicht aus T\u00fcll, die ihn sch\u00f6n weich fallen l\u00e4sst, und hat eine flie\u00dfende Schleppe. Ein perfektes Kleid zum Tanzen!","robots":{"index":"index","follow":"follow","max-snippet":"max-snippet:-1","max-image-preview":"max-image-preview:large","max-video-preview":"max-video-preview:-1"},"canonical":"https:\/\/www.koonings.com\/de\/product\/marylise-white-lotus-1\/","og_locale":"de_DE","og_type":"article","og_title":"Marylise White Lotus\/1 | Koonings","og_description":"White Lotus hat ein durchsichtiges elfenbeinfarbenes T\u00fclloberteil mit Blumenapplikationen, die den Rock ber\u00fchren. Sowohl die Vorder- als auch die R\u00fcckseite haben einen tief ausgeschnittenen Ausschnitt. Auf der Vorderseite befindet sich in der Mitte ein kleines St\u00fcck transparenter Stoff. Der Rock ist aus Krepp mit einer oberen Schicht aus T\u00fcll, die ihn sch\u00f6n weich fallen l\u00e4sst, und hat eine flie\u00dfende Schleppe. Ein perfektes Kleid zum Tanzen!","og_url":"https:\/\/www.koonings.com\/de\/product\/marylise-white-lotus-1\/","og_site_name":"Koonings","article_publisher":"https:\/\/www.facebook.com\/kooningstheweddingpalace","og_image":[{"width":1808,"height":2560,"url":"https:\/\/www.koonings.com\/wp-content\/uploads\/2024\/11\/39600_d90e94d3aa7705ab601b6841f3e96b08ddccd1537b7f018eb465b08bac17fb2aa9fa109f-scaled.jpeg","type":"image\/jpeg"}],"twitter_card":"summary_large_image","schema":{"@context":"https:\/\/schema.org","@graph":[{"@type":"WebPage","@id":"https:\/\/www.koonings.com\/de\/product\/marylise-white-lotus-1\/","url":"https:\/\/www.koonings.com\/de\/product\/marylise-white-lotus-1\/","name":"Marylise White Lotus\/1 | Koonings","isPartOf":{"@id":"https:\/\/www.koonings.com\/de\/#website"},"primaryImageOfPage":{"@id":"https:\/\/www.koonings.com\/de\/product\/marylise-white-lotus-1\/#primaryimage"},"image":{"@id":"https:\/\/www.koonings.com\/de\/product\/marylise-white-lotus-1\/#primaryimage"},"thumbnailUrl":"https:\/\/www.koonings.com\/wp-content\/uploads\/2024\/11\/39600_d90e94d3aa7705ab601b6841f3e96b08ddccd1537b7f018eb465b08bac17fb2aa9fa109f-scaled.jpeg","datePublished":"2026-04-14T14:16:07+00:00","description":"White Lotus hat ein durchsichtiges elfenbeinfarbenes T\u00fclloberteil mit Blumenapplikationen, die den Rock ber\u00fchren. Sowohl die Vorder- als auch die R\u00fcckseite haben einen tief ausgeschnittenen Ausschnitt. Auf der Vorderseite befindet sich in der Mitte ein kleines St\u00fcck transparenter Stoff. Der Rock ist aus Krepp mit einer oberen Schicht aus T\u00fcll, die ihn sch\u00f6n weich fallen l\u00e4sst, und hat eine flie\u00dfende Schleppe. Ein perfektes Kleid zum Tanzen!","breadcrumb":{"@id":"https:\/\/www.koonings.com\/de\/product\/marylise-white-lotus-1\/#breadcrumb"},"inLanguage":"de","potentialAction":[{"@type":"ReadAction","target":["https:\/\/www.koonings.com\/de\/product\/marylise-white-lotus-1\/"]}]},{"@type":"ImageObject","inLanguage":"de","@id":"https:\/\/www.koonings.com\/de\/product\/marylise-white-lotus-1\/#primaryimage","url":"https:\/\/www.koonings.com\/wp-content\/uploads\/2024\/11\/39600_d90e94d3aa7705ab601b6841f3e96b08ddccd1537b7f018eb465b08bac17fb2aa9fa109f-scaled.jpeg","contentUrl":"https:\/\/www.koonings.com\/wp-content\/uploads\/2024\/11\/39600_d90e94d3aa7705ab601b6841f3e96b08ddccd1537b7f018eb465b08bac17fb2aa9fa109f-scaled.jpeg","width":1808,"height":2560},{"@type":"BreadcrumbList","@id":"https:\/\/www.koonings.com\/de\/product\/marylise-white-lotus-1\/#breadcrumb","itemListElement":[{"@type":"ListItem","position":1,"name":"Home","item":"https:\/\/www.koonings.com\/de\/"},{"@type":"ListItem","position":2,"name":"Marylise White Lotus\/1"}]},{"@type":"WebSite","@id":"https:\/\/www.koonings.com\/de\/#website","url":"https:\/\/www.koonings.com\/de\/","name":"Koonings","description":"De grootste bruidsmodewinkel ter wereld","publisher":{"@id":"https:\/\/www.koonings.com\/de\/#organization"},"potentialAction":[{"@type":"SearchAction","target":{"@type":"EntryPoint","urlTemplate":"https:\/\/www.koonings.com\/de\/?s={search_term_string}"},"query-input":{"@type":"PropertyValueSpecification","valueRequired":true,"valueName":"search_term_string"}}],"inLanguage":"de"},{"@type":"Organization","@id":"https:\/\/www.koonings.com\/de\/#organization","name":"Koonings","url":"https:\/\/www.koonings.com\/de\/","logo":{"@type":"ImageObject","inLanguage":"de","@id":"https:\/\/www.koonings.com\/de\/#\/schema\/logo\/image\/","url":"https:\/\/www.koonings.com\/wp-content\/uploads\/2024\/07\/logo.png","contentUrl":"https:\/\/www.koonings.com\/wp-content\/uploads\/2024\/07\/logo.png","width":600,"height":428,"caption":"Koonings"},"image":{"@id":"https:\/\/www.koonings.com\/de\/#\/schema\/logo\/image\/"},"sameAs":["https:\/\/www.facebook.com\/kooningstheweddingpalace","https:\/\/www.instagram.com\/kooningstheweddingpalace","https:\/\/www.pinterest.com\/koonings","https:\/\/www.youtube.com\/kooningstheweddingpalace"]}]}},"_links":{"self":[{"href":"https:\/\/www.koonings.com\/de\/wp-json\/wp\/v2\/product\/77847","targetHints":{"allow":["GET"]}}],"collection":[{"href":"https:\/\/www.koonings.com\/de\/wp-json\/wp\/v2\/product"}],"about":[{"href":"https:\/\/www.koonings.com\/de\/wp-json\/wp\/v2\/types\/product"}],"wp:featuredmedia":[{"embeddable":true,"href":"https:\/\/www.koonings.com\/de\/wp-json\/wp\/v2\/media\/41822"}],"wp:attachment":[{"href":"https:\/\/www.koonings.com\/de\/wp-json\/wp\/v2\/media?parent=77847"}],"wp:term":[{"taxonomy":"productdetails","embeddable":true,"href":"https:\/\/www.koonings.com\/de\/wp-json\/wp\/v2\/productdetails?post=77847"},{"taxonomy":"productneck","embeddable":true,"href":"https:\/\/www.koonings.com\/de\/wp-json\/wp\/v2\/productneck?post=77847"},{"taxonomy":"productcolor","embeddable":true,"href":"https:\/\/www.koonings.com\/de\/wp-json\/wp\/v2\/productcolor?post=77847"},{"taxonomy":"maat","embeddable":true,"href":"https:\/\/www.koonings.com\/de\/wp-json\/wp\/v2\/maat?post=77847"},{"taxonomy":"productsupplier","embeddable":true,"href":"https:\/\/www.koonings.com\/de\/wp-json\/wp\/v2\/productsupplier?post=77847"},{"taxonomy":"productsleeve","embeddable":true,"href":"https:\/\/www.koonings.com\/de\/wp-json\/wp\/v2\/productsleeve?post=77847"},{"taxonomy":"productcategory","embeddable":true,"href":"https:\/\/www.koonings.com\/de\/wp-json\/wp\/v2\/productcategory?post=77847"},{"taxonomy":"productsilhouette","embeddable":true,"href":"https:\/\/www.koonings.com\/de\/wp-json\/wp\/v2\/productsilhouette?post=77847"},{"taxonomy":"productstyle","embeddable":true,"href":"https:\/\/www.koonings.com\/de\/wp-json\/wp\/v2\/productstyle?post=77847"}],"curies":[{"name":"wp","href":"https:\/\/api.w.org\/{rel}","templated":true}]}}