{"id":77846,"date":"2026-03-27T16:14:04","date_gmt":"2026-03-27T15:14:04","guid":{"rendered":"https:\/\/www.koonings.com\/product\/roberto-vicentti-cor-15-23-900\/"},"modified":"2025-06-05T12:19:18","modified_gmt":"2025-06-05T10:19:18","slug":"roberto-vicentti-cor-15-23-900","status":"publish","type":"product","link":"https:\/\/www.koonings.com\/de\/product\/roberto-vicentti-cor-15-23-900\/","title":{"rendered":"Roberto Vicentti Cor 15.23.900"},"content":{"rendered":"<p>Aus der Kollektion von Koonings The Wedding Palace: ein schlichter gr\u00fcner Hochzeitsanzug aus Wolle und Seide. Das Sakko mit Spitzenrevers und einem Knopf bildet einen stilvollen Kontrast zur doppelreihigen Weste mit 4&#215;4 Kn\u00f6pfen, die durch eine Krawatte und ein Einstecktuch f\u00fcr einen raffinierten und eleganten Look erg\u00e4nzt wird. <\/p>\n","protected":false},"featured_media":81174,"template":"","meta":{"_acf_changed":false,"ghostkit_customizer_options":"","ghostkit_custom_css":"","ghostkit_custom_js_head":"","ghostkit_custom_js_foot":"","ghostkit_typography":""},"productdetails":[],"productneck":[],"productcolor":[448],"maat":[],"productsupplier":[449],"productsleeve":[],"productcategory":[227],"productsilhouette":[],"productstyle":[],"class_list":["post-77846","product","type-product","status-publish","has-post-thumbnail","hentry","productcolor-448","productsupplier-roberto-vicentti","productcategory-kostuum"],"acf":[],"yoast_head":"<!-- This site is optimized with the Yoast SEO plugin v26.8 - https:\/\/yoast.com\/product\/yoast-seo-wordpress\/ -->\n<title>Roberto Vicentti Cor 15.23.900 | Koonings<\/title>\n<meta name=\"description\" content=\"Aus der Kollektion von Koonings The Wedding Palace: ein schlichter gr\u00fcner Hochzeitsanzug aus Wolle und Seide. Das Sakko mit Spitzenrevers und einem Knopf bildet einen stilvollen Kontrast zur doppelreihigen Weste mit 4x4 Kn\u00f6pfen, die durch eine Krawatte und ein Einstecktuch f\u00fcr einen raffinierten und eleganten Look erg\u00e4nzt wird.\" \/>\n<meta name=\"robots\" content=\"index, follow, max-snippet:-1, max-image-preview:large, max-video-preview:-1\" \/>\n<link rel=\"canonical\" href=\"https:\/\/www.koonings.com\/de\/product\/roberto-vicentti-cor-15-23-900\/\" \/>\n<meta property=\"og:locale\" content=\"de_DE\" \/>\n<meta property=\"og:type\" content=\"article\" \/>\n<meta property=\"og:title\" content=\"Roberto Vicentti Cor 15.23.900 | Koonings\" \/>\n<meta property=\"og:description\" content=\"Aus der Kollektion von Koonings The Wedding Palace: ein schlichter gr\u00fcner Hochzeitsanzug aus Wolle und Seide. Das Sakko mit Spitzenrevers und einem Knopf bildet einen stilvollen Kontrast zur doppelreihigen Weste mit 4x4 Kn\u00f6pfen, die durch eine Krawatte und ein Einstecktuch f\u00fcr einen raffinierten und eleganten Look erg\u00e4nzt wird.\" \/>\n<meta property=\"og:url\" content=\"https:\/\/www.koonings.com\/de\/product\/roberto-vicentti-cor-15-23-900\/\" \/>\n<meta property=\"og:site_name\" content=\"Koonings\" \/>\n<meta property=\"article:publisher\" content=\"https:\/\/www.facebook.com\/kooningstheweddingpalace\" \/>\n<meta property=\"og:image\" content=\"https:\/\/www.koonings.com\/wp-content\/uploads\/2025\/02\/39648_0c14a146bf98d4e3fd6a7bb713af301e962d62eec259c6ac3a6c8d89aa288a1e1bc8c522-scaled.jpeg\" \/>\n\t<meta property=\"og:image:width\" content=\"1580\" \/>\n\t<meta property=\"og:image:height\" content=\"2560\" \/>\n\t<meta property=\"og:image:type\" content=\"image\/jpeg\" \/>\n<meta name=\"twitter:card\" content=\"summary_large_image\" \/>\n<script type=\"application\/ld+json\" class=\"yoast-schema-graph\">{\"@context\":\"https:\/\/schema.org\",\"@graph\":[{\"@type\":\"WebPage\",\"@id\":\"https:\/\/www.koonings.com\/de\/product\/roberto-vicentti-cor-15-23-900\/\",\"url\":\"https:\/\/www.koonings.com\/de\/product\/roberto-vicentti-cor-15-23-900\/\",\"name\":\"Roberto Vicentti Cor 15.23.900 | Koonings\",\"isPartOf\":{\"@id\":\"https:\/\/www.koonings.com\/de\/#website\"},\"primaryImageOfPage\":{\"@id\":\"https:\/\/www.koonings.com\/de\/product\/roberto-vicentti-cor-15-23-900\/#primaryimage\"},\"image\":{\"@id\":\"https:\/\/www.koonings.com\/de\/product\/roberto-vicentti-cor-15-23-900\/#primaryimage\"},\"thumbnailUrl\":\"https:\/\/www.koonings.com\/wp-content\/uploads\/2025\/02\/39648_0c14a146bf98d4e3fd6a7bb713af301e962d62eec259c6ac3a6c8d89aa288a1e1bc8c522-scaled.jpeg\",\"datePublished\":\"2026-03-27T15:14:04+00:00\",\"description\":\"Aus der Kollektion von Koonings The Wedding Palace: ein schlichter gr\u00fcner Hochzeitsanzug aus Wolle und Seide. Das Sakko mit Spitzenrevers und einem Knopf bildet einen stilvollen Kontrast zur doppelreihigen Weste mit 4x4 Kn\u00f6pfen, die durch eine Krawatte und ein Einstecktuch f\u00fcr einen raffinierten und eleganten Look erg\u00e4nzt wird.\",\"breadcrumb\":{\"@id\":\"https:\/\/www.koonings.com\/de\/product\/roberto-vicentti-cor-15-23-900\/#breadcrumb\"},\"inLanguage\":\"de\",\"potentialAction\":[{\"@type\":\"ReadAction\",\"target\":[\"https:\/\/www.koonings.com\/de\/product\/roberto-vicentti-cor-15-23-900\/\"]}]},{\"@type\":\"ImageObject\",\"inLanguage\":\"de\",\"@id\":\"https:\/\/www.koonings.com\/de\/product\/roberto-vicentti-cor-15-23-900\/#primaryimage\",\"url\":\"https:\/\/www.koonings.com\/wp-content\/uploads\/2025\/02\/39648_0c14a146bf98d4e3fd6a7bb713af301e962d62eec259c6ac3a6c8d89aa288a1e1bc8c522-scaled.jpeg\",\"contentUrl\":\"https:\/\/www.koonings.com\/wp-content\/uploads\/2025\/02\/39648_0c14a146bf98d4e3fd6a7bb713af301e962d62eec259c6ac3a6c8d89aa288a1e1bc8c522-scaled.jpeg\",\"width\":1580,\"height\":2560},{\"@type\":\"BreadcrumbList\",\"@id\":\"https:\/\/www.koonings.com\/de\/product\/roberto-vicentti-cor-15-23-900\/#breadcrumb\",\"itemListElement\":[{\"@type\":\"ListItem\",\"position\":1,\"name\":\"Home\",\"item\":\"https:\/\/www.koonings.com\/de\/\"},{\"@type\":\"ListItem\",\"position\":2,\"name\":\"Roberto Vicentti Cor 15.23.900\"}]},{\"@type\":\"WebSite\",\"@id\":\"https:\/\/www.koonings.com\/de\/#website\",\"url\":\"https:\/\/www.koonings.com\/de\/\",\"name\":\"Koonings\",\"description\":\"De grootste bruidsmodewinkel ter wereld\",\"publisher\":{\"@id\":\"https:\/\/www.koonings.com\/de\/#organization\"},\"potentialAction\":[{\"@type\":\"SearchAction\",\"target\":{\"@type\":\"EntryPoint\",\"urlTemplate\":\"https:\/\/www.koonings.com\/de\/?s={search_term_string}\"},\"query-input\":{\"@type\":\"PropertyValueSpecification\",\"valueRequired\":true,\"valueName\":\"search_term_string\"}}],\"inLanguage\":\"de\"},{\"@type\":\"Organization\",\"@id\":\"https:\/\/www.koonings.com\/de\/#organization\",\"name\":\"Koonings\",\"url\":\"https:\/\/www.koonings.com\/de\/\",\"logo\":{\"@type\":\"ImageObject\",\"inLanguage\":\"de\",\"@id\":\"https:\/\/www.koonings.com\/de\/#\/schema\/logo\/image\/\",\"url\":\"https:\/\/www.koonings.com\/wp-content\/uploads\/2024\/07\/logo.png\",\"contentUrl\":\"https:\/\/www.koonings.com\/wp-content\/uploads\/2024\/07\/logo.png\",\"width\":600,\"height\":428,\"caption\":\"Koonings\"},\"image\":{\"@id\":\"https:\/\/www.koonings.com\/de\/#\/schema\/logo\/image\/\"},\"sameAs\":[\"https:\/\/www.facebook.com\/kooningstheweddingpalace\",\"https:\/\/www.instagram.com\/kooningstheweddingpalace\",\"https:\/\/www.pinterest.com\/koonings\",\"https:\/\/www.youtube.com\/kooningstheweddingpalace\"]}]}<\/script>\n<!-- \/ Yoast SEO plugin. -->","yoast_head_json":{"title":"Roberto Vicentti Cor 15.23.900 | Koonings","description":"Aus der Kollektion von Koonings The Wedding Palace: ein schlichter gr\u00fcner Hochzeitsanzug aus Wolle und Seide. Das Sakko mit Spitzenrevers und einem Knopf bildet einen stilvollen Kontrast zur doppelreihigen Weste mit 4x4 Kn\u00f6pfen, die durch eine Krawatte und ein Einstecktuch f\u00fcr einen raffinierten und eleganten Look erg\u00e4nzt wird.","robots":{"index":"index","follow":"follow","max-snippet":"max-snippet:-1","max-image-preview":"max-image-preview:large","max-video-preview":"max-video-preview:-1"},"canonical":"https:\/\/www.koonings.com\/de\/product\/roberto-vicentti-cor-15-23-900\/","og_locale":"de_DE","og_type":"article","og_title":"Roberto Vicentti Cor 15.23.900 | Koonings","og_description":"Aus der Kollektion von Koonings The Wedding Palace: ein schlichter gr\u00fcner Hochzeitsanzug aus Wolle und Seide. Das Sakko mit Spitzenrevers und einem Knopf bildet einen stilvollen Kontrast zur doppelreihigen Weste mit 4x4 Kn\u00f6pfen, die durch eine Krawatte und ein Einstecktuch f\u00fcr einen raffinierten und eleganten Look erg\u00e4nzt wird.","og_url":"https:\/\/www.koonings.com\/de\/product\/roberto-vicentti-cor-15-23-900\/","og_site_name":"Koonings","article_publisher":"https:\/\/www.facebook.com\/kooningstheweddingpalace","og_image":[{"width":1580,"height":2560,"url":"https:\/\/www.koonings.com\/wp-content\/uploads\/2025\/02\/39648_0c14a146bf98d4e3fd6a7bb713af301e962d62eec259c6ac3a6c8d89aa288a1e1bc8c522-scaled.jpeg","type":"image\/jpeg"}],"twitter_card":"summary_large_image","schema":{"@context":"https:\/\/schema.org","@graph":[{"@type":"WebPage","@id":"https:\/\/www.koonings.com\/de\/product\/roberto-vicentti-cor-15-23-900\/","url":"https:\/\/www.koonings.com\/de\/product\/roberto-vicentti-cor-15-23-900\/","name":"Roberto Vicentti Cor 15.23.900 | Koonings","isPartOf":{"@id":"https:\/\/www.koonings.com\/de\/#website"},"primaryImageOfPage":{"@id":"https:\/\/www.koonings.com\/de\/product\/roberto-vicentti-cor-15-23-900\/#primaryimage"},"image":{"@id":"https:\/\/www.koonings.com\/de\/product\/roberto-vicentti-cor-15-23-900\/#primaryimage"},"thumbnailUrl":"https:\/\/www.koonings.com\/wp-content\/uploads\/2025\/02\/39648_0c14a146bf98d4e3fd6a7bb713af301e962d62eec259c6ac3a6c8d89aa288a1e1bc8c522-scaled.jpeg","datePublished":"2026-03-27T15:14:04+00:00","description":"Aus der Kollektion von Koonings The Wedding Palace: ein schlichter gr\u00fcner Hochzeitsanzug aus Wolle und Seide. Das Sakko mit Spitzenrevers und einem Knopf bildet einen stilvollen Kontrast zur doppelreihigen Weste mit 4x4 Kn\u00f6pfen, die durch eine Krawatte und ein Einstecktuch f\u00fcr einen raffinierten und eleganten Look erg\u00e4nzt wird.","breadcrumb":{"@id":"https:\/\/www.koonings.com\/de\/product\/roberto-vicentti-cor-15-23-900\/#breadcrumb"},"inLanguage":"de","potentialAction":[{"@type":"ReadAction","target":["https:\/\/www.koonings.com\/de\/product\/roberto-vicentti-cor-15-23-900\/"]}]},{"@type":"ImageObject","inLanguage":"de","@id":"https:\/\/www.koonings.com\/de\/product\/roberto-vicentti-cor-15-23-900\/#primaryimage","url":"https:\/\/www.koonings.com\/wp-content\/uploads\/2025\/02\/39648_0c14a146bf98d4e3fd6a7bb713af301e962d62eec259c6ac3a6c8d89aa288a1e1bc8c522-scaled.jpeg","contentUrl":"https:\/\/www.koonings.com\/wp-content\/uploads\/2025\/02\/39648_0c14a146bf98d4e3fd6a7bb713af301e962d62eec259c6ac3a6c8d89aa288a1e1bc8c522-scaled.jpeg","width":1580,"height":2560},{"@type":"BreadcrumbList","@id":"https:\/\/www.koonings.com\/de\/product\/roberto-vicentti-cor-15-23-900\/#breadcrumb","itemListElement":[{"@type":"ListItem","position":1,"name":"Home","item":"https:\/\/www.koonings.com\/de\/"},{"@type":"ListItem","position":2,"name":"Roberto Vicentti Cor 15.23.900"}]},{"@type":"WebSite","@id":"https:\/\/www.koonings.com\/de\/#website","url":"https:\/\/www.koonings.com\/de\/","name":"Koonings","description":"De grootste bruidsmodewinkel ter wereld","publisher":{"@id":"https:\/\/www.koonings.com\/de\/#organization"},"potentialAction":[{"@type":"SearchAction","target":{"@type":"EntryPoint","urlTemplate":"https:\/\/www.koonings.com\/de\/?s={search_term_string}"},"query-input":{"@type":"PropertyValueSpecification","valueRequired":true,"valueName":"search_term_string"}}],"inLanguage":"de"},{"@type":"Organization","@id":"https:\/\/www.koonings.com\/de\/#organization","name":"Koonings","url":"https:\/\/www.koonings.com\/de\/","logo":{"@type":"ImageObject","inLanguage":"de","@id":"https:\/\/www.koonings.com\/de\/#\/schema\/logo\/image\/","url":"https:\/\/www.koonings.com\/wp-content\/uploads\/2024\/07\/logo.png","contentUrl":"https:\/\/www.koonings.com\/wp-content\/uploads\/2024\/07\/logo.png","width":600,"height":428,"caption":"Koonings"},"image":{"@id":"https:\/\/www.koonings.com\/de\/#\/schema\/logo\/image\/"},"sameAs":["https:\/\/www.facebook.com\/kooningstheweddingpalace","https:\/\/www.instagram.com\/kooningstheweddingpalace","https:\/\/www.pinterest.com\/koonings","https:\/\/www.youtube.com\/kooningstheweddingpalace"]}]}},"_links":{"self":[{"href":"https:\/\/www.koonings.com\/de\/wp-json\/wp\/v2\/product\/77846","targetHints":{"allow":["GET"]}}],"collection":[{"href":"https:\/\/www.koonings.com\/de\/wp-json\/wp\/v2\/product"}],"about":[{"href":"https:\/\/www.koonings.com\/de\/wp-json\/wp\/v2\/types\/product"}],"wp:featuredmedia":[{"embeddable":true,"href":"https:\/\/www.koonings.com\/de\/wp-json\/wp\/v2\/media\/81174"}],"wp:attachment":[{"href":"https:\/\/www.koonings.com\/de\/wp-json\/wp\/v2\/media?parent=77846"}],"wp:term":[{"taxonomy":"productdetails","embeddable":true,"href":"https:\/\/www.koonings.com\/de\/wp-json\/wp\/v2\/productdetails?post=77846"},{"taxonomy":"productneck","embeddable":true,"href":"https:\/\/www.koonings.com\/de\/wp-json\/wp\/v2\/productneck?post=77846"},{"taxonomy":"productcolor","embeddable":true,"href":"https:\/\/www.koonings.com\/de\/wp-json\/wp\/v2\/productcolor?post=77846"},{"taxonomy":"maat","embeddable":true,"href":"https:\/\/www.koonings.com\/de\/wp-json\/wp\/v2\/maat?post=77846"},{"taxonomy":"productsupplier","embeddable":true,"href":"https:\/\/www.koonings.com\/de\/wp-json\/wp\/v2\/productsupplier?post=77846"},{"taxonomy":"productsleeve","embeddable":true,"href":"https:\/\/www.koonings.com\/de\/wp-json\/wp\/v2\/productsleeve?post=77846"},{"taxonomy":"productcategory","embeddable":true,"href":"https:\/\/www.koonings.com\/de\/wp-json\/wp\/v2\/productcategory?post=77846"},{"taxonomy":"productsilhouette","embeddable":true,"href":"https:\/\/www.koonings.com\/de\/wp-json\/wp\/v2\/productsilhouette?post=77846"},{"taxonomy":"productstyle","embeddable":true,"href":"https:\/\/www.koonings.com\/de\/wp-json\/wp\/v2\/productstyle?post=77846"}],"curies":[{"name":"wp","href":"https:\/\/api.w.org\/{rel}","templated":true}]}}