{"id":77816,"date":"2026-04-21T18:16:16","date_gmt":"2026-04-21T16:16:16","guid":{"rendered":"https:\/\/www.koonings.com\/product\/demetrios-1245\/"},"modified":"2026-02-13T12:02:51","modified_gmt":"2026-02-13T11:02:51","slug":"demetrios-1245","status":"publish","type":"product","link":"https:\/\/www.koonings.com\/de\/product\/demetrios-1245\/","title":{"rendered":"Demetrios 1245"},"content":{"rendered":"<p>Reiche Perlenstickerei in Kombination mit dekadenten, dimensionalen Blumen und glitzerndem T\u00fcll machen dieses Modell zum Inbegriff von opulentem Luxus. Zarte Blumentr\u00e4ger akzentuieren ihr Mieder mit herzf\u00f6rmigem Ausschnitt und optionale durchsichtige Bischofs\u00e4rmel sorgen f\u00fcr einen sanften romantischen Touch. Als Erg\u00e4nzung zu diesem Kleid k\u00f6nnen Sie das Modell SL41 mit abnehmbaren \u00c4rmeln und das Modell V272 mit Schleier bestellen (beide separat bei Koonings The Wedding Palace erh\u00e4ltlich).  <\/p>\n","protected":false},"featured_media":42627,"template":"","meta":{"_acf_changed":false,"ghostkit_customizer_options":"","ghostkit_custom_css":"","ghostkit_custom_js_head":"","ghostkit_custom_js_foot":"","ghostkit_typography":""},"productdetails":[376,381],"productneck":[355],"productcolor":[393,392],"maat":[],"productsupplier":[402],"productsleeve":[359],"productcategory":[18],"productsilhouette":[388],"productstyle":[372,366],"class_list":["post-77816","product","type-product","status-publish","has-post-thumbnail","hentry","productdetails-376","productdetails-381","productneck-355","productcolor-393","productcolor-392","productsupplier-demetrios","productsleeve-359","productcategory-trouwjurken","productsilhouette-388","productstyle-372","productstyle-366"],"acf":[],"yoast_head":"<!-- This site is optimized with the Yoast SEO plugin v27.3 - https:\/\/yoast.com\/product\/yoast-seo-wordpress\/ -->\n<title>Demetrios 1245 | Koonings<\/title>\n<meta name=\"description\" content=\"Reiche Perlenstickerei in Kombination mit dekadenten, dimensionalen Blumen und glitzerndem T\u00fcll machen dieses Modell zum Inbegriff von opulentem Luxus. Zarte Blumentr\u00e4ger akzentuieren ihr Mieder mit herzf\u00f6rmigem Ausschnitt und optionale durchsichtige Bischofs\u00e4rmel sorgen f\u00fcr einen sanften romantischen Touch. Als Erg\u00e4nzung zu diesem Kleid k\u00f6nnen Sie das Modell SL41 mit abnehmbaren \u00c4rmeln und das Modell V272 mit Schleier bestellen (beide separat bei Koonings The Wedding Palace erh\u00e4ltlich).\" \/>\n<meta name=\"robots\" content=\"index, follow, max-snippet:-1, max-image-preview:large, max-video-preview:-1\" \/>\n<link rel=\"canonical\" href=\"https:\/\/www.koonings.com\/de\/product\/demetrios-1245\/\" \/>\n<meta property=\"og:locale\" content=\"de_DE\" \/>\n<meta property=\"og:type\" content=\"article\" \/>\n<meta property=\"og:title\" content=\"Demetrios 1245 | Koonings\" \/>\n<meta property=\"og:description\" content=\"Reiche Perlenstickerei in Kombination mit dekadenten, dimensionalen Blumen und glitzerndem T\u00fcll machen dieses Modell zum Inbegriff von opulentem Luxus. Zarte Blumentr\u00e4ger akzentuieren ihr Mieder mit herzf\u00f6rmigem Ausschnitt und optionale durchsichtige Bischofs\u00e4rmel sorgen f\u00fcr einen sanften romantischen Touch. Als Erg\u00e4nzung zu diesem Kleid k\u00f6nnen Sie das Modell SL41 mit abnehmbaren \u00c4rmeln und das Modell V272 mit Schleier bestellen (beide separat bei Koonings The Wedding Palace erh\u00e4ltlich).\" \/>\n<meta property=\"og:url\" content=\"https:\/\/www.koonings.com\/de\/product\/demetrios-1245\/\" \/>\n<meta property=\"og:site_name\" content=\"Koonings\" \/>\n<meta property=\"article:publisher\" content=\"https:\/\/www.facebook.com\/kooningstheweddingpalace\" \/>\n<meta property=\"og:image\" content=\"https:\/\/www.koonings.com\/wp-content\/uploads\/2024\/11\/39783_5ed0821ce1de781118701408fa271a3c9b2dbf4fe48079a2513aeb1aa3b2a27ab0b345ad-scaled.jpeg\" \/>\n\t<meta property=\"og:image:width\" content=\"1808\" \/>\n\t<meta property=\"og:image:height\" content=\"2560\" \/>\n\t<meta property=\"og:image:type\" content=\"image\/jpeg\" \/>\n<meta name=\"twitter:card\" content=\"summary_large_image\" \/>\n<script type=\"application\/ld+json\" class=\"yoast-schema-graph\">{\"@context\":\"https:\\\/\\\/schema.org\",\"@graph\":[{\"@type\":\"WebPage\",\"@id\":\"https:\\\/\\\/www.koonings.com\\\/de\\\/product\\\/demetrios-1245\\\/\",\"url\":\"https:\\\/\\\/www.koonings.com\\\/de\\\/product\\\/demetrios-1245\\\/\",\"name\":\"Demetrios 1245 | Koonings\",\"isPartOf\":{\"@id\":\"https:\\\/\\\/www.koonings.com\\\/de\\\/#website\"},\"primaryImageOfPage\":{\"@id\":\"https:\\\/\\\/www.koonings.com\\\/de\\\/product\\\/demetrios-1245\\\/#primaryimage\"},\"image\":{\"@id\":\"https:\\\/\\\/www.koonings.com\\\/de\\\/product\\\/demetrios-1245\\\/#primaryimage\"},\"thumbnailUrl\":\"https:\\\/\\\/www.koonings.com\\\/wp-content\\\/uploads\\\/2024\\\/11\\\/39783_5ed0821ce1de781118701408fa271a3c9b2dbf4fe48079a2513aeb1aa3b2a27ab0b345ad-scaled.jpeg\",\"datePublished\":\"2026-04-21T16:16:16+00:00\",\"description\":\"Reiche Perlenstickerei in Kombination mit dekadenten, dimensionalen Blumen und glitzerndem T\u00fcll machen dieses Modell zum Inbegriff von opulentem Luxus. Zarte Blumentr\u00e4ger akzentuieren ihr Mieder mit herzf\u00f6rmigem Ausschnitt und optionale durchsichtige Bischofs\u00e4rmel sorgen f\u00fcr einen sanften romantischen Touch. Als Erg\u00e4nzung zu diesem Kleid k\u00f6nnen Sie das Modell SL41 mit abnehmbaren \u00c4rmeln und das Modell V272 mit Schleier bestellen (beide separat bei Koonings The Wedding Palace erh\u00e4ltlich).\",\"breadcrumb\":{\"@id\":\"https:\\\/\\\/www.koonings.com\\\/de\\\/product\\\/demetrios-1245\\\/#breadcrumb\"},\"inLanguage\":\"de\",\"potentialAction\":[{\"@type\":\"ReadAction\",\"target\":[\"https:\\\/\\\/www.koonings.com\\\/de\\\/product\\\/demetrios-1245\\\/\"]}]},{\"@type\":\"ImageObject\",\"inLanguage\":\"de\",\"@id\":\"https:\\\/\\\/www.koonings.com\\\/de\\\/product\\\/demetrios-1245\\\/#primaryimage\",\"url\":\"https:\\\/\\\/www.koonings.com\\\/wp-content\\\/uploads\\\/2024\\\/11\\\/39783_5ed0821ce1de781118701408fa271a3c9b2dbf4fe48079a2513aeb1aa3b2a27ab0b345ad-scaled.jpeg\",\"contentUrl\":\"https:\\\/\\\/www.koonings.com\\\/wp-content\\\/uploads\\\/2024\\\/11\\\/39783_5ed0821ce1de781118701408fa271a3c9b2dbf4fe48079a2513aeb1aa3b2a27ab0b345ad-scaled.jpeg\",\"width\":1808,\"height\":2560},{\"@type\":\"BreadcrumbList\",\"@id\":\"https:\\\/\\\/www.koonings.com\\\/de\\\/product\\\/demetrios-1245\\\/#breadcrumb\",\"itemListElement\":[{\"@type\":\"ListItem\",\"position\":1,\"name\":\"Home\",\"item\":\"https:\\\/\\\/www.koonings.com\\\/de\\\/\"},{\"@type\":\"ListItem\",\"position\":2,\"name\":\"Demetrios 1245\"}]},{\"@type\":\"WebSite\",\"@id\":\"https:\\\/\\\/www.koonings.com\\\/de\\\/#website\",\"url\":\"https:\\\/\\\/www.koonings.com\\\/de\\\/\",\"name\":\"Koonings\",\"description\":\"De grootste bruidsmodewinkel ter wereld\",\"publisher\":{\"@id\":\"https:\\\/\\\/www.koonings.com\\\/de\\\/#organization\"},\"potentialAction\":[{\"@type\":\"SearchAction\",\"target\":{\"@type\":\"EntryPoint\",\"urlTemplate\":\"https:\\\/\\\/www.koonings.com\\\/de\\\/?s={search_term_string}\"},\"query-input\":{\"@type\":\"PropertyValueSpecification\",\"valueRequired\":true,\"valueName\":\"search_term_string\"}}],\"inLanguage\":\"de\"},{\"@type\":\"Organization\",\"@id\":\"https:\\\/\\\/www.koonings.com\\\/de\\\/#organization\",\"name\":\"Koonings\",\"url\":\"https:\\\/\\\/www.koonings.com\\\/de\\\/\",\"logo\":{\"@type\":\"ImageObject\",\"inLanguage\":\"de\",\"@id\":\"https:\\\/\\\/www.koonings.com\\\/de\\\/#\\\/schema\\\/logo\\\/image\\\/\",\"url\":\"https:\\\/\\\/www.koonings.com\\\/wp-content\\\/uploads\\\/2024\\\/07\\\/logo.png\",\"contentUrl\":\"https:\\\/\\\/www.koonings.com\\\/wp-content\\\/uploads\\\/2024\\\/07\\\/logo.png\",\"width\":600,\"height\":428,\"caption\":\"Koonings\"},\"image\":{\"@id\":\"https:\\\/\\\/www.koonings.com\\\/de\\\/#\\\/schema\\\/logo\\\/image\\\/\"},\"sameAs\":[\"https:\\\/\\\/www.facebook.com\\\/kooningstheweddingpalace\",\"https:\\\/\\\/www.instagram.com\\\/kooningstheweddingpalace\",\"https:\\\/\\\/www.pinterest.com\\\/koonings\",\"https:\\\/\\\/www.youtube.com\\\/kooningstheweddingpalace\"]}]}<\/script>\n<!-- \/ Yoast SEO plugin. -->","yoast_head_json":{"title":"Demetrios 1245 | Koonings","description":"Reiche Perlenstickerei in Kombination mit dekadenten, dimensionalen Blumen und glitzerndem T\u00fcll machen dieses Modell zum Inbegriff von opulentem Luxus. Zarte Blumentr\u00e4ger akzentuieren ihr Mieder mit herzf\u00f6rmigem Ausschnitt und optionale durchsichtige Bischofs\u00e4rmel sorgen f\u00fcr einen sanften romantischen Touch. Als Erg\u00e4nzung zu diesem Kleid k\u00f6nnen Sie das Modell SL41 mit abnehmbaren \u00c4rmeln und das Modell V272 mit Schleier bestellen (beide separat bei Koonings The Wedding Palace erh\u00e4ltlich).","robots":{"index":"index","follow":"follow","max-snippet":"max-snippet:-1","max-image-preview":"max-image-preview:large","max-video-preview":"max-video-preview:-1"},"canonical":"https:\/\/www.koonings.com\/de\/product\/demetrios-1245\/","og_locale":"de_DE","og_type":"article","og_title":"Demetrios 1245 | Koonings","og_description":"Reiche Perlenstickerei in Kombination mit dekadenten, dimensionalen Blumen und glitzerndem T\u00fcll machen dieses Modell zum Inbegriff von opulentem Luxus. Zarte Blumentr\u00e4ger akzentuieren ihr Mieder mit herzf\u00f6rmigem Ausschnitt und optionale durchsichtige Bischofs\u00e4rmel sorgen f\u00fcr einen sanften romantischen Touch. Als Erg\u00e4nzung zu diesem Kleid k\u00f6nnen Sie das Modell SL41 mit abnehmbaren \u00c4rmeln und das Modell V272 mit Schleier bestellen (beide separat bei Koonings The Wedding Palace erh\u00e4ltlich).","og_url":"https:\/\/www.koonings.com\/de\/product\/demetrios-1245\/","og_site_name":"Koonings","article_publisher":"https:\/\/www.facebook.com\/kooningstheweddingpalace","og_image":[{"width":1808,"height":2560,"url":"https:\/\/www.koonings.com\/wp-content\/uploads\/2024\/11\/39783_5ed0821ce1de781118701408fa271a3c9b2dbf4fe48079a2513aeb1aa3b2a27ab0b345ad-scaled.jpeg","type":"image\/jpeg"}],"twitter_card":"summary_large_image","schema":{"@context":"https:\/\/schema.org","@graph":[{"@type":"WebPage","@id":"https:\/\/www.koonings.com\/de\/product\/demetrios-1245\/","url":"https:\/\/www.koonings.com\/de\/product\/demetrios-1245\/","name":"Demetrios 1245 | Koonings","isPartOf":{"@id":"https:\/\/www.koonings.com\/de\/#website"},"primaryImageOfPage":{"@id":"https:\/\/www.koonings.com\/de\/product\/demetrios-1245\/#primaryimage"},"image":{"@id":"https:\/\/www.koonings.com\/de\/product\/demetrios-1245\/#primaryimage"},"thumbnailUrl":"https:\/\/www.koonings.com\/wp-content\/uploads\/2024\/11\/39783_5ed0821ce1de781118701408fa271a3c9b2dbf4fe48079a2513aeb1aa3b2a27ab0b345ad-scaled.jpeg","datePublished":"2026-04-21T16:16:16+00:00","description":"Reiche Perlenstickerei in Kombination mit dekadenten, dimensionalen Blumen und glitzerndem T\u00fcll machen dieses Modell zum Inbegriff von opulentem Luxus. Zarte Blumentr\u00e4ger akzentuieren ihr Mieder mit herzf\u00f6rmigem Ausschnitt und optionale durchsichtige Bischofs\u00e4rmel sorgen f\u00fcr einen sanften romantischen Touch. Als Erg\u00e4nzung zu diesem Kleid k\u00f6nnen Sie das Modell SL41 mit abnehmbaren \u00c4rmeln und das Modell V272 mit Schleier bestellen (beide separat bei Koonings The Wedding Palace erh\u00e4ltlich).","breadcrumb":{"@id":"https:\/\/www.koonings.com\/de\/product\/demetrios-1245\/#breadcrumb"},"inLanguage":"de","potentialAction":[{"@type":"ReadAction","target":["https:\/\/www.koonings.com\/de\/product\/demetrios-1245\/"]}]},{"@type":"ImageObject","inLanguage":"de","@id":"https:\/\/www.koonings.com\/de\/product\/demetrios-1245\/#primaryimage","url":"https:\/\/www.koonings.com\/wp-content\/uploads\/2024\/11\/39783_5ed0821ce1de781118701408fa271a3c9b2dbf4fe48079a2513aeb1aa3b2a27ab0b345ad-scaled.jpeg","contentUrl":"https:\/\/www.koonings.com\/wp-content\/uploads\/2024\/11\/39783_5ed0821ce1de781118701408fa271a3c9b2dbf4fe48079a2513aeb1aa3b2a27ab0b345ad-scaled.jpeg","width":1808,"height":2560},{"@type":"BreadcrumbList","@id":"https:\/\/www.koonings.com\/de\/product\/demetrios-1245\/#breadcrumb","itemListElement":[{"@type":"ListItem","position":1,"name":"Home","item":"https:\/\/www.koonings.com\/de\/"},{"@type":"ListItem","position":2,"name":"Demetrios 1245"}]},{"@type":"WebSite","@id":"https:\/\/www.koonings.com\/de\/#website","url":"https:\/\/www.koonings.com\/de\/","name":"Koonings","description":"De grootste bruidsmodewinkel ter wereld","publisher":{"@id":"https:\/\/www.koonings.com\/de\/#organization"},"potentialAction":[{"@type":"SearchAction","target":{"@type":"EntryPoint","urlTemplate":"https:\/\/www.koonings.com\/de\/?s={search_term_string}"},"query-input":{"@type":"PropertyValueSpecification","valueRequired":true,"valueName":"search_term_string"}}],"inLanguage":"de"},{"@type":"Organization","@id":"https:\/\/www.koonings.com\/de\/#organization","name":"Koonings","url":"https:\/\/www.koonings.com\/de\/","logo":{"@type":"ImageObject","inLanguage":"de","@id":"https:\/\/www.koonings.com\/de\/#\/schema\/logo\/image\/","url":"https:\/\/www.koonings.com\/wp-content\/uploads\/2024\/07\/logo.png","contentUrl":"https:\/\/www.koonings.com\/wp-content\/uploads\/2024\/07\/logo.png","width":600,"height":428,"caption":"Koonings"},"image":{"@id":"https:\/\/www.koonings.com\/de\/#\/schema\/logo\/image\/"},"sameAs":["https:\/\/www.facebook.com\/kooningstheweddingpalace","https:\/\/www.instagram.com\/kooningstheweddingpalace","https:\/\/www.pinterest.com\/koonings","https:\/\/www.youtube.com\/kooningstheweddingpalace"]}]}},"_links":{"self":[{"href":"https:\/\/www.koonings.com\/de\/wp-json\/wp\/v2\/product\/77816","targetHints":{"allow":["GET"]}}],"collection":[{"href":"https:\/\/www.koonings.com\/de\/wp-json\/wp\/v2\/product"}],"about":[{"href":"https:\/\/www.koonings.com\/de\/wp-json\/wp\/v2\/types\/product"}],"wp:featuredmedia":[{"embeddable":true,"href":"https:\/\/www.koonings.com\/de\/wp-json\/wp\/v2\/media\/42627"}],"wp:attachment":[{"href":"https:\/\/www.koonings.com\/de\/wp-json\/wp\/v2\/media?parent=77816"}],"wp:term":[{"taxonomy":"productdetails","embeddable":true,"href":"https:\/\/www.koonings.com\/de\/wp-json\/wp\/v2\/productdetails?post=77816"},{"taxonomy":"productneck","embeddable":true,"href":"https:\/\/www.koonings.com\/de\/wp-json\/wp\/v2\/productneck?post=77816"},{"taxonomy":"productcolor","embeddable":true,"href":"https:\/\/www.koonings.com\/de\/wp-json\/wp\/v2\/productcolor?post=77816"},{"taxonomy":"maat","embeddable":true,"href":"https:\/\/www.koonings.com\/de\/wp-json\/wp\/v2\/maat?post=77816"},{"taxonomy":"productsupplier","embeddable":true,"href":"https:\/\/www.koonings.com\/de\/wp-json\/wp\/v2\/productsupplier?post=77816"},{"taxonomy":"productsleeve","embeddable":true,"href":"https:\/\/www.koonings.com\/de\/wp-json\/wp\/v2\/productsleeve?post=77816"},{"taxonomy":"productcategory","embeddable":true,"href":"https:\/\/www.koonings.com\/de\/wp-json\/wp\/v2\/productcategory?post=77816"},{"taxonomy":"productsilhouette","embeddable":true,"href":"https:\/\/www.koonings.com\/de\/wp-json\/wp\/v2\/productsilhouette?post=77816"},{"taxonomy":"productstyle","embeddable":true,"href":"https:\/\/www.koonings.com\/de\/wp-json\/wp\/v2\/productstyle?post=77816"}],"curies":[{"name":"wp","href":"https:\/\/api.w.org\/{rel}","templated":true}]}}