{"id":77807,"date":"2025-12-15T00:26:32","date_gmt":"2025-12-14T23:26:32","guid":{"rendered":"https:\/\/www.koonings.com\/product\/demetrios-platinum-dp483\/"},"modified":"2026-02-02T14:25:36","modified_gmt":"2026-02-02T13:25:36","slug":"demetrios-platinum-dp483","status":"publish","type":"product","link":"https:\/\/www.koonings.com\/de\/product\/demetrios-platinum-dp483\/","title":{"rendered":"Demetrios Platin DP483"},"content":{"rendered":"<p>\u00dcppige Romantik und zeitloser Brautschmuck vereinen sich in dem atemberaubenden Viveca Kleid. Dieses Ballkleid schmeichelt jedem K\u00f6rpertyp mit seiner \u00fcppigen Silhouette und dem \u00e4rmellosen V-Ausschnitt mit verstreuter 3D-Spitze und funkelnden Verzierungen. Der passende Schleier V263 ist separat bei Koonings erh\u00e4ltlich.  <\/p>\n","protected":false},"featured_media":20756,"template":"","meta":{"_acf_changed":false,"ghostkit_customizer_options":"","ghostkit_custom_css":"","ghostkit_custom_js_head":"","ghostkit_custom_js_foot":"","ghostkit_typography":""},"productdetails":[],"productneck":[356],"productcolor":[392],"maat":[],"productsupplier":[403],"productsleeve":[359],"productcategory":[18],"productsilhouette":[],"productstyle":[],"class_list":["post-77807","product","type-product","status-publish","has-post-thumbnail","hentry","productneck-356","productcolor-392","productsupplier-demetrios-platinum","productsleeve-359","productcategory-trouwjurken"],"acf":[],"yoast_head":"<!-- This site is optimized with the Yoast SEO plugin v27.3 - https:\/\/yoast.com\/product\/yoast-seo-wordpress\/ -->\n<title>Demetrios Platin DP483 | Koonings<\/title>\n<meta name=\"description\" content=\"\u00dcppige Romantik und zeitloser Brautschmuck vereinen sich in dem atemberaubenden Viveca Kleid. Dieses Ballkleid schmeichelt jedem K\u00f6rpertyp mit seiner \u00fcppigen Silhouette und dem \u00e4rmellosen V-Ausschnitt mit verstreuter 3D-Spitze und funkelnden Verzierungen. Der passende Schleier V263 ist separat bei Koonings erh\u00e4ltlich.\" \/>\n<meta name=\"robots\" content=\"index, follow, max-snippet:-1, max-image-preview:large, max-video-preview:-1\" \/>\n<link rel=\"canonical\" href=\"https:\/\/www.koonings.com\/de\/product\/demetrios-platinum-dp483\/\" \/>\n<meta property=\"og:locale\" content=\"de_DE\" \/>\n<meta property=\"og:type\" content=\"article\" \/>\n<meta property=\"og:title\" content=\"Demetrios Platin DP483 | Koonings\" \/>\n<meta property=\"og:description\" content=\"\u00dcppige Romantik und zeitloser Brautschmuck vereinen sich in dem atemberaubenden Viveca Kleid. Dieses Ballkleid schmeichelt jedem K\u00f6rpertyp mit seiner \u00fcppigen Silhouette und dem \u00e4rmellosen V-Ausschnitt mit verstreuter 3D-Spitze und funkelnden Verzierungen. Der passende Schleier V263 ist separat bei Koonings erh\u00e4ltlich.\" \/>\n<meta property=\"og:url\" content=\"https:\/\/www.koonings.com\/de\/product\/demetrios-platinum-dp483\/\" \/>\n<meta property=\"og:site_name\" content=\"Koonings\" \/>\n<meta property=\"article:publisher\" content=\"https:\/\/www.facebook.com\/kooningstheweddingpalace\" \/>\n<meta property=\"article:modified_time\" content=\"2026-02-02T13:25:36+00:00\" \/>\n<meta property=\"og:image\" content=\"https:\/\/www.koonings.com\/wp-content\/uploads\/2024\/08\/39795_e3cc1ef5b1a2dd8727a2ab533e26ea82b09da8e11f3eeda8ee0a08a6cb8d798a97e8ffe0.jpeg\" \/>\n\t<meta property=\"og:image:width\" content=\"398\" \/>\n\t<meta property=\"og:image:height\" content=\"708\" \/>\n\t<meta property=\"og:image:type\" content=\"image\/jpeg\" \/>\n<meta name=\"twitter:card\" content=\"summary_large_image\" \/>\n<script type=\"application\/ld+json\" class=\"yoast-schema-graph\">{\"@context\":\"https:\\\/\\\/schema.org\",\"@graph\":[{\"@type\":\"WebPage\",\"@id\":\"https:\\\/\\\/www.koonings.com\\\/de\\\/product\\\/demetrios-platinum-dp483\\\/\",\"url\":\"https:\\\/\\\/www.koonings.com\\\/de\\\/product\\\/demetrios-platinum-dp483\\\/\",\"name\":\"Demetrios Platin DP483 | Koonings\",\"isPartOf\":{\"@id\":\"https:\\\/\\\/www.koonings.com\\\/de\\\/#website\"},\"primaryImageOfPage\":{\"@id\":\"https:\\\/\\\/www.koonings.com\\\/de\\\/product\\\/demetrios-platinum-dp483\\\/#primaryimage\"},\"image\":{\"@id\":\"https:\\\/\\\/www.koonings.com\\\/de\\\/product\\\/demetrios-platinum-dp483\\\/#primaryimage\"},\"thumbnailUrl\":\"https:\\\/\\\/www.koonings.com\\\/wp-content\\\/uploads\\\/2024\\\/08\\\/39795_e3cc1ef5b1a2dd8727a2ab533e26ea82b09da8e11f3eeda8ee0a08a6cb8d798a97e8ffe0.jpeg\",\"datePublished\":\"2025-12-14T23:26:32+00:00\",\"dateModified\":\"2026-02-02T13:25:36+00:00\",\"description\":\"\u00dcppige Romantik und zeitloser Brautschmuck vereinen sich in dem atemberaubenden Viveca Kleid. Dieses Ballkleid schmeichelt jedem K\u00f6rpertyp mit seiner \u00fcppigen Silhouette und dem \u00e4rmellosen V-Ausschnitt mit verstreuter 3D-Spitze und funkelnden Verzierungen. Der passende Schleier V263 ist separat bei Koonings erh\u00e4ltlich.\",\"breadcrumb\":{\"@id\":\"https:\\\/\\\/www.koonings.com\\\/de\\\/product\\\/demetrios-platinum-dp483\\\/#breadcrumb\"},\"inLanguage\":\"de\",\"potentialAction\":[{\"@type\":\"ReadAction\",\"target\":[\"https:\\\/\\\/www.koonings.com\\\/de\\\/product\\\/demetrios-platinum-dp483\\\/\"]}]},{\"@type\":\"ImageObject\",\"inLanguage\":\"de\",\"@id\":\"https:\\\/\\\/www.koonings.com\\\/de\\\/product\\\/demetrios-platinum-dp483\\\/#primaryimage\",\"url\":\"https:\\\/\\\/www.koonings.com\\\/wp-content\\\/uploads\\\/2024\\\/08\\\/39795_e3cc1ef5b1a2dd8727a2ab533e26ea82b09da8e11f3eeda8ee0a08a6cb8d798a97e8ffe0.jpeg\",\"contentUrl\":\"https:\\\/\\\/www.koonings.com\\\/wp-content\\\/uploads\\\/2024\\\/08\\\/39795_e3cc1ef5b1a2dd8727a2ab533e26ea82b09da8e11f3eeda8ee0a08a6cb8d798a97e8ffe0.jpeg\",\"width\":398,\"height\":708},{\"@type\":\"BreadcrumbList\",\"@id\":\"https:\\\/\\\/www.koonings.com\\\/de\\\/product\\\/demetrios-platinum-dp483\\\/#breadcrumb\",\"itemListElement\":[{\"@type\":\"ListItem\",\"position\":1,\"name\":\"Home\",\"item\":\"https:\\\/\\\/www.koonings.com\\\/de\\\/\"},{\"@type\":\"ListItem\",\"position\":2,\"name\":\"Demetrios Platin DP483\"}]},{\"@type\":\"WebSite\",\"@id\":\"https:\\\/\\\/www.koonings.com\\\/de\\\/#website\",\"url\":\"https:\\\/\\\/www.koonings.com\\\/de\\\/\",\"name\":\"Koonings\",\"description\":\"De grootste bruidsmodewinkel ter wereld\",\"publisher\":{\"@id\":\"https:\\\/\\\/www.koonings.com\\\/de\\\/#organization\"},\"potentialAction\":[{\"@type\":\"SearchAction\",\"target\":{\"@type\":\"EntryPoint\",\"urlTemplate\":\"https:\\\/\\\/www.koonings.com\\\/de\\\/?s={search_term_string}\"},\"query-input\":{\"@type\":\"PropertyValueSpecification\",\"valueRequired\":true,\"valueName\":\"search_term_string\"}}],\"inLanguage\":\"de\"},{\"@type\":\"Organization\",\"@id\":\"https:\\\/\\\/www.koonings.com\\\/de\\\/#organization\",\"name\":\"Koonings\",\"url\":\"https:\\\/\\\/www.koonings.com\\\/de\\\/\",\"logo\":{\"@type\":\"ImageObject\",\"inLanguage\":\"de\",\"@id\":\"https:\\\/\\\/www.koonings.com\\\/de\\\/#\\\/schema\\\/logo\\\/image\\\/\",\"url\":\"https:\\\/\\\/www.koonings.com\\\/wp-content\\\/uploads\\\/2024\\\/07\\\/logo.png\",\"contentUrl\":\"https:\\\/\\\/www.koonings.com\\\/wp-content\\\/uploads\\\/2024\\\/07\\\/logo.png\",\"width\":600,\"height\":428,\"caption\":\"Koonings\"},\"image\":{\"@id\":\"https:\\\/\\\/www.koonings.com\\\/de\\\/#\\\/schema\\\/logo\\\/image\\\/\"},\"sameAs\":[\"https:\\\/\\\/www.facebook.com\\\/kooningstheweddingpalace\",\"https:\\\/\\\/www.instagram.com\\\/kooningstheweddingpalace\",\"https:\\\/\\\/www.pinterest.com\\\/koonings\",\"https:\\\/\\\/www.youtube.com\\\/kooningstheweddingpalace\"]}]}<\/script>\n<!-- \/ Yoast SEO plugin. -->","yoast_head_json":{"title":"Demetrios Platin DP483 | Koonings","description":"\u00dcppige Romantik und zeitloser Brautschmuck vereinen sich in dem atemberaubenden Viveca Kleid. Dieses Ballkleid schmeichelt jedem K\u00f6rpertyp mit seiner \u00fcppigen Silhouette und dem \u00e4rmellosen V-Ausschnitt mit verstreuter 3D-Spitze und funkelnden Verzierungen. Der passende Schleier V263 ist separat bei Koonings erh\u00e4ltlich.","robots":{"index":"index","follow":"follow","max-snippet":"max-snippet:-1","max-image-preview":"max-image-preview:large","max-video-preview":"max-video-preview:-1"},"canonical":"https:\/\/www.koonings.com\/de\/product\/demetrios-platinum-dp483\/","og_locale":"de_DE","og_type":"article","og_title":"Demetrios Platin DP483 | Koonings","og_description":"\u00dcppige Romantik und zeitloser Brautschmuck vereinen sich in dem atemberaubenden Viveca Kleid. Dieses Ballkleid schmeichelt jedem K\u00f6rpertyp mit seiner \u00fcppigen Silhouette und dem \u00e4rmellosen V-Ausschnitt mit verstreuter 3D-Spitze und funkelnden Verzierungen. Der passende Schleier V263 ist separat bei Koonings erh\u00e4ltlich.","og_url":"https:\/\/www.koonings.com\/de\/product\/demetrios-platinum-dp483\/","og_site_name":"Koonings","article_publisher":"https:\/\/www.facebook.com\/kooningstheweddingpalace","article_modified_time":"2026-02-02T13:25:36+00:00","og_image":[{"width":398,"height":708,"url":"https:\/\/www.koonings.com\/wp-content\/uploads\/2024\/08\/39795_e3cc1ef5b1a2dd8727a2ab533e26ea82b09da8e11f3eeda8ee0a08a6cb8d798a97e8ffe0.jpeg","type":"image\/jpeg"}],"twitter_card":"summary_large_image","schema":{"@context":"https:\/\/schema.org","@graph":[{"@type":"WebPage","@id":"https:\/\/www.koonings.com\/de\/product\/demetrios-platinum-dp483\/","url":"https:\/\/www.koonings.com\/de\/product\/demetrios-platinum-dp483\/","name":"Demetrios Platin DP483 | Koonings","isPartOf":{"@id":"https:\/\/www.koonings.com\/de\/#website"},"primaryImageOfPage":{"@id":"https:\/\/www.koonings.com\/de\/product\/demetrios-platinum-dp483\/#primaryimage"},"image":{"@id":"https:\/\/www.koonings.com\/de\/product\/demetrios-platinum-dp483\/#primaryimage"},"thumbnailUrl":"https:\/\/www.koonings.com\/wp-content\/uploads\/2024\/08\/39795_e3cc1ef5b1a2dd8727a2ab533e26ea82b09da8e11f3eeda8ee0a08a6cb8d798a97e8ffe0.jpeg","datePublished":"2025-12-14T23:26:32+00:00","dateModified":"2026-02-02T13:25:36+00:00","description":"\u00dcppige Romantik und zeitloser Brautschmuck vereinen sich in dem atemberaubenden Viveca Kleid. Dieses Ballkleid schmeichelt jedem K\u00f6rpertyp mit seiner \u00fcppigen Silhouette und dem \u00e4rmellosen V-Ausschnitt mit verstreuter 3D-Spitze und funkelnden Verzierungen. Der passende Schleier V263 ist separat bei Koonings erh\u00e4ltlich.","breadcrumb":{"@id":"https:\/\/www.koonings.com\/de\/product\/demetrios-platinum-dp483\/#breadcrumb"},"inLanguage":"de","potentialAction":[{"@type":"ReadAction","target":["https:\/\/www.koonings.com\/de\/product\/demetrios-platinum-dp483\/"]}]},{"@type":"ImageObject","inLanguage":"de","@id":"https:\/\/www.koonings.com\/de\/product\/demetrios-platinum-dp483\/#primaryimage","url":"https:\/\/www.koonings.com\/wp-content\/uploads\/2024\/08\/39795_e3cc1ef5b1a2dd8727a2ab533e26ea82b09da8e11f3eeda8ee0a08a6cb8d798a97e8ffe0.jpeg","contentUrl":"https:\/\/www.koonings.com\/wp-content\/uploads\/2024\/08\/39795_e3cc1ef5b1a2dd8727a2ab533e26ea82b09da8e11f3eeda8ee0a08a6cb8d798a97e8ffe0.jpeg","width":398,"height":708},{"@type":"BreadcrumbList","@id":"https:\/\/www.koonings.com\/de\/product\/demetrios-platinum-dp483\/#breadcrumb","itemListElement":[{"@type":"ListItem","position":1,"name":"Home","item":"https:\/\/www.koonings.com\/de\/"},{"@type":"ListItem","position":2,"name":"Demetrios Platin DP483"}]},{"@type":"WebSite","@id":"https:\/\/www.koonings.com\/de\/#website","url":"https:\/\/www.koonings.com\/de\/","name":"Koonings","description":"De grootste bruidsmodewinkel ter wereld","publisher":{"@id":"https:\/\/www.koonings.com\/de\/#organization"},"potentialAction":[{"@type":"SearchAction","target":{"@type":"EntryPoint","urlTemplate":"https:\/\/www.koonings.com\/de\/?s={search_term_string}"},"query-input":{"@type":"PropertyValueSpecification","valueRequired":true,"valueName":"search_term_string"}}],"inLanguage":"de"},{"@type":"Organization","@id":"https:\/\/www.koonings.com\/de\/#organization","name":"Koonings","url":"https:\/\/www.koonings.com\/de\/","logo":{"@type":"ImageObject","inLanguage":"de","@id":"https:\/\/www.koonings.com\/de\/#\/schema\/logo\/image\/","url":"https:\/\/www.koonings.com\/wp-content\/uploads\/2024\/07\/logo.png","contentUrl":"https:\/\/www.koonings.com\/wp-content\/uploads\/2024\/07\/logo.png","width":600,"height":428,"caption":"Koonings"},"image":{"@id":"https:\/\/www.koonings.com\/de\/#\/schema\/logo\/image\/"},"sameAs":["https:\/\/www.facebook.com\/kooningstheweddingpalace","https:\/\/www.instagram.com\/kooningstheweddingpalace","https:\/\/www.pinterest.com\/koonings","https:\/\/www.youtube.com\/kooningstheweddingpalace"]}]}},"_links":{"self":[{"href":"https:\/\/www.koonings.com\/de\/wp-json\/wp\/v2\/product\/77807","targetHints":{"allow":["GET"]}}],"collection":[{"href":"https:\/\/www.koonings.com\/de\/wp-json\/wp\/v2\/product"}],"about":[{"href":"https:\/\/www.koonings.com\/de\/wp-json\/wp\/v2\/types\/product"}],"wp:featuredmedia":[{"embeddable":true,"href":"https:\/\/www.koonings.com\/de\/wp-json\/wp\/v2\/media\/20756"}],"wp:attachment":[{"href":"https:\/\/www.koonings.com\/de\/wp-json\/wp\/v2\/media?parent=77807"}],"wp:term":[{"taxonomy":"productdetails","embeddable":true,"href":"https:\/\/www.koonings.com\/de\/wp-json\/wp\/v2\/productdetails?post=77807"},{"taxonomy":"productneck","embeddable":true,"href":"https:\/\/www.koonings.com\/de\/wp-json\/wp\/v2\/productneck?post=77807"},{"taxonomy":"productcolor","embeddable":true,"href":"https:\/\/www.koonings.com\/de\/wp-json\/wp\/v2\/productcolor?post=77807"},{"taxonomy":"maat","embeddable":true,"href":"https:\/\/www.koonings.com\/de\/wp-json\/wp\/v2\/maat?post=77807"},{"taxonomy":"productsupplier","embeddable":true,"href":"https:\/\/www.koonings.com\/de\/wp-json\/wp\/v2\/productsupplier?post=77807"},{"taxonomy":"productsleeve","embeddable":true,"href":"https:\/\/www.koonings.com\/de\/wp-json\/wp\/v2\/productsleeve?post=77807"},{"taxonomy":"productcategory","embeddable":true,"href":"https:\/\/www.koonings.com\/de\/wp-json\/wp\/v2\/productcategory?post=77807"},{"taxonomy":"productsilhouette","embeddable":true,"href":"https:\/\/www.koonings.com\/de\/wp-json\/wp\/v2\/productsilhouette?post=77807"},{"taxonomy":"productstyle","embeddable":true,"href":"https:\/\/www.koonings.com\/de\/wp-json\/wp\/v2\/productstyle?post=77807"}],"curies":[{"name":"wp","href":"https:\/\/api.w.org\/{rel}","templated":true}]}}