{"id":77804,"date":"2025-12-15T00:26:28","date_gmt":"2025-12-14T23:26:28","guid":{"rendered":"https:\/\/www.koonings.com\/product\/demetrios-capsule-200148s\/"},"modified":"2026-02-02T14:33:37","modified_gmt":"2026-02-02T13:33:37","slug":"demetrios-capsule-200148s","status":"publish","type":"product","link":"https:\/\/www.koonings.com\/de\/product\/demetrios-capsule-200148s\/","title":{"rendered":"Demetrios-Kapsel 200148S"},"content":{"rendered":"<p>Dieses schlichte und luxuri\u00f6se Modell von Demetrios enth\u00e4lt mit seinem tiefen V-Ausschnitt und dem \u00fcppigen, volumin\u00f6sen Ballkleidrock sexy und doch klassische Elemente. Der verf\u00fchrerische, tiefe R\u00fcckenausschnitt wird von durchscheinenden Kn\u00f6pfen vervollst\u00e4ndigt, die den perfekten Schliff verleihen. Erh\u00e4ltlich bei Koonings The Wedding Palace in Satin oder Mikado  <\/p>\n","protected":false},"featured_media":42684,"template":"","meta":{"_acf_changed":false,"ghostkit_customizer_options":"","ghostkit_custom_css":"","ghostkit_custom_js_head":"","ghostkit_custom_js_foot":"","ghostkit_typography":""},"productdetails":[],"productneck":[356],"productcolor":[392],"maat":[],"productsupplier":[453],"productsleeve":[359],"productcategory":[18],"productsilhouette":[388],"productstyle":[372],"class_list":["post-77804","product","type-product","status-publish","has-post-thumbnail","hentry","productneck-356","productcolor-392","productsupplier-demetrios-capsule","productsleeve-359","productcategory-trouwjurken","productsilhouette-388","productstyle-372"],"acf":[],"yoast_head":"<!-- This site is optimized with the Yoast SEO plugin v27.3 - https:\/\/yoast.com\/product\/yoast-seo-wordpress\/ -->\n<title>Demetrios-Kapsel 200148S | Koonings<\/title>\n<meta name=\"description\" content=\"Dieses schlichte und luxuri\u00f6se Modell von Demetrios enth\u00e4lt mit seinem tiefen V-Ausschnitt und dem \u00fcppigen, volumin\u00f6sen Ballkleidrock sexy und doch klassische Elemente. Der verf\u00fchrerische, tiefe R\u00fcckenausschnitt wird von durchscheinenden Kn\u00f6pfen vervollst\u00e4ndigt, die den perfekten Schliff verleihen. Erh\u00e4ltlich bei Koonings The Wedding Palace in Satin oder Mikado\" \/>\n<meta name=\"robots\" content=\"index, follow, max-snippet:-1, max-image-preview:large, max-video-preview:-1\" \/>\n<link rel=\"canonical\" href=\"https:\/\/www.koonings.com\/de\/product\/demetrios-capsule-200148s\/\" \/>\n<meta property=\"og:locale\" content=\"de_DE\" \/>\n<meta property=\"og:type\" content=\"article\" \/>\n<meta property=\"og:title\" content=\"Demetrios-Kapsel 200148S | Koonings\" \/>\n<meta property=\"og:description\" content=\"Dieses schlichte und luxuri\u00f6se Modell von Demetrios enth\u00e4lt mit seinem tiefen V-Ausschnitt und dem \u00fcppigen, volumin\u00f6sen Ballkleidrock sexy und doch klassische Elemente. Der verf\u00fchrerische, tiefe R\u00fcckenausschnitt wird von durchscheinenden Kn\u00f6pfen vervollst\u00e4ndigt, die den perfekten Schliff verleihen. Erh\u00e4ltlich bei Koonings The Wedding Palace in Satin oder Mikado\" \/>\n<meta property=\"og:url\" content=\"https:\/\/www.koonings.com\/de\/product\/demetrios-capsule-200148s\/\" \/>\n<meta property=\"og:site_name\" content=\"Koonings\" \/>\n<meta property=\"article:publisher\" content=\"https:\/\/www.facebook.com\/kooningstheweddingpalace\" \/>\n<meta property=\"article:modified_time\" content=\"2026-02-02T13:33:37+00:00\" \/>\n<meta property=\"og:image\" content=\"https:\/\/www.koonings.com\/wp-content\/uploads\/2024\/11\/39787_f9528cc31043bf898ab4d21fbbeb29de650cb28308a688918fb6790f805974942c4318b3-scaled.jpeg\" \/>\n\t<meta property=\"og:image:width\" content=\"1811\" \/>\n\t<meta property=\"og:image:height\" content=\"2560\" \/>\n\t<meta property=\"og:image:type\" content=\"image\/jpeg\" \/>\n<meta name=\"twitter:card\" content=\"summary_large_image\" \/>\n<script type=\"application\/ld+json\" class=\"yoast-schema-graph\">{\"@context\":\"https:\\\/\\\/schema.org\",\"@graph\":[{\"@type\":\"WebPage\",\"@id\":\"https:\\\/\\\/www.koonings.com\\\/de\\\/product\\\/demetrios-capsule-200148s\\\/\",\"url\":\"https:\\\/\\\/www.koonings.com\\\/de\\\/product\\\/demetrios-capsule-200148s\\\/\",\"name\":\"Demetrios-Kapsel 200148S | Koonings\",\"isPartOf\":{\"@id\":\"https:\\\/\\\/www.koonings.com\\\/de\\\/#website\"},\"primaryImageOfPage\":{\"@id\":\"https:\\\/\\\/www.koonings.com\\\/de\\\/product\\\/demetrios-capsule-200148s\\\/#primaryimage\"},\"image\":{\"@id\":\"https:\\\/\\\/www.koonings.com\\\/de\\\/product\\\/demetrios-capsule-200148s\\\/#primaryimage\"},\"thumbnailUrl\":\"https:\\\/\\\/www.koonings.com\\\/wp-content\\\/uploads\\\/2024\\\/11\\\/39787_f9528cc31043bf898ab4d21fbbeb29de650cb28308a688918fb6790f805974942c4318b3-scaled.jpeg\",\"datePublished\":\"2025-12-14T23:26:28+00:00\",\"dateModified\":\"2026-02-02T13:33:37+00:00\",\"description\":\"Dieses schlichte und luxuri\u00f6se Modell von Demetrios enth\u00e4lt mit seinem tiefen V-Ausschnitt und dem \u00fcppigen, volumin\u00f6sen Ballkleidrock sexy und doch klassische Elemente. Der verf\u00fchrerische, tiefe R\u00fcckenausschnitt wird von durchscheinenden Kn\u00f6pfen vervollst\u00e4ndigt, die den perfekten Schliff verleihen. Erh\u00e4ltlich bei Koonings The Wedding Palace in Satin oder Mikado\",\"breadcrumb\":{\"@id\":\"https:\\\/\\\/www.koonings.com\\\/de\\\/product\\\/demetrios-capsule-200148s\\\/#breadcrumb\"},\"inLanguage\":\"de\",\"potentialAction\":[{\"@type\":\"ReadAction\",\"target\":[\"https:\\\/\\\/www.koonings.com\\\/de\\\/product\\\/demetrios-capsule-200148s\\\/\"]}]},{\"@type\":\"ImageObject\",\"inLanguage\":\"de\",\"@id\":\"https:\\\/\\\/www.koonings.com\\\/de\\\/product\\\/demetrios-capsule-200148s\\\/#primaryimage\",\"url\":\"https:\\\/\\\/www.koonings.com\\\/wp-content\\\/uploads\\\/2024\\\/11\\\/39787_f9528cc31043bf898ab4d21fbbeb29de650cb28308a688918fb6790f805974942c4318b3-scaled.jpeg\",\"contentUrl\":\"https:\\\/\\\/www.koonings.com\\\/wp-content\\\/uploads\\\/2024\\\/11\\\/39787_f9528cc31043bf898ab4d21fbbeb29de650cb28308a688918fb6790f805974942c4318b3-scaled.jpeg\",\"width\":1811,\"height\":2560},{\"@type\":\"BreadcrumbList\",\"@id\":\"https:\\\/\\\/www.koonings.com\\\/de\\\/product\\\/demetrios-capsule-200148s\\\/#breadcrumb\",\"itemListElement\":[{\"@type\":\"ListItem\",\"position\":1,\"name\":\"Home\",\"item\":\"https:\\\/\\\/www.koonings.com\\\/de\\\/\"},{\"@type\":\"ListItem\",\"position\":2,\"name\":\"Demetrios-Kapsel 200148S\"}]},{\"@type\":\"WebSite\",\"@id\":\"https:\\\/\\\/www.koonings.com\\\/de\\\/#website\",\"url\":\"https:\\\/\\\/www.koonings.com\\\/de\\\/\",\"name\":\"Koonings\",\"description\":\"De grootste bruidsmodewinkel ter wereld\",\"publisher\":{\"@id\":\"https:\\\/\\\/www.koonings.com\\\/de\\\/#organization\"},\"potentialAction\":[{\"@type\":\"SearchAction\",\"target\":{\"@type\":\"EntryPoint\",\"urlTemplate\":\"https:\\\/\\\/www.koonings.com\\\/de\\\/?s={search_term_string}\"},\"query-input\":{\"@type\":\"PropertyValueSpecification\",\"valueRequired\":true,\"valueName\":\"search_term_string\"}}],\"inLanguage\":\"de\"},{\"@type\":\"Organization\",\"@id\":\"https:\\\/\\\/www.koonings.com\\\/de\\\/#organization\",\"name\":\"Koonings\",\"url\":\"https:\\\/\\\/www.koonings.com\\\/de\\\/\",\"logo\":{\"@type\":\"ImageObject\",\"inLanguage\":\"de\",\"@id\":\"https:\\\/\\\/www.koonings.com\\\/de\\\/#\\\/schema\\\/logo\\\/image\\\/\",\"url\":\"https:\\\/\\\/www.koonings.com\\\/wp-content\\\/uploads\\\/2024\\\/07\\\/logo.png\",\"contentUrl\":\"https:\\\/\\\/www.koonings.com\\\/wp-content\\\/uploads\\\/2024\\\/07\\\/logo.png\",\"width\":600,\"height\":428,\"caption\":\"Koonings\"},\"image\":{\"@id\":\"https:\\\/\\\/www.koonings.com\\\/de\\\/#\\\/schema\\\/logo\\\/image\\\/\"},\"sameAs\":[\"https:\\\/\\\/www.facebook.com\\\/kooningstheweddingpalace\",\"https:\\\/\\\/www.instagram.com\\\/kooningstheweddingpalace\",\"https:\\\/\\\/www.pinterest.com\\\/koonings\",\"https:\\\/\\\/www.youtube.com\\\/kooningstheweddingpalace\"]}]}<\/script>\n<!-- \/ Yoast SEO plugin. -->","yoast_head_json":{"title":"Demetrios-Kapsel 200148S | Koonings","description":"Dieses schlichte und luxuri\u00f6se Modell von Demetrios enth\u00e4lt mit seinem tiefen V-Ausschnitt und dem \u00fcppigen, volumin\u00f6sen Ballkleidrock sexy und doch klassische Elemente. Der verf\u00fchrerische, tiefe R\u00fcckenausschnitt wird von durchscheinenden Kn\u00f6pfen vervollst\u00e4ndigt, die den perfekten Schliff verleihen. Erh\u00e4ltlich bei Koonings The Wedding Palace in Satin oder Mikado","robots":{"index":"index","follow":"follow","max-snippet":"max-snippet:-1","max-image-preview":"max-image-preview:large","max-video-preview":"max-video-preview:-1"},"canonical":"https:\/\/www.koonings.com\/de\/product\/demetrios-capsule-200148s\/","og_locale":"de_DE","og_type":"article","og_title":"Demetrios-Kapsel 200148S | Koonings","og_description":"Dieses schlichte und luxuri\u00f6se Modell von Demetrios enth\u00e4lt mit seinem tiefen V-Ausschnitt und dem \u00fcppigen, volumin\u00f6sen Ballkleidrock sexy und doch klassische Elemente. Der verf\u00fchrerische, tiefe R\u00fcckenausschnitt wird von durchscheinenden Kn\u00f6pfen vervollst\u00e4ndigt, die den perfekten Schliff verleihen. Erh\u00e4ltlich bei Koonings The Wedding Palace in Satin oder Mikado","og_url":"https:\/\/www.koonings.com\/de\/product\/demetrios-capsule-200148s\/","og_site_name":"Koonings","article_publisher":"https:\/\/www.facebook.com\/kooningstheweddingpalace","article_modified_time":"2026-02-02T13:33:37+00:00","og_image":[{"width":1811,"height":2560,"url":"https:\/\/www.koonings.com\/wp-content\/uploads\/2024\/11\/39787_f9528cc31043bf898ab4d21fbbeb29de650cb28308a688918fb6790f805974942c4318b3-scaled.jpeg","type":"image\/jpeg"}],"twitter_card":"summary_large_image","schema":{"@context":"https:\/\/schema.org","@graph":[{"@type":"WebPage","@id":"https:\/\/www.koonings.com\/de\/product\/demetrios-capsule-200148s\/","url":"https:\/\/www.koonings.com\/de\/product\/demetrios-capsule-200148s\/","name":"Demetrios-Kapsel 200148S | Koonings","isPartOf":{"@id":"https:\/\/www.koonings.com\/de\/#website"},"primaryImageOfPage":{"@id":"https:\/\/www.koonings.com\/de\/product\/demetrios-capsule-200148s\/#primaryimage"},"image":{"@id":"https:\/\/www.koonings.com\/de\/product\/demetrios-capsule-200148s\/#primaryimage"},"thumbnailUrl":"https:\/\/www.koonings.com\/wp-content\/uploads\/2024\/11\/39787_f9528cc31043bf898ab4d21fbbeb29de650cb28308a688918fb6790f805974942c4318b3-scaled.jpeg","datePublished":"2025-12-14T23:26:28+00:00","dateModified":"2026-02-02T13:33:37+00:00","description":"Dieses schlichte und luxuri\u00f6se Modell von Demetrios enth\u00e4lt mit seinem tiefen V-Ausschnitt und dem \u00fcppigen, volumin\u00f6sen Ballkleidrock sexy und doch klassische Elemente. Der verf\u00fchrerische, tiefe R\u00fcckenausschnitt wird von durchscheinenden Kn\u00f6pfen vervollst\u00e4ndigt, die den perfekten Schliff verleihen. Erh\u00e4ltlich bei Koonings The Wedding Palace in Satin oder Mikado","breadcrumb":{"@id":"https:\/\/www.koonings.com\/de\/product\/demetrios-capsule-200148s\/#breadcrumb"},"inLanguage":"de","potentialAction":[{"@type":"ReadAction","target":["https:\/\/www.koonings.com\/de\/product\/demetrios-capsule-200148s\/"]}]},{"@type":"ImageObject","inLanguage":"de","@id":"https:\/\/www.koonings.com\/de\/product\/demetrios-capsule-200148s\/#primaryimage","url":"https:\/\/www.koonings.com\/wp-content\/uploads\/2024\/11\/39787_f9528cc31043bf898ab4d21fbbeb29de650cb28308a688918fb6790f805974942c4318b3-scaled.jpeg","contentUrl":"https:\/\/www.koonings.com\/wp-content\/uploads\/2024\/11\/39787_f9528cc31043bf898ab4d21fbbeb29de650cb28308a688918fb6790f805974942c4318b3-scaled.jpeg","width":1811,"height":2560},{"@type":"BreadcrumbList","@id":"https:\/\/www.koonings.com\/de\/product\/demetrios-capsule-200148s\/#breadcrumb","itemListElement":[{"@type":"ListItem","position":1,"name":"Home","item":"https:\/\/www.koonings.com\/de\/"},{"@type":"ListItem","position":2,"name":"Demetrios-Kapsel 200148S"}]},{"@type":"WebSite","@id":"https:\/\/www.koonings.com\/de\/#website","url":"https:\/\/www.koonings.com\/de\/","name":"Koonings","description":"De grootste bruidsmodewinkel ter wereld","publisher":{"@id":"https:\/\/www.koonings.com\/de\/#organization"},"potentialAction":[{"@type":"SearchAction","target":{"@type":"EntryPoint","urlTemplate":"https:\/\/www.koonings.com\/de\/?s={search_term_string}"},"query-input":{"@type":"PropertyValueSpecification","valueRequired":true,"valueName":"search_term_string"}}],"inLanguage":"de"},{"@type":"Organization","@id":"https:\/\/www.koonings.com\/de\/#organization","name":"Koonings","url":"https:\/\/www.koonings.com\/de\/","logo":{"@type":"ImageObject","inLanguage":"de","@id":"https:\/\/www.koonings.com\/de\/#\/schema\/logo\/image\/","url":"https:\/\/www.koonings.com\/wp-content\/uploads\/2024\/07\/logo.png","contentUrl":"https:\/\/www.koonings.com\/wp-content\/uploads\/2024\/07\/logo.png","width":600,"height":428,"caption":"Koonings"},"image":{"@id":"https:\/\/www.koonings.com\/de\/#\/schema\/logo\/image\/"},"sameAs":["https:\/\/www.facebook.com\/kooningstheweddingpalace","https:\/\/www.instagram.com\/kooningstheweddingpalace","https:\/\/www.pinterest.com\/koonings","https:\/\/www.youtube.com\/kooningstheweddingpalace"]}]}},"_links":{"self":[{"href":"https:\/\/www.koonings.com\/de\/wp-json\/wp\/v2\/product\/77804","targetHints":{"allow":["GET"]}}],"collection":[{"href":"https:\/\/www.koonings.com\/de\/wp-json\/wp\/v2\/product"}],"about":[{"href":"https:\/\/www.koonings.com\/de\/wp-json\/wp\/v2\/types\/product"}],"wp:featuredmedia":[{"embeddable":true,"href":"https:\/\/www.koonings.com\/de\/wp-json\/wp\/v2\/media\/42684"}],"wp:attachment":[{"href":"https:\/\/www.koonings.com\/de\/wp-json\/wp\/v2\/media?parent=77804"}],"wp:term":[{"taxonomy":"productdetails","embeddable":true,"href":"https:\/\/www.koonings.com\/de\/wp-json\/wp\/v2\/productdetails?post=77804"},{"taxonomy":"productneck","embeddable":true,"href":"https:\/\/www.koonings.com\/de\/wp-json\/wp\/v2\/productneck?post=77804"},{"taxonomy":"productcolor","embeddable":true,"href":"https:\/\/www.koonings.com\/de\/wp-json\/wp\/v2\/productcolor?post=77804"},{"taxonomy":"maat","embeddable":true,"href":"https:\/\/www.koonings.com\/de\/wp-json\/wp\/v2\/maat?post=77804"},{"taxonomy":"productsupplier","embeddable":true,"href":"https:\/\/www.koonings.com\/de\/wp-json\/wp\/v2\/productsupplier?post=77804"},{"taxonomy":"productsleeve","embeddable":true,"href":"https:\/\/www.koonings.com\/de\/wp-json\/wp\/v2\/productsleeve?post=77804"},{"taxonomy":"productcategory","embeddable":true,"href":"https:\/\/www.koonings.com\/de\/wp-json\/wp\/v2\/productcategory?post=77804"},{"taxonomy":"productsilhouette","embeddable":true,"href":"https:\/\/www.koonings.com\/de\/wp-json\/wp\/v2\/productsilhouette?post=77804"},{"taxonomy":"productstyle","embeddable":true,"href":"https:\/\/www.koonings.com\/de\/wp-json\/wp\/v2\/productstyle?post=77804"}],"curies":[{"name":"wp","href":"https:\/\/api.w.org\/{rel}","templated":true}]}}