{"id":77767,"date":"2026-04-14T16:16:49","date_gmt":"2026-04-14T14:16:49","guid":{"rendered":"https:\/\/www.koonings.com\/product\/muse-by-berta-24-04\/"},"modified":"2026-02-13T12:01:31","modified_gmt":"2026-02-13T11:01:31","slug":"muse-by-berta-24-04","status":"publish","type":"product","link":"https:\/\/www.koonings.com\/de\/product\/muse-by-berta-24-04\/","title":{"rendered":"Muse von Berta 24-04"},"content":{"rendered":"<p>Diese atemberaubende, mit Spitze gef\u00fctterte Meerjungfrau stammt aus der Kollektion 2024 von Berta und wird ab Fr\u00fchjahr 2024 exklusiv bei Koonings erh\u00e4ltlich sein. Das Kleid hat besondere \u00c4rmel, die aus der gleichen Spitze bestehen wie das gesamte Kleid. Die schlanke Silhouette und der durchsichtige R\u00fccken verleihen diesem Kleid einen sexy Touch, ebenso wie der romantische Spitzenrock, der in eine wundersch\u00f6ne kurze Schleppe \u00fcbergeht.  <\/p>\n","protected":false},"featured_media":43355,"template":"","meta":{"_acf_changed":false,"ghostkit_customizer_options":"","ghostkit_custom_css":"","ghostkit_custom_js_head":"","ghostkit_custom_js_foot":"","ghostkit_typography":""},"productdetails":[379,376],"productneck":[354,355],"productcolor":[393,392],"maat":[],"productsupplier":[399],"productsleeve":[362,363],"productcategory":[18],"productsilhouette":[387,390],"productstyle":[367,366,370],"class_list":["post-77767","product","type-product","status-publish","has-post-thumbnail","hentry","productdetails-379","productdetails-376","productneck-354","productneck-355","productcolor-393","productcolor-392","productsupplier-muse-by-berta","productsleeve-362","productsleeve-363","productcategory-trouwjurken","productsilhouette-387","productsilhouette-390","productstyle-367","productstyle-366","productstyle-370"],"acf":[],"yoast_head":"<!-- This site is optimized with the Yoast SEO plugin v27.3 - https:\/\/yoast.com\/product\/yoast-seo-wordpress\/ -->\n<title>Muse von Berta 24-04 | Koonings<\/title>\n<meta name=\"description\" content=\"Diese atemberaubende, mit Spitze gef\u00fctterte Meerjungfrau stammt aus der Kollektion 2024 von Berta und wird ab Fr\u00fchjahr 2024 exklusiv bei Koonings erh\u00e4ltlich sein. Das Kleid hat besondere \u00c4rmel, die aus der gleichen Spitze bestehen wie das gesamte Kleid. Die schlanke Silhouette und der durchsichtige R\u00fccken verleihen diesem Kleid einen sexy Touch, ebenso wie der romantische Spitzenrock, der in eine wundersch\u00f6ne kurze Schleppe \u00fcbergeht.\" \/>\n<meta name=\"robots\" content=\"index, follow, max-snippet:-1, max-image-preview:large, max-video-preview:-1\" \/>\n<link rel=\"canonical\" href=\"https:\/\/www.koonings.com\/de\/product\/muse-by-berta-24-04\/\" \/>\n<meta property=\"og:locale\" content=\"de_DE\" \/>\n<meta property=\"og:type\" content=\"article\" \/>\n<meta property=\"og:title\" content=\"Muse von Berta 24-04 | Koonings\" \/>\n<meta property=\"og:description\" content=\"Diese atemberaubende, mit Spitze gef\u00fctterte Meerjungfrau stammt aus der Kollektion 2024 von Berta und wird ab Fr\u00fchjahr 2024 exklusiv bei Koonings erh\u00e4ltlich sein. Das Kleid hat besondere \u00c4rmel, die aus der gleichen Spitze bestehen wie das gesamte Kleid. Die schlanke Silhouette und der durchsichtige R\u00fccken verleihen diesem Kleid einen sexy Touch, ebenso wie der romantische Spitzenrock, der in eine wundersch\u00f6ne kurze Schleppe \u00fcbergeht.\" \/>\n<meta property=\"og:url\" content=\"https:\/\/www.koonings.com\/de\/product\/muse-by-berta-24-04\/\" \/>\n<meta property=\"og:site_name\" content=\"Koonings\" \/>\n<meta property=\"article:publisher\" content=\"https:\/\/www.facebook.com\/kooningstheweddingpalace\" \/>\n<meta property=\"og:image\" content=\"https:\/\/www.koonings.com\/wp-content\/uploads\/2024\/11\/39870_1dea83d342e70c6dcefb4f1124dd03b920bd7465125bb3705742116ff71ca6a22e1b41c9-scaled.jpeg\" \/>\n\t<meta property=\"og:image:width\" content=\"1810\" \/>\n\t<meta property=\"og:image:height\" content=\"2560\" \/>\n\t<meta property=\"og:image:type\" content=\"image\/jpeg\" \/>\n<meta name=\"twitter:card\" content=\"summary_large_image\" \/>\n<script type=\"application\/ld+json\" class=\"yoast-schema-graph\">{\"@context\":\"https:\\\/\\\/schema.org\",\"@graph\":[{\"@type\":\"WebPage\",\"@id\":\"https:\\\/\\\/www.koonings.com\\\/de\\\/product\\\/muse-by-berta-24-04\\\/\",\"url\":\"https:\\\/\\\/www.koonings.com\\\/de\\\/product\\\/muse-by-berta-24-04\\\/\",\"name\":\"Muse von Berta 24-04 | Koonings\",\"isPartOf\":{\"@id\":\"https:\\\/\\\/www.koonings.com\\\/de\\\/#website\"},\"primaryImageOfPage\":{\"@id\":\"https:\\\/\\\/www.koonings.com\\\/de\\\/product\\\/muse-by-berta-24-04\\\/#primaryimage\"},\"image\":{\"@id\":\"https:\\\/\\\/www.koonings.com\\\/de\\\/product\\\/muse-by-berta-24-04\\\/#primaryimage\"},\"thumbnailUrl\":\"https:\\\/\\\/www.koonings.com\\\/wp-content\\\/uploads\\\/2024\\\/11\\\/39870_1dea83d342e70c6dcefb4f1124dd03b920bd7465125bb3705742116ff71ca6a22e1b41c9-scaled.jpeg\",\"datePublished\":\"2026-04-14T14:16:49+00:00\",\"description\":\"Diese atemberaubende, mit Spitze gef\u00fctterte Meerjungfrau stammt aus der Kollektion 2024 von Berta und wird ab Fr\u00fchjahr 2024 exklusiv bei Koonings erh\u00e4ltlich sein. Das Kleid hat besondere \u00c4rmel, die aus der gleichen Spitze bestehen wie das gesamte Kleid. Die schlanke Silhouette und der durchsichtige R\u00fccken verleihen diesem Kleid einen sexy Touch, ebenso wie der romantische Spitzenrock, der in eine wundersch\u00f6ne kurze Schleppe \u00fcbergeht.\",\"breadcrumb\":{\"@id\":\"https:\\\/\\\/www.koonings.com\\\/de\\\/product\\\/muse-by-berta-24-04\\\/#breadcrumb\"},\"inLanguage\":\"de\",\"potentialAction\":[{\"@type\":\"ReadAction\",\"target\":[\"https:\\\/\\\/www.koonings.com\\\/de\\\/product\\\/muse-by-berta-24-04\\\/\"]}]},{\"@type\":\"ImageObject\",\"inLanguage\":\"de\",\"@id\":\"https:\\\/\\\/www.koonings.com\\\/de\\\/product\\\/muse-by-berta-24-04\\\/#primaryimage\",\"url\":\"https:\\\/\\\/www.koonings.com\\\/wp-content\\\/uploads\\\/2024\\\/11\\\/39870_1dea83d342e70c6dcefb4f1124dd03b920bd7465125bb3705742116ff71ca6a22e1b41c9-scaled.jpeg\",\"contentUrl\":\"https:\\\/\\\/www.koonings.com\\\/wp-content\\\/uploads\\\/2024\\\/11\\\/39870_1dea83d342e70c6dcefb4f1124dd03b920bd7465125bb3705742116ff71ca6a22e1b41c9-scaled.jpeg\",\"width\":1810,\"height\":2560},{\"@type\":\"BreadcrumbList\",\"@id\":\"https:\\\/\\\/www.koonings.com\\\/de\\\/product\\\/muse-by-berta-24-04\\\/#breadcrumb\",\"itemListElement\":[{\"@type\":\"ListItem\",\"position\":1,\"name\":\"Home\",\"item\":\"https:\\\/\\\/www.koonings.com\\\/de\\\/\"},{\"@type\":\"ListItem\",\"position\":2,\"name\":\"Muse von Berta 24-04\"}]},{\"@type\":\"WebSite\",\"@id\":\"https:\\\/\\\/www.koonings.com\\\/de\\\/#website\",\"url\":\"https:\\\/\\\/www.koonings.com\\\/de\\\/\",\"name\":\"Koonings\",\"description\":\"De grootste bruidsmodewinkel ter wereld\",\"publisher\":{\"@id\":\"https:\\\/\\\/www.koonings.com\\\/de\\\/#organization\"},\"potentialAction\":[{\"@type\":\"SearchAction\",\"target\":{\"@type\":\"EntryPoint\",\"urlTemplate\":\"https:\\\/\\\/www.koonings.com\\\/de\\\/?s={search_term_string}\"},\"query-input\":{\"@type\":\"PropertyValueSpecification\",\"valueRequired\":true,\"valueName\":\"search_term_string\"}}],\"inLanguage\":\"de\"},{\"@type\":\"Organization\",\"@id\":\"https:\\\/\\\/www.koonings.com\\\/de\\\/#organization\",\"name\":\"Koonings\",\"url\":\"https:\\\/\\\/www.koonings.com\\\/de\\\/\",\"logo\":{\"@type\":\"ImageObject\",\"inLanguage\":\"de\",\"@id\":\"https:\\\/\\\/www.koonings.com\\\/de\\\/#\\\/schema\\\/logo\\\/image\\\/\",\"url\":\"https:\\\/\\\/www.koonings.com\\\/wp-content\\\/uploads\\\/2024\\\/07\\\/logo.png\",\"contentUrl\":\"https:\\\/\\\/www.koonings.com\\\/wp-content\\\/uploads\\\/2024\\\/07\\\/logo.png\",\"width\":600,\"height\":428,\"caption\":\"Koonings\"},\"image\":{\"@id\":\"https:\\\/\\\/www.koonings.com\\\/de\\\/#\\\/schema\\\/logo\\\/image\\\/\"},\"sameAs\":[\"https:\\\/\\\/www.facebook.com\\\/kooningstheweddingpalace\",\"https:\\\/\\\/www.instagram.com\\\/kooningstheweddingpalace\",\"https:\\\/\\\/www.pinterest.com\\\/koonings\",\"https:\\\/\\\/www.youtube.com\\\/kooningstheweddingpalace\"]}]}<\/script>\n<!-- \/ Yoast SEO plugin. -->","yoast_head_json":{"title":"Muse von Berta 24-04 | Koonings","description":"Diese atemberaubende, mit Spitze gef\u00fctterte Meerjungfrau stammt aus der Kollektion 2024 von Berta und wird ab Fr\u00fchjahr 2024 exklusiv bei Koonings erh\u00e4ltlich sein. Das Kleid hat besondere \u00c4rmel, die aus der gleichen Spitze bestehen wie das gesamte Kleid. Die schlanke Silhouette und der durchsichtige R\u00fccken verleihen diesem Kleid einen sexy Touch, ebenso wie der romantische Spitzenrock, der in eine wundersch\u00f6ne kurze Schleppe \u00fcbergeht.","robots":{"index":"index","follow":"follow","max-snippet":"max-snippet:-1","max-image-preview":"max-image-preview:large","max-video-preview":"max-video-preview:-1"},"canonical":"https:\/\/www.koonings.com\/de\/product\/muse-by-berta-24-04\/","og_locale":"de_DE","og_type":"article","og_title":"Muse von Berta 24-04 | Koonings","og_description":"Diese atemberaubende, mit Spitze gef\u00fctterte Meerjungfrau stammt aus der Kollektion 2024 von Berta und wird ab Fr\u00fchjahr 2024 exklusiv bei Koonings erh\u00e4ltlich sein. Das Kleid hat besondere \u00c4rmel, die aus der gleichen Spitze bestehen wie das gesamte Kleid. Die schlanke Silhouette und der durchsichtige R\u00fccken verleihen diesem Kleid einen sexy Touch, ebenso wie der romantische Spitzenrock, der in eine wundersch\u00f6ne kurze Schleppe \u00fcbergeht.","og_url":"https:\/\/www.koonings.com\/de\/product\/muse-by-berta-24-04\/","og_site_name":"Koonings","article_publisher":"https:\/\/www.facebook.com\/kooningstheweddingpalace","og_image":[{"width":1810,"height":2560,"url":"https:\/\/www.koonings.com\/wp-content\/uploads\/2024\/11\/39870_1dea83d342e70c6dcefb4f1124dd03b920bd7465125bb3705742116ff71ca6a22e1b41c9-scaled.jpeg","type":"image\/jpeg"}],"twitter_card":"summary_large_image","schema":{"@context":"https:\/\/schema.org","@graph":[{"@type":"WebPage","@id":"https:\/\/www.koonings.com\/de\/product\/muse-by-berta-24-04\/","url":"https:\/\/www.koonings.com\/de\/product\/muse-by-berta-24-04\/","name":"Muse von Berta 24-04 | Koonings","isPartOf":{"@id":"https:\/\/www.koonings.com\/de\/#website"},"primaryImageOfPage":{"@id":"https:\/\/www.koonings.com\/de\/product\/muse-by-berta-24-04\/#primaryimage"},"image":{"@id":"https:\/\/www.koonings.com\/de\/product\/muse-by-berta-24-04\/#primaryimage"},"thumbnailUrl":"https:\/\/www.koonings.com\/wp-content\/uploads\/2024\/11\/39870_1dea83d342e70c6dcefb4f1124dd03b920bd7465125bb3705742116ff71ca6a22e1b41c9-scaled.jpeg","datePublished":"2026-04-14T14:16:49+00:00","description":"Diese atemberaubende, mit Spitze gef\u00fctterte Meerjungfrau stammt aus der Kollektion 2024 von Berta und wird ab Fr\u00fchjahr 2024 exklusiv bei Koonings erh\u00e4ltlich sein. Das Kleid hat besondere \u00c4rmel, die aus der gleichen Spitze bestehen wie das gesamte Kleid. Die schlanke Silhouette und der durchsichtige R\u00fccken verleihen diesem Kleid einen sexy Touch, ebenso wie der romantische Spitzenrock, der in eine wundersch\u00f6ne kurze Schleppe \u00fcbergeht.","breadcrumb":{"@id":"https:\/\/www.koonings.com\/de\/product\/muse-by-berta-24-04\/#breadcrumb"},"inLanguage":"de","potentialAction":[{"@type":"ReadAction","target":["https:\/\/www.koonings.com\/de\/product\/muse-by-berta-24-04\/"]}]},{"@type":"ImageObject","inLanguage":"de","@id":"https:\/\/www.koonings.com\/de\/product\/muse-by-berta-24-04\/#primaryimage","url":"https:\/\/www.koonings.com\/wp-content\/uploads\/2024\/11\/39870_1dea83d342e70c6dcefb4f1124dd03b920bd7465125bb3705742116ff71ca6a22e1b41c9-scaled.jpeg","contentUrl":"https:\/\/www.koonings.com\/wp-content\/uploads\/2024\/11\/39870_1dea83d342e70c6dcefb4f1124dd03b920bd7465125bb3705742116ff71ca6a22e1b41c9-scaled.jpeg","width":1810,"height":2560},{"@type":"BreadcrumbList","@id":"https:\/\/www.koonings.com\/de\/product\/muse-by-berta-24-04\/#breadcrumb","itemListElement":[{"@type":"ListItem","position":1,"name":"Home","item":"https:\/\/www.koonings.com\/de\/"},{"@type":"ListItem","position":2,"name":"Muse von Berta 24-04"}]},{"@type":"WebSite","@id":"https:\/\/www.koonings.com\/de\/#website","url":"https:\/\/www.koonings.com\/de\/","name":"Koonings","description":"De grootste bruidsmodewinkel ter wereld","publisher":{"@id":"https:\/\/www.koonings.com\/de\/#organization"},"potentialAction":[{"@type":"SearchAction","target":{"@type":"EntryPoint","urlTemplate":"https:\/\/www.koonings.com\/de\/?s={search_term_string}"},"query-input":{"@type":"PropertyValueSpecification","valueRequired":true,"valueName":"search_term_string"}}],"inLanguage":"de"},{"@type":"Organization","@id":"https:\/\/www.koonings.com\/de\/#organization","name":"Koonings","url":"https:\/\/www.koonings.com\/de\/","logo":{"@type":"ImageObject","inLanguage":"de","@id":"https:\/\/www.koonings.com\/de\/#\/schema\/logo\/image\/","url":"https:\/\/www.koonings.com\/wp-content\/uploads\/2024\/07\/logo.png","contentUrl":"https:\/\/www.koonings.com\/wp-content\/uploads\/2024\/07\/logo.png","width":600,"height":428,"caption":"Koonings"},"image":{"@id":"https:\/\/www.koonings.com\/de\/#\/schema\/logo\/image\/"},"sameAs":["https:\/\/www.facebook.com\/kooningstheweddingpalace","https:\/\/www.instagram.com\/kooningstheweddingpalace","https:\/\/www.pinterest.com\/koonings","https:\/\/www.youtube.com\/kooningstheweddingpalace"]}]}},"_links":{"self":[{"href":"https:\/\/www.koonings.com\/de\/wp-json\/wp\/v2\/product\/77767","targetHints":{"allow":["GET"]}}],"collection":[{"href":"https:\/\/www.koonings.com\/de\/wp-json\/wp\/v2\/product"}],"about":[{"href":"https:\/\/www.koonings.com\/de\/wp-json\/wp\/v2\/types\/product"}],"wp:featuredmedia":[{"embeddable":true,"href":"https:\/\/www.koonings.com\/de\/wp-json\/wp\/v2\/media\/43355"}],"wp:attachment":[{"href":"https:\/\/www.koonings.com\/de\/wp-json\/wp\/v2\/media?parent=77767"}],"wp:term":[{"taxonomy":"productdetails","embeddable":true,"href":"https:\/\/www.koonings.com\/de\/wp-json\/wp\/v2\/productdetails?post=77767"},{"taxonomy":"productneck","embeddable":true,"href":"https:\/\/www.koonings.com\/de\/wp-json\/wp\/v2\/productneck?post=77767"},{"taxonomy":"productcolor","embeddable":true,"href":"https:\/\/www.koonings.com\/de\/wp-json\/wp\/v2\/productcolor?post=77767"},{"taxonomy":"maat","embeddable":true,"href":"https:\/\/www.koonings.com\/de\/wp-json\/wp\/v2\/maat?post=77767"},{"taxonomy":"productsupplier","embeddable":true,"href":"https:\/\/www.koonings.com\/de\/wp-json\/wp\/v2\/productsupplier?post=77767"},{"taxonomy":"productsleeve","embeddable":true,"href":"https:\/\/www.koonings.com\/de\/wp-json\/wp\/v2\/productsleeve?post=77767"},{"taxonomy":"productcategory","embeddable":true,"href":"https:\/\/www.koonings.com\/de\/wp-json\/wp\/v2\/productcategory?post=77767"},{"taxonomy":"productsilhouette","embeddable":true,"href":"https:\/\/www.koonings.com\/de\/wp-json\/wp\/v2\/productsilhouette?post=77767"},{"taxonomy":"productstyle","embeddable":true,"href":"https:\/\/www.koonings.com\/de\/wp-json\/wp\/v2\/productstyle?post=77767"}],"curies":[{"name":"wp","href":"https:\/\/api.w.org\/{rel}","templated":true}]}}