{"id":77762,"date":"2026-05-06T15:16:23","date_gmt":"2026-05-06T13:16:23","guid":{"rendered":"https:\/\/www.koonings.com\/product\/muse-by-berta-24-06\/"},"modified":"2026-02-13T12:01:34","modified_gmt":"2026-02-13T11:01:34","slug":"muse-by-berta-24-06","status":"publish","type":"product","link":"https:\/\/www.koonings.com\/de\/product\/muse-by-berta-24-06\/","title":{"rendered":"Muse von Berta 24-06"},"content":{"rendered":"<p>Dieses einzigartige Kleid aus der Kollektion 2024 von Berta zeigt, wof\u00fcr die Marke bekannt ist: Moderne Couture mit sexy Details. Mit seiner schlanken Meerjungfrau-Silhouette und dem geraden Ausschnitt zeigt sich das Kleid von seiner sexy Seite. Die Schleife an der Taille und an den \u00c4rmeln verleiht dem Kleid au\u00dferdem einen romantischen Touch. Dieses Kleid ist exklusiv bei Koonings erh\u00e4ltlich.   <\/p>\n","protected":false},"featured_media":43367,"template":"","meta":{"_acf_changed":false,"ghostkit_customizer_options":"","ghostkit_custom_css":"","ghostkit_custom_js_head":"","ghostkit_custom_js_foot":"","ghostkit_typography":""},"productdetails":[379],"productneck":[352],"productcolor":[393,392],"maat":[],"productsupplier":[399],"productsleeve":[359,362],"productcategory":[18],"productsilhouette":[387],"productstyle":[367,371,370],"class_list":["post-77762","product","type-product","status-publish","has-post-thumbnail","hentry","productdetails-379","productneck-352","productcolor-393","productcolor-392","productsupplier-muse-by-berta","productsleeve-359","productsleeve-362","productcategory-trouwjurken","productsilhouette-387","productstyle-367","productstyle-371","productstyle-370"],"acf":[],"yoast_head":"<!-- This site is optimized with the Yoast SEO plugin v27.3 - https:\/\/yoast.com\/product\/yoast-seo-wordpress\/ -->\n<title>Muse von Berta 24-06 | Koonings<\/title>\n<meta name=\"description\" content=\"Dieses einzigartige Kleid aus der Kollektion 2024 von Berta zeigt, wof\u00fcr die Marke bekannt ist: Moderne Couture mit sexy Details. Mit seiner schlanken Meerjungfrau-Silhouette und dem geraden Ausschnitt zeigt sich das Kleid von seiner sexy Seite. Die Schleife an der Taille und an den \u00c4rmeln verleiht dem Kleid au\u00dferdem einen romantischen Touch. Dieses Kleid ist exklusiv bei Koonings erh\u00e4ltlich.\" \/>\n<meta name=\"robots\" content=\"index, follow, max-snippet:-1, max-image-preview:large, max-video-preview:-1\" \/>\n<link rel=\"canonical\" href=\"https:\/\/www.koonings.com\/de\/product\/muse-by-berta-24-06\/\" \/>\n<meta property=\"og:locale\" content=\"de_DE\" \/>\n<meta property=\"og:type\" content=\"article\" \/>\n<meta property=\"og:title\" content=\"Muse von Berta 24-06 | Koonings\" \/>\n<meta property=\"og:description\" content=\"Dieses einzigartige Kleid aus der Kollektion 2024 von Berta zeigt, wof\u00fcr die Marke bekannt ist: Moderne Couture mit sexy Details. Mit seiner schlanken Meerjungfrau-Silhouette und dem geraden Ausschnitt zeigt sich das Kleid von seiner sexy Seite. Die Schleife an der Taille und an den \u00c4rmeln verleiht dem Kleid au\u00dferdem einen romantischen Touch. Dieses Kleid ist exklusiv bei Koonings erh\u00e4ltlich.\" \/>\n<meta property=\"og:url\" content=\"https:\/\/www.koonings.com\/de\/product\/muse-by-berta-24-06\/\" \/>\n<meta property=\"og:site_name\" content=\"Koonings\" \/>\n<meta property=\"article:publisher\" content=\"https:\/\/www.facebook.com\/kooningstheweddingpalace\" \/>\n<meta property=\"og:image\" content=\"https:\/\/www.koonings.com\/wp-content\/uploads\/2024\/11\/39872_a4113217813bd336ee60d5923a767baa1922fb6d22d3be31236759ac2168a768271d953e-scaled.jpeg\" \/>\n\t<meta property=\"og:image:width\" content=\"1812\" \/>\n\t<meta property=\"og:image:height\" content=\"2560\" \/>\n\t<meta property=\"og:image:type\" content=\"image\/jpeg\" \/>\n<meta name=\"twitter:card\" content=\"summary_large_image\" \/>\n<script type=\"application\/ld+json\" class=\"yoast-schema-graph\">{\"@context\":\"https:\\\/\\\/schema.org\",\"@graph\":[{\"@type\":\"WebPage\",\"@id\":\"https:\\\/\\\/www.koonings.com\\\/de\\\/product\\\/muse-by-berta-24-06\\\/\",\"url\":\"https:\\\/\\\/www.koonings.com\\\/de\\\/product\\\/muse-by-berta-24-06\\\/\",\"name\":\"Muse von Berta 24-06 | Koonings\",\"isPartOf\":{\"@id\":\"https:\\\/\\\/www.koonings.com\\\/de\\\/#website\"},\"primaryImageOfPage\":{\"@id\":\"https:\\\/\\\/www.koonings.com\\\/de\\\/product\\\/muse-by-berta-24-06\\\/#primaryimage\"},\"image\":{\"@id\":\"https:\\\/\\\/www.koonings.com\\\/de\\\/product\\\/muse-by-berta-24-06\\\/#primaryimage\"},\"thumbnailUrl\":\"https:\\\/\\\/www.koonings.com\\\/wp-content\\\/uploads\\\/2024\\\/11\\\/39872_a4113217813bd336ee60d5923a767baa1922fb6d22d3be31236759ac2168a768271d953e-scaled.jpeg\",\"datePublished\":\"2026-05-06T13:16:23+00:00\",\"description\":\"Dieses einzigartige Kleid aus der Kollektion 2024 von Berta zeigt, wof\u00fcr die Marke bekannt ist: Moderne Couture mit sexy Details. Mit seiner schlanken Meerjungfrau-Silhouette und dem geraden Ausschnitt zeigt sich das Kleid von seiner sexy Seite. Die Schleife an der Taille und an den \u00c4rmeln verleiht dem Kleid au\u00dferdem einen romantischen Touch. Dieses Kleid ist exklusiv bei Koonings erh\u00e4ltlich.\",\"breadcrumb\":{\"@id\":\"https:\\\/\\\/www.koonings.com\\\/de\\\/product\\\/muse-by-berta-24-06\\\/#breadcrumb\"},\"inLanguage\":\"de\",\"potentialAction\":[{\"@type\":\"ReadAction\",\"target\":[\"https:\\\/\\\/www.koonings.com\\\/de\\\/product\\\/muse-by-berta-24-06\\\/\"]}]},{\"@type\":\"ImageObject\",\"inLanguage\":\"de\",\"@id\":\"https:\\\/\\\/www.koonings.com\\\/de\\\/product\\\/muse-by-berta-24-06\\\/#primaryimage\",\"url\":\"https:\\\/\\\/www.koonings.com\\\/wp-content\\\/uploads\\\/2024\\\/11\\\/39872_a4113217813bd336ee60d5923a767baa1922fb6d22d3be31236759ac2168a768271d953e-scaled.jpeg\",\"contentUrl\":\"https:\\\/\\\/www.koonings.com\\\/wp-content\\\/uploads\\\/2024\\\/11\\\/39872_a4113217813bd336ee60d5923a767baa1922fb6d22d3be31236759ac2168a768271d953e-scaled.jpeg\",\"width\":1812,\"height\":2560},{\"@type\":\"BreadcrumbList\",\"@id\":\"https:\\\/\\\/www.koonings.com\\\/de\\\/product\\\/muse-by-berta-24-06\\\/#breadcrumb\",\"itemListElement\":[{\"@type\":\"ListItem\",\"position\":1,\"name\":\"Home\",\"item\":\"https:\\\/\\\/www.koonings.com\\\/de\\\/\"},{\"@type\":\"ListItem\",\"position\":2,\"name\":\"Muse von Berta 24-06\"}]},{\"@type\":\"WebSite\",\"@id\":\"https:\\\/\\\/www.koonings.com\\\/de\\\/#website\",\"url\":\"https:\\\/\\\/www.koonings.com\\\/de\\\/\",\"name\":\"Koonings\",\"description\":\"De grootste bruidsmodewinkel ter wereld\",\"publisher\":{\"@id\":\"https:\\\/\\\/www.koonings.com\\\/de\\\/#organization\"},\"potentialAction\":[{\"@type\":\"SearchAction\",\"target\":{\"@type\":\"EntryPoint\",\"urlTemplate\":\"https:\\\/\\\/www.koonings.com\\\/de\\\/?s={search_term_string}\"},\"query-input\":{\"@type\":\"PropertyValueSpecification\",\"valueRequired\":true,\"valueName\":\"search_term_string\"}}],\"inLanguage\":\"de\"},{\"@type\":\"Organization\",\"@id\":\"https:\\\/\\\/www.koonings.com\\\/de\\\/#organization\",\"name\":\"Koonings\",\"url\":\"https:\\\/\\\/www.koonings.com\\\/de\\\/\",\"logo\":{\"@type\":\"ImageObject\",\"inLanguage\":\"de\",\"@id\":\"https:\\\/\\\/www.koonings.com\\\/de\\\/#\\\/schema\\\/logo\\\/image\\\/\",\"url\":\"https:\\\/\\\/www.koonings.com\\\/wp-content\\\/uploads\\\/2024\\\/07\\\/logo.png\",\"contentUrl\":\"https:\\\/\\\/www.koonings.com\\\/wp-content\\\/uploads\\\/2024\\\/07\\\/logo.png\",\"width\":600,\"height\":428,\"caption\":\"Koonings\"},\"image\":{\"@id\":\"https:\\\/\\\/www.koonings.com\\\/de\\\/#\\\/schema\\\/logo\\\/image\\\/\"},\"sameAs\":[\"https:\\\/\\\/www.facebook.com\\\/kooningstheweddingpalace\",\"https:\\\/\\\/www.instagram.com\\\/kooningstheweddingpalace\",\"https:\\\/\\\/www.pinterest.com\\\/koonings\",\"https:\\\/\\\/www.youtube.com\\\/kooningstheweddingpalace\"]}]}<\/script>\n<!-- \/ Yoast SEO plugin. -->","yoast_head_json":{"title":"Muse von Berta 24-06 | Koonings","description":"Dieses einzigartige Kleid aus der Kollektion 2024 von Berta zeigt, wof\u00fcr die Marke bekannt ist: Moderne Couture mit sexy Details. Mit seiner schlanken Meerjungfrau-Silhouette und dem geraden Ausschnitt zeigt sich das Kleid von seiner sexy Seite. Die Schleife an der Taille und an den \u00c4rmeln verleiht dem Kleid au\u00dferdem einen romantischen Touch. Dieses Kleid ist exklusiv bei Koonings erh\u00e4ltlich.","robots":{"index":"index","follow":"follow","max-snippet":"max-snippet:-1","max-image-preview":"max-image-preview:large","max-video-preview":"max-video-preview:-1"},"canonical":"https:\/\/www.koonings.com\/de\/product\/muse-by-berta-24-06\/","og_locale":"de_DE","og_type":"article","og_title":"Muse von Berta 24-06 | Koonings","og_description":"Dieses einzigartige Kleid aus der Kollektion 2024 von Berta zeigt, wof\u00fcr die Marke bekannt ist: Moderne Couture mit sexy Details. Mit seiner schlanken Meerjungfrau-Silhouette und dem geraden Ausschnitt zeigt sich das Kleid von seiner sexy Seite. Die Schleife an der Taille und an den \u00c4rmeln verleiht dem Kleid au\u00dferdem einen romantischen Touch. Dieses Kleid ist exklusiv bei Koonings erh\u00e4ltlich.","og_url":"https:\/\/www.koonings.com\/de\/product\/muse-by-berta-24-06\/","og_site_name":"Koonings","article_publisher":"https:\/\/www.facebook.com\/kooningstheweddingpalace","og_image":[{"width":1812,"height":2560,"url":"https:\/\/www.koonings.com\/wp-content\/uploads\/2024\/11\/39872_a4113217813bd336ee60d5923a767baa1922fb6d22d3be31236759ac2168a768271d953e-scaled.jpeg","type":"image\/jpeg"}],"twitter_card":"summary_large_image","schema":{"@context":"https:\/\/schema.org","@graph":[{"@type":"WebPage","@id":"https:\/\/www.koonings.com\/de\/product\/muse-by-berta-24-06\/","url":"https:\/\/www.koonings.com\/de\/product\/muse-by-berta-24-06\/","name":"Muse von Berta 24-06 | Koonings","isPartOf":{"@id":"https:\/\/www.koonings.com\/de\/#website"},"primaryImageOfPage":{"@id":"https:\/\/www.koonings.com\/de\/product\/muse-by-berta-24-06\/#primaryimage"},"image":{"@id":"https:\/\/www.koonings.com\/de\/product\/muse-by-berta-24-06\/#primaryimage"},"thumbnailUrl":"https:\/\/www.koonings.com\/wp-content\/uploads\/2024\/11\/39872_a4113217813bd336ee60d5923a767baa1922fb6d22d3be31236759ac2168a768271d953e-scaled.jpeg","datePublished":"2026-05-06T13:16:23+00:00","description":"Dieses einzigartige Kleid aus der Kollektion 2024 von Berta zeigt, wof\u00fcr die Marke bekannt ist: Moderne Couture mit sexy Details. Mit seiner schlanken Meerjungfrau-Silhouette und dem geraden Ausschnitt zeigt sich das Kleid von seiner sexy Seite. Die Schleife an der Taille und an den \u00c4rmeln verleiht dem Kleid au\u00dferdem einen romantischen Touch. Dieses Kleid ist exklusiv bei Koonings erh\u00e4ltlich.","breadcrumb":{"@id":"https:\/\/www.koonings.com\/de\/product\/muse-by-berta-24-06\/#breadcrumb"},"inLanguage":"de","potentialAction":[{"@type":"ReadAction","target":["https:\/\/www.koonings.com\/de\/product\/muse-by-berta-24-06\/"]}]},{"@type":"ImageObject","inLanguage":"de","@id":"https:\/\/www.koonings.com\/de\/product\/muse-by-berta-24-06\/#primaryimage","url":"https:\/\/www.koonings.com\/wp-content\/uploads\/2024\/11\/39872_a4113217813bd336ee60d5923a767baa1922fb6d22d3be31236759ac2168a768271d953e-scaled.jpeg","contentUrl":"https:\/\/www.koonings.com\/wp-content\/uploads\/2024\/11\/39872_a4113217813bd336ee60d5923a767baa1922fb6d22d3be31236759ac2168a768271d953e-scaled.jpeg","width":1812,"height":2560},{"@type":"BreadcrumbList","@id":"https:\/\/www.koonings.com\/de\/product\/muse-by-berta-24-06\/#breadcrumb","itemListElement":[{"@type":"ListItem","position":1,"name":"Home","item":"https:\/\/www.koonings.com\/de\/"},{"@type":"ListItem","position":2,"name":"Muse von Berta 24-06"}]},{"@type":"WebSite","@id":"https:\/\/www.koonings.com\/de\/#website","url":"https:\/\/www.koonings.com\/de\/","name":"Koonings","description":"De grootste bruidsmodewinkel ter wereld","publisher":{"@id":"https:\/\/www.koonings.com\/de\/#organization"},"potentialAction":[{"@type":"SearchAction","target":{"@type":"EntryPoint","urlTemplate":"https:\/\/www.koonings.com\/de\/?s={search_term_string}"},"query-input":{"@type":"PropertyValueSpecification","valueRequired":true,"valueName":"search_term_string"}}],"inLanguage":"de"},{"@type":"Organization","@id":"https:\/\/www.koonings.com\/de\/#organization","name":"Koonings","url":"https:\/\/www.koonings.com\/de\/","logo":{"@type":"ImageObject","inLanguage":"de","@id":"https:\/\/www.koonings.com\/de\/#\/schema\/logo\/image\/","url":"https:\/\/www.koonings.com\/wp-content\/uploads\/2024\/07\/logo.png","contentUrl":"https:\/\/www.koonings.com\/wp-content\/uploads\/2024\/07\/logo.png","width":600,"height":428,"caption":"Koonings"},"image":{"@id":"https:\/\/www.koonings.com\/de\/#\/schema\/logo\/image\/"},"sameAs":["https:\/\/www.facebook.com\/kooningstheweddingpalace","https:\/\/www.instagram.com\/kooningstheweddingpalace","https:\/\/www.pinterest.com\/koonings","https:\/\/www.youtube.com\/kooningstheweddingpalace"]}]}},"_links":{"self":[{"href":"https:\/\/www.koonings.com\/de\/wp-json\/wp\/v2\/product\/77762","targetHints":{"allow":["GET"]}}],"collection":[{"href":"https:\/\/www.koonings.com\/de\/wp-json\/wp\/v2\/product"}],"about":[{"href":"https:\/\/www.koonings.com\/de\/wp-json\/wp\/v2\/types\/product"}],"wp:featuredmedia":[{"embeddable":true,"href":"https:\/\/www.koonings.com\/de\/wp-json\/wp\/v2\/media\/43367"}],"wp:attachment":[{"href":"https:\/\/www.koonings.com\/de\/wp-json\/wp\/v2\/media?parent=77762"}],"wp:term":[{"taxonomy":"productdetails","embeddable":true,"href":"https:\/\/www.koonings.com\/de\/wp-json\/wp\/v2\/productdetails?post=77762"},{"taxonomy":"productneck","embeddable":true,"href":"https:\/\/www.koonings.com\/de\/wp-json\/wp\/v2\/productneck?post=77762"},{"taxonomy":"productcolor","embeddable":true,"href":"https:\/\/www.koonings.com\/de\/wp-json\/wp\/v2\/productcolor?post=77762"},{"taxonomy":"maat","embeddable":true,"href":"https:\/\/www.koonings.com\/de\/wp-json\/wp\/v2\/maat?post=77762"},{"taxonomy":"productsupplier","embeddable":true,"href":"https:\/\/www.koonings.com\/de\/wp-json\/wp\/v2\/productsupplier?post=77762"},{"taxonomy":"productsleeve","embeddable":true,"href":"https:\/\/www.koonings.com\/de\/wp-json\/wp\/v2\/productsleeve?post=77762"},{"taxonomy":"productcategory","embeddable":true,"href":"https:\/\/www.koonings.com\/de\/wp-json\/wp\/v2\/productcategory?post=77762"},{"taxonomy":"productsilhouette","embeddable":true,"href":"https:\/\/www.koonings.com\/de\/wp-json\/wp\/v2\/productsilhouette?post=77762"},{"taxonomy":"productstyle","embeddable":true,"href":"https:\/\/www.koonings.com\/de\/wp-json\/wp\/v2\/productstyle?post=77762"}],"curies":[{"name":"wp","href":"https:\/\/api.w.org\/{rel}","templated":true}]}}