{"id":77743,"date":"2026-04-14T16:18:11","date_gmt":"2026-04-14T14:18:11","guid":{"rendered":"https:\/\/www.koonings.com\/product\/roberto-vicentti-schon-cor-70-24-760\/"},"modified":"2025-06-05T12:20:39","modified_gmt":"2025-06-05T10:20:39","slug":"roberto-vicentti-schon-cor-70-24-760","status":"publish","type":"product","link":"https:\/\/www.koonings.com\/de\/product\/roberto-vicentti-schon-cor-70-24-760\/","title":{"rendered":"Roberto Vicentti Schon Cor 70.24.760"},"content":{"rendered":"<p>Aus der Kollektion von Koonings The Wedding Palace: ein beigefarbener unifarbener Hochzeitsanzug aus Wolle, Viskose, Baumwolle und Elastan. Die spitz zulaufende Jacke mit zwei Kn\u00f6pfen bildet einen stilvollen Kontrast zu der zweireihigen Weste, die einen Stoffr\u00fccken und gedrehte 4&#215;4 Kn\u00f6pfe hat. Das Ensemble wird mit einer Fliege und einem Einstecktuch f\u00fcr einen eleganten und raffinierten Look vervollst\u00e4ndigt. ROBERTO VICENTTI ist die richtige Wahl f\u00fcr den modernen Br\u00e4utigam, der bei seiner Hochzeit ein Statement abgeben m\u00f6chte. Zusammen mit seiner Braut gl\u00e4nzt er im Zentrum dieses besonderen Tages. Mit einer perfekten Passform und raffinierten Stildetails bietet ein Roberto Vicentti Anzug die ultimative Kombination aus Eleganz und Exklusivit\u00e4t.     <\/p>\n","protected":false},"featured_media":81130,"template":"","meta":{"_acf_changed":false,"ghostkit_customizer_options":"","ghostkit_custom_css":"","ghostkit_custom_js_head":"","ghostkit_custom_js_foot":"","ghostkit_typography":""},"productdetails":[],"productneck":[],"productcolor":[454],"maat":[],"productsupplier":[449],"productsleeve":[],"productcategory":[227],"productsilhouette":[],"productstyle":[],"class_list":["post-77743","product","type-product","status-publish","has-post-thumbnail","hentry","productcolor-454","productsupplier-roberto-vicentti","productcategory-kostuum"],"acf":[],"yoast_head":"<!-- This site is optimized with the Yoast SEO plugin v27.3 - https:\/\/yoast.com\/product\/yoast-seo-wordpress\/ -->\n<title>Roberto Vicentti Schon Cor 70.24.760 | Koonings<\/title>\n<meta name=\"description\" content=\"Aus der Kollektion von Koonings The Wedding Palace: ein beigefarbener unifarbener Hochzeitsanzug aus Wolle, Viskose, Baumwolle und Elastan. Die spitz zulaufende Jacke mit zwei Kn\u00f6pfen bildet einen stilvollen Kontrast zu der zweireihigen Weste, die einen Stoffr\u00fccken und gedrehte 4x4 Kn\u00f6pfe hat. Das Ensemble wird mit einer Fliege und einem Einstecktuch f\u00fcr einen eleganten und raffinierten Look vervollst\u00e4ndigt. ROBERTO VICENTTI ist die richtige Wahl f\u00fcr den modernen Br\u00e4utigam, der bei seiner Hochzeit ein Statement abgeben m\u00f6chte. Zusammen mit seiner Braut gl\u00e4nzt er im Zentrum dieses besonderen Tages. Mit einer perfekten Passform und raffinierten Stildetails bietet ein Roberto Vicentti Anzug die ultimative Kombination aus Eleganz und Exklusivit\u00e4t.\" \/>\n<meta name=\"robots\" content=\"index, follow, max-snippet:-1, max-image-preview:large, max-video-preview:-1\" \/>\n<link rel=\"canonical\" href=\"https:\/\/www.koonings.com\/de\/product\/roberto-vicentti-schon-cor-70-24-760\/\" \/>\n<meta property=\"og:locale\" content=\"de_DE\" \/>\n<meta property=\"og:type\" content=\"article\" \/>\n<meta property=\"og:title\" content=\"Roberto Vicentti Schon Cor 70.24.760 | Koonings\" \/>\n<meta property=\"og:description\" content=\"Aus der Kollektion von Koonings The Wedding Palace: ein beigefarbener unifarbener Hochzeitsanzug aus Wolle, Viskose, Baumwolle und Elastan. Die spitz zulaufende Jacke mit zwei Kn\u00f6pfen bildet einen stilvollen Kontrast zu der zweireihigen Weste, die einen Stoffr\u00fccken und gedrehte 4x4 Kn\u00f6pfe hat. Das Ensemble wird mit einer Fliege und einem Einstecktuch f\u00fcr einen eleganten und raffinierten Look vervollst\u00e4ndigt. ROBERTO VICENTTI ist die richtige Wahl f\u00fcr den modernen Br\u00e4utigam, der bei seiner Hochzeit ein Statement abgeben m\u00f6chte. Zusammen mit seiner Braut gl\u00e4nzt er im Zentrum dieses besonderen Tages. Mit einer perfekten Passform und raffinierten Stildetails bietet ein Roberto Vicentti Anzug die ultimative Kombination aus Eleganz und Exklusivit\u00e4t.\" \/>\n<meta property=\"og:url\" content=\"https:\/\/www.koonings.com\/de\/product\/roberto-vicentti-schon-cor-70-24-760\/\" \/>\n<meta property=\"og:site_name\" content=\"Koonings\" \/>\n<meta property=\"article:publisher\" content=\"https:\/\/www.facebook.com\/kooningstheweddingpalace\" \/>\n<meta property=\"og:image\" content=\"https:\/\/www.koonings.com\/wp-content\/uploads\/2025\/02\/40099_368cde73f49fcaeca3077974b79faaf8c3a1c145aadf2e279fe3b938cfd3d0d4c329d4ea.jpeg\" \/>\n\t<meta property=\"og:image:width\" content=\"1647\" \/>\n\t<meta property=\"og:image:height\" content=\"2324\" \/>\n\t<meta property=\"og:image:type\" content=\"image\/jpeg\" \/>\n<meta name=\"twitter:card\" content=\"summary_large_image\" \/>\n<meta name=\"twitter:label1\" content=\"Gesch\u00e4tzte Lesezeit\" \/>\n\t<meta name=\"twitter:data1\" content=\"1\u00a0Minute\" \/>\n<script type=\"application\/ld+json\" class=\"yoast-schema-graph\">{\"@context\":\"https:\\\/\\\/schema.org\",\"@graph\":[{\"@type\":\"WebPage\",\"@id\":\"https:\\\/\\\/www.koonings.com\\\/de\\\/product\\\/roberto-vicentti-schon-cor-70-24-760\\\/\",\"url\":\"https:\\\/\\\/www.koonings.com\\\/de\\\/product\\\/roberto-vicentti-schon-cor-70-24-760\\\/\",\"name\":\"Roberto Vicentti Schon Cor 70.24.760 | Koonings\",\"isPartOf\":{\"@id\":\"https:\\\/\\\/www.koonings.com\\\/de\\\/#website\"},\"primaryImageOfPage\":{\"@id\":\"https:\\\/\\\/www.koonings.com\\\/de\\\/product\\\/roberto-vicentti-schon-cor-70-24-760\\\/#primaryimage\"},\"image\":{\"@id\":\"https:\\\/\\\/www.koonings.com\\\/de\\\/product\\\/roberto-vicentti-schon-cor-70-24-760\\\/#primaryimage\"},\"thumbnailUrl\":\"https:\\\/\\\/www.koonings.com\\\/wp-content\\\/uploads\\\/2025\\\/02\\\/40099_368cde73f49fcaeca3077974b79faaf8c3a1c145aadf2e279fe3b938cfd3d0d4c329d4ea.jpeg\",\"datePublished\":\"2026-04-14T14:18:11+00:00\",\"description\":\"Aus der Kollektion von Koonings The Wedding Palace: ein beigefarbener unifarbener Hochzeitsanzug aus Wolle, Viskose, Baumwolle und Elastan. Die spitz zulaufende Jacke mit zwei Kn\u00f6pfen bildet einen stilvollen Kontrast zu der zweireihigen Weste, die einen Stoffr\u00fccken und gedrehte 4x4 Kn\u00f6pfe hat. Das Ensemble wird mit einer Fliege und einem Einstecktuch f\u00fcr einen eleganten und raffinierten Look vervollst\u00e4ndigt. ROBERTO VICENTTI ist die richtige Wahl f\u00fcr den modernen Br\u00e4utigam, der bei seiner Hochzeit ein Statement abgeben m\u00f6chte. Zusammen mit seiner Braut gl\u00e4nzt er im Zentrum dieses besonderen Tages. Mit einer perfekten Passform und raffinierten Stildetails bietet ein Roberto Vicentti Anzug die ultimative Kombination aus Eleganz und Exklusivit\u00e4t.\",\"breadcrumb\":{\"@id\":\"https:\\\/\\\/www.koonings.com\\\/de\\\/product\\\/roberto-vicentti-schon-cor-70-24-760\\\/#breadcrumb\"},\"inLanguage\":\"de\",\"potentialAction\":[{\"@type\":\"ReadAction\",\"target\":[\"https:\\\/\\\/www.koonings.com\\\/de\\\/product\\\/roberto-vicentti-schon-cor-70-24-760\\\/\"]}]},{\"@type\":\"ImageObject\",\"inLanguage\":\"de\",\"@id\":\"https:\\\/\\\/www.koonings.com\\\/de\\\/product\\\/roberto-vicentti-schon-cor-70-24-760\\\/#primaryimage\",\"url\":\"https:\\\/\\\/www.koonings.com\\\/wp-content\\\/uploads\\\/2025\\\/02\\\/40099_368cde73f49fcaeca3077974b79faaf8c3a1c145aadf2e279fe3b938cfd3d0d4c329d4ea.jpeg\",\"contentUrl\":\"https:\\\/\\\/www.koonings.com\\\/wp-content\\\/uploads\\\/2025\\\/02\\\/40099_368cde73f49fcaeca3077974b79faaf8c3a1c145aadf2e279fe3b938cfd3d0d4c329d4ea.jpeg\",\"width\":1647,\"height\":2324},{\"@type\":\"BreadcrumbList\",\"@id\":\"https:\\\/\\\/www.koonings.com\\\/de\\\/product\\\/roberto-vicentti-schon-cor-70-24-760\\\/#breadcrumb\",\"itemListElement\":[{\"@type\":\"ListItem\",\"position\":1,\"name\":\"Home\",\"item\":\"https:\\\/\\\/www.koonings.com\\\/de\\\/\"},{\"@type\":\"ListItem\",\"position\":2,\"name\":\"Roberto Vicentti Schon Cor 70.24.760\"}]},{\"@type\":\"WebSite\",\"@id\":\"https:\\\/\\\/www.koonings.com\\\/de\\\/#website\",\"url\":\"https:\\\/\\\/www.koonings.com\\\/de\\\/\",\"name\":\"Koonings\",\"description\":\"De grootste bruidsmodewinkel ter wereld\",\"publisher\":{\"@id\":\"https:\\\/\\\/www.koonings.com\\\/de\\\/#organization\"},\"potentialAction\":[{\"@type\":\"SearchAction\",\"target\":{\"@type\":\"EntryPoint\",\"urlTemplate\":\"https:\\\/\\\/www.koonings.com\\\/de\\\/?s={search_term_string}\"},\"query-input\":{\"@type\":\"PropertyValueSpecification\",\"valueRequired\":true,\"valueName\":\"search_term_string\"}}],\"inLanguage\":\"de\"},{\"@type\":\"Organization\",\"@id\":\"https:\\\/\\\/www.koonings.com\\\/de\\\/#organization\",\"name\":\"Koonings\",\"url\":\"https:\\\/\\\/www.koonings.com\\\/de\\\/\",\"logo\":{\"@type\":\"ImageObject\",\"inLanguage\":\"de\",\"@id\":\"https:\\\/\\\/www.koonings.com\\\/de\\\/#\\\/schema\\\/logo\\\/image\\\/\",\"url\":\"https:\\\/\\\/www.koonings.com\\\/wp-content\\\/uploads\\\/2024\\\/07\\\/logo.png\",\"contentUrl\":\"https:\\\/\\\/www.koonings.com\\\/wp-content\\\/uploads\\\/2024\\\/07\\\/logo.png\",\"width\":600,\"height\":428,\"caption\":\"Koonings\"},\"image\":{\"@id\":\"https:\\\/\\\/www.koonings.com\\\/de\\\/#\\\/schema\\\/logo\\\/image\\\/\"},\"sameAs\":[\"https:\\\/\\\/www.facebook.com\\\/kooningstheweddingpalace\",\"https:\\\/\\\/www.instagram.com\\\/kooningstheweddingpalace\",\"https:\\\/\\\/www.pinterest.com\\\/koonings\",\"https:\\\/\\\/www.youtube.com\\\/kooningstheweddingpalace\"]}]}<\/script>\n<!-- \/ Yoast SEO plugin. -->","yoast_head_json":{"title":"Roberto Vicentti Schon Cor 70.24.760 | Koonings","description":"Aus der Kollektion von Koonings The Wedding Palace: ein beigefarbener unifarbener Hochzeitsanzug aus Wolle, Viskose, Baumwolle und Elastan. Die spitz zulaufende Jacke mit zwei Kn\u00f6pfen bildet einen stilvollen Kontrast zu der zweireihigen Weste, die einen Stoffr\u00fccken und gedrehte 4x4 Kn\u00f6pfe hat. Das Ensemble wird mit einer Fliege und einem Einstecktuch f\u00fcr einen eleganten und raffinierten Look vervollst\u00e4ndigt. ROBERTO VICENTTI ist die richtige Wahl f\u00fcr den modernen Br\u00e4utigam, der bei seiner Hochzeit ein Statement abgeben m\u00f6chte. Zusammen mit seiner Braut gl\u00e4nzt er im Zentrum dieses besonderen Tages. Mit einer perfekten Passform und raffinierten Stildetails bietet ein Roberto Vicentti Anzug die ultimative Kombination aus Eleganz und Exklusivit\u00e4t.","robots":{"index":"index","follow":"follow","max-snippet":"max-snippet:-1","max-image-preview":"max-image-preview:large","max-video-preview":"max-video-preview:-1"},"canonical":"https:\/\/www.koonings.com\/de\/product\/roberto-vicentti-schon-cor-70-24-760\/","og_locale":"de_DE","og_type":"article","og_title":"Roberto Vicentti Schon Cor 70.24.760 | Koonings","og_description":"Aus der Kollektion von Koonings The Wedding Palace: ein beigefarbener unifarbener Hochzeitsanzug aus Wolle, Viskose, Baumwolle und Elastan. Die spitz zulaufende Jacke mit zwei Kn\u00f6pfen bildet einen stilvollen Kontrast zu der zweireihigen Weste, die einen Stoffr\u00fccken und gedrehte 4x4 Kn\u00f6pfe hat. Das Ensemble wird mit einer Fliege und einem Einstecktuch f\u00fcr einen eleganten und raffinierten Look vervollst\u00e4ndigt. ROBERTO VICENTTI ist die richtige Wahl f\u00fcr den modernen Br\u00e4utigam, der bei seiner Hochzeit ein Statement abgeben m\u00f6chte. Zusammen mit seiner Braut gl\u00e4nzt er im Zentrum dieses besonderen Tages. Mit einer perfekten Passform und raffinierten Stildetails bietet ein Roberto Vicentti Anzug die ultimative Kombination aus Eleganz und Exklusivit\u00e4t.","og_url":"https:\/\/www.koonings.com\/de\/product\/roberto-vicentti-schon-cor-70-24-760\/","og_site_name":"Koonings","article_publisher":"https:\/\/www.facebook.com\/kooningstheweddingpalace","og_image":[{"width":1647,"height":2324,"url":"https:\/\/www.koonings.com\/wp-content\/uploads\/2025\/02\/40099_368cde73f49fcaeca3077974b79faaf8c3a1c145aadf2e279fe3b938cfd3d0d4c329d4ea.jpeg","type":"image\/jpeg"}],"twitter_card":"summary_large_image","twitter_misc":{"Gesch\u00e4tzte Lesezeit":"1\u00a0Minute"},"schema":{"@context":"https:\/\/schema.org","@graph":[{"@type":"WebPage","@id":"https:\/\/www.koonings.com\/de\/product\/roberto-vicentti-schon-cor-70-24-760\/","url":"https:\/\/www.koonings.com\/de\/product\/roberto-vicentti-schon-cor-70-24-760\/","name":"Roberto Vicentti Schon Cor 70.24.760 | Koonings","isPartOf":{"@id":"https:\/\/www.koonings.com\/de\/#website"},"primaryImageOfPage":{"@id":"https:\/\/www.koonings.com\/de\/product\/roberto-vicentti-schon-cor-70-24-760\/#primaryimage"},"image":{"@id":"https:\/\/www.koonings.com\/de\/product\/roberto-vicentti-schon-cor-70-24-760\/#primaryimage"},"thumbnailUrl":"https:\/\/www.koonings.com\/wp-content\/uploads\/2025\/02\/40099_368cde73f49fcaeca3077974b79faaf8c3a1c145aadf2e279fe3b938cfd3d0d4c329d4ea.jpeg","datePublished":"2026-04-14T14:18:11+00:00","description":"Aus der Kollektion von Koonings The Wedding Palace: ein beigefarbener unifarbener Hochzeitsanzug aus Wolle, Viskose, Baumwolle und Elastan. Die spitz zulaufende Jacke mit zwei Kn\u00f6pfen bildet einen stilvollen Kontrast zu der zweireihigen Weste, die einen Stoffr\u00fccken und gedrehte 4x4 Kn\u00f6pfe hat. Das Ensemble wird mit einer Fliege und einem Einstecktuch f\u00fcr einen eleganten und raffinierten Look vervollst\u00e4ndigt. ROBERTO VICENTTI ist die richtige Wahl f\u00fcr den modernen Br\u00e4utigam, der bei seiner Hochzeit ein Statement abgeben m\u00f6chte. Zusammen mit seiner Braut gl\u00e4nzt er im Zentrum dieses besonderen Tages. Mit einer perfekten Passform und raffinierten Stildetails bietet ein Roberto Vicentti Anzug die ultimative Kombination aus Eleganz und Exklusivit\u00e4t.","breadcrumb":{"@id":"https:\/\/www.koonings.com\/de\/product\/roberto-vicentti-schon-cor-70-24-760\/#breadcrumb"},"inLanguage":"de","potentialAction":[{"@type":"ReadAction","target":["https:\/\/www.koonings.com\/de\/product\/roberto-vicentti-schon-cor-70-24-760\/"]}]},{"@type":"ImageObject","inLanguage":"de","@id":"https:\/\/www.koonings.com\/de\/product\/roberto-vicentti-schon-cor-70-24-760\/#primaryimage","url":"https:\/\/www.koonings.com\/wp-content\/uploads\/2025\/02\/40099_368cde73f49fcaeca3077974b79faaf8c3a1c145aadf2e279fe3b938cfd3d0d4c329d4ea.jpeg","contentUrl":"https:\/\/www.koonings.com\/wp-content\/uploads\/2025\/02\/40099_368cde73f49fcaeca3077974b79faaf8c3a1c145aadf2e279fe3b938cfd3d0d4c329d4ea.jpeg","width":1647,"height":2324},{"@type":"BreadcrumbList","@id":"https:\/\/www.koonings.com\/de\/product\/roberto-vicentti-schon-cor-70-24-760\/#breadcrumb","itemListElement":[{"@type":"ListItem","position":1,"name":"Home","item":"https:\/\/www.koonings.com\/de\/"},{"@type":"ListItem","position":2,"name":"Roberto Vicentti Schon Cor 70.24.760"}]},{"@type":"WebSite","@id":"https:\/\/www.koonings.com\/de\/#website","url":"https:\/\/www.koonings.com\/de\/","name":"Koonings","description":"De grootste bruidsmodewinkel ter wereld","publisher":{"@id":"https:\/\/www.koonings.com\/de\/#organization"},"potentialAction":[{"@type":"SearchAction","target":{"@type":"EntryPoint","urlTemplate":"https:\/\/www.koonings.com\/de\/?s={search_term_string}"},"query-input":{"@type":"PropertyValueSpecification","valueRequired":true,"valueName":"search_term_string"}}],"inLanguage":"de"},{"@type":"Organization","@id":"https:\/\/www.koonings.com\/de\/#organization","name":"Koonings","url":"https:\/\/www.koonings.com\/de\/","logo":{"@type":"ImageObject","inLanguage":"de","@id":"https:\/\/www.koonings.com\/de\/#\/schema\/logo\/image\/","url":"https:\/\/www.koonings.com\/wp-content\/uploads\/2024\/07\/logo.png","contentUrl":"https:\/\/www.koonings.com\/wp-content\/uploads\/2024\/07\/logo.png","width":600,"height":428,"caption":"Koonings"},"image":{"@id":"https:\/\/www.koonings.com\/de\/#\/schema\/logo\/image\/"},"sameAs":["https:\/\/www.facebook.com\/kooningstheweddingpalace","https:\/\/www.instagram.com\/kooningstheweddingpalace","https:\/\/www.pinterest.com\/koonings","https:\/\/www.youtube.com\/kooningstheweddingpalace"]}]}},"_links":{"self":[{"href":"https:\/\/www.koonings.com\/de\/wp-json\/wp\/v2\/product\/77743","targetHints":{"allow":["GET"]}}],"collection":[{"href":"https:\/\/www.koonings.com\/de\/wp-json\/wp\/v2\/product"}],"about":[{"href":"https:\/\/www.koonings.com\/de\/wp-json\/wp\/v2\/types\/product"}],"wp:featuredmedia":[{"embeddable":true,"href":"https:\/\/www.koonings.com\/de\/wp-json\/wp\/v2\/media\/81130"}],"wp:attachment":[{"href":"https:\/\/www.koonings.com\/de\/wp-json\/wp\/v2\/media?parent=77743"}],"wp:term":[{"taxonomy":"productdetails","embeddable":true,"href":"https:\/\/www.koonings.com\/de\/wp-json\/wp\/v2\/productdetails?post=77743"},{"taxonomy":"productneck","embeddable":true,"href":"https:\/\/www.koonings.com\/de\/wp-json\/wp\/v2\/productneck?post=77743"},{"taxonomy":"productcolor","embeddable":true,"href":"https:\/\/www.koonings.com\/de\/wp-json\/wp\/v2\/productcolor?post=77743"},{"taxonomy":"maat","embeddable":true,"href":"https:\/\/www.koonings.com\/de\/wp-json\/wp\/v2\/maat?post=77743"},{"taxonomy":"productsupplier","embeddable":true,"href":"https:\/\/www.koonings.com\/de\/wp-json\/wp\/v2\/productsupplier?post=77743"},{"taxonomy":"productsleeve","embeddable":true,"href":"https:\/\/www.koonings.com\/de\/wp-json\/wp\/v2\/productsleeve?post=77743"},{"taxonomy":"productcategory","embeddable":true,"href":"https:\/\/www.koonings.com\/de\/wp-json\/wp\/v2\/productcategory?post=77743"},{"taxonomy":"productsilhouette","embeddable":true,"href":"https:\/\/www.koonings.com\/de\/wp-json\/wp\/v2\/productsilhouette?post=77743"},{"taxonomy":"productstyle","embeddable":true,"href":"https:\/\/www.koonings.com\/de\/wp-json\/wp\/v2\/productstyle?post=77743"}],"curies":[{"name":"wp","href":"https:\/\/api.w.org\/{rel}","templated":true}]}}