{"id":77696,"date":"2026-04-28T18:12:37","date_gmt":"2026-04-28T16:12:37","guid":{"rendered":"https:\/\/www.koonings.com\/product\/modeca-arlene\/"},"modified":"2026-02-23T14:44:33","modified_gmt":"2026-02-23T13:44:33","slug":"modeca-arlene","status":"publish","type":"product","link":"https:\/\/www.koonings.com\/de\/product\/modeca-arlene\/","title":{"rendered":"Modeca Arlene"},"content":{"rendered":"<p>Gl\u00e4nzen Sie an Ihrem Hochzeitstag mit dem Brautkleid Arlene. Das durchsichtige Mieder ist wundersch\u00f6n mit perlenbesetzter Spitze verziert und verleiht Ihnen den ultimativen Glanz am Hochzeitstag. Feine d\u00fcnne Tr\u00e4ger mit Perlen machen den Weg frei f\u00fcr einen sexy tiefen V-R\u00fccken mit Illusionsspitze.  <\/p>\n","protected":false},"featured_media":20192,"template":"","meta":{"_acf_changed":false,"ghostkit_customizer_options":"","ghostkit_custom_css":"","ghostkit_custom_js_head":"","ghostkit_custom_js_foot":"","ghostkit_typography":""},"productdetails":[],"productneck":[356],"productcolor":[392],"maat":[],"productsupplier":[434],"productsleeve":[359],"productcategory":[18],"productsilhouette":[384],"productstyle":[],"class_list":["post-77696","product","type-product","status-publish","has-post-thumbnail","hentry","productneck-356","productcolor-392","productsupplier-modeca","productsleeve-359","productcategory-trouwjurken","productsilhouette-384"],"acf":[],"yoast_head":"<!-- This site is optimized with the Yoast SEO plugin v27.3 - https:\/\/yoast.com\/product\/yoast-seo-wordpress\/ -->\n<title>Modeca Arlene | Koonings<\/title>\n<meta name=\"description\" content=\"Gl\u00e4nzen Sie an Ihrem Hochzeitstag mit dem Brautkleid Arlene. Das durchsichtige Mieder ist wundersch\u00f6n mit perlenbesetzter Spitze verziert und verleiht Ihnen den ultimativen Glanz am Hochzeitstag. Feine d\u00fcnne Tr\u00e4ger mit Perlen machen den Weg frei f\u00fcr einen sexy tiefen V-R\u00fccken mit Illusionsspitze.\" \/>\n<meta name=\"robots\" content=\"index, follow, max-snippet:-1, max-image-preview:large, max-video-preview:-1\" \/>\n<link rel=\"canonical\" href=\"https:\/\/www.koonings.com\/de\/product\/modeca-arlene\/\" \/>\n<meta property=\"og:locale\" content=\"de_DE\" \/>\n<meta property=\"og:type\" content=\"article\" \/>\n<meta property=\"og:title\" content=\"Modeca Arlene | Koonings\" \/>\n<meta property=\"og:description\" content=\"Gl\u00e4nzen Sie an Ihrem Hochzeitstag mit dem Brautkleid Arlene. Das durchsichtige Mieder ist wundersch\u00f6n mit perlenbesetzter Spitze verziert und verleiht Ihnen den ultimativen Glanz am Hochzeitstag. Feine d\u00fcnne Tr\u00e4ger mit Perlen machen den Weg frei f\u00fcr einen sexy tiefen V-R\u00fccken mit Illusionsspitze.\" \/>\n<meta property=\"og:url\" content=\"https:\/\/www.koonings.com\/de\/product\/modeca-arlene\/\" \/>\n<meta property=\"og:site_name\" content=\"Koonings\" \/>\n<meta property=\"article:publisher\" content=\"https:\/\/www.facebook.com\/kooningstheweddingpalace\" \/>\n<meta property=\"og:image\" content=\"https:\/\/www.koonings.com\/wp-content\/uploads\/2024\/08\/39318_5931d6b7bc68187434dbc73a5f7a7c9056dfdb0cb5855efc8a201679004e30f8fae9abde.jpeg\" \/>\n\t<meta property=\"og:image:width\" content=\"398\" \/>\n\t<meta property=\"og:image:height\" content=\"708\" \/>\n\t<meta property=\"og:image:type\" content=\"image\/jpeg\" \/>\n<meta name=\"twitter:card\" content=\"summary_large_image\" \/>\n<script type=\"application\/ld+json\" class=\"yoast-schema-graph\">{\"@context\":\"https:\\\/\\\/schema.org\",\"@graph\":[{\"@type\":\"WebPage\",\"@id\":\"https:\\\/\\\/www.koonings.com\\\/de\\\/product\\\/modeca-arlene\\\/\",\"url\":\"https:\\\/\\\/www.koonings.com\\\/de\\\/product\\\/modeca-arlene\\\/\",\"name\":\"Modeca Arlene | Koonings\",\"isPartOf\":{\"@id\":\"https:\\\/\\\/www.koonings.com\\\/de\\\/#website\"},\"primaryImageOfPage\":{\"@id\":\"https:\\\/\\\/www.koonings.com\\\/de\\\/product\\\/modeca-arlene\\\/#primaryimage\"},\"image\":{\"@id\":\"https:\\\/\\\/www.koonings.com\\\/de\\\/product\\\/modeca-arlene\\\/#primaryimage\"},\"thumbnailUrl\":\"https:\\\/\\\/www.koonings.com\\\/wp-content\\\/uploads\\\/2024\\\/08\\\/39318_5931d6b7bc68187434dbc73a5f7a7c9056dfdb0cb5855efc8a201679004e30f8fae9abde.jpeg\",\"datePublished\":\"2026-04-28T16:12:37+00:00\",\"description\":\"Gl\u00e4nzen Sie an Ihrem Hochzeitstag mit dem Brautkleid Arlene. Das durchsichtige Mieder ist wundersch\u00f6n mit perlenbesetzter Spitze verziert und verleiht Ihnen den ultimativen Glanz am Hochzeitstag. Feine d\u00fcnne Tr\u00e4ger mit Perlen machen den Weg frei f\u00fcr einen sexy tiefen V-R\u00fccken mit Illusionsspitze.\",\"breadcrumb\":{\"@id\":\"https:\\\/\\\/www.koonings.com\\\/de\\\/product\\\/modeca-arlene\\\/#breadcrumb\"},\"inLanguage\":\"de\",\"potentialAction\":[{\"@type\":\"ReadAction\",\"target\":[\"https:\\\/\\\/www.koonings.com\\\/de\\\/product\\\/modeca-arlene\\\/\"]}]},{\"@type\":\"ImageObject\",\"inLanguage\":\"de\",\"@id\":\"https:\\\/\\\/www.koonings.com\\\/de\\\/product\\\/modeca-arlene\\\/#primaryimage\",\"url\":\"https:\\\/\\\/www.koonings.com\\\/wp-content\\\/uploads\\\/2024\\\/08\\\/39318_5931d6b7bc68187434dbc73a5f7a7c9056dfdb0cb5855efc8a201679004e30f8fae9abde.jpeg\",\"contentUrl\":\"https:\\\/\\\/www.koonings.com\\\/wp-content\\\/uploads\\\/2024\\\/08\\\/39318_5931d6b7bc68187434dbc73a5f7a7c9056dfdb0cb5855efc8a201679004e30f8fae9abde.jpeg\",\"width\":398,\"height\":708},{\"@type\":\"BreadcrumbList\",\"@id\":\"https:\\\/\\\/www.koonings.com\\\/de\\\/product\\\/modeca-arlene\\\/#breadcrumb\",\"itemListElement\":[{\"@type\":\"ListItem\",\"position\":1,\"name\":\"Home\",\"item\":\"https:\\\/\\\/www.koonings.com\\\/de\\\/\"},{\"@type\":\"ListItem\",\"position\":2,\"name\":\"Modeca Arlene\"}]},{\"@type\":\"WebSite\",\"@id\":\"https:\\\/\\\/www.koonings.com\\\/de\\\/#website\",\"url\":\"https:\\\/\\\/www.koonings.com\\\/de\\\/\",\"name\":\"Koonings\",\"description\":\"De grootste bruidsmodewinkel ter wereld\",\"publisher\":{\"@id\":\"https:\\\/\\\/www.koonings.com\\\/de\\\/#organization\"},\"potentialAction\":[{\"@type\":\"SearchAction\",\"target\":{\"@type\":\"EntryPoint\",\"urlTemplate\":\"https:\\\/\\\/www.koonings.com\\\/de\\\/?s={search_term_string}\"},\"query-input\":{\"@type\":\"PropertyValueSpecification\",\"valueRequired\":true,\"valueName\":\"search_term_string\"}}],\"inLanguage\":\"de\"},{\"@type\":\"Organization\",\"@id\":\"https:\\\/\\\/www.koonings.com\\\/de\\\/#organization\",\"name\":\"Koonings\",\"url\":\"https:\\\/\\\/www.koonings.com\\\/de\\\/\",\"logo\":{\"@type\":\"ImageObject\",\"inLanguage\":\"de\",\"@id\":\"https:\\\/\\\/www.koonings.com\\\/de\\\/#\\\/schema\\\/logo\\\/image\\\/\",\"url\":\"https:\\\/\\\/www.koonings.com\\\/wp-content\\\/uploads\\\/2024\\\/07\\\/logo.png\",\"contentUrl\":\"https:\\\/\\\/www.koonings.com\\\/wp-content\\\/uploads\\\/2024\\\/07\\\/logo.png\",\"width\":600,\"height\":428,\"caption\":\"Koonings\"},\"image\":{\"@id\":\"https:\\\/\\\/www.koonings.com\\\/de\\\/#\\\/schema\\\/logo\\\/image\\\/\"},\"sameAs\":[\"https:\\\/\\\/www.facebook.com\\\/kooningstheweddingpalace\",\"https:\\\/\\\/www.instagram.com\\\/kooningstheweddingpalace\",\"https:\\\/\\\/www.pinterest.com\\\/koonings\",\"https:\\\/\\\/www.youtube.com\\\/kooningstheweddingpalace\"]}]}<\/script>\n<!-- \/ Yoast SEO plugin. -->","yoast_head_json":{"title":"Modeca Arlene | Koonings","description":"Gl\u00e4nzen Sie an Ihrem Hochzeitstag mit dem Brautkleid Arlene. Das durchsichtige Mieder ist wundersch\u00f6n mit perlenbesetzter Spitze verziert und verleiht Ihnen den ultimativen Glanz am Hochzeitstag. Feine d\u00fcnne Tr\u00e4ger mit Perlen machen den Weg frei f\u00fcr einen sexy tiefen V-R\u00fccken mit Illusionsspitze.","robots":{"index":"index","follow":"follow","max-snippet":"max-snippet:-1","max-image-preview":"max-image-preview:large","max-video-preview":"max-video-preview:-1"},"canonical":"https:\/\/www.koonings.com\/de\/product\/modeca-arlene\/","og_locale":"de_DE","og_type":"article","og_title":"Modeca Arlene | Koonings","og_description":"Gl\u00e4nzen Sie an Ihrem Hochzeitstag mit dem Brautkleid Arlene. Das durchsichtige Mieder ist wundersch\u00f6n mit perlenbesetzter Spitze verziert und verleiht Ihnen den ultimativen Glanz am Hochzeitstag. Feine d\u00fcnne Tr\u00e4ger mit Perlen machen den Weg frei f\u00fcr einen sexy tiefen V-R\u00fccken mit Illusionsspitze.","og_url":"https:\/\/www.koonings.com\/de\/product\/modeca-arlene\/","og_site_name":"Koonings","article_publisher":"https:\/\/www.facebook.com\/kooningstheweddingpalace","og_image":[{"width":398,"height":708,"url":"https:\/\/www.koonings.com\/wp-content\/uploads\/2024\/08\/39318_5931d6b7bc68187434dbc73a5f7a7c9056dfdb0cb5855efc8a201679004e30f8fae9abde.jpeg","type":"image\/jpeg"}],"twitter_card":"summary_large_image","schema":{"@context":"https:\/\/schema.org","@graph":[{"@type":"WebPage","@id":"https:\/\/www.koonings.com\/de\/product\/modeca-arlene\/","url":"https:\/\/www.koonings.com\/de\/product\/modeca-arlene\/","name":"Modeca Arlene | Koonings","isPartOf":{"@id":"https:\/\/www.koonings.com\/de\/#website"},"primaryImageOfPage":{"@id":"https:\/\/www.koonings.com\/de\/product\/modeca-arlene\/#primaryimage"},"image":{"@id":"https:\/\/www.koonings.com\/de\/product\/modeca-arlene\/#primaryimage"},"thumbnailUrl":"https:\/\/www.koonings.com\/wp-content\/uploads\/2024\/08\/39318_5931d6b7bc68187434dbc73a5f7a7c9056dfdb0cb5855efc8a201679004e30f8fae9abde.jpeg","datePublished":"2026-04-28T16:12:37+00:00","description":"Gl\u00e4nzen Sie an Ihrem Hochzeitstag mit dem Brautkleid Arlene. Das durchsichtige Mieder ist wundersch\u00f6n mit perlenbesetzter Spitze verziert und verleiht Ihnen den ultimativen Glanz am Hochzeitstag. Feine d\u00fcnne Tr\u00e4ger mit Perlen machen den Weg frei f\u00fcr einen sexy tiefen V-R\u00fccken mit Illusionsspitze.","breadcrumb":{"@id":"https:\/\/www.koonings.com\/de\/product\/modeca-arlene\/#breadcrumb"},"inLanguage":"de","potentialAction":[{"@type":"ReadAction","target":["https:\/\/www.koonings.com\/de\/product\/modeca-arlene\/"]}]},{"@type":"ImageObject","inLanguage":"de","@id":"https:\/\/www.koonings.com\/de\/product\/modeca-arlene\/#primaryimage","url":"https:\/\/www.koonings.com\/wp-content\/uploads\/2024\/08\/39318_5931d6b7bc68187434dbc73a5f7a7c9056dfdb0cb5855efc8a201679004e30f8fae9abde.jpeg","contentUrl":"https:\/\/www.koonings.com\/wp-content\/uploads\/2024\/08\/39318_5931d6b7bc68187434dbc73a5f7a7c9056dfdb0cb5855efc8a201679004e30f8fae9abde.jpeg","width":398,"height":708},{"@type":"BreadcrumbList","@id":"https:\/\/www.koonings.com\/de\/product\/modeca-arlene\/#breadcrumb","itemListElement":[{"@type":"ListItem","position":1,"name":"Home","item":"https:\/\/www.koonings.com\/de\/"},{"@type":"ListItem","position":2,"name":"Modeca Arlene"}]},{"@type":"WebSite","@id":"https:\/\/www.koonings.com\/de\/#website","url":"https:\/\/www.koonings.com\/de\/","name":"Koonings","description":"De grootste bruidsmodewinkel ter wereld","publisher":{"@id":"https:\/\/www.koonings.com\/de\/#organization"},"potentialAction":[{"@type":"SearchAction","target":{"@type":"EntryPoint","urlTemplate":"https:\/\/www.koonings.com\/de\/?s={search_term_string}"},"query-input":{"@type":"PropertyValueSpecification","valueRequired":true,"valueName":"search_term_string"}}],"inLanguage":"de"},{"@type":"Organization","@id":"https:\/\/www.koonings.com\/de\/#organization","name":"Koonings","url":"https:\/\/www.koonings.com\/de\/","logo":{"@type":"ImageObject","inLanguage":"de","@id":"https:\/\/www.koonings.com\/de\/#\/schema\/logo\/image\/","url":"https:\/\/www.koonings.com\/wp-content\/uploads\/2024\/07\/logo.png","contentUrl":"https:\/\/www.koonings.com\/wp-content\/uploads\/2024\/07\/logo.png","width":600,"height":428,"caption":"Koonings"},"image":{"@id":"https:\/\/www.koonings.com\/de\/#\/schema\/logo\/image\/"},"sameAs":["https:\/\/www.facebook.com\/kooningstheweddingpalace","https:\/\/www.instagram.com\/kooningstheweddingpalace","https:\/\/www.pinterest.com\/koonings","https:\/\/www.youtube.com\/kooningstheweddingpalace"]}]}},"_links":{"self":[{"href":"https:\/\/www.koonings.com\/de\/wp-json\/wp\/v2\/product\/77696","targetHints":{"allow":["GET"]}}],"collection":[{"href":"https:\/\/www.koonings.com\/de\/wp-json\/wp\/v2\/product"}],"about":[{"href":"https:\/\/www.koonings.com\/de\/wp-json\/wp\/v2\/types\/product"}],"wp:featuredmedia":[{"embeddable":true,"href":"https:\/\/www.koonings.com\/de\/wp-json\/wp\/v2\/media\/20192"}],"wp:attachment":[{"href":"https:\/\/www.koonings.com\/de\/wp-json\/wp\/v2\/media?parent=77696"}],"wp:term":[{"taxonomy":"productdetails","embeddable":true,"href":"https:\/\/www.koonings.com\/de\/wp-json\/wp\/v2\/productdetails?post=77696"},{"taxonomy":"productneck","embeddable":true,"href":"https:\/\/www.koonings.com\/de\/wp-json\/wp\/v2\/productneck?post=77696"},{"taxonomy":"productcolor","embeddable":true,"href":"https:\/\/www.koonings.com\/de\/wp-json\/wp\/v2\/productcolor?post=77696"},{"taxonomy":"maat","embeddable":true,"href":"https:\/\/www.koonings.com\/de\/wp-json\/wp\/v2\/maat?post=77696"},{"taxonomy":"productsupplier","embeddable":true,"href":"https:\/\/www.koonings.com\/de\/wp-json\/wp\/v2\/productsupplier?post=77696"},{"taxonomy":"productsleeve","embeddable":true,"href":"https:\/\/www.koonings.com\/de\/wp-json\/wp\/v2\/productsleeve?post=77696"},{"taxonomy":"productcategory","embeddable":true,"href":"https:\/\/www.koonings.com\/de\/wp-json\/wp\/v2\/productcategory?post=77696"},{"taxonomy":"productsilhouette","embeddable":true,"href":"https:\/\/www.koonings.com\/de\/wp-json\/wp\/v2\/productsilhouette?post=77696"},{"taxonomy":"productstyle","embeddable":true,"href":"https:\/\/www.koonings.com\/de\/wp-json\/wp\/v2\/productstyle?post=77696"}],"curies":[{"name":"wp","href":"https:\/\/api.w.org\/{rel}","templated":true}]}}