{"id":77689,"date":"2025-07-10T12:20:02","date_gmt":"2025-07-10T10:20:02","guid":{"rendered":"https:\/\/www.koonings.com\/product\/modeca-anna\/"},"modified":"2025-06-05T12:17:05","modified_gmt":"2025-06-05T10:17:05","slug":"modeca-anna","status":"publish","type":"product","link":"https:\/\/www.koonings.com\/de\/product\/modeca-anna\/","title":{"rendered":"Modeca Anna"},"content":{"rendered":"<p>Alle Augen werden auf Sie gerichtet sein, wenn Sie in diesem atemberaubenden Kleid mit ausgestellter Passform zum Altar schreiten. Das Mieder aus Illusionsspitze hat einen Juwelenausschnitt und einen Ausschnitt an der B\u00fcste, der einen subtilen Hinweis auf das moderne Styling von heute gibt. Der R\u00fccken geht in einen tief ausgeschnittenen Schl\u00fcssellochausschnitt \u00fcber und der leichte Rock macht dieses Kleid elegant und verleiht ihm einen Hauch von Raffinesse. Ein toller Hingucker!   <\/p>\n","protected":false},"featured_media":20136,"template":"","meta":{"_acf_changed":false,"ghostkit_customizer_options":"","ghostkit_custom_css":"","ghostkit_custom_js_head":"","ghostkit_custom_js_foot":"","ghostkit_typography":""},"productdetails":[],"productneck":[350],"productcolor":[392],"maat":[],"productsupplier":[434],"productsleeve":[360],"productcategory":[18],"productsilhouette":[390],"productstyle":[],"class_list":["post-77689","product","type-product","status-publish","has-post-thumbnail","hentry","productneck-350","productcolor-392","productsupplier-modeca","productsleeve-360","productcategory-trouwjurken","productsilhouette-390"],"acf":[],"yoast_head":"<!-- This site is optimized with the Yoast SEO plugin v27.3 - https:\/\/yoast.com\/product\/yoast-seo-wordpress\/ -->\n<title>Modeca Anna | Koonings<\/title>\n<meta name=\"description\" content=\"Alle Augen werden auf Sie gerichtet sein, wenn Sie in diesem atemberaubenden Kleid mit ausgestellter Passform zum Altar schreiten. Das Mieder aus Illusionsspitze hat einen Juwelenausschnitt und einen Ausschnitt an der B\u00fcste, der einen subtilen Hinweis auf das moderne Styling von heute gibt. Der R\u00fccken geht in einen tief ausgeschnittenen Schl\u00fcssellochausschnitt \u00fcber und der leichte Rock macht dieses Kleid elegant und verleiht ihm einen Hauch von Raffinesse. Ein toller Hingucker!\" \/>\n<meta name=\"robots\" content=\"index, follow, max-snippet:-1, max-image-preview:large, max-video-preview:-1\" \/>\n<link rel=\"canonical\" href=\"https:\/\/www.koonings.com\/de\/product\/modeca-anna\/\" \/>\n<meta property=\"og:locale\" content=\"de_DE\" \/>\n<meta property=\"og:type\" content=\"article\" \/>\n<meta property=\"og:title\" content=\"Modeca Anna | Koonings\" \/>\n<meta property=\"og:description\" content=\"Alle Augen werden auf Sie gerichtet sein, wenn Sie in diesem atemberaubenden Kleid mit ausgestellter Passform zum Altar schreiten. Das Mieder aus Illusionsspitze hat einen Juwelenausschnitt und einen Ausschnitt an der B\u00fcste, der einen subtilen Hinweis auf das moderne Styling von heute gibt. Der R\u00fccken geht in einen tief ausgeschnittenen Schl\u00fcssellochausschnitt \u00fcber und der leichte Rock macht dieses Kleid elegant und verleiht ihm einen Hauch von Raffinesse. Ein toller Hingucker!\" \/>\n<meta property=\"og:url\" content=\"https:\/\/www.koonings.com\/de\/product\/modeca-anna\/\" \/>\n<meta property=\"og:site_name\" content=\"Koonings\" \/>\n<meta property=\"article:publisher\" content=\"https:\/\/www.facebook.com\/kooningstheweddingpalace\" \/>\n<meta property=\"og:image\" content=\"https:\/\/www.koonings.com\/wp-content\/uploads\/2024\/08\/39315_b5e9ab2cbdf5548280e7cd08f74b1872f9f42a68939e4bfb76d19f0a7c74dbb13ae31c47.jpeg\" \/>\n\t<meta property=\"og:image:width\" content=\"398\" \/>\n\t<meta property=\"og:image:height\" content=\"708\" \/>\n\t<meta property=\"og:image:type\" content=\"image\/jpeg\" \/>\n<meta name=\"twitter:card\" content=\"summary_large_image\" \/>\n<script type=\"application\/ld+json\" class=\"yoast-schema-graph\">{\"@context\":\"https:\\\/\\\/schema.org\",\"@graph\":[{\"@type\":\"WebPage\",\"@id\":\"https:\\\/\\\/www.koonings.com\\\/de\\\/product\\\/modeca-anna\\\/\",\"url\":\"https:\\\/\\\/www.koonings.com\\\/de\\\/product\\\/modeca-anna\\\/\",\"name\":\"Modeca Anna | Koonings\",\"isPartOf\":{\"@id\":\"https:\\\/\\\/www.koonings.com\\\/de\\\/#website\"},\"primaryImageOfPage\":{\"@id\":\"https:\\\/\\\/www.koonings.com\\\/de\\\/product\\\/modeca-anna\\\/#primaryimage\"},\"image\":{\"@id\":\"https:\\\/\\\/www.koonings.com\\\/de\\\/product\\\/modeca-anna\\\/#primaryimage\"},\"thumbnailUrl\":\"https:\\\/\\\/www.koonings.com\\\/wp-content\\\/uploads\\\/2024\\\/08\\\/39315_b5e9ab2cbdf5548280e7cd08f74b1872f9f42a68939e4bfb76d19f0a7c74dbb13ae31c47.jpeg\",\"datePublished\":\"2025-07-10T10:20:02+00:00\",\"description\":\"Alle Augen werden auf Sie gerichtet sein, wenn Sie in diesem atemberaubenden Kleid mit ausgestellter Passform zum Altar schreiten. Das Mieder aus Illusionsspitze hat einen Juwelenausschnitt und einen Ausschnitt an der B\u00fcste, der einen subtilen Hinweis auf das moderne Styling von heute gibt. Der R\u00fccken geht in einen tief ausgeschnittenen Schl\u00fcssellochausschnitt \u00fcber und der leichte Rock macht dieses Kleid elegant und verleiht ihm einen Hauch von Raffinesse. Ein toller Hingucker!\",\"breadcrumb\":{\"@id\":\"https:\\\/\\\/www.koonings.com\\\/de\\\/product\\\/modeca-anna\\\/#breadcrumb\"},\"inLanguage\":\"de\",\"potentialAction\":[{\"@type\":\"ReadAction\",\"target\":[\"https:\\\/\\\/www.koonings.com\\\/de\\\/product\\\/modeca-anna\\\/\"]}]},{\"@type\":\"ImageObject\",\"inLanguage\":\"de\",\"@id\":\"https:\\\/\\\/www.koonings.com\\\/de\\\/product\\\/modeca-anna\\\/#primaryimage\",\"url\":\"https:\\\/\\\/www.koonings.com\\\/wp-content\\\/uploads\\\/2024\\\/08\\\/39315_b5e9ab2cbdf5548280e7cd08f74b1872f9f42a68939e4bfb76d19f0a7c74dbb13ae31c47.jpeg\",\"contentUrl\":\"https:\\\/\\\/www.koonings.com\\\/wp-content\\\/uploads\\\/2024\\\/08\\\/39315_b5e9ab2cbdf5548280e7cd08f74b1872f9f42a68939e4bfb76d19f0a7c74dbb13ae31c47.jpeg\",\"width\":398,\"height\":708},{\"@type\":\"BreadcrumbList\",\"@id\":\"https:\\\/\\\/www.koonings.com\\\/de\\\/product\\\/modeca-anna\\\/#breadcrumb\",\"itemListElement\":[{\"@type\":\"ListItem\",\"position\":1,\"name\":\"Home\",\"item\":\"https:\\\/\\\/www.koonings.com\\\/de\\\/\"},{\"@type\":\"ListItem\",\"position\":2,\"name\":\"Modeca Anna\"}]},{\"@type\":\"WebSite\",\"@id\":\"https:\\\/\\\/www.koonings.com\\\/de\\\/#website\",\"url\":\"https:\\\/\\\/www.koonings.com\\\/de\\\/\",\"name\":\"Koonings\",\"description\":\"De grootste bruidsmodewinkel ter wereld\",\"publisher\":{\"@id\":\"https:\\\/\\\/www.koonings.com\\\/de\\\/#organization\"},\"potentialAction\":[{\"@type\":\"SearchAction\",\"target\":{\"@type\":\"EntryPoint\",\"urlTemplate\":\"https:\\\/\\\/www.koonings.com\\\/de\\\/?s={search_term_string}\"},\"query-input\":{\"@type\":\"PropertyValueSpecification\",\"valueRequired\":true,\"valueName\":\"search_term_string\"}}],\"inLanguage\":\"de\"},{\"@type\":\"Organization\",\"@id\":\"https:\\\/\\\/www.koonings.com\\\/de\\\/#organization\",\"name\":\"Koonings\",\"url\":\"https:\\\/\\\/www.koonings.com\\\/de\\\/\",\"logo\":{\"@type\":\"ImageObject\",\"inLanguage\":\"de\",\"@id\":\"https:\\\/\\\/www.koonings.com\\\/de\\\/#\\\/schema\\\/logo\\\/image\\\/\",\"url\":\"https:\\\/\\\/www.koonings.com\\\/wp-content\\\/uploads\\\/2024\\\/07\\\/logo.png\",\"contentUrl\":\"https:\\\/\\\/www.koonings.com\\\/wp-content\\\/uploads\\\/2024\\\/07\\\/logo.png\",\"width\":600,\"height\":428,\"caption\":\"Koonings\"},\"image\":{\"@id\":\"https:\\\/\\\/www.koonings.com\\\/de\\\/#\\\/schema\\\/logo\\\/image\\\/\"},\"sameAs\":[\"https:\\\/\\\/www.facebook.com\\\/kooningstheweddingpalace\",\"https:\\\/\\\/www.instagram.com\\\/kooningstheweddingpalace\",\"https:\\\/\\\/www.pinterest.com\\\/koonings\",\"https:\\\/\\\/www.youtube.com\\\/kooningstheweddingpalace\"]}]}<\/script>\n<!-- \/ Yoast SEO plugin. -->","yoast_head_json":{"title":"Modeca Anna | Koonings","description":"Alle Augen werden auf Sie gerichtet sein, wenn Sie in diesem atemberaubenden Kleid mit ausgestellter Passform zum Altar schreiten. Das Mieder aus Illusionsspitze hat einen Juwelenausschnitt und einen Ausschnitt an der B\u00fcste, der einen subtilen Hinweis auf das moderne Styling von heute gibt. Der R\u00fccken geht in einen tief ausgeschnittenen Schl\u00fcssellochausschnitt \u00fcber und der leichte Rock macht dieses Kleid elegant und verleiht ihm einen Hauch von Raffinesse. Ein toller Hingucker!","robots":{"index":"index","follow":"follow","max-snippet":"max-snippet:-1","max-image-preview":"max-image-preview:large","max-video-preview":"max-video-preview:-1"},"canonical":"https:\/\/www.koonings.com\/de\/product\/modeca-anna\/","og_locale":"de_DE","og_type":"article","og_title":"Modeca Anna | Koonings","og_description":"Alle Augen werden auf Sie gerichtet sein, wenn Sie in diesem atemberaubenden Kleid mit ausgestellter Passform zum Altar schreiten. Das Mieder aus Illusionsspitze hat einen Juwelenausschnitt und einen Ausschnitt an der B\u00fcste, der einen subtilen Hinweis auf das moderne Styling von heute gibt. Der R\u00fccken geht in einen tief ausgeschnittenen Schl\u00fcssellochausschnitt \u00fcber und der leichte Rock macht dieses Kleid elegant und verleiht ihm einen Hauch von Raffinesse. Ein toller Hingucker!","og_url":"https:\/\/www.koonings.com\/de\/product\/modeca-anna\/","og_site_name":"Koonings","article_publisher":"https:\/\/www.facebook.com\/kooningstheweddingpalace","og_image":[{"width":398,"height":708,"url":"https:\/\/www.koonings.com\/wp-content\/uploads\/2024\/08\/39315_b5e9ab2cbdf5548280e7cd08f74b1872f9f42a68939e4bfb76d19f0a7c74dbb13ae31c47.jpeg","type":"image\/jpeg"}],"twitter_card":"summary_large_image","schema":{"@context":"https:\/\/schema.org","@graph":[{"@type":"WebPage","@id":"https:\/\/www.koonings.com\/de\/product\/modeca-anna\/","url":"https:\/\/www.koonings.com\/de\/product\/modeca-anna\/","name":"Modeca Anna | Koonings","isPartOf":{"@id":"https:\/\/www.koonings.com\/de\/#website"},"primaryImageOfPage":{"@id":"https:\/\/www.koonings.com\/de\/product\/modeca-anna\/#primaryimage"},"image":{"@id":"https:\/\/www.koonings.com\/de\/product\/modeca-anna\/#primaryimage"},"thumbnailUrl":"https:\/\/www.koonings.com\/wp-content\/uploads\/2024\/08\/39315_b5e9ab2cbdf5548280e7cd08f74b1872f9f42a68939e4bfb76d19f0a7c74dbb13ae31c47.jpeg","datePublished":"2025-07-10T10:20:02+00:00","description":"Alle Augen werden auf Sie gerichtet sein, wenn Sie in diesem atemberaubenden Kleid mit ausgestellter Passform zum Altar schreiten. Das Mieder aus Illusionsspitze hat einen Juwelenausschnitt und einen Ausschnitt an der B\u00fcste, der einen subtilen Hinweis auf das moderne Styling von heute gibt. Der R\u00fccken geht in einen tief ausgeschnittenen Schl\u00fcssellochausschnitt \u00fcber und der leichte Rock macht dieses Kleid elegant und verleiht ihm einen Hauch von Raffinesse. Ein toller Hingucker!","breadcrumb":{"@id":"https:\/\/www.koonings.com\/de\/product\/modeca-anna\/#breadcrumb"},"inLanguage":"de","potentialAction":[{"@type":"ReadAction","target":["https:\/\/www.koonings.com\/de\/product\/modeca-anna\/"]}]},{"@type":"ImageObject","inLanguage":"de","@id":"https:\/\/www.koonings.com\/de\/product\/modeca-anna\/#primaryimage","url":"https:\/\/www.koonings.com\/wp-content\/uploads\/2024\/08\/39315_b5e9ab2cbdf5548280e7cd08f74b1872f9f42a68939e4bfb76d19f0a7c74dbb13ae31c47.jpeg","contentUrl":"https:\/\/www.koonings.com\/wp-content\/uploads\/2024\/08\/39315_b5e9ab2cbdf5548280e7cd08f74b1872f9f42a68939e4bfb76d19f0a7c74dbb13ae31c47.jpeg","width":398,"height":708},{"@type":"BreadcrumbList","@id":"https:\/\/www.koonings.com\/de\/product\/modeca-anna\/#breadcrumb","itemListElement":[{"@type":"ListItem","position":1,"name":"Home","item":"https:\/\/www.koonings.com\/de\/"},{"@type":"ListItem","position":2,"name":"Modeca Anna"}]},{"@type":"WebSite","@id":"https:\/\/www.koonings.com\/de\/#website","url":"https:\/\/www.koonings.com\/de\/","name":"Koonings","description":"De grootste bruidsmodewinkel ter wereld","publisher":{"@id":"https:\/\/www.koonings.com\/de\/#organization"},"potentialAction":[{"@type":"SearchAction","target":{"@type":"EntryPoint","urlTemplate":"https:\/\/www.koonings.com\/de\/?s={search_term_string}"},"query-input":{"@type":"PropertyValueSpecification","valueRequired":true,"valueName":"search_term_string"}}],"inLanguage":"de"},{"@type":"Organization","@id":"https:\/\/www.koonings.com\/de\/#organization","name":"Koonings","url":"https:\/\/www.koonings.com\/de\/","logo":{"@type":"ImageObject","inLanguage":"de","@id":"https:\/\/www.koonings.com\/de\/#\/schema\/logo\/image\/","url":"https:\/\/www.koonings.com\/wp-content\/uploads\/2024\/07\/logo.png","contentUrl":"https:\/\/www.koonings.com\/wp-content\/uploads\/2024\/07\/logo.png","width":600,"height":428,"caption":"Koonings"},"image":{"@id":"https:\/\/www.koonings.com\/de\/#\/schema\/logo\/image\/"},"sameAs":["https:\/\/www.facebook.com\/kooningstheweddingpalace","https:\/\/www.instagram.com\/kooningstheweddingpalace","https:\/\/www.pinterest.com\/koonings","https:\/\/www.youtube.com\/kooningstheweddingpalace"]}]}},"_links":{"self":[{"href":"https:\/\/www.koonings.com\/de\/wp-json\/wp\/v2\/product\/77689","targetHints":{"allow":["GET"]}}],"collection":[{"href":"https:\/\/www.koonings.com\/de\/wp-json\/wp\/v2\/product"}],"about":[{"href":"https:\/\/www.koonings.com\/de\/wp-json\/wp\/v2\/types\/product"}],"wp:featuredmedia":[{"embeddable":true,"href":"https:\/\/www.koonings.com\/de\/wp-json\/wp\/v2\/media\/20136"}],"wp:attachment":[{"href":"https:\/\/www.koonings.com\/de\/wp-json\/wp\/v2\/media?parent=77689"}],"wp:term":[{"taxonomy":"productdetails","embeddable":true,"href":"https:\/\/www.koonings.com\/de\/wp-json\/wp\/v2\/productdetails?post=77689"},{"taxonomy":"productneck","embeddable":true,"href":"https:\/\/www.koonings.com\/de\/wp-json\/wp\/v2\/productneck?post=77689"},{"taxonomy":"productcolor","embeddable":true,"href":"https:\/\/www.koonings.com\/de\/wp-json\/wp\/v2\/productcolor?post=77689"},{"taxonomy":"maat","embeddable":true,"href":"https:\/\/www.koonings.com\/de\/wp-json\/wp\/v2\/maat?post=77689"},{"taxonomy":"productsupplier","embeddable":true,"href":"https:\/\/www.koonings.com\/de\/wp-json\/wp\/v2\/productsupplier?post=77689"},{"taxonomy":"productsleeve","embeddable":true,"href":"https:\/\/www.koonings.com\/de\/wp-json\/wp\/v2\/productsleeve?post=77689"},{"taxonomy":"productcategory","embeddable":true,"href":"https:\/\/www.koonings.com\/de\/wp-json\/wp\/v2\/productcategory?post=77689"},{"taxonomy":"productsilhouette","embeddable":true,"href":"https:\/\/www.koonings.com\/de\/wp-json\/wp\/v2\/productsilhouette?post=77689"},{"taxonomy":"productstyle","embeddable":true,"href":"https:\/\/www.koonings.com\/de\/wp-json\/wp\/v2\/productstyle?post=77689"}],"curies":[{"name":"wp","href":"https:\/\/api.w.org\/{rel}","templated":true}]}}