{"id":60148,"date":"2025-12-15T00:46:09","date_gmt":"2025-12-14T23:46:09","guid":{"rendered":"https:\/\/www.koonings.com\/product\/le-papillon-by-modeca-arieke\/"},"modified":"2026-02-03T19:16:41","modified_gmt":"2026-02-03T18:16:41","slug":"le-papillon-by-modeca-arieke","status":"publish","type":"product","link":"https:\/\/www.koonings.com\/de\/product\/le-papillon-by-modeca-arieke\/","title":{"rendered":"Modeca Arieke"},"content":{"rendered":"<p>Verlieben Sie sich in das atemberaubende A-Linien-Hochzeitskleid Arieke. Kombiniert mit einem romantischen herzf\u00f6rmigen Ausschnitt, hat dieses Kleid wundersch\u00f6ne abnehmbare Tr\u00e4ger, mit denen Sie Ihren Look im Laufe des Tages ver\u00e4ndern k\u00f6nnen. Wundersch\u00f6ne 3D-Bl\u00fctenbl\u00e4tter schm\u00fccken Mieder und Rock.  <\/p>\n","protected":false},"featured_media":0,"template":"","meta":{"_acf_changed":false,"ghostkit_customizer_options":"","ghostkit_custom_css":"","ghostkit_custom_js_head":"","ghostkit_custom_js_foot":"","ghostkit_typography":""},"productdetails":[379,381],"productneck":[354,355],"productcolor":[393,392],"maat":[],"productsupplier":[434],"productsleeve":[],"productcategory":[18],"productsilhouette":[384],"productstyle":[366,370],"class_list":["post-60148","product","type-product","status-publish","hentry","productdetails-379","productdetails-381","productneck-354","productneck-355","productcolor-393","productcolor-392","productsupplier-modeca","productcategory-trouwjurken","productsilhouette-384","productstyle-366","productstyle-370"],"acf":[],"yoast_head":"<!-- This site is optimized with the Yoast SEO plugin v27.3 - https:\/\/yoast.com\/product\/yoast-seo-wordpress\/ -->\n<title>Modeca Arieke | Koonings<\/title>\n<meta name=\"description\" content=\"Verlieben Sie sich in das atemberaubende A-Linien-Hochzeitskleid Arieke. Kombiniert mit einem romantischen herzf\u00f6rmigen Ausschnitt, hat dieses Kleid wundersch\u00f6ne abnehmbare Tr\u00e4ger, mit denen Sie Ihren Look im Laufe des Tages ver\u00e4ndern k\u00f6nnen. Wundersch\u00f6ne 3D-Bl\u00fctenbl\u00e4tter schm\u00fccken Mieder und Rock.\" \/>\n<meta name=\"robots\" content=\"index, follow, max-snippet:-1, max-image-preview:large, max-video-preview:-1\" \/>\n<link rel=\"canonical\" href=\"https:\/\/www.koonings.com\/de\/product\/le-papillon-by-modeca-arieke\/\" \/>\n<meta property=\"og:locale\" content=\"de_DE\" \/>\n<meta property=\"og:type\" content=\"article\" \/>\n<meta property=\"og:title\" content=\"Modeca Arieke | Koonings\" \/>\n<meta property=\"og:description\" content=\"Verlieben Sie sich in das atemberaubende A-Linien-Hochzeitskleid Arieke. Kombiniert mit einem romantischen herzf\u00f6rmigen Ausschnitt, hat dieses Kleid wundersch\u00f6ne abnehmbare Tr\u00e4ger, mit denen Sie Ihren Look im Laufe des Tages ver\u00e4ndern k\u00f6nnen. Wundersch\u00f6ne 3D-Bl\u00fctenbl\u00e4tter schm\u00fccken Mieder und Rock.\" \/>\n<meta property=\"og:url\" content=\"https:\/\/www.koonings.com\/de\/product\/le-papillon-by-modeca-arieke\/\" \/>\n<meta property=\"og:site_name\" content=\"Koonings\" \/>\n<meta property=\"article:publisher\" content=\"https:\/\/www.facebook.com\/kooningstheweddingpalace\" \/>\n<meta property=\"article:modified_time\" content=\"2026-02-03T18:16:41+00:00\" \/>\n<meta property=\"og:image\" content=\"https:\/\/www.koonings.com\/wp-content\/uploads\/2024\/06\/palace-hero-screenshot-1024x575.png\" \/>\n\t<meta property=\"og:image:width\" content=\"1024\" \/>\n\t<meta property=\"og:image:height\" content=\"575\" \/>\n\t<meta property=\"og:image:type\" content=\"image\/png\" \/>\n<meta name=\"twitter:card\" content=\"summary_large_image\" \/>\n<script type=\"application\/ld+json\" class=\"yoast-schema-graph\">{\"@context\":\"https:\\\/\\\/schema.org\",\"@graph\":[{\"@type\":\"WebPage\",\"@id\":\"https:\\\/\\\/www.koonings.com\\\/de\\\/product\\\/le-papillon-by-modeca-arieke\\\/\",\"url\":\"https:\\\/\\\/www.koonings.com\\\/de\\\/product\\\/le-papillon-by-modeca-arieke\\\/\",\"name\":\"Modeca Arieke | Koonings\",\"isPartOf\":{\"@id\":\"https:\\\/\\\/www.koonings.com\\\/de\\\/#website\"},\"datePublished\":\"2025-12-14T23:46:09+00:00\",\"dateModified\":\"2026-02-03T18:16:41+00:00\",\"description\":\"Verlieben Sie sich in das atemberaubende A-Linien-Hochzeitskleid Arieke. Kombiniert mit einem romantischen herzf\u00f6rmigen Ausschnitt, hat dieses Kleid wundersch\u00f6ne abnehmbare Tr\u00e4ger, mit denen Sie Ihren Look im Laufe des Tages ver\u00e4ndern k\u00f6nnen. Wundersch\u00f6ne 3D-Bl\u00fctenbl\u00e4tter schm\u00fccken Mieder und Rock.\",\"breadcrumb\":{\"@id\":\"https:\\\/\\\/www.koonings.com\\\/de\\\/product\\\/le-papillon-by-modeca-arieke\\\/#breadcrumb\"},\"inLanguage\":\"de\",\"potentialAction\":[{\"@type\":\"ReadAction\",\"target\":[\"https:\\\/\\\/www.koonings.com\\\/de\\\/product\\\/le-papillon-by-modeca-arieke\\\/\"]}]},{\"@type\":\"BreadcrumbList\",\"@id\":\"https:\\\/\\\/www.koonings.com\\\/de\\\/product\\\/le-papillon-by-modeca-arieke\\\/#breadcrumb\",\"itemListElement\":[{\"@type\":\"ListItem\",\"position\":1,\"name\":\"Home\",\"item\":\"https:\\\/\\\/www.koonings.com\\\/de\\\/\"},{\"@type\":\"ListItem\",\"position\":2,\"name\":\"Modeca Arieke\"}]},{\"@type\":\"WebSite\",\"@id\":\"https:\\\/\\\/www.koonings.com\\\/de\\\/#website\",\"url\":\"https:\\\/\\\/www.koonings.com\\\/de\\\/\",\"name\":\"Koonings\",\"description\":\"De grootste bruidsmodewinkel ter wereld\",\"publisher\":{\"@id\":\"https:\\\/\\\/www.koonings.com\\\/de\\\/#organization\"},\"potentialAction\":[{\"@type\":\"SearchAction\",\"target\":{\"@type\":\"EntryPoint\",\"urlTemplate\":\"https:\\\/\\\/www.koonings.com\\\/de\\\/?s={search_term_string}\"},\"query-input\":{\"@type\":\"PropertyValueSpecification\",\"valueRequired\":true,\"valueName\":\"search_term_string\"}}],\"inLanguage\":\"de\"},{\"@type\":\"Organization\",\"@id\":\"https:\\\/\\\/www.koonings.com\\\/de\\\/#organization\",\"name\":\"Koonings\",\"url\":\"https:\\\/\\\/www.koonings.com\\\/de\\\/\",\"logo\":{\"@type\":\"ImageObject\",\"inLanguage\":\"de\",\"@id\":\"https:\\\/\\\/www.koonings.com\\\/de\\\/#\\\/schema\\\/logo\\\/image\\\/\",\"url\":\"https:\\\/\\\/www.koonings.com\\\/wp-content\\\/uploads\\\/2024\\\/07\\\/logo.png\",\"contentUrl\":\"https:\\\/\\\/www.koonings.com\\\/wp-content\\\/uploads\\\/2024\\\/07\\\/logo.png\",\"width\":600,\"height\":428,\"caption\":\"Koonings\"},\"image\":{\"@id\":\"https:\\\/\\\/www.koonings.com\\\/de\\\/#\\\/schema\\\/logo\\\/image\\\/\"},\"sameAs\":[\"https:\\\/\\\/www.facebook.com\\\/kooningstheweddingpalace\",\"https:\\\/\\\/www.instagram.com\\\/kooningstheweddingpalace\",\"https:\\\/\\\/www.pinterest.com\\\/koonings\",\"https:\\\/\\\/www.youtube.com\\\/kooningstheweddingpalace\"]}]}<\/script>\n<!-- \/ Yoast SEO plugin. -->","yoast_head_json":{"title":"Modeca Arieke | Koonings","description":"Verlieben Sie sich in das atemberaubende A-Linien-Hochzeitskleid Arieke. Kombiniert mit einem romantischen herzf\u00f6rmigen Ausschnitt, hat dieses Kleid wundersch\u00f6ne abnehmbare Tr\u00e4ger, mit denen Sie Ihren Look im Laufe des Tages ver\u00e4ndern k\u00f6nnen. Wundersch\u00f6ne 3D-Bl\u00fctenbl\u00e4tter schm\u00fccken Mieder und Rock.","robots":{"index":"index","follow":"follow","max-snippet":"max-snippet:-1","max-image-preview":"max-image-preview:large","max-video-preview":"max-video-preview:-1"},"canonical":"https:\/\/www.koonings.com\/de\/product\/le-papillon-by-modeca-arieke\/","og_locale":"de_DE","og_type":"article","og_title":"Modeca Arieke | Koonings","og_description":"Verlieben Sie sich in das atemberaubende A-Linien-Hochzeitskleid Arieke. Kombiniert mit einem romantischen herzf\u00f6rmigen Ausschnitt, hat dieses Kleid wundersch\u00f6ne abnehmbare Tr\u00e4ger, mit denen Sie Ihren Look im Laufe des Tages ver\u00e4ndern k\u00f6nnen. Wundersch\u00f6ne 3D-Bl\u00fctenbl\u00e4tter schm\u00fccken Mieder und Rock.","og_url":"https:\/\/www.koonings.com\/de\/product\/le-papillon-by-modeca-arieke\/","og_site_name":"Koonings","article_publisher":"https:\/\/www.facebook.com\/kooningstheweddingpalace","article_modified_time":"2026-02-03T18:16:41+00:00","og_image":[{"width":1024,"height":575,"url":"https:\/\/www.koonings.com\/wp-content\/uploads\/2024\/06\/palace-hero-screenshot-1024x575.png","type":"image\/png"}],"twitter_card":"summary_large_image","schema":{"@context":"https:\/\/schema.org","@graph":[{"@type":"WebPage","@id":"https:\/\/www.koonings.com\/de\/product\/le-papillon-by-modeca-arieke\/","url":"https:\/\/www.koonings.com\/de\/product\/le-papillon-by-modeca-arieke\/","name":"Modeca Arieke | Koonings","isPartOf":{"@id":"https:\/\/www.koonings.com\/de\/#website"},"datePublished":"2025-12-14T23:46:09+00:00","dateModified":"2026-02-03T18:16:41+00:00","description":"Verlieben Sie sich in das atemberaubende A-Linien-Hochzeitskleid Arieke. Kombiniert mit einem romantischen herzf\u00f6rmigen Ausschnitt, hat dieses Kleid wundersch\u00f6ne abnehmbare Tr\u00e4ger, mit denen Sie Ihren Look im Laufe des Tages ver\u00e4ndern k\u00f6nnen. Wundersch\u00f6ne 3D-Bl\u00fctenbl\u00e4tter schm\u00fccken Mieder und Rock.","breadcrumb":{"@id":"https:\/\/www.koonings.com\/de\/product\/le-papillon-by-modeca-arieke\/#breadcrumb"},"inLanguage":"de","potentialAction":[{"@type":"ReadAction","target":["https:\/\/www.koonings.com\/de\/product\/le-papillon-by-modeca-arieke\/"]}]},{"@type":"BreadcrumbList","@id":"https:\/\/www.koonings.com\/de\/product\/le-papillon-by-modeca-arieke\/#breadcrumb","itemListElement":[{"@type":"ListItem","position":1,"name":"Home","item":"https:\/\/www.koonings.com\/de\/"},{"@type":"ListItem","position":2,"name":"Modeca Arieke"}]},{"@type":"WebSite","@id":"https:\/\/www.koonings.com\/de\/#website","url":"https:\/\/www.koonings.com\/de\/","name":"Koonings","description":"De grootste bruidsmodewinkel ter wereld","publisher":{"@id":"https:\/\/www.koonings.com\/de\/#organization"},"potentialAction":[{"@type":"SearchAction","target":{"@type":"EntryPoint","urlTemplate":"https:\/\/www.koonings.com\/de\/?s={search_term_string}"},"query-input":{"@type":"PropertyValueSpecification","valueRequired":true,"valueName":"search_term_string"}}],"inLanguage":"de"},{"@type":"Organization","@id":"https:\/\/www.koonings.com\/de\/#organization","name":"Koonings","url":"https:\/\/www.koonings.com\/de\/","logo":{"@type":"ImageObject","inLanguage":"de","@id":"https:\/\/www.koonings.com\/de\/#\/schema\/logo\/image\/","url":"https:\/\/www.koonings.com\/wp-content\/uploads\/2024\/07\/logo.png","contentUrl":"https:\/\/www.koonings.com\/wp-content\/uploads\/2024\/07\/logo.png","width":600,"height":428,"caption":"Koonings"},"image":{"@id":"https:\/\/www.koonings.com\/de\/#\/schema\/logo\/image\/"},"sameAs":["https:\/\/www.facebook.com\/kooningstheweddingpalace","https:\/\/www.instagram.com\/kooningstheweddingpalace","https:\/\/www.pinterest.com\/koonings","https:\/\/www.youtube.com\/kooningstheweddingpalace"]}]}},"_links":{"self":[{"href":"https:\/\/www.koonings.com\/de\/wp-json\/wp\/v2\/product\/60148","targetHints":{"allow":["GET"]}}],"collection":[{"href":"https:\/\/www.koonings.com\/de\/wp-json\/wp\/v2\/product"}],"about":[{"href":"https:\/\/www.koonings.com\/de\/wp-json\/wp\/v2\/types\/product"}],"wp:attachment":[{"href":"https:\/\/www.koonings.com\/de\/wp-json\/wp\/v2\/media?parent=60148"}],"wp:term":[{"taxonomy":"productdetails","embeddable":true,"href":"https:\/\/www.koonings.com\/de\/wp-json\/wp\/v2\/productdetails?post=60148"},{"taxonomy":"productneck","embeddable":true,"href":"https:\/\/www.koonings.com\/de\/wp-json\/wp\/v2\/productneck?post=60148"},{"taxonomy":"productcolor","embeddable":true,"href":"https:\/\/www.koonings.com\/de\/wp-json\/wp\/v2\/productcolor?post=60148"},{"taxonomy":"maat","embeddable":true,"href":"https:\/\/www.koonings.com\/de\/wp-json\/wp\/v2\/maat?post=60148"},{"taxonomy":"productsupplier","embeddable":true,"href":"https:\/\/www.koonings.com\/de\/wp-json\/wp\/v2\/productsupplier?post=60148"},{"taxonomy":"productsleeve","embeddable":true,"href":"https:\/\/www.koonings.com\/de\/wp-json\/wp\/v2\/productsleeve?post=60148"},{"taxonomy":"productcategory","embeddable":true,"href":"https:\/\/www.koonings.com\/de\/wp-json\/wp\/v2\/productcategory?post=60148"},{"taxonomy":"productsilhouette","embeddable":true,"href":"https:\/\/www.koonings.com\/de\/wp-json\/wp\/v2\/productsilhouette?post=60148"},{"taxonomy":"productstyle","embeddable":true,"href":"https:\/\/www.koonings.com\/de\/wp-json\/wp\/v2\/productstyle?post=60148"}],"curies":[{"name":"wp","href":"https:\/\/api.w.org\/{rel}","templated":true}]}}