{"id":60077,"date":"2026-04-28T18:28:11","date_gmt":"2026-04-28T16:28:11","guid":{"rendered":"https:\/\/www.koonings.com\/product\/enzoani-blue-collection-shelli-l\/"},"modified":"2025-06-05T13:28:40","modified_gmt":"2025-06-05T11:28:40","slug":"enzoani-blue-collection-shelli-l","status":"publish","type":"product","link":"https:\/\/www.koonings.com\/de\/product\/enzoani-blue-collection-shelli-l\/","title":{"rendered":"Enzoani Blue collection Shelli-L"},"content":{"rendered":"<p>Dieses Kleid in A-Linie mit geometrischer Perlenspitze ist eine Vision von br\u00e4utlicher Sch\u00f6nheit, und die illusionslangen \u00c4rmel mit perlenbesetzter Blattspitze verleihen ihm eine mystische, bezaubernde Ausstrahlung. Das figurschmeichelnde Mieder aus Illusionsspitze umschmeichelt Ihre Kurven, w\u00e4hrend der ausgestellte Glitzert\u00fcll und der weiche T\u00fcllrock ein Gef\u00fchl von Dramatik und Romantik erzeugen und einen bleibenden Eindruck an Ihrem Hochzeitstag hinterlassen. <\/p>\n","protected":false},"featured_media":54487,"template":"","meta":{"_acf_changed":false,"ghostkit_customizer_options":"","ghostkit_custom_css":"","ghostkit_custom_js_head":"","ghostkit_custom_js_foot":"","ghostkit_typography":""},"productdetails":[379,380,376,381],"productneck":[351,354],"productcolor":[393,392],"maat":[],"productsupplier":[405],"productsleeve":[362],"productcategory":[18],"productsilhouette":[384],"productstyle":[370],"class_list":["post-60077","product","type-product","status-publish","has-post-thumbnail","hentry","productdetails-379","productdetails-380","productdetails-376","productdetails-381","productneck-351","productneck-354","productcolor-393","productcolor-392","productsupplier-enzoani-blue-collection","productsleeve-362","productcategory-trouwjurken","productsilhouette-384","productstyle-370"],"acf":[],"yoast_head":"<!-- This site is optimized with the Yoast SEO plugin v27.3 - https:\/\/yoast.com\/product\/yoast-seo-wordpress\/ -->\n<title>Enzoani Blue collection Shelli-L | Koonings<\/title>\n<meta name=\"description\" content=\"Dieses Kleid in A-Linie mit geometrischer Perlenspitze ist eine Vision von br\u00e4utlicher Sch\u00f6nheit, und die illusionslangen \u00c4rmel mit perlenbesetzter Blattspitze verleihen ihm eine mystische, bezaubernde Ausstrahlung. Das figurschmeichelnde Mieder aus Illusionsspitze umschmeichelt Ihre Kurven, w\u00e4hrend der ausgestellte Glitzert\u00fcll und der weiche T\u00fcllrock ein Gef\u00fchl von Dramatik und Romantik erzeugen und einen bleibenden Eindruck an Ihrem Hochzeitstag hinterlassen.\" \/>\n<meta name=\"robots\" content=\"index, follow, max-snippet:-1, max-image-preview:large, max-video-preview:-1\" \/>\n<link rel=\"canonical\" href=\"https:\/\/www.koonings.com\/de\/product\/enzoani-blue-collection-shelli-l\/\" \/>\n<meta property=\"og:locale\" content=\"de_DE\" \/>\n<meta property=\"og:type\" content=\"article\" \/>\n<meta property=\"og:title\" content=\"Enzoani Blue collection Shelli-L | Koonings\" \/>\n<meta property=\"og:description\" content=\"Dieses Kleid in A-Linie mit geometrischer Perlenspitze ist eine Vision von br\u00e4utlicher Sch\u00f6nheit, und die illusionslangen \u00c4rmel mit perlenbesetzter Blattspitze verleihen ihm eine mystische, bezaubernde Ausstrahlung. Das figurschmeichelnde Mieder aus Illusionsspitze umschmeichelt Ihre Kurven, w\u00e4hrend der ausgestellte Glitzert\u00fcll und der weiche T\u00fcllrock ein Gef\u00fchl von Dramatik und Romantik erzeugen und einen bleibenden Eindruck an Ihrem Hochzeitstag hinterlassen.\" \/>\n<meta property=\"og:url\" content=\"https:\/\/www.koonings.com\/de\/product\/enzoani-blue-collection-shelli-l\/\" \/>\n<meta property=\"og:site_name\" content=\"Koonings\" \/>\n<meta property=\"article:publisher\" content=\"https:\/\/www.facebook.com\/kooningstheweddingpalace\" \/>\n<meta property=\"og:image\" content=\"https:\/\/www.koonings.com\/wp-content\/uploads\/2024\/11\/49047_6e15e22a8d0b83df07814a90f1c9a666b89a9d5ec9461b497c4ef3befc92052e72ef514e.jpeg\" \/>\n\t<meta property=\"og:image:width\" content=\"1035\" \/>\n\t<meta property=\"og:image:height\" content=\"1380\" \/>\n\t<meta property=\"og:image:type\" content=\"image\/jpeg\" \/>\n<meta name=\"twitter:card\" content=\"summary_large_image\" \/>\n<script type=\"application\/ld+json\" class=\"yoast-schema-graph\">{\"@context\":\"https:\\\/\\\/schema.org\",\"@graph\":[{\"@type\":\"WebPage\",\"@id\":\"https:\\\/\\\/www.koonings.com\\\/de\\\/product\\\/enzoani-blue-collection-shelli-l\\\/\",\"url\":\"https:\\\/\\\/www.koonings.com\\\/de\\\/product\\\/enzoani-blue-collection-shelli-l\\\/\",\"name\":\"Enzoani Blue collection Shelli-L | Koonings\",\"isPartOf\":{\"@id\":\"https:\\\/\\\/www.koonings.com\\\/de\\\/#website\"},\"primaryImageOfPage\":{\"@id\":\"https:\\\/\\\/www.koonings.com\\\/de\\\/product\\\/enzoani-blue-collection-shelli-l\\\/#primaryimage\"},\"image\":{\"@id\":\"https:\\\/\\\/www.koonings.com\\\/de\\\/product\\\/enzoani-blue-collection-shelli-l\\\/#primaryimage\"},\"thumbnailUrl\":\"https:\\\/\\\/www.koonings.com\\\/wp-content\\\/uploads\\\/2024\\\/11\\\/49047_6e15e22a8d0b83df07814a90f1c9a666b89a9d5ec9461b497c4ef3befc92052e72ef514e.jpeg\",\"datePublished\":\"2026-04-28T16:28:11+00:00\",\"description\":\"Dieses Kleid in A-Linie mit geometrischer Perlenspitze ist eine Vision von br\u00e4utlicher Sch\u00f6nheit, und die illusionslangen \u00c4rmel mit perlenbesetzter Blattspitze verleihen ihm eine mystische, bezaubernde Ausstrahlung. Das figurschmeichelnde Mieder aus Illusionsspitze umschmeichelt Ihre Kurven, w\u00e4hrend der ausgestellte Glitzert\u00fcll und der weiche T\u00fcllrock ein Gef\u00fchl von Dramatik und Romantik erzeugen und einen bleibenden Eindruck an Ihrem Hochzeitstag hinterlassen.\",\"breadcrumb\":{\"@id\":\"https:\\\/\\\/www.koonings.com\\\/de\\\/product\\\/enzoani-blue-collection-shelli-l\\\/#breadcrumb\"},\"inLanguage\":\"de\",\"potentialAction\":[{\"@type\":\"ReadAction\",\"target\":[\"https:\\\/\\\/www.koonings.com\\\/de\\\/product\\\/enzoani-blue-collection-shelli-l\\\/\"]}]},{\"@type\":\"ImageObject\",\"inLanguage\":\"de\",\"@id\":\"https:\\\/\\\/www.koonings.com\\\/de\\\/product\\\/enzoani-blue-collection-shelli-l\\\/#primaryimage\",\"url\":\"https:\\\/\\\/www.koonings.com\\\/wp-content\\\/uploads\\\/2024\\\/11\\\/49047_6e15e22a8d0b83df07814a90f1c9a666b89a9d5ec9461b497c4ef3befc92052e72ef514e.jpeg\",\"contentUrl\":\"https:\\\/\\\/www.koonings.com\\\/wp-content\\\/uploads\\\/2024\\\/11\\\/49047_6e15e22a8d0b83df07814a90f1c9a666b89a9d5ec9461b497c4ef3befc92052e72ef514e.jpeg\",\"width\":1035,\"height\":1380},{\"@type\":\"BreadcrumbList\",\"@id\":\"https:\\\/\\\/www.koonings.com\\\/de\\\/product\\\/enzoani-blue-collection-shelli-l\\\/#breadcrumb\",\"itemListElement\":[{\"@type\":\"ListItem\",\"position\":1,\"name\":\"Home\",\"item\":\"https:\\\/\\\/www.koonings.com\\\/de\\\/\"},{\"@type\":\"ListItem\",\"position\":2,\"name\":\"Enzoani Blue collection Shelli-L\"}]},{\"@type\":\"WebSite\",\"@id\":\"https:\\\/\\\/www.koonings.com\\\/de\\\/#website\",\"url\":\"https:\\\/\\\/www.koonings.com\\\/de\\\/\",\"name\":\"Koonings\",\"description\":\"De grootste bruidsmodewinkel ter wereld\",\"publisher\":{\"@id\":\"https:\\\/\\\/www.koonings.com\\\/de\\\/#organization\"},\"potentialAction\":[{\"@type\":\"SearchAction\",\"target\":{\"@type\":\"EntryPoint\",\"urlTemplate\":\"https:\\\/\\\/www.koonings.com\\\/de\\\/?s={search_term_string}\"},\"query-input\":{\"@type\":\"PropertyValueSpecification\",\"valueRequired\":true,\"valueName\":\"search_term_string\"}}],\"inLanguage\":\"de\"},{\"@type\":\"Organization\",\"@id\":\"https:\\\/\\\/www.koonings.com\\\/de\\\/#organization\",\"name\":\"Koonings\",\"url\":\"https:\\\/\\\/www.koonings.com\\\/de\\\/\",\"logo\":{\"@type\":\"ImageObject\",\"inLanguage\":\"de\",\"@id\":\"https:\\\/\\\/www.koonings.com\\\/de\\\/#\\\/schema\\\/logo\\\/image\\\/\",\"url\":\"https:\\\/\\\/www.koonings.com\\\/wp-content\\\/uploads\\\/2024\\\/07\\\/logo.png\",\"contentUrl\":\"https:\\\/\\\/www.koonings.com\\\/wp-content\\\/uploads\\\/2024\\\/07\\\/logo.png\",\"width\":600,\"height\":428,\"caption\":\"Koonings\"},\"image\":{\"@id\":\"https:\\\/\\\/www.koonings.com\\\/de\\\/#\\\/schema\\\/logo\\\/image\\\/\"},\"sameAs\":[\"https:\\\/\\\/www.facebook.com\\\/kooningstheweddingpalace\",\"https:\\\/\\\/www.instagram.com\\\/kooningstheweddingpalace\",\"https:\\\/\\\/www.pinterest.com\\\/koonings\",\"https:\\\/\\\/www.youtube.com\\\/kooningstheweddingpalace\"]}]}<\/script>\n<!-- \/ Yoast SEO plugin. -->","yoast_head_json":{"title":"Enzoani Blue collection Shelli-L | Koonings","description":"Dieses Kleid in A-Linie mit geometrischer Perlenspitze ist eine Vision von br\u00e4utlicher Sch\u00f6nheit, und die illusionslangen \u00c4rmel mit perlenbesetzter Blattspitze verleihen ihm eine mystische, bezaubernde Ausstrahlung. Das figurschmeichelnde Mieder aus Illusionsspitze umschmeichelt Ihre Kurven, w\u00e4hrend der ausgestellte Glitzert\u00fcll und der weiche T\u00fcllrock ein Gef\u00fchl von Dramatik und Romantik erzeugen und einen bleibenden Eindruck an Ihrem Hochzeitstag hinterlassen.","robots":{"index":"index","follow":"follow","max-snippet":"max-snippet:-1","max-image-preview":"max-image-preview:large","max-video-preview":"max-video-preview:-1"},"canonical":"https:\/\/www.koonings.com\/de\/product\/enzoani-blue-collection-shelli-l\/","og_locale":"de_DE","og_type":"article","og_title":"Enzoani Blue collection Shelli-L | Koonings","og_description":"Dieses Kleid in A-Linie mit geometrischer Perlenspitze ist eine Vision von br\u00e4utlicher Sch\u00f6nheit, und die illusionslangen \u00c4rmel mit perlenbesetzter Blattspitze verleihen ihm eine mystische, bezaubernde Ausstrahlung. Das figurschmeichelnde Mieder aus Illusionsspitze umschmeichelt Ihre Kurven, w\u00e4hrend der ausgestellte Glitzert\u00fcll und der weiche T\u00fcllrock ein Gef\u00fchl von Dramatik und Romantik erzeugen und einen bleibenden Eindruck an Ihrem Hochzeitstag hinterlassen.","og_url":"https:\/\/www.koonings.com\/de\/product\/enzoani-blue-collection-shelli-l\/","og_site_name":"Koonings","article_publisher":"https:\/\/www.facebook.com\/kooningstheweddingpalace","og_image":[{"width":1035,"height":1380,"url":"https:\/\/www.koonings.com\/wp-content\/uploads\/2024\/11\/49047_6e15e22a8d0b83df07814a90f1c9a666b89a9d5ec9461b497c4ef3befc92052e72ef514e.jpeg","type":"image\/jpeg"}],"twitter_card":"summary_large_image","schema":{"@context":"https:\/\/schema.org","@graph":[{"@type":"WebPage","@id":"https:\/\/www.koonings.com\/de\/product\/enzoani-blue-collection-shelli-l\/","url":"https:\/\/www.koonings.com\/de\/product\/enzoani-blue-collection-shelli-l\/","name":"Enzoani Blue collection Shelli-L | Koonings","isPartOf":{"@id":"https:\/\/www.koonings.com\/de\/#website"},"primaryImageOfPage":{"@id":"https:\/\/www.koonings.com\/de\/product\/enzoani-blue-collection-shelli-l\/#primaryimage"},"image":{"@id":"https:\/\/www.koonings.com\/de\/product\/enzoani-blue-collection-shelli-l\/#primaryimage"},"thumbnailUrl":"https:\/\/www.koonings.com\/wp-content\/uploads\/2024\/11\/49047_6e15e22a8d0b83df07814a90f1c9a666b89a9d5ec9461b497c4ef3befc92052e72ef514e.jpeg","datePublished":"2026-04-28T16:28:11+00:00","description":"Dieses Kleid in A-Linie mit geometrischer Perlenspitze ist eine Vision von br\u00e4utlicher Sch\u00f6nheit, und die illusionslangen \u00c4rmel mit perlenbesetzter Blattspitze verleihen ihm eine mystische, bezaubernde Ausstrahlung. Das figurschmeichelnde Mieder aus Illusionsspitze umschmeichelt Ihre Kurven, w\u00e4hrend der ausgestellte Glitzert\u00fcll und der weiche T\u00fcllrock ein Gef\u00fchl von Dramatik und Romantik erzeugen und einen bleibenden Eindruck an Ihrem Hochzeitstag hinterlassen.","breadcrumb":{"@id":"https:\/\/www.koonings.com\/de\/product\/enzoani-blue-collection-shelli-l\/#breadcrumb"},"inLanguage":"de","potentialAction":[{"@type":"ReadAction","target":["https:\/\/www.koonings.com\/de\/product\/enzoani-blue-collection-shelli-l\/"]}]},{"@type":"ImageObject","inLanguage":"de","@id":"https:\/\/www.koonings.com\/de\/product\/enzoani-blue-collection-shelli-l\/#primaryimage","url":"https:\/\/www.koonings.com\/wp-content\/uploads\/2024\/11\/49047_6e15e22a8d0b83df07814a90f1c9a666b89a9d5ec9461b497c4ef3befc92052e72ef514e.jpeg","contentUrl":"https:\/\/www.koonings.com\/wp-content\/uploads\/2024\/11\/49047_6e15e22a8d0b83df07814a90f1c9a666b89a9d5ec9461b497c4ef3befc92052e72ef514e.jpeg","width":1035,"height":1380},{"@type":"BreadcrumbList","@id":"https:\/\/www.koonings.com\/de\/product\/enzoani-blue-collection-shelli-l\/#breadcrumb","itemListElement":[{"@type":"ListItem","position":1,"name":"Home","item":"https:\/\/www.koonings.com\/de\/"},{"@type":"ListItem","position":2,"name":"Enzoani Blue collection Shelli-L"}]},{"@type":"WebSite","@id":"https:\/\/www.koonings.com\/de\/#website","url":"https:\/\/www.koonings.com\/de\/","name":"Koonings","description":"De grootste bruidsmodewinkel ter wereld","publisher":{"@id":"https:\/\/www.koonings.com\/de\/#organization"},"potentialAction":[{"@type":"SearchAction","target":{"@type":"EntryPoint","urlTemplate":"https:\/\/www.koonings.com\/de\/?s={search_term_string}"},"query-input":{"@type":"PropertyValueSpecification","valueRequired":true,"valueName":"search_term_string"}}],"inLanguage":"de"},{"@type":"Organization","@id":"https:\/\/www.koonings.com\/de\/#organization","name":"Koonings","url":"https:\/\/www.koonings.com\/de\/","logo":{"@type":"ImageObject","inLanguage":"de","@id":"https:\/\/www.koonings.com\/de\/#\/schema\/logo\/image\/","url":"https:\/\/www.koonings.com\/wp-content\/uploads\/2024\/07\/logo.png","contentUrl":"https:\/\/www.koonings.com\/wp-content\/uploads\/2024\/07\/logo.png","width":600,"height":428,"caption":"Koonings"},"image":{"@id":"https:\/\/www.koonings.com\/de\/#\/schema\/logo\/image\/"},"sameAs":["https:\/\/www.facebook.com\/kooningstheweddingpalace","https:\/\/www.instagram.com\/kooningstheweddingpalace","https:\/\/www.pinterest.com\/koonings","https:\/\/www.youtube.com\/kooningstheweddingpalace"]}]}},"_links":{"self":[{"href":"https:\/\/www.koonings.com\/de\/wp-json\/wp\/v2\/product\/60077","targetHints":{"allow":["GET"]}}],"collection":[{"href":"https:\/\/www.koonings.com\/de\/wp-json\/wp\/v2\/product"}],"about":[{"href":"https:\/\/www.koonings.com\/de\/wp-json\/wp\/v2\/types\/product"}],"wp:featuredmedia":[{"embeddable":true,"href":"https:\/\/www.koonings.com\/de\/wp-json\/wp\/v2\/media\/54487"}],"wp:attachment":[{"href":"https:\/\/www.koonings.com\/de\/wp-json\/wp\/v2\/media?parent=60077"}],"wp:term":[{"taxonomy":"productdetails","embeddable":true,"href":"https:\/\/www.koonings.com\/de\/wp-json\/wp\/v2\/productdetails?post=60077"},{"taxonomy":"productneck","embeddable":true,"href":"https:\/\/www.koonings.com\/de\/wp-json\/wp\/v2\/productneck?post=60077"},{"taxonomy":"productcolor","embeddable":true,"href":"https:\/\/www.koonings.com\/de\/wp-json\/wp\/v2\/productcolor?post=60077"},{"taxonomy":"maat","embeddable":true,"href":"https:\/\/www.koonings.com\/de\/wp-json\/wp\/v2\/maat?post=60077"},{"taxonomy":"productsupplier","embeddable":true,"href":"https:\/\/www.koonings.com\/de\/wp-json\/wp\/v2\/productsupplier?post=60077"},{"taxonomy":"productsleeve","embeddable":true,"href":"https:\/\/www.koonings.com\/de\/wp-json\/wp\/v2\/productsleeve?post=60077"},{"taxonomy":"productcategory","embeddable":true,"href":"https:\/\/www.koonings.com\/de\/wp-json\/wp\/v2\/productcategory?post=60077"},{"taxonomy":"productsilhouette","embeddable":true,"href":"https:\/\/www.koonings.com\/de\/wp-json\/wp\/v2\/productsilhouette?post=60077"},{"taxonomy":"productstyle","embeddable":true,"href":"https:\/\/www.koonings.com\/de\/wp-json\/wp\/v2\/productstyle?post=60077"}],"curies":[{"name":"wp","href":"https:\/\/api.w.org\/{rel}","templated":true}]}}