{"id":60076,"date":"2025-07-10T12:44:06","date_gmt":"2025-07-10T10:44:06","guid":{"rendered":"https:\/\/www.koonings.com\/product\/white-one-by-st-patrick-sachiko-w1125cw1\/"},"modified":"2025-06-05T13:28:48","modified_gmt":"2025-06-05T11:28:48","slug":"white-one-by-st-patrick-sachiko-w1125cw1","status":"publish","type":"product","link":"https:\/\/www.koonings.com\/de\/product\/white-one-by-st-patrick-sachiko-w1125cw1\/","title":{"rendered":"White One by St. Patrick Sachiko W1125CW1"},"content":{"rendered":"<p>Das SACHIKO Kleid strahlt eine Zartheit aus, in die Sie sich sofort verlieben werden. Das schlichte Design aus Cr\u00eape hat einen quadratischen Ausschnitt und einen verf\u00fchrerischen tiefen R\u00fcckenausschnitt. Die Tr\u00e4ger und die hintere Taille sind mit wundersch\u00f6nen Details aus T\u00fcll und Strasssteinen verziert, die in einen glatten Meerjungfrauenrock \u00fcbergehen, der die Figur der Braut umschmeichelt.  <\/p>\n","protected":false},"featured_media":54537,"template":"","meta":{"_acf_changed":false,"ghostkit_customizer_options":"","ghostkit_custom_css":"","ghostkit_custom_js_head":"","ghostkit_custom_js_foot":"","ghostkit_typography":""},"productdetails":[],"productneck":[352],"productcolor":[392],"maat":[],"productsupplier":[420],"productsleeve":[359],"productcategory":[18],"productsilhouette":[387],"productstyle":[],"class_list":["post-60076","product","type-product","status-publish","has-post-thumbnail","hentry","productneck-352","productcolor-392","productsupplier-white-one-by-st-patrick","productsleeve-359","productcategory-trouwjurken","productsilhouette-387"],"acf":[],"yoast_head":"<!-- This site is optimized with the Yoast SEO plugin v27.3 - https:\/\/yoast.com\/product\/yoast-seo-wordpress\/ -->\n<title>White One by St. Patrick Sachiko W1125CW1 | Koonings<\/title>\n<meta name=\"description\" content=\"Das SACHIKO Kleid strahlt eine Zartheit aus, in die Sie sich sofort verlieben werden. Das schlichte Design aus Cr\u00eape hat einen quadratischen Ausschnitt und einen verf\u00fchrerischen tiefen R\u00fcckenausschnitt. Die Tr\u00e4ger und die hintere Taille sind mit wundersch\u00f6nen Details aus T\u00fcll und Strasssteinen verziert, die in einen glatten Meerjungfrauenrock \u00fcbergehen, der die Figur der Braut umschmeichelt.\" \/>\n<meta name=\"robots\" content=\"index, follow, max-snippet:-1, max-image-preview:large, max-video-preview:-1\" \/>\n<link rel=\"canonical\" href=\"https:\/\/www.koonings.com\/de\/product\/white-one-by-st-patrick-sachiko-w1125cw1\/\" \/>\n<meta property=\"og:locale\" content=\"de_DE\" \/>\n<meta property=\"og:type\" content=\"article\" \/>\n<meta property=\"og:title\" content=\"White One by St. Patrick Sachiko W1125CW1 | Koonings\" \/>\n<meta property=\"og:description\" content=\"Das SACHIKO Kleid strahlt eine Zartheit aus, in die Sie sich sofort verlieben werden. Das schlichte Design aus Cr\u00eape hat einen quadratischen Ausschnitt und einen verf\u00fchrerischen tiefen R\u00fcckenausschnitt. Die Tr\u00e4ger und die hintere Taille sind mit wundersch\u00f6nen Details aus T\u00fcll und Strasssteinen verziert, die in einen glatten Meerjungfrauenrock \u00fcbergehen, der die Figur der Braut umschmeichelt.\" \/>\n<meta property=\"og:url\" content=\"https:\/\/www.koonings.com\/de\/product\/white-one-by-st-patrick-sachiko-w1125cw1\/\" \/>\n<meta property=\"og:site_name\" content=\"Koonings\" \/>\n<meta property=\"article:publisher\" content=\"https:\/\/www.facebook.com\/kooningstheweddingpalace\" \/>\n<meta property=\"og:image\" content=\"https:\/\/www.koonings.com\/wp-content\/uploads\/2024\/11\/49050_ee26099dcc57bcd00664f2c4c7e0825b6ffb0f65e29f1bb545a94333d2efe5ce6f4265d9.jpeg\" \/>\n\t<meta property=\"og:image:width\" content=\"691\" \/>\n\t<meta property=\"og:image:height\" content=\"977\" \/>\n\t<meta property=\"og:image:type\" content=\"image\/jpeg\" \/>\n<meta name=\"twitter:card\" content=\"summary_large_image\" \/>\n<script type=\"application\/ld+json\" class=\"yoast-schema-graph\">{\"@context\":\"https:\\\/\\\/schema.org\",\"@graph\":[{\"@type\":\"WebPage\",\"@id\":\"https:\\\/\\\/www.koonings.com\\\/de\\\/product\\\/white-one-by-st-patrick-sachiko-w1125cw1\\\/\",\"url\":\"https:\\\/\\\/www.koonings.com\\\/de\\\/product\\\/white-one-by-st-patrick-sachiko-w1125cw1\\\/\",\"name\":\"White One by St. Patrick Sachiko W1125CW1 | Koonings\",\"isPartOf\":{\"@id\":\"https:\\\/\\\/www.koonings.com\\\/de\\\/#website\"},\"primaryImageOfPage\":{\"@id\":\"https:\\\/\\\/www.koonings.com\\\/de\\\/product\\\/white-one-by-st-patrick-sachiko-w1125cw1\\\/#primaryimage\"},\"image\":{\"@id\":\"https:\\\/\\\/www.koonings.com\\\/de\\\/product\\\/white-one-by-st-patrick-sachiko-w1125cw1\\\/#primaryimage\"},\"thumbnailUrl\":\"https:\\\/\\\/www.koonings.com\\\/wp-content\\\/uploads\\\/2024\\\/11\\\/49050_ee26099dcc57bcd00664f2c4c7e0825b6ffb0f65e29f1bb545a94333d2efe5ce6f4265d9.jpeg\",\"datePublished\":\"2025-07-10T10:44:06+00:00\",\"description\":\"Das SACHIKO Kleid strahlt eine Zartheit aus, in die Sie sich sofort verlieben werden. Das schlichte Design aus Cr\u00eape hat einen quadratischen Ausschnitt und einen verf\u00fchrerischen tiefen R\u00fcckenausschnitt. Die Tr\u00e4ger und die hintere Taille sind mit wundersch\u00f6nen Details aus T\u00fcll und Strasssteinen verziert, die in einen glatten Meerjungfrauenrock \u00fcbergehen, der die Figur der Braut umschmeichelt.\",\"breadcrumb\":{\"@id\":\"https:\\\/\\\/www.koonings.com\\\/de\\\/product\\\/white-one-by-st-patrick-sachiko-w1125cw1\\\/#breadcrumb\"},\"inLanguage\":\"de\",\"potentialAction\":[{\"@type\":\"ReadAction\",\"target\":[\"https:\\\/\\\/www.koonings.com\\\/de\\\/product\\\/white-one-by-st-patrick-sachiko-w1125cw1\\\/\"]}]},{\"@type\":\"ImageObject\",\"inLanguage\":\"de\",\"@id\":\"https:\\\/\\\/www.koonings.com\\\/de\\\/product\\\/white-one-by-st-patrick-sachiko-w1125cw1\\\/#primaryimage\",\"url\":\"https:\\\/\\\/www.koonings.com\\\/wp-content\\\/uploads\\\/2024\\\/11\\\/49050_ee26099dcc57bcd00664f2c4c7e0825b6ffb0f65e29f1bb545a94333d2efe5ce6f4265d9.jpeg\",\"contentUrl\":\"https:\\\/\\\/www.koonings.com\\\/wp-content\\\/uploads\\\/2024\\\/11\\\/49050_ee26099dcc57bcd00664f2c4c7e0825b6ffb0f65e29f1bb545a94333d2efe5ce6f4265d9.jpeg\",\"width\":691,\"height\":977},{\"@type\":\"BreadcrumbList\",\"@id\":\"https:\\\/\\\/www.koonings.com\\\/de\\\/product\\\/white-one-by-st-patrick-sachiko-w1125cw1\\\/#breadcrumb\",\"itemListElement\":[{\"@type\":\"ListItem\",\"position\":1,\"name\":\"Home\",\"item\":\"https:\\\/\\\/www.koonings.com\\\/de\\\/\"},{\"@type\":\"ListItem\",\"position\":2,\"name\":\"White One by St. Patrick Sachiko W1125CW1\"}]},{\"@type\":\"WebSite\",\"@id\":\"https:\\\/\\\/www.koonings.com\\\/de\\\/#website\",\"url\":\"https:\\\/\\\/www.koonings.com\\\/de\\\/\",\"name\":\"Koonings\",\"description\":\"De grootste bruidsmodewinkel ter wereld\",\"publisher\":{\"@id\":\"https:\\\/\\\/www.koonings.com\\\/de\\\/#organization\"},\"potentialAction\":[{\"@type\":\"SearchAction\",\"target\":{\"@type\":\"EntryPoint\",\"urlTemplate\":\"https:\\\/\\\/www.koonings.com\\\/de\\\/?s={search_term_string}\"},\"query-input\":{\"@type\":\"PropertyValueSpecification\",\"valueRequired\":true,\"valueName\":\"search_term_string\"}}],\"inLanguage\":\"de\"},{\"@type\":\"Organization\",\"@id\":\"https:\\\/\\\/www.koonings.com\\\/de\\\/#organization\",\"name\":\"Koonings\",\"url\":\"https:\\\/\\\/www.koonings.com\\\/de\\\/\",\"logo\":{\"@type\":\"ImageObject\",\"inLanguage\":\"de\",\"@id\":\"https:\\\/\\\/www.koonings.com\\\/de\\\/#\\\/schema\\\/logo\\\/image\\\/\",\"url\":\"https:\\\/\\\/www.koonings.com\\\/wp-content\\\/uploads\\\/2024\\\/07\\\/logo.png\",\"contentUrl\":\"https:\\\/\\\/www.koonings.com\\\/wp-content\\\/uploads\\\/2024\\\/07\\\/logo.png\",\"width\":600,\"height\":428,\"caption\":\"Koonings\"},\"image\":{\"@id\":\"https:\\\/\\\/www.koonings.com\\\/de\\\/#\\\/schema\\\/logo\\\/image\\\/\"},\"sameAs\":[\"https:\\\/\\\/www.facebook.com\\\/kooningstheweddingpalace\",\"https:\\\/\\\/www.instagram.com\\\/kooningstheweddingpalace\",\"https:\\\/\\\/www.pinterest.com\\\/koonings\",\"https:\\\/\\\/www.youtube.com\\\/kooningstheweddingpalace\"]}]}<\/script>\n<!-- \/ Yoast SEO plugin. -->","yoast_head_json":{"title":"White One by St. Patrick Sachiko W1125CW1 | Koonings","description":"Das SACHIKO Kleid strahlt eine Zartheit aus, in die Sie sich sofort verlieben werden. Das schlichte Design aus Cr\u00eape hat einen quadratischen Ausschnitt und einen verf\u00fchrerischen tiefen R\u00fcckenausschnitt. Die Tr\u00e4ger und die hintere Taille sind mit wundersch\u00f6nen Details aus T\u00fcll und Strasssteinen verziert, die in einen glatten Meerjungfrauenrock \u00fcbergehen, der die Figur der Braut umschmeichelt.","robots":{"index":"index","follow":"follow","max-snippet":"max-snippet:-1","max-image-preview":"max-image-preview:large","max-video-preview":"max-video-preview:-1"},"canonical":"https:\/\/www.koonings.com\/de\/product\/white-one-by-st-patrick-sachiko-w1125cw1\/","og_locale":"de_DE","og_type":"article","og_title":"White One by St. Patrick Sachiko W1125CW1 | Koonings","og_description":"Das SACHIKO Kleid strahlt eine Zartheit aus, in die Sie sich sofort verlieben werden. Das schlichte Design aus Cr\u00eape hat einen quadratischen Ausschnitt und einen verf\u00fchrerischen tiefen R\u00fcckenausschnitt. Die Tr\u00e4ger und die hintere Taille sind mit wundersch\u00f6nen Details aus T\u00fcll und Strasssteinen verziert, die in einen glatten Meerjungfrauenrock \u00fcbergehen, der die Figur der Braut umschmeichelt.","og_url":"https:\/\/www.koonings.com\/de\/product\/white-one-by-st-patrick-sachiko-w1125cw1\/","og_site_name":"Koonings","article_publisher":"https:\/\/www.facebook.com\/kooningstheweddingpalace","og_image":[{"width":691,"height":977,"url":"https:\/\/www.koonings.com\/wp-content\/uploads\/2024\/11\/49050_ee26099dcc57bcd00664f2c4c7e0825b6ffb0f65e29f1bb545a94333d2efe5ce6f4265d9.jpeg","type":"image\/jpeg"}],"twitter_card":"summary_large_image","schema":{"@context":"https:\/\/schema.org","@graph":[{"@type":"WebPage","@id":"https:\/\/www.koonings.com\/de\/product\/white-one-by-st-patrick-sachiko-w1125cw1\/","url":"https:\/\/www.koonings.com\/de\/product\/white-one-by-st-patrick-sachiko-w1125cw1\/","name":"White One by St. Patrick Sachiko W1125CW1 | Koonings","isPartOf":{"@id":"https:\/\/www.koonings.com\/de\/#website"},"primaryImageOfPage":{"@id":"https:\/\/www.koonings.com\/de\/product\/white-one-by-st-patrick-sachiko-w1125cw1\/#primaryimage"},"image":{"@id":"https:\/\/www.koonings.com\/de\/product\/white-one-by-st-patrick-sachiko-w1125cw1\/#primaryimage"},"thumbnailUrl":"https:\/\/www.koonings.com\/wp-content\/uploads\/2024\/11\/49050_ee26099dcc57bcd00664f2c4c7e0825b6ffb0f65e29f1bb545a94333d2efe5ce6f4265d9.jpeg","datePublished":"2025-07-10T10:44:06+00:00","description":"Das SACHIKO Kleid strahlt eine Zartheit aus, in die Sie sich sofort verlieben werden. Das schlichte Design aus Cr\u00eape hat einen quadratischen Ausschnitt und einen verf\u00fchrerischen tiefen R\u00fcckenausschnitt. Die Tr\u00e4ger und die hintere Taille sind mit wundersch\u00f6nen Details aus T\u00fcll und Strasssteinen verziert, die in einen glatten Meerjungfrauenrock \u00fcbergehen, der die Figur der Braut umschmeichelt.","breadcrumb":{"@id":"https:\/\/www.koonings.com\/de\/product\/white-one-by-st-patrick-sachiko-w1125cw1\/#breadcrumb"},"inLanguage":"de","potentialAction":[{"@type":"ReadAction","target":["https:\/\/www.koonings.com\/de\/product\/white-one-by-st-patrick-sachiko-w1125cw1\/"]}]},{"@type":"ImageObject","inLanguage":"de","@id":"https:\/\/www.koonings.com\/de\/product\/white-one-by-st-patrick-sachiko-w1125cw1\/#primaryimage","url":"https:\/\/www.koonings.com\/wp-content\/uploads\/2024\/11\/49050_ee26099dcc57bcd00664f2c4c7e0825b6ffb0f65e29f1bb545a94333d2efe5ce6f4265d9.jpeg","contentUrl":"https:\/\/www.koonings.com\/wp-content\/uploads\/2024\/11\/49050_ee26099dcc57bcd00664f2c4c7e0825b6ffb0f65e29f1bb545a94333d2efe5ce6f4265d9.jpeg","width":691,"height":977},{"@type":"BreadcrumbList","@id":"https:\/\/www.koonings.com\/de\/product\/white-one-by-st-patrick-sachiko-w1125cw1\/#breadcrumb","itemListElement":[{"@type":"ListItem","position":1,"name":"Home","item":"https:\/\/www.koonings.com\/de\/"},{"@type":"ListItem","position":2,"name":"White One by St. Patrick Sachiko W1125CW1"}]},{"@type":"WebSite","@id":"https:\/\/www.koonings.com\/de\/#website","url":"https:\/\/www.koonings.com\/de\/","name":"Koonings","description":"De grootste bruidsmodewinkel ter wereld","publisher":{"@id":"https:\/\/www.koonings.com\/de\/#organization"},"potentialAction":[{"@type":"SearchAction","target":{"@type":"EntryPoint","urlTemplate":"https:\/\/www.koonings.com\/de\/?s={search_term_string}"},"query-input":{"@type":"PropertyValueSpecification","valueRequired":true,"valueName":"search_term_string"}}],"inLanguage":"de"},{"@type":"Organization","@id":"https:\/\/www.koonings.com\/de\/#organization","name":"Koonings","url":"https:\/\/www.koonings.com\/de\/","logo":{"@type":"ImageObject","inLanguage":"de","@id":"https:\/\/www.koonings.com\/de\/#\/schema\/logo\/image\/","url":"https:\/\/www.koonings.com\/wp-content\/uploads\/2024\/07\/logo.png","contentUrl":"https:\/\/www.koonings.com\/wp-content\/uploads\/2024\/07\/logo.png","width":600,"height":428,"caption":"Koonings"},"image":{"@id":"https:\/\/www.koonings.com\/de\/#\/schema\/logo\/image\/"},"sameAs":["https:\/\/www.facebook.com\/kooningstheweddingpalace","https:\/\/www.instagram.com\/kooningstheweddingpalace","https:\/\/www.pinterest.com\/koonings","https:\/\/www.youtube.com\/kooningstheweddingpalace"]}]}},"_links":{"self":[{"href":"https:\/\/www.koonings.com\/de\/wp-json\/wp\/v2\/product\/60076","targetHints":{"allow":["GET"]}}],"collection":[{"href":"https:\/\/www.koonings.com\/de\/wp-json\/wp\/v2\/product"}],"about":[{"href":"https:\/\/www.koonings.com\/de\/wp-json\/wp\/v2\/types\/product"}],"wp:featuredmedia":[{"embeddable":true,"href":"https:\/\/www.koonings.com\/de\/wp-json\/wp\/v2\/media\/54537"}],"wp:attachment":[{"href":"https:\/\/www.koonings.com\/de\/wp-json\/wp\/v2\/media?parent=60076"}],"wp:term":[{"taxonomy":"productdetails","embeddable":true,"href":"https:\/\/www.koonings.com\/de\/wp-json\/wp\/v2\/productdetails?post=60076"},{"taxonomy":"productneck","embeddable":true,"href":"https:\/\/www.koonings.com\/de\/wp-json\/wp\/v2\/productneck?post=60076"},{"taxonomy":"productcolor","embeddable":true,"href":"https:\/\/www.koonings.com\/de\/wp-json\/wp\/v2\/productcolor?post=60076"},{"taxonomy":"maat","embeddable":true,"href":"https:\/\/www.koonings.com\/de\/wp-json\/wp\/v2\/maat?post=60076"},{"taxonomy":"productsupplier","embeddable":true,"href":"https:\/\/www.koonings.com\/de\/wp-json\/wp\/v2\/productsupplier?post=60076"},{"taxonomy":"productsleeve","embeddable":true,"href":"https:\/\/www.koonings.com\/de\/wp-json\/wp\/v2\/productsleeve?post=60076"},{"taxonomy":"productcategory","embeddable":true,"href":"https:\/\/www.koonings.com\/de\/wp-json\/wp\/v2\/productcategory?post=60076"},{"taxonomy":"productsilhouette","embeddable":true,"href":"https:\/\/www.koonings.com\/de\/wp-json\/wp\/v2\/productsilhouette?post=60076"},{"taxonomy":"productstyle","embeddable":true,"href":"https:\/\/www.koonings.com\/de\/wp-json\/wp\/v2\/productstyle?post=60076"}],"curies":[{"name":"wp","href":"https:\/\/api.w.org\/{rel}","templated":true}]}}