{"id":60072,"date":"2025-07-10T12:44:05","date_gmt":"2025-07-10T10:44:05","guid":{"rendered":"https:\/\/www.koonings.com\/product\/white-one-by-st-patrick-natsuko-w1125cv1\/"},"modified":"2025-06-05T13:28:47","modified_gmt":"2025-06-05T11:28:47","slug":"white-one-by-st-patrick-natsuko-w1125cv1","status":"publish","type":"product","link":"https:\/\/www.koonings.com\/de\/product\/white-one-by-st-patrick-natsuko-w1125cv1\/","title":{"rendered":"White One by St. Patrick Natsuko W1125CV1"},"content":{"rendered":"<p>NATSUKO ist ein Kleid aus Mikado, einem Stoff, der dem schmeichelhaften A-Linien-Schnitt Struktur verleiht. Einige der Details sind der herzf\u00f6rmige Ausschnitt, die zarten Tr\u00e4ger, die am R\u00fccken eine geometrische Form bilden, die dreieckige \u00d6ffnung am R\u00fccken und die praktischen Taschen am Rock. <\/p>\n","protected":false},"featured_media":54508,"template":"","meta":{"_acf_changed":false,"ghostkit_customizer_options":"","ghostkit_custom_css":"","ghostkit_custom_js_head":"","ghostkit_custom_js_foot":"","ghostkit_typography":""},"productdetails":[],"productneck":[355],"productcolor":[392],"maat":[],"productsupplier":[420],"productsleeve":[359],"productcategory":[18],"productsilhouette":[384],"productstyle":[],"class_list":["post-60072","product","type-product","status-publish","has-post-thumbnail","hentry","productneck-355","productcolor-392","productsupplier-white-one-by-st-patrick","productsleeve-359","productcategory-trouwjurken","productsilhouette-384"],"acf":[],"yoast_head":"<!-- This site is optimized with the Yoast SEO plugin v27.3 - https:\/\/yoast.com\/product\/yoast-seo-wordpress\/ -->\n<title>White One by St. Patrick Natsuko W1125CV1 | Koonings<\/title>\n<meta name=\"description\" content=\"NATSUKO ist ein Kleid aus Mikado, einem Stoff, der dem schmeichelhaften A-Linien-Schnitt Struktur verleiht. Einige der Details sind der herzf\u00f6rmige Ausschnitt, die zarten Tr\u00e4ger, die am R\u00fccken eine geometrische Form bilden, die dreieckige \u00d6ffnung am R\u00fccken und die praktischen Taschen am Rock.\" \/>\n<meta name=\"robots\" content=\"index, follow, max-snippet:-1, max-image-preview:large, max-video-preview:-1\" \/>\n<link rel=\"canonical\" href=\"https:\/\/www.koonings.com\/de\/product\/white-one-by-st-patrick-natsuko-w1125cv1\/\" \/>\n<meta property=\"og:locale\" content=\"de_DE\" \/>\n<meta property=\"og:type\" content=\"article\" \/>\n<meta property=\"og:title\" content=\"White One by St. Patrick Natsuko W1125CV1 | Koonings\" \/>\n<meta property=\"og:description\" content=\"NATSUKO ist ein Kleid aus Mikado, einem Stoff, der dem schmeichelhaften A-Linien-Schnitt Struktur verleiht. Einige der Details sind der herzf\u00f6rmige Ausschnitt, die zarten Tr\u00e4ger, die am R\u00fccken eine geometrische Form bilden, die dreieckige \u00d6ffnung am R\u00fccken und die praktischen Taschen am Rock.\" \/>\n<meta property=\"og:url\" content=\"https:\/\/www.koonings.com\/de\/product\/white-one-by-st-patrick-natsuko-w1125cv1\/\" \/>\n<meta property=\"og:site_name\" content=\"Koonings\" \/>\n<meta property=\"article:publisher\" content=\"https:\/\/www.facebook.com\/kooningstheweddingpalace\" \/>\n<meta property=\"og:image\" content=\"https:\/\/www.koonings.com\/wp-content\/uploads\/2024\/11\/49048_1a7107f37e98d5b69ad3285688e7aea9e2099c08a45a8f10f6f36228c2bbb8f468b7d908.jpeg\" \/>\n\t<meta property=\"og:image:width\" content=\"721\" \/>\n\t<meta property=\"og:image:height\" content=\"1020\" \/>\n\t<meta property=\"og:image:type\" content=\"image\/jpeg\" \/>\n<meta name=\"twitter:card\" content=\"summary_large_image\" \/>\n<script type=\"application\/ld+json\" class=\"yoast-schema-graph\">{\"@context\":\"https:\\\/\\\/schema.org\",\"@graph\":[{\"@type\":\"WebPage\",\"@id\":\"https:\\\/\\\/www.koonings.com\\\/de\\\/product\\\/white-one-by-st-patrick-natsuko-w1125cv1\\\/\",\"url\":\"https:\\\/\\\/www.koonings.com\\\/de\\\/product\\\/white-one-by-st-patrick-natsuko-w1125cv1\\\/\",\"name\":\"White One by St. Patrick Natsuko W1125CV1 | Koonings\",\"isPartOf\":{\"@id\":\"https:\\\/\\\/www.koonings.com\\\/de\\\/#website\"},\"primaryImageOfPage\":{\"@id\":\"https:\\\/\\\/www.koonings.com\\\/de\\\/product\\\/white-one-by-st-patrick-natsuko-w1125cv1\\\/#primaryimage\"},\"image\":{\"@id\":\"https:\\\/\\\/www.koonings.com\\\/de\\\/product\\\/white-one-by-st-patrick-natsuko-w1125cv1\\\/#primaryimage\"},\"thumbnailUrl\":\"https:\\\/\\\/www.koonings.com\\\/wp-content\\\/uploads\\\/2024\\\/11\\\/49048_1a7107f37e98d5b69ad3285688e7aea9e2099c08a45a8f10f6f36228c2bbb8f468b7d908.jpeg\",\"datePublished\":\"2025-07-10T10:44:05+00:00\",\"description\":\"NATSUKO ist ein Kleid aus Mikado, einem Stoff, der dem schmeichelhaften A-Linien-Schnitt Struktur verleiht. Einige der Details sind der herzf\u00f6rmige Ausschnitt, die zarten Tr\u00e4ger, die am R\u00fccken eine geometrische Form bilden, die dreieckige \u00d6ffnung am R\u00fccken und die praktischen Taschen am Rock.\",\"breadcrumb\":{\"@id\":\"https:\\\/\\\/www.koonings.com\\\/de\\\/product\\\/white-one-by-st-patrick-natsuko-w1125cv1\\\/#breadcrumb\"},\"inLanguage\":\"de\",\"potentialAction\":[{\"@type\":\"ReadAction\",\"target\":[\"https:\\\/\\\/www.koonings.com\\\/de\\\/product\\\/white-one-by-st-patrick-natsuko-w1125cv1\\\/\"]}]},{\"@type\":\"ImageObject\",\"inLanguage\":\"de\",\"@id\":\"https:\\\/\\\/www.koonings.com\\\/de\\\/product\\\/white-one-by-st-patrick-natsuko-w1125cv1\\\/#primaryimage\",\"url\":\"https:\\\/\\\/www.koonings.com\\\/wp-content\\\/uploads\\\/2024\\\/11\\\/49048_1a7107f37e98d5b69ad3285688e7aea9e2099c08a45a8f10f6f36228c2bbb8f468b7d908.jpeg\",\"contentUrl\":\"https:\\\/\\\/www.koonings.com\\\/wp-content\\\/uploads\\\/2024\\\/11\\\/49048_1a7107f37e98d5b69ad3285688e7aea9e2099c08a45a8f10f6f36228c2bbb8f468b7d908.jpeg\",\"width\":721,\"height\":1020},{\"@type\":\"BreadcrumbList\",\"@id\":\"https:\\\/\\\/www.koonings.com\\\/de\\\/product\\\/white-one-by-st-patrick-natsuko-w1125cv1\\\/#breadcrumb\",\"itemListElement\":[{\"@type\":\"ListItem\",\"position\":1,\"name\":\"Home\",\"item\":\"https:\\\/\\\/www.koonings.com\\\/de\\\/\"},{\"@type\":\"ListItem\",\"position\":2,\"name\":\"White One by St. Patrick Natsuko W1125CV1\"}]},{\"@type\":\"WebSite\",\"@id\":\"https:\\\/\\\/www.koonings.com\\\/de\\\/#website\",\"url\":\"https:\\\/\\\/www.koonings.com\\\/de\\\/\",\"name\":\"Koonings\",\"description\":\"De grootste bruidsmodewinkel ter wereld\",\"publisher\":{\"@id\":\"https:\\\/\\\/www.koonings.com\\\/de\\\/#organization\"},\"potentialAction\":[{\"@type\":\"SearchAction\",\"target\":{\"@type\":\"EntryPoint\",\"urlTemplate\":\"https:\\\/\\\/www.koonings.com\\\/de\\\/?s={search_term_string}\"},\"query-input\":{\"@type\":\"PropertyValueSpecification\",\"valueRequired\":true,\"valueName\":\"search_term_string\"}}],\"inLanguage\":\"de\"},{\"@type\":\"Organization\",\"@id\":\"https:\\\/\\\/www.koonings.com\\\/de\\\/#organization\",\"name\":\"Koonings\",\"url\":\"https:\\\/\\\/www.koonings.com\\\/de\\\/\",\"logo\":{\"@type\":\"ImageObject\",\"inLanguage\":\"de\",\"@id\":\"https:\\\/\\\/www.koonings.com\\\/de\\\/#\\\/schema\\\/logo\\\/image\\\/\",\"url\":\"https:\\\/\\\/www.koonings.com\\\/wp-content\\\/uploads\\\/2024\\\/07\\\/logo.png\",\"contentUrl\":\"https:\\\/\\\/www.koonings.com\\\/wp-content\\\/uploads\\\/2024\\\/07\\\/logo.png\",\"width\":600,\"height\":428,\"caption\":\"Koonings\"},\"image\":{\"@id\":\"https:\\\/\\\/www.koonings.com\\\/de\\\/#\\\/schema\\\/logo\\\/image\\\/\"},\"sameAs\":[\"https:\\\/\\\/www.facebook.com\\\/kooningstheweddingpalace\",\"https:\\\/\\\/www.instagram.com\\\/kooningstheweddingpalace\",\"https:\\\/\\\/www.pinterest.com\\\/koonings\",\"https:\\\/\\\/www.youtube.com\\\/kooningstheweddingpalace\"]}]}<\/script>\n<!-- \/ Yoast SEO plugin. -->","yoast_head_json":{"title":"White One by St. Patrick Natsuko W1125CV1 | Koonings","description":"NATSUKO ist ein Kleid aus Mikado, einem Stoff, der dem schmeichelhaften A-Linien-Schnitt Struktur verleiht. Einige der Details sind der herzf\u00f6rmige Ausschnitt, die zarten Tr\u00e4ger, die am R\u00fccken eine geometrische Form bilden, die dreieckige \u00d6ffnung am R\u00fccken und die praktischen Taschen am Rock.","robots":{"index":"index","follow":"follow","max-snippet":"max-snippet:-1","max-image-preview":"max-image-preview:large","max-video-preview":"max-video-preview:-1"},"canonical":"https:\/\/www.koonings.com\/de\/product\/white-one-by-st-patrick-natsuko-w1125cv1\/","og_locale":"de_DE","og_type":"article","og_title":"White One by St. Patrick Natsuko W1125CV1 | Koonings","og_description":"NATSUKO ist ein Kleid aus Mikado, einem Stoff, der dem schmeichelhaften A-Linien-Schnitt Struktur verleiht. Einige der Details sind der herzf\u00f6rmige Ausschnitt, die zarten Tr\u00e4ger, die am R\u00fccken eine geometrische Form bilden, die dreieckige \u00d6ffnung am R\u00fccken und die praktischen Taschen am Rock.","og_url":"https:\/\/www.koonings.com\/de\/product\/white-one-by-st-patrick-natsuko-w1125cv1\/","og_site_name":"Koonings","article_publisher":"https:\/\/www.facebook.com\/kooningstheweddingpalace","og_image":[{"width":721,"height":1020,"url":"https:\/\/www.koonings.com\/wp-content\/uploads\/2024\/11\/49048_1a7107f37e98d5b69ad3285688e7aea9e2099c08a45a8f10f6f36228c2bbb8f468b7d908.jpeg","type":"image\/jpeg"}],"twitter_card":"summary_large_image","schema":{"@context":"https:\/\/schema.org","@graph":[{"@type":"WebPage","@id":"https:\/\/www.koonings.com\/de\/product\/white-one-by-st-patrick-natsuko-w1125cv1\/","url":"https:\/\/www.koonings.com\/de\/product\/white-one-by-st-patrick-natsuko-w1125cv1\/","name":"White One by St. Patrick Natsuko W1125CV1 | Koonings","isPartOf":{"@id":"https:\/\/www.koonings.com\/de\/#website"},"primaryImageOfPage":{"@id":"https:\/\/www.koonings.com\/de\/product\/white-one-by-st-patrick-natsuko-w1125cv1\/#primaryimage"},"image":{"@id":"https:\/\/www.koonings.com\/de\/product\/white-one-by-st-patrick-natsuko-w1125cv1\/#primaryimage"},"thumbnailUrl":"https:\/\/www.koonings.com\/wp-content\/uploads\/2024\/11\/49048_1a7107f37e98d5b69ad3285688e7aea9e2099c08a45a8f10f6f36228c2bbb8f468b7d908.jpeg","datePublished":"2025-07-10T10:44:05+00:00","description":"NATSUKO ist ein Kleid aus Mikado, einem Stoff, der dem schmeichelhaften A-Linien-Schnitt Struktur verleiht. Einige der Details sind der herzf\u00f6rmige Ausschnitt, die zarten Tr\u00e4ger, die am R\u00fccken eine geometrische Form bilden, die dreieckige \u00d6ffnung am R\u00fccken und die praktischen Taschen am Rock.","breadcrumb":{"@id":"https:\/\/www.koonings.com\/de\/product\/white-one-by-st-patrick-natsuko-w1125cv1\/#breadcrumb"},"inLanguage":"de","potentialAction":[{"@type":"ReadAction","target":["https:\/\/www.koonings.com\/de\/product\/white-one-by-st-patrick-natsuko-w1125cv1\/"]}]},{"@type":"ImageObject","inLanguage":"de","@id":"https:\/\/www.koonings.com\/de\/product\/white-one-by-st-patrick-natsuko-w1125cv1\/#primaryimage","url":"https:\/\/www.koonings.com\/wp-content\/uploads\/2024\/11\/49048_1a7107f37e98d5b69ad3285688e7aea9e2099c08a45a8f10f6f36228c2bbb8f468b7d908.jpeg","contentUrl":"https:\/\/www.koonings.com\/wp-content\/uploads\/2024\/11\/49048_1a7107f37e98d5b69ad3285688e7aea9e2099c08a45a8f10f6f36228c2bbb8f468b7d908.jpeg","width":721,"height":1020},{"@type":"BreadcrumbList","@id":"https:\/\/www.koonings.com\/de\/product\/white-one-by-st-patrick-natsuko-w1125cv1\/#breadcrumb","itemListElement":[{"@type":"ListItem","position":1,"name":"Home","item":"https:\/\/www.koonings.com\/de\/"},{"@type":"ListItem","position":2,"name":"White One by St. Patrick Natsuko W1125CV1"}]},{"@type":"WebSite","@id":"https:\/\/www.koonings.com\/de\/#website","url":"https:\/\/www.koonings.com\/de\/","name":"Koonings","description":"De grootste bruidsmodewinkel ter wereld","publisher":{"@id":"https:\/\/www.koonings.com\/de\/#organization"},"potentialAction":[{"@type":"SearchAction","target":{"@type":"EntryPoint","urlTemplate":"https:\/\/www.koonings.com\/de\/?s={search_term_string}"},"query-input":{"@type":"PropertyValueSpecification","valueRequired":true,"valueName":"search_term_string"}}],"inLanguage":"de"},{"@type":"Organization","@id":"https:\/\/www.koonings.com\/de\/#organization","name":"Koonings","url":"https:\/\/www.koonings.com\/de\/","logo":{"@type":"ImageObject","inLanguage":"de","@id":"https:\/\/www.koonings.com\/de\/#\/schema\/logo\/image\/","url":"https:\/\/www.koonings.com\/wp-content\/uploads\/2024\/07\/logo.png","contentUrl":"https:\/\/www.koonings.com\/wp-content\/uploads\/2024\/07\/logo.png","width":600,"height":428,"caption":"Koonings"},"image":{"@id":"https:\/\/www.koonings.com\/de\/#\/schema\/logo\/image\/"},"sameAs":["https:\/\/www.facebook.com\/kooningstheweddingpalace","https:\/\/www.instagram.com\/kooningstheweddingpalace","https:\/\/www.pinterest.com\/koonings","https:\/\/www.youtube.com\/kooningstheweddingpalace"]}]}},"_links":{"self":[{"href":"https:\/\/www.koonings.com\/de\/wp-json\/wp\/v2\/product\/60072","targetHints":{"allow":["GET"]}}],"collection":[{"href":"https:\/\/www.koonings.com\/de\/wp-json\/wp\/v2\/product"}],"about":[{"href":"https:\/\/www.koonings.com\/de\/wp-json\/wp\/v2\/types\/product"}],"wp:featuredmedia":[{"embeddable":true,"href":"https:\/\/www.koonings.com\/de\/wp-json\/wp\/v2\/media\/54508"}],"wp:attachment":[{"href":"https:\/\/www.koonings.com\/de\/wp-json\/wp\/v2\/media?parent=60072"}],"wp:term":[{"taxonomy":"productdetails","embeddable":true,"href":"https:\/\/www.koonings.com\/de\/wp-json\/wp\/v2\/productdetails?post=60072"},{"taxonomy":"productneck","embeddable":true,"href":"https:\/\/www.koonings.com\/de\/wp-json\/wp\/v2\/productneck?post=60072"},{"taxonomy":"productcolor","embeddable":true,"href":"https:\/\/www.koonings.com\/de\/wp-json\/wp\/v2\/productcolor?post=60072"},{"taxonomy":"maat","embeddable":true,"href":"https:\/\/www.koonings.com\/de\/wp-json\/wp\/v2\/maat?post=60072"},{"taxonomy":"productsupplier","embeddable":true,"href":"https:\/\/www.koonings.com\/de\/wp-json\/wp\/v2\/productsupplier?post=60072"},{"taxonomy":"productsleeve","embeddable":true,"href":"https:\/\/www.koonings.com\/de\/wp-json\/wp\/v2\/productsleeve?post=60072"},{"taxonomy":"productcategory","embeddable":true,"href":"https:\/\/www.koonings.com\/de\/wp-json\/wp\/v2\/productcategory?post=60072"},{"taxonomy":"productsilhouette","embeddable":true,"href":"https:\/\/www.koonings.com\/de\/wp-json\/wp\/v2\/productsilhouette?post=60072"},{"taxonomy":"productstyle","embeddable":true,"href":"https:\/\/www.koonings.com\/de\/wp-json\/wp\/v2\/productstyle?post=60072"}],"curies":[{"name":"wp","href":"https:\/\/api.w.org\/{rel}","templated":true}]}}