{"id":60036,"date":"2024-11-18T15:50:19","date_gmt":"2024-11-18T14:50:19","guid":{"rendered":"https:\/\/www.koonings.com\/product\/pronovias-privee-anett-pp125bo1-2\/"},"modified":"2026-02-03T19:09:13","modified_gmt":"2026-02-03T18:09:13","slug":"pronovias-privee-anett-pp125bo1-2","status":"publish","type":"product","link":"https:\/\/www.koonings.com\/de\/product\/pronovias-privee-anett-pp125bo1-2\/","title":{"rendered":"Pronovias Privee Anett PP125BO1"},"content":{"rendered":"<p>Die Raffinesse von Spitze ist die geheime Zutat dieses Prinzessinnenkleides. Das Mieder hat h\u00e4ngende \u00c4rmel, einen herzf\u00f6rmigen Ausschnitt und wundersch\u00f6ne Stickereien mit Perleneins\u00e4tzen, die florale Motive bilden. Die niedrige Taille mildert das Volumen des Rocks. Das Kleid hat eine Kathedralschleppe.   <\/p>\n","protected":false},"featured_media":54839,"template":"","meta":{"_acf_changed":false,"ghostkit_customizer_options":"","ghostkit_custom_css":"","ghostkit_custom_js_head":"","ghostkit_custom_js_foot":"","ghostkit_typography":""},"productdetails":[376],"productneck":[354,355],"productcolor":[393,392],"maat":[],"productsupplier":[438],"productsleeve":[361],"productcategory":[18],"productsilhouette":[388],"productstyle":[366],"class_list":["post-60036","product","type-product","status-publish","has-post-thumbnail","hentry","productdetails-376","productneck-354","productneck-355","productcolor-393","productcolor-392","productsupplier-pronovias-privee","productsleeve-361","productcategory-trouwjurken","productsilhouette-388","productstyle-366"],"acf":[],"yoast_head":"<!-- This site is optimized with the Yoast SEO plugin v27.3 - https:\/\/yoast.com\/product\/yoast-seo-wordpress\/ -->\n<title>Pronovias Privee Anett PP125BO1 | Koonings<\/title>\n<meta name=\"description\" content=\"Die Raffinesse von Spitze ist die geheime Zutat dieses Prinzessinnenkleides. Das Mieder hat h\u00e4ngende \u00c4rmel, einen herzf\u00f6rmigen Ausschnitt und wundersch\u00f6ne Stickereien mit Perleneins\u00e4tzen, die florale Motive bilden. Die niedrige Taille mildert das Volumen des Rocks. Das Kleid hat eine Kathedralschleppe.\" \/>\n<meta name=\"robots\" content=\"index, follow, max-snippet:-1, max-image-preview:large, max-video-preview:-1\" \/>\n<link rel=\"canonical\" href=\"https:\/\/www.koonings.com\/de\/product\/pronovias-privee-anett-pp125bo1-2\/\" \/>\n<meta property=\"og:locale\" content=\"de_DE\" \/>\n<meta property=\"og:type\" content=\"article\" \/>\n<meta property=\"og:title\" content=\"Pronovias Privee Anett PP125BO1 | Koonings\" \/>\n<meta property=\"og:description\" content=\"Die Raffinesse von Spitze ist die geheime Zutat dieses Prinzessinnenkleides. Das Mieder hat h\u00e4ngende \u00c4rmel, einen herzf\u00f6rmigen Ausschnitt und wundersch\u00f6ne Stickereien mit Perleneins\u00e4tzen, die florale Motive bilden. Die niedrige Taille mildert das Volumen des Rocks. Das Kleid hat eine Kathedralschleppe.\" \/>\n<meta property=\"og:url\" content=\"https:\/\/www.koonings.com\/de\/product\/pronovias-privee-anett-pp125bo1-2\/\" \/>\n<meta property=\"og:site_name\" content=\"Koonings\" \/>\n<meta property=\"article:publisher\" content=\"https:\/\/www.facebook.com\/kooningstheweddingpalace\" \/>\n<meta property=\"article:modified_time\" content=\"2026-02-03T18:09:13+00:00\" \/>\n<meta property=\"og:image\" content=\"https:\/\/www.koonings.com\/wp-content\/uploads\/2024\/11\/49073_085442fa17aa381b6501de1200fdf8ee8033ef88642f790d61e5afbf8f44f67016d5dd3e-scaled.jpeg\" \/>\n\t<meta property=\"og:image:width\" content=\"1812\" \/>\n\t<meta property=\"og:image:height\" content=\"2560\" \/>\n\t<meta property=\"og:image:type\" content=\"image\/jpeg\" \/>\n<meta name=\"twitter:card\" content=\"summary_large_image\" \/>\n<script type=\"application\/ld+json\" class=\"yoast-schema-graph\">{\"@context\":\"https:\\\/\\\/schema.org\",\"@graph\":[{\"@type\":\"WebPage\",\"@id\":\"https:\\\/\\\/www.koonings.com\\\/de\\\/product\\\/pronovias-privee-anett-pp125bo1-2\\\/\",\"url\":\"https:\\\/\\\/www.koonings.com\\\/de\\\/product\\\/pronovias-privee-anett-pp125bo1-2\\\/\",\"name\":\"Pronovias Privee Anett PP125BO1 | Koonings\",\"isPartOf\":{\"@id\":\"https:\\\/\\\/www.koonings.com\\\/de\\\/#website\"},\"primaryImageOfPage\":{\"@id\":\"https:\\\/\\\/www.koonings.com\\\/de\\\/product\\\/pronovias-privee-anett-pp125bo1-2\\\/#primaryimage\"},\"image\":{\"@id\":\"https:\\\/\\\/www.koonings.com\\\/de\\\/product\\\/pronovias-privee-anett-pp125bo1-2\\\/#primaryimage\"},\"thumbnailUrl\":\"https:\\\/\\\/www.koonings.com\\\/wp-content\\\/uploads\\\/2024\\\/11\\\/49073_085442fa17aa381b6501de1200fdf8ee8033ef88642f790d61e5afbf8f44f67016d5dd3e-scaled.jpeg\",\"datePublished\":\"2024-11-18T14:50:19+00:00\",\"dateModified\":\"2026-02-03T18:09:13+00:00\",\"description\":\"Die Raffinesse von Spitze ist die geheime Zutat dieses Prinzessinnenkleides. Das Mieder hat h\u00e4ngende \u00c4rmel, einen herzf\u00f6rmigen Ausschnitt und wundersch\u00f6ne Stickereien mit Perleneins\u00e4tzen, die florale Motive bilden. Die niedrige Taille mildert das Volumen des Rocks. Das Kleid hat eine Kathedralschleppe.\",\"breadcrumb\":{\"@id\":\"https:\\\/\\\/www.koonings.com\\\/de\\\/product\\\/pronovias-privee-anett-pp125bo1-2\\\/#breadcrumb\"},\"inLanguage\":\"de\",\"potentialAction\":[{\"@type\":\"ReadAction\",\"target\":[\"https:\\\/\\\/www.koonings.com\\\/de\\\/product\\\/pronovias-privee-anett-pp125bo1-2\\\/\"]}]},{\"@type\":\"ImageObject\",\"inLanguage\":\"de\",\"@id\":\"https:\\\/\\\/www.koonings.com\\\/de\\\/product\\\/pronovias-privee-anett-pp125bo1-2\\\/#primaryimage\",\"url\":\"https:\\\/\\\/www.koonings.com\\\/wp-content\\\/uploads\\\/2024\\\/11\\\/49073_085442fa17aa381b6501de1200fdf8ee8033ef88642f790d61e5afbf8f44f67016d5dd3e-scaled.jpeg\",\"contentUrl\":\"https:\\\/\\\/www.koonings.com\\\/wp-content\\\/uploads\\\/2024\\\/11\\\/49073_085442fa17aa381b6501de1200fdf8ee8033ef88642f790d61e5afbf8f44f67016d5dd3e-scaled.jpeg\",\"width\":1812,\"height\":2560},{\"@type\":\"BreadcrumbList\",\"@id\":\"https:\\\/\\\/www.koonings.com\\\/de\\\/product\\\/pronovias-privee-anett-pp125bo1-2\\\/#breadcrumb\",\"itemListElement\":[{\"@type\":\"ListItem\",\"position\":1,\"name\":\"Home\",\"item\":\"https:\\\/\\\/www.koonings.com\\\/de\\\/\"},{\"@type\":\"ListItem\",\"position\":2,\"name\":\"Pronovias Privee Anett PP125BO1\"}]},{\"@type\":\"WebSite\",\"@id\":\"https:\\\/\\\/www.koonings.com\\\/de\\\/#website\",\"url\":\"https:\\\/\\\/www.koonings.com\\\/de\\\/\",\"name\":\"Koonings\",\"description\":\"De grootste bruidsmodewinkel ter wereld\",\"publisher\":{\"@id\":\"https:\\\/\\\/www.koonings.com\\\/de\\\/#organization\"},\"potentialAction\":[{\"@type\":\"SearchAction\",\"target\":{\"@type\":\"EntryPoint\",\"urlTemplate\":\"https:\\\/\\\/www.koonings.com\\\/de\\\/?s={search_term_string}\"},\"query-input\":{\"@type\":\"PropertyValueSpecification\",\"valueRequired\":true,\"valueName\":\"search_term_string\"}}],\"inLanguage\":\"de\"},{\"@type\":\"Organization\",\"@id\":\"https:\\\/\\\/www.koonings.com\\\/de\\\/#organization\",\"name\":\"Koonings\",\"url\":\"https:\\\/\\\/www.koonings.com\\\/de\\\/\",\"logo\":{\"@type\":\"ImageObject\",\"inLanguage\":\"de\",\"@id\":\"https:\\\/\\\/www.koonings.com\\\/de\\\/#\\\/schema\\\/logo\\\/image\\\/\",\"url\":\"https:\\\/\\\/www.koonings.com\\\/wp-content\\\/uploads\\\/2024\\\/07\\\/logo.png\",\"contentUrl\":\"https:\\\/\\\/www.koonings.com\\\/wp-content\\\/uploads\\\/2024\\\/07\\\/logo.png\",\"width\":600,\"height\":428,\"caption\":\"Koonings\"},\"image\":{\"@id\":\"https:\\\/\\\/www.koonings.com\\\/de\\\/#\\\/schema\\\/logo\\\/image\\\/\"},\"sameAs\":[\"https:\\\/\\\/www.facebook.com\\\/kooningstheweddingpalace\",\"https:\\\/\\\/www.instagram.com\\\/kooningstheweddingpalace\",\"https:\\\/\\\/www.pinterest.com\\\/koonings\",\"https:\\\/\\\/www.youtube.com\\\/kooningstheweddingpalace\"]}]}<\/script>\n<!-- \/ Yoast SEO plugin. -->","yoast_head_json":{"title":"Pronovias Privee Anett PP125BO1 | Koonings","description":"Die Raffinesse von Spitze ist die geheime Zutat dieses Prinzessinnenkleides. Das Mieder hat h\u00e4ngende \u00c4rmel, einen herzf\u00f6rmigen Ausschnitt und wundersch\u00f6ne Stickereien mit Perleneins\u00e4tzen, die florale Motive bilden. Die niedrige Taille mildert das Volumen des Rocks. Das Kleid hat eine Kathedralschleppe.","robots":{"index":"index","follow":"follow","max-snippet":"max-snippet:-1","max-image-preview":"max-image-preview:large","max-video-preview":"max-video-preview:-1"},"canonical":"https:\/\/www.koonings.com\/de\/product\/pronovias-privee-anett-pp125bo1-2\/","og_locale":"de_DE","og_type":"article","og_title":"Pronovias Privee Anett PP125BO1 | Koonings","og_description":"Die Raffinesse von Spitze ist die geheime Zutat dieses Prinzessinnenkleides. Das Mieder hat h\u00e4ngende \u00c4rmel, einen herzf\u00f6rmigen Ausschnitt und wundersch\u00f6ne Stickereien mit Perleneins\u00e4tzen, die florale Motive bilden. Die niedrige Taille mildert das Volumen des Rocks. Das Kleid hat eine Kathedralschleppe.","og_url":"https:\/\/www.koonings.com\/de\/product\/pronovias-privee-anett-pp125bo1-2\/","og_site_name":"Koonings","article_publisher":"https:\/\/www.facebook.com\/kooningstheweddingpalace","article_modified_time":"2026-02-03T18:09:13+00:00","og_image":[{"width":1812,"height":2560,"url":"https:\/\/www.koonings.com\/wp-content\/uploads\/2024\/11\/49073_085442fa17aa381b6501de1200fdf8ee8033ef88642f790d61e5afbf8f44f67016d5dd3e-scaled.jpeg","type":"image\/jpeg"}],"twitter_card":"summary_large_image","schema":{"@context":"https:\/\/schema.org","@graph":[{"@type":"WebPage","@id":"https:\/\/www.koonings.com\/de\/product\/pronovias-privee-anett-pp125bo1-2\/","url":"https:\/\/www.koonings.com\/de\/product\/pronovias-privee-anett-pp125bo1-2\/","name":"Pronovias Privee Anett PP125BO1 | Koonings","isPartOf":{"@id":"https:\/\/www.koonings.com\/de\/#website"},"primaryImageOfPage":{"@id":"https:\/\/www.koonings.com\/de\/product\/pronovias-privee-anett-pp125bo1-2\/#primaryimage"},"image":{"@id":"https:\/\/www.koonings.com\/de\/product\/pronovias-privee-anett-pp125bo1-2\/#primaryimage"},"thumbnailUrl":"https:\/\/www.koonings.com\/wp-content\/uploads\/2024\/11\/49073_085442fa17aa381b6501de1200fdf8ee8033ef88642f790d61e5afbf8f44f67016d5dd3e-scaled.jpeg","datePublished":"2024-11-18T14:50:19+00:00","dateModified":"2026-02-03T18:09:13+00:00","description":"Die Raffinesse von Spitze ist die geheime Zutat dieses Prinzessinnenkleides. Das Mieder hat h\u00e4ngende \u00c4rmel, einen herzf\u00f6rmigen Ausschnitt und wundersch\u00f6ne Stickereien mit Perleneins\u00e4tzen, die florale Motive bilden. Die niedrige Taille mildert das Volumen des Rocks. Das Kleid hat eine Kathedralschleppe.","breadcrumb":{"@id":"https:\/\/www.koonings.com\/de\/product\/pronovias-privee-anett-pp125bo1-2\/#breadcrumb"},"inLanguage":"de","potentialAction":[{"@type":"ReadAction","target":["https:\/\/www.koonings.com\/de\/product\/pronovias-privee-anett-pp125bo1-2\/"]}]},{"@type":"ImageObject","inLanguage":"de","@id":"https:\/\/www.koonings.com\/de\/product\/pronovias-privee-anett-pp125bo1-2\/#primaryimage","url":"https:\/\/www.koonings.com\/wp-content\/uploads\/2024\/11\/49073_085442fa17aa381b6501de1200fdf8ee8033ef88642f790d61e5afbf8f44f67016d5dd3e-scaled.jpeg","contentUrl":"https:\/\/www.koonings.com\/wp-content\/uploads\/2024\/11\/49073_085442fa17aa381b6501de1200fdf8ee8033ef88642f790d61e5afbf8f44f67016d5dd3e-scaled.jpeg","width":1812,"height":2560},{"@type":"BreadcrumbList","@id":"https:\/\/www.koonings.com\/de\/product\/pronovias-privee-anett-pp125bo1-2\/#breadcrumb","itemListElement":[{"@type":"ListItem","position":1,"name":"Home","item":"https:\/\/www.koonings.com\/de\/"},{"@type":"ListItem","position":2,"name":"Pronovias Privee Anett PP125BO1"}]},{"@type":"WebSite","@id":"https:\/\/www.koonings.com\/de\/#website","url":"https:\/\/www.koonings.com\/de\/","name":"Koonings","description":"De grootste bruidsmodewinkel ter wereld","publisher":{"@id":"https:\/\/www.koonings.com\/de\/#organization"},"potentialAction":[{"@type":"SearchAction","target":{"@type":"EntryPoint","urlTemplate":"https:\/\/www.koonings.com\/de\/?s={search_term_string}"},"query-input":{"@type":"PropertyValueSpecification","valueRequired":true,"valueName":"search_term_string"}}],"inLanguage":"de"},{"@type":"Organization","@id":"https:\/\/www.koonings.com\/de\/#organization","name":"Koonings","url":"https:\/\/www.koonings.com\/de\/","logo":{"@type":"ImageObject","inLanguage":"de","@id":"https:\/\/www.koonings.com\/de\/#\/schema\/logo\/image\/","url":"https:\/\/www.koonings.com\/wp-content\/uploads\/2024\/07\/logo.png","contentUrl":"https:\/\/www.koonings.com\/wp-content\/uploads\/2024\/07\/logo.png","width":600,"height":428,"caption":"Koonings"},"image":{"@id":"https:\/\/www.koonings.com\/de\/#\/schema\/logo\/image\/"},"sameAs":["https:\/\/www.facebook.com\/kooningstheweddingpalace","https:\/\/www.instagram.com\/kooningstheweddingpalace","https:\/\/www.pinterest.com\/koonings","https:\/\/www.youtube.com\/kooningstheweddingpalace"]}]}},"_links":{"self":[{"href":"https:\/\/www.koonings.com\/de\/wp-json\/wp\/v2\/product\/60036","targetHints":{"allow":["GET"]}}],"collection":[{"href":"https:\/\/www.koonings.com\/de\/wp-json\/wp\/v2\/product"}],"about":[{"href":"https:\/\/www.koonings.com\/de\/wp-json\/wp\/v2\/types\/product"}],"wp:featuredmedia":[{"embeddable":true,"href":"https:\/\/www.koonings.com\/de\/wp-json\/wp\/v2\/media\/54839"}],"wp:attachment":[{"href":"https:\/\/www.koonings.com\/de\/wp-json\/wp\/v2\/media?parent=60036"}],"wp:term":[{"taxonomy":"productdetails","embeddable":true,"href":"https:\/\/www.koonings.com\/de\/wp-json\/wp\/v2\/productdetails?post=60036"},{"taxonomy":"productneck","embeddable":true,"href":"https:\/\/www.koonings.com\/de\/wp-json\/wp\/v2\/productneck?post=60036"},{"taxonomy":"productcolor","embeddable":true,"href":"https:\/\/www.koonings.com\/de\/wp-json\/wp\/v2\/productcolor?post=60036"},{"taxonomy":"maat","embeddable":true,"href":"https:\/\/www.koonings.com\/de\/wp-json\/wp\/v2\/maat?post=60036"},{"taxonomy":"productsupplier","embeddable":true,"href":"https:\/\/www.koonings.com\/de\/wp-json\/wp\/v2\/productsupplier?post=60036"},{"taxonomy":"productsleeve","embeddable":true,"href":"https:\/\/www.koonings.com\/de\/wp-json\/wp\/v2\/productsleeve?post=60036"},{"taxonomy":"productcategory","embeddable":true,"href":"https:\/\/www.koonings.com\/de\/wp-json\/wp\/v2\/productcategory?post=60036"},{"taxonomy":"productsilhouette","embeddable":true,"href":"https:\/\/www.koonings.com\/de\/wp-json\/wp\/v2\/productsilhouette?post=60036"},{"taxonomy":"productstyle","embeddable":true,"href":"https:\/\/www.koonings.com\/de\/wp-json\/wp\/v2\/productstyle?post=60036"}],"curies":[{"name":"wp","href":"https:\/\/api.w.org\/{rel}","templated":true}]}}