{"id":60017,"date":"2024-11-18T15:50:23","date_gmt":"2024-11-18T14:50:23","guid":{"rendered":"https:\/\/www.koonings.com\/product\/enzoani-blue-collection-susan-3\/"},"modified":"2026-02-03T19:10:49","modified_gmt":"2026-02-03T18:10:49","slug":"enzoani-blue-collection-susan-3","status":"publish","type":"product","link":"https:\/\/www.koonings.com\/de\/product\/enzoani-blue-collection-susan-3\/","title":{"rendered":"Enzoani Blau Kollektion Susan"},"content":{"rendered":"<p>Verk\u00f6rpern Sie die br\u00e4utliche Perfektion in Susan. Dieses bezaubernde Meerjungfrauen-Hochzeitskleid besticht durch aufw\u00e4ndig bestickte Blumenspitze, funkelnde Perlenspitze und atemberaubende 3D-Mikado-Blumenapplikationen, die einen Look von \u00e4therischer Sch\u00f6nheit und Romantik schaffen. Das eng anliegende Mieder mit herzf\u00f6rmigem Ausschnitt schmeichelt den Kurven und betont sie, w\u00e4hrend der ausgestellte Rock f\u00fcr Bewegung und Anmut sorgt, so dass Sie an Ihrem besonderen Tag br\u00e4utliche Eleganz sp\u00fcren.  <\/p>\n","protected":false},"featured_media":54940,"template":"","meta":{"_acf_changed":false,"ghostkit_customizer_options":"","ghostkit_custom_css":"","ghostkit_custom_js_head":"","ghostkit_custom_js_foot":"","ghostkit_typography":""},"productdetails":[],"productneck":[],"productcolor":[],"maat":[],"productsupplier":[405],"productsleeve":[],"productcategory":[426],"productsilhouette":[],"productstyle":[],"class_list":["post-60017","product","type-product","status-publish","has-post-thumbnail","hentry","productsupplier-enzoani-blue-collection","productcategory-trouwjurk-c"],"acf":[],"yoast_head":"<!-- This site is optimized with the Yoast SEO plugin v27.3 - https:\/\/yoast.com\/product\/yoast-seo-wordpress\/ -->\n<title>Enzoani Blau Kollektion Susan | Koonings<\/title>\n<meta name=\"description\" content=\"Verk\u00f6rpern Sie die br\u00e4utliche Perfektion in Susan. Dieses bezaubernde Meerjungfrauen-Hochzeitskleid besticht durch aufw\u00e4ndig bestickte Blumenspitze, funkelnde Perlenspitze und atemberaubende 3D-Mikado-Blumenapplikationen, die einen Look von \u00e4therischer Sch\u00f6nheit und Romantik schaffen. Das eng anliegende Mieder mit herzf\u00f6rmigem Ausschnitt schmeichelt den Kurven und betont sie, w\u00e4hrend der ausgestellte Rock f\u00fcr Bewegung und Anmut sorgt, so dass Sie an Ihrem besonderen Tag br\u00e4utliche Eleganz sp\u00fcren.\" \/>\n<meta name=\"robots\" content=\"index, follow, max-snippet:-1, max-image-preview:large, max-video-preview:-1\" \/>\n<link rel=\"canonical\" href=\"https:\/\/www.koonings.com\/de\/product\/enzoani-blue-collection-susan-3\/\" \/>\n<meta property=\"og:locale\" content=\"de_DE\" \/>\n<meta property=\"og:type\" content=\"article\" \/>\n<meta property=\"og:title\" content=\"Enzoani Blau Kollektion Susan | Koonings\" \/>\n<meta property=\"og:description\" content=\"Verk\u00f6rpern Sie die br\u00e4utliche Perfektion in Susan. Dieses bezaubernde Meerjungfrauen-Hochzeitskleid besticht durch aufw\u00e4ndig bestickte Blumenspitze, funkelnde Perlenspitze und atemberaubende 3D-Mikado-Blumenapplikationen, die einen Look von \u00e4therischer Sch\u00f6nheit und Romantik schaffen. Das eng anliegende Mieder mit herzf\u00f6rmigem Ausschnitt schmeichelt den Kurven und betont sie, w\u00e4hrend der ausgestellte Rock f\u00fcr Bewegung und Anmut sorgt, so dass Sie an Ihrem besonderen Tag br\u00e4utliche Eleganz sp\u00fcren.\" \/>\n<meta property=\"og:url\" content=\"https:\/\/www.koonings.com\/de\/product\/enzoani-blue-collection-susan-3\/\" \/>\n<meta property=\"og:site_name\" content=\"Koonings\" \/>\n<meta property=\"article:publisher\" content=\"https:\/\/www.facebook.com\/kooningstheweddingpalace\" \/>\n<meta property=\"article:modified_time\" content=\"2026-02-03T18:10:49+00:00\" \/>\n<meta property=\"og:image\" content=\"https:\/\/www.koonings.com\/wp-content\/uploads\/2024\/11\/49081_d285df808dcb0971de42f2da29e7f045f4d50c94b97b80f74debbaea49406f5837d201dd.jpeg\" \/>\n\t<meta property=\"og:image:width\" content=\"1035\" \/>\n\t<meta property=\"og:image:height\" content=\"1380\" \/>\n\t<meta property=\"og:image:type\" content=\"image\/jpeg\" \/>\n<meta name=\"twitter:card\" content=\"summary_large_image\" \/>\n<script type=\"application\/ld+json\" class=\"yoast-schema-graph\">{\"@context\":\"https:\\\/\\\/schema.org\",\"@graph\":[{\"@type\":\"WebPage\",\"@id\":\"https:\\\/\\\/www.koonings.com\\\/de\\\/product\\\/enzoani-blue-collection-susan-3\\\/\",\"url\":\"https:\\\/\\\/www.koonings.com\\\/de\\\/product\\\/enzoani-blue-collection-susan-3\\\/\",\"name\":\"Enzoani Blau Kollektion Susan | Koonings\",\"isPartOf\":{\"@id\":\"https:\\\/\\\/www.koonings.com\\\/de\\\/#website\"},\"primaryImageOfPage\":{\"@id\":\"https:\\\/\\\/www.koonings.com\\\/de\\\/product\\\/enzoani-blue-collection-susan-3\\\/#primaryimage\"},\"image\":{\"@id\":\"https:\\\/\\\/www.koonings.com\\\/de\\\/product\\\/enzoani-blue-collection-susan-3\\\/#primaryimage\"},\"thumbnailUrl\":\"https:\\\/\\\/www.koonings.com\\\/wp-content\\\/uploads\\\/2024\\\/11\\\/49081_d285df808dcb0971de42f2da29e7f045f4d50c94b97b80f74debbaea49406f5837d201dd.jpeg\",\"datePublished\":\"2024-11-18T14:50:23+00:00\",\"dateModified\":\"2026-02-03T18:10:49+00:00\",\"description\":\"Verk\u00f6rpern Sie die br\u00e4utliche Perfektion in Susan. Dieses bezaubernde Meerjungfrauen-Hochzeitskleid besticht durch aufw\u00e4ndig bestickte Blumenspitze, funkelnde Perlenspitze und atemberaubende 3D-Mikado-Blumenapplikationen, die einen Look von \u00e4therischer Sch\u00f6nheit und Romantik schaffen. Das eng anliegende Mieder mit herzf\u00f6rmigem Ausschnitt schmeichelt den Kurven und betont sie, w\u00e4hrend der ausgestellte Rock f\u00fcr Bewegung und Anmut sorgt, so dass Sie an Ihrem besonderen Tag br\u00e4utliche Eleganz sp\u00fcren.\",\"breadcrumb\":{\"@id\":\"https:\\\/\\\/www.koonings.com\\\/de\\\/product\\\/enzoani-blue-collection-susan-3\\\/#breadcrumb\"},\"inLanguage\":\"de\",\"potentialAction\":[{\"@type\":\"ReadAction\",\"target\":[\"https:\\\/\\\/www.koonings.com\\\/de\\\/product\\\/enzoani-blue-collection-susan-3\\\/\"]}]},{\"@type\":\"ImageObject\",\"inLanguage\":\"de\",\"@id\":\"https:\\\/\\\/www.koonings.com\\\/de\\\/product\\\/enzoani-blue-collection-susan-3\\\/#primaryimage\",\"url\":\"https:\\\/\\\/www.koonings.com\\\/wp-content\\\/uploads\\\/2024\\\/11\\\/49081_d285df808dcb0971de42f2da29e7f045f4d50c94b97b80f74debbaea49406f5837d201dd.jpeg\",\"contentUrl\":\"https:\\\/\\\/www.koonings.com\\\/wp-content\\\/uploads\\\/2024\\\/11\\\/49081_d285df808dcb0971de42f2da29e7f045f4d50c94b97b80f74debbaea49406f5837d201dd.jpeg\",\"width\":1035,\"height\":1380},{\"@type\":\"BreadcrumbList\",\"@id\":\"https:\\\/\\\/www.koonings.com\\\/de\\\/product\\\/enzoani-blue-collection-susan-3\\\/#breadcrumb\",\"itemListElement\":[{\"@type\":\"ListItem\",\"position\":1,\"name\":\"Home\",\"item\":\"https:\\\/\\\/www.koonings.com\\\/de\\\/\"},{\"@type\":\"ListItem\",\"position\":2,\"name\":\"Enzoani Blau Kollektion Susan\"}]},{\"@type\":\"WebSite\",\"@id\":\"https:\\\/\\\/www.koonings.com\\\/de\\\/#website\",\"url\":\"https:\\\/\\\/www.koonings.com\\\/de\\\/\",\"name\":\"Koonings\",\"description\":\"De grootste bruidsmodewinkel ter wereld\",\"publisher\":{\"@id\":\"https:\\\/\\\/www.koonings.com\\\/de\\\/#organization\"},\"potentialAction\":[{\"@type\":\"SearchAction\",\"target\":{\"@type\":\"EntryPoint\",\"urlTemplate\":\"https:\\\/\\\/www.koonings.com\\\/de\\\/?s={search_term_string}\"},\"query-input\":{\"@type\":\"PropertyValueSpecification\",\"valueRequired\":true,\"valueName\":\"search_term_string\"}}],\"inLanguage\":\"de\"},{\"@type\":\"Organization\",\"@id\":\"https:\\\/\\\/www.koonings.com\\\/de\\\/#organization\",\"name\":\"Koonings\",\"url\":\"https:\\\/\\\/www.koonings.com\\\/de\\\/\",\"logo\":{\"@type\":\"ImageObject\",\"inLanguage\":\"de\",\"@id\":\"https:\\\/\\\/www.koonings.com\\\/de\\\/#\\\/schema\\\/logo\\\/image\\\/\",\"url\":\"https:\\\/\\\/www.koonings.com\\\/wp-content\\\/uploads\\\/2024\\\/07\\\/logo.png\",\"contentUrl\":\"https:\\\/\\\/www.koonings.com\\\/wp-content\\\/uploads\\\/2024\\\/07\\\/logo.png\",\"width\":600,\"height\":428,\"caption\":\"Koonings\"},\"image\":{\"@id\":\"https:\\\/\\\/www.koonings.com\\\/de\\\/#\\\/schema\\\/logo\\\/image\\\/\"},\"sameAs\":[\"https:\\\/\\\/www.facebook.com\\\/kooningstheweddingpalace\",\"https:\\\/\\\/www.instagram.com\\\/kooningstheweddingpalace\",\"https:\\\/\\\/www.pinterest.com\\\/koonings\",\"https:\\\/\\\/www.youtube.com\\\/kooningstheweddingpalace\"]}]}<\/script>\n<!-- \/ Yoast SEO plugin. -->","yoast_head_json":{"title":"Enzoani Blau Kollektion Susan | Koonings","description":"Verk\u00f6rpern Sie die br\u00e4utliche Perfektion in Susan. Dieses bezaubernde Meerjungfrauen-Hochzeitskleid besticht durch aufw\u00e4ndig bestickte Blumenspitze, funkelnde Perlenspitze und atemberaubende 3D-Mikado-Blumenapplikationen, die einen Look von \u00e4therischer Sch\u00f6nheit und Romantik schaffen. Das eng anliegende Mieder mit herzf\u00f6rmigem Ausschnitt schmeichelt den Kurven und betont sie, w\u00e4hrend der ausgestellte Rock f\u00fcr Bewegung und Anmut sorgt, so dass Sie an Ihrem besonderen Tag br\u00e4utliche Eleganz sp\u00fcren.","robots":{"index":"index","follow":"follow","max-snippet":"max-snippet:-1","max-image-preview":"max-image-preview:large","max-video-preview":"max-video-preview:-1"},"canonical":"https:\/\/www.koonings.com\/de\/product\/enzoani-blue-collection-susan-3\/","og_locale":"de_DE","og_type":"article","og_title":"Enzoani Blau Kollektion Susan | Koonings","og_description":"Verk\u00f6rpern Sie die br\u00e4utliche Perfektion in Susan. Dieses bezaubernde Meerjungfrauen-Hochzeitskleid besticht durch aufw\u00e4ndig bestickte Blumenspitze, funkelnde Perlenspitze und atemberaubende 3D-Mikado-Blumenapplikationen, die einen Look von \u00e4therischer Sch\u00f6nheit und Romantik schaffen. Das eng anliegende Mieder mit herzf\u00f6rmigem Ausschnitt schmeichelt den Kurven und betont sie, w\u00e4hrend der ausgestellte Rock f\u00fcr Bewegung und Anmut sorgt, so dass Sie an Ihrem besonderen Tag br\u00e4utliche Eleganz sp\u00fcren.","og_url":"https:\/\/www.koonings.com\/de\/product\/enzoani-blue-collection-susan-3\/","og_site_name":"Koonings","article_publisher":"https:\/\/www.facebook.com\/kooningstheweddingpalace","article_modified_time":"2026-02-03T18:10:49+00:00","og_image":[{"width":1035,"height":1380,"url":"https:\/\/www.koonings.com\/wp-content\/uploads\/2024\/11\/49081_d285df808dcb0971de42f2da29e7f045f4d50c94b97b80f74debbaea49406f5837d201dd.jpeg","type":"image\/jpeg"}],"twitter_card":"summary_large_image","schema":{"@context":"https:\/\/schema.org","@graph":[{"@type":"WebPage","@id":"https:\/\/www.koonings.com\/de\/product\/enzoani-blue-collection-susan-3\/","url":"https:\/\/www.koonings.com\/de\/product\/enzoani-blue-collection-susan-3\/","name":"Enzoani Blau Kollektion Susan | Koonings","isPartOf":{"@id":"https:\/\/www.koonings.com\/de\/#website"},"primaryImageOfPage":{"@id":"https:\/\/www.koonings.com\/de\/product\/enzoani-blue-collection-susan-3\/#primaryimage"},"image":{"@id":"https:\/\/www.koonings.com\/de\/product\/enzoani-blue-collection-susan-3\/#primaryimage"},"thumbnailUrl":"https:\/\/www.koonings.com\/wp-content\/uploads\/2024\/11\/49081_d285df808dcb0971de42f2da29e7f045f4d50c94b97b80f74debbaea49406f5837d201dd.jpeg","datePublished":"2024-11-18T14:50:23+00:00","dateModified":"2026-02-03T18:10:49+00:00","description":"Verk\u00f6rpern Sie die br\u00e4utliche Perfektion in Susan. Dieses bezaubernde Meerjungfrauen-Hochzeitskleid besticht durch aufw\u00e4ndig bestickte Blumenspitze, funkelnde Perlenspitze und atemberaubende 3D-Mikado-Blumenapplikationen, die einen Look von \u00e4therischer Sch\u00f6nheit und Romantik schaffen. Das eng anliegende Mieder mit herzf\u00f6rmigem Ausschnitt schmeichelt den Kurven und betont sie, w\u00e4hrend der ausgestellte Rock f\u00fcr Bewegung und Anmut sorgt, so dass Sie an Ihrem besonderen Tag br\u00e4utliche Eleganz sp\u00fcren.","breadcrumb":{"@id":"https:\/\/www.koonings.com\/de\/product\/enzoani-blue-collection-susan-3\/#breadcrumb"},"inLanguage":"de","potentialAction":[{"@type":"ReadAction","target":["https:\/\/www.koonings.com\/de\/product\/enzoani-blue-collection-susan-3\/"]}]},{"@type":"ImageObject","inLanguage":"de","@id":"https:\/\/www.koonings.com\/de\/product\/enzoani-blue-collection-susan-3\/#primaryimage","url":"https:\/\/www.koonings.com\/wp-content\/uploads\/2024\/11\/49081_d285df808dcb0971de42f2da29e7f045f4d50c94b97b80f74debbaea49406f5837d201dd.jpeg","contentUrl":"https:\/\/www.koonings.com\/wp-content\/uploads\/2024\/11\/49081_d285df808dcb0971de42f2da29e7f045f4d50c94b97b80f74debbaea49406f5837d201dd.jpeg","width":1035,"height":1380},{"@type":"BreadcrumbList","@id":"https:\/\/www.koonings.com\/de\/product\/enzoani-blue-collection-susan-3\/#breadcrumb","itemListElement":[{"@type":"ListItem","position":1,"name":"Home","item":"https:\/\/www.koonings.com\/de\/"},{"@type":"ListItem","position":2,"name":"Enzoani Blau Kollektion Susan"}]},{"@type":"WebSite","@id":"https:\/\/www.koonings.com\/de\/#website","url":"https:\/\/www.koonings.com\/de\/","name":"Koonings","description":"De grootste bruidsmodewinkel ter wereld","publisher":{"@id":"https:\/\/www.koonings.com\/de\/#organization"},"potentialAction":[{"@type":"SearchAction","target":{"@type":"EntryPoint","urlTemplate":"https:\/\/www.koonings.com\/de\/?s={search_term_string}"},"query-input":{"@type":"PropertyValueSpecification","valueRequired":true,"valueName":"search_term_string"}}],"inLanguage":"de"},{"@type":"Organization","@id":"https:\/\/www.koonings.com\/de\/#organization","name":"Koonings","url":"https:\/\/www.koonings.com\/de\/","logo":{"@type":"ImageObject","inLanguage":"de","@id":"https:\/\/www.koonings.com\/de\/#\/schema\/logo\/image\/","url":"https:\/\/www.koonings.com\/wp-content\/uploads\/2024\/07\/logo.png","contentUrl":"https:\/\/www.koonings.com\/wp-content\/uploads\/2024\/07\/logo.png","width":600,"height":428,"caption":"Koonings"},"image":{"@id":"https:\/\/www.koonings.com\/de\/#\/schema\/logo\/image\/"},"sameAs":["https:\/\/www.facebook.com\/kooningstheweddingpalace","https:\/\/www.instagram.com\/kooningstheweddingpalace","https:\/\/www.pinterest.com\/koonings","https:\/\/www.youtube.com\/kooningstheweddingpalace"]}]}},"_links":{"self":[{"href":"https:\/\/www.koonings.com\/de\/wp-json\/wp\/v2\/product\/60017","targetHints":{"allow":["GET"]}}],"collection":[{"href":"https:\/\/www.koonings.com\/de\/wp-json\/wp\/v2\/product"}],"about":[{"href":"https:\/\/www.koonings.com\/de\/wp-json\/wp\/v2\/types\/product"}],"wp:featuredmedia":[{"embeddable":true,"href":"https:\/\/www.koonings.com\/de\/wp-json\/wp\/v2\/media\/54940"}],"wp:attachment":[{"href":"https:\/\/www.koonings.com\/de\/wp-json\/wp\/v2\/media?parent=60017"}],"wp:term":[{"taxonomy":"productdetails","embeddable":true,"href":"https:\/\/www.koonings.com\/de\/wp-json\/wp\/v2\/productdetails?post=60017"},{"taxonomy":"productneck","embeddable":true,"href":"https:\/\/www.koonings.com\/de\/wp-json\/wp\/v2\/productneck?post=60017"},{"taxonomy":"productcolor","embeddable":true,"href":"https:\/\/www.koonings.com\/de\/wp-json\/wp\/v2\/productcolor?post=60017"},{"taxonomy":"maat","embeddable":true,"href":"https:\/\/www.koonings.com\/de\/wp-json\/wp\/v2\/maat?post=60017"},{"taxonomy":"productsupplier","embeddable":true,"href":"https:\/\/www.koonings.com\/de\/wp-json\/wp\/v2\/productsupplier?post=60017"},{"taxonomy":"productsleeve","embeddable":true,"href":"https:\/\/www.koonings.com\/de\/wp-json\/wp\/v2\/productsleeve?post=60017"},{"taxonomy":"productcategory","embeddable":true,"href":"https:\/\/www.koonings.com\/de\/wp-json\/wp\/v2\/productcategory?post=60017"},{"taxonomy":"productsilhouette","embeddable":true,"href":"https:\/\/www.koonings.com\/de\/wp-json\/wp\/v2\/productsilhouette?post=60017"},{"taxonomy":"productstyle","embeddable":true,"href":"https:\/\/www.koonings.com\/de\/wp-json\/wp\/v2\/productstyle?post=60017"}],"curies":[{"name":"wp","href":"https:\/\/api.w.org\/{rel}","templated":true}]}}