{"id":59999,"date":"2024-11-18T15:50:25","date_gmt":"2024-11-18T14:50:25","guid":{"rendered":"https:\/\/www.koonings.com\/product\/pronovias-fashion-group-occitania-pr125ch1-2\/"},"modified":"2026-02-03T19:11:42","modified_gmt":"2026-02-03T18:11:42","slug":"pronovias-fashion-group-occitania-pr125ch1-2","status":"publish","type":"product","link":"https:\/\/www.koonings.com\/de\/product\/pronovias-fashion-group-occitania-pr125ch1-2\/","title":{"rendered":"Pronovias Mode Gruppe Okzitanien PR125CH1"},"content":{"rendered":"<p>Eine Aura der Besonderheit umgibt OCCITANIA, ein Kleid, das durch seine unvergleichliche Eleganz besticht. Das tief ausgeschnittene Dekollet\u00e9 und der sashartige Ausschnitt sind mit plissierten Details verziert, w\u00e4hrend die langen \u00c4rmel und die leicht gewellten Schultern ideal f\u00fcr Hochzeiten in den k\u00e4lteren Monaten sind. Der raffinierte Meerjungfrauen-Rock aus Cr\u00eape umspielt die Figur im H\u00fcftbereich und \u00f6ffnet sich dezent f\u00fcr einen herrlich leichten Effekt.<\/p>\n","protected":false},"featured_media":54999,"template":"","meta":{"_acf_changed":false,"ghostkit_customizer_options":"","ghostkit_custom_css":"","ghostkit_custom_js_head":"","ghostkit_custom_js_foot":"","ghostkit_typography":""},"productdetails":[],"productneck":[355],"productcolor":[392],"maat":[],"productsupplier":[430],"productsleeve":[362],"productcategory":[18],"productsilhouette":[387],"productstyle":[369],"class_list":["post-59999","product","type-product","status-publish","has-post-thumbnail","hentry","productneck-355","productcolor-392","productsupplier-pronovias-fashion-group","productsleeve-362","productcategory-trouwjurken","productsilhouette-387","productstyle-369"],"acf":[],"yoast_head":"<!-- This site is optimized with the Yoast SEO plugin v27.3 - https:\/\/yoast.com\/product\/yoast-seo-wordpress\/ -->\n<title>Pronovias Mode Gruppe Okzitanien PR125CH1 | Koonings<\/title>\n<meta name=\"description\" content=\"Eine Aura der Besonderheit umgibt OCCITANIA, ein Kleid, das durch seine unvergleichliche Eleganz besticht. Das tief ausgeschnittene Dekollet\u00e9 und der sashartige Ausschnitt sind mit plissierten Details verziert, w\u00e4hrend die langen \u00c4rmel und die leicht gewellten Schultern ideal f\u00fcr Hochzeiten in den k\u00e4lteren Monaten sind. Der raffinierte Meerjungfrauen-Rock aus Cr\u00eape umspielt die Figur im H\u00fcftbereich und \u00f6ffnet sich dezent f\u00fcr einen herrlich leichten Effekt.\" \/>\n<meta name=\"robots\" content=\"index, follow, max-snippet:-1, max-image-preview:large, max-video-preview:-1\" \/>\n<link rel=\"canonical\" href=\"https:\/\/www.koonings.com\/de\/product\/pronovias-fashion-group-occitania-pr125ch1-2\/\" \/>\n<meta property=\"og:locale\" content=\"de_DE\" \/>\n<meta property=\"og:type\" content=\"article\" \/>\n<meta property=\"og:title\" content=\"Pronovias Mode Gruppe Okzitanien PR125CH1 | Koonings\" \/>\n<meta property=\"og:description\" content=\"Eine Aura der Besonderheit umgibt OCCITANIA, ein Kleid, das durch seine unvergleichliche Eleganz besticht. Das tief ausgeschnittene Dekollet\u00e9 und der sashartige Ausschnitt sind mit plissierten Details verziert, w\u00e4hrend die langen \u00c4rmel und die leicht gewellten Schultern ideal f\u00fcr Hochzeiten in den k\u00e4lteren Monaten sind. Der raffinierte Meerjungfrauen-Rock aus Cr\u00eape umspielt die Figur im H\u00fcftbereich und \u00f6ffnet sich dezent f\u00fcr einen herrlich leichten Effekt.\" \/>\n<meta property=\"og:url\" content=\"https:\/\/www.koonings.com\/de\/product\/pronovias-fashion-group-occitania-pr125ch1-2\/\" \/>\n<meta property=\"og:site_name\" content=\"Koonings\" \/>\n<meta property=\"article:publisher\" content=\"https:\/\/www.facebook.com\/kooningstheweddingpalace\" \/>\n<meta property=\"article:modified_time\" content=\"2026-02-03T18:11:42+00:00\" \/>\n<meta property=\"og:image\" content=\"https:\/\/www.koonings.com\/wp-content\/uploads\/2024\/11\/49087_d673be7a0270cff05534dcd78634ba749fb9abc67213658f424779f6d301770c4d211d52-scaled.jpeg\" \/>\n\t<meta property=\"og:image:width\" content=\"1814\" \/>\n\t<meta property=\"og:image:height\" content=\"2560\" \/>\n\t<meta property=\"og:image:type\" content=\"image\/jpeg\" \/>\n<meta name=\"twitter:card\" content=\"summary_large_image\" \/>\n<script type=\"application\/ld+json\" class=\"yoast-schema-graph\">{\"@context\":\"https:\\\/\\\/schema.org\",\"@graph\":[{\"@type\":\"WebPage\",\"@id\":\"https:\\\/\\\/www.koonings.com\\\/de\\\/product\\\/pronovias-fashion-group-occitania-pr125ch1-2\\\/\",\"url\":\"https:\\\/\\\/www.koonings.com\\\/de\\\/product\\\/pronovias-fashion-group-occitania-pr125ch1-2\\\/\",\"name\":\"Pronovias Mode Gruppe Okzitanien PR125CH1 | Koonings\",\"isPartOf\":{\"@id\":\"https:\\\/\\\/www.koonings.com\\\/de\\\/#website\"},\"primaryImageOfPage\":{\"@id\":\"https:\\\/\\\/www.koonings.com\\\/de\\\/product\\\/pronovias-fashion-group-occitania-pr125ch1-2\\\/#primaryimage\"},\"image\":{\"@id\":\"https:\\\/\\\/www.koonings.com\\\/de\\\/product\\\/pronovias-fashion-group-occitania-pr125ch1-2\\\/#primaryimage\"},\"thumbnailUrl\":\"https:\\\/\\\/www.koonings.com\\\/wp-content\\\/uploads\\\/2024\\\/11\\\/49087_d673be7a0270cff05534dcd78634ba749fb9abc67213658f424779f6d301770c4d211d52-scaled.jpeg\",\"datePublished\":\"2024-11-18T14:50:25+00:00\",\"dateModified\":\"2026-02-03T18:11:42+00:00\",\"description\":\"Eine Aura der Besonderheit umgibt OCCITANIA, ein Kleid, das durch seine unvergleichliche Eleganz besticht. Das tief ausgeschnittene Dekollet\u00e9 und der sashartige Ausschnitt sind mit plissierten Details verziert, w\u00e4hrend die langen \u00c4rmel und die leicht gewellten Schultern ideal f\u00fcr Hochzeiten in den k\u00e4lteren Monaten sind. Der raffinierte Meerjungfrauen-Rock aus Cr\u00eape umspielt die Figur im H\u00fcftbereich und \u00f6ffnet sich dezent f\u00fcr einen herrlich leichten Effekt.\",\"breadcrumb\":{\"@id\":\"https:\\\/\\\/www.koonings.com\\\/de\\\/product\\\/pronovias-fashion-group-occitania-pr125ch1-2\\\/#breadcrumb\"},\"inLanguage\":\"de\",\"potentialAction\":[{\"@type\":\"ReadAction\",\"target\":[\"https:\\\/\\\/www.koonings.com\\\/de\\\/product\\\/pronovias-fashion-group-occitania-pr125ch1-2\\\/\"]}]},{\"@type\":\"ImageObject\",\"inLanguage\":\"de\",\"@id\":\"https:\\\/\\\/www.koonings.com\\\/de\\\/product\\\/pronovias-fashion-group-occitania-pr125ch1-2\\\/#primaryimage\",\"url\":\"https:\\\/\\\/www.koonings.com\\\/wp-content\\\/uploads\\\/2024\\\/11\\\/49087_d673be7a0270cff05534dcd78634ba749fb9abc67213658f424779f6d301770c4d211d52-scaled.jpeg\",\"contentUrl\":\"https:\\\/\\\/www.koonings.com\\\/wp-content\\\/uploads\\\/2024\\\/11\\\/49087_d673be7a0270cff05534dcd78634ba749fb9abc67213658f424779f6d301770c4d211d52-scaled.jpeg\",\"width\":1814,\"height\":2560},{\"@type\":\"BreadcrumbList\",\"@id\":\"https:\\\/\\\/www.koonings.com\\\/de\\\/product\\\/pronovias-fashion-group-occitania-pr125ch1-2\\\/#breadcrumb\",\"itemListElement\":[{\"@type\":\"ListItem\",\"position\":1,\"name\":\"Home\",\"item\":\"https:\\\/\\\/www.koonings.com\\\/de\\\/\"},{\"@type\":\"ListItem\",\"position\":2,\"name\":\"Pronovias Mode Gruppe Okzitanien PR125CH1\"}]},{\"@type\":\"WebSite\",\"@id\":\"https:\\\/\\\/www.koonings.com\\\/de\\\/#website\",\"url\":\"https:\\\/\\\/www.koonings.com\\\/de\\\/\",\"name\":\"Koonings\",\"description\":\"De grootste bruidsmodewinkel ter wereld\",\"publisher\":{\"@id\":\"https:\\\/\\\/www.koonings.com\\\/de\\\/#organization\"},\"potentialAction\":[{\"@type\":\"SearchAction\",\"target\":{\"@type\":\"EntryPoint\",\"urlTemplate\":\"https:\\\/\\\/www.koonings.com\\\/de\\\/?s={search_term_string}\"},\"query-input\":{\"@type\":\"PropertyValueSpecification\",\"valueRequired\":true,\"valueName\":\"search_term_string\"}}],\"inLanguage\":\"de\"},{\"@type\":\"Organization\",\"@id\":\"https:\\\/\\\/www.koonings.com\\\/de\\\/#organization\",\"name\":\"Koonings\",\"url\":\"https:\\\/\\\/www.koonings.com\\\/de\\\/\",\"logo\":{\"@type\":\"ImageObject\",\"inLanguage\":\"de\",\"@id\":\"https:\\\/\\\/www.koonings.com\\\/de\\\/#\\\/schema\\\/logo\\\/image\\\/\",\"url\":\"https:\\\/\\\/www.koonings.com\\\/wp-content\\\/uploads\\\/2024\\\/07\\\/logo.png\",\"contentUrl\":\"https:\\\/\\\/www.koonings.com\\\/wp-content\\\/uploads\\\/2024\\\/07\\\/logo.png\",\"width\":600,\"height\":428,\"caption\":\"Koonings\"},\"image\":{\"@id\":\"https:\\\/\\\/www.koonings.com\\\/de\\\/#\\\/schema\\\/logo\\\/image\\\/\"},\"sameAs\":[\"https:\\\/\\\/www.facebook.com\\\/kooningstheweddingpalace\",\"https:\\\/\\\/www.instagram.com\\\/kooningstheweddingpalace\",\"https:\\\/\\\/www.pinterest.com\\\/koonings\",\"https:\\\/\\\/www.youtube.com\\\/kooningstheweddingpalace\"]}]}<\/script>\n<!-- \/ Yoast SEO plugin. -->","yoast_head_json":{"title":"Pronovias Mode Gruppe Okzitanien PR125CH1 | Koonings","description":"Eine Aura der Besonderheit umgibt OCCITANIA, ein Kleid, das durch seine unvergleichliche Eleganz besticht. Das tief ausgeschnittene Dekollet\u00e9 und der sashartige Ausschnitt sind mit plissierten Details verziert, w\u00e4hrend die langen \u00c4rmel und die leicht gewellten Schultern ideal f\u00fcr Hochzeiten in den k\u00e4lteren Monaten sind. Der raffinierte Meerjungfrauen-Rock aus Cr\u00eape umspielt die Figur im H\u00fcftbereich und \u00f6ffnet sich dezent f\u00fcr einen herrlich leichten Effekt.","robots":{"index":"index","follow":"follow","max-snippet":"max-snippet:-1","max-image-preview":"max-image-preview:large","max-video-preview":"max-video-preview:-1"},"canonical":"https:\/\/www.koonings.com\/de\/product\/pronovias-fashion-group-occitania-pr125ch1-2\/","og_locale":"de_DE","og_type":"article","og_title":"Pronovias Mode Gruppe Okzitanien PR125CH1 | Koonings","og_description":"Eine Aura der Besonderheit umgibt OCCITANIA, ein Kleid, das durch seine unvergleichliche Eleganz besticht. Das tief ausgeschnittene Dekollet\u00e9 und der sashartige Ausschnitt sind mit plissierten Details verziert, w\u00e4hrend die langen \u00c4rmel und die leicht gewellten Schultern ideal f\u00fcr Hochzeiten in den k\u00e4lteren Monaten sind. Der raffinierte Meerjungfrauen-Rock aus Cr\u00eape umspielt die Figur im H\u00fcftbereich und \u00f6ffnet sich dezent f\u00fcr einen herrlich leichten Effekt.","og_url":"https:\/\/www.koonings.com\/de\/product\/pronovias-fashion-group-occitania-pr125ch1-2\/","og_site_name":"Koonings","article_publisher":"https:\/\/www.facebook.com\/kooningstheweddingpalace","article_modified_time":"2026-02-03T18:11:42+00:00","og_image":[{"width":1814,"height":2560,"url":"https:\/\/www.koonings.com\/wp-content\/uploads\/2024\/11\/49087_d673be7a0270cff05534dcd78634ba749fb9abc67213658f424779f6d301770c4d211d52-scaled.jpeg","type":"image\/jpeg"}],"twitter_card":"summary_large_image","schema":{"@context":"https:\/\/schema.org","@graph":[{"@type":"WebPage","@id":"https:\/\/www.koonings.com\/de\/product\/pronovias-fashion-group-occitania-pr125ch1-2\/","url":"https:\/\/www.koonings.com\/de\/product\/pronovias-fashion-group-occitania-pr125ch1-2\/","name":"Pronovias Mode Gruppe Okzitanien PR125CH1 | Koonings","isPartOf":{"@id":"https:\/\/www.koonings.com\/de\/#website"},"primaryImageOfPage":{"@id":"https:\/\/www.koonings.com\/de\/product\/pronovias-fashion-group-occitania-pr125ch1-2\/#primaryimage"},"image":{"@id":"https:\/\/www.koonings.com\/de\/product\/pronovias-fashion-group-occitania-pr125ch1-2\/#primaryimage"},"thumbnailUrl":"https:\/\/www.koonings.com\/wp-content\/uploads\/2024\/11\/49087_d673be7a0270cff05534dcd78634ba749fb9abc67213658f424779f6d301770c4d211d52-scaled.jpeg","datePublished":"2024-11-18T14:50:25+00:00","dateModified":"2026-02-03T18:11:42+00:00","description":"Eine Aura der Besonderheit umgibt OCCITANIA, ein Kleid, das durch seine unvergleichliche Eleganz besticht. Das tief ausgeschnittene Dekollet\u00e9 und der sashartige Ausschnitt sind mit plissierten Details verziert, w\u00e4hrend die langen \u00c4rmel und die leicht gewellten Schultern ideal f\u00fcr Hochzeiten in den k\u00e4lteren Monaten sind. Der raffinierte Meerjungfrauen-Rock aus Cr\u00eape umspielt die Figur im H\u00fcftbereich und \u00f6ffnet sich dezent f\u00fcr einen herrlich leichten Effekt.","breadcrumb":{"@id":"https:\/\/www.koonings.com\/de\/product\/pronovias-fashion-group-occitania-pr125ch1-2\/#breadcrumb"},"inLanguage":"de","potentialAction":[{"@type":"ReadAction","target":["https:\/\/www.koonings.com\/de\/product\/pronovias-fashion-group-occitania-pr125ch1-2\/"]}]},{"@type":"ImageObject","inLanguage":"de","@id":"https:\/\/www.koonings.com\/de\/product\/pronovias-fashion-group-occitania-pr125ch1-2\/#primaryimage","url":"https:\/\/www.koonings.com\/wp-content\/uploads\/2024\/11\/49087_d673be7a0270cff05534dcd78634ba749fb9abc67213658f424779f6d301770c4d211d52-scaled.jpeg","contentUrl":"https:\/\/www.koonings.com\/wp-content\/uploads\/2024\/11\/49087_d673be7a0270cff05534dcd78634ba749fb9abc67213658f424779f6d301770c4d211d52-scaled.jpeg","width":1814,"height":2560},{"@type":"BreadcrumbList","@id":"https:\/\/www.koonings.com\/de\/product\/pronovias-fashion-group-occitania-pr125ch1-2\/#breadcrumb","itemListElement":[{"@type":"ListItem","position":1,"name":"Home","item":"https:\/\/www.koonings.com\/de\/"},{"@type":"ListItem","position":2,"name":"Pronovias Mode Gruppe Okzitanien PR125CH1"}]},{"@type":"WebSite","@id":"https:\/\/www.koonings.com\/de\/#website","url":"https:\/\/www.koonings.com\/de\/","name":"Koonings","description":"De grootste bruidsmodewinkel ter wereld","publisher":{"@id":"https:\/\/www.koonings.com\/de\/#organization"},"potentialAction":[{"@type":"SearchAction","target":{"@type":"EntryPoint","urlTemplate":"https:\/\/www.koonings.com\/de\/?s={search_term_string}"},"query-input":{"@type":"PropertyValueSpecification","valueRequired":true,"valueName":"search_term_string"}}],"inLanguage":"de"},{"@type":"Organization","@id":"https:\/\/www.koonings.com\/de\/#organization","name":"Koonings","url":"https:\/\/www.koonings.com\/de\/","logo":{"@type":"ImageObject","inLanguage":"de","@id":"https:\/\/www.koonings.com\/de\/#\/schema\/logo\/image\/","url":"https:\/\/www.koonings.com\/wp-content\/uploads\/2024\/07\/logo.png","contentUrl":"https:\/\/www.koonings.com\/wp-content\/uploads\/2024\/07\/logo.png","width":600,"height":428,"caption":"Koonings"},"image":{"@id":"https:\/\/www.koonings.com\/de\/#\/schema\/logo\/image\/"},"sameAs":["https:\/\/www.facebook.com\/kooningstheweddingpalace","https:\/\/www.instagram.com\/kooningstheweddingpalace","https:\/\/www.pinterest.com\/koonings","https:\/\/www.youtube.com\/kooningstheweddingpalace"]}]}},"_links":{"self":[{"href":"https:\/\/www.koonings.com\/de\/wp-json\/wp\/v2\/product\/59999","targetHints":{"allow":["GET"]}}],"collection":[{"href":"https:\/\/www.koonings.com\/de\/wp-json\/wp\/v2\/product"}],"about":[{"href":"https:\/\/www.koonings.com\/de\/wp-json\/wp\/v2\/types\/product"}],"wp:featuredmedia":[{"embeddable":true,"href":"https:\/\/www.koonings.com\/de\/wp-json\/wp\/v2\/media\/54999"}],"wp:attachment":[{"href":"https:\/\/www.koonings.com\/de\/wp-json\/wp\/v2\/media?parent=59999"}],"wp:term":[{"taxonomy":"productdetails","embeddable":true,"href":"https:\/\/www.koonings.com\/de\/wp-json\/wp\/v2\/productdetails?post=59999"},{"taxonomy":"productneck","embeddable":true,"href":"https:\/\/www.koonings.com\/de\/wp-json\/wp\/v2\/productneck?post=59999"},{"taxonomy":"productcolor","embeddable":true,"href":"https:\/\/www.koonings.com\/de\/wp-json\/wp\/v2\/productcolor?post=59999"},{"taxonomy":"maat","embeddable":true,"href":"https:\/\/www.koonings.com\/de\/wp-json\/wp\/v2\/maat?post=59999"},{"taxonomy":"productsupplier","embeddable":true,"href":"https:\/\/www.koonings.com\/de\/wp-json\/wp\/v2\/productsupplier?post=59999"},{"taxonomy":"productsleeve","embeddable":true,"href":"https:\/\/www.koonings.com\/de\/wp-json\/wp\/v2\/productsleeve?post=59999"},{"taxonomy":"productcategory","embeddable":true,"href":"https:\/\/www.koonings.com\/de\/wp-json\/wp\/v2\/productcategory?post=59999"},{"taxonomy":"productsilhouette","embeddable":true,"href":"https:\/\/www.koonings.com\/de\/wp-json\/wp\/v2\/productsilhouette?post=59999"},{"taxonomy":"productstyle","embeddable":true,"href":"https:\/\/www.koonings.com\/de\/wp-json\/wp\/v2\/productstyle?post=59999"}],"curies":[{"name":"wp","href":"https:\/\/api.w.org\/{rel}","templated":true}]}}