{"id":59966,"date":"2025-12-15T00:46:03","date_gmt":"2025-12-14T23:46:03","guid":{"rendered":"https:\/\/www.koonings.com\/product\/enzoani-blue-collection-olani\/"},"modified":"2026-02-03T19:14:37","modified_gmt":"2026-02-03T18:14:37","slug":"enzoani-blue-collection-olani","status":"publish","type":"product","link":"https:\/\/www.koonings.com\/de\/product\/enzoani-blue-collection-olani\/","title":{"rendered":"Enzoani Blau Kollektion Olani"},"content":{"rendered":"<p>Ein zarter und sexy Illusionsspitzenr\u00fccken und ein V-Ausschnitt, der mit wundersch\u00f6n bestickter floraler Spitze verziert ist, die in den traumhaften Organza, Glitzert\u00fcll und T\u00fcllrock \u00fcbergeht. Das Kleid funkelt und schimmert auf Schritt und Tritt und erzeugt einen himmlischen Effekt. Romantische florale Spitzenapplikationen, die durch den \u00e4therischen A-Linien-Rock hindurchschauen, verleihen der Braut noch mehr verspielte Sch\u00f6nheit, wenn sie zum Altar schreitet.  <\/p>\n","protected":false},"featured_media":55198,"template":"","meta":{"_acf_changed":false,"ghostkit_customizer_options":"","ghostkit_custom_css":"","ghostkit_custom_js_head":"","ghostkit_custom_js_foot":"","ghostkit_typography":""},"productdetails":[377,376,381],"productneck":[351,356],"productcolor":[393,392],"maat":[],"productsupplier":[405],"productsleeve":[359],"productcategory":[18],"productsilhouette":[384],"productstyle":[366,370],"class_list":["post-59966","product","type-product","status-publish","has-post-thumbnail","hentry","productdetails-377","productdetails-376","productdetails-381","productneck-351","productneck-356","productcolor-393","productcolor-392","productsupplier-enzoani-blue-collection","productsleeve-359","productcategory-trouwjurken","productsilhouette-384","productstyle-366","productstyle-370"],"acf":[],"yoast_head":"<!-- This site is optimized with the Yoast SEO plugin v27.3 - https:\/\/yoast.com\/product\/yoast-seo-wordpress\/ -->\n<title>Enzoani Blau Kollektion Olani | Koonings<\/title>\n<meta name=\"description\" content=\"Ein zarter und sexy Illusionsspitzenr\u00fccken und ein V-Ausschnitt, der mit wundersch\u00f6n bestickter floraler Spitze verziert ist, die in den traumhaften Organza, Glitzert\u00fcll und T\u00fcllrock \u00fcbergeht. Das Kleid funkelt und schimmert auf Schritt und Tritt und erzeugt einen himmlischen Effekt. Romantische florale Spitzenapplikationen, die durch den \u00e4therischen A-Linien-Rock hindurchschauen, verleihen der Braut noch mehr verspielte Sch\u00f6nheit, wenn sie zum Altar schreitet.\" \/>\n<meta name=\"robots\" content=\"index, follow, max-snippet:-1, max-image-preview:large, max-video-preview:-1\" \/>\n<link rel=\"canonical\" href=\"https:\/\/www.koonings.com\/de\/product\/enzoani-blue-collection-olani\/\" \/>\n<meta property=\"og:locale\" content=\"de_DE\" \/>\n<meta property=\"og:type\" content=\"article\" \/>\n<meta property=\"og:title\" content=\"Enzoani Blau Kollektion Olani | Koonings\" \/>\n<meta property=\"og:description\" content=\"Ein zarter und sexy Illusionsspitzenr\u00fccken und ein V-Ausschnitt, der mit wundersch\u00f6n bestickter floraler Spitze verziert ist, die in den traumhaften Organza, Glitzert\u00fcll und T\u00fcllrock \u00fcbergeht. Das Kleid funkelt und schimmert auf Schritt und Tritt und erzeugt einen himmlischen Effekt. Romantische florale Spitzenapplikationen, die durch den \u00e4therischen A-Linien-Rock hindurchschauen, verleihen der Braut noch mehr verspielte Sch\u00f6nheit, wenn sie zum Altar schreitet.\" \/>\n<meta property=\"og:url\" content=\"https:\/\/www.koonings.com\/de\/product\/enzoani-blue-collection-olani\/\" \/>\n<meta property=\"og:site_name\" content=\"Koonings\" \/>\n<meta property=\"article:publisher\" content=\"https:\/\/www.facebook.com\/kooningstheweddingpalace\" \/>\n<meta property=\"article:modified_time\" content=\"2026-02-03T18:14:37+00:00\" \/>\n<meta property=\"og:image\" content=\"https:\/\/www.koonings.com\/wp-content\/uploads\/2024\/11\/49098_cfbbb0c29c43d001588b907d9b6eada54190ebcb614a208640d32ba8198565d7545f3a22.jpeg\" \/>\n\t<meta property=\"og:image:width\" content=\"1035\" \/>\n\t<meta property=\"og:image:height\" content=\"1380\" \/>\n\t<meta property=\"og:image:type\" content=\"image\/jpeg\" \/>\n<meta name=\"twitter:card\" content=\"summary_large_image\" \/>\n<script type=\"application\/ld+json\" class=\"yoast-schema-graph\">{\"@context\":\"https:\\\/\\\/schema.org\",\"@graph\":[{\"@type\":\"WebPage\",\"@id\":\"https:\\\/\\\/www.koonings.com\\\/de\\\/product\\\/enzoani-blue-collection-olani\\\/\",\"url\":\"https:\\\/\\\/www.koonings.com\\\/de\\\/product\\\/enzoani-blue-collection-olani\\\/\",\"name\":\"Enzoani Blau Kollektion Olani | Koonings\",\"isPartOf\":{\"@id\":\"https:\\\/\\\/www.koonings.com\\\/de\\\/#website\"},\"primaryImageOfPage\":{\"@id\":\"https:\\\/\\\/www.koonings.com\\\/de\\\/product\\\/enzoani-blue-collection-olani\\\/#primaryimage\"},\"image\":{\"@id\":\"https:\\\/\\\/www.koonings.com\\\/de\\\/product\\\/enzoani-blue-collection-olani\\\/#primaryimage\"},\"thumbnailUrl\":\"https:\\\/\\\/www.koonings.com\\\/wp-content\\\/uploads\\\/2024\\\/11\\\/49098_cfbbb0c29c43d001588b907d9b6eada54190ebcb614a208640d32ba8198565d7545f3a22.jpeg\",\"datePublished\":\"2025-12-14T23:46:03+00:00\",\"dateModified\":\"2026-02-03T18:14:37+00:00\",\"description\":\"Ein zarter und sexy Illusionsspitzenr\u00fccken und ein V-Ausschnitt, der mit wundersch\u00f6n bestickter floraler Spitze verziert ist, die in den traumhaften Organza, Glitzert\u00fcll und T\u00fcllrock \u00fcbergeht. Das Kleid funkelt und schimmert auf Schritt und Tritt und erzeugt einen himmlischen Effekt. Romantische florale Spitzenapplikationen, die durch den \u00e4therischen A-Linien-Rock hindurchschauen, verleihen der Braut noch mehr verspielte Sch\u00f6nheit, wenn sie zum Altar schreitet.\",\"breadcrumb\":{\"@id\":\"https:\\\/\\\/www.koonings.com\\\/de\\\/product\\\/enzoani-blue-collection-olani\\\/#breadcrumb\"},\"inLanguage\":\"de\",\"potentialAction\":[{\"@type\":\"ReadAction\",\"target\":[\"https:\\\/\\\/www.koonings.com\\\/de\\\/product\\\/enzoani-blue-collection-olani\\\/\"]}]},{\"@type\":\"ImageObject\",\"inLanguage\":\"de\",\"@id\":\"https:\\\/\\\/www.koonings.com\\\/de\\\/product\\\/enzoani-blue-collection-olani\\\/#primaryimage\",\"url\":\"https:\\\/\\\/www.koonings.com\\\/wp-content\\\/uploads\\\/2024\\\/11\\\/49098_cfbbb0c29c43d001588b907d9b6eada54190ebcb614a208640d32ba8198565d7545f3a22.jpeg\",\"contentUrl\":\"https:\\\/\\\/www.koonings.com\\\/wp-content\\\/uploads\\\/2024\\\/11\\\/49098_cfbbb0c29c43d001588b907d9b6eada54190ebcb614a208640d32ba8198565d7545f3a22.jpeg\",\"width\":1035,\"height\":1380},{\"@type\":\"BreadcrumbList\",\"@id\":\"https:\\\/\\\/www.koonings.com\\\/de\\\/product\\\/enzoani-blue-collection-olani\\\/#breadcrumb\",\"itemListElement\":[{\"@type\":\"ListItem\",\"position\":1,\"name\":\"Home\",\"item\":\"https:\\\/\\\/www.koonings.com\\\/de\\\/\"},{\"@type\":\"ListItem\",\"position\":2,\"name\":\"Enzoani Blau Kollektion Olani\"}]},{\"@type\":\"WebSite\",\"@id\":\"https:\\\/\\\/www.koonings.com\\\/de\\\/#website\",\"url\":\"https:\\\/\\\/www.koonings.com\\\/de\\\/\",\"name\":\"Koonings\",\"description\":\"De grootste bruidsmodewinkel ter wereld\",\"publisher\":{\"@id\":\"https:\\\/\\\/www.koonings.com\\\/de\\\/#organization\"},\"potentialAction\":[{\"@type\":\"SearchAction\",\"target\":{\"@type\":\"EntryPoint\",\"urlTemplate\":\"https:\\\/\\\/www.koonings.com\\\/de\\\/?s={search_term_string}\"},\"query-input\":{\"@type\":\"PropertyValueSpecification\",\"valueRequired\":true,\"valueName\":\"search_term_string\"}}],\"inLanguage\":\"de\"},{\"@type\":\"Organization\",\"@id\":\"https:\\\/\\\/www.koonings.com\\\/de\\\/#organization\",\"name\":\"Koonings\",\"url\":\"https:\\\/\\\/www.koonings.com\\\/de\\\/\",\"logo\":{\"@type\":\"ImageObject\",\"inLanguage\":\"de\",\"@id\":\"https:\\\/\\\/www.koonings.com\\\/de\\\/#\\\/schema\\\/logo\\\/image\\\/\",\"url\":\"https:\\\/\\\/www.koonings.com\\\/wp-content\\\/uploads\\\/2024\\\/07\\\/logo.png\",\"contentUrl\":\"https:\\\/\\\/www.koonings.com\\\/wp-content\\\/uploads\\\/2024\\\/07\\\/logo.png\",\"width\":600,\"height\":428,\"caption\":\"Koonings\"},\"image\":{\"@id\":\"https:\\\/\\\/www.koonings.com\\\/de\\\/#\\\/schema\\\/logo\\\/image\\\/\"},\"sameAs\":[\"https:\\\/\\\/www.facebook.com\\\/kooningstheweddingpalace\",\"https:\\\/\\\/www.instagram.com\\\/kooningstheweddingpalace\",\"https:\\\/\\\/www.pinterest.com\\\/koonings\",\"https:\\\/\\\/www.youtube.com\\\/kooningstheweddingpalace\"]}]}<\/script>\n<!-- \/ Yoast SEO plugin. -->","yoast_head_json":{"title":"Enzoani Blau Kollektion Olani | Koonings","description":"Ein zarter und sexy Illusionsspitzenr\u00fccken und ein V-Ausschnitt, der mit wundersch\u00f6n bestickter floraler Spitze verziert ist, die in den traumhaften Organza, Glitzert\u00fcll und T\u00fcllrock \u00fcbergeht. Das Kleid funkelt und schimmert auf Schritt und Tritt und erzeugt einen himmlischen Effekt. Romantische florale Spitzenapplikationen, die durch den \u00e4therischen A-Linien-Rock hindurchschauen, verleihen der Braut noch mehr verspielte Sch\u00f6nheit, wenn sie zum Altar schreitet.","robots":{"index":"index","follow":"follow","max-snippet":"max-snippet:-1","max-image-preview":"max-image-preview:large","max-video-preview":"max-video-preview:-1"},"canonical":"https:\/\/www.koonings.com\/de\/product\/enzoani-blue-collection-olani\/","og_locale":"de_DE","og_type":"article","og_title":"Enzoani Blau Kollektion Olani | Koonings","og_description":"Ein zarter und sexy Illusionsspitzenr\u00fccken und ein V-Ausschnitt, der mit wundersch\u00f6n bestickter floraler Spitze verziert ist, die in den traumhaften Organza, Glitzert\u00fcll und T\u00fcllrock \u00fcbergeht. Das Kleid funkelt und schimmert auf Schritt und Tritt und erzeugt einen himmlischen Effekt. Romantische florale Spitzenapplikationen, die durch den \u00e4therischen A-Linien-Rock hindurchschauen, verleihen der Braut noch mehr verspielte Sch\u00f6nheit, wenn sie zum Altar schreitet.","og_url":"https:\/\/www.koonings.com\/de\/product\/enzoani-blue-collection-olani\/","og_site_name":"Koonings","article_publisher":"https:\/\/www.facebook.com\/kooningstheweddingpalace","article_modified_time":"2026-02-03T18:14:37+00:00","og_image":[{"width":1035,"height":1380,"url":"https:\/\/www.koonings.com\/wp-content\/uploads\/2024\/11\/49098_cfbbb0c29c43d001588b907d9b6eada54190ebcb614a208640d32ba8198565d7545f3a22.jpeg","type":"image\/jpeg"}],"twitter_card":"summary_large_image","schema":{"@context":"https:\/\/schema.org","@graph":[{"@type":"WebPage","@id":"https:\/\/www.koonings.com\/de\/product\/enzoani-blue-collection-olani\/","url":"https:\/\/www.koonings.com\/de\/product\/enzoani-blue-collection-olani\/","name":"Enzoani Blau Kollektion Olani | Koonings","isPartOf":{"@id":"https:\/\/www.koonings.com\/de\/#website"},"primaryImageOfPage":{"@id":"https:\/\/www.koonings.com\/de\/product\/enzoani-blue-collection-olani\/#primaryimage"},"image":{"@id":"https:\/\/www.koonings.com\/de\/product\/enzoani-blue-collection-olani\/#primaryimage"},"thumbnailUrl":"https:\/\/www.koonings.com\/wp-content\/uploads\/2024\/11\/49098_cfbbb0c29c43d001588b907d9b6eada54190ebcb614a208640d32ba8198565d7545f3a22.jpeg","datePublished":"2025-12-14T23:46:03+00:00","dateModified":"2026-02-03T18:14:37+00:00","description":"Ein zarter und sexy Illusionsspitzenr\u00fccken und ein V-Ausschnitt, der mit wundersch\u00f6n bestickter floraler Spitze verziert ist, die in den traumhaften Organza, Glitzert\u00fcll und T\u00fcllrock \u00fcbergeht. Das Kleid funkelt und schimmert auf Schritt und Tritt und erzeugt einen himmlischen Effekt. Romantische florale Spitzenapplikationen, die durch den \u00e4therischen A-Linien-Rock hindurchschauen, verleihen der Braut noch mehr verspielte Sch\u00f6nheit, wenn sie zum Altar schreitet.","breadcrumb":{"@id":"https:\/\/www.koonings.com\/de\/product\/enzoani-blue-collection-olani\/#breadcrumb"},"inLanguage":"de","potentialAction":[{"@type":"ReadAction","target":["https:\/\/www.koonings.com\/de\/product\/enzoani-blue-collection-olani\/"]}]},{"@type":"ImageObject","inLanguage":"de","@id":"https:\/\/www.koonings.com\/de\/product\/enzoani-blue-collection-olani\/#primaryimage","url":"https:\/\/www.koonings.com\/wp-content\/uploads\/2024\/11\/49098_cfbbb0c29c43d001588b907d9b6eada54190ebcb614a208640d32ba8198565d7545f3a22.jpeg","contentUrl":"https:\/\/www.koonings.com\/wp-content\/uploads\/2024\/11\/49098_cfbbb0c29c43d001588b907d9b6eada54190ebcb614a208640d32ba8198565d7545f3a22.jpeg","width":1035,"height":1380},{"@type":"BreadcrumbList","@id":"https:\/\/www.koonings.com\/de\/product\/enzoani-blue-collection-olani\/#breadcrumb","itemListElement":[{"@type":"ListItem","position":1,"name":"Home","item":"https:\/\/www.koonings.com\/de\/"},{"@type":"ListItem","position":2,"name":"Enzoani Blau Kollektion Olani"}]},{"@type":"WebSite","@id":"https:\/\/www.koonings.com\/de\/#website","url":"https:\/\/www.koonings.com\/de\/","name":"Koonings","description":"De grootste bruidsmodewinkel ter wereld","publisher":{"@id":"https:\/\/www.koonings.com\/de\/#organization"},"potentialAction":[{"@type":"SearchAction","target":{"@type":"EntryPoint","urlTemplate":"https:\/\/www.koonings.com\/de\/?s={search_term_string}"},"query-input":{"@type":"PropertyValueSpecification","valueRequired":true,"valueName":"search_term_string"}}],"inLanguage":"de"},{"@type":"Organization","@id":"https:\/\/www.koonings.com\/de\/#organization","name":"Koonings","url":"https:\/\/www.koonings.com\/de\/","logo":{"@type":"ImageObject","inLanguage":"de","@id":"https:\/\/www.koonings.com\/de\/#\/schema\/logo\/image\/","url":"https:\/\/www.koonings.com\/wp-content\/uploads\/2024\/07\/logo.png","contentUrl":"https:\/\/www.koonings.com\/wp-content\/uploads\/2024\/07\/logo.png","width":600,"height":428,"caption":"Koonings"},"image":{"@id":"https:\/\/www.koonings.com\/de\/#\/schema\/logo\/image\/"},"sameAs":["https:\/\/www.facebook.com\/kooningstheweddingpalace","https:\/\/www.instagram.com\/kooningstheweddingpalace","https:\/\/www.pinterest.com\/koonings","https:\/\/www.youtube.com\/kooningstheweddingpalace"]}]}},"_links":{"self":[{"href":"https:\/\/www.koonings.com\/de\/wp-json\/wp\/v2\/product\/59966","targetHints":{"allow":["GET"]}}],"collection":[{"href":"https:\/\/www.koonings.com\/de\/wp-json\/wp\/v2\/product"}],"about":[{"href":"https:\/\/www.koonings.com\/de\/wp-json\/wp\/v2\/types\/product"}],"wp:featuredmedia":[{"embeddable":true,"href":"https:\/\/www.koonings.com\/de\/wp-json\/wp\/v2\/media\/55198"}],"wp:attachment":[{"href":"https:\/\/www.koonings.com\/de\/wp-json\/wp\/v2\/media?parent=59966"}],"wp:term":[{"taxonomy":"productdetails","embeddable":true,"href":"https:\/\/www.koonings.com\/de\/wp-json\/wp\/v2\/productdetails?post=59966"},{"taxonomy":"productneck","embeddable":true,"href":"https:\/\/www.koonings.com\/de\/wp-json\/wp\/v2\/productneck?post=59966"},{"taxonomy":"productcolor","embeddable":true,"href":"https:\/\/www.koonings.com\/de\/wp-json\/wp\/v2\/productcolor?post=59966"},{"taxonomy":"maat","embeddable":true,"href":"https:\/\/www.koonings.com\/de\/wp-json\/wp\/v2\/maat?post=59966"},{"taxonomy":"productsupplier","embeddable":true,"href":"https:\/\/www.koonings.com\/de\/wp-json\/wp\/v2\/productsupplier?post=59966"},{"taxonomy":"productsleeve","embeddable":true,"href":"https:\/\/www.koonings.com\/de\/wp-json\/wp\/v2\/productsleeve?post=59966"},{"taxonomy":"productcategory","embeddable":true,"href":"https:\/\/www.koonings.com\/de\/wp-json\/wp\/v2\/productcategory?post=59966"},{"taxonomy":"productsilhouette","embeddable":true,"href":"https:\/\/www.koonings.com\/de\/wp-json\/wp\/v2\/productsilhouette?post=59966"},{"taxonomy":"productstyle","embeddable":true,"href":"https:\/\/www.koonings.com\/de\/wp-json\/wp\/v2\/productstyle?post=59966"}],"curies":[{"name":"wp","href":"https:\/\/api.w.org\/{rel}","templated":true}]}}