{"id":59937,"date":"2026-04-21T18:30:02","date_gmt":"2026-04-21T16:30:02","guid":{"rendered":"https:\/\/www.koonings.com\/product\/enzoani-prive-eloise\/"},"modified":"2026-02-16T14:43:26","modified_gmt":"2026-02-16T13:43:26","slug":"enzoani-prive-eloise","status":"publish","type":"product","link":"https:\/\/www.koonings.com\/de\/product\/enzoani-prive-eloise\/","title":{"rendered":"Enzoani Prive Eloise"},"content":{"rendered":"<p>Eloise pr\u00e4sentiert ein atemberaubendes Mieder aus bestickter Blumenspitze, Barockspitze, Wirbelspitze mit Perlen und Chantilly-Spitze mit einem auff\u00e4lligen T\u00fcllkorsett am R\u00fccken, das einen Hauch von Dramatik und Weichheit verleiht und der Braut eine schmeichelhafte und anpassbare Passform garantiert. Die aufw\u00e4ndige, glitzernde, wirbelnde Spitze verleiht dem Kleid Struktur und Dimension, w\u00e4hrend das taillierte Mieder und die schlanke Silhouette jeder Kurve schmeicheln und die Braut sich an ihrem Hochzeitstag elegant und selbstbewusst f\u00fchlen lassen. Entfernen Sie die abnehmbaren schulterfreien Tr\u00e4ger f\u00fcr zwei glamour\u00f6se Looks in einem.  <\/p>\n","protected":false},"featured_media":55380,"template":"","meta":{"_acf_changed":false,"ghostkit_customizer_options":"","ghostkit_custom_css":"","ghostkit_custom_js_head":"","ghostkit_custom_js_foot":"","ghostkit_typography":""},"productdetails":[379,381],"productneck":[354,355],"productcolor":[393,392],"maat":[],"productsupplier":[461],"productsleeve":[361],"productcategory":[18],"productsilhouette":[387],"productstyle":[369,366],"class_list":["post-59937","product","type-product","status-publish","has-post-thumbnail","hentry","productdetails-379","productdetails-381","productneck-354","productneck-355","productcolor-393","productcolor-392","productsupplier-enzoani-prive","productsleeve-361","productcategory-trouwjurken","productsilhouette-387","productstyle-369","productstyle-366"],"acf":[],"yoast_head":"<!-- This site is optimized with the Yoast SEO plugin v27.3 - https:\/\/yoast.com\/product\/yoast-seo-wordpress\/ -->\n<title>Enzoani Prive Eloise | Koonings<\/title>\n<meta name=\"description\" content=\"Eloise pr\u00e4sentiert ein atemberaubendes Mieder aus bestickter Blumenspitze, Barockspitze, Wirbelspitze mit Perlen und Chantilly-Spitze mit einem auff\u00e4lligen T\u00fcllkorsett am R\u00fccken, das einen Hauch von Dramatik und Weichheit verleiht und der Braut eine schmeichelhafte und anpassbare Passform garantiert. Die aufw\u00e4ndige, glitzernde, wirbelnde Spitze verleiht dem Kleid Struktur und Dimension, w\u00e4hrend das taillierte Mieder und die schlanke Silhouette jeder Kurve schmeicheln und die Braut sich an ihrem Hochzeitstag elegant und selbstbewusst f\u00fchlen lassen. Entfernen Sie die abnehmbaren schulterfreien Tr\u00e4ger f\u00fcr zwei glamour\u00f6se Looks in einem.\" \/>\n<meta name=\"robots\" content=\"index, follow, max-snippet:-1, max-image-preview:large, max-video-preview:-1\" \/>\n<link rel=\"canonical\" href=\"https:\/\/www.koonings.com\/de\/product\/enzoani-prive-eloise\/\" \/>\n<meta property=\"og:locale\" content=\"de_DE\" \/>\n<meta property=\"og:type\" content=\"article\" \/>\n<meta property=\"og:title\" content=\"Enzoani Prive Eloise | Koonings\" \/>\n<meta property=\"og:description\" content=\"Eloise pr\u00e4sentiert ein atemberaubendes Mieder aus bestickter Blumenspitze, Barockspitze, Wirbelspitze mit Perlen und Chantilly-Spitze mit einem auff\u00e4lligen T\u00fcllkorsett am R\u00fccken, das einen Hauch von Dramatik und Weichheit verleiht und der Braut eine schmeichelhafte und anpassbare Passform garantiert. Die aufw\u00e4ndige, glitzernde, wirbelnde Spitze verleiht dem Kleid Struktur und Dimension, w\u00e4hrend das taillierte Mieder und die schlanke Silhouette jeder Kurve schmeicheln und die Braut sich an ihrem Hochzeitstag elegant und selbstbewusst f\u00fchlen lassen. Entfernen Sie die abnehmbaren schulterfreien Tr\u00e4ger f\u00fcr zwei glamour\u00f6se Looks in einem.\" \/>\n<meta property=\"og:url\" content=\"https:\/\/www.koonings.com\/de\/product\/enzoani-prive-eloise\/\" \/>\n<meta property=\"og:site_name\" content=\"Koonings\" \/>\n<meta property=\"article:publisher\" content=\"https:\/\/www.facebook.com\/kooningstheweddingpalace\" \/>\n<meta property=\"og:image\" content=\"https:\/\/www.koonings.com\/wp-content\/uploads\/2024\/11\/49109_a7937d5c34b60d5be52fc5a1474f47809fc76118de6fcc3cc958e473702a6d1e44423751.jpeg\" \/>\n\t<meta property=\"og:image:width\" content=\"943\" \/>\n\t<meta property=\"og:image:height\" content=\"1331\" \/>\n\t<meta property=\"og:image:type\" content=\"image\/jpeg\" \/>\n<meta name=\"twitter:card\" content=\"summary_large_image\" \/>\n<script type=\"application\/ld+json\" class=\"yoast-schema-graph\">{\"@context\":\"https:\\\/\\\/schema.org\",\"@graph\":[{\"@type\":\"WebPage\",\"@id\":\"https:\\\/\\\/www.koonings.com\\\/de\\\/product\\\/enzoani-prive-eloise\\\/\",\"url\":\"https:\\\/\\\/www.koonings.com\\\/de\\\/product\\\/enzoani-prive-eloise\\\/\",\"name\":\"Enzoani Prive Eloise | Koonings\",\"isPartOf\":{\"@id\":\"https:\\\/\\\/www.koonings.com\\\/de\\\/#website\"},\"primaryImageOfPage\":{\"@id\":\"https:\\\/\\\/www.koonings.com\\\/de\\\/product\\\/enzoani-prive-eloise\\\/#primaryimage\"},\"image\":{\"@id\":\"https:\\\/\\\/www.koonings.com\\\/de\\\/product\\\/enzoani-prive-eloise\\\/#primaryimage\"},\"thumbnailUrl\":\"https:\\\/\\\/www.koonings.com\\\/wp-content\\\/uploads\\\/2024\\\/11\\\/49109_a7937d5c34b60d5be52fc5a1474f47809fc76118de6fcc3cc958e473702a6d1e44423751.jpeg\",\"datePublished\":\"2026-04-21T16:30:02+00:00\",\"description\":\"Eloise pr\u00e4sentiert ein atemberaubendes Mieder aus bestickter Blumenspitze, Barockspitze, Wirbelspitze mit Perlen und Chantilly-Spitze mit einem auff\u00e4lligen T\u00fcllkorsett am R\u00fccken, das einen Hauch von Dramatik und Weichheit verleiht und der Braut eine schmeichelhafte und anpassbare Passform garantiert. Die aufw\u00e4ndige, glitzernde, wirbelnde Spitze verleiht dem Kleid Struktur und Dimension, w\u00e4hrend das taillierte Mieder und die schlanke Silhouette jeder Kurve schmeicheln und die Braut sich an ihrem Hochzeitstag elegant und selbstbewusst f\u00fchlen lassen. Entfernen Sie die abnehmbaren schulterfreien Tr\u00e4ger f\u00fcr zwei glamour\u00f6se Looks in einem.\",\"breadcrumb\":{\"@id\":\"https:\\\/\\\/www.koonings.com\\\/de\\\/product\\\/enzoani-prive-eloise\\\/#breadcrumb\"},\"inLanguage\":\"de\",\"potentialAction\":[{\"@type\":\"ReadAction\",\"target\":[\"https:\\\/\\\/www.koonings.com\\\/de\\\/product\\\/enzoani-prive-eloise\\\/\"]}]},{\"@type\":\"ImageObject\",\"inLanguage\":\"de\",\"@id\":\"https:\\\/\\\/www.koonings.com\\\/de\\\/product\\\/enzoani-prive-eloise\\\/#primaryimage\",\"url\":\"https:\\\/\\\/www.koonings.com\\\/wp-content\\\/uploads\\\/2024\\\/11\\\/49109_a7937d5c34b60d5be52fc5a1474f47809fc76118de6fcc3cc958e473702a6d1e44423751.jpeg\",\"contentUrl\":\"https:\\\/\\\/www.koonings.com\\\/wp-content\\\/uploads\\\/2024\\\/11\\\/49109_a7937d5c34b60d5be52fc5a1474f47809fc76118de6fcc3cc958e473702a6d1e44423751.jpeg\",\"width\":943,\"height\":1331},{\"@type\":\"BreadcrumbList\",\"@id\":\"https:\\\/\\\/www.koonings.com\\\/de\\\/product\\\/enzoani-prive-eloise\\\/#breadcrumb\",\"itemListElement\":[{\"@type\":\"ListItem\",\"position\":1,\"name\":\"Home\",\"item\":\"https:\\\/\\\/www.koonings.com\\\/de\\\/\"},{\"@type\":\"ListItem\",\"position\":2,\"name\":\"Enzoani Prive Eloise\"}]},{\"@type\":\"WebSite\",\"@id\":\"https:\\\/\\\/www.koonings.com\\\/de\\\/#website\",\"url\":\"https:\\\/\\\/www.koonings.com\\\/de\\\/\",\"name\":\"Koonings\",\"description\":\"De grootste bruidsmodewinkel ter wereld\",\"publisher\":{\"@id\":\"https:\\\/\\\/www.koonings.com\\\/de\\\/#organization\"},\"potentialAction\":[{\"@type\":\"SearchAction\",\"target\":{\"@type\":\"EntryPoint\",\"urlTemplate\":\"https:\\\/\\\/www.koonings.com\\\/de\\\/?s={search_term_string}\"},\"query-input\":{\"@type\":\"PropertyValueSpecification\",\"valueRequired\":true,\"valueName\":\"search_term_string\"}}],\"inLanguage\":\"de\"},{\"@type\":\"Organization\",\"@id\":\"https:\\\/\\\/www.koonings.com\\\/de\\\/#organization\",\"name\":\"Koonings\",\"url\":\"https:\\\/\\\/www.koonings.com\\\/de\\\/\",\"logo\":{\"@type\":\"ImageObject\",\"inLanguage\":\"de\",\"@id\":\"https:\\\/\\\/www.koonings.com\\\/de\\\/#\\\/schema\\\/logo\\\/image\\\/\",\"url\":\"https:\\\/\\\/www.koonings.com\\\/wp-content\\\/uploads\\\/2024\\\/07\\\/logo.png\",\"contentUrl\":\"https:\\\/\\\/www.koonings.com\\\/wp-content\\\/uploads\\\/2024\\\/07\\\/logo.png\",\"width\":600,\"height\":428,\"caption\":\"Koonings\"},\"image\":{\"@id\":\"https:\\\/\\\/www.koonings.com\\\/de\\\/#\\\/schema\\\/logo\\\/image\\\/\"},\"sameAs\":[\"https:\\\/\\\/www.facebook.com\\\/kooningstheweddingpalace\",\"https:\\\/\\\/www.instagram.com\\\/kooningstheweddingpalace\",\"https:\\\/\\\/www.pinterest.com\\\/koonings\",\"https:\\\/\\\/www.youtube.com\\\/kooningstheweddingpalace\"]}]}<\/script>\n<!-- \/ Yoast SEO plugin. -->","yoast_head_json":{"title":"Enzoani Prive Eloise | Koonings","description":"Eloise pr\u00e4sentiert ein atemberaubendes Mieder aus bestickter Blumenspitze, Barockspitze, Wirbelspitze mit Perlen und Chantilly-Spitze mit einem auff\u00e4lligen T\u00fcllkorsett am R\u00fccken, das einen Hauch von Dramatik und Weichheit verleiht und der Braut eine schmeichelhafte und anpassbare Passform garantiert. Die aufw\u00e4ndige, glitzernde, wirbelnde Spitze verleiht dem Kleid Struktur und Dimension, w\u00e4hrend das taillierte Mieder und die schlanke Silhouette jeder Kurve schmeicheln und die Braut sich an ihrem Hochzeitstag elegant und selbstbewusst f\u00fchlen lassen. Entfernen Sie die abnehmbaren schulterfreien Tr\u00e4ger f\u00fcr zwei glamour\u00f6se Looks in einem.","robots":{"index":"index","follow":"follow","max-snippet":"max-snippet:-1","max-image-preview":"max-image-preview:large","max-video-preview":"max-video-preview:-1"},"canonical":"https:\/\/www.koonings.com\/de\/product\/enzoani-prive-eloise\/","og_locale":"de_DE","og_type":"article","og_title":"Enzoani Prive Eloise | Koonings","og_description":"Eloise pr\u00e4sentiert ein atemberaubendes Mieder aus bestickter Blumenspitze, Barockspitze, Wirbelspitze mit Perlen und Chantilly-Spitze mit einem auff\u00e4lligen T\u00fcllkorsett am R\u00fccken, das einen Hauch von Dramatik und Weichheit verleiht und der Braut eine schmeichelhafte und anpassbare Passform garantiert. Die aufw\u00e4ndige, glitzernde, wirbelnde Spitze verleiht dem Kleid Struktur und Dimension, w\u00e4hrend das taillierte Mieder und die schlanke Silhouette jeder Kurve schmeicheln und die Braut sich an ihrem Hochzeitstag elegant und selbstbewusst f\u00fchlen lassen. Entfernen Sie die abnehmbaren schulterfreien Tr\u00e4ger f\u00fcr zwei glamour\u00f6se Looks in einem.","og_url":"https:\/\/www.koonings.com\/de\/product\/enzoani-prive-eloise\/","og_site_name":"Koonings","article_publisher":"https:\/\/www.facebook.com\/kooningstheweddingpalace","og_image":[{"width":943,"height":1331,"url":"https:\/\/www.koonings.com\/wp-content\/uploads\/2024\/11\/49109_a7937d5c34b60d5be52fc5a1474f47809fc76118de6fcc3cc958e473702a6d1e44423751.jpeg","type":"image\/jpeg"}],"twitter_card":"summary_large_image","schema":{"@context":"https:\/\/schema.org","@graph":[{"@type":"WebPage","@id":"https:\/\/www.koonings.com\/de\/product\/enzoani-prive-eloise\/","url":"https:\/\/www.koonings.com\/de\/product\/enzoani-prive-eloise\/","name":"Enzoani Prive Eloise | Koonings","isPartOf":{"@id":"https:\/\/www.koonings.com\/de\/#website"},"primaryImageOfPage":{"@id":"https:\/\/www.koonings.com\/de\/product\/enzoani-prive-eloise\/#primaryimage"},"image":{"@id":"https:\/\/www.koonings.com\/de\/product\/enzoani-prive-eloise\/#primaryimage"},"thumbnailUrl":"https:\/\/www.koonings.com\/wp-content\/uploads\/2024\/11\/49109_a7937d5c34b60d5be52fc5a1474f47809fc76118de6fcc3cc958e473702a6d1e44423751.jpeg","datePublished":"2026-04-21T16:30:02+00:00","description":"Eloise pr\u00e4sentiert ein atemberaubendes Mieder aus bestickter Blumenspitze, Barockspitze, Wirbelspitze mit Perlen und Chantilly-Spitze mit einem auff\u00e4lligen T\u00fcllkorsett am R\u00fccken, das einen Hauch von Dramatik und Weichheit verleiht und der Braut eine schmeichelhafte und anpassbare Passform garantiert. Die aufw\u00e4ndige, glitzernde, wirbelnde Spitze verleiht dem Kleid Struktur und Dimension, w\u00e4hrend das taillierte Mieder und die schlanke Silhouette jeder Kurve schmeicheln und die Braut sich an ihrem Hochzeitstag elegant und selbstbewusst f\u00fchlen lassen. Entfernen Sie die abnehmbaren schulterfreien Tr\u00e4ger f\u00fcr zwei glamour\u00f6se Looks in einem.","breadcrumb":{"@id":"https:\/\/www.koonings.com\/de\/product\/enzoani-prive-eloise\/#breadcrumb"},"inLanguage":"de","potentialAction":[{"@type":"ReadAction","target":["https:\/\/www.koonings.com\/de\/product\/enzoani-prive-eloise\/"]}]},{"@type":"ImageObject","inLanguage":"de","@id":"https:\/\/www.koonings.com\/de\/product\/enzoani-prive-eloise\/#primaryimage","url":"https:\/\/www.koonings.com\/wp-content\/uploads\/2024\/11\/49109_a7937d5c34b60d5be52fc5a1474f47809fc76118de6fcc3cc958e473702a6d1e44423751.jpeg","contentUrl":"https:\/\/www.koonings.com\/wp-content\/uploads\/2024\/11\/49109_a7937d5c34b60d5be52fc5a1474f47809fc76118de6fcc3cc958e473702a6d1e44423751.jpeg","width":943,"height":1331},{"@type":"BreadcrumbList","@id":"https:\/\/www.koonings.com\/de\/product\/enzoani-prive-eloise\/#breadcrumb","itemListElement":[{"@type":"ListItem","position":1,"name":"Home","item":"https:\/\/www.koonings.com\/de\/"},{"@type":"ListItem","position":2,"name":"Enzoani Prive Eloise"}]},{"@type":"WebSite","@id":"https:\/\/www.koonings.com\/de\/#website","url":"https:\/\/www.koonings.com\/de\/","name":"Koonings","description":"De grootste bruidsmodewinkel ter wereld","publisher":{"@id":"https:\/\/www.koonings.com\/de\/#organization"},"potentialAction":[{"@type":"SearchAction","target":{"@type":"EntryPoint","urlTemplate":"https:\/\/www.koonings.com\/de\/?s={search_term_string}"},"query-input":{"@type":"PropertyValueSpecification","valueRequired":true,"valueName":"search_term_string"}}],"inLanguage":"de"},{"@type":"Organization","@id":"https:\/\/www.koonings.com\/de\/#organization","name":"Koonings","url":"https:\/\/www.koonings.com\/de\/","logo":{"@type":"ImageObject","inLanguage":"de","@id":"https:\/\/www.koonings.com\/de\/#\/schema\/logo\/image\/","url":"https:\/\/www.koonings.com\/wp-content\/uploads\/2024\/07\/logo.png","contentUrl":"https:\/\/www.koonings.com\/wp-content\/uploads\/2024\/07\/logo.png","width":600,"height":428,"caption":"Koonings"},"image":{"@id":"https:\/\/www.koonings.com\/de\/#\/schema\/logo\/image\/"},"sameAs":["https:\/\/www.facebook.com\/kooningstheweddingpalace","https:\/\/www.instagram.com\/kooningstheweddingpalace","https:\/\/www.pinterest.com\/koonings","https:\/\/www.youtube.com\/kooningstheweddingpalace"]}]}},"_links":{"self":[{"href":"https:\/\/www.koonings.com\/de\/wp-json\/wp\/v2\/product\/59937","targetHints":{"allow":["GET"]}}],"collection":[{"href":"https:\/\/www.koonings.com\/de\/wp-json\/wp\/v2\/product"}],"about":[{"href":"https:\/\/www.koonings.com\/de\/wp-json\/wp\/v2\/types\/product"}],"wp:featuredmedia":[{"embeddable":true,"href":"https:\/\/www.koonings.com\/de\/wp-json\/wp\/v2\/media\/55380"}],"wp:attachment":[{"href":"https:\/\/www.koonings.com\/de\/wp-json\/wp\/v2\/media?parent=59937"}],"wp:term":[{"taxonomy":"productdetails","embeddable":true,"href":"https:\/\/www.koonings.com\/de\/wp-json\/wp\/v2\/productdetails?post=59937"},{"taxonomy":"productneck","embeddable":true,"href":"https:\/\/www.koonings.com\/de\/wp-json\/wp\/v2\/productneck?post=59937"},{"taxonomy":"productcolor","embeddable":true,"href":"https:\/\/www.koonings.com\/de\/wp-json\/wp\/v2\/productcolor?post=59937"},{"taxonomy":"maat","embeddable":true,"href":"https:\/\/www.koonings.com\/de\/wp-json\/wp\/v2\/maat?post=59937"},{"taxonomy":"productsupplier","embeddable":true,"href":"https:\/\/www.koonings.com\/de\/wp-json\/wp\/v2\/productsupplier?post=59937"},{"taxonomy":"productsleeve","embeddable":true,"href":"https:\/\/www.koonings.com\/de\/wp-json\/wp\/v2\/productsleeve?post=59937"},{"taxonomy":"productcategory","embeddable":true,"href":"https:\/\/www.koonings.com\/de\/wp-json\/wp\/v2\/productcategory?post=59937"},{"taxonomy":"productsilhouette","embeddable":true,"href":"https:\/\/www.koonings.com\/de\/wp-json\/wp\/v2\/productsilhouette?post=59937"},{"taxonomy":"productstyle","embeddable":true,"href":"https:\/\/www.koonings.com\/de\/wp-json\/wp\/v2\/productstyle?post=59937"}],"curies":[{"name":"wp","href":"https:\/\/api.w.org\/{rel}","templated":true}]}}