{"id":59932,"date":"2026-05-06T15:28:30","date_gmt":"2026-05-06T13:28:30","guid":{"rendered":"https:\/\/www.koonings.com\/product\/enzoani-pen-liv-caitlin-l\/"},"modified":"2025-06-05T13:24:03","modified_gmt":"2025-06-05T11:24:03","slug":"enzoani-pen-liv-caitlin-l","status":"publish","type":"product","link":"https:\/\/www.koonings.com\/de\/product\/enzoani-pen-liv-caitlin-l\/","title":{"rendered":"Enzoani Pen-Liv Caitlin-L"},"content":{"rendered":"<p>CAITLIN ist eine glamour\u00f6se Etuikleid-Silhouette, die mit 3D-Mikado-Blumenapplikationen und geometrischer Spitze mit Perlen f\u00fcr einen zus\u00e4tzlichen Hauch von Raffinesse verziert ist. Mit Glitzert\u00fcll verziert, schimmert das Kleid dezent, w\u00e4hrend das Futter aus T\u00fcll und Chiffon f\u00fcr Komfort und Bewegungsfreiheit sorgt. Mit seinem eleganten Design und den sorgf\u00e4ltigen Details ist dieses Kleid eine strahlende Wahl f\u00fcr die moderne Braut an ihrem besonderen Tag.  <\/p>\n","protected":false},"featured_media":55401,"template":"","meta":{"_acf_changed":false,"ghostkit_customizer_options":"","ghostkit_custom_css":"","ghostkit_custom_js_head":"","ghostkit_custom_js_foot":"","ghostkit_typography":""},"productdetails":[377,376,381],"productneck":[356],"productcolor":[393,392],"maat":[],"productsupplier":[443],"productsleeve":[359],"productcategory":[18],"productsilhouette":[387],"productstyle":[366,370],"class_list":["post-59932","product","type-product","status-publish","has-post-thumbnail","hentry","productdetails-377","productdetails-376","productdetails-381","productneck-356","productcolor-393","productcolor-392","productsupplier-enzoani-pen-liv","productsleeve-359","productcategory-trouwjurken","productsilhouette-387","productstyle-366","productstyle-370"],"acf":[],"yoast_head":"<!-- This site is optimized with the Yoast SEO plugin v27.3 - https:\/\/yoast.com\/product\/yoast-seo-wordpress\/ -->\n<title>Enzoani Pen-Liv Caitlin-L | Koonings<\/title>\n<meta name=\"description\" content=\"CAITLIN ist eine glamour\u00f6se Etuikleid-Silhouette, die mit 3D-Mikado-Blumenapplikationen und geometrischer Spitze mit Perlen f\u00fcr einen zus\u00e4tzlichen Hauch von Raffinesse verziert ist. Mit Glitzert\u00fcll verziert, schimmert das Kleid dezent, w\u00e4hrend das Futter aus T\u00fcll und Chiffon f\u00fcr Komfort und Bewegungsfreiheit sorgt. Mit seinem eleganten Design und den sorgf\u00e4ltigen Details ist dieses Kleid eine strahlende Wahl f\u00fcr die moderne Braut an ihrem besonderen Tag.\" \/>\n<meta name=\"robots\" content=\"index, follow, max-snippet:-1, max-image-preview:large, max-video-preview:-1\" \/>\n<link rel=\"canonical\" href=\"https:\/\/www.koonings.com\/de\/product\/enzoani-pen-liv-caitlin-l\/\" \/>\n<meta property=\"og:locale\" content=\"de_DE\" \/>\n<meta property=\"og:type\" content=\"article\" \/>\n<meta property=\"og:title\" content=\"Enzoani Pen-Liv Caitlin-L | Koonings\" \/>\n<meta property=\"og:description\" content=\"CAITLIN ist eine glamour\u00f6se Etuikleid-Silhouette, die mit 3D-Mikado-Blumenapplikationen und geometrischer Spitze mit Perlen f\u00fcr einen zus\u00e4tzlichen Hauch von Raffinesse verziert ist. Mit Glitzert\u00fcll verziert, schimmert das Kleid dezent, w\u00e4hrend das Futter aus T\u00fcll und Chiffon f\u00fcr Komfort und Bewegungsfreiheit sorgt. Mit seinem eleganten Design und den sorgf\u00e4ltigen Details ist dieses Kleid eine strahlende Wahl f\u00fcr die moderne Braut an ihrem besonderen Tag.\" \/>\n<meta property=\"og:url\" content=\"https:\/\/www.koonings.com\/de\/product\/enzoani-pen-liv-caitlin-l\/\" \/>\n<meta property=\"og:site_name\" content=\"Koonings\" \/>\n<meta property=\"article:publisher\" content=\"https:\/\/www.facebook.com\/kooningstheweddingpalace\" \/>\n<meta property=\"og:image\" content=\"https:\/\/www.koonings.com\/wp-content\/uploads\/2024\/11\/49110_97b4c84aa7af39e7f16c9dde205f64f3646d2dfc03f105a73ab87d53e682c7888be5ab12.jpeg\" \/>\n\t<meta property=\"og:image:width\" content=\"1035\" \/>\n\t<meta property=\"og:image:height\" content=\"1380\" \/>\n\t<meta property=\"og:image:type\" content=\"image\/jpeg\" \/>\n<meta name=\"twitter:card\" content=\"summary_large_image\" \/>\n<script type=\"application\/ld+json\" class=\"yoast-schema-graph\">{\"@context\":\"https:\\\/\\\/schema.org\",\"@graph\":[{\"@type\":\"WebPage\",\"@id\":\"https:\\\/\\\/www.koonings.com\\\/de\\\/product\\\/enzoani-pen-liv-caitlin-l\\\/\",\"url\":\"https:\\\/\\\/www.koonings.com\\\/de\\\/product\\\/enzoani-pen-liv-caitlin-l\\\/\",\"name\":\"Enzoani Pen-Liv Caitlin-L | Koonings\",\"isPartOf\":{\"@id\":\"https:\\\/\\\/www.koonings.com\\\/de\\\/#website\"},\"primaryImageOfPage\":{\"@id\":\"https:\\\/\\\/www.koonings.com\\\/de\\\/product\\\/enzoani-pen-liv-caitlin-l\\\/#primaryimage\"},\"image\":{\"@id\":\"https:\\\/\\\/www.koonings.com\\\/de\\\/product\\\/enzoani-pen-liv-caitlin-l\\\/#primaryimage\"},\"thumbnailUrl\":\"https:\\\/\\\/www.koonings.com\\\/wp-content\\\/uploads\\\/2024\\\/11\\\/49110_97b4c84aa7af39e7f16c9dde205f64f3646d2dfc03f105a73ab87d53e682c7888be5ab12.jpeg\",\"datePublished\":\"2026-05-06T13:28:30+00:00\",\"description\":\"CAITLIN ist eine glamour\u00f6se Etuikleid-Silhouette, die mit 3D-Mikado-Blumenapplikationen und geometrischer Spitze mit Perlen f\u00fcr einen zus\u00e4tzlichen Hauch von Raffinesse verziert ist. Mit Glitzert\u00fcll verziert, schimmert das Kleid dezent, w\u00e4hrend das Futter aus T\u00fcll und Chiffon f\u00fcr Komfort und Bewegungsfreiheit sorgt. Mit seinem eleganten Design und den sorgf\u00e4ltigen Details ist dieses Kleid eine strahlende Wahl f\u00fcr die moderne Braut an ihrem besonderen Tag.\",\"breadcrumb\":{\"@id\":\"https:\\\/\\\/www.koonings.com\\\/de\\\/product\\\/enzoani-pen-liv-caitlin-l\\\/#breadcrumb\"},\"inLanguage\":\"de\",\"potentialAction\":[{\"@type\":\"ReadAction\",\"target\":[\"https:\\\/\\\/www.koonings.com\\\/de\\\/product\\\/enzoani-pen-liv-caitlin-l\\\/\"]}]},{\"@type\":\"ImageObject\",\"inLanguage\":\"de\",\"@id\":\"https:\\\/\\\/www.koonings.com\\\/de\\\/product\\\/enzoani-pen-liv-caitlin-l\\\/#primaryimage\",\"url\":\"https:\\\/\\\/www.koonings.com\\\/wp-content\\\/uploads\\\/2024\\\/11\\\/49110_97b4c84aa7af39e7f16c9dde205f64f3646d2dfc03f105a73ab87d53e682c7888be5ab12.jpeg\",\"contentUrl\":\"https:\\\/\\\/www.koonings.com\\\/wp-content\\\/uploads\\\/2024\\\/11\\\/49110_97b4c84aa7af39e7f16c9dde205f64f3646d2dfc03f105a73ab87d53e682c7888be5ab12.jpeg\",\"width\":1035,\"height\":1380},{\"@type\":\"BreadcrumbList\",\"@id\":\"https:\\\/\\\/www.koonings.com\\\/de\\\/product\\\/enzoani-pen-liv-caitlin-l\\\/#breadcrumb\",\"itemListElement\":[{\"@type\":\"ListItem\",\"position\":1,\"name\":\"Home\",\"item\":\"https:\\\/\\\/www.koonings.com\\\/de\\\/\"},{\"@type\":\"ListItem\",\"position\":2,\"name\":\"Enzoani Pen-Liv Caitlin-L\"}]},{\"@type\":\"WebSite\",\"@id\":\"https:\\\/\\\/www.koonings.com\\\/de\\\/#website\",\"url\":\"https:\\\/\\\/www.koonings.com\\\/de\\\/\",\"name\":\"Koonings\",\"description\":\"De grootste bruidsmodewinkel ter wereld\",\"publisher\":{\"@id\":\"https:\\\/\\\/www.koonings.com\\\/de\\\/#organization\"},\"potentialAction\":[{\"@type\":\"SearchAction\",\"target\":{\"@type\":\"EntryPoint\",\"urlTemplate\":\"https:\\\/\\\/www.koonings.com\\\/de\\\/?s={search_term_string}\"},\"query-input\":{\"@type\":\"PropertyValueSpecification\",\"valueRequired\":true,\"valueName\":\"search_term_string\"}}],\"inLanguage\":\"de\"},{\"@type\":\"Organization\",\"@id\":\"https:\\\/\\\/www.koonings.com\\\/de\\\/#organization\",\"name\":\"Koonings\",\"url\":\"https:\\\/\\\/www.koonings.com\\\/de\\\/\",\"logo\":{\"@type\":\"ImageObject\",\"inLanguage\":\"de\",\"@id\":\"https:\\\/\\\/www.koonings.com\\\/de\\\/#\\\/schema\\\/logo\\\/image\\\/\",\"url\":\"https:\\\/\\\/www.koonings.com\\\/wp-content\\\/uploads\\\/2024\\\/07\\\/logo.png\",\"contentUrl\":\"https:\\\/\\\/www.koonings.com\\\/wp-content\\\/uploads\\\/2024\\\/07\\\/logo.png\",\"width\":600,\"height\":428,\"caption\":\"Koonings\"},\"image\":{\"@id\":\"https:\\\/\\\/www.koonings.com\\\/de\\\/#\\\/schema\\\/logo\\\/image\\\/\"},\"sameAs\":[\"https:\\\/\\\/www.facebook.com\\\/kooningstheweddingpalace\",\"https:\\\/\\\/www.instagram.com\\\/kooningstheweddingpalace\",\"https:\\\/\\\/www.pinterest.com\\\/koonings\",\"https:\\\/\\\/www.youtube.com\\\/kooningstheweddingpalace\"]}]}<\/script>\n<!-- \/ Yoast SEO plugin. -->","yoast_head_json":{"title":"Enzoani Pen-Liv Caitlin-L | Koonings","description":"CAITLIN ist eine glamour\u00f6se Etuikleid-Silhouette, die mit 3D-Mikado-Blumenapplikationen und geometrischer Spitze mit Perlen f\u00fcr einen zus\u00e4tzlichen Hauch von Raffinesse verziert ist. Mit Glitzert\u00fcll verziert, schimmert das Kleid dezent, w\u00e4hrend das Futter aus T\u00fcll und Chiffon f\u00fcr Komfort und Bewegungsfreiheit sorgt. Mit seinem eleganten Design und den sorgf\u00e4ltigen Details ist dieses Kleid eine strahlende Wahl f\u00fcr die moderne Braut an ihrem besonderen Tag.","robots":{"index":"index","follow":"follow","max-snippet":"max-snippet:-1","max-image-preview":"max-image-preview:large","max-video-preview":"max-video-preview:-1"},"canonical":"https:\/\/www.koonings.com\/de\/product\/enzoani-pen-liv-caitlin-l\/","og_locale":"de_DE","og_type":"article","og_title":"Enzoani Pen-Liv Caitlin-L | Koonings","og_description":"CAITLIN ist eine glamour\u00f6se Etuikleid-Silhouette, die mit 3D-Mikado-Blumenapplikationen und geometrischer Spitze mit Perlen f\u00fcr einen zus\u00e4tzlichen Hauch von Raffinesse verziert ist. Mit Glitzert\u00fcll verziert, schimmert das Kleid dezent, w\u00e4hrend das Futter aus T\u00fcll und Chiffon f\u00fcr Komfort und Bewegungsfreiheit sorgt. Mit seinem eleganten Design und den sorgf\u00e4ltigen Details ist dieses Kleid eine strahlende Wahl f\u00fcr die moderne Braut an ihrem besonderen Tag.","og_url":"https:\/\/www.koonings.com\/de\/product\/enzoani-pen-liv-caitlin-l\/","og_site_name":"Koonings","article_publisher":"https:\/\/www.facebook.com\/kooningstheweddingpalace","og_image":[{"width":1035,"height":1380,"url":"https:\/\/www.koonings.com\/wp-content\/uploads\/2024\/11\/49110_97b4c84aa7af39e7f16c9dde205f64f3646d2dfc03f105a73ab87d53e682c7888be5ab12.jpeg","type":"image\/jpeg"}],"twitter_card":"summary_large_image","schema":{"@context":"https:\/\/schema.org","@graph":[{"@type":"WebPage","@id":"https:\/\/www.koonings.com\/de\/product\/enzoani-pen-liv-caitlin-l\/","url":"https:\/\/www.koonings.com\/de\/product\/enzoani-pen-liv-caitlin-l\/","name":"Enzoani Pen-Liv Caitlin-L | Koonings","isPartOf":{"@id":"https:\/\/www.koonings.com\/de\/#website"},"primaryImageOfPage":{"@id":"https:\/\/www.koonings.com\/de\/product\/enzoani-pen-liv-caitlin-l\/#primaryimage"},"image":{"@id":"https:\/\/www.koonings.com\/de\/product\/enzoani-pen-liv-caitlin-l\/#primaryimage"},"thumbnailUrl":"https:\/\/www.koonings.com\/wp-content\/uploads\/2024\/11\/49110_97b4c84aa7af39e7f16c9dde205f64f3646d2dfc03f105a73ab87d53e682c7888be5ab12.jpeg","datePublished":"2026-05-06T13:28:30+00:00","description":"CAITLIN ist eine glamour\u00f6se Etuikleid-Silhouette, die mit 3D-Mikado-Blumenapplikationen und geometrischer Spitze mit Perlen f\u00fcr einen zus\u00e4tzlichen Hauch von Raffinesse verziert ist. Mit Glitzert\u00fcll verziert, schimmert das Kleid dezent, w\u00e4hrend das Futter aus T\u00fcll und Chiffon f\u00fcr Komfort und Bewegungsfreiheit sorgt. Mit seinem eleganten Design und den sorgf\u00e4ltigen Details ist dieses Kleid eine strahlende Wahl f\u00fcr die moderne Braut an ihrem besonderen Tag.","breadcrumb":{"@id":"https:\/\/www.koonings.com\/de\/product\/enzoani-pen-liv-caitlin-l\/#breadcrumb"},"inLanguage":"de","potentialAction":[{"@type":"ReadAction","target":["https:\/\/www.koonings.com\/de\/product\/enzoani-pen-liv-caitlin-l\/"]}]},{"@type":"ImageObject","inLanguage":"de","@id":"https:\/\/www.koonings.com\/de\/product\/enzoani-pen-liv-caitlin-l\/#primaryimage","url":"https:\/\/www.koonings.com\/wp-content\/uploads\/2024\/11\/49110_97b4c84aa7af39e7f16c9dde205f64f3646d2dfc03f105a73ab87d53e682c7888be5ab12.jpeg","contentUrl":"https:\/\/www.koonings.com\/wp-content\/uploads\/2024\/11\/49110_97b4c84aa7af39e7f16c9dde205f64f3646d2dfc03f105a73ab87d53e682c7888be5ab12.jpeg","width":1035,"height":1380},{"@type":"BreadcrumbList","@id":"https:\/\/www.koonings.com\/de\/product\/enzoani-pen-liv-caitlin-l\/#breadcrumb","itemListElement":[{"@type":"ListItem","position":1,"name":"Home","item":"https:\/\/www.koonings.com\/de\/"},{"@type":"ListItem","position":2,"name":"Enzoani Pen-Liv Caitlin-L"}]},{"@type":"WebSite","@id":"https:\/\/www.koonings.com\/de\/#website","url":"https:\/\/www.koonings.com\/de\/","name":"Koonings","description":"De grootste bruidsmodewinkel ter wereld","publisher":{"@id":"https:\/\/www.koonings.com\/de\/#organization"},"potentialAction":[{"@type":"SearchAction","target":{"@type":"EntryPoint","urlTemplate":"https:\/\/www.koonings.com\/de\/?s={search_term_string}"},"query-input":{"@type":"PropertyValueSpecification","valueRequired":true,"valueName":"search_term_string"}}],"inLanguage":"de"},{"@type":"Organization","@id":"https:\/\/www.koonings.com\/de\/#organization","name":"Koonings","url":"https:\/\/www.koonings.com\/de\/","logo":{"@type":"ImageObject","inLanguage":"de","@id":"https:\/\/www.koonings.com\/de\/#\/schema\/logo\/image\/","url":"https:\/\/www.koonings.com\/wp-content\/uploads\/2024\/07\/logo.png","contentUrl":"https:\/\/www.koonings.com\/wp-content\/uploads\/2024\/07\/logo.png","width":600,"height":428,"caption":"Koonings"},"image":{"@id":"https:\/\/www.koonings.com\/de\/#\/schema\/logo\/image\/"},"sameAs":["https:\/\/www.facebook.com\/kooningstheweddingpalace","https:\/\/www.instagram.com\/kooningstheweddingpalace","https:\/\/www.pinterest.com\/koonings","https:\/\/www.youtube.com\/kooningstheweddingpalace"]}]}},"_links":{"self":[{"href":"https:\/\/www.koonings.com\/de\/wp-json\/wp\/v2\/product\/59932","targetHints":{"allow":["GET"]}}],"collection":[{"href":"https:\/\/www.koonings.com\/de\/wp-json\/wp\/v2\/product"}],"about":[{"href":"https:\/\/www.koonings.com\/de\/wp-json\/wp\/v2\/types\/product"}],"wp:featuredmedia":[{"embeddable":true,"href":"https:\/\/www.koonings.com\/de\/wp-json\/wp\/v2\/media\/55401"}],"wp:attachment":[{"href":"https:\/\/www.koonings.com\/de\/wp-json\/wp\/v2\/media?parent=59932"}],"wp:term":[{"taxonomy":"productdetails","embeddable":true,"href":"https:\/\/www.koonings.com\/de\/wp-json\/wp\/v2\/productdetails?post=59932"},{"taxonomy":"productneck","embeddable":true,"href":"https:\/\/www.koonings.com\/de\/wp-json\/wp\/v2\/productneck?post=59932"},{"taxonomy":"productcolor","embeddable":true,"href":"https:\/\/www.koonings.com\/de\/wp-json\/wp\/v2\/productcolor?post=59932"},{"taxonomy":"maat","embeddable":true,"href":"https:\/\/www.koonings.com\/de\/wp-json\/wp\/v2\/maat?post=59932"},{"taxonomy":"productsupplier","embeddable":true,"href":"https:\/\/www.koonings.com\/de\/wp-json\/wp\/v2\/productsupplier?post=59932"},{"taxonomy":"productsleeve","embeddable":true,"href":"https:\/\/www.koonings.com\/de\/wp-json\/wp\/v2\/productsleeve?post=59932"},{"taxonomy":"productcategory","embeddable":true,"href":"https:\/\/www.koonings.com\/de\/wp-json\/wp\/v2\/productcategory?post=59932"},{"taxonomy":"productsilhouette","embeddable":true,"href":"https:\/\/www.koonings.com\/de\/wp-json\/wp\/v2\/productsilhouette?post=59932"},{"taxonomy":"productstyle","embeddable":true,"href":"https:\/\/www.koonings.com\/de\/wp-json\/wp\/v2\/productstyle?post=59932"}],"curies":[{"name":"wp","href":"https:\/\/api.w.org\/{rel}","templated":true}]}}