{"id":59929,"date":"2026-05-06T15:28:31","date_gmt":"2026-05-06T13:28:31","guid":{"rendered":"https:\/\/www.koonings.com\/product\/enzoani-pen-liv-chelsea\/"},"modified":"2025-06-05T13:24:04","modified_gmt":"2025-06-05T11:24:04","slug":"enzoani-pen-liv-chelsea","status":"publish","type":"product","link":"https:\/\/www.koonings.com\/de\/product\/enzoani-pen-liv-chelsea\/","title":{"rendered":"Enzoani Pen-Liv Chelsea"},"content":{"rendered":"<p>Setzen Sie an Ihrem besonderen Tag ein Statement mit diesem atemberaubenden Kleid mit quadratischem Ausschnitt, das moderne Eleganz ausstrahlt. Das aus Perlenstoff gefertigte CHELSEA strahlt Opulenz und Luxus aus. Die A-Linien-Silhouette schmeichelt jeder Figur, w\u00e4hrend Schichten von Glitzert\u00fcll einen Hauch von Glanz und Glamour verleihen. Darunter sorgen ein zartes Chiffonfutter und weiche T\u00fcllschichten f\u00fcr Komfort und Bewegungsfreiheit, wodurch dieses Kleid ebenso praktisch wie atemberaubend sch\u00f6n ist.   <\/p>\n","protected":false},"featured_media":55443,"template":"","meta":{"_acf_changed":false,"ghostkit_customizer_options":"","ghostkit_custom_css":"","ghostkit_custom_js_head":"","ghostkit_custom_js_foot":"","ghostkit_typography":""},"productdetails":[377,381],"productneck":[352],"productcolor":[393,394],"maat":[],"productsupplier":[443],"productsleeve":[359],"productcategory":[18],"productsilhouette":[384],"productstyle":[366],"class_list":["post-59929","product","type-product","status-publish","has-post-thumbnail","hentry","productdetails-377","productdetails-381","productneck-352","productcolor-393","productcolor-394","productsupplier-enzoani-pen-liv","productsleeve-359","productcategory-trouwjurken","productsilhouette-384","productstyle-366"],"acf":[],"yoast_head":"<!-- This site is optimized with the Yoast SEO plugin v27.3 - https:\/\/yoast.com\/product\/yoast-seo-wordpress\/ -->\n<title>Enzoani Pen-Liv Chelsea | Koonings<\/title>\n<meta name=\"description\" content=\"Setzen Sie an Ihrem besonderen Tag ein Statement mit diesem atemberaubenden Kleid mit quadratischem Ausschnitt, das moderne Eleganz ausstrahlt. Das aus Perlenstoff gefertigte CHELSEA strahlt Opulenz und Luxus aus. Die A-Linien-Silhouette schmeichelt jeder Figur, w\u00e4hrend Schichten von Glitzert\u00fcll einen Hauch von Glanz und Glamour verleihen. Darunter sorgen ein zartes Chiffonfutter und weiche T\u00fcllschichten f\u00fcr Komfort und Bewegungsfreiheit, wodurch dieses Kleid ebenso praktisch wie atemberaubend sch\u00f6n ist.\" \/>\n<meta name=\"robots\" content=\"index, follow, max-snippet:-1, max-image-preview:large, max-video-preview:-1\" \/>\n<link rel=\"canonical\" href=\"https:\/\/www.koonings.com\/de\/product\/enzoani-pen-liv-chelsea\/\" \/>\n<meta property=\"og:locale\" content=\"de_DE\" \/>\n<meta property=\"og:type\" content=\"article\" \/>\n<meta property=\"og:title\" content=\"Enzoani Pen-Liv Chelsea | Koonings\" \/>\n<meta property=\"og:description\" content=\"Setzen Sie an Ihrem besonderen Tag ein Statement mit diesem atemberaubenden Kleid mit quadratischem Ausschnitt, das moderne Eleganz ausstrahlt. Das aus Perlenstoff gefertigte CHELSEA strahlt Opulenz und Luxus aus. Die A-Linien-Silhouette schmeichelt jeder Figur, w\u00e4hrend Schichten von Glitzert\u00fcll einen Hauch von Glanz und Glamour verleihen. Darunter sorgen ein zartes Chiffonfutter und weiche T\u00fcllschichten f\u00fcr Komfort und Bewegungsfreiheit, wodurch dieses Kleid ebenso praktisch wie atemberaubend sch\u00f6n ist.\" \/>\n<meta property=\"og:url\" content=\"https:\/\/www.koonings.com\/de\/product\/enzoani-pen-liv-chelsea\/\" \/>\n<meta property=\"og:site_name\" content=\"Koonings\" \/>\n<meta property=\"article:publisher\" content=\"https:\/\/www.facebook.com\/kooningstheweddingpalace\" \/>\n<meta property=\"og:image\" content=\"https:\/\/www.koonings.com\/wp-content\/uploads\/2024\/11\/49113_2be5bf5da692e3c89e9f433e3507ee746194c8cdb5047e983fef7aad233a2ecf46487c5d.jpeg\" \/>\n\t<meta property=\"og:image:width\" content=\"1035\" \/>\n\t<meta property=\"og:image:height\" content=\"1380\" \/>\n\t<meta property=\"og:image:type\" content=\"image\/jpeg\" \/>\n<meta name=\"twitter:card\" content=\"summary_large_image\" \/>\n<script type=\"application\/ld+json\" class=\"yoast-schema-graph\">{\"@context\":\"https:\\\/\\\/schema.org\",\"@graph\":[{\"@type\":\"WebPage\",\"@id\":\"https:\\\/\\\/www.koonings.com\\\/de\\\/product\\\/enzoani-pen-liv-chelsea\\\/\",\"url\":\"https:\\\/\\\/www.koonings.com\\\/de\\\/product\\\/enzoani-pen-liv-chelsea\\\/\",\"name\":\"Enzoani Pen-Liv Chelsea | Koonings\",\"isPartOf\":{\"@id\":\"https:\\\/\\\/www.koonings.com\\\/de\\\/#website\"},\"primaryImageOfPage\":{\"@id\":\"https:\\\/\\\/www.koonings.com\\\/de\\\/product\\\/enzoani-pen-liv-chelsea\\\/#primaryimage\"},\"image\":{\"@id\":\"https:\\\/\\\/www.koonings.com\\\/de\\\/product\\\/enzoani-pen-liv-chelsea\\\/#primaryimage\"},\"thumbnailUrl\":\"https:\\\/\\\/www.koonings.com\\\/wp-content\\\/uploads\\\/2024\\\/11\\\/49113_2be5bf5da692e3c89e9f433e3507ee746194c8cdb5047e983fef7aad233a2ecf46487c5d.jpeg\",\"datePublished\":\"2026-05-06T13:28:31+00:00\",\"description\":\"Setzen Sie an Ihrem besonderen Tag ein Statement mit diesem atemberaubenden Kleid mit quadratischem Ausschnitt, das moderne Eleganz ausstrahlt. Das aus Perlenstoff gefertigte CHELSEA strahlt Opulenz und Luxus aus. Die A-Linien-Silhouette schmeichelt jeder Figur, w\u00e4hrend Schichten von Glitzert\u00fcll einen Hauch von Glanz und Glamour verleihen. Darunter sorgen ein zartes Chiffonfutter und weiche T\u00fcllschichten f\u00fcr Komfort und Bewegungsfreiheit, wodurch dieses Kleid ebenso praktisch wie atemberaubend sch\u00f6n ist.\",\"breadcrumb\":{\"@id\":\"https:\\\/\\\/www.koonings.com\\\/de\\\/product\\\/enzoani-pen-liv-chelsea\\\/#breadcrumb\"},\"inLanguage\":\"de\",\"potentialAction\":[{\"@type\":\"ReadAction\",\"target\":[\"https:\\\/\\\/www.koonings.com\\\/de\\\/product\\\/enzoani-pen-liv-chelsea\\\/\"]}]},{\"@type\":\"ImageObject\",\"inLanguage\":\"de\",\"@id\":\"https:\\\/\\\/www.koonings.com\\\/de\\\/product\\\/enzoani-pen-liv-chelsea\\\/#primaryimage\",\"url\":\"https:\\\/\\\/www.koonings.com\\\/wp-content\\\/uploads\\\/2024\\\/11\\\/49113_2be5bf5da692e3c89e9f433e3507ee746194c8cdb5047e983fef7aad233a2ecf46487c5d.jpeg\",\"contentUrl\":\"https:\\\/\\\/www.koonings.com\\\/wp-content\\\/uploads\\\/2024\\\/11\\\/49113_2be5bf5da692e3c89e9f433e3507ee746194c8cdb5047e983fef7aad233a2ecf46487c5d.jpeg\",\"width\":1035,\"height\":1380},{\"@type\":\"BreadcrumbList\",\"@id\":\"https:\\\/\\\/www.koonings.com\\\/de\\\/product\\\/enzoani-pen-liv-chelsea\\\/#breadcrumb\",\"itemListElement\":[{\"@type\":\"ListItem\",\"position\":1,\"name\":\"Home\",\"item\":\"https:\\\/\\\/www.koonings.com\\\/de\\\/\"},{\"@type\":\"ListItem\",\"position\":2,\"name\":\"Enzoani Pen-Liv Chelsea\"}]},{\"@type\":\"WebSite\",\"@id\":\"https:\\\/\\\/www.koonings.com\\\/de\\\/#website\",\"url\":\"https:\\\/\\\/www.koonings.com\\\/de\\\/\",\"name\":\"Koonings\",\"description\":\"De grootste bruidsmodewinkel ter wereld\",\"publisher\":{\"@id\":\"https:\\\/\\\/www.koonings.com\\\/de\\\/#organization\"},\"potentialAction\":[{\"@type\":\"SearchAction\",\"target\":{\"@type\":\"EntryPoint\",\"urlTemplate\":\"https:\\\/\\\/www.koonings.com\\\/de\\\/?s={search_term_string}\"},\"query-input\":{\"@type\":\"PropertyValueSpecification\",\"valueRequired\":true,\"valueName\":\"search_term_string\"}}],\"inLanguage\":\"de\"},{\"@type\":\"Organization\",\"@id\":\"https:\\\/\\\/www.koonings.com\\\/de\\\/#organization\",\"name\":\"Koonings\",\"url\":\"https:\\\/\\\/www.koonings.com\\\/de\\\/\",\"logo\":{\"@type\":\"ImageObject\",\"inLanguage\":\"de\",\"@id\":\"https:\\\/\\\/www.koonings.com\\\/de\\\/#\\\/schema\\\/logo\\\/image\\\/\",\"url\":\"https:\\\/\\\/www.koonings.com\\\/wp-content\\\/uploads\\\/2024\\\/07\\\/logo.png\",\"contentUrl\":\"https:\\\/\\\/www.koonings.com\\\/wp-content\\\/uploads\\\/2024\\\/07\\\/logo.png\",\"width\":600,\"height\":428,\"caption\":\"Koonings\"},\"image\":{\"@id\":\"https:\\\/\\\/www.koonings.com\\\/de\\\/#\\\/schema\\\/logo\\\/image\\\/\"},\"sameAs\":[\"https:\\\/\\\/www.facebook.com\\\/kooningstheweddingpalace\",\"https:\\\/\\\/www.instagram.com\\\/kooningstheweddingpalace\",\"https:\\\/\\\/www.pinterest.com\\\/koonings\",\"https:\\\/\\\/www.youtube.com\\\/kooningstheweddingpalace\"]}]}<\/script>\n<!-- \/ Yoast SEO plugin. -->","yoast_head_json":{"title":"Enzoani Pen-Liv Chelsea | Koonings","description":"Setzen Sie an Ihrem besonderen Tag ein Statement mit diesem atemberaubenden Kleid mit quadratischem Ausschnitt, das moderne Eleganz ausstrahlt. Das aus Perlenstoff gefertigte CHELSEA strahlt Opulenz und Luxus aus. Die A-Linien-Silhouette schmeichelt jeder Figur, w\u00e4hrend Schichten von Glitzert\u00fcll einen Hauch von Glanz und Glamour verleihen. Darunter sorgen ein zartes Chiffonfutter und weiche T\u00fcllschichten f\u00fcr Komfort und Bewegungsfreiheit, wodurch dieses Kleid ebenso praktisch wie atemberaubend sch\u00f6n ist.","robots":{"index":"index","follow":"follow","max-snippet":"max-snippet:-1","max-image-preview":"max-image-preview:large","max-video-preview":"max-video-preview:-1"},"canonical":"https:\/\/www.koonings.com\/de\/product\/enzoani-pen-liv-chelsea\/","og_locale":"de_DE","og_type":"article","og_title":"Enzoani Pen-Liv Chelsea | Koonings","og_description":"Setzen Sie an Ihrem besonderen Tag ein Statement mit diesem atemberaubenden Kleid mit quadratischem Ausschnitt, das moderne Eleganz ausstrahlt. Das aus Perlenstoff gefertigte CHELSEA strahlt Opulenz und Luxus aus. Die A-Linien-Silhouette schmeichelt jeder Figur, w\u00e4hrend Schichten von Glitzert\u00fcll einen Hauch von Glanz und Glamour verleihen. Darunter sorgen ein zartes Chiffonfutter und weiche T\u00fcllschichten f\u00fcr Komfort und Bewegungsfreiheit, wodurch dieses Kleid ebenso praktisch wie atemberaubend sch\u00f6n ist.","og_url":"https:\/\/www.koonings.com\/de\/product\/enzoani-pen-liv-chelsea\/","og_site_name":"Koonings","article_publisher":"https:\/\/www.facebook.com\/kooningstheweddingpalace","og_image":[{"width":1035,"height":1380,"url":"https:\/\/www.koonings.com\/wp-content\/uploads\/2024\/11\/49113_2be5bf5da692e3c89e9f433e3507ee746194c8cdb5047e983fef7aad233a2ecf46487c5d.jpeg","type":"image\/jpeg"}],"twitter_card":"summary_large_image","schema":{"@context":"https:\/\/schema.org","@graph":[{"@type":"WebPage","@id":"https:\/\/www.koonings.com\/de\/product\/enzoani-pen-liv-chelsea\/","url":"https:\/\/www.koonings.com\/de\/product\/enzoani-pen-liv-chelsea\/","name":"Enzoani Pen-Liv Chelsea | Koonings","isPartOf":{"@id":"https:\/\/www.koonings.com\/de\/#website"},"primaryImageOfPage":{"@id":"https:\/\/www.koonings.com\/de\/product\/enzoani-pen-liv-chelsea\/#primaryimage"},"image":{"@id":"https:\/\/www.koonings.com\/de\/product\/enzoani-pen-liv-chelsea\/#primaryimage"},"thumbnailUrl":"https:\/\/www.koonings.com\/wp-content\/uploads\/2024\/11\/49113_2be5bf5da692e3c89e9f433e3507ee746194c8cdb5047e983fef7aad233a2ecf46487c5d.jpeg","datePublished":"2026-05-06T13:28:31+00:00","description":"Setzen Sie an Ihrem besonderen Tag ein Statement mit diesem atemberaubenden Kleid mit quadratischem Ausschnitt, das moderne Eleganz ausstrahlt. Das aus Perlenstoff gefertigte CHELSEA strahlt Opulenz und Luxus aus. Die A-Linien-Silhouette schmeichelt jeder Figur, w\u00e4hrend Schichten von Glitzert\u00fcll einen Hauch von Glanz und Glamour verleihen. Darunter sorgen ein zartes Chiffonfutter und weiche T\u00fcllschichten f\u00fcr Komfort und Bewegungsfreiheit, wodurch dieses Kleid ebenso praktisch wie atemberaubend sch\u00f6n ist.","breadcrumb":{"@id":"https:\/\/www.koonings.com\/de\/product\/enzoani-pen-liv-chelsea\/#breadcrumb"},"inLanguage":"de","potentialAction":[{"@type":"ReadAction","target":["https:\/\/www.koonings.com\/de\/product\/enzoani-pen-liv-chelsea\/"]}]},{"@type":"ImageObject","inLanguage":"de","@id":"https:\/\/www.koonings.com\/de\/product\/enzoani-pen-liv-chelsea\/#primaryimage","url":"https:\/\/www.koonings.com\/wp-content\/uploads\/2024\/11\/49113_2be5bf5da692e3c89e9f433e3507ee746194c8cdb5047e983fef7aad233a2ecf46487c5d.jpeg","contentUrl":"https:\/\/www.koonings.com\/wp-content\/uploads\/2024\/11\/49113_2be5bf5da692e3c89e9f433e3507ee746194c8cdb5047e983fef7aad233a2ecf46487c5d.jpeg","width":1035,"height":1380},{"@type":"BreadcrumbList","@id":"https:\/\/www.koonings.com\/de\/product\/enzoani-pen-liv-chelsea\/#breadcrumb","itemListElement":[{"@type":"ListItem","position":1,"name":"Home","item":"https:\/\/www.koonings.com\/de\/"},{"@type":"ListItem","position":2,"name":"Enzoani Pen-Liv Chelsea"}]},{"@type":"WebSite","@id":"https:\/\/www.koonings.com\/de\/#website","url":"https:\/\/www.koonings.com\/de\/","name":"Koonings","description":"De grootste bruidsmodewinkel ter wereld","publisher":{"@id":"https:\/\/www.koonings.com\/de\/#organization"},"potentialAction":[{"@type":"SearchAction","target":{"@type":"EntryPoint","urlTemplate":"https:\/\/www.koonings.com\/de\/?s={search_term_string}"},"query-input":{"@type":"PropertyValueSpecification","valueRequired":true,"valueName":"search_term_string"}}],"inLanguage":"de"},{"@type":"Organization","@id":"https:\/\/www.koonings.com\/de\/#organization","name":"Koonings","url":"https:\/\/www.koonings.com\/de\/","logo":{"@type":"ImageObject","inLanguage":"de","@id":"https:\/\/www.koonings.com\/de\/#\/schema\/logo\/image\/","url":"https:\/\/www.koonings.com\/wp-content\/uploads\/2024\/07\/logo.png","contentUrl":"https:\/\/www.koonings.com\/wp-content\/uploads\/2024\/07\/logo.png","width":600,"height":428,"caption":"Koonings"},"image":{"@id":"https:\/\/www.koonings.com\/de\/#\/schema\/logo\/image\/"},"sameAs":["https:\/\/www.facebook.com\/kooningstheweddingpalace","https:\/\/www.instagram.com\/kooningstheweddingpalace","https:\/\/www.pinterest.com\/koonings","https:\/\/www.youtube.com\/kooningstheweddingpalace"]}]}},"_links":{"self":[{"href":"https:\/\/www.koonings.com\/de\/wp-json\/wp\/v2\/product\/59929","targetHints":{"allow":["GET"]}}],"collection":[{"href":"https:\/\/www.koonings.com\/de\/wp-json\/wp\/v2\/product"}],"about":[{"href":"https:\/\/www.koonings.com\/de\/wp-json\/wp\/v2\/types\/product"}],"wp:featuredmedia":[{"embeddable":true,"href":"https:\/\/www.koonings.com\/de\/wp-json\/wp\/v2\/media\/55443"}],"wp:attachment":[{"href":"https:\/\/www.koonings.com\/de\/wp-json\/wp\/v2\/media?parent=59929"}],"wp:term":[{"taxonomy":"productdetails","embeddable":true,"href":"https:\/\/www.koonings.com\/de\/wp-json\/wp\/v2\/productdetails?post=59929"},{"taxonomy":"productneck","embeddable":true,"href":"https:\/\/www.koonings.com\/de\/wp-json\/wp\/v2\/productneck?post=59929"},{"taxonomy":"productcolor","embeddable":true,"href":"https:\/\/www.koonings.com\/de\/wp-json\/wp\/v2\/productcolor?post=59929"},{"taxonomy":"maat","embeddable":true,"href":"https:\/\/www.koonings.com\/de\/wp-json\/wp\/v2\/maat?post=59929"},{"taxonomy":"productsupplier","embeddable":true,"href":"https:\/\/www.koonings.com\/de\/wp-json\/wp\/v2\/productsupplier?post=59929"},{"taxonomy":"productsleeve","embeddable":true,"href":"https:\/\/www.koonings.com\/de\/wp-json\/wp\/v2\/productsleeve?post=59929"},{"taxonomy":"productcategory","embeddable":true,"href":"https:\/\/www.koonings.com\/de\/wp-json\/wp\/v2\/productcategory?post=59929"},{"taxonomy":"productsilhouette","embeddable":true,"href":"https:\/\/www.koonings.com\/de\/wp-json\/wp\/v2\/productsilhouette?post=59929"},{"taxonomy":"productstyle","embeddable":true,"href":"https:\/\/www.koonings.com\/de\/wp-json\/wp\/v2\/productstyle?post=59929"}],"curies":[{"name":"wp","href":"https:\/\/api.w.org\/{rel}","templated":true}]}}