{"id":59925,"date":"2025-12-15T00:46:07","date_gmt":"2025-12-14T23:46:07","guid":{"rendered":"https:\/\/www.koonings.com\/product\/enzoani-pen-liv-charlean\/"},"modified":"2026-02-03T19:16:17","modified_gmt":"2026-02-03T18:16:17","slug":"enzoani-pen-liv-charlean","status":"publish","type":"product","link":"https:\/\/www.koonings.com\/de\/product\/enzoani-pen-liv-charlean\/","title":{"rendered":"Enzoani Stift-Liv Charlean"},"content":{"rendered":"<p>Lassen Sie sich in CHARLEAN, das in luxuri\u00f6sem Mikado- oder Satinstoff erh\u00e4ltlich ist, in eine gl\u00fcckliche Braut verwandeln. Das Kleid kann mit zwei Tr\u00e4gern getragen werden: zierliche, schulterfreie Tr\u00e4ger f\u00fcr eine klassische \u00c4sthetik oder ein glamour\u00f6ser Schulterriemen, der mit einem bezaubernden Blumendetail verziert ist, f\u00fcr zus\u00e4tzlichen Reiz. Das geschn\u00fcrte Korsett am R\u00fccken sorgt f\u00fcr eine ma\u00dfgeschneiderte Passform und verleiht dem Kleid einen Hauch von Vintage-Charme. Mit seiner k\u00f6niglichen Silhouette, den versteckten Taschen und den individuell anpassbaren Details erf\u00fcllt dieses Kleid die m\u00e4rchenhaften Tr\u00e4ume einer jeden Braut.   <\/p>\n","protected":false},"featured_media":55434,"template":"","meta":{"_acf_changed":false,"ghostkit_customizer_options":"","ghostkit_custom_css":"","ghostkit_custom_js_head":"","ghostkit_custom_js_foot":"","ghostkit_typography":""},"productdetails":[],"productneck":[352,355],"productcolor":[392],"maat":[],"productsupplier":[443],"productsleeve":[359],"productcategory":[18],"productsilhouette":[388],"productstyle":[372],"class_list":["post-59925","product","type-product","status-publish","has-post-thumbnail","hentry","productneck-352","productneck-355","productcolor-392","productsupplier-enzoani-pen-liv","productsleeve-359","productcategory-trouwjurken","productsilhouette-388","productstyle-372"],"acf":[],"yoast_head":"<!-- This site is optimized with the Yoast SEO plugin v27.3 - https:\/\/yoast.com\/product\/yoast-seo-wordpress\/ -->\n<title>Enzoani Stift-Liv Charlean | Koonings<\/title>\n<meta name=\"description\" content=\"Lassen Sie sich in CHARLEAN, das in luxuri\u00f6sem Mikado- oder Satinstoff erh\u00e4ltlich ist, in eine gl\u00fcckliche Braut verwandeln. Das Kleid kann mit zwei Tr\u00e4gern getragen werden: zierliche, schulterfreie Tr\u00e4ger f\u00fcr eine klassische \u00c4sthetik oder ein glamour\u00f6ser Schulterriemen, der mit einem bezaubernden Blumendetail verziert ist, f\u00fcr zus\u00e4tzlichen Reiz. Das geschn\u00fcrte Korsett am R\u00fccken sorgt f\u00fcr eine ma\u00dfgeschneiderte Passform und verleiht dem Kleid einen Hauch von Vintage-Charme. Mit seiner k\u00f6niglichen Silhouette, den versteckten Taschen und den individuell anpassbaren Details verspricht dieses Kleid, die M\u00e4rchentr\u00e4ume jeder Braut zu erf\u00fcllen.\" \/>\n<meta name=\"robots\" content=\"index, follow, max-snippet:-1, max-image-preview:large, max-video-preview:-1\" \/>\n<link rel=\"canonical\" href=\"https:\/\/www.koonings.com\/de\/product\/enzoani-pen-liv-charlean\/\" \/>\n<meta property=\"og:locale\" content=\"de_DE\" \/>\n<meta property=\"og:type\" content=\"article\" \/>\n<meta property=\"og:title\" content=\"Enzoani Stift-Liv Charlean | Koonings\" \/>\n<meta property=\"og:description\" content=\"Lassen Sie sich in CHARLEAN, das in luxuri\u00f6sem Mikado- oder Satinstoff erh\u00e4ltlich ist, in eine gl\u00fcckliche Braut verwandeln. Das Kleid kann mit zwei Tr\u00e4gern getragen werden: zierliche, schulterfreie Tr\u00e4ger f\u00fcr eine klassische \u00c4sthetik oder ein glamour\u00f6ser Schulterriemen, der mit einem bezaubernden Blumendetail verziert ist, f\u00fcr zus\u00e4tzlichen Reiz. Das geschn\u00fcrte Korsett am R\u00fccken sorgt f\u00fcr eine ma\u00dfgeschneiderte Passform und verleiht dem Kleid einen Hauch von Vintage-Charme. Mit seiner k\u00f6niglichen Silhouette, den versteckten Taschen und den individuell anpassbaren Details verspricht dieses Kleid, die M\u00e4rchentr\u00e4ume jeder Braut zu erf\u00fcllen.\" \/>\n<meta property=\"og:url\" content=\"https:\/\/www.koonings.com\/de\/product\/enzoani-pen-liv-charlean\/\" \/>\n<meta property=\"og:site_name\" content=\"Koonings\" \/>\n<meta property=\"article:publisher\" content=\"https:\/\/www.facebook.com\/kooningstheweddingpalace\" \/>\n<meta property=\"article:modified_time\" content=\"2026-02-03T18:16:17+00:00\" \/>\n<meta property=\"og:image\" content=\"https:\/\/www.koonings.com\/wp-content\/uploads\/2024\/11\/49112_9197ed8066cf83baa87d2398106eb939553eb1724eb2a8b57da8f66dc343a4bc1d8904a7.jpeg\" \/>\n\t<meta property=\"og:image:width\" content=\"1035\" \/>\n\t<meta property=\"og:image:height\" content=\"1380\" \/>\n\t<meta property=\"og:image:type\" content=\"image\/jpeg\" \/>\n<meta name=\"twitter:card\" content=\"summary_large_image\" \/>\n<meta name=\"twitter:label1\" content=\"Gesch\u00e4tzte Lesezeit\" \/>\n\t<meta name=\"twitter:data1\" content=\"1\u00a0Minute\" \/>\n<script type=\"application\/ld+json\" class=\"yoast-schema-graph\">{\"@context\":\"https:\\\/\\\/schema.org\",\"@graph\":[{\"@type\":\"WebPage\",\"@id\":\"https:\\\/\\\/www.koonings.com\\\/de\\\/product\\\/enzoani-pen-liv-charlean\\\/\",\"url\":\"https:\\\/\\\/www.koonings.com\\\/de\\\/product\\\/enzoani-pen-liv-charlean\\\/\",\"name\":\"Enzoani Stift-Liv Charlean | Koonings\",\"isPartOf\":{\"@id\":\"https:\\\/\\\/www.koonings.com\\\/de\\\/#website\"},\"primaryImageOfPage\":{\"@id\":\"https:\\\/\\\/www.koonings.com\\\/de\\\/product\\\/enzoani-pen-liv-charlean\\\/#primaryimage\"},\"image\":{\"@id\":\"https:\\\/\\\/www.koonings.com\\\/de\\\/product\\\/enzoani-pen-liv-charlean\\\/#primaryimage\"},\"thumbnailUrl\":\"https:\\\/\\\/www.koonings.com\\\/wp-content\\\/uploads\\\/2024\\\/11\\\/49112_9197ed8066cf83baa87d2398106eb939553eb1724eb2a8b57da8f66dc343a4bc1d8904a7.jpeg\",\"datePublished\":\"2025-12-14T23:46:07+00:00\",\"dateModified\":\"2026-02-03T18:16:17+00:00\",\"description\":\"Lassen Sie sich in CHARLEAN, das in luxuri\u00f6sem Mikado- oder Satinstoff erh\u00e4ltlich ist, in eine gl\u00fcckliche Braut verwandeln. Das Kleid kann mit zwei Tr\u00e4gern getragen werden: zierliche, schulterfreie Tr\u00e4ger f\u00fcr eine klassische \u00c4sthetik oder ein glamour\u00f6ser Schulterriemen, der mit einem bezaubernden Blumendetail verziert ist, f\u00fcr zus\u00e4tzlichen Reiz. Das geschn\u00fcrte Korsett am R\u00fccken sorgt f\u00fcr eine ma\u00dfgeschneiderte Passform und verleiht dem Kleid einen Hauch von Vintage-Charme. Mit seiner k\u00f6niglichen Silhouette, den versteckten Taschen und den individuell anpassbaren Details verspricht dieses Kleid, die M\u00e4rchentr\u00e4ume jeder Braut zu erf\u00fcllen.\",\"breadcrumb\":{\"@id\":\"https:\\\/\\\/www.koonings.com\\\/de\\\/product\\\/enzoani-pen-liv-charlean\\\/#breadcrumb\"},\"inLanguage\":\"de\",\"potentialAction\":[{\"@type\":\"ReadAction\",\"target\":[\"https:\\\/\\\/www.koonings.com\\\/de\\\/product\\\/enzoani-pen-liv-charlean\\\/\"]}]},{\"@type\":\"ImageObject\",\"inLanguage\":\"de\",\"@id\":\"https:\\\/\\\/www.koonings.com\\\/de\\\/product\\\/enzoani-pen-liv-charlean\\\/#primaryimage\",\"url\":\"https:\\\/\\\/www.koonings.com\\\/wp-content\\\/uploads\\\/2024\\\/11\\\/49112_9197ed8066cf83baa87d2398106eb939553eb1724eb2a8b57da8f66dc343a4bc1d8904a7.jpeg\",\"contentUrl\":\"https:\\\/\\\/www.koonings.com\\\/wp-content\\\/uploads\\\/2024\\\/11\\\/49112_9197ed8066cf83baa87d2398106eb939553eb1724eb2a8b57da8f66dc343a4bc1d8904a7.jpeg\",\"width\":1035,\"height\":1380},{\"@type\":\"BreadcrumbList\",\"@id\":\"https:\\\/\\\/www.koonings.com\\\/de\\\/product\\\/enzoani-pen-liv-charlean\\\/#breadcrumb\",\"itemListElement\":[{\"@type\":\"ListItem\",\"position\":1,\"name\":\"Home\",\"item\":\"https:\\\/\\\/www.koonings.com\\\/de\\\/\"},{\"@type\":\"ListItem\",\"position\":2,\"name\":\"Enzoani Stift-Liv Charlean\"}]},{\"@type\":\"WebSite\",\"@id\":\"https:\\\/\\\/www.koonings.com\\\/de\\\/#website\",\"url\":\"https:\\\/\\\/www.koonings.com\\\/de\\\/\",\"name\":\"Koonings\",\"description\":\"De grootste bruidsmodewinkel ter wereld\",\"publisher\":{\"@id\":\"https:\\\/\\\/www.koonings.com\\\/de\\\/#organization\"},\"potentialAction\":[{\"@type\":\"SearchAction\",\"target\":{\"@type\":\"EntryPoint\",\"urlTemplate\":\"https:\\\/\\\/www.koonings.com\\\/de\\\/?s={search_term_string}\"},\"query-input\":{\"@type\":\"PropertyValueSpecification\",\"valueRequired\":true,\"valueName\":\"search_term_string\"}}],\"inLanguage\":\"de\"},{\"@type\":\"Organization\",\"@id\":\"https:\\\/\\\/www.koonings.com\\\/de\\\/#organization\",\"name\":\"Koonings\",\"url\":\"https:\\\/\\\/www.koonings.com\\\/de\\\/\",\"logo\":{\"@type\":\"ImageObject\",\"inLanguage\":\"de\",\"@id\":\"https:\\\/\\\/www.koonings.com\\\/de\\\/#\\\/schema\\\/logo\\\/image\\\/\",\"url\":\"https:\\\/\\\/www.koonings.com\\\/wp-content\\\/uploads\\\/2024\\\/07\\\/logo.png\",\"contentUrl\":\"https:\\\/\\\/www.koonings.com\\\/wp-content\\\/uploads\\\/2024\\\/07\\\/logo.png\",\"width\":600,\"height\":428,\"caption\":\"Koonings\"},\"image\":{\"@id\":\"https:\\\/\\\/www.koonings.com\\\/de\\\/#\\\/schema\\\/logo\\\/image\\\/\"},\"sameAs\":[\"https:\\\/\\\/www.facebook.com\\\/kooningstheweddingpalace\",\"https:\\\/\\\/www.instagram.com\\\/kooningstheweddingpalace\",\"https:\\\/\\\/www.pinterest.com\\\/koonings\",\"https:\\\/\\\/www.youtube.com\\\/kooningstheweddingpalace\"]}]}<\/script>\n<!-- \/ Yoast SEO plugin. -->","yoast_head_json":{"title":"Enzoani Stift-Liv Charlean | Koonings","description":"Lassen Sie sich in CHARLEAN, das in luxuri\u00f6sem Mikado- oder Satinstoff erh\u00e4ltlich ist, in eine gl\u00fcckliche Braut verwandeln. Das Kleid kann mit zwei Tr\u00e4gern getragen werden: zierliche, schulterfreie Tr\u00e4ger f\u00fcr eine klassische \u00c4sthetik oder ein glamour\u00f6ser Schulterriemen, der mit einem bezaubernden Blumendetail verziert ist, f\u00fcr zus\u00e4tzlichen Reiz. Das geschn\u00fcrte Korsett am R\u00fccken sorgt f\u00fcr eine ma\u00dfgeschneiderte Passform und verleiht dem Kleid einen Hauch von Vintage-Charme. Mit seiner k\u00f6niglichen Silhouette, den versteckten Taschen und den individuell anpassbaren Details verspricht dieses Kleid, die M\u00e4rchentr\u00e4ume jeder Braut zu erf\u00fcllen.","robots":{"index":"index","follow":"follow","max-snippet":"max-snippet:-1","max-image-preview":"max-image-preview:large","max-video-preview":"max-video-preview:-1"},"canonical":"https:\/\/www.koonings.com\/de\/product\/enzoani-pen-liv-charlean\/","og_locale":"de_DE","og_type":"article","og_title":"Enzoani Stift-Liv Charlean | Koonings","og_description":"Lassen Sie sich in CHARLEAN, das in luxuri\u00f6sem Mikado- oder Satinstoff erh\u00e4ltlich ist, in eine gl\u00fcckliche Braut verwandeln. Das Kleid kann mit zwei Tr\u00e4gern getragen werden: zierliche, schulterfreie Tr\u00e4ger f\u00fcr eine klassische \u00c4sthetik oder ein glamour\u00f6ser Schulterriemen, der mit einem bezaubernden Blumendetail verziert ist, f\u00fcr zus\u00e4tzlichen Reiz. Das geschn\u00fcrte Korsett am R\u00fccken sorgt f\u00fcr eine ma\u00dfgeschneiderte Passform und verleiht dem Kleid einen Hauch von Vintage-Charme. Mit seiner k\u00f6niglichen Silhouette, den versteckten Taschen und den individuell anpassbaren Details verspricht dieses Kleid, die M\u00e4rchentr\u00e4ume jeder Braut zu erf\u00fcllen.","og_url":"https:\/\/www.koonings.com\/de\/product\/enzoani-pen-liv-charlean\/","og_site_name":"Koonings","article_publisher":"https:\/\/www.facebook.com\/kooningstheweddingpalace","article_modified_time":"2026-02-03T18:16:17+00:00","og_image":[{"width":1035,"height":1380,"url":"https:\/\/www.koonings.com\/wp-content\/uploads\/2024\/11\/49112_9197ed8066cf83baa87d2398106eb939553eb1724eb2a8b57da8f66dc343a4bc1d8904a7.jpeg","type":"image\/jpeg"}],"twitter_card":"summary_large_image","twitter_misc":{"Gesch\u00e4tzte Lesezeit":"1\u00a0Minute"},"schema":{"@context":"https:\/\/schema.org","@graph":[{"@type":"WebPage","@id":"https:\/\/www.koonings.com\/de\/product\/enzoani-pen-liv-charlean\/","url":"https:\/\/www.koonings.com\/de\/product\/enzoani-pen-liv-charlean\/","name":"Enzoani Stift-Liv Charlean | Koonings","isPartOf":{"@id":"https:\/\/www.koonings.com\/de\/#website"},"primaryImageOfPage":{"@id":"https:\/\/www.koonings.com\/de\/product\/enzoani-pen-liv-charlean\/#primaryimage"},"image":{"@id":"https:\/\/www.koonings.com\/de\/product\/enzoani-pen-liv-charlean\/#primaryimage"},"thumbnailUrl":"https:\/\/www.koonings.com\/wp-content\/uploads\/2024\/11\/49112_9197ed8066cf83baa87d2398106eb939553eb1724eb2a8b57da8f66dc343a4bc1d8904a7.jpeg","datePublished":"2025-12-14T23:46:07+00:00","dateModified":"2026-02-03T18:16:17+00:00","description":"Lassen Sie sich in CHARLEAN, das in luxuri\u00f6sem Mikado- oder Satinstoff erh\u00e4ltlich ist, in eine gl\u00fcckliche Braut verwandeln. Das Kleid kann mit zwei Tr\u00e4gern getragen werden: zierliche, schulterfreie Tr\u00e4ger f\u00fcr eine klassische \u00c4sthetik oder ein glamour\u00f6ser Schulterriemen, der mit einem bezaubernden Blumendetail verziert ist, f\u00fcr zus\u00e4tzlichen Reiz. Das geschn\u00fcrte Korsett am R\u00fccken sorgt f\u00fcr eine ma\u00dfgeschneiderte Passform und verleiht dem Kleid einen Hauch von Vintage-Charme. Mit seiner k\u00f6niglichen Silhouette, den versteckten Taschen und den individuell anpassbaren Details verspricht dieses Kleid, die M\u00e4rchentr\u00e4ume jeder Braut zu erf\u00fcllen.","breadcrumb":{"@id":"https:\/\/www.koonings.com\/de\/product\/enzoani-pen-liv-charlean\/#breadcrumb"},"inLanguage":"de","potentialAction":[{"@type":"ReadAction","target":["https:\/\/www.koonings.com\/de\/product\/enzoani-pen-liv-charlean\/"]}]},{"@type":"ImageObject","inLanguage":"de","@id":"https:\/\/www.koonings.com\/de\/product\/enzoani-pen-liv-charlean\/#primaryimage","url":"https:\/\/www.koonings.com\/wp-content\/uploads\/2024\/11\/49112_9197ed8066cf83baa87d2398106eb939553eb1724eb2a8b57da8f66dc343a4bc1d8904a7.jpeg","contentUrl":"https:\/\/www.koonings.com\/wp-content\/uploads\/2024\/11\/49112_9197ed8066cf83baa87d2398106eb939553eb1724eb2a8b57da8f66dc343a4bc1d8904a7.jpeg","width":1035,"height":1380},{"@type":"BreadcrumbList","@id":"https:\/\/www.koonings.com\/de\/product\/enzoani-pen-liv-charlean\/#breadcrumb","itemListElement":[{"@type":"ListItem","position":1,"name":"Home","item":"https:\/\/www.koonings.com\/de\/"},{"@type":"ListItem","position":2,"name":"Enzoani Stift-Liv Charlean"}]},{"@type":"WebSite","@id":"https:\/\/www.koonings.com\/de\/#website","url":"https:\/\/www.koonings.com\/de\/","name":"Koonings","description":"De grootste bruidsmodewinkel ter wereld","publisher":{"@id":"https:\/\/www.koonings.com\/de\/#organization"},"potentialAction":[{"@type":"SearchAction","target":{"@type":"EntryPoint","urlTemplate":"https:\/\/www.koonings.com\/de\/?s={search_term_string}"},"query-input":{"@type":"PropertyValueSpecification","valueRequired":true,"valueName":"search_term_string"}}],"inLanguage":"de"},{"@type":"Organization","@id":"https:\/\/www.koonings.com\/de\/#organization","name":"Koonings","url":"https:\/\/www.koonings.com\/de\/","logo":{"@type":"ImageObject","inLanguage":"de","@id":"https:\/\/www.koonings.com\/de\/#\/schema\/logo\/image\/","url":"https:\/\/www.koonings.com\/wp-content\/uploads\/2024\/07\/logo.png","contentUrl":"https:\/\/www.koonings.com\/wp-content\/uploads\/2024\/07\/logo.png","width":600,"height":428,"caption":"Koonings"},"image":{"@id":"https:\/\/www.koonings.com\/de\/#\/schema\/logo\/image\/"},"sameAs":["https:\/\/www.facebook.com\/kooningstheweddingpalace","https:\/\/www.instagram.com\/kooningstheweddingpalace","https:\/\/www.pinterest.com\/koonings","https:\/\/www.youtube.com\/kooningstheweddingpalace"]}]}},"_links":{"self":[{"href":"https:\/\/www.koonings.com\/de\/wp-json\/wp\/v2\/product\/59925","targetHints":{"allow":["GET"]}}],"collection":[{"href":"https:\/\/www.koonings.com\/de\/wp-json\/wp\/v2\/product"}],"about":[{"href":"https:\/\/www.koonings.com\/de\/wp-json\/wp\/v2\/types\/product"}],"wp:featuredmedia":[{"embeddable":true,"href":"https:\/\/www.koonings.com\/de\/wp-json\/wp\/v2\/media\/55434"}],"wp:attachment":[{"href":"https:\/\/www.koonings.com\/de\/wp-json\/wp\/v2\/media?parent=59925"}],"wp:term":[{"taxonomy":"productdetails","embeddable":true,"href":"https:\/\/www.koonings.com\/de\/wp-json\/wp\/v2\/productdetails?post=59925"},{"taxonomy":"productneck","embeddable":true,"href":"https:\/\/www.koonings.com\/de\/wp-json\/wp\/v2\/productneck?post=59925"},{"taxonomy":"productcolor","embeddable":true,"href":"https:\/\/www.koonings.com\/de\/wp-json\/wp\/v2\/productcolor?post=59925"},{"taxonomy":"maat","embeddable":true,"href":"https:\/\/www.koonings.com\/de\/wp-json\/wp\/v2\/maat?post=59925"},{"taxonomy":"productsupplier","embeddable":true,"href":"https:\/\/www.koonings.com\/de\/wp-json\/wp\/v2\/productsupplier?post=59925"},{"taxonomy":"productsleeve","embeddable":true,"href":"https:\/\/www.koonings.com\/de\/wp-json\/wp\/v2\/productsleeve?post=59925"},{"taxonomy":"productcategory","embeddable":true,"href":"https:\/\/www.koonings.com\/de\/wp-json\/wp\/v2\/productcategory?post=59925"},{"taxonomy":"productsilhouette","embeddable":true,"href":"https:\/\/www.koonings.com\/de\/wp-json\/wp\/v2\/productsilhouette?post=59925"},{"taxonomy":"productstyle","embeddable":true,"href":"https:\/\/www.koonings.com\/de\/wp-json\/wp\/v2\/productstyle?post=59925"}],"curies":[{"name":"wp","href":"https:\/\/api.w.org\/{rel}","templated":true}]}}