{"id":59923,"date":"2025-12-15T00:46:08","date_gmt":"2025-12-14T23:46:08","guid":{"rendered":"https:\/\/www.koonings.com\/product\/enzoani-pen-liv-abbey-2\/"},"modified":"2026-02-03T19:16:24","modified_gmt":"2026-02-03T18:16:24","slug":"enzoani-pen-liv-abbey-2","status":"publish","type":"product","link":"https:\/\/www.koonings.com\/de\/product\/enzoani-pen-liv-abbey-2\/","title":{"rendered":"Enzoani Stift-Liv Abbey"},"content":{"rendered":"<p>Verlieben Sie sich in die prachtvollen Verzierungen und Details von ABBEY. Das Mieder und der Rock sind mit brillanter, lasergeschnittener 3D-Spitze mit Blumenbl\u00fcten bestickt. Wenn Sie zum Rock hinuntergehen, werden Sie die vertr\u00e4umten Lagen aus T\u00fcll, T\u00fcll und Organza mit Pailletten bemerken, die alle Blicke auf sich ziehen werden. Neben einem sexy Schlitz an der Vorderseite wird der tiefe R\u00fccken in diese A-Linien-Silhouette eingebunden und verleiht ihr ein modernes Flair.   <\/p>\n","protected":false},"featured_media":55460,"template":"","meta":{"_acf_changed":false,"ghostkit_customizer_options":"","ghostkit_custom_css":"","ghostkit_custom_js_head":"","ghostkit_custom_js_foot":"","ghostkit_typography":""},"productdetails":[379,377,376,378,381],"productneck":[356],"productcolor":[393,392],"maat":[],"productsupplier":[443],"productsleeve":[359],"productcategory":[18],"productsilhouette":[384],"productstyle":[366,370],"class_list":["post-59923","product","type-product","status-publish","has-post-thumbnail","hentry","productdetails-379","productdetails-377","productdetails-376","productdetails-378","productdetails-381","productneck-356","productcolor-393","productcolor-392","productsupplier-enzoani-pen-liv","productsleeve-359","productcategory-trouwjurken","productsilhouette-384","productstyle-366","productstyle-370"],"acf":[],"yoast_head":"<!-- This site is optimized with the Yoast SEO plugin v27.3 - https:\/\/yoast.com\/product\/yoast-seo-wordpress\/ -->\n<title>Enzoani Stift-Liv Abbey | Koonings<\/title>\n<meta name=\"description\" content=\"Verlieben Sie sich in die prachtvollen Verzierungen und Details von ABBEY. Das Mieder und der Rock sind mit brillanter, lasergeschnittener 3D-Spitze mit Blumenbl\u00fcten bestickt. Wenn Sie zum Rock hinuntergehen, werden Sie die vertr\u00e4umten Lagen aus T\u00fcll, T\u00fcll und Organza mit Pailletten bemerken, die alle Blicke auf sich ziehen werden. Neben einem sexy Schlitz an der Vorderseite wird der tiefe R\u00fccken in diese A-Linien-Silhouette eingebunden und verleiht ihr ein modernes Flair.\" \/>\n<meta name=\"robots\" content=\"index, follow, max-snippet:-1, max-image-preview:large, max-video-preview:-1\" \/>\n<link rel=\"canonical\" href=\"https:\/\/www.koonings.com\/de\/product\/enzoani-pen-liv-abbey-2\/\" \/>\n<meta property=\"og:locale\" content=\"de_DE\" \/>\n<meta property=\"og:type\" content=\"article\" \/>\n<meta property=\"og:title\" content=\"Enzoani Stift-Liv Abbey | Koonings\" \/>\n<meta property=\"og:description\" content=\"Verlieben Sie sich in die prachtvollen Verzierungen und Details von ABBEY. Das Mieder und der Rock sind mit brillanter, lasergeschnittener 3D-Spitze mit Blumenbl\u00fcten bestickt. Wenn Sie zum Rock hinuntergehen, werden Sie die vertr\u00e4umten Lagen aus T\u00fcll, T\u00fcll und Organza mit Pailletten bemerken, die alle Blicke auf sich ziehen werden. Neben einem sexy Schlitz an der Vorderseite wird der tiefe R\u00fccken in diese A-Linien-Silhouette eingebunden und verleiht ihr ein modernes Flair.\" \/>\n<meta property=\"og:url\" content=\"https:\/\/www.koonings.com\/de\/product\/enzoani-pen-liv-abbey-2\/\" \/>\n<meta property=\"og:site_name\" content=\"Koonings\" \/>\n<meta property=\"article:publisher\" content=\"https:\/\/www.facebook.com\/kooningstheweddingpalace\" \/>\n<meta property=\"article:modified_time\" content=\"2026-02-03T18:16:24+00:00\" \/>\n<meta property=\"og:image\" content=\"https:\/\/www.koonings.com\/wp-content\/uploads\/2024\/11\/49114_e70faa84b77ea6a279f023659e637c7b155dfb62d732be4b80d4d77b7ac708d40a6c39ac.jpeg\" \/>\n\t<meta property=\"og:image:width\" content=\"1035\" \/>\n\t<meta property=\"og:image:height\" content=\"1380\" \/>\n\t<meta property=\"og:image:type\" content=\"image\/jpeg\" \/>\n<meta name=\"twitter:card\" content=\"summary_large_image\" \/>\n<script type=\"application\/ld+json\" class=\"yoast-schema-graph\">{\"@context\":\"https:\\\/\\\/schema.org\",\"@graph\":[{\"@type\":\"WebPage\",\"@id\":\"https:\\\/\\\/www.koonings.com\\\/de\\\/product\\\/enzoani-pen-liv-abbey-2\\\/\",\"url\":\"https:\\\/\\\/www.koonings.com\\\/de\\\/product\\\/enzoani-pen-liv-abbey-2\\\/\",\"name\":\"Enzoani Stift-Liv Abbey | Koonings\",\"isPartOf\":{\"@id\":\"https:\\\/\\\/www.koonings.com\\\/de\\\/#website\"},\"primaryImageOfPage\":{\"@id\":\"https:\\\/\\\/www.koonings.com\\\/de\\\/product\\\/enzoani-pen-liv-abbey-2\\\/#primaryimage\"},\"image\":{\"@id\":\"https:\\\/\\\/www.koonings.com\\\/de\\\/product\\\/enzoani-pen-liv-abbey-2\\\/#primaryimage\"},\"thumbnailUrl\":\"https:\\\/\\\/www.koonings.com\\\/wp-content\\\/uploads\\\/2024\\\/11\\\/49114_e70faa84b77ea6a279f023659e637c7b155dfb62d732be4b80d4d77b7ac708d40a6c39ac.jpeg\",\"datePublished\":\"2025-12-14T23:46:08+00:00\",\"dateModified\":\"2026-02-03T18:16:24+00:00\",\"description\":\"Verlieben Sie sich in die prachtvollen Verzierungen und Details von ABBEY. Das Mieder und der Rock sind mit brillanter, lasergeschnittener 3D-Spitze mit Blumenbl\u00fcten bestickt. Wenn Sie zum Rock hinuntergehen, werden Sie die vertr\u00e4umten Lagen aus T\u00fcll, T\u00fcll und Organza mit Pailletten bemerken, die alle Blicke auf sich ziehen werden. Neben einem sexy Schlitz an der Vorderseite wird der tiefe R\u00fccken in diese A-Linien-Silhouette eingebunden und verleiht ihr ein modernes Flair.\",\"breadcrumb\":{\"@id\":\"https:\\\/\\\/www.koonings.com\\\/de\\\/product\\\/enzoani-pen-liv-abbey-2\\\/#breadcrumb\"},\"inLanguage\":\"de\",\"potentialAction\":[{\"@type\":\"ReadAction\",\"target\":[\"https:\\\/\\\/www.koonings.com\\\/de\\\/product\\\/enzoani-pen-liv-abbey-2\\\/\"]}]},{\"@type\":\"ImageObject\",\"inLanguage\":\"de\",\"@id\":\"https:\\\/\\\/www.koonings.com\\\/de\\\/product\\\/enzoani-pen-liv-abbey-2\\\/#primaryimage\",\"url\":\"https:\\\/\\\/www.koonings.com\\\/wp-content\\\/uploads\\\/2024\\\/11\\\/49114_e70faa84b77ea6a279f023659e637c7b155dfb62d732be4b80d4d77b7ac708d40a6c39ac.jpeg\",\"contentUrl\":\"https:\\\/\\\/www.koonings.com\\\/wp-content\\\/uploads\\\/2024\\\/11\\\/49114_e70faa84b77ea6a279f023659e637c7b155dfb62d732be4b80d4d77b7ac708d40a6c39ac.jpeg\",\"width\":1035,\"height\":1380},{\"@type\":\"BreadcrumbList\",\"@id\":\"https:\\\/\\\/www.koonings.com\\\/de\\\/product\\\/enzoani-pen-liv-abbey-2\\\/#breadcrumb\",\"itemListElement\":[{\"@type\":\"ListItem\",\"position\":1,\"name\":\"Home\",\"item\":\"https:\\\/\\\/www.koonings.com\\\/de\\\/\"},{\"@type\":\"ListItem\",\"position\":2,\"name\":\"Enzoani Stift-Liv Abbey\"}]},{\"@type\":\"WebSite\",\"@id\":\"https:\\\/\\\/www.koonings.com\\\/de\\\/#website\",\"url\":\"https:\\\/\\\/www.koonings.com\\\/de\\\/\",\"name\":\"Koonings\",\"description\":\"De grootste bruidsmodewinkel ter wereld\",\"publisher\":{\"@id\":\"https:\\\/\\\/www.koonings.com\\\/de\\\/#organization\"},\"potentialAction\":[{\"@type\":\"SearchAction\",\"target\":{\"@type\":\"EntryPoint\",\"urlTemplate\":\"https:\\\/\\\/www.koonings.com\\\/de\\\/?s={search_term_string}\"},\"query-input\":{\"@type\":\"PropertyValueSpecification\",\"valueRequired\":true,\"valueName\":\"search_term_string\"}}],\"inLanguage\":\"de\"},{\"@type\":\"Organization\",\"@id\":\"https:\\\/\\\/www.koonings.com\\\/de\\\/#organization\",\"name\":\"Koonings\",\"url\":\"https:\\\/\\\/www.koonings.com\\\/de\\\/\",\"logo\":{\"@type\":\"ImageObject\",\"inLanguage\":\"de\",\"@id\":\"https:\\\/\\\/www.koonings.com\\\/de\\\/#\\\/schema\\\/logo\\\/image\\\/\",\"url\":\"https:\\\/\\\/www.koonings.com\\\/wp-content\\\/uploads\\\/2024\\\/07\\\/logo.png\",\"contentUrl\":\"https:\\\/\\\/www.koonings.com\\\/wp-content\\\/uploads\\\/2024\\\/07\\\/logo.png\",\"width\":600,\"height\":428,\"caption\":\"Koonings\"},\"image\":{\"@id\":\"https:\\\/\\\/www.koonings.com\\\/de\\\/#\\\/schema\\\/logo\\\/image\\\/\"},\"sameAs\":[\"https:\\\/\\\/www.facebook.com\\\/kooningstheweddingpalace\",\"https:\\\/\\\/www.instagram.com\\\/kooningstheweddingpalace\",\"https:\\\/\\\/www.pinterest.com\\\/koonings\",\"https:\\\/\\\/www.youtube.com\\\/kooningstheweddingpalace\"]}]}<\/script>\n<!-- \/ Yoast SEO plugin. -->","yoast_head_json":{"title":"Enzoani Stift-Liv Abbey | Koonings","description":"Verlieben Sie sich in die prachtvollen Verzierungen und Details von ABBEY. Das Mieder und der Rock sind mit brillanter, lasergeschnittener 3D-Spitze mit Blumenbl\u00fcten bestickt. Wenn Sie zum Rock hinuntergehen, werden Sie die vertr\u00e4umten Lagen aus T\u00fcll, T\u00fcll und Organza mit Pailletten bemerken, die alle Blicke auf sich ziehen werden. Neben einem sexy Schlitz an der Vorderseite wird der tiefe R\u00fccken in diese A-Linien-Silhouette eingebunden und verleiht ihr ein modernes Flair.","robots":{"index":"index","follow":"follow","max-snippet":"max-snippet:-1","max-image-preview":"max-image-preview:large","max-video-preview":"max-video-preview:-1"},"canonical":"https:\/\/www.koonings.com\/de\/product\/enzoani-pen-liv-abbey-2\/","og_locale":"de_DE","og_type":"article","og_title":"Enzoani Stift-Liv Abbey | Koonings","og_description":"Verlieben Sie sich in die prachtvollen Verzierungen und Details von ABBEY. Das Mieder und der Rock sind mit brillanter, lasergeschnittener 3D-Spitze mit Blumenbl\u00fcten bestickt. Wenn Sie zum Rock hinuntergehen, werden Sie die vertr\u00e4umten Lagen aus T\u00fcll, T\u00fcll und Organza mit Pailletten bemerken, die alle Blicke auf sich ziehen werden. Neben einem sexy Schlitz an der Vorderseite wird der tiefe R\u00fccken in diese A-Linien-Silhouette eingebunden und verleiht ihr ein modernes Flair.","og_url":"https:\/\/www.koonings.com\/de\/product\/enzoani-pen-liv-abbey-2\/","og_site_name":"Koonings","article_publisher":"https:\/\/www.facebook.com\/kooningstheweddingpalace","article_modified_time":"2026-02-03T18:16:24+00:00","og_image":[{"width":1035,"height":1380,"url":"https:\/\/www.koonings.com\/wp-content\/uploads\/2024\/11\/49114_e70faa84b77ea6a279f023659e637c7b155dfb62d732be4b80d4d77b7ac708d40a6c39ac.jpeg","type":"image\/jpeg"}],"twitter_card":"summary_large_image","schema":{"@context":"https:\/\/schema.org","@graph":[{"@type":"WebPage","@id":"https:\/\/www.koonings.com\/de\/product\/enzoani-pen-liv-abbey-2\/","url":"https:\/\/www.koonings.com\/de\/product\/enzoani-pen-liv-abbey-2\/","name":"Enzoani Stift-Liv Abbey | Koonings","isPartOf":{"@id":"https:\/\/www.koonings.com\/de\/#website"},"primaryImageOfPage":{"@id":"https:\/\/www.koonings.com\/de\/product\/enzoani-pen-liv-abbey-2\/#primaryimage"},"image":{"@id":"https:\/\/www.koonings.com\/de\/product\/enzoani-pen-liv-abbey-2\/#primaryimage"},"thumbnailUrl":"https:\/\/www.koonings.com\/wp-content\/uploads\/2024\/11\/49114_e70faa84b77ea6a279f023659e637c7b155dfb62d732be4b80d4d77b7ac708d40a6c39ac.jpeg","datePublished":"2025-12-14T23:46:08+00:00","dateModified":"2026-02-03T18:16:24+00:00","description":"Verlieben Sie sich in die prachtvollen Verzierungen und Details von ABBEY. Das Mieder und der Rock sind mit brillanter, lasergeschnittener 3D-Spitze mit Blumenbl\u00fcten bestickt. Wenn Sie zum Rock hinuntergehen, werden Sie die vertr\u00e4umten Lagen aus T\u00fcll, T\u00fcll und Organza mit Pailletten bemerken, die alle Blicke auf sich ziehen werden. Neben einem sexy Schlitz an der Vorderseite wird der tiefe R\u00fccken in diese A-Linien-Silhouette eingebunden und verleiht ihr ein modernes Flair.","breadcrumb":{"@id":"https:\/\/www.koonings.com\/de\/product\/enzoani-pen-liv-abbey-2\/#breadcrumb"},"inLanguage":"de","potentialAction":[{"@type":"ReadAction","target":["https:\/\/www.koonings.com\/de\/product\/enzoani-pen-liv-abbey-2\/"]}]},{"@type":"ImageObject","inLanguage":"de","@id":"https:\/\/www.koonings.com\/de\/product\/enzoani-pen-liv-abbey-2\/#primaryimage","url":"https:\/\/www.koonings.com\/wp-content\/uploads\/2024\/11\/49114_e70faa84b77ea6a279f023659e637c7b155dfb62d732be4b80d4d77b7ac708d40a6c39ac.jpeg","contentUrl":"https:\/\/www.koonings.com\/wp-content\/uploads\/2024\/11\/49114_e70faa84b77ea6a279f023659e637c7b155dfb62d732be4b80d4d77b7ac708d40a6c39ac.jpeg","width":1035,"height":1380},{"@type":"BreadcrumbList","@id":"https:\/\/www.koonings.com\/de\/product\/enzoani-pen-liv-abbey-2\/#breadcrumb","itemListElement":[{"@type":"ListItem","position":1,"name":"Home","item":"https:\/\/www.koonings.com\/de\/"},{"@type":"ListItem","position":2,"name":"Enzoani Stift-Liv Abbey"}]},{"@type":"WebSite","@id":"https:\/\/www.koonings.com\/de\/#website","url":"https:\/\/www.koonings.com\/de\/","name":"Koonings","description":"De grootste bruidsmodewinkel ter wereld","publisher":{"@id":"https:\/\/www.koonings.com\/de\/#organization"},"potentialAction":[{"@type":"SearchAction","target":{"@type":"EntryPoint","urlTemplate":"https:\/\/www.koonings.com\/de\/?s={search_term_string}"},"query-input":{"@type":"PropertyValueSpecification","valueRequired":true,"valueName":"search_term_string"}}],"inLanguage":"de"},{"@type":"Organization","@id":"https:\/\/www.koonings.com\/de\/#organization","name":"Koonings","url":"https:\/\/www.koonings.com\/de\/","logo":{"@type":"ImageObject","inLanguage":"de","@id":"https:\/\/www.koonings.com\/de\/#\/schema\/logo\/image\/","url":"https:\/\/www.koonings.com\/wp-content\/uploads\/2024\/07\/logo.png","contentUrl":"https:\/\/www.koonings.com\/wp-content\/uploads\/2024\/07\/logo.png","width":600,"height":428,"caption":"Koonings"},"image":{"@id":"https:\/\/www.koonings.com\/de\/#\/schema\/logo\/image\/"},"sameAs":["https:\/\/www.facebook.com\/kooningstheweddingpalace","https:\/\/www.instagram.com\/kooningstheweddingpalace","https:\/\/www.pinterest.com\/koonings","https:\/\/www.youtube.com\/kooningstheweddingpalace"]}]}},"_links":{"self":[{"href":"https:\/\/www.koonings.com\/de\/wp-json\/wp\/v2\/product\/59923","targetHints":{"allow":["GET"]}}],"collection":[{"href":"https:\/\/www.koonings.com\/de\/wp-json\/wp\/v2\/product"}],"about":[{"href":"https:\/\/www.koonings.com\/de\/wp-json\/wp\/v2\/types\/product"}],"wp:featuredmedia":[{"embeddable":true,"href":"https:\/\/www.koonings.com\/de\/wp-json\/wp\/v2\/media\/55460"}],"wp:attachment":[{"href":"https:\/\/www.koonings.com\/de\/wp-json\/wp\/v2\/media?parent=59923"}],"wp:term":[{"taxonomy":"productdetails","embeddable":true,"href":"https:\/\/www.koonings.com\/de\/wp-json\/wp\/v2\/productdetails?post=59923"},{"taxonomy":"productneck","embeddable":true,"href":"https:\/\/www.koonings.com\/de\/wp-json\/wp\/v2\/productneck?post=59923"},{"taxonomy":"productcolor","embeddable":true,"href":"https:\/\/www.koonings.com\/de\/wp-json\/wp\/v2\/productcolor?post=59923"},{"taxonomy":"maat","embeddable":true,"href":"https:\/\/www.koonings.com\/de\/wp-json\/wp\/v2\/maat?post=59923"},{"taxonomy":"productsupplier","embeddable":true,"href":"https:\/\/www.koonings.com\/de\/wp-json\/wp\/v2\/productsupplier?post=59923"},{"taxonomy":"productsleeve","embeddable":true,"href":"https:\/\/www.koonings.com\/de\/wp-json\/wp\/v2\/productsleeve?post=59923"},{"taxonomy":"productcategory","embeddable":true,"href":"https:\/\/www.koonings.com\/de\/wp-json\/wp\/v2\/productcategory?post=59923"},{"taxonomy":"productsilhouette","embeddable":true,"href":"https:\/\/www.koonings.com\/de\/wp-json\/wp\/v2\/productsilhouette?post=59923"},{"taxonomy":"productstyle","embeddable":true,"href":"https:\/\/www.koonings.com\/de\/wp-json\/wp\/v2\/productstyle?post=59923"}],"curies":[{"name":"wp","href":"https:\/\/api.w.org\/{rel}","templated":true}]}}