{"id":59915,"date":"2026-04-14T16:30:07","date_gmt":"2026-04-14T14:30:07","guid":{"rendered":"https:\/\/www.koonings.com\/product\/enzoani-pen-liv-berkley\/"},"modified":"2025-06-05T13:17:00","modified_gmt":"2025-06-05T11:17:00","slug":"enzoani-pen-liv-berkley","status":"publish","type":"product","link":"https:\/\/www.koonings.com\/de\/product\/enzoani-pen-liv-berkley\/","title":{"rendered":"Enzoani Pen-Liv Berkley"},"content":{"rendered":"<p>BERKLEY ist ein bezauberndes Kleid von Kopf bis Fu\u00df, beginnend mit dem modernen Mieder mit quadratischem Ausschnitt, einer neuen Schnittf\u00fchrung im Dessous-Stil und einem Illusionskorsett am R\u00fccken. Dieses raffinierte Meerjungfrauenkleid ist vollst\u00e4ndig mit floraler 3D-Spitze und einer Vielzahl von Glasperlen und Pailletten verziert. Es gibt so viele raffinierte Details in diesem Kleid, die bis hin zu der atemberaubenden Schleppe aus T\u00fcll, Chiffon und Glitzert\u00fcll zu sehen sind.  <\/p>\n","protected":false},"featured_media":55503,"template":"","meta":{"_acf_changed":false,"ghostkit_customizer_options":"","ghostkit_custom_css":"","ghostkit_custom_js_head":"","ghostkit_custom_js_foot":"","ghostkit_typography":""},"productdetails":[377,381],"productneck":[352],"productcolor":[393,392],"maat":[],"productsupplier":[443],"productsleeve":[359],"productcategory":[18],"productsilhouette":[387],"productstyle":[366],"class_list":["post-59915","product","type-product","status-publish","has-post-thumbnail","hentry","productdetails-377","productdetails-381","productneck-352","productcolor-393","productcolor-392","productsupplier-enzoani-pen-liv","productsleeve-359","productcategory-trouwjurken","productsilhouette-387","productstyle-366"],"acf":[],"yoast_head":"<!-- This site is optimized with the Yoast SEO plugin v27.3 - https:\/\/yoast.com\/product\/yoast-seo-wordpress\/ -->\n<title>Enzoani Pen-Liv Berkley | Koonings<\/title>\n<meta name=\"description\" content=\"BERKLEY ist ein bezauberndes Kleid von Kopf bis Fu\u00df, beginnend mit dem modernen Mieder mit quadratischem Ausschnitt, einer neuen Schnittf\u00fchrung im Dessous-Stil und einem Illusionskorsett am R\u00fccken. Dieses raffinierte Meerjungfrauenkleid ist vollst\u00e4ndig mit floraler 3D-Spitze und einer Vielzahl von Glasperlen und Pailletten verziert. Es gibt so viele raffinierte Details in diesem Kleid, die bis hin zu der atemberaubenden Schleppe aus T\u00fcll, Chiffon und Glitzert\u00fcll zu sehen sind.\" \/>\n<meta name=\"robots\" content=\"index, follow, max-snippet:-1, max-image-preview:large, max-video-preview:-1\" \/>\n<link rel=\"canonical\" href=\"https:\/\/www.koonings.com\/de\/product\/enzoani-pen-liv-berkley\/\" \/>\n<meta property=\"og:locale\" content=\"de_DE\" \/>\n<meta property=\"og:type\" content=\"article\" \/>\n<meta property=\"og:title\" content=\"Enzoani Pen-Liv Berkley | Koonings\" \/>\n<meta property=\"og:description\" content=\"BERKLEY ist ein bezauberndes Kleid von Kopf bis Fu\u00df, beginnend mit dem modernen Mieder mit quadratischem Ausschnitt, einer neuen Schnittf\u00fchrung im Dessous-Stil und einem Illusionskorsett am R\u00fccken. Dieses raffinierte Meerjungfrauenkleid ist vollst\u00e4ndig mit floraler 3D-Spitze und einer Vielzahl von Glasperlen und Pailletten verziert. Es gibt so viele raffinierte Details in diesem Kleid, die bis hin zu der atemberaubenden Schleppe aus T\u00fcll, Chiffon und Glitzert\u00fcll zu sehen sind.\" \/>\n<meta property=\"og:url\" content=\"https:\/\/www.koonings.com\/de\/product\/enzoani-pen-liv-berkley\/\" \/>\n<meta property=\"og:site_name\" content=\"Koonings\" \/>\n<meta property=\"article:publisher\" content=\"https:\/\/www.facebook.com\/kooningstheweddingpalace\" \/>\n<meta property=\"og:image\" content=\"https:\/\/www.koonings.com\/wp-content\/uploads\/2024\/11\/49117_537521fcfcdc589a753fa398378fa7c4f595c5a628c2813d4f200eeb355a9e75fd7cd005.jpeg\" \/>\n\t<meta property=\"og:image:width\" content=\"1035\" \/>\n\t<meta property=\"og:image:height\" content=\"1380\" \/>\n\t<meta property=\"og:image:type\" content=\"image\/jpeg\" \/>\n<meta name=\"twitter:card\" content=\"summary_large_image\" \/>\n<script type=\"application\/ld+json\" class=\"yoast-schema-graph\">{\"@context\":\"https:\\\/\\\/schema.org\",\"@graph\":[{\"@type\":\"WebPage\",\"@id\":\"https:\\\/\\\/www.koonings.com\\\/de\\\/product\\\/enzoani-pen-liv-berkley\\\/\",\"url\":\"https:\\\/\\\/www.koonings.com\\\/de\\\/product\\\/enzoani-pen-liv-berkley\\\/\",\"name\":\"Enzoani Pen-Liv Berkley | Koonings\",\"isPartOf\":{\"@id\":\"https:\\\/\\\/www.koonings.com\\\/de\\\/#website\"},\"primaryImageOfPage\":{\"@id\":\"https:\\\/\\\/www.koonings.com\\\/de\\\/product\\\/enzoani-pen-liv-berkley\\\/#primaryimage\"},\"image\":{\"@id\":\"https:\\\/\\\/www.koonings.com\\\/de\\\/product\\\/enzoani-pen-liv-berkley\\\/#primaryimage\"},\"thumbnailUrl\":\"https:\\\/\\\/www.koonings.com\\\/wp-content\\\/uploads\\\/2024\\\/11\\\/49117_537521fcfcdc589a753fa398378fa7c4f595c5a628c2813d4f200eeb355a9e75fd7cd005.jpeg\",\"datePublished\":\"2026-04-14T14:30:07+00:00\",\"description\":\"BERKLEY ist ein bezauberndes Kleid von Kopf bis Fu\u00df, beginnend mit dem modernen Mieder mit quadratischem Ausschnitt, einer neuen Schnittf\u00fchrung im Dessous-Stil und einem Illusionskorsett am R\u00fccken. Dieses raffinierte Meerjungfrauenkleid ist vollst\u00e4ndig mit floraler 3D-Spitze und einer Vielzahl von Glasperlen und Pailletten verziert. Es gibt so viele raffinierte Details in diesem Kleid, die bis hin zu der atemberaubenden Schleppe aus T\u00fcll, Chiffon und Glitzert\u00fcll zu sehen sind.\",\"breadcrumb\":{\"@id\":\"https:\\\/\\\/www.koonings.com\\\/de\\\/product\\\/enzoani-pen-liv-berkley\\\/#breadcrumb\"},\"inLanguage\":\"de\",\"potentialAction\":[{\"@type\":\"ReadAction\",\"target\":[\"https:\\\/\\\/www.koonings.com\\\/de\\\/product\\\/enzoani-pen-liv-berkley\\\/\"]}]},{\"@type\":\"ImageObject\",\"inLanguage\":\"de\",\"@id\":\"https:\\\/\\\/www.koonings.com\\\/de\\\/product\\\/enzoani-pen-liv-berkley\\\/#primaryimage\",\"url\":\"https:\\\/\\\/www.koonings.com\\\/wp-content\\\/uploads\\\/2024\\\/11\\\/49117_537521fcfcdc589a753fa398378fa7c4f595c5a628c2813d4f200eeb355a9e75fd7cd005.jpeg\",\"contentUrl\":\"https:\\\/\\\/www.koonings.com\\\/wp-content\\\/uploads\\\/2024\\\/11\\\/49117_537521fcfcdc589a753fa398378fa7c4f595c5a628c2813d4f200eeb355a9e75fd7cd005.jpeg\",\"width\":1035,\"height\":1380},{\"@type\":\"BreadcrumbList\",\"@id\":\"https:\\\/\\\/www.koonings.com\\\/de\\\/product\\\/enzoani-pen-liv-berkley\\\/#breadcrumb\",\"itemListElement\":[{\"@type\":\"ListItem\",\"position\":1,\"name\":\"Home\",\"item\":\"https:\\\/\\\/www.koonings.com\\\/de\\\/\"},{\"@type\":\"ListItem\",\"position\":2,\"name\":\"Enzoani Pen-Liv Berkley\"}]},{\"@type\":\"WebSite\",\"@id\":\"https:\\\/\\\/www.koonings.com\\\/de\\\/#website\",\"url\":\"https:\\\/\\\/www.koonings.com\\\/de\\\/\",\"name\":\"Koonings\",\"description\":\"De grootste bruidsmodewinkel ter wereld\",\"publisher\":{\"@id\":\"https:\\\/\\\/www.koonings.com\\\/de\\\/#organization\"},\"potentialAction\":[{\"@type\":\"SearchAction\",\"target\":{\"@type\":\"EntryPoint\",\"urlTemplate\":\"https:\\\/\\\/www.koonings.com\\\/de\\\/?s={search_term_string}\"},\"query-input\":{\"@type\":\"PropertyValueSpecification\",\"valueRequired\":true,\"valueName\":\"search_term_string\"}}],\"inLanguage\":\"de\"},{\"@type\":\"Organization\",\"@id\":\"https:\\\/\\\/www.koonings.com\\\/de\\\/#organization\",\"name\":\"Koonings\",\"url\":\"https:\\\/\\\/www.koonings.com\\\/de\\\/\",\"logo\":{\"@type\":\"ImageObject\",\"inLanguage\":\"de\",\"@id\":\"https:\\\/\\\/www.koonings.com\\\/de\\\/#\\\/schema\\\/logo\\\/image\\\/\",\"url\":\"https:\\\/\\\/www.koonings.com\\\/wp-content\\\/uploads\\\/2024\\\/07\\\/logo.png\",\"contentUrl\":\"https:\\\/\\\/www.koonings.com\\\/wp-content\\\/uploads\\\/2024\\\/07\\\/logo.png\",\"width\":600,\"height\":428,\"caption\":\"Koonings\"},\"image\":{\"@id\":\"https:\\\/\\\/www.koonings.com\\\/de\\\/#\\\/schema\\\/logo\\\/image\\\/\"},\"sameAs\":[\"https:\\\/\\\/www.facebook.com\\\/kooningstheweddingpalace\",\"https:\\\/\\\/www.instagram.com\\\/kooningstheweddingpalace\",\"https:\\\/\\\/www.pinterest.com\\\/koonings\",\"https:\\\/\\\/www.youtube.com\\\/kooningstheweddingpalace\"]}]}<\/script>\n<!-- \/ Yoast SEO plugin. -->","yoast_head_json":{"title":"Enzoani Pen-Liv Berkley | Koonings","description":"BERKLEY ist ein bezauberndes Kleid von Kopf bis Fu\u00df, beginnend mit dem modernen Mieder mit quadratischem Ausschnitt, einer neuen Schnittf\u00fchrung im Dessous-Stil und einem Illusionskorsett am R\u00fccken. Dieses raffinierte Meerjungfrauenkleid ist vollst\u00e4ndig mit floraler 3D-Spitze und einer Vielzahl von Glasperlen und Pailletten verziert. Es gibt so viele raffinierte Details in diesem Kleid, die bis hin zu der atemberaubenden Schleppe aus T\u00fcll, Chiffon und Glitzert\u00fcll zu sehen sind.","robots":{"index":"index","follow":"follow","max-snippet":"max-snippet:-1","max-image-preview":"max-image-preview:large","max-video-preview":"max-video-preview:-1"},"canonical":"https:\/\/www.koonings.com\/de\/product\/enzoani-pen-liv-berkley\/","og_locale":"de_DE","og_type":"article","og_title":"Enzoani Pen-Liv Berkley | Koonings","og_description":"BERKLEY ist ein bezauberndes Kleid von Kopf bis Fu\u00df, beginnend mit dem modernen Mieder mit quadratischem Ausschnitt, einer neuen Schnittf\u00fchrung im Dessous-Stil und einem Illusionskorsett am R\u00fccken. Dieses raffinierte Meerjungfrauenkleid ist vollst\u00e4ndig mit floraler 3D-Spitze und einer Vielzahl von Glasperlen und Pailletten verziert. Es gibt so viele raffinierte Details in diesem Kleid, die bis hin zu der atemberaubenden Schleppe aus T\u00fcll, Chiffon und Glitzert\u00fcll zu sehen sind.","og_url":"https:\/\/www.koonings.com\/de\/product\/enzoani-pen-liv-berkley\/","og_site_name":"Koonings","article_publisher":"https:\/\/www.facebook.com\/kooningstheweddingpalace","og_image":[{"width":1035,"height":1380,"url":"https:\/\/www.koonings.com\/wp-content\/uploads\/2024\/11\/49117_537521fcfcdc589a753fa398378fa7c4f595c5a628c2813d4f200eeb355a9e75fd7cd005.jpeg","type":"image\/jpeg"}],"twitter_card":"summary_large_image","schema":{"@context":"https:\/\/schema.org","@graph":[{"@type":"WebPage","@id":"https:\/\/www.koonings.com\/de\/product\/enzoani-pen-liv-berkley\/","url":"https:\/\/www.koonings.com\/de\/product\/enzoani-pen-liv-berkley\/","name":"Enzoani Pen-Liv Berkley | Koonings","isPartOf":{"@id":"https:\/\/www.koonings.com\/de\/#website"},"primaryImageOfPage":{"@id":"https:\/\/www.koonings.com\/de\/product\/enzoani-pen-liv-berkley\/#primaryimage"},"image":{"@id":"https:\/\/www.koonings.com\/de\/product\/enzoani-pen-liv-berkley\/#primaryimage"},"thumbnailUrl":"https:\/\/www.koonings.com\/wp-content\/uploads\/2024\/11\/49117_537521fcfcdc589a753fa398378fa7c4f595c5a628c2813d4f200eeb355a9e75fd7cd005.jpeg","datePublished":"2026-04-14T14:30:07+00:00","description":"BERKLEY ist ein bezauberndes Kleid von Kopf bis Fu\u00df, beginnend mit dem modernen Mieder mit quadratischem Ausschnitt, einer neuen Schnittf\u00fchrung im Dessous-Stil und einem Illusionskorsett am R\u00fccken. Dieses raffinierte Meerjungfrauenkleid ist vollst\u00e4ndig mit floraler 3D-Spitze und einer Vielzahl von Glasperlen und Pailletten verziert. Es gibt so viele raffinierte Details in diesem Kleid, die bis hin zu der atemberaubenden Schleppe aus T\u00fcll, Chiffon und Glitzert\u00fcll zu sehen sind.","breadcrumb":{"@id":"https:\/\/www.koonings.com\/de\/product\/enzoani-pen-liv-berkley\/#breadcrumb"},"inLanguage":"de","potentialAction":[{"@type":"ReadAction","target":["https:\/\/www.koonings.com\/de\/product\/enzoani-pen-liv-berkley\/"]}]},{"@type":"ImageObject","inLanguage":"de","@id":"https:\/\/www.koonings.com\/de\/product\/enzoani-pen-liv-berkley\/#primaryimage","url":"https:\/\/www.koonings.com\/wp-content\/uploads\/2024\/11\/49117_537521fcfcdc589a753fa398378fa7c4f595c5a628c2813d4f200eeb355a9e75fd7cd005.jpeg","contentUrl":"https:\/\/www.koonings.com\/wp-content\/uploads\/2024\/11\/49117_537521fcfcdc589a753fa398378fa7c4f595c5a628c2813d4f200eeb355a9e75fd7cd005.jpeg","width":1035,"height":1380},{"@type":"BreadcrumbList","@id":"https:\/\/www.koonings.com\/de\/product\/enzoani-pen-liv-berkley\/#breadcrumb","itemListElement":[{"@type":"ListItem","position":1,"name":"Home","item":"https:\/\/www.koonings.com\/de\/"},{"@type":"ListItem","position":2,"name":"Enzoani Pen-Liv Berkley"}]},{"@type":"WebSite","@id":"https:\/\/www.koonings.com\/de\/#website","url":"https:\/\/www.koonings.com\/de\/","name":"Koonings","description":"De grootste bruidsmodewinkel ter wereld","publisher":{"@id":"https:\/\/www.koonings.com\/de\/#organization"},"potentialAction":[{"@type":"SearchAction","target":{"@type":"EntryPoint","urlTemplate":"https:\/\/www.koonings.com\/de\/?s={search_term_string}"},"query-input":{"@type":"PropertyValueSpecification","valueRequired":true,"valueName":"search_term_string"}}],"inLanguage":"de"},{"@type":"Organization","@id":"https:\/\/www.koonings.com\/de\/#organization","name":"Koonings","url":"https:\/\/www.koonings.com\/de\/","logo":{"@type":"ImageObject","inLanguage":"de","@id":"https:\/\/www.koonings.com\/de\/#\/schema\/logo\/image\/","url":"https:\/\/www.koonings.com\/wp-content\/uploads\/2024\/07\/logo.png","contentUrl":"https:\/\/www.koonings.com\/wp-content\/uploads\/2024\/07\/logo.png","width":600,"height":428,"caption":"Koonings"},"image":{"@id":"https:\/\/www.koonings.com\/de\/#\/schema\/logo\/image\/"},"sameAs":["https:\/\/www.facebook.com\/kooningstheweddingpalace","https:\/\/www.instagram.com\/kooningstheweddingpalace","https:\/\/www.pinterest.com\/koonings","https:\/\/www.youtube.com\/kooningstheweddingpalace"]}]}},"_links":{"self":[{"href":"https:\/\/www.koonings.com\/de\/wp-json\/wp\/v2\/product\/59915","targetHints":{"allow":["GET"]}}],"collection":[{"href":"https:\/\/www.koonings.com\/de\/wp-json\/wp\/v2\/product"}],"about":[{"href":"https:\/\/www.koonings.com\/de\/wp-json\/wp\/v2\/types\/product"}],"wp:featuredmedia":[{"embeddable":true,"href":"https:\/\/www.koonings.com\/de\/wp-json\/wp\/v2\/media\/55503"}],"wp:attachment":[{"href":"https:\/\/www.koonings.com\/de\/wp-json\/wp\/v2\/media?parent=59915"}],"wp:term":[{"taxonomy":"productdetails","embeddable":true,"href":"https:\/\/www.koonings.com\/de\/wp-json\/wp\/v2\/productdetails?post=59915"},{"taxonomy":"productneck","embeddable":true,"href":"https:\/\/www.koonings.com\/de\/wp-json\/wp\/v2\/productneck?post=59915"},{"taxonomy":"productcolor","embeddable":true,"href":"https:\/\/www.koonings.com\/de\/wp-json\/wp\/v2\/productcolor?post=59915"},{"taxonomy":"maat","embeddable":true,"href":"https:\/\/www.koonings.com\/de\/wp-json\/wp\/v2\/maat?post=59915"},{"taxonomy":"productsupplier","embeddable":true,"href":"https:\/\/www.koonings.com\/de\/wp-json\/wp\/v2\/productsupplier?post=59915"},{"taxonomy":"productsleeve","embeddable":true,"href":"https:\/\/www.koonings.com\/de\/wp-json\/wp\/v2\/productsleeve?post=59915"},{"taxonomy":"productcategory","embeddable":true,"href":"https:\/\/www.koonings.com\/de\/wp-json\/wp\/v2\/productcategory?post=59915"},{"taxonomy":"productsilhouette","embeddable":true,"href":"https:\/\/www.koonings.com\/de\/wp-json\/wp\/v2\/productsilhouette?post=59915"},{"taxonomy":"productstyle","embeddable":true,"href":"https:\/\/www.koonings.com\/de\/wp-json\/wp\/v2\/productstyle?post=59915"}],"curies":[{"name":"wp","href":"https:\/\/api.w.org\/{rel}","templated":true}]}}