{"id":59911,"date":"2025-12-15T00:46:08","date_gmt":"2025-12-14T23:46:08","guid":{"rendered":"https:\/\/www.koonings.com\/product\/enzoani-blue-collection-oliviana\/"},"modified":"2026-02-03T19:16:33","modified_gmt":"2026-02-03T18:16:33","slug":"enzoani-blue-collection-oliviana","status":"publish","type":"product","link":"https:\/\/www.koonings.com\/de\/product\/enzoani-blue-collection-oliviana\/","title":{"rendered":"Enzoani Blau Kollektion Oliviana"},"content":{"rendered":"<p>Was erhalten Sie, wenn Sie unsere geliebten Lesley und Mckinley Kleider kombinieren? Eines unserer neuen Lieblingskleider aller Zeiten! Dieses wundersch\u00f6ne Meerjungfrauenkleid zeigt die begehrte dicke, bestickte Blumenspitze der meistverkauften Modelle auf einem tiefen Mieder mit einem herzf\u00f6rmigen Illusionsausschnitt und s\u00fc\u00dfen Spaghettitr\u00e4gern. Der R\u00fccken aus Illusionsspitze sorgt daf\u00fcr, dass alle Augen auf die Braut gerichtet sind, vor allem, da die Spitze wundersch\u00f6n \u00fcber den weichen Rock aus Stretch-Georgette und T\u00fcll mit der f\u00fcr Enzoani typischen Schleppe aus geb\u00f6rdelter Spitze flie\u00dft.   <\/p>\n","protected":false},"featured_media":55486,"template":"","meta":{"_acf_changed":false,"ghostkit_customizer_options":"","ghostkit_custom_css":"","ghostkit_custom_js_head":"","ghostkit_custom_js_foot":"","ghostkit_typography":""},"productdetails":[379,376,381],"productneck":[355],"productcolor":[393,392],"maat":[],"productsupplier":[405],"productsleeve":[359],"productcategory":[18],"productsilhouette":[387],"productstyle":[366],"class_list":["post-59911","product","type-product","status-publish","has-post-thumbnail","hentry","productdetails-379","productdetails-376","productdetails-381","productneck-355","productcolor-393","productcolor-392","productsupplier-enzoani-blue-collection","productsleeve-359","productcategory-trouwjurken","productsilhouette-387","productstyle-366"],"acf":[],"yoast_head":"<!-- This site is optimized with the Yoast SEO plugin v27.3 - https:\/\/yoast.com\/product\/yoast-seo-wordpress\/ -->\n<title>Enzoani Blau Kollektion Oliviana | Koonings<\/title>\n<meta name=\"description\" content=\"Was erhalten Sie, wenn Sie unsere geliebten Lesley und Mckinley Kleider kombinieren? Eines unserer neuen Lieblingskleider aller Zeiten! Dieses wundersch\u00f6ne Meerjungfrauenkleid zeigt die begehrte dicke, bestickte Blumenspitze der meistverkauften Modelle auf einem tiefen Mieder mit einem herzf\u00f6rmigen Illusionsausschnitt und s\u00fc\u00dfen Spaghettitr\u00e4gern. Der R\u00fccken aus Illusionsspitze sorgt daf\u00fcr, dass alle Augen auf die Braut gerichtet sind, vor allem, da die Spitze wundersch\u00f6n \u00fcber den weichen Rock aus Stretch-Georgette und T\u00fcll mit der f\u00fcr Enzoani typischen Schleppe aus geb\u00f6rdelter Spitze flie\u00dft.\" \/>\n<meta name=\"robots\" content=\"index, follow, max-snippet:-1, max-image-preview:large, max-video-preview:-1\" \/>\n<link rel=\"canonical\" href=\"https:\/\/www.koonings.com\/de\/product\/enzoani-blue-collection-oliviana\/\" \/>\n<meta property=\"og:locale\" content=\"de_DE\" \/>\n<meta property=\"og:type\" content=\"article\" \/>\n<meta property=\"og:title\" content=\"Enzoani Blau Kollektion Oliviana | Koonings\" \/>\n<meta property=\"og:description\" content=\"Was erhalten Sie, wenn Sie unsere geliebten Lesley und Mckinley Kleider kombinieren? Eines unserer neuen Lieblingskleider aller Zeiten! Dieses wundersch\u00f6ne Meerjungfrauenkleid zeigt die begehrte dicke, bestickte Blumenspitze der meistverkauften Modelle auf einem tiefen Mieder mit einem herzf\u00f6rmigen Illusionsausschnitt und s\u00fc\u00dfen Spaghettitr\u00e4gern. Der R\u00fccken aus Illusionsspitze sorgt daf\u00fcr, dass alle Augen auf die Braut gerichtet sind, vor allem, da die Spitze wundersch\u00f6n \u00fcber den weichen Rock aus Stretch-Georgette und T\u00fcll mit der f\u00fcr Enzoani typischen Schleppe aus geb\u00f6rdelter Spitze flie\u00dft.\" \/>\n<meta property=\"og:url\" content=\"https:\/\/www.koonings.com\/de\/product\/enzoani-blue-collection-oliviana\/\" \/>\n<meta property=\"og:site_name\" content=\"Koonings\" \/>\n<meta property=\"article:publisher\" content=\"https:\/\/www.facebook.com\/kooningstheweddingpalace\" \/>\n<meta property=\"article:modified_time\" content=\"2026-02-03T18:16:33+00:00\" \/>\n<meta property=\"og:image\" content=\"https:\/\/www.koonings.com\/wp-content\/uploads\/2024\/11\/49116_df8e618ea6eb9c77d85e62dda09356c42f281994f7c121e2b67932e27f6bb253e0e33a9e.jpeg\" \/>\n\t<meta property=\"og:image:width\" content=\"1035\" \/>\n\t<meta property=\"og:image:height\" content=\"1380\" \/>\n\t<meta property=\"og:image:type\" content=\"image\/jpeg\" \/>\n<meta name=\"twitter:card\" content=\"summary_large_image\" \/>\n<script type=\"application\/ld+json\" class=\"yoast-schema-graph\">{\"@context\":\"https:\\\/\\\/schema.org\",\"@graph\":[{\"@type\":\"WebPage\",\"@id\":\"https:\\\/\\\/www.koonings.com\\\/de\\\/product\\\/enzoani-blue-collection-oliviana\\\/\",\"url\":\"https:\\\/\\\/www.koonings.com\\\/de\\\/product\\\/enzoani-blue-collection-oliviana\\\/\",\"name\":\"Enzoani Blau Kollektion Oliviana | Koonings\",\"isPartOf\":{\"@id\":\"https:\\\/\\\/www.koonings.com\\\/de\\\/#website\"},\"primaryImageOfPage\":{\"@id\":\"https:\\\/\\\/www.koonings.com\\\/de\\\/product\\\/enzoani-blue-collection-oliviana\\\/#primaryimage\"},\"image\":{\"@id\":\"https:\\\/\\\/www.koonings.com\\\/de\\\/product\\\/enzoani-blue-collection-oliviana\\\/#primaryimage\"},\"thumbnailUrl\":\"https:\\\/\\\/www.koonings.com\\\/wp-content\\\/uploads\\\/2024\\\/11\\\/49116_df8e618ea6eb9c77d85e62dda09356c42f281994f7c121e2b67932e27f6bb253e0e33a9e.jpeg\",\"datePublished\":\"2025-12-14T23:46:08+00:00\",\"dateModified\":\"2026-02-03T18:16:33+00:00\",\"description\":\"Was erhalten Sie, wenn Sie unsere geliebten Lesley und Mckinley Kleider kombinieren? Eines unserer neuen Lieblingskleider aller Zeiten! Dieses wundersch\u00f6ne Meerjungfrauenkleid zeigt die begehrte dicke, bestickte Blumenspitze der meistverkauften Modelle auf einem tiefen Mieder mit einem herzf\u00f6rmigen Illusionsausschnitt und s\u00fc\u00dfen Spaghettitr\u00e4gern. Der R\u00fccken aus Illusionsspitze sorgt daf\u00fcr, dass alle Augen auf die Braut gerichtet sind, vor allem, da die Spitze wundersch\u00f6n \u00fcber den weichen Rock aus Stretch-Georgette und T\u00fcll mit der f\u00fcr Enzoani typischen Schleppe aus geb\u00f6rdelter Spitze flie\u00dft.\",\"breadcrumb\":{\"@id\":\"https:\\\/\\\/www.koonings.com\\\/de\\\/product\\\/enzoani-blue-collection-oliviana\\\/#breadcrumb\"},\"inLanguage\":\"de\",\"potentialAction\":[{\"@type\":\"ReadAction\",\"target\":[\"https:\\\/\\\/www.koonings.com\\\/de\\\/product\\\/enzoani-blue-collection-oliviana\\\/\"]}]},{\"@type\":\"ImageObject\",\"inLanguage\":\"de\",\"@id\":\"https:\\\/\\\/www.koonings.com\\\/de\\\/product\\\/enzoani-blue-collection-oliviana\\\/#primaryimage\",\"url\":\"https:\\\/\\\/www.koonings.com\\\/wp-content\\\/uploads\\\/2024\\\/11\\\/49116_df8e618ea6eb9c77d85e62dda09356c42f281994f7c121e2b67932e27f6bb253e0e33a9e.jpeg\",\"contentUrl\":\"https:\\\/\\\/www.koonings.com\\\/wp-content\\\/uploads\\\/2024\\\/11\\\/49116_df8e618ea6eb9c77d85e62dda09356c42f281994f7c121e2b67932e27f6bb253e0e33a9e.jpeg\",\"width\":1035,\"height\":1380},{\"@type\":\"BreadcrumbList\",\"@id\":\"https:\\\/\\\/www.koonings.com\\\/de\\\/product\\\/enzoani-blue-collection-oliviana\\\/#breadcrumb\",\"itemListElement\":[{\"@type\":\"ListItem\",\"position\":1,\"name\":\"Home\",\"item\":\"https:\\\/\\\/www.koonings.com\\\/de\\\/\"},{\"@type\":\"ListItem\",\"position\":2,\"name\":\"Enzoani Blau Kollektion Oliviana\"}]},{\"@type\":\"WebSite\",\"@id\":\"https:\\\/\\\/www.koonings.com\\\/de\\\/#website\",\"url\":\"https:\\\/\\\/www.koonings.com\\\/de\\\/\",\"name\":\"Koonings\",\"description\":\"De grootste bruidsmodewinkel ter wereld\",\"publisher\":{\"@id\":\"https:\\\/\\\/www.koonings.com\\\/de\\\/#organization\"},\"potentialAction\":[{\"@type\":\"SearchAction\",\"target\":{\"@type\":\"EntryPoint\",\"urlTemplate\":\"https:\\\/\\\/www.koonings.com\\\/de\\\/?s={search_term_string}\"},\"query-input\":{\"@type\":\"PropertyValueSpecification\",\"valueRequired\":true,\"valueName\":\"search_term_string\"}}],\"inLanguage\":\"de\"},{\"@type\":\"Organization\",\"@id\":\"https:\\\/\\\/www.koonings.com\\\/de\\\/#organization\",\"name\":\"Koonings\",\"url\":\"https:\\\/\\\/www.koonings.com\\\/de\\\/\",\"logo\":{\"@type\":\"ImageObject\",\"inLanguage\":\"de\",\"@id\":\"https:\\\/\\\/www.koonings.com\\\/de\\\/#\\\/schema\\\/logo\\\/image\\\/\",\"url\":\"https:\\\/\\\/www.koonings.com\\\/wp-content\\\/uploads\\\/2024\\\/07\\\/logo.png\",\"contentUrl\":\"https:\\\/\\\/www.koonings.com\\\/wp-content\\\/uploads\\\/2024\\\/07\\\/logo.png\",\"width\":600,\"height\":428,\"caption\":\"Koonings\"},\"image\":{\"@id\":\"https:\\\/\\\/www.koonings.com\\\/de\\\/#\\\/schema\\\/logo\\\/image\\\/\"},\"sameAs\":[\"https:\\\/\\\/www.facebook.com\\\/kooningstheweddingpalace\",\"https:\\\/\\\/www.instagram.com\\\/kooningstheweddingpalace\",\"https:\\\/\\\/www.pinterest.com\\\/koonings\",\"https:\\\/\\\/www.youtube.com\\\/kooningstheweddingpalace\"]}]}<\/script>\n<!-- \/ Yoast SEO plugin. -->","yoast_head_json":{"title":"Enzoani Blau Kollektion Oliviana | Koonings","description":"Was erhalten Sie, wenn Sie unsere geliebten Lesley und Mckinley Kleider kombinieren? Eines unserer neuen Lieblingskleider aller Zeiten! Dieses wundersch\u00f6ne Meerjungfrauenkleid zeigt die begehrte dicke, bestickte Blumenspitze der meistverkauften Modelle auf einem tiefen Mieder mit einem herzf\u00f6rmigen Illusionsausschnitt und s\u00fc\u00dfen Spaghettitr\u00e4gern. Der R\u00fccken aus Illusionsspitze sorgt daf\u00fcr, dass alle Augen auf die Braut gerichtet sind, vor allem, da die Spitze wundersch\u00f6n \u00fcber den weichen Rock aus Stretch-Georgette und T\u00fcll mit der f\u00fcr Enzoani typischen Schleppe aus geb\u00f6rdelter Spitze flie\u00dft.","robots":{"index":"index","follow":"follow","max-snippet":"max-snippet:-1","max-image-preview":"max-image-preview:large","max-video-preview":"max-video-preview:-1"},"canonical":"https:\/\/www.koonings.com\/de\/product\/enzoani-blue-collection-oliviana\/","og_locale":"de_DE","og_type":"article","og_title":"Enzoani Blau Kollektion Oliviana | Koonings","og_description":"Was erhalten Sie, wenn Sie unsere geliebten Lesley und Mckinley Kleider kombinieren? Eines unserer neuen Lieblingskleider aller Zeiten! Dieses wundersch\u00f6ne Meerjungfrauenkleid zeigt die begehrte dicke, bestickte Blumenspitze der meistverkauften Modelle auf einem tiefen Mieder mit einem herzf\u00f6rmigen Illusionsausschnitt und s\u00fc\u00dfen Spaghettitr\u00e4gern. Der R\u00fccken aus Illusionsspitze sorgt daf\u00fcr, dass alle Augen auf die Braut gerichtet sind, vor allem, da die Spitze wundersch\u00f6n \u00fcber den weichen Rock aus Stretch-Georgette und T\u00fcll mit der f\u00fcr Enzoani typischen Schleppe aus geb\u00f6rdelter Spitze flie\u00dft.","og_url":"https:\/\/www.koonings.com\/de\/product\/enzoani-blue-collection-oliviana\/","og_site_name":"Koonings","article_publisher":"https:\/\/www.facebook.com\/kooningstheweddingpalace","article_modified_time":"2026-02-03T18:16:33+00:00","og_image":[{"width":1035,"height":1380,"url":"https:\/\/www.koonings.com\/wp-content\/uploads\/2024\/11\/49116_df8e618ea6eb9c77d85e62dda09356c42f281994f7c121e2b67932e27f6bb253e0e33a9e.jpeg","type":"image\/jpeg"}],"twitter_card":"summary_large_image","schema":{"@context":"https:\/\/schema.org","@graph":[{"@type":"WebPage","@id":"https:\/\/www.koonings.com\/de\/product\/enzoani-blue-collection-oliviana\/","url":"https:\/\/www.koonings.com\/de\/product\/enzoani-blue-collection-oliviana\/","name":"Enzoani Blau Kollektion Oliviana | Koonings","isPartOf":{"@id":"https:\/\/www.koonings.com\/de\/#website"},"primaryImageOfPage":{"@id":"https:\/\/www.koonings.com\/de\/product\/enzoani-blue-collection-oliviana\/#primaryimage"},"image":{"@id":"https:\/\/www.koonings.com\/de\/product\/enzoani-blue-collection-oliviana\/#primaryimage"},"thumbnailUrl":"https:\/\/www.koonings.com\/wp-content\/uploads\/2024\/11\/49116_df8e618ea6eb9c77d85e62dda09356c42f281994f7c121e2b67932e27f6bb253e0e33a9e.jpeg","datePublished":"2025-12-14T23:46:08+00:00","dateModified":"2026-02-03T18:16:33+00:00","description":"Was erhalten Sie, wenn Sie unsere geliebten Lesley und Mckinley Kleider kombinieren? Eines unserer neuen Lieblingskleider aller Zeiten! Dieses wundersch\u00f6ne Meerjungfrauenkleid zeigt die begehrte dicke, bestickte Blumenspitze der meistverkauften Modelle auf einem tiefen Mieder mit einem herzf\u00f6rmigen Illusionsausschnitt und s\u00fc\u00dfen Spaghettitr\u00e4gern. Der R\u00fccken aus Illusionsspitze sorgt daf\u00fcr, dass alle Augen auf die Braut gerichtet sind, vor allem, da die Spitze wundersch\u00f6n \u00fcber den weichen Rock aus Stretch-Georgette und T\u00fcll mit der f\u00fcr Enzoani typischen Schleppe aus geb\u00f6rdelter Spitze flie\u00dft.","breadcrumb":{"@id":"https:\/\/www.koonings.com\/de\/product\/enzoani-blue-collection-oliviana\/#breadcrumb"},"inLanguage":"de","potentialAction":[{"@type":"ReadAction","target":["https:\/\/www.koonings.com\/de\/product\/enzoani-blue-collection-oliviana\/"]}]},{"@type":"ImageObject","inLanguage":"de","@id":"https:\/\/www.koonings.com\/de\/product\/enzoani-blue-collection-oliviana\/#primaryimage","url":"https:\/\/www.koonings.com\/wp-content\/uploads\/2024\/11\/49116_df8e618ea6eb9c77d85e62dda09356c42f281994f7c121e2b67932e27f6bb253e0e33a9e.jpeg","contentUrl":"https:\/\/www.koonings.com\/wp-content\/uploads\/2024\/11\/49116_df8e618ea6eb9c77d85e62dda09356c42f281994f7c121e2b67932e27f6bb253e0e33a9e.jpeg","width":1035,"height":1380},{"@type":"BreadcrumbList","@id":"https:\/\/www.koonings.com\/de\/product\/enzoani-blue-collection-oliviana\/#breadcrumb","itemListElement":[{"@type":"ListItem","position":1,"name":"Home","item":"https:\/\/www.koonings.com\/de\/"},{"@type":"ListItem","position":2,"name":"Enzoani Blau Kollektion Oliviana"}]},{"@type":"WebSite","@id":"https:\/\/www.koonings.com\/de\/#website","url":"https:\/\/www.koonings.com\/de\/","name":"Koonings","description":"De grootste bruidsmodewinkel ter wereld","publisher":{"@id":"https:\/\/www.koonings.com\/de\/#organization"},"potentialAction":[{"@type":"SearchAction","target":{"@type":"EntryPoint","urlTemplate":"https:\/\/www.koonings.com\/de\/?s={search_term_string}"},"query-input":{"@type":"PropertyValueSpecification","valueRequired":true,"valueName":"search_term_string"}}],"inLanguage":"de"},{"@type":"Organization","@id":"https:\/\/www.koonings.com\/de\/#organization","name":"Koonings","url":"https:\/\/www.koonings.com\/de\/","logo":{"@type":"ImageObject","inLanguage":"de","@id":"https:\/\/www.koonings.com\/de\/#\/schema\/logo\/image\/","url":"https:\/\/www.koonings.com\/wp-content\/uploads\/2024\/07\/logo.png","contentUrl":"https:\/\/www.koonings.com\/wp-content\/uploads\/2024\/07\/logo.png","width":600,"height":428,"caption":"Koonings"},"image":{"@id":"https:\/\/www.koonings.com\/de\/#\/schema\/logo\/image\/"},"sameAs":["https:\/\/www.facebook.com\/kooningstheweddingpalace","https:\/\/www.instagram.com\/kooningstheweddingpalace","https:\/\/www.pinterest.com\/koonings","https:\/\/www.youtube.com\/kooningstheweddingpalace"]}]}},"_links":{"self":[{"href":"https:\/\/www.koonings.com\/de\/wp-json\/wp\/v2\/product\/59911","targetHints":{"allow":["GET"]}}],"collection":[{"href":"https:\/\/www.koonings.com\/de\/wp-json\/wp\/v2\/product"}],"about":[{"href":"https:\/\/www.koonings.com\/de\/wp-json\/wp\/v2\/types\/product"}],"wp:featuredmedia":[{"embeddable":true,"href":"https:\/\/www.koonings.com\/de\/wp-json\/wp\/v2\/media\/55486"}],"wp:attachment":[{"href":"https:\/\/www.koonings.com\/de\/wp-json\/wp\/v2\/media?parent=59911"}],"wp:term":[{"taxonomy":"productdetails","embeddable":true,"href":"https:\/\/www.koonings.com\/de\/wp-json\/wp\/v2\/productdetails?post=59911"},{"taxonomy":"productneck","embeddable":true,"href":"https:\/\/www.koonings.com\/de\/wp-json\/wp\/v2\/productneck?post=59911"},{"taxonomy":"productcolor","embeddable":true,"href":"https:\/\/www.koonings.com\/de\/wp-json\/wp\/v2\/productcolor?post=59911"},{"taxonomy":"maat","embeddable":true,"href":"https:\/\/www.koonings.com\/de\/wp-json\/wp\/v2\/maat?post=59911"},{"taxonomy":"productsupplier","embeddable":true,"href":"https:\/\/www.koonings.com\/de\/wp-json\/wp\/v2\/productsupplier?post=59911"},{"taxonomy":"productsleeve","embeddable":true,"href":"https:\/\/www.koonings.com\/de\/wp-json\/wp\/v2\/productsleeve?post=59911"},{"taxonomy":"productcategory","embeddable":true,"href":"https:\/\/www.koonings.com\/de\/wp-json\/wp\/v2\/productcategory?post=59911"},{"taxonomy":"productsilhouette","embeddable":true,"href":"https:\/\/www.koonings.com\/de\/wp-json\/wp\/v2\/productsilhouette?post=59911"},{"taxonomy":"productstyle","embeddable":true,"href":"https:\/\/www.koonings.com\/de\/wp-json\/wp\/v2\/productstyle?post=59911"}],"curies":[{"name":"wp","href":"https:\/\/api.w.org\/{rel}","templated":true}]}}