{"id":59909,"date":"2026-04-28T18:28:21","date_gmt":"2026-04-28T16:28:21","guid":{"rendered":"https:\/\/www.koonings.com\/product\/enzoani-blue-collection-ryder-2\/"},"modified":"2025-06-05T13:20:41","modified_gmt":"2025-06-05T11:20:41","slug":"enzoani-blue-collection-ryder-2","status":"publish","type":"product","link":"https:\/\/www.koonings.com\/de\/product\/enzoani-blue-collection-ryder-2\/","title":{"rendered":"Enzoani Blue collection Ryder"},"content":{"rendered":"<p>Sie k\u00f6nnen alles haben mit diesem sexy und raffinierten Meerjungfrauenkleid mit einem herzzerrei\u00dfenden Mieder im Korsettstil und verf\u00fchrerischen seitlichen Ausschnitten, die Ihre Kurven akzentuieren. Florale Paillettenspitze ist sorgf\u00e4ltig entlang des Dekollet\u00e9s, des Mieders und des Illusionsr\u00fcckens platziert. Die h\u00fcbschen Spitzendetails laufen am R\u00fccken in einen zierlichen Spitzensaum aus, der m\u00fchelos die Aufmerksamkeit aller auf sich zieht.  <\/p>\n","protected":false},"featured_media":55520,"template":"","meta":{"_acf_changed":false,"ghostkit_customizer_options":"","ghostkit_custom_css":"","ghostkit_custom_js_head":"","ghostkit_custom_js_foot":"","ghostkit_typography":""},"productdetails":[379,376],"productneck":[356],"productcolor":[393,392],"maat":[],"productsupplier":[405],"productsleeve":[359],"productcategory":[18],"productsilhouette":[387],"productstyle":[371],"class_list":["post-59909","product","type-product","status-publish","has-post-thumbnail","hentry","productdetails-379","productdetails-376","productneck-356","productcolor-393","productcolor-392","productsupplier-enzoani-blue-collection","productsleeve-359","productcategory-trouwjurken","productsilhouette-387","productstyle-371"],"acf":[],"yoast_head":"<!-- This site is optimized with the Yoast SEO plugin v27.3 - https:\/\/yoast.com\/product\/yoast-seo-wordpress\/ -->\n<title>Enzoani Blue collection Ryder | Koonings<\/title>\n<meta name=\"description\" content=\"Sie k\u00f6nnen alles haben mit diesem sexy und raffinierten Meerjungfrauenkleid mit einem herzzerrei\u00dfenden Mieder im Korsettstil und verf\u00fchrerischen seitlichen Ausschnitten, die Ihre Kurven akzentuieren. Florale Paillettenspitze ist sorgf\u00e4ltig entlang des Dekollet\u00e9s, des Mieders und des Illusionsr\u00fcckens platziert. Die h\u00fcbschen Spitzendetails laufen am R\u00fccken in einen zierlichen Spitzensaum aus, der m\u00fchelos die Aufmerksamkeit aller auf sich zieht.\" \/>\n<meta name=\"robots\" content=\"index, follow, max-snippet:-1, max-image-preview:large, max-video-preview:-1\" \/>\n<link rel=\"canonical\" href=\"https:\/\/www.koonings.com\/de\/product\/enzoani-blue-collection-ryder-2\/\" \/>\n<meta property=\"og:locale\" content=\"de_DE\" \/>\n<meta property=\"og:type\" content=\"article\" \/>\n<meta property=\"og:title\" content=\"Enzoani Blue collection Ryder | Koonings\" \/>\n<meta property=\"og:description\" content=\"Sie k\u00f6nnen alles haben mit diesem sexy und raffinierten Meerjungfrauenkleid mit einem herzzerrei\u00dfenden Mieder im Korsettstil und verf\u00fchrerischen seitlichen Ausschnitten, die Ihre Kurven akzentuieren. Florale Paillettenspitze ist sorgf\u00e4ltig entlang des Dekollet\u00e9s, des Mieders und des Illusionsr\u00fcckens platziert. Die h\u00fcbschen Spitzendetails laufen am R\u00fccken in einen zierlichen Spitzensaum aus, der m\u00fchelos die Aufmerksamkeit aller auf sich zieht.\" \/>\n<meta property=\"og:url\" content=\"https:\/\/www.koonings.com\/de\/product\/enzoani-blue-collection-ryder-2\/\" \/>\n<meta property=\"og:site_name\" content=\"Koonings\" \/>\n<meta property=\"article:publisher\" content=\"https:\/\/www.facebook.com\/kooningstheweddingpalace\" \/>\n<meta property=\"og:image\" content=\"https:\/\/www.koonings.com\/wp-content\/uploads\/2024\/11\/49118_67b0c06e729a75a4146b6a0063cdee85870a486b919b5bb43b4f3441b522fdee5719dcc9.jpeg\" \/>\n\t<meta property=\"og:image:width\" content=\"1035\" \/>\n\t<meta property=\"og:image:height\" content=\"1380\" \/>\n\t<meta property=\"og:image:type\" content=\"image\/jpeg\" \/>\n<meta name=\"twitter:card\" content=\"summary_large_image\" \/>\n<script type=\"application\/ld+json\" class=\"yoast-schema-graph\">{\"@context\":\"https:\\\/\\\/schema.org\",\"@graph\":[{\"@type\":\"WebPage\",\"@id\":\"https:\\\/\\\/www.koonings.com\\\/de\\\/product\\\/enzoani-blue-collection-ryder-2\\\/\",\"url\":\"https:\\\/\\\/www.koonings.com\\\/de\\\/product\\\/enzoani-blue-collection-ryder-2\\\/\",\"name\":\"Enzoani Blue collection Ryder | Koonings\",\"isPartOf\":{\"@id\":\"https:\\\/\\\/www.koonings.com\\\/de\\\/#website\"},\"primaryImageOfPage\":{\"@id\":\"https:\\\/\\\/www.koonings.com\\\/de\\\/product\\\/enzoani-blue-collection-ryder-2\\\/#primaryimage\"},\"image\":{\"@id\":\"https:\\\/\\\/www.koonings.com\\\/de\\\/product\\\/enzoani-blue-collection-ryder-2\\\/#primaryimage\"},\"thumbnailUrl\":\"https:\\\/\\\/www.koonings.com\\\/wp-content\\\/uploads\\\/2024\\\/11\\\/49118_67b0c06e729a75a4146b6a0063cdee85870a486b919b5bb43b4f3441b522fdee5719dcc9.jpeg\",\"datePublished\":\"2026-04-28T16:28:21+00:00\",\"description\":\"Sie k\u00f6nnen alles haben mit diesem sexy und raffinierten Meerjungfrauenkleid mit einem herzzerrei\u00dfenden Mieder im Korsettstil und verf\u00fchrerischen seitlichen Ausschnitten, die Ihre Kurven akzentuieren. Florale Paillettenspitze ist sorgf\u00e4ltig entlang des Dekollet\u00e9s, des Mieders und des Illusionsr\u00fcckens platziert. Die h\u00fcbschen Spitzendetails laufen am R\u00fccken in einen zierlichen Spitzensaum aus, der m\u00fchelos die Aufmerksamkeit aller auf sich zieht.\",\"breadcrumb\":{\"@id\":\"https:\\\/\\\/www.koonings.com\\\/de\\\/product\\\/enzoani-blue-collection-ryder-2\\\/#breadcrumb\"},\"inLanguage\":\"de\",\"potentialAction\":[{\"@type\":\"ReadAction\",\"target\":[\"https:\\\/\\\/www.koonings.com\\\/de\\\/product\\\/enzoani-blue-collection-ryder-2\\\/\"]}]},{\"@type\":\"ImageObject\",\"inLanguage\":\"de\",\"@id\":\"https:\\\/\\\/www.koonings.com\\\/de\\\/product\\\/enzoani-blue-collection-ryder-2\\\/#primaryimage\",\"url\":\"https:\\\/\\\/www.koonings.com\\\/wp-content\\\/uploads\\\/2024\\\/11\\\/49118_67b0c06e729a75a4146b6a0063cdee85870a486b919b5bb43b4f3441b522fdee5719dcc9.jpeg\",\"contentUrl\":\"https:\\\/\\\/www.koonings.com\\\/wp-content\\\/uploads\\\/2024\\\/11\\\/49118_67b0c06e729a75a4146b6a0063cdee85870a486b919b5bb43b4f3441b522fdee5719dcc9.jpeg\",\"width\":1035,\"height\":1380},{\"@type\":\"BreadcrumbList\",\"@id\":\"https:\\\/\\\/www.koonings.com\\\/de\\\/product\\\/enzoani-blue-collection-ryder-2\\\/#breadcrumb\",\"itemListElement\":[{\"@type\":\"ListItem\",\"position\":1,\"name\":\"Home\",\"item\":\"https:\\\/\\\/www.koonings.com\\\/de\\\/\"},{\"@type\":\"ListItem\",\"position\":2,\"name\":\"Enzoani Blue collection Ryder\"}]},{\"@type\":\"WebSite\",\"@id\":\"https:\\\/\\\/www.koonings.com\\\/de\\\/#website\",\"url\":\"https:\\\/\\\/www.koonings.com\\\/de\\\/\",\"name\":\"Koonings\",\"description\":\"De grootste bruidsmodewinkel ter wereld\",\"publisher\":{\"@id\":\"https:\\\/\\\/www.koonings.com\\\/de\\\/#organization\"},\"potentialAction\":[{\"@type\":\"SearchAction\",\"target\":{\"@type\":\"EntryPoint\",\"urlTemplate\":\"https:\\\/\\\/www.koonings.com\\\/de\\\/?s={search_term_string}\"},\"query-input\":{\"@type\":\"PropertyValueSpecification\",\"valueRequired\":true,\"valueName\":\"search_term_string\"}}],\"inLanguage\":\"de\"},{\"@type\":\"Organization\",\"@id\":\"https:\\\/\\\/www.koonings.com\\\/de\\\/#organization\",\"name\":\"Koonings\",\"url\":\"https:\\\/\\\/www.koonings.com\\\/de\\\/\",\"logo\":{\"@type\":\"ImageObject\",\"inLanguage\":\"de\",\"@id\":\"https:\\\/\\\/www.koonings.com\\\/de\\\/#\\\/schema\\\/logo\\\/image\\\/\",\"url\":\"https:\\\/\\\/www.koonings.com\\\/wp-content\\\/uploads\\\/2024\\\/07\\\/logo.png\",\"contentUrl\":\"https:\\\/\\\/www.koonings.com\\\/wp-content\\\/uploads\\\/2024\\\/07\\\/logo.png\",\"width\":600,\"height\":428,\"caption\":\"Koonings\"},\"image\":{\"@id\":\"https:\\\/\\\/www.koonings.com\\\/de\\\/#\\\/schema\\\/logo\\\/image\\\/\"},\"sameAs\":[\"https:\\\/\\\/www.facebook.com\\\/kooningstheweddingpalace\",\"https:\\\/\\\/www.instagram.com\\\/kooningstheweddingpalace\",\"https:\\\/\\\/www.pinterest.com\\\/koonings\",\"https:\\\/\\\/www.youtube.com\\\/kooningstheweddingpalace\"]}]}<\/script>\n<!-- \/ Yoast SEO plugin. -->","yoast_head_json":{"title":"Enzoani Blue collection Ryder | Koonings","description":"Sie k\u00f6nnen alles haben mit diesem sexy und raffinierten Meerjungfrauenkleid mit einem herzzerrei\u00dfenden Mieder im Korsettstil und verf\u00fchrerischen seitlichen Ausschnitten, die Ihre Kurven akzentuieren. Florale Paillettenspitze ist sorgf\u00e4ltig entlang des Dekollet\u00e9s, des Mieders und des Illusionsr\u00fcckens platziert. Die h\u00fcbschen Spitzendetails laufen am R\u00fccken in einen zierlichen Spitzensaum aus, der m\u00fchelos die Aufmerksamkeit aller auf sich zieht.","robots":{"index":"index","follow":"follow","max-snippet":"max-snippet:-1","max-image-preview":"max-image-preview:large","max-video-preview":"max-video-preview:-1"},"canonical":"https:\/\/www.koonings.com\/de\/product\/enzoani-blue-collection-ryder-2\/","og_locale":"de_DE","og_type":"article","og_title":"Enzoani Blue collection Ryder | Koonings","og_description":"Sie k\u00f6nnen alles haben mit diesem sexy und raffinierten Meerjungfrauenkleid mit einem herzzerrei\u00dfenden Mieder im Korsettstil und verf\u00fchrerischen seitlichen Ausschnitten, die Ihre Kurven akzentuieren. Florale Paillettenspitze ist sorgf\u00e4ltig entlang des Dekollet\u00e9s, des Mieders und des Illusionsr\u00fcckens platziert. Die h\u00fcbschen Spitzendetails laufen am R\u00fccken in einen zierlichen Spitzensaum aus, der m\u00fchelos die Aufmerksamkeit aller auf sich zieht.","og_url":"https:\/\/www.koonings.com\/de\/product\/enzoani-blue-collection-ryder-2\/","og_site_name":"Koonings","article_publisher":"https:\/\/www.facebook.com\/kooningstheweddingpalace","og_image":[{"width":1035,"height":1380,"url":"https:\/\/www.koonings.com\/wp-content\/uploads\/2024\/11\/49118_67b0c06e729a75a4146b6a0063cdee85870a486b919b5bb43b4f3441b522fdee5719dcc9.jpeg","type":"image\/jpeg"}],"twitter_card":"summary_large_image","schema":{"@context":"https:\/\/schema.org","@graph":[{"@type":"WebPage","@id":"https:\/\/www.koonings.com\/de\/product\/enzoani-blue-collection-ryder-2\/","url":"https:\/\/www.koonings.com\/de\/product\/enzoani-blue-collection-ryder-2\/","name":"Enzoani Blue collection Ryder | Koonings","isPartOf":{"@id":"https:\/\/www.koonings.com\/de\/#website"},"primaryImageOfPage":{"@id":"https:\/\/www.koonings.com\/de\/product\/enzoani-blue-collection-ryder-2\/#primaryimage"},"image":{"@id":"https:\/\/www.koonings.com\/de\/product\/enzoani-blue-collection-ryder-2\/#primaryimage"},"thumbnailUrl":"https:\/\/www.koonings.com\/wp-content\/uploads\/2024\/11\/49118_67b0c06e729a75a4146b6a0063cdee85870a486b919b5bb43b4f3441b522fdee5719dcc9.jpeg","datePublished":"2026-04-28T16:28:21+00:00","description":"Sie k\u00f6nnen alles haben mit diesem sexy und raffinierten Meerjungfrauenkleid mit einem herzzerrei\u00dfenden Mieder im Korsettstil und verf\u00fchrerischen seitlichen Ausschnitten, die Ihre Kurven akzentuieren. Florale Paillettenspitze ist sorgf\u00e4ltig entlang des Dekollet\u00e9s, des Mieders und des Illusionsr\u00fcckens platziert. Die h\u00fcbschen Spitzendetails laufen am R\u00fccken in einen zierlichen Spitzensaum aus, der m\u00fchelos die Aufmerksamkeit aller auf sich zieht.","breadcrumb":{"@id":"https:\/\/www.koonings.com\/de\/product\/enzoani-blue-collection-ryder-2\/#breadcrumb"},"inLanguage":"de","potentialAction":[{"@type":"ReadAction","target":["https:\/\/www.koonings.com\/de\/product\/enzoani-blue-collection-ryder-2\/"]}]},{"@type":"ImageObject","inLanguage":"de","@id":"https:\/\/www.koonings.com\/de\/product\/enzoani-blue-collection-ryder-2\/#primaryimage","url":"https:\/\/www.koonings.com\/wp-content\/uploads\/2024\/11\/49118_67b0c06e729a75a4146b6a0063cdee85870a486b919b5bb43b4f3441b522fdee5719dcc9.jpeg","contentUrl":"https:\/\/www.koonings.com\/wp-content\/uploads\/2024\/11\/49118_67b0c06e729a75a4146b6a0063cdee85870a486b919b5bb43b4f3441b522fdee5719dcc9.jpeg","width":1035,"height":1380},{"@type":"BreadcrumbList","@id":"https:\/\/www.koonings.com\/de\/product\/enzoani-blue-collection-ryder-2\/#breadcrumb","itemListElement":[{"@type":"ListItem","position":1,"name":"Home","item":"https:\/\/www.koonings.com\/de\/"},{"@type":"ListItem","position":2,"name":"Enzoani Blue collection Ryder"}]},{"@type":"WebSite","@id":"https:\/\/www.koonings.com\/de\/#website","url":"https:\/\/www.koonings.com\/de\/","name":"Koonings","description":"De grootste bruidsmodewinkel ter wereld","publisher":{"@id":"https:\/\/www.koonings.com\/de\/#organization"},"potentialAction":[{"@type":"SearchAction","target":{"@type":"EntryPoint","urlTemplate":"https:\/\/www.koonings.com\/de\/?s={search_term_string}"},"query-input":{"@type":"PropertyValueSpecification","valueRequired":true,"valueName":"search_term_string"}}],"inLanguage":"de"},{"@type":"Organization","@id":"https:\/\/www.koonings.com\/de\/#organization","name":"Koonings","url":"https:\/\/www.koonings.com\/de\/","logo":{"@type":"ImageObject","inLanguage":"de","@id":"https:\/\/www.koonings.com\/de\/#\/schema\/logo\/image\/","url":"https:\/\/www.koonings.com\/wp-content\/uploads\/2024\/07\/logo.png","contentUrl":"https:\/\/www.koonings.com\/wp-content\/uploads\/2024\/07\/logo.png","width":600,"height":428,"caption":"Koonings"},"image":{"@id":"https:\/\/www.koonings.com\/de\/#\/schema\/logo\/image\/"},"sameAs":["https:\/\/www.facebook.com\/kooningstheweddingpalace","https:\/\/www.instagram.com\/kooningstheweddingpalace","https:\/\/www.pinterest.com\/koonings","https:\/\/www.youtube.com\/kooningstheweddingpalace"]}]}},"_links":{"self":[{"href":"https:\/\/www.koonings.com\/de\/wp-json\/wp\/v2\/product\/59909","targetHints":{"allow":["GET"]}}],"collection":[{"href":"https:\/\/www.koonings.com\/de\/wp-json\/wp\/v2\/product"}],"about":[{"href":"https:\/\/www.koonings.com\/de\/wp-json\/wp\/v2\/types\/product"}],"wp:featuredmedia":[{"embeddable":true,"href":"https:\/\/www.koonings.com\/de\/wp-json\/wp\/v2\/media\/55520"}],"wp:attachment":[{"href":"https:\/\/www.koonings.com\/de\/wp-json\/wp\/v2\/media?parent=59909"}],"wp:term":[{"taxonomy":"productdetails","embeddable":true,"href":"https:\/\/www.koonings.com\/de\/wp-json\/wp\/v2\/productdetails?post=59909"},{"taxonomy":"productneck","embeddable":true,"href":"https:\/\/www.koonings.com\/de\/wp-json\/wp\/v2\/productneck?post=59909"},{"taxonomy":"productcolor","embeddable":true,"href":"https:\/\/www.koonings.com\/de\/wp-json\/wp\/v2\/productcolor?post=59909"},{"taxonomy":"maat","embeddable":true,"href":"https:\/\/www.koonings.com\/de\/wp-json\/wp\/v2\/maat?post=59909"},{"taxonomy":"productsupplier","embeddable":true,"href":"https:\/\/www.koonings.com\/de\/wp-json\/wp\/v2\/productsupplier?post=59909"},{"taxonomy":"productsleeve","embeddable":true,"href":"https:\/\/www.koonings.com\/de\/wp-json\/wp\/v2\/productsleeve?post=59909"},{"taxonomy":"productcategory","embeddable":true,"href":"https:\/\/www.koonings.com\/de\/wp-json\/wp\/v2\/productcategory?post=59909"},{"taxonomy":"productsilhouette","embeddable":true,"href":"https:\/\/www.koonings.com\/de\/wp-json\/wp\/v2\/productsilhouette?post=59909"},{"taxonomy":"productstyle","embeddable":true,"href":"https:\/\/www.koonings.com\/de\/wp-json\/wp\/v2\/productstyle?post=59909"}],"curies":[{"name":"wp","href":"https:\/\/api.w.org\/{rel}","templated":true}]}}