{"id":59897,"date":"2026-03-27T16:26:23","date_gmt":"2026-03-27T15:26:23","guid":{"rendered":"https:\/\/www.koonings.com\/product\/marylise-la-clusaz-1\/"},"modified":"2025-06-05T13:31:03","modified_gmt":"2025-06-05T11:31:03","slug":"marylise-la-clusaz-1","status":"publish","type":"product","link":"https:\/\/www.koonings.com\/de\/product\/marylise-la-clusaz-1\/","title":{"rendered":"Marylise La Clusaz\/1"},"content":{"rendered":"<p>La Clusaz ist ein schmeichelhaftes Hochzeitskleid aus Cr\u00eape! Es hat einen V-Ausschnitt mit einem kleinen St\u00fcck beigen T\u00fcll in der Mitte. Der R\u00fccken ist offen und besteht aus durchscheinendem, mit Blumen besticktem T\u00fcll. Die L\u00e4ufer\u00e4rmel sind aus demselben bestickten T\u00fcll und haben Manschetten aus Krepp. Der Rock ist weit ausladend in Form einer Meerjungfrau und hat einen Schlitz. In der Mitte der Schleppe verl\u00e4uft der gleiche T\u00fcll wie beim Oberteil.     <\/p>\n","protected":false},"featured_media":55634,"template":"","meta":{"_acf_changed":false,"ghostkit_customizer_options":"","ghostkit_custom_css":"","ghostkit_custom_js_head":"","ghostkit_custom_js_foot":"","ghostkit_typography":""},"productdetails":[],"productneck":[],"productcolor":[],"maat":[],"productsupplier":[410],"productsleeve":[],"productcategory":[18],"productsilhouette":[],"productstyle":[364],"class_list":["post-59897","product","type-product","status-publish","has-post-thumbnail","hentry","productsupplier-marylise","productcategory-trouwjurken","productstyle-364"],"acf":[],"yoast_head":"<!-- This site is optimized with the Yoast SEO plugin v26.8 - https:\/\/yoast.com\/product\/yoast-seo-wordpress\/ -->\n<title>Marylise La Clusaz\/1 | Koonings<\/title>\n<meta name=\"description\" content=\"La Clusaz ist ein schmeichelhaftes Hochzeitskleid aus Cr\u00eape! Es hat einen V-Ausschnitt mit einem kleinen St\u00fcck beigen T\u00fcll in der Mitte. Der R\u00fccken ist offen und besteht aus durchscheinendem, mit Blumen besticktem T\u00fcll. Die L\u00e4ufer\u00e4rmel sind aus demselben bestickten T\u00fcll und haben Manschetten aus Krepp. Der Rock ist weit ausladend in Form einer Meerjungfrau und hat einen Schlitz. In der Mitte der Schleppe verl\u00e4uft der gleiche T\u00fcll wie beim Oberteil.\" \/>\n<meta name=\"robots\" content=\"index, follow, max-snippet:-1, max-image-preview:large, max-video-preview:-1\" \/>\n<link rel=\"canonical\" href=\"https:\/\/www.koonings.com\/de\/product\/marylise-la-clusaz-1\/\" \/>\n<meta property=\"og:locale\" content=\"de_DE\" \/>\n<meta property=\"og:type\" content=\"article\" \/>\n<meta property=\"og:title\" content=\"Marylise La Clusaz\/1 | Koonings\" \/>\n<meta property=\"og:description\" content=\"La Clusaz ist ein schmeichelhaftes Hochzeitskleid aus Cr\u00eape! Es hat einen V-Ausschnitt mit einem kleinen St\u00fcck beigen T\u00fcll in der Mitte. Der R\u00fccken ist offen und besteht aus durchscheinendem, mit Blumen besticktem T\u00fcll. Die L\u00e4ufer\u00e4rmel sind aus demselben bestickten T\u00fcll und haben Manschetten aus Krepp. Der Rock ist weit ausladend in Form einer Meerjungfrau und hat einen Schlitz. In der Mitte der Schleppe verl\u00e4uft der gleiche T\u00fcll wie beim Oberteil.\" \/>\n<meta property=\"og:url\" content=\"https:\/\/www.koonings.com\/de\/product\/marylise-la-clusaz-1\/\" \/>\n<meta property=\"og:site_name\" content=\"Koonings\" \/>\n<meta property=\"article:publisher\" content=\"https:\/\/www.facebook.com\/kooningstheweddingpalace\" \/>\n<meta property=\"og:image\" content=\"https:\/\/www.koonings.com\/wp-content\/uploads\/2024\/11\/49125_b03ef4b0f65b20b9b852f2e1017adf29e2ecc804ac6bb47090b4bc0efd896cf122da6891-scaled.jpeg\" \/>\n\t<meta property=\"og:image:width\" content=\"1768\" \/>\n\t<meta property=\"og:image:height\" content=\"2560\" \/>\n\t<meta property=\"og:image:type\" content=\"image\/jpeg\" \/>\n<meta name=\"twitter:card\" content=\"summary_large_image\" \/>\n<script type=\"application\/ld+json\" class=\"yoast-schema-graph\">{\"@context\":\"https:\/\/schema.org\",\"@graph\":[{\"@type\":\"WebPage\",\"@id\":\"https:\/\/www.koonings.com\/de\/product\/marylise-la-clusaz-1\/\",\"url\":\"https:\/\/www.koonings.com\/de\/product\/marylise-la-clusaz-1\/\",\"name\":\"Marylise La Clusaz\/1 | Koonings\",\"isPartOf\":{\"@id\":\"https:\/\/www.koonings.com\/de\/#website\"},\"primaryImageOfPage\":{\"@id\":\"https:\/\/www.koonings.com\/de\/product\/marylise-la-clusaz-1\/#primaryimage\"},\"image\":{\"@id\":\"https:\/\/www.koonings.com\/de\/product\/marylise-la-clusaz-1\/#primaryimage\"},\"thumbnailUrl\":\"https:\/\/www.koonings.com\/wp-content\/uploads\/2024\/11\/49125_b03ef4b0f65b20b9b852f2e1017adf29e2ecc804ac6bb47090b4bc0efd896cf122da6891-scaled.jpeg\",\"datePublished\":\"2026-03-27T15:26:23+00:00\",\"description\":\"La Clusaz ist ein schmeichelhaftes Hochzeitskleid aus Cr\u00eape! Es hat einen V-Ausschnitt mit einem kleinen St\u00fcck beigen T\u00fcll in der Mitte. Der R\u00fccken ist offen und besteht aus durchscheinendem, mit Blumen besticktem T\u00fcll. Die L\u00e4ufer\u00e4rmel sind aus demselben bestickten T\u00fcll und haben Manschetten aus Krepp. Der Rock ist weit ausladend in Form einer Meerjungfrau und hat einen Schlitz. In der Mitte der Schleppe verl\u00e4uft der gleiche T\u00fcll wie beim Oberteil.\",\"breadcrumb\":{\"@id\":\"https:\/\/www.koonings.com\/de\/product\/marylise-la-clusaz-1\/#breadcrumb\"},\"inLanguage\":\"de\",\"potentialAction\":[{\"@type\":\"ReadAction\",\"target\":[\"https:\/\/www.koonings.com\/de\/product\/marylise-la-clusaz-1\/\"]}]},{\"@type\":\"ImageObject\",\"inLanguage\":\"de\",\"@id\":\"https:\/\/www.koonings.com\/de\/product\/marylise-la-clusaz-1\/#primaryimage\",\"url\":\"https:\/\/www.koonings.com\/wp-content\/uploads\/2024\/11\/49125_b03ef4b0f65b20b9b852f2e1017adf29e2ecc804ac6bb47090b4bc0efd896cf122da6891-scaled.jpeg\",\"contentUrl\":\"https:\/\/www.koonings.com\/wp-content\/uploads\/2024\/11\/49125_b03ef4b0f65b20b9b852f2e1017adf29e2ecc804ac6bb47090b4bc0efd896cf122da6891-scaled.jpeg\",\"width\":1768,\"height\":2560},{\"@type\":\"BreadcrumbList\",\"@id\":\"https:\/\/www.koonings.com\/de\/product\/marylise-la-clusaz-1\/#breadcrumb\",\"itemListElement\":[{\"@type\":\"ListItem\",\"position\":1,\"name\":\"Home\",\"item\":\"https:\/\/www.koonings.com\/de\/\"},{\"@type\":\"ListItem\",\"position\":2,\"name\":\"Marylise La Clusaz\/1\"}]},{\"@type\":\"WebSite\",\"@id\":\"https:\/\/www.koonings.com\/de\/#website\",\"url\":\"https:\/\/www.koonings.com\/de\/\",\"name\":\"Koonings\",\"description\":\"De grootste bruidsmodewinkel ter wereld\",\"publisher\":{\"@id\":\"https:\/\/www.koonings.com\/de\/#organization\"},\"potentialAction\":[{\"@type\":\"SearchAction\",\"target\":{\"@type\":\"EntryPoint\",\"urlTemplate\":\"https:\/\/www.koonings.com\/de\/?s={search_term_string}\"},\"query-input\":{\"@type\":\"PropertyValueSpecification\",\"valueRequired\":true,\"valueName\":\"search_term_string\"}}],\"inLanguage\":\"de\"},{\"@type\":\"Organization\",\"@id\":\"https:\/\/www.koonings.com\/de\/#organization\",\"name\":\"Koonings\",\"url\":\"https:\/\/www.koonings.com\/de\/\",\"logo\":{\"@type\":\"ImageObject\",\"inLanguage\":\"de\",\"@id\":\"https:\/\/www.koonings.com\/de\/#\/schema\/logo\/image\/\",\"url\":\"https:\/\/www.koonings.com\/wp-content\/uploads\/2024\/07\/logo.png\",\"contentUrl\":\"https:\/\/www.koonings.com\/wp-content\/uploads\/2024\/07\/logo.png\",\"width\":600,\"height\":428,\"caption\":\"Koonings\"},\"image\":{\"@id\":\"https:\/\/www.koonings.com\/de\/#\/schema\/logo\/image\/\"},\"sameAs\":[\"https:\/\/www.facebook.com\/kooningstheweddingpalace\",\"https:\/\/www.instagram.com\/kooningstheweddingpalace\",\"https:\/\/www.pinterest.com\/koonings\",\"https:\/\/www.youtube.com\/kooningstheweddingpalace\"]}]}<\/script>\n<!-- \/ Yoast SEO plugin. -->","yoast_head_json":{"title":"Marylise La Clusaz\/1 | Koonings","description":"La Clusaz ist ein schmeichelhaftes Hochzeitskleid aus Cr\u00eape! Es hat einen V-Ausschnitt mit einem kleinen St\u00fcck beigen T\u00fcll in der Mitte. Der R\u00fccken ist offen und besteht aus durchscheinendem, mit Blumen besticktem T\u00fcll. Die L\u00e4ufer\u00e4rmel sind aus demselben bestickten T\u00fcll und haben Manschetten aus Krepp. Der Rock ist weit ausladend in Form einer Meerjungfrau und hat einen Schlitz. In der Mitte der Schleppe verl\u00e4uft der gleiche T\u00fcll wie beim Oberteil.","robots":{"index":"index","follow":"follow","max-snippet":"max-snippet:-1","max-image-preview":"max-image-preview:large","max-video-preview":"max-video-preview:-1"},"canonical":"https:\/\/www.koonings.com\/de\/product\/marylise-la-clusaz-1\/","og_locale":"de_DE","og_type":"article","og_title":"Marylise La Clusaz\/1 | Koonings","og_description":"La Clusaz ist ein schmeichelhaftes Hochzeitskleid aus Cr\u00eape! Es hat einen V-Ausschnitt mit einem kleinen St\u00fcck beigen T\u00fcll in der Mitte. Der R\u00fccken ist offen und besteht aus durchscheinendem, mit Blumen besticktem T\u00fcll. Die L\u00e4ufer\u00e4rmel sind aus demselben bestickten T\u00fcll und haben Manschetten aus Krepp. Der Rock ist weit ausladend in Form einer Meerjungfrau und hat einen Schlitz. In der Mitte der Schleppe verl\u00e4uft der gleiche T\u00fcll wie beim Oberteil.","og_url":"https:\/\/www.koonings.com\/de\/product\/marylise-la-clusaz-1\/","og_site_name":"Koonings","article_publisher":"https:\/\/www.facebook.com\/kooningstheweddingpalace","og_image":[{"width":1768,"height":2560,"url":"https:\/\/www.koonings.com\/wp-content\/uploads\/2024\/11\/49125_b03ef4b0f65b20b9b852f2e1017adf29e2ecc804ac6bb47090b4bc0efd896cf122da6891-scaled.jpeg","type":"image\/jpeg"}],"twitter_card":"summary_large_image","schema":{"@context":"https:\/\/schema.org","@graph":[{"@type":"WebPage","@id":"https:\/\/www.koonings.com\/de\/product\/marylise-la-clusaz-1\/","url":"https:\/\/www.koonings.com\/de\/product\/marylise-la-clusaz-1\/","name":"Marylise La Clusaz\/1 | Koonings","isPartOf":{"@id":"https:\/\/www.koonings.com\/de\/#website"},"primaryImageOfPage":{"@id":"https:\/\/www.koonings.com\/de\/product\/marylise-la-clusaz-1\/#primaryimage"},"image":{"@id":"https:\/\/www.koonings.com\/de\/product\/marylise-la-clusaz-1\/#primaryimage"},"thumbnailUrl":"https:\/\/www.koonings.com\/wp-content\/uploads\/2024\/11\/49125_b03ef4b0f65b20b9b852f2e1017adf29e2ecc804ac6bb47090b4bc0efd896cf122da6891-scaled.jpeg","datePublished":"2026-03-27T15:26:23+00:00","description":"La Clusaz ist ein schmeichelhaftes Hochzeitskleid aus Cr\u00eape! Es hat einen V-Ausschnitt mit einem kleinen St\u00fcck beigen T\u00fcll in der Mitte. Der R\u00fccken ist offen und besteht aus durchscheinendem, mit Blumen besticktem T\u00fcll. Die L\u00e4ufer\u00e4rmel sind aus demselben bestickten T\u00fcll und haben Manschetten aus Krepp. Der Rock ist weit ausladend in Form einer Meerjungfrau und hat einen Schlitz. In der Mitte der Schleppe verl\u00e4uft der gleiche T\u00fcll wie beim Oberteil.","breadcrumb":{"@id":"https:\/\/www.koonings.com\/de\/product\/marylise-la-clusaz-1\/#breadcrumb"},"inLanguage":"de","potentialAction":[{"@type":"ReadAction","target":["https:\/\/www.koonings.com\/de\/product\/marylise-la-clusaz-1\/"]}]},{"@type":"ImageObject","inLanguage":"de","@id":"https:\/\/www.koonings.com\/de\/product\/marylise-la-clusaz-1\/#primaryimage","url":"https:\/\/www.koonings.com\/wp-content\/uploads\/2024\/11\/49125_b03ef4b0f65b20b9b852f2e1017adf29e2ecc804ac6bb47090b4bc0efd896cf122da6891-scaled.jpeg","contentUrl":"https:\/\/www.koonings.com\/wp-content\/uploads\/2024\/11\/49125_b03ef4b0f65b20b9b852f2e1017adf29e2ecc804ac6bb47090b4bc0efd896cf122da6891-scaled.jpeg","width":1768,"height":2560},{"@type":"BreadcrumbList","@id":"https:\/\/www.koonings.com\/de\/product\/marylise-la-clusaz-1\/#breadcrumb","itemListElement":[{"@type":"ListItem","position":1,"name":"Home","item":"https:\/\/www.koonings.com\/de\/"},{"@type":"ListItem","position":2,"name":"Marylise La Clusaz\/1"}]},{"@type":"WebSite","@id":"https:\/\/www.koonings.com\/de\/#website","url":"https:\/\/www.koonings.com\/de\/","name":"Koonings","description":"De grootste bruidsmodewinkel ter wereld","publisher":{"@id":"https:\/\/www.koonings.com\/de\/#organization"},"potentialAction":[{"@type":"SearchAction","target":{"@type":"EntryPoint","urlTemplate":"https:\/\/www.koonings.com\/de\/?s={search_term_string}"},"query-input":{"@type":"PropertyValueSpecification","valueRequired":true,"valueName":"search_term_string"}}],"inLanguage":"de"},{"@type":"Organization","@id":"https:\/\/www.koonings.com\/de\/#organization","name":"Koonings","url":"https:\/\/www.koonings.com\/de\/","logo":{"@type":"ImageObject","inLanguage":"de","@id":"https:\/\/www.koonings.com\/de\/#\/schema\/logo\/image\/","url":"https:\/\/www.koonings.com\/wp-content\/uploads\/2024\/07\/logo.png","contentUrl":"https:\/\/www.koonings.com\/wp-content\/uploads\/2024\/07\/logo.png","width":600,"height":428,"caption":"Koonings"},"image":{"@id":"https:\/\/www.koonings.com\/de\/#\/schema\/logo\/image\/"},"sameAs":["https:\/\/www.facebook.com\/kooningstheweddingpalace","https:\/\/www.instagram.com\/kooningstheweddingpalace","https:\/\/www.pinterest.com\/koonings","https:\/\/www.youtube.com\/kooningstheweddingpalace"]}]}},"_links":{"self":[{"href":"https:\/\/www.koonings.com\/de\/wp-json\/wp\/v2\/product\/59897","targetHints":{"allow":["GET"]}}],"collection":[{"href":"https:\/\/www.koonings.com\/de\/wp-json\/wp\/v2\/product"}],"about":[{"href":"https:\/\/www.koonings.com\/de\/wp-json\/wp\/v2\/types\/product"}],"wp:featuredmedia":[{"embeddable":true,"href":"https:\/\/www.koonings.com\/de\/wp-json\/wp\/v2\/media\/55634"}],"wp:attachment":[{"href":"https:\/\/www.koonings.com\/de\/wp-json\/wp\/v2\/media?parent=59897"}],"wp:term":[{"taxonomy":"productdetails","embeddable":true,"href":"https:\/\/www.koonings.com\/de\/wp-json\/wp\/v2\/productdetails?post=59897"},{"taxonomy":"productneck","embeddable":true,"href":"https:\/\/www.koonings.com\/de\/wp-json\/wp\/v2\/productneck?post=59897"},{"taxonomy":"productcolor","embeddable":true,"href":"https:\/\/www.koonings.com\/de\/wp-json\/wp\/v2\/productcolor?post=59897"},{"taxonomy":"maat","embeddable":true,"href":"https:\/\/www.koonings.com\/de\/wp-json\/wp\/v2\/maat?post=59897"},{"taxonomy":"productsupplier","embeddable":true,"href":"https:\/\/www.koonings.com\/de\/wp-json\/wp\/v2\/productsupplier?post=59897"},{"taxonomy":"productsleeve","embeddable":true,"href":"https:\/\/www.koonings.com\/de\/wp-json\/wp\/v2\/productsleeve?post=59897"},{"taxonomy":"productcategory","embeddable":true,"href":"https:\/\/www.koonings.com\/de\/wp-json\/wp\/v2\/productcategory?post=59897"},{"taxonomy":"productsilhouette","embeddable":true,"href":"https:\/\/www.koonings.com\/de\/wp-json\/wp\/v2\/productsilhouette?post=59897"},{"taxonomy":"productstyle","embeddable":true,"href":"https:\/\/www.koonings.com\/de\/wp-json\/wp\/v2\/productstyle?post=59897"}],"curies":[{"name":"wp","href":"https:\/\/api.w.org\/{rel}","templated":true}]}}