{"id":59887,"date":"2026-05-06T15:28:36","date_gmt":"2026-05-06T13:28:36","guid":{"rendered":"https:\/\/www.koonings.com\/product\/marylise-isilda-1\/"},"modified":"2025-06-05T13:31:07","modified_gmt":"2025-06-05T11:31:07","slug":"marylise-isilda-1","status":"publish","type":"product","link":"https:\/\/www.koonings.com\/de\/product\/marylise-isilda-1\/","title":{"rendered":"Marylise Isilda\/1"},"content":{"rendered":"<p>Isilda ist ein raffiniertes Mikado-Kleid! Das Oberteil hat einen V-Ausschnitt mit einem St\u00fcck durchsichtigem Stoff in der Mitte und einen offenen R\u00fccken. Es ist um die Taille herum tailliert. Die Chiffon\u00e4rmel haben eine perlenbesetzte \u00d6ffnung an den R\u00e4ndern und Mikado-Manschetten, die mit Kn\u00f6pfen geschlossen werden. Der Rock hat Taschen und einen Kapellenfaltenwurf!    <\/p>\n","protected":false},"featured_media":55697,"template":"","meta":{"_acf_changed":false,"ghostkit_customizer_options":"","ghostkit_custom_css":"","ghostkit_custom_js_head":"","ghostkit_custom_js_foot":"","ghostkit_typography":""},"productdetails":[],"productneck":[],"productcolor":[],"maat":[],"productsupplier":[410],"productsleeve":[],"productcategory":[18],"productsilhouette":[],"productstyle":[364],"class_list":["post-59887","product","type-product","status-publish","has-post-thumbnail","hentry","productsupplier-marylise","productcategory-trouwjurken","productstyle-364"],"acf":[],"yoast_head":"<!-- This site is optimized with the Yoast SEO plugin v27.3 - https:\/\/yoast.com\/product\/yoast-seo-wordpress\/ -->\n<title>Marylise Isilda\/1 | Koonings<\/title>\n<meta name=\"description\" content=\"Isilda ist ein raffiniertes Mikado-Kleid! Das Oberteil hat einen V-Ausschnitt mit einem St\u00fcck durchsichtigem Stoff in der Mitte und einen offenen R\u00fccken. Es ist um die Taille herum tailliert. Die Chiffon\u00e4rmel haben eine perlenbesetzte \u00d6ffnung an den R\u00e4ndern und Mikado-Manschetten, die mit Kn\u00f6pfen geschlossen werden. Der Rock hat Taschen und einen Kapellenfaltenwurf!\" \/>\n<meta name=\"robots\" content=\"index, follow, max-snippet:-1, max-image-preview:large, max-video-preview:-1\" \/>\n<link rel=\"canonical\" href=\"https:\/\/www.koonings.com\/de\/product\/marylise-isilda-1\/\" \/>\n<meta property=\"og:locale\" content=\"de_DE\" \/>\n<meta property=\"og:type\" content=\"article\" \/>\n<meta property=\"og:title\" content=\"Marylise Isilda\/1 | Koonings\" \/>\n<meta property=\"og:description\" content=\"Isilda ist ein raffiniertes Mikado-Kleid! Das Oberteil hat einen V-Ausschnitt mit einem St\u00fcck durchsichtigem Stoff in der Mitte und einen offenen R\u00fccken. Es ist um die Taille herum tailliert. Die Chiffon\u00e4rmel haben eine perlenbesetzte \u00d6ffnung an den R\u00e4ndern und Mikado-Manschetten, die mit Kn\u00f6pfen geschlossen werden. Der Rock hat Taschen und einen Kapellenfaltenwurf!\" \/>\n<meta property=\"og:url\" content=\"https:\/\/www.koonings.com\/de\/product\/marylise-isilda-1\/\" \/>\n<meta property=\"og:site_name\" content=\"Koonings\" \/>\n<meta property=\"article:publisher\" content=\"https:\/\/www.facebook.com\/kooningstheweddingpalace\" \/>\n<meta property=\"og:image\" content=\"https:\/\/www.koonings.com\/wp-content\/uploads\/2024\/11\/49128_fdd4321bd0e201f617bd3dbf91b59fc652238021296a43fdae6771689e1892f6da6f5fa2-scaled.jpeg\" \/>\n\t<meta property=\"og:image:width\" content=\"1810\" \/>\n\t<meta property=\"og:image:height\" content=\"2560\" \/>\n\t<meta property=\"og:image:type\" content=\"image\/jpeg\" \/>\n<meta name=\"twitter:card\" content=\"summary_large_image\" \/>\n<script type=\"application\/ld+json\" class=\"yoast-schema-graph\">{\"@context\":\"https:\\\/\\\/schema.org\",\"@graph\":[{\"@type\":\"WebPage\",\"@id\":\"https:\\\/\\\/www.koonings.com\\\/de\\\/product\\\/marylise-isilda-1\\\/\",\"url\":\"https:\\\/\\\/www.koonings.com\\\/de\\\/product\\\/marylise-isilda-1\\\/\",\"name\":\"Marylise Isilda\\\/1 | Koonings\",\"isPartOf\":{\"@id\":\"https:\\\/\\\/www.koonings.com\\\/de\\\/#website\"},\"primaryImageOfPage\":{\"@id\":\"https:\\\/\\\/www.koonings.com\\\/de\\\/product\\\/marylise-isilda-1\\\/#primaryimage\"},\"image\":{\"@id\":\"https:\\\/\\\/www.koonings.com\\\/de\\\/product\\\/marylise-isilda-1\\\/#primaryimage\"},\"thumbnailUrl\":\"https:\\\/\\\/www.koonings.com\\\/wp-content\\\/uploads\\\/2024\\\/11\\\/49128_fdd4321bd0e201f617bd3dbf91b59fc652238021296a43fdae6771689e1892f6da6f5fa2-scaled.jpeg\",\"datePublished\":\"2026-05-06T13:28:36+00:00\",\"description\":\"Isilda ist ein raffiniertes Mikado-Kleid! Das Oberteil hat einen V-Ausschnitt mit einem St\u00fcck durchsichtigem Stoff in der Mitte und einen offenen R\u00fccken. Es ist um die Taille herum tailliert. Die Chiffon\u00e4rmel haben eine perlenbesetzte \u00d6ffnung an den R\u00e4ndern und Mikado-Manschetten, die mit Kn\u00f6pfen geschlossen werden. Der Rock hat Taschen und einen Kapellenfaltenwurf!\",\"breadcrumb\":{\"@id\":\"https:\\\/\\\/www.koonings.com\\\/de\\\/product\\\/marylise-isilda-1\\\/#breadcrumb\"},\"inLanguage\":\"de\",\"potentialAction\":[{\"@type\":\"ReadAction\",\"target\":[\"https:\\\/\\\/www.koonings.com\\\/de\\\/product\\\/marylise-isilda-1\\\/\"]}]},{\"@type\":\"ImageObject\",\"inLanguage\":\"de\",\"@id\":\"https:\\\/\\\/www.koonings.com\\\/de\\\/product\\\/marylise-isilda-1\\\/#primaryimage\",\"url\":\"https:\\\/\\\/www.koonings.com\\\/wp-content\\\/uploads\\\/2024\\\/11\\\/49128_fdd4321bd0e201f617bd3dbf91b59fc652238021296a43fdae6771689e1892f6da6f5fa2-scaled.jpeg\",\"contentUrl\":\"https:\\\/\\\/www.koonings.com\\\/wp-content\\\/uploads\\\/2024\\\/11\\\/49128_fdd4321bd0e201f617bd3dbf91b59fc652238021296a43fdae6771689e1892f6da6f5fa2-scaled.jpeg\",\"width\":1810,\"height\":2560},{\"@type\":\"BreadcrumbList\",\"@id\":\"https:\\\/\\\/www.koonings.com\\\/de\\\/product\\\/marylise-isilda-1\\\/#breadcrumb\",\"itemListElement\":[{\"@type\":\"ListItem\",\"position\":1,\"name\":\"Home\",\"item\":\"https:\\\/\\\/www.koonings.com\\\/de\\\/\"},{\"@type\":\"ListItem\",\"position\":2,\"name\":\"Marylise Isilda\\\/1\"}]},{\"@type\":\"WebSite\",\"@id\":\"https:\\\/\\\/www.koonings.com\\\/de\\\/#website\",\"url\":\"https:\\\/\\\/www.koonings.com\\\/de\\\/\",\"name\":\"Koonings\",\"description\":\"De grootste bruidsmodewinkel ter wereld\",\"publisher\":{\"@id\":\"https:\\\/\\\/www.koonings.com\\\/de\\\/#organization\"},\"potentialAction\":[{\"@type\":\"SearchAction\",\"target\":{\"@type\":\"EntryPoint\",\"urlTemplate\":\"https:\\\/\\\/www.koonings.com\\\/de\\\/?s={search_term_string}\"},\"query-input\":{\"@type\":\"PropertyValueSpecification\",\"valueRequired\":true,\"valueName\":\"search_term_string\"}}],\"inLanguage\":\"de\"},{\"@type\":\"Organization\",\"@id\":\"https:\\\/\\\/www.koonings.com\\\/de\\\/#organization\",\"name\":\"Koonings\",\"url\":\"https:\\\/\\\/www.koonings.com\\\/de\\\/\",\"logo\":{\"@type\":\"ImageObject\",\"inLanguage\":\"de\",\"@id\":\"https:\\\/\\\/www.koonings.com\\\/de\\\/#\\\/schema\\\/logo\\\/image\\\/\",\"url\":\"https:\\\/\\\/www.koonings.com\\\/wp-content\\\/uploads\\\/2024\\\/07\\\/logo.png\",\"contentUrl\":\"https:\\\/\\\/www.koonings.com\\\/wp-content\\\/uploads\\\/2024\\\/07\\\/logo.png\",\"width\":600,\"height\":428,\"caption\":\"Koonings\"},\"image\":{\"@id\":\"https:\\\/\\\/www.koonings.com\\\/de\\\/#\\\/schema\\\/logo\\\/image\\\/\"},\"sameAs\":[\"https:\\\/\\\/www.facebook.com\\\/kooningstheweddingpalace\",\"https:\\\/\\\/www.instagram.com\\\/kooningstheweddingpalace\",\"https:\\\/\\\/www.pinterest.com\\\/koonings\",\"https:\\\/\\\/www.youtube.com\\\/kooningstheweddingpalace\"]}]}<\/script>\n<!-- \/ Yoast SEO plugin. -->","yoast_head_json":{"title":"Marylise Isilda\/1 | Koonings","description":"Isilda ist ein raffiniertes Mikado-Kleid! Das Oberteil hat einen V-Ausschnitt mit einem St\u00fcck durchsichtigem Stoff in der Mitte und einen offenen R\u00fccken. Es ist um die Taille herum tailliert. Die Chiffon\u00e4rmel haben eine perlenbesetzte \u00d6ffnung an den R\u00e4ndern und Mikado-Manschetten, die mit Kn\u00f6pfen geschlossen werden. Der Rock hat Taschen und einen Kapellenfaltenwurf!","robots":{"index":"index","follow":"follow","max-snippet":"max-snippet:-1","max-image-preview":"max-image-preview:large","max-video-preview":"max-video-preview:-1"},"canonical":"https:\/\/www.koonings.com\/de\/product\/marylise-isilda-1\/","og_locale":"de_DE","og_type":"article","og_title":"Marylise Isilda\/1 | Koonings","og_description":"Isilda ist ein raffiniertes Mikado-Kleid! Das Oberteil hat einen V-Ausschnitt mit einem St\u00fcck durchsichtigem Stoff in der Mitte und einen offenen R\u00fccken. Es ist um die Taille herum tailliert. Die Chiffon\u00e4rmel haben eine perlenbesetzte \u00d6ffnung an den R\u00e4ndern und Mikado-Manschetten, die mit Kn\u00f6pfen geschlossen werden. Der Rock hat Taschen und einen Kapellenfaltenwurf!","og_url":"https:\/\/www.koonings.com\/de\/product\/marylise-isilda-1\/","og_site_name":"Koonings","article_publisher":"https:\/\/www.facebook.com\/kooningstheweddingpalace","og_image":[{"width":1810,"height":2560,"url":"https:\/\/www.koonings.com\/wp-content\/uploads\/2024\/11\/49128_fdd4321bd0e201f617bd3dbf91b59fc652238021296a43fdae6771689e1892f6da6f5fa2-scaled.jpeg","type":"image\/jpeg"}],"twitter_card":"summary_large_image","schema":{"@context":"https:\/\/schema.org","@graph":[{"@type":"WebPage","@id":"https:\/\/www.koonings.com\/de\/product\/marylise-isilda-1\/","url":"https:\/\/www.koonings.com\/de\/product\/marylise-isilda-1\/","name":"Marylise Isilda\/1 | Koonings","isPartOf":{"@id":"https:\/\/www.koonings.com\/de\/#website"},"primaryImageOfPage":{"@id":"https:\/\/www.koonings.com\/de\/product\/marylise-isilda-1\/#primaryimage"},"image":{"@id":"https:\/\/www.koonings.com\/de\/product\/marylise-isilda-1\/#primaryimage"},"thumbnailUrl":"https:\/\/www.koonings.com\/wp-content\/uploads\/2024\/11\/49128_fdd4321bd0e201f617bd3dbf91b59fc652238021296a43fdae6771689e1892f6da6f5fa2-scaled.jpeg","datePublished":"2026-05-06T13:28:36+00:00","description":"Isilda ist ein raffiniertes Mikado-Kleid! Das Oberteil hat einen V-Ausschnitt mit einem St\u00fcck durchsichtigem Stoff in der Mitte und einen offenen R\u00fccken. Es ist um die Taille herum tailliert. Die Chiffon\u00e4rmel haben eine perlenbesetzte \u00d6ffnung an den R\u00e4ndern und Mikado-Manschetten, die mit Kn\u00f6pfen geschlossen werden. Der Rock hat Taschen und einen Kapellenfaltenwurf!","breadcrumb":{"@id":"https:\/\/www.koonings.com\/de\/product\/marylise-isilda-1\/#breadcrumb"},"inLanguage":"de","potentialAction":[{"@type":"ReadAction","target":["https:\/\/www.koonings.com\/de\/product\/marylise-isilda-1\/"]}]},{"@type":"ImageObject","inLanguage":"de","@id":"https:\/\/www.koonings.com\/de\/product\/marylise-isilda-1\/#primaryimage","url":"https:\/\/www.koonings.com\/wp-content\/uploads\/2024\/11\/49128_fdd4321bd0e201f617bd3dbf91b59fc652238021296a43fdae6771689e1892f6da6f5fa2-scaled.jpeg","contentUrl":"https:\/\/www.koonings.com\/wp-content\/uploads\/2024\/11\/49128_fdd4321bd0e201f617bd3dbf91b59fc652238021296a43fdae6771689e1892f6da6f5fa2-scaled.jpeg","width":1810,"height":2560},{"@type":"BreadcrumbList","@id":"https:\/\/www.koonings.com\/de\/product\/marylise-isilda-1\/#breadcrumb","itemListElement":[{"@type":"ListItem","position":1,"name":"Home","item":"https:\/\/www.koonings.com\/de\/"},{"@type":"ListItem","position":2,"name":"Marylise Isilda\/1"}]},{"@type":"WebSite","@id":"https:\/\/www.koonings.com\/de\/#website","url":"https:\/\/www.koonings.com\/de\/","name":"Koonings","description":"De grootste bruidsmodewinkel ter wereld","publisher":{"@id":"https:\/\/www.koonings.com\/de\/#organization"},"potentialAction":[{"@type":"SearchAction","target":{"@type":"EntryPoint","urlTemplate":"https:\/\/www.koonings.com\/de\/?s={search_term_string}"},"query-input":{"@type":"PropertyValueSpecification","valueRequired":true,"valueName":"search_term_string"}}],"inLanguage":"de"},{"@type":"Organization","@id":"https:\/\/www.koonings.com\/de\/#organization","name":"Koonings","url":"https:\/\/www.koonings.com\/de\/","logo":{"@type":"ImageObject","inLanguage":"de","@id":"https:\/\/www.koonings.com\/de\/#\/schema\/logo\/image\/","url":"https:\/\/www.koonings.com\/wp-content\/uploads\/2024\/07\/logo.png","contentUrl":"https:\/\/www.koonings.com\/wp-content\/uploads\/2024\/07\/logo.png","width":600,"height":428,"caption":"Koonings"},"image":{"@id":"https:\/\/www.koonings.com\/de\/#\/schema\/logo\/image\/"},"sameAs":["https:\/\/www.facebook.com\/kooningstheweddingpalace","https:\/\/www.instagram.com\/kooningstheweddingpalace","https:\/\/www.pinterest.com\/koonings","https:\/\/www.youtube.com\/kooningstheweddingpalace"]}]}},"_links":{"self":[{"href":"https:\/\/www.koonings.com\/de\/wp-json\/wp\/v2\/product\/59887","targetHints":{"allow":["GET"]}}],"collection":[{"href":"https:\/\/www.koonings.com\/de\/wp-json\/wp\/v2\/product"}],"about":[{"href":"https:\/\/www.koonings.com\/de\/wp-json\/wp\/v2\/types\/product"}],"wp:featuredmedia":[{"embeddable":true,"href":"https:\/\/www.koonings.com\/de\/wp-json\/wp\/v2\/media\/55697"}],"wp:attachment":[{"href":"https:\/\/www.koonings.com\/de\/wp-json\/wp\/v2\/media?parent=59887"}],"wp:term":[{"taxonomy":"productdetails","embeddable":true,"href":"https:\/\/www.koonings.com\/de\/wp-json\/wp\/v2\/productdetails?post=59887"},{"taxonomy":"productneck","embeddable":true,"href":"https:\/\/www.koonings.com\/de\/wp-json\/wp\/v2\/productneck?post=59887"},{"taxonomy":"productcolor","embeddable":true,"href":"https:\/\/www.koonings.com\/de\/wp-json\/wp\/v2\/productcolor?post=59887"},{"taxonomy":"maat","embeddable":true,"href":"https:\/\/www.koonings.com\/de\/wp-json\/wp\/v2\/maat?post=59887"},{"taxonomy":"productsupplier","embeddable":true,"href":"https:\/\/www.koonings.com\/de\/wp-json\/wp\/v2\/productsupplier?post=59887"},{"taxonomy":"productsleeve","embeddable":true,"href":"https:\/\/www.koonings.com\/de\/wp-json\/wp\/v2\/productsleeve?post=59887"},{"taxonomy":"productcategory","embeddable":true,"href":"https:\/\/www.koonings.com\/de\/wp-json\/wp\/v2\/productcategory?post=59887"},{"taxonomy":"productsilhouette","embeddable":true,"href":"https:\/\/www.koonings.com\/de\/wp-json\/wp\/v2\/productsilhouette?post=59887"},{"taxonomy":"productstyle","embeddable":true,"href":"https:\/\/www.koonings.com\/de\/wp-json\/wp\/v2\/productstyle?post=59887"}],"curies":[{"name":"wp","href":"https:\/\/api.w.org\/{rel}","templated":true}]}}